{"id":11,"date":"2019-01-14T16:03:41","date_gmt":"2019-01-14T15:03:41","guid":{"rendered":"https:\/\/www.ordesamonteperdido.com\/de\/?page_id=11"},"modified":"2023-05-17T12:17:15","modified_gmt":"2023-05-17T10:17:15","slug":"impressum","status":"publish","type":"page","link":"https:\/\/www.ordesamonteperdido.com\/de\/impressum\/","title":{"rendered":"Impressum"},"content":{"rendered":"<p>Zweck dieser Website ist es, informative Inhalte zur Verf\u00fcgung zu stellen, um einen Kanal f\u00fcr Informationen, Meinungen und Zusammenarbeit f\u00fcr die Benutzer zu schaffen.<\/p>\n<p><strong>Diese Website enth\u00e4lt Werbung von Google Adsense:<\/strong><br \/>\nGoogle verwendet Cookies, um Anzeigen auf dieser Website zu schalten. Benutzer k\u00f6nnen die Verwendung des DART-Cookies \u00fcber die Anzeigeneinstellungen von Google deaktivieren und die <a href=\"http:\/\/www.google.de\/intl\/de\/policies\/privacy\/partners\/\" rel=\"noopener nofollow\">Datenschutzrichtlinien des Werbenetzwerks<\/a> aufrufen. Google verwendet Partner-Werbenetzwerke, um Anzeigen zu schalten, wenn Sie unsere Website besuchen. Diese Unternehmen k\u00f6nnen Informationen aus Ihren Besuchen auf dieser und anderen Websites verwenden (ohne Ihren Namen, Ihre Adresse, E-Mail-Adresse oder Telefonnummer) und Ihnen Anzeigen zu Produkten und Dienstleistungen anzeigen, die f\u00fcr Sie von Interesse sein k\u00f6nnten. Weitere Informationen zu dieser Praxis und Ihren M\u00f6glichkeiten, zu verhindern, dass diese Unternehmen diese Informationen verwenden, finden Sie <a href=\"http:\/\/www.google.de\/intl\/de\/policies\/privacy\/partners\/\" rel=\"noopener nofollow\">hier<\/a>.<\/p>\n<p><strong>Links zu Dritten<\/strong><br \/>\nordesamonteperdido.de garantiert nicht die Rechtm\u00e4\u00dfigkeit, Zuverl\u00e4ssigkeit und N\u00fctzlichkeit der von Dritten \u00fcber diese Website erbrachten Dienstleistungen, f\u00fcr die ordesamonteperdido.de nur als Werbemittel oder Vermittler von Dienstleistungen fungiert, und \u00fcbernimmt keine Verantwortung f\u00fcr Sch\u00e4den jeglicher Art, die durch von Dritten \u00fcber diese Website erbrachte Dienstleistungen verursacht werden.<strong><br \/>\n<\/strong><\/p>\n<p><strong>Haftungsausschluss<\/strong><br \/>\nordesamonteperdido.de garantiert nicht die Rechtm\u00e4\u00dfigkeit, Zuverl\u00e4ssigkeit, N\u00fctzlichkeit, Wahrheit oder Genauigkeit der \u00fcber die Website verbreiteten Dienstleistungen oder Informationen.<\/p>\n<p>Daher \u00fcbernimmt ordesamonteperdido.de keine Gew\u00e4hrleistung oder Haftung f\u00fcr: (i) die Kontinuit\u00e4t der Inhalte der Website; (ii) das Fehlen von Fehlern in solchen Inhalten oder die Korrektur etwaiger auftretender M\u00e4ngel; (iii) das Fehlen von Viren und\/oder anderen sch\u00e4dlichen Komponenten auf der Website oder auf dem Server, der sie bereitstellt; (iv) die Unverwundbarkeit der Website und\/oder die Un\u00fcberwindlichkeit der ergriffenen Sicherheitsma\u00dfnahmen; (v) das Fehlen von Nutzen oder Leistung der Inhalte der Website; (vi) die Sch\u00e4den, die einer Person oder einem Dritten durch Verletzung der von oordesamonteperdido.de auf der Website festgelegten Bedingungen, Regeln und Anweisungen oder durch Verletzung der Sicherheitssysteme der Website entstehen.<\/p>\n<p>ordesamonteperdido.de erkl\u00e4rt jedoch, dass alle erforderlichen Ma\u00dfnahmen im Rahmen ihrer M\u00f6glichkeiten und des technischen Standes ergriffen wurden, um den Betrieb der Website zu gew\u00e4hrleisten und die Existenz und \u00dcbertragung von Viren und anderen sch\u00e4dlichen Komponenten auf die Benutzer zu verhindern.<\/p>\n<p><strong>Dauer und \u00c4nderung<\/strong><br \/>\nordesamonteperdido.de kann die hier festgelegten Bedingungen ganz oder teilweise \u00e4ndern, indem es \u00c4nderungen in derselben Form ver\u00f6ffentlicht, in der diese allgemeinen Bedingungen erscheinen, oder durch jede Art von Kommunikation an die Benutzer. ordesamonteperdido.de kann jederzeit ohne vorherige Ank\u00fcndigung den Zugang zu den Inhalten der Seite beenden, aussetzen oder unterbrechen, ohne dass der Benutzer Anspruch auf eine Entsch\u00e4digung hat.<\/p>\n","protected":false},"excerpt":{"rendered":"<p>Zweck dieser Website ist es, informative Inhalte zur Verf\u00fcgung zu stellen, um einen Kanal f\u00fcr Informationen, Meinungen und Zusammenarbeit f\u00fcr die Benutzer zu schaffen. Diese Website enth\u00e4lt Werbung von Google Adsense: Google verwendet Cookies,&#46;&#46;&#46;<\/p>\n","protected":false},"author":2,"featured_media":0,"parent":0,"menu_order":0,"comment_status":"closed","ping_status":"closed","template":"","meta":{"footnotes":""},"yoast_head":"<!-- This site is optimized with the Yoast SEO plugin v20.1 - https:\/\/yoast.com\/wordpress\/plugins\/seo\/ -->\n<title>Impressum<\/title>\n<meta name=\"description\" content=\"Zweck dieser Website ist es, informative Inhalte zur Verf\u00fcgung zu stellen, um einen Kanal f\u00fcr Informationen, Meinungen und Zusammenarbeit f\u00fcr die Benutzer\" \/>\n<meta name=\"robots\" content=\"noindex, follow\" \/>\n<meta property=\"og:locale\" content=\"de_DE\" \/>\n<meta property=\"og:type\" content=\"article\" \/>\n<meta property=\"og:title\" content=\"Impressum\" \/>\n<meta property=\"og:description\" content=\"Zweck dieser Website ist es, informative Inhalte zur Verf\u00fcgung zu stellen, um einen Kanal f\u00fcr Informationen, Meinungen und Zusammenarbeit f\u00fcr die Benutzer\" \/>\n<meta property=\"og:url\" content=\"https:\/\/www.ordesamonteperdido.com\/de\/impressum\/\" \/>\n<meta property=\"og:site_name\" content=\"Ordesa und Monte Perdido\" \/>\n<meta property=\"article:modified_time\" content=\"2023-05-17T10:17:15+00:00\" \/>\n<meta name=\"twitter:card\" content=\"summary_large_image\" \/>\n<meta name=\"twitter:label1\" content=\"Tiempo de lectura\" \/>\n\t<meta name=\"twitter:data1\" content=\"2 minutos\" \/>\n<script type=\"application\/ld+json\" class=\"yoast-schema-graph\">{\"@context\":\"https:\/\/schema.org\",\"@graph\":[{\"@type\":\"WebPage\",\"@id\":\"https:\/\/www.ordesamonteperdido.com\/de\/impressum\/\",\"url\":\"https:\/\/www.ordesamonteperdido.com\/de\/impressum\/\",\"name\":\"Impressum\",\"isPartOf\":{\"@id\":\"https:\/\/www.ordesamonteperdido.com\/de\/#website\"},\"datePublished\":\"2019-01-14T15:03:41+00:00\",\"dateModified\":\"2023-05-17T10:17:15+00:00\",\"description\":\"Zweck dieser Website ist es, informative Inhalte zur Verf\u00fcgung zu stellen, um einen Kanal f\u00fcr Informationen, Meinungen und Zusammenarbeit f\u00fcr die Benutzer\",\"breadcrumb\":{\"@id\":\"https:\/\/www.ordesamonteperdido.com\/de\/impressum\/#breadcrumb\"},\"inLanguage\":\"de\",\"potentialAction\":[{\"@type\":\"ReadAction\",\"target\":[\"https:\/\/www.ordesamonteperdido.com\/de\/impressum\/\"]}]},{\"@type\":\"BreadcrumbList\",\"@id\":\"https:\/\/www.ordesamonteperdido.com\/de\/impressum\/#breadcrumb\",\"itemListElement\":[{\"@type\":\"ListItem\",\"position\":1,\"name\":\"Portada\",\"item\":\"https:\/\/www.ordesamonteperdido.com\/de\/\"},{\"@type\":\"ListItem\",\"position\":2,\"name\":\"Impressum\"}]},{\"@type\":\"WebSite\",\"@id\":\"https:\/\/www.ordesamonteperdido.com\/de\/#website\",\"url\":\"https:\/\/www.ordesamonteperdido.com\/de\/\",\"name\":\"Ordesa und Monte Perdido\",\"description\":\"Tourismus, Unterk\u00fcnfte, Wanderwege und F\u00fchrungen.\",\"publisher\":{\"@id\":\"https:\/\/www.ordesamonteperdido.com\/de\/#organization\"},\"potentialAction\":[{\"@type\":\"SearchAction\",\"target\":{\"@type\":\"EntryPoint\",\"urlTemplate\":\"https:\/\/www.ordesamonteperdido.com\/de\/?s={search_term_string}\"},\"query-input\":\"required name=search_term_string\"}],\"inLanguage\":\"de\"},{\"@type\":\"Organization\",\"@id\":\"https:\/\/www.ordesamonteperdido.com\/de\/#organization\",\"name\":\"Ordesa und Monte Perdido\",\"url\":\"https:\/\/www.ordesamonteperdido.com\/de\/\",\"logo\":{\"@type\":\"ImageObject\",\"inLanguage\":\"de\",\"@id\":\"https:\/\/www.ordesamonteperdido.com\/de\/#\/schema\/logo\/image\/\",\"url\":\"\",\"contentUrl\":\"\",\"caption\":\"Ordesa und Monte Perdido\"},\"image\":{\"@id\":\"https:\/\/www.ordesamonteperdido.com\/de\/#\/schema\/logo\/image\/\"}}]}<\/script>\n<!-- \/ Yoast SEO plugin. -->","yoast_head_json":{"title":"Impressum","description":"Zweck dieser Website ist es, informative Inhalte zur Verf\u00fcgung zu stellen, um einen Kanal f\u00fcr Informationen, Meinungen und Zusammenarbeit f\u00fcr die Benutzer","robots":{"index":"noindex","follow":"follow"},"og_locale":"de_DE","og_type":"article","og_title":"Impressum","og_description":"Zweck dieser Website ist es, informative Inhalte zur Verf\u00fcgung zu stellen, um einen Kanal f\u00fcr Informationen, Meinungen und Zusammenarbeit f\u00fcr die Benutzer","og_url":"https:\/\/www.ordesamonteperdido.com\/de\/impressum\/","og_site_name":"Ordesa und Monte Perdido","article_modified_time":"2023-05-17T10:17:15+00:00","twitter_card":"summary_large_image","twitter_misc":{"Tiempo de lectura":"2 minutos"},"schema":{"@context":"https:\/\/schema.org","@graph":[{"@type":"WebPage","@id":"https:\/\/www.ordesamonteperdido.com\/de\/impressum\/","url":"https:\/\/www.ordesamonteperdido.com\/de\/impressum\/","name":"Impressum","isPartOf":{"@id":"https:\/\/www.ordesamonteperdido.com\/de\/#website"},"datePublished":"2019-01-14T15:03:41+00:00","dateModified":"2023-05-17T10:17:15+00:00","description":"Zweck dieser Website ist es, informative Inhalte zur Verf\u00fcgung zu stellen, um einen Kanal f\u00fcr Informationen, Meinungen und Zusammenarbeit f\u00fcr die Benutzer","breadcrumb":{"@id":"https:\/\/www.ordesamonteperdido.com\/de\/impressum\/#breadcrumb"},"inLanguage":"de","potentialAction":[{"@type":"ReadAction","target":["https:\/\/www.ordesamonteperdido.com\/de\/impressum\/"]}]},{"@type":"BreadcrumbList","@id":"https:\/\/www.ordesamonteperdido.com\/de\/impressum\/#breadcrumb","itemListElement":[{"@type":"ListItem","position":1,"name":"Portada","item":"https:\/\/www.ordesamonteperdido.com\/de\/"},{"@type":"ListItem","position":2,"name":"Impressum"}]},{"@type":"WebSite","@id":"https:\/\/www.ordesamonteperdido.com\/de\/#website","url":"https:\/\/www.ordesamonteperdido.com\/de\/","name":"Ordesa und Monte Perdido","description":"Tourismus, Unterk\u00fcnfte, Wanderwege und F\u00fchrungen.","publisher":{"@id":"https:\/\/www.ordesamonteperdido.com\/de\/#organization"},"potentialAction":[{"@type":"SearchAction","target":{"@type":"EntryPoint","urlTemplate":"https:\/\/www.ordesamonteperdido.com\/de\/?s={search_term_string}"},"query-input":"required name=search_term_string"}],"inLanguage":"de"},{"@type":"Organization","@id":"https:\/\/www.ordesamonteperdido.com\/de\/#organization","name":"Ordesa und Monte Perdido","url":"https:\/\/www.ordesamonteperdido.com\/de\/","logo":{"@type":"ImageObject","inLanguage":"de","@id":"https:\/\/www.ordesamonteperdido.com\/de\/#\/schema\/logo\/image\/","url":"","contentUrl":"","caption":"Ordesa und Monte Perdido"},"image":{"@id":"https:\/\/www.ordesamonteperdido.com\/de\/#\/schema\/logo\/image\/"}}]}},"_links":{"self":[{"href":"https:\/\/www.ordesamonteperdido.com\/de\/wp-json\/wp\/v2\/pages\/11"}],"collection":[{"href":"https:\/\/www.ordesamonteperdido.com\/de\/wp-json\/wp\/v2\/pages"}],"about":[{"href":"https:\/\/www.ordesamonteperdido.com\/de\/wp-json\/wp\/v2\/types\/page"}],"author":[{"embeddable":true,"href":"https:\/\/www.ordesamonteperdido.com\/de\/wp-json\/wp\/v2\/users\/2"}],"replies":[{"embeddable":true,"href":"https:\/\/www.ordesamonteperdido.com\/de\/wp-json\/wp\/v2\/comments?post=11"}],"version-history":[{"count":0,"href":"https:\/\/www.ordesamonteperdido.com\/de\/wp-json\/wp\/v2\/pages\/11\/revisions"}],"wp:attachment":[{"href":"https:\/\/www.ordesamonteperdido.com\/de\/wp-json\/wp\/v2\/media?parent=11"}],"curies":[{"name":"wp","href":"https:\/\/api.w.org\/{rel}","templated":true}]}}