{"id":13,"date":"2019-01-14T16:04:19","date_gmt":"2019-01-14T15:04:19","guid":{"rendered":"https:\/\/www.ordesamonteperdido.com\/de\/?page_id=13"},"modified":"2023-05-17T12:22:20","modified_gmt":"2023-05-17T10:22:20","slug":"cookies","status":"publish","type":"page","link":"https:\/\/www.ordesamonteperdido.com\/de\/cookies\/","title":{"rendered":"Datenschutz- und Cookie-Richtlinie"},"content":{"rendered":"<h2>1. NUTZUNGSBEDINGUNGEN DES BLOGS<\/h2>\n<p>Die Hauptzweck der Website ordesamonteperdido.de besteht darin, Artikel, Nachrichten und Reisef\u00fchrer zu ver\u00f6ffentlichen sowie die Dienstleistungen des Eigent\u00fcmers zu bewerben. Die Website hat derzeit einen kostenlosen und frei zug\u00e4nglichen Charakter f\u00fcr ihre Benutzer, ohne dass der Eigent\u00fcmer das Recht hat, diese Bedingungen zu \u00e4ndern, deren rechtliche Bestimmungen angemessen dargelegt werden.<br \/>\nJede Person, die auf die Website zugreift, gilt als Benutzer im Sinne dieser Website und \u00fcbernimmt zu diesem Zeitpunkt die Benutzerrolle, die zwangsl\u00e4ufig die Verpflichtung zur Einhaltung dieser Nutzungsbedingungen sowie aller anwendbaren Vorschriften mit sich bringt.<\/p>\n<p>Der Eigent\u00fcmer der Website beh\u00e4lt sich das Recht vor, alle Arten von Informationen auf der Website zu \u00e4ndern, ohne die Verpflichtung zur Vorank\u00fcndigung oder Mitteilung dieser \u00c4nderungen an die Benutzer. Es wird davon ausgegangen, dass die Ver\u00f6ffentlichung auf der Website ausreichend ist.<\/p>\n<h2>2. BEHANDLUNG PERSONENBEZOGENER DATEN UND DATENSCHUTZPOLITIK<\/h2>\n<p>Diese Website erf\u00fcllt die spanischen Vorschriften zum Schutz personenbezogener Daten und gew\u00e4hrleistet die vollst\u00e4ndige Einhaltung der geltenden Verpflichtungen sowie die Umsetzung der Sicherheitsma\u00dfnahmen gem\u00e4\u00df Artikel 9 des spanischen Datenschutzgesetzes 15\/1999 (LOPD) und der Durchf\u00fchrungsverordnung zum LOPD 1720\/2007.<br \/>\nDie Benutzer erkl\u00e4ren sich ausdr\u00fccklich und freiwillig damit einverstanden, dass ihre personenbezogenen Daten vor dem Absenden ihrer Informationsanfrage \u00fcber das Kontaktformular zur Bearbeitung von Anfragen jeglicher Art verwendet werden, die \u00fcber die bereitgestellten Kontaktformulare auf dieser Website eingereicht werden.<\/p>\n<p>Dar\u00fcber hinaus kann Ihre E-Mail-Adresse verwendet werden, um den Newsletter der Website sowie kommerzielle Mitteilungen \u00fcber Dienstleistungen, die f\u00fcr Sie von Interesse sein k\u00f6nnten, zu versenden.<\/p>\n<p><strong>3. HAFTUNG<\/strong><br \/>\nDer Inhaber dieser Website lehnt jegliche Verantwortung f\u00fcr die auf seiner Website ver\u00f6ffentlichten Informationen ab, sofern diese Informationen von einer dritten Partei manipuliert oder eingef\u00fchrt wurden.<\/p>\n<p>Der Inhaber der Website \u00fcbernimmt auch keine Verantwortung f\u00fcr Programmierfehler oder das Vorliegen von h\u00f6herer Gewalt oder \u00e4hnlichen Umst\u00e4nden, die au\u00dferhalb des Willens des Eigent\u00fcmers liegen und den Zugriff auf die Website unm\u00f6glich machen.<\/p>\n<p><strong>4. SOZIALE NETZWERKE, BLOGS UND COMMUNITIES<\/strong><br \/>\nDer Inhaber des Blogs beh\u00e4lt sich die Nutzung von sozialen Netzwerken und virtuellen Gemeinschaften vor und nutzt derzeit Twitter, Instagram, Facebook und Disqus, ohne dass der Website-Inhaber in Zukunft weitere verwenden kann.<\/p>\n<p>Die spezifischen Ziele, f\u00fcr die diese Medien genutzt werden, sind die mediale Unterst\u00fctzung und Verbreitung von Inhalten.<\/p>\n<p>In Bezug auf die Informationen der Inhalte in sozialen Netzwerken \u00fcbernimmt der Website-Inhaber keine Verantwortung f\u00fcr die Wahrhaftigkeit, Genauigkeit, Angemessenheit, Eignung und Aktualit\u00e4t der bereitgestellten Informationen.<\/p>\n<p>Die Inhalte in sozialen Netzwerken dienen ausschlie\u00dflich Informationszwecken. Der Website-Inhaber ist daher nicht verantwortlich f\u00fcr die Handlungen und Meinungen der Benutzer aufgrund dieser Informationen sowie f\u00fcr Sch\u00e4den, die den Benutzern oder Dritten aufgrund dieser Informationen entstehen.<\/p>\n<p>Auf der Website wird versucht, die Qualit\u00e4t der Seite durch die Berichtigung von Fehlern in den erhaltenen Daten zu f\u00f6rdern. Dar\u00fcber hinaus erm\u00f6glicht es anderen Benutzern, Beschwerden \u00fcber beleidigende und unangebrachte Kommentare, die nicht mit den behandelten Themen, ver\u00f6ffentlichten Fotos oder Videos in Verbindung stehen, zu melden. In solchen F\u00e4llen hat der Website-Inhaber als Administrator der sozialen Netzwerke das Recht, Informationen zu l\u00f6schen, die nicht dem Zweck der sozialen Netzwerke entsprechen. Trotz des Bem\u00fchens um h\u00f6chste Qualit\u00e4t der Inhalte \u00fcbernimmt der Inhaber keine Verantwortung f\u00fcr die genannten Informationen.<\/p>\n<p><strong>5. \u00c4NDERUNGEN UND AKTUALISIERUNGEN<\/strong><br \/>\nAufgrund der Natur dieser Website beh\u00e4lt sich der Inhaber das Recht vor, jederzeit und ohne vorherige Ank\u00fcndigung \u00c4nderungen und Aktualisierungen an den enthaltenen Informationen sowie an der Konfiguration, dem Design und der Verf\u00fcgbarkeit der Website vorzunehmen.<\/p>\n<p><strong>6. GESPONSERTE ANZEIGEN, AFFILIATE-LINKS UND WERBUNG<\/strong><br \/>\nDiese Website bietet den Benutzern gesponserte Inhalte, Anzeigen und\/oder Affiliate-Links.<\/p>\n<h3>Affiliate-Links<\/h3>\n<p>Wir verwenden Affiliate-Links f\u00fcr Produkte und Dienstleistungen auf unserer Website, wenn es f\u00fcr den Benutzer notwendig und n\u00fctzlich ist. Diese Links werden nur verwendet, nachdem die angegebenen Artikel verwendet oder die entsprechenden Tests durchgef\u00fchrt wurden, um ihre Merkmale und Funktionalit\u00e4t zu bewerten und ihre Qualit\u00e4t sicherzustellen. Wir f\u00fcgen keine Affiliate-Links hinzu, die nicht den zuvor beschriebenen Bedingungen entsprechen. Einige der Affiliate-Links sind mit einem Sternchen (*) gekennzeichnet.<\/p>\n<h3>Affiliate-Programme<\/h3>\n<p>Unter den bereitgestellten Links besteht die M\u00f6glichkeit, Produkte und\/oder Dienstleistungen und\/oder Infoprodukte zu informieren und zu verweisen. In solchen F\u00e4llen wird die Anfrage an Dritte weitergeleitet, wie zum Beispiel:<\/p>\n<ul>\n<li>Amazon, https:\/\/afiliados.amazon.es<\/li>\n<\/ul>\n<h3>Anzeigen und Affiliate-Links<\/h3>\n<p>Die Informationen in den Affiliate-Links oder den eingef\u00fcgten Anzeigen werden von den Werbetreibenden selbst bereitgestellt. Daher \u00fcbernehmen wir keine Verantwortung f\u00fcr m\u00f6gliche Ungenauigkeiten oder Fehler in den Anzeigen und garantieren in keiner Weise die Erfahrung, Integrit\u00e4t oder Verantwortung der Werbetreibenden oder die Qualit\u00e4t ihrer Produkte.<\/p>\n<p>Die Anzeigen bleiben auf der Website ver\u00f6ffentlicht, bis sie vom Inserenten oder von uns gel\u00f6scht oder ausgesetzt werden. Wir \u00fcbernehmen keine Verantwortung, sobald sie aus unseren Datenbanken gel\u00f6scht wurden und die Anzeigen weiterhin in Suchmaschinen indexiert sind, die nicht zu dieser Website geh\u00f6ren.<\/p>\n<h3>Beziehung zwischen Benutzer und Inserenten \/ Partnerprogramme \/ Dritte<\/h3>\n<p>Jede vertragliche oder au\u00dfervertragliche Beziehung, die der Benutzer mit den Inserenten, Partnerprogrammen oder Dritten \u00fcber dieses Portal eingeht, wird ausschlie\u00dflich zwischen dem Benutzer und dem Inserenten oder der Drittperson vereinbart. Der Benutzer wei\u00df und akzeptiert, dass wir nur als Werbemittel fungieren und daher keine Verantwortung f\u00fcr Sch\u00e4den oder Verluste jeglicher Art \u00fcbernehmen, die im Zusammenhang mit Verhandlungen, Gespr\u00e4chen oder vertraglichen oder au\u00dfervertraglichen Beziehungen zwischen dem Benutzer und den Inserenten oder Dritten entstehen k\u00f6nnen.<br \/>\nSicherheitsma\u00dfnahmen<\/p>\n<p>Die vom Benutzer \u00fcbermittelten personenbezogenen Daten k\u00f6nnen in automatisierten oder nicht automatisierten Datenbanken gespeichert werden, deren alleiniges Eigentum bei uns liegt. Wir ergreifen alle technischen, organisatorischen und Sicherheitsma\u00dfnahmen, um die Vertraulichkeit, Integrit\u00e4t und Qualit\u00e4t der darin enthaltenen Informationen gem\u00e4\u00df den geltenden Datenschutzbestimmungen zu gew\u00e4hrleisten. Die Kommunikation zwischen Benutzern und unserer Website erfolgt \u00fcber einen sicheren Kanal, und die \u00fcbermittelten Daten werden durch HTTPS-Protokolle verschl\u00fcsselt. Damit gew\u00e4hrleisten wir die bestm\u00f6glichen Sicherheitsbedingungen, um die Vertraulichkeit der Benutzer zu gew\u00e4hrleisten.<\/p>\n<h3>Haftungsausschluss<\/h3>\n<p>Wir k\u00f6nnen die dauerhafte Verf\u00fcgbarkeit des von dieser Website angebotenen Dienstes nicht garantieren und \u00fcbernehmen keine Verantwortung f\u00fcr Sch\u00e4den oder Verluste, die in der Zukunft entstehen k\u00f6nnen. Ebenso haften wir nicht f\u00fcr technische M\u00e4ngel jeglicher Art, die sich aus der Nutzung der auf dieser Website enthaltenen Informationen ergeben.<br \/>\nIm Falle eines Cyberangriffs \u00fcbernehmen wir keine Verantwortung f\u00fcr Fehler in den bereitgestellten Informationen sowie f\u00fcr Sch\u00e4den, die durch die Nutzung der aus solchen Fehlern resultierenden Informationen verursacht werden.<\/p>\n<p>Der Inhalt dieser Website dient nur zu Informationszwecken. Wir \u00fcbernehmen keine Verantwortung f\u00fcr m\u00f6gliche Fehler in der Pr\u00e4sentation. Wenn Sie detailliertere Informationen w\u00fcnschen, k\u00f6nnen Sie uns per E-Mail kontaktieren.<\/p>\n<p>Wir \u00fcberpr\u00fcfen den Inhalt von externen Seiten oder Links nicht und gehen davon aus, dass sie in gutem Glauben den geltenden Gesetzen entsprechen. Daher \u00fcbernehmen wir keine Solidarit\u00e4t, Zustimmung oder Verantwortung f\u00fcr den Inhalt verlinkter Seiten oder deren Inhalte, deren Inhaber die alleinige Verantwortung daf\u00fcr tragen und somit v\u00f6llig unabh\u00e4ngig von uns sind. Wenn wir es f\u00fcr angemessen halten oder von den zust\u00e4ndigen Beh\u00f6rden dazu aufgefordert werden, werden wir externe Links entfernen, die gegen geltendes Recht versto\u00dfen und\/oder die Rechte Dritter beeintr\u00e4chtigen.<\/p>\n<h2>7. Sicherheitsma\u00dfnahmen<\/h2>\n<p>Die vom Benutzer \u00fcbermittelten personenbezogenen Daten k\u00f6nnen in automatisierten oder nicht automatisierten Datenbanken gespeichert werden, deren alleiniges Eigentum bei uns liegt. Wir ergreifen alle technischen, organisatorischen und Sicherheitsma\u00dfnahmen, um die Vertraulichkeit, Integrit\u00e4t und Qualit\u00e4t der darin enthaltenen Informationen gem\u00e4\u00df den geltenden Datenschutzbestimmungen zu gew\u00e4hrleisten. Die Kommunikation zwischen Benutzern und unseren Websites erfolgt \u00fcber einen sicheren Kanal, und die \u00fcbermittelten Daten werden durch HTTPS-Protokolle verschl\u00fcsselt. Dadurch gew\u00e4hrleisten wir die besten Sicherheitsbedingungen, um die Vertraulichkeit der Benutzer zu gew\u00e4hrleisten.<\/p>\n<h2>8. Haftungsausschluss<\/h2>\n<p>Wir k\u00f6nnen die dauerhafte Verf\u00fcgbarkeit des Dienstes, den diese Website bietet, nicht garantieren, und wir \u00fcbernehmen keine Verantwortung f\u00fcr etwaige Sch\u00e4den oder Verluste, die in der Zukunft auftreten k\u00f6nnen, sowie f\u00fcr technische M\u00e4ngel jeglicher Art, unabh\u00e4ngig von ihrer Natur, die sich aus der Nutzung der auf dieser Website enthaltenen Informationen ergeben.<br \/>\nIm Falle eines Cyberangriffs \u00fcbernehmen wir keine Verantwortung f\u00fcr Fehler in den bereitgestellten Informationen sowie f\u00fcr Sch\u00e4den, die durch die Nutzung der aus solchen Fehlern resultierenden Informationen verursacht werden.<\/p>\n<p>Der Inhalt dieser Website dient nur zu Informationszwecken. Wir \u00fcbernehmen keine Verantwortung f\u00fcr m\u00f6gliche Fehler in der Pr\u00e4sentation. Wenn Sie detailliertere Informationen w\u00fcnschen, k\u00f6nnen Sie uns per E-Mail kontaktieren.<\/p>\n<p>Wir \u00fcberpr\u00fcfen den Inhalt von Seiten oder externen Links nicht und gehen davon aus, dass sie in gutem Glauben die geltenden Gesetze einhalten. Daher solidarisieren, genehmigen oder \u00fcbernehmen wir keine Verantwortung f\u00fcr den Inhalt verlinkter Seiten oder deren Inhalte, deren Inhaber allein f\u00fcr sie verantwortlich sind und daher v\u00f6llig unabh\u00e4ngig von uns sind. Falls wir es f\u00fcr angemessen halten oder von den zust\u00e4ndigen Beh\u00f6rden dazu aufgefordert werden, werden wir externe Links entfernen, die gegen geltendes Recht versto\u00dfen und\/oder die Rechte Dritter beeintr\u00e4chtigen.<\/p>\n<h2>9. ANGABEN ZUM INHABER<\/h2>\n<p>Die Website geh\u00f6rt dem Inhaber von ordesamonteperdido.de mit der Kontaktdaten info(at)ordesamonteperdido.de.<\/p>\n<h2>10. COOKIES<\/h2>\n<p>Diese Website verwendet Cookies.<br \/>\nEin Cookie ist eine kleine Datei mit Buchstaben und Zahlen, die auf Ihrem Ger\u00e4t installiert wird.<\/p>\n<p>Diese Cookies erm\u00f6glichen es uns, Sie von anderen Benutzern der Website zu unterscheiden und helfen uns, Ihnen beim Durchsuchen unserer Website eine gute Erfahrung zu bieten und diese zu verbessern.<\/p>\n<p>Wir verwenden auch \u00abAnalyse-Cookies\u00bb, die es uns erm\u00f6glichen, die Anzahl der Besucher zu erkennen und zu z\u00e4hlen und zu sehen, wie Benutzer sich auf der Website bewegen. Diese Informationen helfen uns, die Funktionsweise unserer Website zu verbessern.<\/p>\n<p>Dar\u00fcber hinaus werden DoubleClick-Cookies verwendet, um die auf der Website enthaltene Werbung zu verbessern. Sie werden verwendet, um die Werbung entsprechend dem f\u00fcr einen Benutzer relevanten Inhalt auszurichten und somit die Qualit\u00e4t der Nutzungserfahrung zu verbessern.<\/p>\n<p>Konkret verwenden wir die Dienste von Google Adsense und Google Analytics f\u00fcr unsere Statistiken und Werbung. Einige Cookies sind f\u00fcr den Betrieb der Website unerl\u00e4sslich, z. B. die integrierte Suchfunktion.<\/p>\n<p>Unsere Website enth\u00e4lt Funktionen, die von Dritten bereitgestellt werden. Ein h\u00e4ufiges Beispiel ist ein eingebettetes Video. Das Deaktivieren dieser Cookies kann die Funktionen, die von diesen Diensten angeboten werden, beeintr\u00e4chtigen.<\/p>\n<p>Sie k\u00f6nnen den Inhalt leicht in sozialen Netzwerken wie Facebook, Twitter oder Google+ teilen, mit den daf\u00fcr vorgesehenen Schaltfl\u00e4chen, die wir eingef\u00fcgt haben.<\/p>\n<p>Sie k\u00f6nnen alle Cookies von dieser Website l\u00f6schen und blockieren, aber ein Teil der Website wird m\u00f6glicherweise nicht funktionieren.<\/p>\n<p>Sie k\u00f6nnen weitere Informationen dar\u00fcber erhalten, wie Sie Ihren Browser konfigurieren k\u00f6nnen, um bestimmte Cookies zu akzeptieren oder abzulehnen, sowie wie Sie Cookies auf den Websites der jeweiligen Browserhersteller l\u00f6schen k\u00f6nnen.<\/p>\n<h2>11. Dritte<\/h2>\n<p>ordesamonteperdido.de kann Dritte beauftragen, Funktionen in ihrem Namen im Zusammenhang mit den Zwecken, f\u00fcr die personenbezogene Daten erhoben werden k\u00f6nnen, durchzuf\u00fchren, wie zum Beispiel die Analyse bereitgestellter Informationen, das Hosting von Websites oder die Bereitstellung integrierter Logistikdienste. Diese Dritten k\u00f6nnen Zugriff auf die f\u00fcr die Erf\u00fcllung ihrer Funktionen erforderlichen personenbezogenen Daten haben, d\u00fcrfen diese Informationen jedoch nicht f\u00fcr andere Zwecke verwenden, und wir regeln unsere Beziehungen zu solchen Dritten gem\u00e4\u00df den einschl\u00e4gigen Datenschutzbestimmungen.<br \/>\nUnsere Website verwendet Werbeserver, um Werbeinhalte bereitzustellen, die der Benutzer auf unseren Seiten sieht. Diese Werbeserver verwenden Cookies, die es ihnen erm\u00f6glichen, Werbeinhalte an die demografischen Profile der Benutzer anzupassen. Wenn Sie weitere Informationen \u00fcber die Verwendung von Cookies und die Datensammlungspraktiken sowie die Verfahren zur Akzeptanz oder Ablehnung durch den Benutzer, die DoubleClick anwendet, w\u00fcnschen, klicken Sie bitte hier \u00abDouble Click Privacy Policy\u00bb (<a href=\"http:\/\/www.doubleclick.com\/privacy\/index.aspx\" target=\"_blank\" rel=\"noopener nofollow\">DoubleClick<\/a>).<\/p>\n<h3>Google Analytics:<\/h3>\n<p>Google Analytics ist ein Webanalysedienst von Google Inc., einem Unternehmen mit Sitz in 1600 Amphitheatre Parkway, Mountain View (Kalifornien), CA 94043, USA (\u00abGoogle\u00bb). Google Analytics verwendet \u00abCookies\u00bb, Textdateien, die auf Ihrem Computer gespeichert werden und die eine Analyse der Benutzung der Website durch Sie erm\u00f6glichen. Die durch das Cookie erzeugten Informationen \u00fcber Ihre Benutzung der Website (einschlie\u00dflich Ihrer IP-Adresse) werden in der Regel an einen Server von Google in den USA \u00fcbertragen und dort gespeichert. Google wird diese Informationen in unserem Auftrag verwenden, um Ihre Nutzung der Website auszuwerten, Berichte \u00fcber die Websiteaktivit\u00e4ten zusammenzustellen und weitere mit der Websitenutzung und der Internetnutzung verbundene Dienstleistungen zu erbringen. Google kann diese Informationen auch an Dritte \u00fcbertragen, sofern dies gesetzlich vorgeschrieben ist oder soweit Dritte diese Daten im Auftrag von Google verarbeiten. Google wird Ihre IP-Adresse nicht mit anderen von Google gespeicherten Daten in Verbindung bringen. Sie k\u00f6nnen die Verwendung von Cookies ablehnen, indem Sie die entsprechenden Einstellungen in Ihrem Browser w\u00e4hlen. Bitte beachten Sie jedoch, dass Sie in diesem Fall m\u00f6glicherweise nicht alle Funktionen dieser Website nutzen k\u00f6nnen. Durch die Nutzung dieser Website erkl\u00e4ren Sie sich mit der Bearbeitung der \u00fcber Sie erhobenen Daten durch Google in der zuvor beschriebenen Art und Weise und zu dem zuvor benannten Zweck einverstanden.<\/p>\n<h3>Google Adsense:<\/h3>\n<p>Google, als verbundenes Unternehmen, verwendet Cookies, um Anzeigen auf dieser Website zu schalten. Benutzer k\u00f6nnen die Verwendung des DART-Cookies \u00fcber die Anzeige von Google deaktivieren und auf die Datenschutzrichtlinie des Content-Netzwerks zugreifen. Google verwendet verbundene Werbeunternehmen, um Anzeigen zu schalten, wenn Sie unsere Website besuchen. Diese Unternehmen k\u00f6nnen Informationen, die sie aus Ihren Besuchen auf dieser und anderen Websites erhalten (ohne Ihren Namen, Ihre Adresse, Ihre E-Mail-Adresse oder Telefonnummer), verwenden, um Ihnen Anzeigen f\u00fcr Produkte und Dienstleistungen anzubieten, die f\u00fcr Sie von Interesse sein k\u00f6nnten. Wenn Sie weitere Informationen zu dieser Praxis w\u00fcnschen und erfahren m\u00f6chten, wie Sie verhindern k\u00f6nnen, dass diese Unternehmen diese Informationen verwenden, klicken Sie hier.<\/p>\n<h2>12. Links<\/h2>\n<p>Die Website kann Links zu anderen Websites enthalten oder von diesen Websites aus verlinkt sein. Bitte beachten Sie, dass ordesamonteperdido.de nicht f\u00fcr die Datenschutzpraktiken anderer Websites verantwortlich ist. Diese Datenschutzrichtlinie gilt nur f\u00fcr die Informationen, die wir auf der Website erfassen. Wir empfehlen Ihnen, die Datenschutzrichtlinien anderer Websites, mit denen wir verlinkt sind oder die Sie anderweitig besuchen, zu lesen.<\/p>\n<h2>13. Benachrichtigung \u00fcber \u00c4nderungen<\/h2>\n<p>Diese Datenschutzrichtlinie kann von ordesamonteperdido.de jederzeit ge\u00e4ndert werden und gilt ab diesem Zeitpunkt. In diesem Fall wird die \u00fcberarbeitete Richtlinie auf der Website ver\u00f6ffentlicht und wenn Sie ein registrierter Benutzer sind, per E-Mail an Sie gesendet.<\/p>\n<h2>14. Rechte auf Zugriff, Berichtigung, L\u00f6schung und Widerspruch<\/h2>\n<p>Sie haben das Recht, Ihre Rechte auf Zugriff, Berichtigung oder L\u00f6schung Ihrer Daten auszu\u00fcben oder dem Umgang mit Ihren personenbezogenen Daten zu widersprechen, indem Sie dies schriftlich an info(at)ordesamonteperdido.de mitteilen.<\/p>\n","protected":false},"excerpt":{"rendered":"<p>1. NUTZUNGSBEDINGUNGEN DES BLOGS Die Hauptzweck der Website ordesamonteperdido.de besteht darin, Artikel, Nachrichten und Reisef\u00fchrer zu ver\u00f6ffentlichen sowie die Dienstleistungen des Eigent\u00fcmers zu bewerben. Die Website hat derzeit einen kostenlosen und frei zug\u00e4nglichen Charakter&#46;&#46;&#46;<\/p>\n","protected":false},"author":2,"featured_media":0,"parent":0,"menu_order":0,"comment_status":"closed","ping_status":"closed","template":"","meta":{"footnotes":""},"yoast_head":"<!-- This site is optimized with the Yoast SEO plugin v20.1 - https:\/\/yoast.com\/wordpress\/plugins\/seo\/ -->\n<title>Datenschutz- und Cookie-Richtlinie<\/title>\n<meta name=\"description\" content=\"1. NUTZUNGSBEDINGUNGEN DES BLOGS Die Hauptzweck der Website ordesamonteperdido.de besteht darin, Artikel, Nachrichten und Reisef\u00fchrer zu ver\u00f6ffentlichen\" \/>\n<meta name=\"robots\" content=\"noindex, follow\" \/>\n<meta property=\"og:locale\" content=\"de_DE\" \/>\n<meta property=\"og:type\" content=\"article\" \/>\n<meta property=\"og:title\" content=\"Datenschutz- und Cookie-Richtlinie\" \/>\n<meta property=\"og:description\" content=\"1. NUTZUNGSBEDINGUNGEN DES BLOGS Die Hauptzweck der Website ordesamonteperdido.de besteht darin, Artikel, Nachrichten und Reisef\u00fchrer zu ver\u00f6ffentlichen\" \/>\n<meta property=\"og:url\" content=\"https:\/\/www.ordesamonteperdido.com\/de\/cookies\/\" \/>\n<meta property=\"og:site_name\" content=\"Ordesa und Monte Perdido\" \/>\n<meta property=\"article:modified_time\" content=\"2023-05-17T10:22:20+00:00\" \/>\n<meta name=\"twitter:card\" content=\"summary_large_image\" \/>\n<meta name=\"twitter:label1\" content=\"Tiempo de lectura\" \/>\n\t<meta name=\"twitter:data1\" content=\"15 minutos\" \/>\n<script type=\"application\/ld+json\" class=\"yoast-schema-graph\">{\"@context\":\"https:\/\/schema.org\",\"@graph\":[{\"@type\":\"WebPage\",\"@id\":\"https:\/\/www.ordesamonteperdido.com\/de\/cookies\/\",\"url\":\"https:\/\/www.ordesamonteperdido.com\/de\/cookies\/\",\"name\":\"Datenschutz- und Cookie-Richtlinie\",\"isPartOf\":{\"@id\":\"https:\/\/www.ordesamonteperdido.com\/de\/#website\"},\"datePublished\":\"2019-01-14T15:04:19+00:00\",\"dateModified\":\"2023-05-17T10:22:20+00:00\",\"description\":\"1. NUTZUNGSBEDINGUNGEN DES BLOGS Die Hauptzweck der Website ordesamonteperdido.de besteht darin, Artikel, Nachrichten und Reisef\u00fchrer zu ver\u00f6ffentlichen\",\"breadcrumb\":{\"@id\":\"https:\/\/www.ordesamonteperdido.com\/de\/cookies\/#breadcrumb\"},\"inLanguage\":\"de\",\"potentialAction\":[{\"@type\":\"ReadAction\",\"target\":[\"https:\/\/www.ordesamonteperdido.com\/de\/cookies\/\"]}]},{\"@type\":\"BreadcrumbList\",\"@id\":\"https:\/\/www.ordesamonteperdido.com\/de\/cookies\/#breadcrumb\",\"itemListElement\":[{\"@type\":\"ListItem\",\"position\":1,\"name\":\"Portada\",\"item\":\"https:\/\/www.ordesamonteperdido.com\/de\/\"},{\"@type\":\"ListItem\",\"position\":2,\"name\":\"Datenschutz- und Cookie-Richtlinie\"}]},{\"@type\":\"WebSite\",\"@id\":\"https:\/\/www.ordesamonteperdido.com\/de\/#website\",\"url\":\"https:\/\/www.ordesamonteperdido.com\/de\/\",\"name\":\"Ordesa und Monte Perdido\",\"description\":\"Tourismus, Unterk\u00fcnfte, Wanderwege und F\u00fchrungen.\",\"publisher\":{\"@id\":\"https:\/\/www.ordesamonteperdido.com\/de\/#organization\"},\"potentialAction\":[{\"@type\":\"SearchAction\",\"target\":{\"@type\":\"EntryPoint\",\"urlTemplate\":\"https:\/\/www.ordesamonteperdido.com\/de\/?s={search_term_string}\"},\"query-input\":\"required name=search_term_string\"}],\"inLanguage\":\"de\"},{\"@type\":\"Organization\",\"@id\":\"https:\/\/www.ordesamonteperdido.com\/de\/#organization\",\"name\":\"Ordesa und Monte Perdido\",\"url\":\"https:\/\/www.ordesamonteperdido.com\/de\/\",\"logo\":{\"@type\":\"ImageObject\",\"inLanguage\":\"de\",\"@id\":\"https:\/\/www.ordesamonteperdido.com\/de\/#\/schema\/logo\/image\/\",\"url\":\"\",\"contentUrl\":\"\",\"caption\":\"Ordesa und Monte Perdido\"},\"image\":{\"@id\":\"https:\/\/www.ordesamonteperdido.com\/de\/#\/schema\/logo\/image\/\"}}]}<\/script>\n<!-- \/ Yoast SEO plugin. -->","yoast_head_json":{"title":"Datenschutz- und Cookie-Richtlinie","description":"1. NUTZUNGSBEDINGUNGEN DES BLOGS Die Hauptzweck der Website ordesamonteperdido.de besteht darin, Artikel, Nachrichten und Reisef\u00fchrer zu ver\u00f6ffentlichen","robots":{"index":"noindex","follow":"follow"},"og_locale":"de_DE","og_type":"article","og_title":"Datenschutz- und Cookie-Richtlinie","og_description":"1. NUTZUNGSBEDINGUNGEN DES BLOGS Die Hauptzweck der Website ordesamonteperdido.de besteht darin, Artikel, Nachrichten und Reisef\u00fchrer zu ver\u00f6ffentlichen","og_url":"https:\/\/www.ordesamonteperdido.com\/de\/cookies\/","og_site_name":"Ordesa und Monte Perdido","article_modified_time":"2023-05-17T10:22:20+00:00","twitter_card":"summary_large_image","twitter_misc":{"Tiempo de lectura":"15 minutos"},"schema":{"@context":"https:\/\/schema.org","@graph":[{"@type":"WebPage","@id":"https:\/\/www.ordesamonteperdido.com\/de\/cookies\/","url":"https:\/\/www.ordesamonteperdido.com\/de\/cookies\/","name":"Datenschutz- und Cookie-Richtlinie","isPartOf":{"@id":"https:\/\/www.ordesamonteperdido.com\/de\/#website"},"datePublished":"2019-01-14T15:04:19+00:00","dateModified":"2023-05-17T10:22:20+00:00","description":"1. NUTZUNGSBEDINGUNGEN DES BLOGS Die Hauptzweck der Website ordesamonteperdido.de besteht darin, Artikel, Nachrichten und Reisef\u00fchrer zu ver\u00f6ffentlichen","breadcrumb":{"@id":"https:\/\/www.ordesamonteperdido.com\/de\/cookies\/#breadcrumb"},"inLanguage":"de","potentialAction":[{"@type":"ReadAction","target":["https:\/\/www.ordesamonteperdido.com\/de\/cookies\/"]}]},{"@type":"BreadcrumbList","@id":"https:\/\/www.ordesamonteperdido.com\/de\/cookies\/#breadcrumb","itemListElement":[{"@type":"ListItem","position":1,"name":"Portada","item":"https:\/\/www.ordesamonteperdido.com\/de\/"},{"@type":"ListItem","position":2,"name":"Datenschutz- und Cookie-Richtlinie"}]},{"@type":"WebSite","@id":"https:\/\/www.ordesamonteperdido.com\/de\/#website","url":"https:\/\/www.ordesamonteperdido.com\/de\/","name":"Ordesa und Monte Perdido","description":"Tourismus, Unterk\u00fcnfte, Wanderwege und F\u00fchrungen.","publisher":{"@id":"https:\/\/www.ordesamonteperdido.com\/de\/#organization"},"potentialAction":[{"@type":"SearchAction","target":{"@type":"EntryPoint","urlTemplate":"https:\/\/www.ordesamonteperdido.com\/de\/?s={search_term_string}"},"query-input":"required name=search_term_string"}],"inLanguage":"de"},{"@type":"Organization","@id":"https:\/\/www.ordesamonteperdido.com\/de\/#organization","name":"Ordesa und Monte Perdido","url":"https:\/\/www.ordesamonteperdido.com\/de\/","logo":{"@type":"ImageObject","inLanguage":"de","@id":"https:\/\/www.ordesamonteperdido.com\/de\/#\/schema\/logo\/image\/","url":"","contentUrl":"","caption":"Ordesa und Monte Perdido"},"image":{"@id":"https:\/\/www.ordesamonteperdido.com\/de\/#\/schema\/logo\/image\/"}}]}},"_links":{"self":[{"href":"https:\/\/www.ordesamonteperdido.com\/de\/wp-json\/wp\/v2\/pages\/13"}],"collection":[{"href":"https:\/\/www.ordesamonteperdido.com\/de\/wp-json\/wp\/v2\/pages"}],"about":[{"href":"https:\/\/www.ordesamonteperdido.com\/de\/wp-json\/wp\/v2\/types\/page"}],"author":[{"embeddable":true,"href":"https:\/\/www.ordesamonteperdido.com\/de\/wp-json\/wp\/v2\/users\/2"}],"replies":[{"embeddable":true,"href":"https:\/\/www.ordesamonteperdido.com\/de\/wp-json\/wp\/v2\/comments?post=13"}],"version-history":[{"count":0,"href":"https:\/\/www.ordesamonteperdido.com\/de\/wp-json\/wp\/v2\/pages\/13\/revisions"}],"wp:attachment":[{"href":"https:\/\/www.ordesamonteperdido.com\/de\/wp-json\/wp\/v2\/media?parent=13"}],"curies":[{"name":"wp","href":"https:\/\/api.w.org\/{rel}","templated":true}]}}