{"id":1567,"date":"2023-05-08T18:05:22","date_gmt":"2023-05-08T16:05:22","guid":{"rendered":"https:\/\/www.ordesamonteperdido.com\/de\/?page_id=1567"},"modified":"2024-08-30T15:15:34","modified_gmt":"2024-08-30T13:15:34","slug":"vogelbeobachtungsrouten","status":"publish","type":"page","link":"https:\/\/www.ordesamonteperdido.com\/de\/vogelbeobachtungsrouten\/","title":{"rendered":"Vogelbeobachtungsrouten in Ordesa und Monte Perdido"},"content":{"rendered":"<div id=\"toc_container\" class=\"toc_white no_bullets\"><p class=\"toc_title\">Index<\/p><ul class=\"toc_list\"><li><a href=\"#die-beste-jahreszeit-fur-die-vogelbeobachtung-in-ordesa-und-monte-perdido\"><span class=\"toc_number toc_depth_1\">1<\/span> Die beste Jahreszeit f\u00fcr die Vogelbeobachtung in Ordesa und Monte Perdido<\/a><\/li><li><a href=\"#hauptwege-zur-vogelbeobachtung\"><span class=\"toc_number toc_depth_1\">2<\/span> Hauptwege zur Vogelbeobachtung<\/a><ul><li><a href=\"#tal-des-ordesa-tals\"><span class=\"toc_number toc_depth_2\">2.1<\/span> Tal des Ordesa-Tals<\/a><\/li><li><a href=\"#route-durch-die-anisclo-schlucht\"><span class=\"toc_number toc_depth_2\">2.2<\/span> Route durch die A\u00f1isclo-Schlucht<\/a><\/li><li><a href=\"#route-durch-die-escuain-schlucht\"><span class=\"toc_number toc_depth_2\">2.3<\/span> Route durch die Escua\u00edn-Schlucht<\/a><\/li><li><a href=\"#route-durch-die-pineta-wiese\"><span class=\"toc_number toc_depth_2\">2.4<\/span> Route durch die Pineta-Wiese<\/a><\/li><\/ul><\/li><li><a href=\"#die-besten-routen-um-vogel-zu-sehen\"><span class=\"toc_number toc_depth_1\">3<\/span> Die besten Routen, um V\u00f6gel zu sehen<\/a><ul><li><a href=\"#beobachtungs-und-vogelfotografieplatze\"><span class=\"toc_number toc_depth_2\">3.1<\/span> Beobachtungs- und Vogelfotografiepl\u00e4tze<\/a><\/li><li><a href=\"#bartgeier-route-gypaetus-barbatus\"><span class=\"toc_number toc_depth_2\">3.2<\/span> Bartgeier-Route (Gypaetus barbatus)<\/a><\/li><\/ul><\/li><li><a href=\"#ausrustung-und-vorbereitung-fur-die-vogelbeobachtung\"><span class=\"toc_number toc_depth_1\">4<\/span> Ausr\u00fcstung und Vorbereitung f\u00fcr die Vogelbeobachtung<\/a><\/li><li><a href=\"#weitere-aktivitaten-und-attraktionen-im-nationalpark-ordesa-und-monte-perdido\"><span class=\"toc_number toc_depth_1\">5<\/span> Weitere Aktivit\u00e4ten und Attraktionen im Nationalpark Ordesa und Monte Perdido<\/a><\/li><li><a href=\"#ist-es-einfach-vogel-im-nationalpark-zu-beobachten\"><span class=\"toc_number toc_depth_1\">6<\/span> Ist es einfach, V\u00f6gel im Nationalpark zu beobachten?<\/a><\/li><\/ul><\/div>\n\n<p><strong>Der Nationalpark Ordesa und Monte Perdido<\/strong> ist ein au\u00dfergew\u00f6hnlicher Ort in Huesca, Spanien, der eine gro\u00dfe Vielfalt an Flora und Fauna beherbergt. Unter seinen nat\u00fcrlichen Sch\u00e4tzen ist die Anwesenheit zahlreicher Vogelarten besonders hervorzuheben, was diesen Park zu einem perfekten Ziel f\u00fcr Vogelbeobachter und Naturliebhaber macht. In diesem Artikel werden wir die besten Routen erkunden, um diese Aktivit\u00e4t zu genie\u00dfen, und mehr \u00fcber die Arten erfahren, die den Park bewohnen.<\/p>\n<p><img decoding=\"async\" class=\"aligncenter size-full wp-image-2375\" src=\"https:\/\/www.ordesamonteperdido.com\/de\/wp-content\/uploads\/vogelbeobachtungsrouten.jpg\" alt=\"ogelbeobachtungsrouten in Ordesa und Monte Perdido\" width=\"1200\" height=\"621\" srcset=\"https:\/\/www.ordesamonteperdido.com\/de\/wp-content\/uploads\/vogelbeobachtungsrouten.jpg 1200w, https:\/\/www.ordesamonteperdido.com\/de\/wp-content\/uploads\/vogelbeobachtungsrouten-336x174.jpg 336w, https:\/\/www.ordesamonteperdido.com\/de\/wp-content\/uploads\/vogelbeobachtungsrouten-1024x530.jpg 1024w, https:\/\/www.ordesamonteperdido.com\/de\/wp-content\/uploads\/vogelbeobachtungsrouten-768x397.jpg 768w\" sizes=\"(max-width: 1200px) 100vw, 1200px\" \/><\/p>\n<h2><span id=\"die-beste-jahreszeit-fur-die-vogelbeobachtung-in-ordesa-und-monte-perdido\">Die beste Jahreszeit f\u00fcr die Vogelbeobachtung in Ordesa und Monte Perdido<\/span><\/h2>\n<p>Die Vogelbeobachtung kann das ganze Jahr \u00fcber stattfinden, aber <strong>Fr\u00fchling und Herbst<\/strong> sind die empfohlenen Jahreszeiten, da w\u00e4hrend dieser Zeiten die Vogelwanderungen und Fortpflanzung am besten beobachtet werden k\u00f6nnen. Das Klima in diesen Jahreszeiten ist milder, was Outdoor-Aktivit\u00e4ten und die Beobachtung von Bartgeiern, Schwarzmilanen, Schmutzgeiern, K\u00f6nigsweihen, Schwarzmilanen, G\u00e4nsegeiern, Wanderfalken und dem majest\u00e4tischen Steinadler erleichtert.<\/p>\n<h2><span id=\"hauptwege-zur-vogelbeobachtung\">Hauptwege zur Vogelbeobachtung<\/span><\/h2>\n<p><img decoding=\"async\" class=\"aligncenter size-full wp-image-2376\" src=\"https:\/\/www.ordesamonteperdido.com\/de\/wp-content\/uploads\/Vogelbeobachtungsrouten-1.jpg\" alt=\"Vogelbeobachtungspunkte im Nationalpark Ordesa und Monte Perdido\" width=\"1760\" height=\"1060\" srcset=\"https:\/\/www.ordesamonteperdido.com\/de\/wp-content\/uploads\/Vogelbeobachtungsrouten-1.jpg 1760w, https:\/\/www.ordesamonteperdido.com\/de\/wp-content\/uploads\/Vogelbeobachtungsrouten-1-336x202.jpg 336w, https:\/\/www.ordesamonteperdido.com\/de\/wp-content\/uploads\/Vogelbeobachtungsrouten-1-1024x617.jpg 1024w, https:\/\/www.ordesamonteperdido.com\/de\/wp-content\/uploads\/Vogelbeobachtungsrouten-1-768x463.jpg 768w, https:\/\/www.ordesamonteperdido.com\/de\/wp-content\/uploads\/Vogelbeobachtungsrouten-1-1536x925.jpg 1536w\" sizes=\"(max-width: 1760px) 100vw, 1760px\" \/><\/p>\n<h3><span id=\"tal-des-ordesa-tals\">Tal des Ordesa-Tals<\/span><\/h3>\n<p>Die Route durch das Ordesa-Tal ist eine der beliebtesten und zug\u00e4nglichsten Routen zur Vogelbeobachtung im Park. Entlang dieser Strecke kannst du atemberaubende Landschaften genie\u00dfen und Arten wie den Bartgeier, den Fichtenkreuzschnabel und die Felsenkleiber beobachten.<\/p>\n<h3><span id=\"route-durch-die-anisclo-schlucht\">Route durch die A\u00f1isclo-Schlucht<\/span><\/h3>\n<p>Die A\u00f1isclo-Schlucht ist eine weitere hervorragende Option f\u00fcr Vogelbeobachter. Diese Route erm\u00f6glicht es dir, die Sch\u00f6nheit der Schlucht und ihrer Umgebung zu sch\u00e4tzen und Arten wie den Steinadler, den Schmutzgeier und den Turmfalken zu entdecken.<\/p>\n<h3><span id=\"route-durch-die-escuain-schlucht\">Route durch die Escua\u00edn-Schlucht<\/span><\/h3>\n<p>Die Escua\u00edn-Schlucht bietet eine einzigartige Umgebung f\u00fcr die Vogelbeobachtung. Auf dieser Route kannst du Arten wie den G\u00e4nsegeier, die Klippenbraunelle und den Alpenbraunelle beobachten. Zudem ist es auch m\u00f6glich, zum Observatorium La Valle zu gelangen, das eine bessere Sicht auf verschiedene Greifv\u00f6gel erm\u00f6glicht. Folge dem <strong><a href=\"https:\/\/www.ordesamonteperdido.com\/de\/weg-zur-beobachtung-des-bartgeiers-vom-observatorium-im-valle\/\">Weg, um den Bartgeier zu sehen<\/a><\/strong> und genie\u00dfe einen unvergesslichen Moment.<\/p>\n<h3><span id=\"route-durch-die-pineta-wiese\">Route durch die Pineta-Wiese<\/span><\/h3>\n<p>Die Pineta-Wiese ist eine weitere herausragende Route zur Vogelbeobachtung im Nationalpark Ordesa und Monte Perdido. Hier kannst du Arten wie den Alpendorn, die Blaumerle und die Ringdrossel finden.<\/p>\n<h2><span id=\"die-besten-routen-um-vogel-zu-sehen\">Die besten Routen, um V\u00f6gel zu sehen<\/span><\/h2>\n<p>Neben den bereits erw\u00e4hnten Routen, auf denen verschiedene Arten von Flugwild beobachtet werden k\u00f6nnen, empfehlen wir dir auch die folgenden Routen, um unvergessliche Momente in der Natur zu genie\u00dfen:<\/p>\n<div class=\"display-posts-listing image-top\"><div class=\"listing-item\"><a class=\"image\" href=\"https:\/\/www.ordesamonteperdido.com\/de\/punkte-fuer-vogelfotografie\/\"><img decoding=\"async\" width=\"1024\" height=\"530\" src=\"https:\/\/www.ordesamonteperdido.com\/de\/wp-content\/uploads\/puntos-para-fotografia-aves-1024x530.jpg\" class=\"attachment-large size-large wp-post-image\" alt=\"Puestos de Observaci\u00f3n y fotograf\u00eda de Aves (Hide) en Ordesa y Monte Perdido\" srcset=\"https:\/\/www.ordesamonteperdido.com\/de\/wp-content\/uploads\/puntos-para-fotografia-aves-1024x530.jpg 1024w, https:\/\/www.ordesamonteperdido.com\/de\/wp-content\/uploads\/puntos-para-fotografia-aves-336x174.jpg 336w, https:\/\/www.ordesamonteperdido.com\/de\/wp-content\/uploads\/puntos-para-fotografia-aves-768x397.jpg 768w, https:\/\/www.ordesamonteperdido.com\/de\/wp-content\/uploads\/puntos-para-fotografia-aves.jpg 1200w\" sizes=\"(max-width: 1024px) 100vw, 1024px\" \/><\/a> <h3><span id=\"beobachtungs-und-vogelfotografieplatze\"><a class=\"title\" href=\"https:\/\/www.ordesamonteperdido.com\/de\/punkte-fuer-vogelfotografie\/\">Beobachtungs- und Vogelfotografiepl\u00e4tze<\/a><\/span><\/h3><\/div><div class=\"listing-item\"><a class=\"image\" href=\"https:\/\/www.ordesamonteperdido.com\/de\/weg-zur-beobachtung-des-bartgeiers-vom-observatorium-im-valle\/\"><img decoding=\"async\" width=\"1024\" height=\"530\" src=\"https:\/\/www.ordesamonteperdido.com\/de\/wp-content\/uploads\/bartgeiers-gypaetus-barbatus-1024x530.jpg\" class=\"attachment-large size-large wp-post-image\" alt=\"Bartgeiers (Gypaetus barbatus)\" srcset=\"https:\/\/www.ordesamonteperdido.com\/de\/wp-content\/uploads\/bartgeiers-gypaetus-barbatus-1024x530.jpg 1024w, https:\/\/www.ordesamonteperdido.com\/de\/wp-content\/uploads\/bartgeiers-gypaetus-barbatus-336x174.jpg 336w, https:\/\/www.ordesamonteperdido.com\/de\/wp-content\/uploads\/bartgeiers-gypaetus-barbatus-768x397.jpg 768w, https:\/\/www.ordesamonteperdido.com\/de\/wp-content\/uploads\/bartgeiers-gypaetus-barbatus.jpg 1200w\" sizes=\"(max-width: 1024px) 100vw, 1024px\" \/><\/a> <h3><span id=\"bartgeier-route-gypaetus-barbatus\"><a class=\"title\" href=\"https:\/\/www.ordesamonteperdido.com\/de\/weg-zur-beobachtung-des-bartgeiers-vom-observatorium-im-valle\/\">Bartgeier-Route (Gypaetus barbatus)<\/a><\/span><\/h3><\/div><\/div>\n<h2><span id=\"ausrustung-und-vorbereitung-fur-die-vogelbeobachtung\">Ausr\u00fcstung und Vorbereitung f\u00fcr die Vogelbeobachtung<\/span><\/h2>\n<p>F\u00fcr ein erfolgreiches Erlebnis der Vogelbeobachtung ist es wichtig, die richtige Ausr\u00fcstung wie <strong>qualitativ hochwertige Ferngl\u00e4ser und Teleskope<\/strong> zu haben. Zus\u00e4tzlich k\u00f6nnen Feldf\u00fchrer und mobile Anwendungen sehr hilfreich sein, um die verschiedenen Arten zu identifizieren.<br \/>\nEs ist entscheidend, die <strong>richtige Kleidung und Schuhe<\/strong> f\u00fcr Wanderungen auf den Wegen des Parks und an die Wetterbedingungen anzupassen. Ebenso ist es wichtig, einen <strong>Verhaltenskodex<\/strong> einzuhalten, der die Umwelt und die Tierwelt respektiert, indem man sich nicht zu nah an die V\u00f6gel heranwagt, sie nicht f\u00fcttert und keine Spuren des Besuchs hinterl\u00e4sst.<\/p>\n<h2><span id=\"weitere-aktivitaten-und-attraktionen-im-nationalpark-ordesa-und-monte-perdido\">Weitere Aktivit\u00e4ten und Attraktionen im Nationalpark Ordesa und Monte Perdido<\/span><\/h2>\n<p>Neben der Vogelbeobachtung bietet der Park eine Vielzahl von Aktivit\u00e4ten und Attraktionen zum Genie\u00dfen. Dazu geh\u00f6ren <strong>Wandern und Bergtouren<\/strong>, <strong><a href=\"https:\/\/www.ordesamonteperdido.com\/de\/punkte-fuer-vogelfotografie\/\">Vogelfotografie<\/a><\/strong>, Landschaften und verschiedene Tierarten sowie gef\u00fchrte und informative Besichtigungen. In der Region gibt es auch Unterkunftsm\u00f6glichkeiten und Dienstleistungen f\u00fcr diejenigen, die mehr Zeit damit verbringen m\u00f6chten, den Park zu erkunden.<\/p>\n<h2><span id=\"ist-es-einfach-vogel-im-nationalpark-zu-beobachten\">Ist es einfach, V\u00f6gel im Nationalpark zu beobachten?<\/span><\/h2>\n<p>Der Nationalpark Ordesa und Monte Perdido bietet eine au\u00dfergew\u00f6hnliche Umgebung f\u00fcr die Vogelbeobachtung und den Kontakt mit der Natur. Mit seinen verschiedenen Routen und Arten ist er eine ideale Wahl f\u00fcr Vogelliebhaber und verantwortungsbewussten Tourismus. Indem wir den Empfehlungen folgen und die Umwelt respektieren, tragen wir zur <strong>Erhaltung der Biodiversit\u00e4t<\/strong> und zum Genuss dieses nat\u00fcrlichen Erbes f\u00fcr zuk\u00fcnftige Generationen bei.<\/p>\n","protected":false},"excerpt":{"rendered":"<p>Der Nationalpark Ordesa und Monte Perdido ist ein au\u00dfergew\u00f6hnlicher Ort in Huesca, Spanien, der eine gro\u00dfe Vielfalt an Flora und Fauna beherbergt. Unter seinen nat\u00fcrlichen Sch\u00e4tzen ist die Anwesenheit zahlreicher Vogelarten besonders hervorzuheben, was&#46;&#46;&#46;<\/p>\n","protected":false},"author":2,"featured_media":2375,"parent":0,"menu_order":0,"comment_status":"closed","ping_status":"closed","template":"","meta":{"footnotes":""},"yoast_head":"<!-- This site is optimized with the Yoast SEO plugin v20.1 - https:\/\/yoast.com\/wordpress\/plugins\/seo\/ -->\n<title>Vogelbeobachtungsrouten in Ordesa und Monte Perdido<\/title>\n<meta name=\"description\" content=\"M\u00f6chtest du eine Route machen und Greifv\u00f6gel und andere V\u00f6gel in Ordesa beobachten? Wir haben einen detaillierten Leitfaden mit den besten Routen zur Vogelbeobachtung im Nationalpark vorbereitet.\" \/>\n<meta name=\"robots\" content=\"index, follow, max-snippet:-1, max-image-preview:large, max-video-preview:-1\" \/>\n<link rel=\"canonical\" href=\"https:\/\/www.ordesamonteperdido.com\/de\/vogelbeobachtungsrouten\/\" \/>\n<meta property=\"og:locale\" content=\"de_DE\" \/>\n<meta property=\"og:type\" content=\"article\" \/>\n<meta property=\"og:title\" content=\"Vogelbeobachtungsrouten in Ordesa und Monte Perdido\" \/>\n<meta property=\"og:description\" content=\"M\u00f6chtest du eine Route machen und Greifv\u00f6gel und andere V\u00f6gel in Ordesa beobachten? Wir haben einen detaillierten Leitfaden mit den besten Routen zur Vogelbeobachtung im Nationalpark vorbereitet.\" \/>\n<meta property=\"og:url\" content=\"https:\/\/www.ordesamonteperdido.com\/de\/vogelbeobachtungsrouten\/\" \/>\n<meta property=\"og:site_name\" content=\"Ordesa und Monte Perdido\" \/>\n<meta property=\"article:modified_time\" content=\"2024-08-30T13:15:34+00:00\" \/>\n<meta property=\"og:image\" content=\"https:\/\/www.ordesamonteperdido.com\/de\/wp-content\/uploads\/vogelbeobachtungsrouten.jpg\" \/>\n\t<meta property=\"og:image:width\" content=\"1200\" \/>\n\t<meta property=\"og:image:height\" content=\"621\" \/>\n\t<meta property=\"og:image:type\" content=\"image\/jpeg\" \/>\n<meta name=\"twitter:card\" content=\"summary_large_image\" \/>\n<meta name=\"twitter:label1\" content=\"Tiempo de lectura\" \/>\n\t<meta name=\"twitter:data1\" content=\"4 minutos\" \/>\n<script type=\"application\/ld+json\" class=\"yoast-schema-graph\">{\"@context\":\"https:\/\/schema.org\",\"@graph\":[{\"@type\":\"WebPage\",\"@id\":\"https:\/\/www.ordesamonteperdido.com\/de\/vogelbeobachtungsrouten\/\",\"url\":\"https:\/\/www.ordesamonteperdido.com\/de\/vogelbeobachtungsrouten\/\",\"name\":\"Vogelbeobachtungsrouten in Ordesa und Monte Perdido\",\"isPartOf\":{\"@id\":\"https:\/\/www.ordesamonteperdido.com\/de\/#website\"},\"datePublished\":\"2023-05-08T16:05:22+00:00\",\"dateModified\":\"2024-08-30T13:15:34+00:00\",\"description\":\"M\u00f6chtest du eine Route machen und Greifv\u00f6gel und andere V\u00f6gel in Ordesa beobachten? Wir haben einen detaillierten Leitfaden mit den besten Routen zur Vogelbeobachtung im Nationalpark vorbereitet.\",\"breadcrumb\":{\"@id\":\"https:\/\/www.ordesamonteperdido.com\/de\/vogelbeobachtungsrouten\/#breadcrumb\"},\"inLanguage\":\"de\",\"potentialAction\":[{\"@type\":\"ReadAction\",\"target\":[\"https:\/\/www.ordesamonteperdido.com\/de\/vogelbeobachtungsrouten\/\"]}]},{\"@type\":\"BreadcrumbList\",\"@id\":\"https:\/\/www.ordesamonteperdido.com\/de\/vogelbeobachtungsrouten\/#breadcrumb\",\"itemListElement\":[{\"@type\":\"ListItem\",\"position\":1,\"name\":\"Portada\",\"item\":\"https:\/\/www.ordesamonteperdido.com\/de\/\"},{\"@type\":\"ListItem\",\"position\":2,\"name\":\"Vogelbeobachtungsrouten in Ordesa und Monte Perdido\"}]},{\"@type\":\"WebSite\",\"@id\":\"https:\/\/www.ordesamonteperdido.com\/de\/#website\",\"url\":\"https:\/\/www.ordesamonteperdido.com\/de\/\",\"name\":\"Ordesa und Monte Perdido\",\"description\":\"Tourismus, Unterk\u00fcnfte, Wanderwege und F\u00fchrungen.\",\"publisher\":{\"@id\":\"https:\/\/www.ordesamonteperdido.com\/de\/#organization\"},\"potentialAction\":[{\"@type\":\"SearchAction\",\"target\":{\"@type\":\"EntryPoint\",\"urlTemplate\":\"https:\/\/www.ordesamonteperdido.com\/de\/?s={search_term_string}\"},\"query-input\":\"required name=search_term_string\"}],\"inLanguage\":\"de\"},{\"@type\":\"Organization\",\"@id\":\"https:\/\/www.ordesamonteperdido.com\/de\/#organization\",\"name\":\"Ordesa und Monte Perdido\",\"url\":\"https:\/\/www.ordesamonteperdido.com\/de\/\",\"logo\":{\"@type\":\"ImageObject\",\"inLanguage\":\"de\",\"@id\":\"https:\/\/www.ordesamonteperdido.com\/de\/#\/schema\/logo\/image\/\",\"url\":\"\",\"contentUrl\":\"\",\"caption\":\"Ordesa und Monte Perdido\"},\"image\":{\"@id\":\"https:\/\/www.ordesamonteperdido.com\/de\/#\/schema\/logo\/image\/\"}}]}<\/script>\n<!-- \/ Yoast SEO plugin. -->","yoast_head_json":{"title":"Vogelbeobachtungsrouten in Ordesa und Monte Perdido","description":"M\u00f6chtest du eine Route machen und Greifv\u00f6gel und andere V\u00f6gel in Ordesa beobachten? Wir haben einen detaillierten Leitfaden mit den besten Routen zur Vogelbeobachtung im Nationalpark vorbereitet.","robots":{"index":"index","follow":"follow","max-snippet":"max-snippet:-1","max-image-preview":"max-image-preview:large","max-video-preview":"max-video-preview:-1"},"canonical":"https:\/\/www.ordesamonteperdido.com\/de\/vogelbeobachtungsrouten\/","og_locale":"de_DE","og_type":"article","og_title":"Vogelbeobachtungsrouten in Ordesa und Monte Perdido","og_description":"M\u00f6chtest du eine Route machen und Greifv\u00f6gel und andere V\u00f6gel in Ordesa beobachten? Wir haben einen detaillierten Leitfaden mit den besten Routen zur Vogelbeobachtung im Nationalpark vorbereitet.","og_url":"https:\/\/www.ordesamonteperdido.com\/de\/vogelbeobachtungsrouten\/","og_site_name":"Ordesa und Monte Perdido","article_modified_time":"2024-08-30T13:15:34+00:00","og_image":[{"width":1200,"height":621,"url":"https:\/\/www.ordesamonteperdido.com\/de\/wp-content\/uploads\/vogelbeobachtungsrouten.jpg","type":"image\/jpeg"}],"twitter_card":"summary_large_image","twitter_misc":{"Tiempo de lectura":"4 minutos"},"schema":{"@context":"https:\/\/schema.org","@graph":[{"@type":"WebPage","@id":"https:\/\/www.ordesamonteperdido.com\/de\/vogelbeobachtungsrouten\/","url":"https:\/\/www.ordesamonteperdido.com\/de\/vogelbeobachtungsrouten\/","name":"Vogelbeobachtungsrouten in Ordesa und Monte Perdido","isPartOf":{"@id":"https:\/\/www.ordesamonteperdido.com\/de\/#website"},"datePublished":"2023-05-08T16:05:22+00:00","dateModified":"2024-08-30T13:15:34+00:00","description":"M\u00f6chtest du eine Route machen und Greifv\u00f6gel und andere V\u00f6gel in Ordesa beobachten? Wir haben einen detaillierten Leitfaden mit den besten Routen zur Vogelbeobachtung im Nationalpark vorbereitet.","breadcrumb":{"@id":"https:\/\/www.ordesamonteperdido.com\/de\/vogelbeobachtungsrouten\/#breadcrumb"},"inLanguage":"de","potentialAction":[{"@type":"ReadAction","target":["https:\/\/www.ordesamonteperdido.com\/de\/vogelbeobachtungsrouten\/"]}]},{"@type":"BreadcrumbList","@id":"https:\/\/www.ordesamonteperdido.com\/de\/vogelbeobachtungsrouten\/#breadcrumb","itemListElement":[{"@type":"ListItem","position":1,"name":"Portada","item":"https:\/\/www.ordesamonteperdido.com\/de\/"},{"@type":"ListItem","position":2,"name":"Vogelbeobachtungsrouten in Ordesa und Monte Perdido"}]},{"@type":"WebSite","@id":"https:\/\/www.ordesamonteperdido.com\/de\/#website","url":"https:\/\/www.ordesamonteperdido.com\/de\/","name":"Ordesa und Monte Perdido","description":"Tourismus, Unterk\u00fcnfte, Wanderwege und F\u00fchrungen.","publisher":{"@id":"https:\/\/www.ordesamonteperdido.com\/de\/#organization"},"potentialAction":[{"@type":"SearchAction","target":{"@type":"EntryPoint","urlTemplate":"https:\/\/www.ordesamonteperdido.com\/de\/?s={search_term_string}"},"query-input":"required name=search_term_string"}],"inLanguage":"de"},{"@type":"Organization","@id":"https:\/\/www.ordesamonteperdido.com\/de\/#organization","name":"Ordesa und Monte Perdido","url":"https:\/\/www.ordesamonteperdido.com\/de\/","logo":{"@type":"ImageObject","inLanguage":"de","@id":"https:\/\/www.ordesamonteperdido.com\/de\/#\/schema\/logo\/image\/","url":"","contentUrl":"","caption":"Ordesa und Monte Perdido"},"image":{"@id":"https:\/\/www.ordesamonteperdido.com\/de\/#\/schema\/logo\/image\/"}}]}},"_links":{"self":[{"href":"https:\/\/www.ordesamonteperdido.com\/de\/wp-json\/wp\/v2\/pages\/1567"}],"collection":[{"href":"https:\/\/www.ordesamonteperdido.com\/de\/wp-json\/wp\/v2\/pages"}],"about":[{"href":"https:\/\/www.ordesamonteperdido.com\/de\/wp-json\/wp\/v2\/types\/page"}],"author":[{"embeddable":true,"href":"https:\/\/www.ordesamonteperdido.com\/de\/wp-json\/wp\/v2\/users\/2"}],"replies":[{"embeddable":true,"href":"https:\/\/www.ordesamonteperdido.com\/de\/wp-json\/wp\/v2\/comments?post=1567"}],"version-history":[{"count":0,"href":"https:\/\/www.ordesamonteperdido.com\/de\/wp-json\/wp\/v2\/pages\/1567\/revisions"}],"wp:featuredmedia":[{"embeddable":true,"href":"https:\/\/www.ordesamonteperdido.com\/de\/wp-json\/wp\/v2\/media\/2375"}],"wp:attachment":[{"href":"https:\/\/www.ordesamonteperdido.com\/de\/wp-json\/wp\/v2\/media?parent=1567"}],"curies":[{"name":"wp","href":"https:\/\/api.w.org\/{rel}","templated":true}]}}