{"id":1609,"date":"2023-05-09T10:11:19","date_gmt":"2023-05-09T08:11:19","guid":{"rendered":"https:\/\/www.ordesamonteperdido.com\/de\/?page_id=1609"},"modified":"2024-08-30T15:19:47","modified_gmt":"2024-08-30T13:19:47","slug":"weg-zur-beobachtung-des-bartgeiers-vom-observatorium-im-valle","status":"publish","type":"page","link":"https:\/\/www.ordesamonteperdido.com\/de\/weg-zur-beobachtung-des-bartgeiers-vom-observatorium-im-valle\/","title":{"rendered":"Wegbeschreibung, um den Bartgeier vom Observatorium Valle aus zu sehen"},"content":{"rendered":"<div id=\"toc_container\" class=\"toc_white no_bullets\"><p class=\"toc_title\">Index<\/p><ul class=\"toc_list\"><li><a href=\"#wegbeschreibung-um-den-bartgeier-vom-observatorium-valle-aus-zu-sehen\"><span class=\"toc_number toc_depth_1\">1<\/span> Wegbeschreibung, um den Bartgeier vom Observatorium Valle aus zu sehen<\/a><\/li><li><a href=\"#escuain-und-das-informationszentrum\"><span class=\"toc_number toc_depth_1\">2<\/span> Escua\u00edn und das Informationszentrum<\/a><\/li><li><a href=\"#wanderweg-zum-vogelbeobachtungsobservatorium\"><span class=\"toc_number toc_depth_1\">3<\/span> Wanderweg zum Vogelbeobachtungsobservatorium<\/a><\/li><li><a href=\"#vogelbeobachtungsobservatorium-um-den-bartgeier-zu-sehen\"><span class=\"toc_number toc_depth_1\">4<\/span> Vogelbeobachtungsobservatorium, um den Bartgeier zu sehen<\/a><\/li><li><a href=\"#karte-der-route-um-den-bartgeier-zu-sehen\"><span class=\"toc_number toc_depth_1\">5<\/span> Karte der Route, um den Bartgeier zu sehen<\/a><ul><li><a href=\"#vogelbeobachtung\"><span class=\"toc_number toc_depth_2\">5.1<\/span> Vogelbeobachtung<\/a><\/li><li><a href=\"#beobachtungs-und-vogelfotografieplatze\"><span class=\"toc_number toc_depth_2\">5.2<\/span> Beobachtungs- und Vogelfotografiepl\u00e4tze<\/a><\/li><\/ul><\/li><\/ul><\/div>\n\n<h2><span id=\"wegbeschreibung-um-den-bartgeier-vom-observatorium-valle-aus-zu-sehen\">Wegbeschreibung, um den Bartgeier vom Observatorium Valle aus zu sehen<\/span><\/h2>\n<p><strong>Von A\u00ednsa aus<\/strong> fahren wir in Richtung Norden nach Escalona und dann weiter in Richtung Escua\u00edn und A\u00f1isclo. Nachdem wir die Stra\u00dfe ins A\u00f1isclo-Tal hinter uns gelassen haben, beginnen wir einen Aufstieg auf einer schmalen Stra\u00dfe von etwa 15 km L\u00e4nge. Die letzten sieben Kilometer sind besonders <strong>spektakul\u00e4r<\/strong> und f\u00fchren durch W\u00e4lder und steile H\u00e4nge. Wir parken am Anfang des Dorfes in der N\u00e4he der Informationstafeln. Vergiss nicht, <strong>Fernglas und Kamera<\/strong> mitzunehmen, um keine Details zu verpassen.<\/p>\n<p><img decoding=\"async\" class=\"aligncenter size-full wp-image-2382\" src=\"https:\/\/www.ordesamonteperdido.com\/de\/wp-content\/uploads\/bartgeiers-gypaetus-barbatus.jpg\" alt=\"Bartgeiers (Gypaetus barbatus)\" width=\"1200\" height=\"621\" srcset=\"https:\/\/www.ordesamonteperdido.com\/de\/wp-content\/uploads\/bartgeiers-gypaetus-barbatus.jpg 1200w, https:\/\/www.ordesamonteperdido.com\/de\/wp-content\/uploads\/bartgeiers-gypaetus-barbatus-336x174.jpg 336w, https:\/\/www.ordesamonteperdido.com\/de\/wp-content\/uploads\/bartgeiers-gypaetus-barbatus-1024x530.jpg 1024w, https:\/\/www.ordesamonteperdido.com\/de\/wp-content\/uploads\/bartgeiers-gypaetus-barbatus-768x397.jpg 768w\" sizes=\"(max-width: 1200px) 100vw, 1200px\" \/><\/p>\n<h2><span id=\"escuain-und-das-informationszentrum\">Escua\u00edn und das Informationszentrum<\/span><\/h2>\n<p>Escua\u00edn liegt auf einer H\u00f6he von 1200 m und verf\u00fcgt \u00fcber etwa 10 Wohnh\u00e4user und die Kirche San Pedro. Von hier aus gibt es viele m\u00f6gliche Routen, um die Umgebung zu erkunden, einschlie\u00dflich der <strong>Schlucht von Escua\u00edn<\/strong>, die vom Fluss Yaga geformt wird. Im selben Dorf kann man die Route der Aussichtspunkte machen. In einem der Geb\u00e4ude befindet sich ein Informationszentrum, in dem Wanderm\u00f6glichkeiten abgefragt werden k\u00f6nnen und \u00fcber eine Webcam live Greifv\u00f6gel wie der <strong>Bartgeier<\/strong> (Gypaetus barbatus) beobachtet werden k\u00f6nnen.<\/p>\n<h2><span id=\"wanderweg-zum-vogelbeobachtungsobservatorium\">Wanderweg zum Vogelbeobachtungsobservatorium<\/span><\/h2>\n<p>Vom Parkplatz in Escua\u00edn folgen wir einer Forststra\u00dfe (f\u00fcr Autos gesperrt) und steigen konstant f\u00fcr drei Kilometer durch Kiefernw\u00e4lder und Wiesen auf. In der N\u00e4he von Kilometer 3,5 biegen wir zum <strong>Vogelbeobachtungsobservatorium-Puente de los Mallos<\/strong> ab. Wir setzen unseren Aufstieg auf einem Pfad f\u00fcr weitere 1,5 km fort, bis wir zur Weide La Valle gelangen, wo sich der Zugang zum Observatorium befindet.<\/p>\n<p>Es wird empfohlen, den Anweisungen zu folgen, um die V\u00f6gel nicht zu erschrecken, obwohl sie sich normalerweise in sicherer Entfernung befinden werden. Die Route kann zum Puente de los Mallos und zum Dorf Revilla fortgesetzt werden, aber dieses Mal konzentrieren wir uns darauf, die V\u00f6gel zu beobachten und denselben Weg zur\u00fcckzugehen.<\/p>\n<h2><span id=\"vogelbeobachtungsobservatorium-um-den-bartgeier-zu-sehen\">Vogelbeobachtungsobservatorium, um den Bartgeier zu sehen<\/span><\/h2>\n<p>Das Observatorium ist ein Holzbauwerk mit nach S\u00fcdosten ausgerichteten \u00d6ffnungen. Hier befindet sich eine Weide am Hang, auf der Tiere grasen und auf der sich die <strong>Bartgeier<\/strong> oft niederlassen und ihren Flug beginnen. Im Inneren gibt es Informationstafeln \u00fcber die verschiedenen Arten von Greifv\u00f6geln, die in der Gegend vorkommen.<\/p>\n<p>Der Bartgeier ist der Protagonist mit etwa sechshundert Exemplaren auf der Halbinsel. Vom Observatorium aus ist es \u00fcblich, erwachsene und junge V\u00f6gel beim Fliegen zu beobachten. Einige tragen Fl\u00fcgelmarkierungen zur individuellen Identifizierung. Man kann helfen, indem man Sichtungsdaten \u00fcbermittelt. Es wird empfohlen, sich Zeit zu nehmen, um ruhig den Flug und das Verhalten der V\u00f6gel zu beobachten.<\/p>\n<h2><span id=\"karte-der-route-um-den-bartgeier-zu-sehen\">Karte der Route, um den Bartgeier zu sehen<\/span><\/h2>\n<p><iframe src=\"https:\/\/es.wikiloc.com\/wikiloc\/spatialArtifacts.do?event=view&amp;id=20379275&amp;measures=off&amp;title=off&amp;near=off&amp;images=off&amp;maptype=H\" width=\"100%\" height=\"400\" frameborder=\"0\" scrolling=\"no\"><\/iframe><\/p>\n<hr \/>\n<div class=\"display-posts-listing image-top\"><div class=\"listing-item\"><a class=\"image\" href=\"https:\/\/www.ordesamonteperdido.com\/de\/vogelbeobachtungsrouten\/\"><img decoding=\"async\" width=\"1024\" height=\"530\" src=\"https:\/\/www.ordesamonteperdido.com\/de\/wp-content\/uploads\/vogelbeobachtungsrouten-1024x530.jpg\" class=\"attachment-large size-large wp-post-image\" alt=\"ogelbeobachtungsrouten in Ordesa und Monte Perdido\" srcset=\"https:\/\/www.ordesamonteperdido.com\/de\/wp-content\/uploads\/vogelbeobachtungsrouten-1024x530.jpg 1024w, https:\/\/www.ordesamonteperdido.com\/de\/wp-content\/uploads\/vogelbeobachtungsrouten-336x174.jpg 336w, https:\/\/www.ordesamonteperdido.com\/de\/wp-content\/uploads\/vogelbeobachtungsrouten-768x397.jpg 768w, https:\/\/www.ordesamonteperdido.com\/de\/wp-content\/uploads\/vogelbeobachtungsrouten.jpg 1200w\" sizes=\"(max-width: 1024px) 100vw, 1024px\" \/><\/a> <h3><span id=\"vogelbeobachtung\"><a class=\"title\" href=\"https:\/\/www.ordesamonteperdido.com\/de\/vogelbeobachtungsrouten\/\">Vogelbeobachtung<\/a><\/span><\/h3><\/div><div class=\"listing-item\"><a class=\"image\" href=\"https:\/\/www.ordesamonteperdido.com\/de\/punkte-fuer-vogelfotografie\/\"><img decoding=\"async\" width=\"1024\" height=\"530\" src=\"https:\/\/www.ordesamonteperdido.com\/de\/wp-content\/uploads\/puntos-para-fotografia-aves-1024x530.jpg\" class=\"attachment-large size-large wp-post-image\" alt=\"Puestos de Observaci\u00f3n y fotograf\u00eda de Aves (Hide) en Ordesa y Monte Perdido\" srcset=\"https:\/\/www.ordesamonteperdido.com\/de\/wp-content\/uploads\/puntos-para-fotografia-aves-1024x530.jpg 1024w, https:\/\/www.ordesamonteperdido.com\/de\/wp-content\/uploads\/puntos-para-fotografia-aves-336x174.jpg 336w, https:\/\/www.ordesamonteperdido.com\/de\/wp-content\/uploads\/puntos-para-fotografia-aves-768x397.jpg 768w, https:\/\/www.ordesamonteperdido.com\/de\/wp-content\/uploads\/puntos-para-fotografia-aves.jpg 1200w\" sizes=\"(max-width: 1024px) 100vw, 1024px\" \/><\/a> <h3><span id=\"beobachtungs-und-vogelfotografieplatze\"><a class=\"title\" href=\"https:\/\/www.ordesamonteperdido.com\/de\/punkte-fuer-vogelfotografie\/\">Beobachtungs- und Vogelfotografiepl\u00e4tze<\/a><\/span><\/h3><\/div><\/div>\n","protected":false},"excerpt":{"rendered":"<p>Wegbeschreibung, um den Bartgeier vom Observatorium Valle aus zu sehen Von A\u00ednsa aus fahren wir in Richtung Norden nach Escalona und dann weiter in Richtung Escua\u00edn und A\u00f1isclo. Nachdem wir die Stra\u00dfe ins A\u00f1isclo-Tal&#46;&#46;&#46;<\/p>\n","protected":false},"author":2,"featured_media":2382,"parent":0,"menu_order":0,"comment_status":"closed","ping_status":"closed","template":"","meta":{"footnotes":""},"yoast_head":"<!-- This site is optimized with the Yoast SEO plugin v20.1 - https:\/\/yoast.com\/wordpress\/plugins\/seo\/ -->\n<title>Wegbeschreibung, um den Bartgeier vom Observatorium Valle aus zu sehen<\/title>\n<meta name=\"description\" content=\"M\u00f6chtest du den Bartgeier aus erster Reihe sehen? Wir zeigen dir die Route durch das Escua\u00edn-Tal zum Observatorium des Gypaetus barbatus in einer spektakul\u00e4ren Umgebung.\" \/>\n<meta name=\"robots\" content=\"index, follow, max-snippet:-1, max-image-preview:large, max-video-preview:-1\" \/>\n<link rel=\"canonical\" href=\"https:\/\/www.ordesamonteperdido.com\/de\/weg-zur-beobachtung-des-bartgeiers-vom-observatorium-im-valle\/\" \/>\n<meta property=\"og:locale\" content=\"de_DE\" \/>\n<meta property=\"og:type\" content=\"article\" \/>\n<meta property=\"og:title\" content=\"Wegbeschreibung, um den Bartgeier vom Observatorium Valle aus zu sehen\" \/>\n<meta property=\"og:description\" content=\"M\u00f6chtest du den Bartgeier aus erster Reihe sehen? Wir zeigen dir die Route durch das Escua\u00edn-Tal zum Observatorium des Gypaetus barbatus in einer spektakul\u00e4ren Umgebung.\" \/>\n<meta property=\"og:url\" content=\"https:\/\/www.ordesamonteperdido.com\/de\/weg-zur-beobachtung-des-bartgeiers-vom-observatorium-im-valle\/\" \/>\n<meta property=\"og:site_name\" content=\"Ordesa und Monte Perdido\" \/>\n<meta property=\"article:modified_time\" content=\"2024-08-30T13:19:47+00:00\" \/>\n<meta property=\"og:image\" content=\"https:\/\/www.ordesamonteperdido.com\/de\/wp-content\/uploads\/bartgeiers-gypaetus-barbatus.jpg\" \/>\n\t<meta property=\"og:image:width\" content=\"1200\" \/>\n\t<meta property=\"og:image:height\" content=\"621\" \/>\n\t<meta property=\"og:image:type\" content=\"image\/jpeg\" \/>\n<meta name=\"twitter:card\" content=\"summary_large_image\" \/>\n<meta name=\"twitter:label1\" content=\"Tiempo de lectura\" \/>\n\t<meta name=\"twitter:data1\" content=\"3 minutos\" \/>\n<script type=\"application\/ld+json\" class=\"yoast-schema-graph\">{\"@context\":\"https:\/\/schema.org\",\"@graph\":[{\"@type\":\"WebPage\",\"@id\":\"https:\/\/www.ordesamonteperdido.com\/de\/weg-zur-beobachtung-des-bartgeiers-vom-observatorium-im-valle\/\",\"url\":\"https:\/\/www.ordesamonteperdido.com\/de\/weg-zur-beobachtung-des-bartgeiers-vom-observatorium-im-valle\/\",\"name\":\"Wegbeschreibung, um den Bartgeier vom Observatorium Valle aus zu sehen\",\"isPartOf\":{\"@id\":\"https:\/\/www.ordesamonteperdido.com\/de\/#website\"},\"datePublished\":\"2023-05-09T08:11:19+00:00\",\"dateModified\":\"2024-08-30T13:19:47+00:00\",\"description\":\"M\u00f6chtest du den Bartgeier aus erster Reihe sehen? Wir zeigen dir die Route durch das Escua\u00edn-Tal zum Observatorium des Gypaetus barbatus in einer spektakul\u00e4ren Umgebung.\",\"breadcrumb\":{\"@id\":\"https:\/\/www.ordesamonteperdido.com\/de\/weg-zur-beobachtung-des-bartgeiers-vom-observatorium-im-valle\/#breadcrumb\"},\"inLanguage\":\"de\",\"potentialAction\":[{\"@type\":\"ReadAction\",\"target\":[\"https:\/\/www.ordesamonteperdido.com\/de\/weg-zur-beobachtung-des-bartgeiers-vom-observatorium-im-valle\/\"]}]},{\"@type\":\"BreadcrumbList\",\"@id\":\"https:\/\/www.ordesamonteperdido.com\/de\/weg-zur-beobachtung-des-bartgeiers-vom-observatorium-im-valle\/#breadcrumb\",\"itemListElement\":[{\"@type\":\"ListItem\",\"position\":1,\"name\":\"Portada\",\"item\":\"https:\/\/www.ordesamonteperdido.com\/de\/\"},{\"@type\":\"ListItem\",\"position\":2,\"name\":\"Wegbeschreibung, um den Bartgeier vom Observatorium Valle aus zu sehen\"}]},{\"@type\":\"WebSite\",\"@id\":\"https:\/\/www.ordesamonteperdido.com\/de\/#website\",\"url\":\"https:\/\/www.ordesamonteperdido.com\/de\/\",\"name\":\"Ordesa und Monte Perdido\",\"description\":\"Tourismus, Unterk\u00fcnfte, Wanderwege und F\u00fchrungen.\",\"publisher\":{\"@id\":\"https:\/\/www.ordesamonteperdido.com\/de\/#organization\"},\"potentialAction\":[{\"@type\":\"SearchAction\",\"target\":{\"@type\":\"EntryPoint\",\"urlTemplate\":\"https:\/\/www.ordesamonteperdido.com\/de\/?s={search_term_string}\"},\"query-input\":\"required name=search_term_string\"}],\"inLanguage\":\"de\"},{\"@type\":\"Organization\",\"@id\":\"https:\/\/www.ordesamonteperdido.com\/de\/#organization\",\"name\":\"Ordesa und Monte Perdido\",\"url\":\"https:\/\/www.ordesamonteperdido.com\/de\/\",\"logo\":{\"@type\":\"ImageObject\",\"inLanguage\":\"de\",\"@id\":\"https:\/\/www.ordesamonteperdido.com\/de\/#\/schema\/logo\/image\/\",\"url\":\"\",\"contentUrl\":\"\",\"caption\":\"Ordesa und Monte Perdido\"},\"image\":{\"@id\":\"https:\/\/www.ordesamonteperdido.com\/de\/#\/schema\/logo\/image\/\"}}]}<\/script>\n<!-- \/ Yoast SEO plugin. -->","yoast_head_json":{"title":"Wegbeschreibung, um den Bartgeier vom Observatorium Valle aus zu sehen","description":"M\u00f6chtest du den Bartgeier aus erster Reihe sehen? Wir zeigen dir die Route durch das Escua\u00edn-Tal zum Observatorium des Gypaetus barbatus in einer spektakul\u00e4ren Umgebung.","robots":{"index":"index","follow":"follow","max-snippet":"max-snippet:-1","max-image-preview":"max-image-preview:large","max-video-preview":"max-video-preview:-1"},"canonical":"https:\/\/www.ordesamonteperdido.com\/de\/weg-zur-beobachtung-des-bartgeiers-vom-observatorium-im-valle\/","og_locale":"de_DE","og_type":"article","og_title":"Wegbeschreibung, um den Bartgeier vom Observatorium Valle aus zu sehen","og_description":"M\u00f6chtest du den Bartgeier aus erster Reihe sehen? Wir zeigen dir die Route durch das Escua\u00edn-Tal zum Observatorium des Gypaetus barbatus in einer spektakul\u00e4ren Umgebung.","og_url":"https:\/\/www.ordesamonteperdido.com\/de\/weg-zur-beobachtung-des-bartgeiers-vom-observatorium-im-valle\/","og_site_name":"Ordesa und Monte Perdido","article_modified_time":"2024-08-30T13:19:47+00:00","og_image":[{"width":1200,"height":621,"url":"https:\/\/www.ordesamonteperdido.com\/de\/wp-content\/uploads\/bartgeiers-gypaetus-barbatus.jpg","type":"image\/jpeg"}],"twitter_card":"summary_large_image","twitter_misc":{"Tiempo de lectura":"3 minutos"},"schema":{"@context":"https:\/\/schema.org","@graph":[{"@type":"WebPage","@id":"https:\/\/www.ordesamonteperdido.com\/de\/weg-zur-beobachtung-des-bartgeiers-vom-observatorium-im-valle\/","url":"https:\/\/www.ordesamonteperdido.com\/de\/weg-zur-beobachtung-des-bartgeiers-vom-observatorium-im-valle\/","name":"Wegbeschreibung, um den Bartgeier vom Observatorium Valle aus zu sehen","isPartOf":{"@id":"https:\/\/www.ordesamonteperdido.com\/de\/#website"},"datePublished":"2023-05-09T08:11:19+00:00","dateModified":"2024-08-30T13:19:47+00:00","description":"M\u00f6chtest du den Bartgeier aus erster Reihe sehen? Wir zeigen dir die Route durch das Escua\u00edn-Tal zum Observatorium des Gypaetus barbatus in einer spektakul\u00e4ren Umgebung.","breadcrumb":{"@id":"https:\/\/www.ordesamonteperdido.com\/de\/weg-zur-beobachtung-des-bartgeiers-vom-observatorium-im-valle\/#breadcrumb"},"inLanguage":"de","potentialAction":[{"@type":"ReadAction","target":["https:\/\/www.ordesamonteperdido.com\/de\/weg-zur-beobachtung-des-bartgeiers-vom-observatorium-im-valle\/"]}]},{"@type":"BreadcrumbList","@id":"https:\/\/www.ordesamonteperdido.com\/de\/weg-zur-beobachtung-des-bartgeiers-vom-observatorium-im-valle\/#breadcrumb","itemListElement":[{"@type":"ListItem","position":1,"name":"Portada","item":"https:\/\/www.ordesamonteperdido.com\/de\/"},{"@type":"ListItem","position":2,"name":"Wegbeschreibung, um den Bartgeier vom Observatorium Valle aus zu sehen"}]},{"@type":"WebSite","@id":"https:\/\/www.ordesamonteperdido.com\/de\/#website","url":"https:\/\/www.ordesamonteperdido.com\/de\/","name":"Ordesa und Monte Perdido","description":"Tourismus, Unterk\u00fcnfte, Wanderwege und F\u00fchrungen.","publisher":{"@id":"https:\/\/www.ordesamonteperdido.com\/de\/#organization"},"potentialAction":[{"@type":"SearchAction","target":{"@type":"EntryPoint","urlTemplate":"https:\/\/www.ordesamonteperdido.com\/de\/?s={search_term_string}"},"query-input":"required name=search_term_string"}],"inLanguage":"de"},{"@type":"Organization","@id":"https:\/\/www.ordesamonteperdido.com\/de\/#organization","name":"Ordesa und Monte Perdido","url":"https:\/\/www.ordesamonteperdido.com\/de\/","logo":{"@type":"ImageObject","inLanguage":"de","@id":"https:\/\/www.ordesamonteperdido.com\/de\/#\/schema\/logo\/image\/","url":"","contentUrl":"","caption":"Ordesa und Monte Perdido"},"image":{"@id":"https:\/\/www.ordesamonteperdido.com\/de\/#\/schema\/logo\/image\/"}}]}},"_links":{"self":[{"href":"https:\/\/www.ordesamonteperdido.com\/de\/wp-json\/wp\/v2\/pages\/1609"}],"collection":[{"href":"https:\/\/www.ordesamonteperdido.com\/de\/wp-json\/wp\/v2\/pages"}],"about":[{"href":"https:\/\/www.ordesamonteperdido.com\/de\/wp-json\/wp\/v2\/types\/page"}],"author":[{"embeddable":true,"href":"https:\/\/www.ordesamonteperdido.com\/de\/wp-json\/wp\/v2\/users\/2"}],"replies":[{"embeddable":true,"href":"https:\/\/www.ordesamonteperdido.com\/de\/wp-json\/wp\/v2\/comments?post=1609"}],"version-history":[{"count":0,"href":"https:\/\/www.ordesamonteperdido.com\/de\/wp-json\/wp\/v2\/pages\/1609\/revisions"}],"wp:featuredmedia":[{"embeddable":true,"href":"https:\/\/www.ordesamonteperdido.com\/de\/wp-json\/wp\/v2\/media\/2382"}],"wp:attachment":[{"href":"https:\/\/www.ordesamonteperdido.com\/de\/wp-json\/wp\/v2\/media?parent=1609"}],"curies":[{"name":"wp","href":"https:\/\/api.w.org\/{rel}","templated":true}]}}