{"id":2535,"date":"2024-03-05T15:23:50","date_gmt":"2024-03-05T14:23:50","guid":{"rendered":"https:\/\/www.ordesamonteperdido.com\/de\/?page_id=2535"},"modified":"2024-08-30T15:21:54","modified_gmt":"2024-08-30T13:21:54","slug":"klettersteig-del-sorrosal","status":"publish","type":"page","link":"https:\/\/www.ordesamonteperdido.com\/de\/klettersteig-del-sorrosal\/","title":{"rendered":"Klettersteig del Sorrosal in Broto, Torla und Ordesa"},"content":{"rendered":"<div id=\"toc_container\" class=\"toc_white no_bullets\"><p class=\"toc_title\">Index<\/p><ul class=\"toc_list\"><li><a href=\"#routenverlauf-des-klettersteigs-del-sorrosal-k3-in-broto\"><span class=\"toc_number toc_depth_1\">1<\/span> Routenverlauf des Klettersteigs del Sorrosal K3 in Broto<\/a><ul><li><a href=\"#beginn-der-route-am-sorrosal-wasserfall\"><span class=\"toc_number toc_depth_2\">1.1<\/span> Beginn der Route am Sorrosal-Wasserfall<\/a><\/li><li><a href=\"#erster-abschnitt\"><span class=\"toc_number toc_depth_2\">1.2<\/span> Erster Abschnitt<\/a><\/li><li><a href=\"#ferrata-sorrosal-leitern\"><span class=\"toc_number toc_depth_2\">1.3<\/span> Ferrata Sorrosal Leitern<\/a><\/li><li><a href=\"#sorrosal-canyon\"><span class=\"toc_number toc_depth_2\">1.4<\/span> Sorrosal Canyon<\/a><\/li><li><a href=\"#rast-und-eintauchen\"><span class=\"toc_number toc_depth_2\">1.5<\/span> Rast und Eintauchen<\/a><\/li><li><a href=\"#auserhalb-der-schlucht\"><span class=\"toc_number toc_depth_2\">1.6<\/span> Au\u00dferhalb der Schlucht<\/a><\/li><li><a href=\"#ende-der-route\"><span class=\"toc_number toc_depth_2\">1.7<\/span> Ende der Route<\/a><\/li><li><a href=\"#ruckkehr-zum-startpunkt\"><span class=\"toc_number toc_depth_2\">1.8<\/span> R\u00fcckkehr zum Startpunkt<\/a><\/li><\/ul><\/li><li><a href=\"#schwierigkeitsgrad-des-sorrosal-klettersteigs\"><span class=\"toc_number toc_depth_1\">2<\/span> Schwierigkeitsgrad des Sorrosal-Klettersteigs<\/a><ul><li><a href=\"#voraussetzungen-fur-die-durchfuhrung-des-sorrosal-klettersteigs-in-broto\"><span class=\"toc_number toc_depth_2\">2.1<\/span> Voraussetzungen f\u00fcr die Durchf\u00fchrung des Sorrosal-Klettersteigs in Broto<\/a><\/li><\/ul><\/li><li><a href=\"#erforderliche-ausrustung\"><span class=\"toc_number toc_depth_1\">3<\/span> Erforderliche Ausr\u00fcstung<\/a><\/li><li><a href=\"#preis-des-sorrosal-klettersteigs\"><span class=\"toc_number toc_depth_1\">4<\/span> Preis des Sorrosal-Klettersteigs<\/a><\/li><\/ul><\/div>\n\n<p>Die <strong>Via Ferrata del Sorrosal<\/strong> (Klettersteig del Sorrosal) befindet sich am Eingang des <a href=\"https:\/\/www.ordesamonteperdido.com\/de\/\">Nationalparks Ordesa und Monte Perdido<\/a> in <a href=\"https:\/\/www.ordesamonteperdido.com\/de\/broto\/\">Broto<\/a>, Provinz Huesca, Spanien. Sie ist leicht zu Fu\u00df vom Zentrum des Dorfes aus zu erreichen.<\/p>\n<p>Sie erstreckt sich entlang der Schlucht, die vom Fluss Sorrosal unmittelbar vor seiner M\u00fcndung in den Fluss Ara geschaffen wurde, \u00fcber \u00abFlysch\u00bb-Felsformationen und gilt als eine der beeindruckendsten <a href=\"https:\/\/www.ordesamonteperdido.com\/de\/klettersteigrouten\/\">Klettersteigrouten<\/a> Spaniens.<\/p>\n<p>Sie hat einen Schwierigkeitsgrad von K3, was bedeutet, dass keine vorherige Erfahrung erforderlich ist, obwohl es wichtig ist, keine H\u00f6henangst zu haben. Sie wird f\u00fcr ein breites Spektrum von Personen empfohlen.<\/p>\n<p>Es ist unerl\u00e4sslich, angemessene Kleidung und Schuhe f\u00fcr Bergtouren oder \u00e4hnliches zu tragen, um diese Aktivit\u00e4t durchzuf\u00fchren.<\/p>\n<h2><span id=\"routenverlauf-des-klettersteigs-del-sorrosal-k3-in-broto\">Routenverlauf des Klettersteigs del Sorrosal K3 in Broto<\/span><\/h2>\n<p>Auf der Via Ferrata del Sorrosal, Kategorie K3 und in Broto gelegen, beginnt die Strecke mit der Durchquerung des beeindruckenden nat\u00fcrlichen Amphitheaters, das vom Verlauf des Flusses gebildet wird. W\u00e4hrend dieses ersten Abschnitts haben die Teilnehmer die M\u00f6glichkeit, zwei beeindruckende Wasserf\u00e4lle zu bewundern, jeder mit einem freien Fall von 40 Metern. Die Route wechselt zwischen vertikalen und horizontalen Abschnitten, die zwar keine gro\u00dfen Herausforderungen bieten, aber st\u00e4ndige Aufmerksamkeit erfordern, um ein Ausrutschen im Schlamm zu vermeiden oder von herabfallenden Steinen getroffen zu werden.<\/p>\n<div style=\"text-align: center;\"><script>function loadScript(url, callback){var script=document.createElement('script'); script.type='text\/javascript'; if (script.readyState){script.onreadystatechange=function(){if (script.readyState=='loaded' || script.readyState=='complete'){script.onreadystatechange=null; callback();}};}else{script.onload=function(){callback();};}script.src=url; document.getElementsByTagName('head')[0].appendChild(script);}loadScript('https:\/\/www.civitatis.com\/f\/js\/vendor\/iframeResizer.min.js', function(){iFrameResize({checkOrigin:false,initCallback:function(iframe){setTimeout(function(){var resizeEvent = window.document.createEvent('UIEvents'); resizeEvent.initUIEvent('resize', true, false, window, 0); iframe.dispatchEvent(resizeEvent);});}})})<\/script><iframe class=\"civitatis-iframe\" style=\"max-width: 100%;\" src=\"https:\/\/www.civitatis.com\/widget-activities\/?affiliated=104483&amp;display=cosy&amp;cant=3&amp;lang=en&amp;currency=EUR&amp;transfer=0&amp;cmp=Widget_DE_Ordesa_Sorrosal&amp;width=100%&amp;hideButton=0&amp;centerContent=1&amp;typeSelection=manual&amp;color=3f892a&amp;typography=Montserrat&amp;removeBackground=1&amp;showShadow=1&amp;roundedButtons=1\" width=\"100%\" frameborder=\"0\" data-maxwidth=\"100%\"><\/iframe><\/div>\n<h3><span id=\"beginn-der-route-am-sorrosal-wasserfall\">Beginn der Route am Sorrosal-Wasserfall<\/span><\/h3>\n<p>Der Startpunkt der Route befindet sich auf dem Parkplatz in der N\u00e4he des Gesundheitszentrums von Broto, von wo aus wir einen etwa 5-min\u00fctigen Spaziergang entlang eines Pfades unternehmen werden, der uns direkt zu den Sorrosal-Wasserf\u00e4llen f\u00fchrt.<\/p>\n<p><a href=\"https:\/\/www.civitatis.com\/en\/torla-ordesa\/?aid=104483&amp;cmp=DE_ordesa_sorrosal\" target=\"_blank\" rel=\"noopener noreferrer nofollow\"><img decoding=\"async\" class=\"aligncenter wp-image-2539 size-full\" src=\"https:\/\/www.ordesamonteperdido.com\/de\/wp-content\/uploads\/klettersteig-del-Sorrosal.jpg\" alt=\"Klettersteig del Sorrosal in Broto, Torla und Ordesa\" width=\"1600\" height=\"964\" srcset=\"https:\/\/www.ordesamonteperdido.com\/de\/wp-content\/uploads\/klettersteig-del-Sorrosal.jpg 1600w, https:\/\/www.ordesamonteperdido.com\/de\/wp-content\/uploads\/klettersteig-del-Sorrosal-336x202.jpg 336w, https:\/\/www.ordesamonteperdido.com\/de\/wp-content\/uploads\/klettersteig-del-Sorrosal-1024x617.jpg 1024w, https:\/\/www.ordesamonteperdido.com\/de\/wp-content\/uploads\/klettersteig-del-Sorrosal-768x463.jpg 768w, https:\/\/www.ordesamonteperdido.com\/de\/wp-content\/uploads\/klettersteig-del-Sorrosal-1536x925.jpg 1536w\" sizes=\"(max-width: 1600px) 100vw, 1600px\" \/><\/a><\/p>\n<h3><span id=\"erster-abschnitt\">Erster Abschnitt<\/span><\/h3>\n<p>Nach etwa 25 bis 30 Minuten Wanderung erreichen wir einen Rastplatz neben einer einsamen Kiefer. An diesem Ort k\u00f6nnen wir den Blick auf ein nat\u00fcrliches Becken genie\u00dfen, das als Auffangbecken f\u00fcr das Wasser des ersten Wasserfalls dient.<\/p>\n<h3><span id=\"ferrata-sorrosal-leitern\">Ferrata Sorrosal Leitern<\/span><\/h3>\n<p>Nach der Pause f\u00fchrt die Route in ihren vertikalsten Abschnitt, der aus f\u00fcnf aufeinanderfolgenden Abschnitten von Metallleitern besteht. Dieses Segment f\u00fchrt direkt zu einer \u00abH\u00f6hle\u00bb oder einem Tunnel, einem k\u00fcnstlich in den Felsen gegrabenen Durchgang, der historisch dazu diente, Wasser in das benachbarte Dorf Oto umzuleiten. Im Sommer ist es nicht ungew\u00f6hnlich, dass Wasser durch diesen Abschnitt flie\u00dft, was Abenteurern die M\u00f6glichkeit bietet, unter Verwendung der Oppositionstechnik voranzukommen, wobei darauf geachtet werden muss, nicht auszurutschen (\u00abeinzutauchen\u00bb) oder alternativ die Schuhe auszuziehen, um die F\u00fc\u00dfe im Wasser abzuk\u00fchlen. Dieser Abschnitt erstreckt sich etwa \u00fcber 30 Meter.<\/p>\n<p><a href=\"https:\/\/www.civitatis.com\/en\/torla-ordesa\/?aid=104483&amp;cmp=DE_ordesa_sorrosal\" target=\"_blank\" rel=\"noopener noreferrer nofollow\"><img decoding=\"async\" class=\"aligncenter wp-image-2301 size-full\" src=\"https:\/\/www.ordesamonteperdido.com\/wp-content\/uploads\/escaleras-de-ferrata-Sorrosal.jpg\" alt=\"Leitern des Ferrata Sorrosal\" width=\"775\" height=\"581\" \/><\/a><\/p>\n<p>Nachdem man aus der H\u00f6hle oder dem Tunnel herausgekommen ist, ist es entscheidend, sich erneut am Sicherheitsseil zu sichern, bevor man fortf\u00e4hrt. Dieser Punkt markiert den Eingang zum malerischsten Abschnitt des Klettersteigs und verspricht noch beeindruckendere Ausblicke und Erfahrungen.<\/p>\n<h3><span id=\"sorrosal-canyon\">Sorrosal Canyon<\/span><\/h3>\n<p>Der Abschnitt des Flusses Sorrosal verl\u00e4uft durch eine enge Schlucht, die mit einer Reihe von Wasserf\u00e4llen und Teichen geschm\u00fcckt ist und einen charmanten Wasserfluss bildet. Wir werden eine tibetanische Br\u00fccke \u00fcberqueren, um unser Abenteuer fortzusetzen.<\/p>\n<h3><span id=\"rast-und-eintauchen\">Rast und Eintauchen<\/span><\/h3>\n<p>Nach Abschluss unserer Durchquerung der Schlucht, etwa nach 20 Minuten, finden wir einen idealen Rastplatz, perfekt f\u00fcr ein Picknick im Freien oder sogar f\u00fcr ein erfrischendes Bad in den oberen Becken.<\/p>\n<h3><span id=\"auserhalb-der-schlucht\">Au\u00dferhalb der Schlucht<\/span><\/h3>\n<p>Nachdem wir die Wanderung nach der Pause wieder aufgenommen haben, f\u00fchrt uns der Weg aus der Schlucht heraus, durch offeneres und sonnigeres Gel\u00e4nde. Wir werden mehrere kurze Abschnitte \u00fcberwinden, um dann in einen wundersch\u00f6nen Wald aus Eichen und Kiefern einzutauchen, wo der Pfad weiter bis zum letzten Abschnitt des Klettersteigs f\u00fchrt. Hier bietet uns ein erodierter Streifen im Flysch spektakul\u00e4re Ausblicke auf das Broto-Tal, den Fluss Ara und den Beginn unserer Route.<\/p>\n<h3><span id=\"ende-der-route\">Ende der Route<\/span><\/h3>\n<p>Nach etwa zwei Stunden werden wir unsere Erfahrung auf dem Sorrosal-Klettersteig abschlie\u00dfen.<\/p>\n<h3><span id=\"ruckkehr-zum-startpunkt\">R\u00fcckkehr zum Startpunkt<\/span><\/h3>\n<p>Vom Ende des Klettersteigs aus werden wir dem Weg folgen, bis wir auf den PR (Peque\u00f1o Recorrido) sto\u00dfen, der die D\u00f6rfer Fragen und Broto verbindet. Wir werden den Weg nach rechts nehmen, um zum Ausgangspunkt zur\u00fcckzukehren und damit eine Rundtour abzuschlie\u00dfen.<\/p>\n<p>Der Sorrosal-Klettersteig ist zweifellos eine unverzichtbare Aktivit\u00e4t f\u00fcr Besucher der Pyren\u00e4en von Huesca und der Ordesa-Region. F\u00fcr ein optimales Erlebnis wird empfohlen, ihn in Begleitung eines Guides zu absolvieren.<\/p>\n<h2><span id=\"schwierigkeitsgrad-des-sorrosal-klettersteigs\">Schwierigkeitsgrad des Sorrosal-Klettersteigs<\/span><\/h2>\n<p>Die Schwierigkeitsbewertung f\u00fcr den Sorrosal-Klettersteig wird auf <strong>K3<\/strong> festgelegt, gem\u00e4\u00df der Kletterskala von K1 (leicht) bis K6 (schwierig), was ihn auf ein mittleres Niveau einstuft. Obwohl keine vorherige Erfahrung mit Klettersteigen erforderlich ist, ist es entscheidend, keine H\u00f6henangst zu haben. Diese Route wird f\u00fcr eine breite Palette von Teilnehmern empfohlen. Der Faktor, der zu gr\u00f6\u00dferen Schwierigkeiten f\u00fcr Teilnehmer dieser Route beitragen kann, liegt in der mentalen Herausforderung bestimmter Abschnitte, wie der Leiter.<\/p>\n<h3><span id=\"voraussetzungen-fur-die-durchfuhrung-des-sorrosal-klettersteigs-in-broto\">Voraussetzungen f\u00fcr die Durchf\u00fchrung des Sorrosal-Klettersteigs in Broto<\/span><\/h3>\n<ul>\n<li>Nicht empfohlen f\u00fcr Personen \u00fcber 70 Jahre.<\/li>\n<li>Nicht geeignet f\u00fcr Kinder unter 12 Jahren.<\/li>\n<li>Ungeeignet f\u00fcr Personen mit H\u00f6henkrankheit.<\/li>\n<li>Nicht ratsam f\u00fcr Personen mit H\u00f6henangst.<\/li>\n<\/ul>\n<h2><span id=\"erforderliche-ausrustung\">Erforderliche Ausr\u00fcstung<\/span><\/h2>\n<p>Bei der <a href=\"https:\/\/www.civitatis.com\/en\/torla-ordesa\/?aid=104483&amp;cmp=DE_ordesa_sorrosal\" target=\"_blank\" rel=\"noopener noreferrer nofollow\"><strong>Buchung der Tour<\/strong><\/a> f\u00fcr den Sorrosal-Klettersteig wird ein Gurtzeug mit Energieabsorber und spezielle Klettersteig-Karabiner zur Verf\u00fcgung gestellt, um im Falle eines Sturzes Sicherheit zu gew\u00e4hrleisten. Auch ein Helm, Handschuhe und eine Versicherung werden bereitgestellt. Es wird empfohlen, Wasser und einen Snack mitzubringen.<\/p>\n<p>Neben dem oben Genannten ist es auch ratsam, geeignetes Schuhwerk f\u00fcr Bergwanderungen wie Bergschuhe mit griffiger Gummisohle mitzunehmen, um ein Ausrutschen zu verhindern und Schutz vor St\u00f6\u00dfen und Verstauchungen auf unebenem Gel\u00e4nde zu bieten.<\/p>\n<h2><span id=\"preis-des-sorrosal-klettersteigs\">Preis des Sorrosal-Klettersteigs<\/span><\/h2>\n<p>Die Teilnahme am Sorrosal-Klettersteig kostet ungef\u00e4hr 50\u20ac. Dieser Preis beinhaltet den Zugang und die Nutzung der gesamten f\u00fcr die Aktivit\u00e4t erforderlichen Ausr\u00fcstung. Sie k\u00f6nnen <a href=\"https:\/\/www.civitatis.com\/en\/torla-ordesa\/?aid=104483&amp;cmp=DE_ordesa_sorrosal\" target=\"_blank\" rel=\"noopener noreferrer nofollow\"><strong>hier die Kosten und Details einsehen<\/strong><\/a>.<\/p>\n<div style=\"text-align: center;\"><script>function loadScript(url, callback){var script=document.createElement('script'); script.type='text\/javascript'; if (script.readyState){script.onreadystatechange=function(){if (script.readyState=='loaded' || script.readyState=='complete'){script.onreadystatechange=null; callback();}};}else{script.onload=function(){callback();};}script.src=url; document.getElementsByTagName('head')[0].appendChild(script);}loadScript('https:\/\/www.civitatis.com\/f\/js\/vendor\/iframeResizer.min.js', function(){iFrameResize({checkOrigin:false,initCallback:function(iframe){setTimeout(function(){var resizeEvent = window.document.createEvent('UIEvents'); resizeEvent.initUIEvent('resize', true, false, window, 0); iframe.dispatchEvent(resizeEvent);});}})})<\/script><iframe class=\"civitatis-iframe\" style=\"max-width: 100%;\" src=\"https:\/\/www.civitatis.com\/widget-activities\/?affiliated=104483&amp;display=cosy&amp;cant=3&amp;lang=en&amp;currency=EUR&amp;transfer=0&amp;cmp=Widget_DE_Ordesa_Sorrosal&amp;width=100%&amp;hideButton=0&amp;centerContent=1&amp;typeSelection=manual&amp;color=3f892a&amp;typography=Montserrat&amp;removeBackground=1&amp;showShadow=1&amp;roundedButtons=1\" width=\"100%\" frameborder=\"0\" data-maxwidth=\"100%\"><\/iframe><\/div>\n","protected":false},"excerpt":{"rendered":"<p>Die Via Ferrata del Sorrosal (Klettersteig del Sorrosal) befindet sich am Eingang des Nationalparks Ordesa und Monte Perdido in Broto, Provinz Huesca, Spanien. Sie ist leicht zu Fu\u00df vom Zentrum des Dorfes aus zu&#46;&#46;&#46;<\/p>\n","protected":false},"author":2,"featured_media":2539,"parent":0,"menu_order":0,"comment_status":"closed","ping_status":"closed","template":"","meta":{"footnotes":""},"yoast_head":"<!-- This site is optimized with the Yoast SEO plugin v20.1 - https:\/\/yoast.com\/wordpress\/plugins\/seo\/ -->\n<title>Klettersteig del Sorrosal in Broto, Torla und Ordesa: Schwierigkeit, Preis und Details<\/title>\n<meta name=\"description\" content=\"er Klettersteig del Sorrosal in Broto bietet ein einzigartiges Erlebnis: mit dem Sorrosal-Wasserfall, Schwierigkeitsgrad K3 und einzigartigen Ausblicken. Details, Preis und wie man ihn erlebt.\" \/>\n<meta name=\"robots\" content=\"index, follow, max-snippet:-1, max-image-preview:large, max-video-preview:-1\" \/>\n<link rel=\"canonical\" href=\"https:\/\/www.ordesamonteperdido.com\/de\/klettersteig-del-sorrosal\/\" \/>\n<meta property=\"og:locale\" content=\"de_DE\" \/>\n<meta property=\"og:type\" content=\"article\" \/>\n<meta property=\"og:title\" content=\"Klettersteig del Sorrosal in Broto, Torla und Ordesa: Schwierigkeit, Preis und Details\" \/>\n<meta property=\"og:description\" content=\"er Klettersteig del Sorrosal in Broto bietet ein einzigartiges Erlebnis: mit dem Sorrosal-Wasserfall, Schwierigkeitsgrad K3 und einzigartigen Ausblicken. Details, Preis und wie man ihn erlebt.\" \/>\n<meta property=\"og:url\" content=\"https:\/\/www.ordesamonteperdido.com\/de\/klettersteig-del-sorrosal\/\" \/>\n<meta property=\"og:site_name\" content=\"Ordesa und Monte Perdido\" \/>\n<meta property=\"article:modified_time\" content=\"2024-08-30T13:21:54+00:00\" \/>\n<meta property=\"og:image\" content=\"https:\/\/www.ordesamonteperdido.com\/de\/wp-content\/uploads\/klettersteig-del-Sorrosal.jpg\" \/>\n\t<meta property=\"og:image:width\" content=\"1600\" \/>\n\t<meta property=\"og:image:height\" content=\"964\" \/>\n\t<meta property=\"og:image:type\" content=\"image\/jpeg\" \/>\n<meta name=\"twitter:card\" content=\"summary_large_image\" \/>\n<meta name=\"twitter:label1\" content=\"Tiempo de lectura\" \/>\n\t<meta name=\"twitter:data1\" content=\"5 minutos\" \/>\n<script type=\"application\/ld+json\" class=\"yoast-schema-graph\">{\"@context\":\"https:\/\/schema.org\",\"@graph\":[{\"@type\":\"WebPage\",\"@id\":\"https:\/\/www.ordesamonteperdido.com\/de\/klettersteig-del-sorrosal\/\",\"url\":\"https:\/\/www.ordesamonteperdido.com\/de\/klettersteig-del-sorrosal\/\",\"name\":\"Klettersteig del Sorrosal in Broto, Torla und Ordesa: Schwierigkeit, Preis und Details\",\"isPartOf\":{\"@id\":\"https:\/\/www.ordesamonteperdido.com\/de\/#website\"},\"datePublished\":\"2024-03-05T14:23:50+00:00\",\"dateModified\":\"2024-08-30T13:21:54+00:00\",\"description\":\"er Klettersteig del Sorrosal in Broto bietet ein einzigartiges Erlebnis: mit dem Sorrosal-Wasserfall, Schwierigkeitsgrad K3 und einzigartigen Ausblicken. Details, Preis und wie man ihn erlebt.\",\"breadcrumb\":{\"@id\":\"https:\/\/www.ordesamonteperdido.com\/de\/klettersteig-del-sorrosal\/#breadcrumb\"},\"inLanguage\":\"de\",\"potentialAction\":[{\"@type\":\"ReadAction\",\"target\":[\"https:\/\/www.ordesamonteperdido.com\/de\/klettersteig-del-sorrosal\/\"]}]},{\"@type\":\"BreadcrumbList\",\"@id\":\"https:\/\/www.ordesamonteperdido.com\/de\/klettersteig-del-sorrosal\/#breadcrumb\",\"itemListElement\":[{\"@type\":\"ListItem\",\"position\":1,\"name\":\"Portada\",\"item\":\"https:\/\/www.ordesamonteperdido.com\/de\/\"},{\"@type\":\"ListItem\",\"position\":2,\"name\":\"Klettersteig del Sorrosal in Broto, Torla und Ordesa\"}]},{\"@type\":\"WebSite\",\"@id\":\"https:\/\/www.ordesamonteperdido.com\/de\/#website\",\"url\":\"https:\/\/www.ordesamonteperdido.com\/de\/\",\"name\":\"Ordesa und Monte Perdido\",\"description\":\"Tourismus, Unterk\u00fcnfte, Wanderwege und F\u00fchrungen.\",\"publisher\":{\"@id\":\"https:\/\/www.ordesamonteperdido.com\/de\/#organization\"},\"potentialAction\":[{\"@type\":\"SearchAction\",\"target\":{\"@type\":\"EntryPoint\",\"urlTemplate\":\"https:\/\/www.ordesamonteperdido.com\/de\/?s={search_term_string}\"},\"query-input\":\"required name=search_term_string\"}],\"inLanguage\":\"de\"},{\"@type\":\"Organization\",\"@id\":\"https:\/\/www.ordesamonteperdido.com\/de\/#organization\",\"name\":\"Ordesa und Monte Perdido\",\"url\":\"https:\/\/www.ordesamonteperdido.com\/de\/\",\"logo\":{\"@type\":\"ImageObject\",\"inLanguage\":\"de\",\"@id\":\"https:\/\/www.ordesamonteperdido.com\/de\/#\/schema\/logo\/image\/\",\"url\":\"\",\"contentUrl\":\"\",\"caption\":\"Ordesa und Monte Perdido\"},\"image\":{\"@id\":\"https:\/\/www.ordesamonteperdido.com\/de\/#\/schema\/logo\/image\/\"}}]}<\/script>\n<!-- \/ Yoast SEO plugin. -->","yoast_head_json":{"title":"Klettersteig del Sorrosal in Broto, Torla und Ordesa: Schwierigkeit, Preis und Details","description":"er Klettersteig del Sorrosal in Broto bietet ein einzigartiges Erlebnis: mit dem Sorrosal-Wasserfall, Schwierigkeitsgrad K3 und einzigartigen Ausblicken. Details, Preis und wie man ihn erlebt.","robots":{"index":"index","follow":"follow","max-snippet":"max-snippet:-1","max-image-preview":"max-image-preview:large","max-video-preview":"max-video-preview:-1"},"canonical":"https:\/\/www.ordesamonteperdido.com\/de\/klettersteig-del-sorrosal\/","og_locale":"de_DE","og_type":"article","og_title":"Klettersteig del Sorrosal in Broto, Torla und Ordesa: Schwierigkeit, Preis und Details","og_description":"er Klettersteig del Sorrosal in Broto bietet ein einzigartiges Erlebnis: mit dem Sorrosal-Wasserfall, Schwierigkeitsgrad K3 und einzigartigen Ausblicken. Details, Preis und wie man ihn erlebt.","og_url":"https:\/\/www.ordesamonteperdido.com\/de\/klettersteig-del-sorrosal\/","og_site_name":"Ordesa und Monte Perdido","article_modified_time":"2024-08-30T13:21:54+00:00","og_image":[{"width":1600,"height":964,"url":"https:\/\/www.ordesamonteperdido.com\/de\/wp-content\/uploads\/klettersteig-del-Sorrosal.jpg","type":"image\/jpeg"}],"twitter_card":"summary_large_image","twitter_misc":{"Tiempo de lectura":"5 minutos"},"schema":{"@context":"https:\/\/schema.org","@graph":[{"@type":"WebPage","@id":"https:\/\/www.ordesamonteperdido.com\/de\/klettersteig-del-sorrosal\/","url":"https:\/\/www.ordesamonteperdido.com\/de\/klettersteig-del-sorrosal\/","name":"Klettersteig del Sorrosal in Broto, Torla und Ordesa: Schwierigkeit, Preis und Details","isPartOf":{"@id":"https:\/\/www.ordesamonteperdido.com\/de\/#website"},"datePublished":"2024-03-05T14:23:50+00:00","dateModified":"2024-08-30T13:21:54+00:00","description":"er Klettersteig del Sorrosal in Broto bietet ein einzigartiges Erlebnis: mit dem Sorrosal-Wasserfall, Schwierigkeitsgrad K3 und einzigartigen Ausblicken. Details, Preis und wie man ihn erlebt.","breadcrumb":{"@id":"https:\/\/www.ordesamonteperdido.com\/de\/klettersteig-del-sorrosal\/#breadcrumb"},"inLanguage":"de","potentialAction":[{"@type":"ReadAction","target":["https:\/\/www.ordesamonteperdido.com\/de\/klettersteig-del-sorrosal\/"]}]},{"@type":"BreadcrumbList","@id":"https:\/\/www.ordesamonteperdido.com\/de\/klettersteig-del-sorrosal\/#breadcrumb","itemListElement":[{"@type":"ListItem","position":1,"name":"Portada","item":"https:\/\/www.ordesamonteperdido.com\/de\/"},{"@type":"ListItem","position":2,"name":"Klettersteig del Sorrosal in Broto, Torla und Ordesa"}]},{"@type":"WebSite","@id":"https:\/\/www.ordesamonteperdido.com\/de\/#website","url":"https:\/\/www.ordesamonteperdido.com\/de\/","name":"Ordesa und Monte Perdido","description":"Tourismus, Unterk\u00fcnfte, Wanderwege und F\u00fchrungen.","publisher":{"@id":"https:\/\/www.ordesamonteperdido.com\/de\/#organization"},"potentialAction":[{"@type":"SearchAction","target":{"@type":"EntryPoint","urlTemplate":"https:\/\/www.ordesamonteperdido.com\/de\/?s={search_term_string}"},"query-input":"required name=search_term_string"}],"inLanguage":"de"},{"@type":"Organization","@id":"https:\/\/www.ordesamonteperdido.com\/de\/#organization","name":"Ordesa und Monte Perdido","url":"https:\/\/www.ordesamonteperdido.com\/de\/","logo":{"@type":"ImageObject","inLanguage":"de","@id":"https:\/\/www.ordesamonteperdido.com\/de\/#\/schema\/logo\/image\/","url":"","contentUrl":"","caption":"Ordesa und Monte Perdido"},"image":{"@id":"https:\/\/www.ordesamonteperdido.com\/de\/#\/schema\/logo\/image\/"}}]}},"_links":{"self":[{"href":"https:\/\/www.ordesamonteperdido.com\/de\/wp-json\/wp\/v2\/pages\/2535"}],"collection":[{"href":"https:\/\/www.ordesamonteperdido.com\/de\/wp-json\/wp\/v2\/pages"}],"about":[{"href":"https:\/\/www.ordesamonteperdido.com\/de\/wp-json\/wp\/v2\/types\/page"}],"author":[{"embeddable":true,"href":"https:\/\/www.ordesamonteperdido.com\/de\/wp-json\/wp\/v2\/users\/2"}],"replies":[{"embeddable":true,"href":"https:\/\/www.ordesamonteperdido.com\/de\/wp-json\/wp\/v2\/comments?post=2535"}],"version-history":[{"count":0,"href":"https:\/\/www.ordesamonteperdido.com\/de\/wp-json\/wp\/v2\/pages\/2535\/revisions"}],"wp:featuredmedia":[{"embeddable":true,"href":"https:\/\/www.ordesamonteperdido.com\/de\/wp-json\/wp\/v2\/media\/2539"}],"wp:attachment":[{"href":"https:\/\/www.ordesamonteperdido.com\/de\/wp-json\/wp\/v2\/media?parent=2535"}],"curies":[{"name":"wp","href":"https:\/\/api.w.org\/{rel}","templated":true}]}}