{"id":2545,"date":"2024-03-05T15:29:17","date_gmt":"2024-03-05T14:29:17","guid":{"rendered":"https:\/\/www.ordesamonteperdido.com\/de\/?page_id=2545"},"modified":"2024-08-31T10:07:36","modified_gmt":"2024-08-31T08:07:36","slug":"espolon-de-la-virgen-de-rodellar","status":"publish","type":"page","link":"https:\/\/www.ordesamonteperdido.com\/de\/klettersteigrouten\/espolon-de-la-virgen-de-rodellar\/","title":{"rendered":"Klettersteig del Espol\u00f3n de la Virgen de Rodellar"},"content":{"rendered":"<p>Die <strong>Klettersteig des Espol\u00f3n de la Virgen de Rodellar<\/strong> befindet sich in Rodellar, im Masc\u00fan Canyon. Diese Route folgt dem Espol\u00f3n, der zur Ermita de la Virgen de Rodellar f\u00fchrt, und bietet spektakul\u00e4re Landschaften und ein luftiges Ambiente entlang des Weges. Obwohl sie nicht sehr schwierig ist, bietet sie die Abenteuerdosis, die wir suchen.<\/p>\n<p>Mit einem Schwierigkeitsgrad K2 (mittel) ist dieser Klettersteig mit Metallstiften und einigen Ketten ausgestattet, die einen beeindruckenden Blick auf die W\u00e4nde des Masc\u00fan Canyons erm\u00f6glichen. Dieser Canyon ist haupts\u00e4chlich bei Kletterern und Canyoning-Enthusiasten bekannt. Sein luftiges Ambiente bietet uns die M\u00f6glichkeit, ber\u00fchmte Punkte wie den \u00abDelfin\u00bb, ein Loch in den W\u00e4nden in Form eines Delfins, zu betrachten.<\/p>\n<p><img decoding=\"async\" class=\"aligncenter wp-image-2547 size-full\" src=\"https:\/\/www.ordesamonteperdido.com\/de\/wp-content\/uploads\/Klettersteig-del-Espolon-Virgen-de-Rodellar.jpg\" alt=\"Klettersteig del Espol\u00f3n de la Virgen de Rodellar\" width=\"800\" height=\"600\" srcset=\"https:\/\/www.ordesamonteperdido.com\/de\/wp-content\/uploads\/Klettersteig-del-Espolon-Virgen-de-Rodellar.jpg 800w, https:\/\/www.ordesamonteperdido.com\/de\/wp-content\/uploads\/Klettersteig-del-Espolon-Virgen-de-Rodellar-336x252.jpg 336w, https:\/\/www.ordesamonteperdido.com\/de\/wp-content\/uploads\/Klettersteig-del-Espolon-Virgen-de-Rodellar-768x576.jpg 768w\" sizes=\"(max-width: 800px) 100vw, 800px\" \/><\/p>\n<p>Die R\u00fcckkehr von der Ferrata erfolgt \u00fcber einen Wanderweg, es besteht jedoch die M\u00f6glichkeit, mit einem Trockenbach abzuschlie\u00dfen, der 3 Abseile von 6, 5 und 12 Metern bietet und uns zur\u00fcck zum Masc\u00fan-Bett f\u00fchrt. Es wird empfohlen, diese Option zu \u00fcberpr\u00fcfen.<\/p>\n<p>Die beste M\u00f6glichkeit, diesen Klettersteig zu genie\u00dfen, ist es, ihn am selben Tag mit dem Barranco del Basender zu kombinieren, einer perfekten Aktivit\u00e4t f\u00fcr die Zeit nach der Saison f\u00fcr Wasserschluchten.<\/p>\n<h2>Schwierigkeitsgrad<\/h2>\n<p>Der Klettersteig des Espol\u00f3n de la Virgen de Rodellar, befindet sich im Naturpark Sierra und Ca\u00f1ones de Guara, Rodellar, und hat einen mittleren Schwierigkeitsgrad. Die gesch\u00e4tzte Dauer der Aktivit\u00e4t betr\u00e4gt 1 Stunde und 30 Minuten im Klettersteig, mit einem Anstieg von 40 Minuten und einem R\u00fcckweg von 40 Minuten.<\/p>\n<p>Diese Aktivit\u00e4t ist das ganze Jahr \u00fcber verf\u00fcgbar, mit Zeiten sowohl am Morgen als auch am Nachmittag. Der Treffpunkt ist das Dorf Rodellar. Das Verh\u00e4ltnis betr\u00e4gt 6 Personen pro F\u00fchrer, kann jedoch in Ausnahmef\u00e4llen bis zu 8 Personen pro F\u00fchrer betragen.<\/p>\n","protected":false},"excerpt":{"rendered":"<p>Die Klettersteig des Espol\u00f3n de la Virgen de Rodellar befindet sich in Rodellar, im Masc\u00fan Canyon. Diese Route folgt dem Espol\u00f3n, der zur Ermita de la Virgen de Rodellar f\u00fchrt, und bietet spektakul\u00e4re Landschaften&#46;&#46;&#46;<\/p>\n","protected":false},"author":2,"featured_media":2547,"parent":2528,"menu_order":0,"comment_status":"closed","ping_status":"closed","template":"","meta":{"footnotes":""},"yoast_head":"<!-- This site is optimized with the Yoast SEO plugin v20.1 - https:\/\/yoast.com\/wordpress\/plugins\/seo\/ -->\n<title>Klettersteig del Espol\u00f3n de la Virgen de Rodellar<\/title>\n<meta name=\"description\" content=\"Klettere den Klettersteig des Espol\u00f3n de la Virgen de Rodellar mit einem Schwierigkeitsgrad K2, der beeindruckende Aussichten bietet, und beende ihn mit einem Abstieg durch den trockenen Bachbett.\" \/>\n<meta name=\"robots\" content=\"index, follow, max-snippet:-1, max-image-preview:large, max-video-preview:-1\" \/>\n<link rel=\"canonical\" href=\"https:\/\/www.ordesamonteperdido.com\/de\/klettersteigrouten\/espolon-de-la-virgen-de-rodellar\/\" \/>\n<meta property=\"og:locale\" content=\"de_DE\" \/>\n<meta property=\"og:type\" content=\"article\" \/>\n<meta property=\"og:title\" content=\"Klettersteig del Espol\u00f3n de la Virgen de Rodellar\" \/>\n<meta property=\"og:description\" content=\"Klettere den Klettersteig des Espol\u00f3n de la Virgen de Rodellar mit einem Schwierigkeitsgrad K2, der beeindruckende Aussichten bietet, und beende ihn mit einem Abstieg durch den trockenen Bachbett.\" \/>\n<meta property=\"og:url\" content=\"https:\/\/www.ordesamonteperdido.com\/de\/klettersteigrouten\/espolon-de-la-virgen-de-rodellar\/\" \/>\n<meta property=\"og:site_name\" content=\"Ordesa und Monte Perdido\" \/>\n<meta property=\"article:modified_time\" content=\"2024-08-31T08:07:36+00:00\" \/>\n<meta property=\"og:image\" content=\"https:\/\/www.ordesamonteperdido.com\/de\/wp-content\/uploads\/Klettersteig-del-Espolon-Virgen-de-Rodellar.jpg\" \/>\n\t<meta property=\"og:image:width\" content=\"800\" \/>\n\t<meta property=\"og:image:height\" content=\"600\" \/>\n\t<meta property=\"og:image:type\" content=\"image\/jpeg\" \/>\n<meta name=\"twitter:card\" content=\"summary_large_image\" \/>\n<meta name=\"twitter:label1\" content=\"Tiempo de lectura\" \/>\n\t<meta name=\"twitter:data1\" content=\"2 minutos\" \/>\n<script type=\"application\/ld+json\" class=\"yoast-schema-graph\">{\"@context\":\"https:\/\/schema.org\",\"@graph\":[{\"@type\":\"WebPage\",\"@id\":\"https:\/\/www.ordesamonteperdido.com\/de\/klettersteigrouten\/espolon-de-la-virgen-de-rodellar\/\",\"url\":\"https:\/\/www.ordesamonteperdido.com\/de\/klettersteigrouten\/espolon-de-la-virgen-de-rodellar\/\",\"name\":\"Klettersteig del Espol\u00f3n de la Virgen de Rodellar\",\"isPartOf\":{\"@id\":\"https:\/\/www.ordesamonteperdido.com\/de\/#website\"},\"datePublished\":\"2024-03-05T14:29:17+00:00\",\"dateModified\":\"2024-08-31T08:07:36+00:00\",\"description\":\"Klettere den Klettersteig des Espol\u00f3n de la Virgen de Rodellar mit einem Schwierigkeitsgrad K2, der beeindruckende Aussichten bietet, und beende ihn mit einem Abstieg durch den trockenen Bachbett.\",\"breadcrumb\":{\"@id\":\"https:\/\/www.ordesamonteperdido.com\/de\/klettersteigrouten\/espolon-de-la-virgen-de-rodellar\/#breadcrumb\"},\"inLanguage\":\"de\",\"potentialAction\":[{\"@type\":\"ReadAction\",\"target\":[\"https:\/\/www.ordesamonteperdido.com\/de\/klettersteigrouten\/espolon-de-la-virgen-de-rodellar\/\"]}]},{\"@type\":\"BreadcrumbList\",\"@id\":\"https:\/\/www.ordesamonteperdido.com\/de\/klettersteigrouten\/espolon-de-la-virgen-de-rodellar\/#breadcrumb\",\"itemListElement\":[{\"@type\":\"ListItem\",\"position\":1,\"name\":\"Portada\",\"item\":\"https:\/\/www.ordesamonteperdido.com\/de\/\"},{\"@type\":\"ListItem\",\"position\":2,\"name\":\"Klettersteige von Ordesa, Monte Perdido und Torla\",\"item\":\"https:\/\/www.ordesamonteperdido.com\/de\/klettersteigrouten\/\"},{\"@type\":\"ListItem\",\"position\":3,\"name\":\"Klettersteig del Espol\u00f3n de la Virgen de Rodellar\"}]},{\"@type\":\"WebSite\",\"@id\":\"https:\/\/www.ordesamonteperdido.com\/de\/#website\",\"url\":\"https:\/\/www.ordesamonteperdido.com\/de\/\",\"name\":\"Ordesa und Monte Perdido\",\"description\":\"Tourismus, Unterk\u00fcnfte, Wanderwege und F\u00fchrungen.\",\"publisher\":{\"@id\":\"https:\/\/www.ordesamonteperdido.com\/de\/#organization\"},\"potentialAction\":[{\"@type\":\"SearchAction\",\"target\":{\"@type\":\"EntryPoint\",\"urlTemplate\":\"https:\/\/www.ordesamonteperdido.com\/de\/?s={search_term_string}\"},\"query-input\":\"required name=search_term_string\"}],\"inLanguage\":\"de\"},{\"@type\":\"Organization\",\"@id\":\"https:\/\/www.ordesamonteperdido.com\/de\/#organization\",\"name\":\"Ordesa und Monte Perdido\",\"url\":\"https:\/\/www.ordesamonteperdido.com\/de\/\",\"logo\":{\"@type\":\"ImageObject\",\"inLanguage\":\"de\",\"@id\":\"https:\/\/www.ordesamonteperdido.com\/de\/#\/schema\/logo\/image\/\",\"url\":\"\",\"contentUrl\":\"\",\"caption\":\"Ordesa und Monte Perdido\"},\"image\":{\"@id\":\"https:\/\/www.ordesamonteperdido.com\/de\/#\/schema\/logo\/image\/\"}}]}<\/script>\n<!-- \/ Yoast SEO plugin. -->","yoast_head_json":{"title":"Klettersteig del Espol\u00f3n de la Virgen de Rodellar","description":"Klettere den Klettersteig des Espol\u00f3n de la Virgen de Rodellar mit einem Schwierigkeitsgrad K2, der beeindruckende Aussichten bietet, und beende ihn mit einem Abstieg durch den trockenen Bachbett.","robots":{"index":"index","follow":"follow","max-snippet":"max-snippet:-1","max-image-preview":"max-image-preview:large","max-video-preview":"max-video-preview:-1"},"canonical":"https:\/\/www.ordesamonteperdido.com\/de\/klettersteigrouten\/espolon-de-la-virgen-de-rodellar\/","og_locale":"de_DE","og_type":"article","og_title":"Klettersteig del Espol\u00f3n de la Virgen de Rodellar","og_description":"Klettere den Klettersteig des Espol\u00f3n de la Virgen de Rodellar mit einem Schwierigkeitsgrad K2, der beeindruckende Aussichten bietet, und beende ihn mit einem Abstieg durch den trockenen Bachbett.","og_url":"https:\/\/www.ordesamonteperdido.com\/de\/klettersteigrouten\/espolon-de-la-virgen-de-rodellar\/","og_site_name":"Ordesa und Monte Perdido","article_modified_time":"2024-08-31T08:07:36+00:00","og_image":[{"width":800,"height":600,"url":"https:\/\/www.ordesamonteperdido.com\/de\/wp-content\/uploads\/Klettersteig-del-Espolon-Virgen-de-Rodellar.jpg","type":"image\/jpeg"}],"twitter_card":"summary_large_image","twitter_misc":{"Tiempo de lectura":"2 minutos"},"schema":{"@context":"https:\/\/schema.org","@graph":[{"@type":"WebPage","@id":"https:\/\/www.ordesamonteperdido.com\/de\/klettersteigrouten\/espolon-de-la-virgen-de-rodellar\/","url":"https:\/\/www.ordesamonteperdido.com\/de\/klettersteigrouten\/espolon-de-la-virgen-de-rodellar\/","name":"Klettersteig del Espol\u00f3n de la Virgen de Rodellar","isPartOf":{"@id":"https:\/\/www.ordesamonteperdido.com\/de\/#website"},"datePublished":"2024-03-05T14:29:17+00:00","dateModified":"2024-08-31T08:07:36+00:00","description":"Klettere den Klettersteig des Espol\u00f3n de la Virgen de Rodellar mit einem Schwierigkeitsgrad K2, der beeindruckende Aussichten bietet, und beende ihn mit einem Abstieg durch den trockenen Bachbett.","breadcrumb":{"@id":"https:\/\/www.ordesamonteperdido.com\/de\/klettersteigrouten\/espolon-de-la-virgen-de-rodellar\/#breadcrumb"},"inLanguage":"de","potentialAction":[{"@type":"ReadAction","target":["https:\/\/www.ordesamonteperdido.com\/de\/klettersteigrouten\/espolon-de-la-virgen-de-rodellar\/"]}]},{"@type":"BreadcrumbList","@id":"https:\/\/www.ordesamonteperdido.com\/de\/klettersteigrouten\/espolon-de-la-virgen-de-rodellar\/#breadcrumb","itemListElement":[{"@type":"ListItem","position":1,"name":"Portada","item":"https:\/\/www.ordesamonteperdido.com\/de\/"},{"@type":"ListItem","position":2,"name":"Klettersteige von Ordesa, Monte Perdido und Torla","item":"https:\/\/www.ordesamonteperdido.com\/de\/klettersteigrouten\/"},{"@type":"ListItem","position":3,"name":"Klettersteig del Espol\u00f3n de la Virgen de Rodellar"}]},{"@type":"WebSite","@id":"https:\/\/www.ordesamonteperdido.com\/de\/#website","url":"https:\/\/www.ordesamonteperdido.com\/de\/","name":"Ordesa und Monte Perdido","description":"Tourismus, Unterk\u00fcnfte, Wanderwege und F\u00fchrungen.","publisher":{"@id":"https:\/\/www.ordesamonteperdido.com\/de\/#organization"},"potentialAction":[{"@type":"SearchAction","target":{"@type":"EntryPoint","urlTemplate":"https:\/\/www.ordesamonteperdido.com\/de\/?s={search_term_string}"},"query-input":"required name=search_term_string"}],"inLanguage":"de"},{"@type":"Organization","@id":"https:\/\/www.ordesamonteperdido.com\/de\/#organization","name":"Ordesa und Monte Perdido","url":"https:\/\/www.ordesamonteperdido.com\/de\/","logo":{"@type":"ImageObject","inLanguage":"de","@id":"https:\/\/www.ordesamonteperdido.com\/de\/#\/schema\/logo\/image\/","url":"","contentUrl":"","caption":"Ordesa und Monte Perdido"},"image":{"@id":"https:\/\/www.ordesamonteperdido.com\/de\/#\/schema\/logo\/image\/"}}]}},"_links":{"self":[{"href":"https:\/\/www.ordesamonteperdido.com\/de\/wp-json\/wp\/v2\/pages\/2545"}],"collection":[{"href":"https:\/\/www.ordesamonteperdido.com\/de\/wp-json\/wp\/v2\/pages"}],"about":[{"href":"https:\/\/www.ordesamonteperdido.com\/de\/wp-json\/wp\/v2\/types\/page"}],"author":[{"embeddable":true,"href":"https:\/\/www.ordesamonteperdido.com\/de\/wp-json\/wp\/v2\/users\/2"}],"replies":[{"embeddable":true,"href":"https:\/\/www.ordesamonteperdido.com\/de\/wp-json\/wp\/v2\/comments?post=2545"}],"version-history":[{"count":0,"href":"https:\/\/www.ordesamonteperdido.com\/de\/wp-json\/wp\/v2\/pages\/2545\/revisions"}],"up":[{"embeddable":true,"href":"https:\/\/www.ordesamonteperdido.com\/de\/wp-json\/wp\/v2\/pages\/2528"}],"wp:featuredmedia":[{"embeddable":true,"href":"https:\/\/www.ordesamonteperdido.com\/de\/wp-json\/wp\/v2\/media\/2547"}],"wp:attachment":[{"href":"https:\/\/www.ordesamonteperdido.com\/de\/wp-json\/wp\/v2\/media?parent=2545"}],"curies":[{"name":"wp","href":"https:\/\/api.w.org\/{rel}","templated":true}]}}