{"id":904,"date":"2023-05-04T12:17:53","date_gmt":"2023-05-04T10:17:53","guid":{"rendered":"https:\/\/www.ordesamonteperdido.com\/de\/?page_id=904"},"modified":"2024-08-30T14:29:36","modified_gmt":"2024-08-30T12:29:36","slug":"karte","status":"publish","type":"page","link":"https:\/\/www.ordesamonteperdido.com\/de\/karte\/","title":{"rendered":"Karte des Nationalparks Ordesa und Monte Perdido"},"content":{"rendered":"<p><div id=\"toc_container\" class=\"toc_white no_bullets\"><p class=\"toc_title\">Index<\/p><ul class=\"toc_list\"><li><a href=\"#standortkarte-von-ordesa-und-monte-perdido\"><span class=\"toc_number toc_depth_1\">1<\/span> Standortkarte von Ordesa und Monte Perdido<\/a><ul><li><a href=\"#geographische-lage\"><span class=\"toc_number toc_depth_2\">1.1<\/span> Geographische Lage<\/a><\/li><li><a href=\"#nahegelegene-provinzen-und-gemeinden\"><span class=\"toc_number toc_depth_2\">1.2<\/span> Nahegelegene Provinzen und Gemeinden<\/a><\/li><\/ul><\/li><li><a href=\"#wie-man-zum-nationalpark-ordesa-und-monte-perdido-gelangt\"><span class=\"toc_number toc_depth_1\">2<\/span> Wie man zum Nationalpark Ordesa und Monte Perdido gelangt<\/a><ul><li><a href=\"#anreise-mit-dem-auto\"><span class=\"toc_number toc_depth_2\">2.1<\/span> Anreise mit dem Auto<\/a><ul><li><a href=\"#routen-und-hauptstrasen\"><span class=\"toc_number toc_depth_3\">2.1.1<\/span> Routen und Hauptstra\u00dfen<\/a><\/li><li><a href=\"#parkplatze\"><span class=\"toc_number toc_depth_3\">2.1.2<\/span> Parkpl\u00e4tze<\/a><\/li><li><a href=\"#parkgebuhren\"><span class=\"toc_number toc_depth_3\">2.1.3<\/span> Parkgeb\u00fchren<\/a><\/li><\/ul><\/li><li><a href=\"#offentlicher-verkehr\"><span class=\"toc_number toc_depth_2\">2.2<\/span> \u00d6ffentlicher Verkehr<\/a><ul><li><a href=\"#bus\"><span class=\"toc_number toc_depth_3\">2.2.1<\/span> Bus<\/a><\/li><li><a href=\"#zug\"><span class=\"toc_number toc_depth_3\">2.2.2<\/span> Zug<\/a><\/li><\/ul><\/li><li><a href=\"#weitere-transportmoglichkeiten\"><span class=\"toc_number toc_depth_2\">2.3<\/span> Weitere Transportm\u00f6glichkeiten<\/a><\/li><\/ul><\/li><li><a href=\"#bereiche-und-sehenswurdigkeiten-im-park\"><span class=\"toc_number toc_depth_1\">3<\/span> Bereiche und Sehensw\u00fcrdigkeiten im Park<\/a><ul><li><a href=\"#ordesa-tal\"><span class=\"toc_number toc_depth_2\">3.1<\/span> Ordesa-Tal<\/a><\/li><li><a href=\"#schlucht-von-anisclo-canon-de-anisclo\"><span class=\"toc_number toc_depth_2\">3.2<\/span> Schlucht von A\u00f1isclo (Ca\u00f1\u00f3n de A\u00f1isclo)<\/a><\/li><li><a href=\"#pineta-tal\"><span class=\"toc_number toc_depth_2\">3.3<\/span> Pineta-Tal<\/a><\/li><li><a href=\"#schluchten-von-escuain-gargantas-de-escuain\"><span class=\"toc_number toc_depth_2\">3.4<\/span> Schluchten von Escua\u00edn (Gargantas de Escua\u00edn)<\/a><\/li><li><a href=\"#monte-perdido\"><span class=\"toc_number toc_depth_2\">3.5<\/span> Monte Perdido<\/a><\/li><li><a href=\"#bujaruelo-tal\"><span class=\"toc_number toc_depth_2\">3.6<\/span> Bujaruelo-Tal<\/a><\/li><\/ul><\/li><\/ul><\/div>\n<br \/>\nDer <a href=\"https:\/\/www.ordesamonteperdido.com\/de\/nationalpark\/\">Nationalpark Ordesa und Monte Perdido<\/a> ist eines der bekanntesten Naturschutzgebiete Spaniens und zeichnet sich durch seine spektakul\u00e4re Landschaft, Biodiversit\u00e4t und geologische Vielfalt aus. <a href=\"https:\/\/www.ordesamonteperdido.com\/de\/wp-content\/uploads\/karte-des-nationalparks-ordesa-und-monte-perdido.jpg\" target=\"_blank\" rel=\"noopener\"><strong>Wir bieten Ihnen die Karte<\/strong><\/a> und einen detaillierten Reisef\u00fchrer, um dieses wunderbare Reiseziel zu erkunden und zu genie\u00dfen. Damit unterst\u00fctzen wir Besucher bei der Reiseplanung, der Suche nach Informationen zur <strong>Standortbestimmung<\/strong> und der Kenntnis der verschiedenen <strong>verf\u00fcgbaren Transportm\u00f6glichkeiten zum Park<\/strong>.<\/p>\n<h2><span id=\"standortkarte-von-ordesa-und-monte-perdido\">Standortkarte von Ordesa und Monte Perdido<\/span><\/h2>\n<p><a href=\"https:\/\/www.ordesamonteperdido.com\/de\/wp-content\/uploads\/karte-des-nationalparks-ordesa-und-monte-perdido.jpg\" target=\"_blank\" rel=\"noopener\"><img decoding=\"async\" class=\"aligncenter wp-image-2290 size-full\" src=\"https:\/\/www.ordesamonteperdido.com\/de\/wp-content\/uploads\/karte-des-nationalparks-ordesa-und-monte-perdido.jpg\" alt=\"Karte des Nationalparks Ordesa und Monte Perdido\" width=\"1134\" height=\"758\" srcset=\"https:\/\/www.ordesamonteperdido.com\/de\/wp-content\/uploads\/karte-des-nationalparks-ordesa-und-monte-perdido.jpg 1134w, https:\/\/www.ordesamonteperdido.com\/de\/wp-content\/uploads\/karte-des-nationalparks-ordesa-und-monte-perdido-336x225.jpg 336w, https:\/\/www.ordesamonteperdido.com\/de\/wp-content\/uploads\/karte-des-nationalparks-ordesa-und-monte-perdido-1024x684.jpg 1024w, https:\/\/www.ordesamonteperdido.com\/de\/wp-content\/uploads\/karte-des-nationalparks-ordesa-und-monte-perdido-768x513.jpg 768w\" sizes=\"(max-width: 1134px) 100vw, 1134px\" \/><\/a><\/p>\n<h3><span id=\"geographische-lage\">Geographische Lage<\/span><\/h3>\n<p>Der Nationalpark Ordesa und Monte Perdido befindet sich in der <strong>Pyr\u00e9n\u00e4en-Gebirgskette<\/strong> in der <strong>Provinz Huesca<\/strong> in der <strong>Autonomen Gemeinschaft Arag\u00f3n<\/strong>, <strong>Spanien<\/strong>. Der Park erstreckt sich \u00fcber eine Fl\u00e4che von ungef\u00e4hr 156 km\u00b2 und liegt an der S\u00fcdseite der Pyren\u00e4en. Er beherbergt das Kalksteingebirge Monte Perdido, das eine H\u00f6he von 3.355 Metern erreicht.<\/p>\n<h3><span id=\"nahegelegene-provinzen-und-gemeinden\">Nahegelegene Provinzen und Gemeinden<\/span><\/h3>\n<p>Der Park wird von verschiedenen aragonesischen Ortschaften umgeben, wie Torla-Ordesa, Broto, Tella-Sin und Bielsa. Diese D\u00f6rfer bieten Unterk\u00fcnfte, Dienstleistungen und touristische Informationsstellen f\u00fcr Besucher, die den Nationalpark Ordesa und Monte Perdido erkunden m\u00f6chten.<\/p>\n<h2><span id=\"wie-man-zum-nationalpark-ordesa-und-monte-perdido-gelangt\">Wie man zum Nationalpark Ordesa und Monte Perdido gelangt<\/span><\/h2>\n<p>Es gibt verschiedene Transportmittel und Wege, um den Park Ordesa und Monte Perdido zu besuchen, mit guter Anbindung bis zum Eingangsbereich. Man kann mit dem Auto, \u00f6ffentlichen Verkehrsmitteln, Zug oder sogar zu Fu\u00df \u00fcber Wanderwege oder mit dem Fahrrad anreisen. Im Folgenden werden die verschiedenen M\u00f6glichkeiten beschrieben, um einen der besten spanischen Nationalparks zu erreichen.<\/p>\n<h3><span id=\"anreise-mit-dem-auto\">Anreise mit dem Auto<\/span><\/h3>\n<h4><span id=\"routen-und-hauptstrasen\">Routen und Hauptstra\u00dfen<\/span><\/h4>\n<p>Um den Park mit dem Auto <strong>von der Stadt Huesca aus<\/strong> zu erreichen, nimmt man die Stra\u00dfe N-260 in Richtung Norden, vorbei an Sabi\u00f1\u00e1nigo und Biescas. Anschlie\u00dfend folgt man der Stra\u00dfe A-135 in Richtung Torla-Ordesa und dem Haupteingang des Parks.<\/p>\n<h4><span id=\"parkplatze\">Parkpl\u00e4tze<\/span><\/h4>\n<p>F\u00fcr PKWs, Reisebusse, Motorr\u00e4der und Fahrr\u00e4der steht ein Parkplatz in Torla zur Verf\u00fcgung, der Platz f\u00fcr 386 PKWs und 17 Reisebusse bietet.<\/p>\n<p><img decoding=\"async\" class=\"aligncenter size-full wp-image-2298\" src=\"https:\/\/www.ordesamonteperdido.com\/de\/wp-content\/uploads\/parkplatzkarte-desnationalparks-ordesa.jpg\" alt=\"Parken im Nationalpark Ordesa und Monte Perdido\" width=\"1200\" height=\"800\" srcset=\"https:\/\/www.ordesamonteperdido.com\/de\/wp-content\/uploads\/parkplatzkarte-desnationalparks-ordesa.jpg 1200w, https:\/\/www.ordesamonteperdido.com\/de\/wp-content\/uploads\/parkplatzkarte-desnationalparks-ordesa-336x224.jpg 336w, https:\/\/www.ordesamonteperdido.com\/de\/wp-content\/uploads\/parkplatzkarte-desnationalparks-ordesa-1024x683.jpg 1024w, https:\/\/www.ordesamonteperdido.com\/de\/wp-content\/uploads\/parkplatzkarte-desnationalparks-ordesa-768x512.jpg 768w\" sizes=\"(max-width: 1200px) 100vw, 1200px\" \/><\/p>\n<h4><span id=\"parkgebuhren\">Parkgeb\u00fchren<\/span><\/h4>\n<ul>\n<li>Kostenlos von 20:00 Uhr bis 09:00 Uhr.<\/li>\n<li>PKWs und Motorr\u00e4der: 0,6 \u20ac pro Stunde. Ab 24 Stunden Parken wird ein Rabatt von 20 % auf den Gesamtbetrag gew\u00e4hrt.<\/li>\n<li>Reisebusse: 1,50 \u20ac pro Stunde. Ab 24 Stunden Parken wird ein Rabatt von 20 % auf den Gesamtbetrag gew\u00e4hrt.<\/li>\n<li>W\u00e4hrend der Zeit, in der der Busverkehr nicht stattfindet, ist das Parken 24 Stunden lang kostenlos.<\/li>\n<\/ul>\n<h3><span id=\"offentlicher-verkehr\">\u00d6ffentlicher Verkehr<\/span><\/h3>\n<h4><span id=\"bus\">Bus<\/span><\/h4>\n<p>W\u00e4hrend der Hochsaison gibt es einen <strong>Busdienst, der die nahegelegenen Ortschaften<\/strong> Torla-Ordesa und Broto mit dem Park verbindet. Dieser Service ist eine ausgezeichnete Option f\u00fcr diejenigen, die das Autofahren vermeiden m\u00f6chten und eine nachhaltigere Erfahrung genie\u00dfen m\u00f6chten.<\/p>\n<h4><span id=\"zug\">Zug<\/span><\/h4>\n<p>Obwohl es keinen direkten Zugbahnhof im Park gibt, gibt es auf der Strecke von <strong>Zaragoza nach Canfranc<\/strong> Haltestellen in Huesca und Sabi\u00f1\u00e1nigo, von wo aus man einen Bus nehmen oder ein Auto mieten kann, um zum Park zu gelangen.<\/p>\n<h3><span id=\"weitere-transportmoglichkeiten\">Weitere Transportm\u00f6glichkeiten<\/span><\/h3>\n<p>Es ist auch m\u00f6glich, den Nationalpark Ordesa und Monte Perdido <strong>mit dem Fahrrad oder zu Fu\u00df<\/strong> zu erreichen, indem man Wander- und Fahrradrouten durch die spektakul\u00e4ren Landschaften der Pyren\u00e4en nutzt. Es ist jedoch zu beachten, dass einige dieser Routen anspruchsvoll sein k\u00f6nnen und eine gute k\u00f6rperliche Fitness und Erfahrung im Bergsteigen erfordern k\u00f6nnen.<\/p>\n<h2><span id=\"bereiche-und-sehenswurdigkeiten-im-park\">Bereiche und Sehensw\u00fcrdigkeiten im Park<\/span><\/h2>\n<div class=\"display-posts-listing image-top\"><div class=\"listing-item\"><a class=\"image\" href=\"https:\/\/www.ordesamonteperdido.com\/de\/ordesa-tal\/\"><img decoding=\"async\" width=\"1024\" height=\"530\" src=\"https:\/\/www.ordesamonteperdido.com\/de\/wp-content\/uploads\/ordesa-tal-1024x530.jpg\" class=\"attachment-large size-large wp-post-image\" alt=\"Ordesa-Tal\" srcset=\"https:\/\/www.ordesamonteperdido.com\/de\/wp-content\/uploads\/ordesa-tal-1024x530.jpg 1024w, https:\/\/www.ordesamonteperdido.com\/de\/wp-content\/uploads\/ordesa-tal-336x174.jpg 336w, https:\/\/www.ordesamonteperdido.com\/de\/wp-content\/uploads\/ordesa-tal-768x397.jpg 768w, https:\/\/www.ordesamonteperdido.com\/de\/wp-content\/uploads\/ordesa-tal.jpg 1200w\" sizes=\"(max-width: 1024px) 100vw, 1024px\" \/><\/a> <h3><span id=\"ordesa-tal\"><a class=\"title\" href=\"https:\/\/www.ordesamonteperdido.com\/de\/ordesa-tal\/\">Ordesa-Tal<\/a><\/span><\/h3><\/div><div class=\"listing-item\"><a class=\"image\" href=\"https:\/\/www.ordesamonteperdido.com\/de\/schlucht-von-anisclo\/\"><img decoding=\"async\" width=\"1024\" height=\"685\" src=\"https:\/\/www.ordesamonteperdido.com\/de\/wp-content\/uploads\/canon-de-anisclo-1024x685.jpg\" class=\"attachment-large size-large wp-post-image\" alt=\"Ca\u00f1\u00f3n de A\u00f1isclo\" srcset=\"https:\/\/www.ordesamonteperdido.com\/de\/wp-content\/uploads\/canon-de-anisclo-1024x685.jpg 1024w, https:\/\/www.ordesamonteperdido.com\/de\/wp-content\/uploads\/canon-de-anisclo-336x225.jpg 336w, https:\/\/www.ordesamonteperdido.com\/de\/wp-content\/uploads\/canon-de-anisclo-768x514.jpg 768w, https:\/\/www.ordesamonteperdido.com\/de\/wp-content\/uploads\/canon-de-anisclo.jpg 1200w\" sizes=\"(max-width: 1024px) 100vw, 1024px\" \/><\/a> <h3><span id=\"schlucht-von-anisclo-canon-de-anisclo\"><a class=\"title\" href=\"https:\/\/www.ordesamonteperdido.com\/de\/schlucht-von-anisclo\/\">Schlucht von A\u00f1isclo (Ca\u00f1\u00f3n de A\u00f1isclo)<\/a><\/span><\/h3><\/div><div class=\"listing-item\"><a class=\"image\" href=\"https:\/\/www.ordesamonteperdido.com\/de\/tal-von-pineta\/\"><img decoding=\"async\" width=\"1024\" height=\"768\" src=\"https:\/\/www.ordesamonteperdido.com\/de\/wp-content\/uploads\/pineta-tal-ordesa-1024x768.jpg\" class=\"attachment-large size-large wp-post-image\" alt=\"Pineta-Tal, Ordesa, Spanien\" srcset=\"https:\/\/www.ordesamonteperdido.com\/de\/wp-content\/uploads\/pineta-tal-ordesa-1024x768.jpg 1024w, https:\/\/www.ordesamonteperdido.com\/de\/wp-content\/uploads\/pineta-tal-ordesa-336x252.jpg 336w, https:\/\/www.ordesamonteperdido.com\/de\/wp-content\/uploads\/pineta-tal-ordesa-768x576.jpg 768w, https:\/\/www.ordesamonteperdido.com\/de\/wp-content\/uploads\/pineta-tal-ordesa.jpg 1200w\" sizes=\"(max-width: 1024px) 100vw, 1024px\" \/><\/a> <h3><span id=\"pineta-tal\"><a class=\"title\" href=\"https:\/\/www.ordesamonteperdido.com\/de\/tal-von-pineta\/\">Pineta-Tal<\/a><\/span><\/h3><\/div><div class=\"listing-item\"><a class=\"image\" href=\"https:\/\/www.ordesamonteperdido.com\/de\/gargantas-de-escuain\/\"><img decoding=\"async\" width=\"1024\" height=\"530\" src=\"https:\/\/www.ordesamonteperdido.com\/de\/wp-content\/uploads\/gargantas-de-escuain-1024x530.jpg\" class=\"attachment-large size-large wp-post-image\" alt=\"Gargantas de Escua\u00edn en Ordesa y Monte Perdido\" srcset=\"https:\/\/www.ordesamonteperdido.com\/de\/wp-content\/uploads\/gargantas-de-escuain-1024x530.jpg 1024w, https:\/\/www.ordesamonteperdido.com\/de\/wp-content\/uploads\/gargantas-de-escuain-336x174.jpg 336w, https:\/\/www.ordesamonteperdido.com\/de\/wp-content\/uploads\/gargantas-de-escuain-768x397.jpg 768w, https:\/\/www.ordesamonteperdido.com\/de\/wp-content\/uploads\/gargantas-de-escuain.jpg 1200w\" sizes=\"(max-width: 1024px) 100vw, 1024px\" \/><\/a> <h3><span id=\"schluchten-von-escuain-gargantas-de-escuain\"><a class=\"title\" href=\"https:\/\/www.ordesamonteperdido.com\/de\/gargantas-de-escuain\/\">Schluchten von Escua\u00edn (Gargantas de Escua\u00edn)<\/a><\/span><\/h3><\/div><div class=\"listing-item\"><a class=\"image\" href=\"https:\/\/www.ordesamonteperdido.com\/de\/monte-perdido\/\"><img decoding=\"async\" width=\"1024\" height=\"530\" src=\"https:\/\/www.ordesamonteperdido.com\/de\/wp-content\/uploads\/monte-perdido-ordesa-huesca-1024x530.jpg\" class=\"attachment-large size-large wp-post-image\" alt=\"Monte Perdido, Ordesa, Huesca, Spanien\" srcset=\"https:\/\/www.ordesamonteperdido.com\/de\/wp-content\/uploads\/monte-perdido-ordesa-huesca-1024x530.jpg 1024w, https:\/\/www.ordesamonteperdido.com\/de\/wp-content\/uploads\/monte-perdido-ordesa-huesca-336x174.jpg 336w, https:\/\/www.ordesamonteperdido.com\/de\/wp-content\/uploads\/monte-perdido-ordesa-huesca-768x397.jpg 768w, https:\/\/www.ordesamonteperdido.com\/de\/wp-content\/uploads\/monte-perdido-ordesa-huesca.jpg 1200w\" sizes=\"(max-width: 1024px) 100vw, 1024px\" \/><\/a> <h3><span id=\"monte-perdido\"><a class=\"title\" href=\"https:\/\/www.ordesamonteperdido.com\/de\/monte-perdido\/\">Monte Perdido<\/a><\/span><\/h3><\/div><div class=\"listing-item\"><a class=\"image\" href=\"https:\/\/www.ordesamonteperdido.com\/de\/valle-de-bujaruelo\/\"><img decoding=\"async\" width=\"1024\" height=\"683\" src=\"https:\/\/www.ordesamonteperdido.com\/de\/wp-content\/uploads\/bujaruelo-tal-1024x683.jpg\" class=\"attachment-large size-large wp-post-image\" alt=\"Bujaruelo-Tal (Valle Bujaruelo)\" srcset=\"https:\/\/www.ordesamonteperdido.com\/de\/wp-content\/uploads\/bujaruelo-tal-1024x683.jpg 1024w, https:\/\/www.ordesamonteperdido.com\/de\/wp-content\/uploads\/bujaruelo-tal-336x224.jpg 336w, https:\/\/www.ordesamonteperdido.com\/de\/wp-content\/uploads\/bujaruelo-tal-768x512.jpg 768w, https:\/\/www.ordesamonteperdido.com\/de\/wp-content\/uploads\/bujaruelo-tal.jpg 1200w\" sizes=\"(max-width: 1024px) 100vw, 1024px\" \/><\/a> <h3><span id=\"bujaruelo-tal\"><a class=\"title\" href=\"https:\/\/www.ordesamonteperdido.com\/de\/valle-de-bujaruelo\/\">Bujaruelo-Tal<\/a><\/span><\/h3><\/div><\/div>\n","protected":false},"excerpt":{"rendered":"<p>Der Nationalpark Ordesa und Monte Perdido ist eines der bekanntesten Naturschutzgebiete Spaniens und zeichnet sich durch seine spektakul\u00e4re Landschaft, Biodiversit\u00e4t und geologische Vielfalt aus. Wir bieten Ihnen die Karte und einen detaillierten Reisef\u00fchrer, um&#46;&#46;&#46;<\/p>\n","protected":false},"author":2,"featured_media":2290,"parent":0,"menu_order":0,"comment_status":"closed","ping_status":"closed","template":"","meta":{"footnotes":""},"yoast_head":"<!-- This site is optimized with the Yoast SEO plugin v20.1 - https:\/\/yoast.com\/wordpress\/plugins\/seo\/ -->\n<title>Karte des Nationalparks Ordesa und Monte Perdido<\/title>\n<meta name=\"description\" content=\"Der Nationalpark Ordesa und Monte Perdido ist eines der bekanntesten Naturschutzgebiete Spaniens und zeichnet sich durch seine spektakul\u00e4re Landschaft,\" \/>\n<meta name=\"robots\" content=\"index, follow, max-snippet:-1, max-image-preview:large, max-video-preview:-1\" \/>\n<link rel=\"canonical\" href=\"https:\/\/www.ordesamonteperdido.com\/de\/karte\/\" \/>\n<meta property=\"og:locale\" content=\"de_DE\" \/>\n<meta property=\"og:type\" content=\"article\" \/>\n<meta property=\"og:title\" content=\"Karte des Nationalparks Ordesa und Monte Perdido\" \/>\n<meta property=\"og:description\" content=\"Der Nationalpark Ordesa und Monte Perdido ist eines der bekanntesten Naturschutzgebiete Spaniens und zeichnet sich durch seine spektakul\u00e4re Landschaft,\" \/>\n<meta property=\"og:url\" content=\"https:\/\/www.ordesamonteperdido.com\/de\/karte\/\" \/>\n<meta property=\"og:site_name\" content=\"Ordesa und Monte Perdido\" \/>\n<meta property=\"article:modified_time\" content=\"2024-08-30T12:29:36+00:00\" \/>\n<meta property=\"og:image\" content=\"https:\/\/www.ordesamonteperdido.com\/de\/wp-content\/uploads\/karte-des-nationalparks-ordesa-und-monte-perdido.jpg\" \/>\n\t<meta property=\"og:image:width\" content=\"1134\" \/>\n\t<meta property=\"og:image:height\" content=\"758\" \/>\n\t<meta property=\"og:image:type\" content=\"image\/jpeg\" \/>\n<meta name=\"twitter:card\" content=\"summary_large_image\" \/>\n<meta name=\"twitter:label1\" content=\"Tiempo de lectura\" \/>\n\t<meta name=\"twitter:data1\" content=\"3 minutos\" \/>\n<script type=\"application\/ld+json\" class=\"yoast-schema-graph\">{\"@context\":\"https:\/\/schema.org\",\"@graph\":[{\"@type\":\"WebPage\",\"@id\":\"https:\/\/www.ordesamonteperdido.com\/de\/karte\/\",\"url\":\"https:\/\/www.ordesamonteperdido.com\/de\/karte\/\",\"name\":\"Karte des Nationalparks Ordesa und Monte Perdido\",\"isPartOf\":{\"@id\":\"https:\/\/www.ordesamonteperdido.com\/de\/#website\"},\"datePublished\":\"2023-05-04T10:17:53+00:00\",\"dateModified\":\"2024-08-30T12:29:36+00:00\",\"description\":\"Der Nationalpark Ordesa und Monte Perdido ist eines der bekanntesten Naturschutzgebiete Spaniens und zeichnet sich durch seine spektakul\u00e4re Landschaft,\",\"breadcrumb\":{\"@id\":\"https:\/\/www.ordesamonteperdido.com\/de\/karte\/#breadcrumb\"},\"inLanguage\":\"de\",\"potentialAction\":[{\"@type\":\"ReadAction\",\"target\":[\"https:\/\/www.ordesamonteperdido.com\/de\/karte\/\"]}]},{\"@type\":\"BreadcrumbList\",\"@id\":\"https:\/\/www.ordesamonteperdido.com\/de\/karte\/#breadcrumb\",\"itemListElement\":[{\"@type\":\"ListItem\",\"position\":1,\"name\":\"Portada\",\"item\":\"https:\/\/www.ordesamonteperdido.com\/de\/\"},{\"@type\":\"ListItem\",\"position\":2,\"name\":\"Karte des Nationalparks Ordesa und Monte Perdido\"}]},{\"@type\":\"WebSite\",\"@id\":\"https:\/\/www.ordesamonteperdido.com\/de\/#website\",\"url\":\"https:\/\/www.ordesamonteperdido.com\/de\/\",\"name\":\"Ordesa und Monte Perdido\",\"description\":\"Tourismus, Unterk\u00fcnfte, Wanderwege und F\u00fchrungen.\",\"publisher\":{\"@id\":\"https:\/\/www.ordesamonteperdido.com\/de\/#organization\"},\"potentialAction\":[{\"@type\":\"SearchAction\",\"target\":{\"@type\":\"EntryPoint\",\"urlTemplate\":\"https:\/\/www.ordesamonteperdido.com\/de\/?s={search_term_string}\"},\"query-input\":\"required name=search_term_string\"}],\"inLanguage\":\"de\"},{\"@type\":\"Organization\",\"@id\":\"https:\/\/www.ordesamonteperdido.com\/de\/#organization\",\"name\":\"Ordesa und Monte Perdido\",\"url\":\"https:\/\/www.ordesamonteperdido.com\/de\/\",\"logo\":{\"@type\":\"ImageObject\",\"inLanguage\":\"de\",\"@id\":\"https:\/\/www.ordesamonteperdido.com\/de\/#\/schema\/logo\/image\/\",\"url\":\"\",\"contentUrl\":\"\",\"caption\":\"Ordesa und Monte Perdido\"},\"image\":{\"@id\":\"https:\/\/www.ordesamonteperdido.com\/de\/#\/schema\/logo\/image\/\"}}]}<\/script>\n<!-- \/ Yoast SEO plugin. -->","yoast_head_json":{"title":"Karte des Nationalparks Ordesa und Monte Perdido","description":"Der Nationalpark Ordesa und Monte Perdido ist eines der bekanntesten Naturschutzgebiete Spaniens und zeichnet sich durch seine spektakul\u00e4re Landschaft,","robots":{"index":"index","follow":"follow","max-snippet":"max-snippet:-1","max-image-preview":"max-image-preview:large","max-video-preview":"max-video-preview:-1"},"canonical":"https:\/\/www.ordesamonteperdido.com\/de\/karte\/","og_locale":"de_DE","og_type":"article","og_title":"Karte des Nationalparks Ordesa und Monte Perdido","og_description":"Der Nationalpark Ordesa und Monte Perdido ist eines der bekanntesten Naturschutzgebiete Spaniens und zeichnet sich durch seine spektakul\u00e4re Landschaft,","og_url":"https:\/\/www.ordesamonteperdido.com\/de\/karte\/","og_site_name":"Ordesa und Monte Perdido","article_modified_time":"2024-08-30T12:29:36+00:00","og_image":[{"width":1134,"height":758,"url":"https:\/\/www.ordesamonteperdido.com\/de\/wp-content\/uploads\/karte-des-nationalparks-ordesa-und-monte-perdido.jpg","type":"image\/jpeg"}],"twitter_card":"summary_large_image","twitter_misc":{"Tiempo de lectura":"3 minutos"},"schema":{"@context":"https:\/\/schema.org","@graph":[{"@type":"WebPage","@id":"https:\/\/www.ordesamonteperdido.com\/de\/karte\/","url":"https:\/\/www.ordesamonteperdido.com\/de\/karte\/","name":"Karte des Nationalparks Ordesa und Monte Perdido","isPartOf":{"@id":"https:\/\/www.ordesamonteperdido.com\/de\/#website"},"datePublished":"2023-05-04T10:17:53+00:00","dateModified":"2024-08-30T12:29:36+00:00","description":"Der Nationalpark Ordesa und Monte Perdido ist eines der bekanntesten Naturschutzgebiete Spaniens und zeichnet sich durch seine spektakul\u00e4re Landschaft,","breadcrumb":{"@id":"https:\/\/www.ordesamonteperdido.com\/de\/karte\/#breadcrumb"},"inLanguage":"de","potentialAction":[{"@type":"ReadAction","target":["https:\/\/www.ordesamonteperdido.com\/de\/karte\/"]}]},{"@type":"BreadcrumbList","@id":"https:\/\/www.ordesamonteperdido.com\/de\/karte\/#breadcrumb","itemListElement":[{"@type":"ListItem","position":1,"name":"Portada","item":"https:\/\/www.ordesamonteperdido.com\/de\/"},{"@type":"ListItem","position":2,"name":"Karte des Nationalparks Ordesa und Monte Perdido"}]},{"@type":"WebSite","@id":"https:\/\/www.ordesamonteperdido.com\/de\/#website","url":"https:\/\/www.ordesamonteperdido.com\/de\/","name":"Ordesa und Monte Perdido","description":"Tourismus, Unterk\u00fcnfte, Wanderwege und F\u00fchrungen.","publisher":{"@id":"https:\/\/www.ordesamonteperdido.com\/de\/#organization"},"potentialAction":[{"@type":"SearchAction","target":{"@type":"EntryPoint","urlTemplate":"https:\/\/www.ordesamonteperdido.com\/de\/?s={search_term_string}"},"query-input":"required name=search_term_string"}],"inLanguage":"de"},{"@type":"Organization","@id":"https:\/\/www.ordesamonteperdido.com\/de\/#organization","name":"Ordesa und Monte Perdido","url":"https:\/\/www.ordesamonteperdido.com\/de\/","logo":{"@type":"ImageObject","inLanguage":"de","@id":"https:\/\/www.ordesamonteperdido.com\/de\/#\/schema\/logo\/image\/","url":"","contentUrl":"","caption":"Ordesa und Monte Perdido"},"image":{"@id":"https:\/\/www.ordesamonteperdido.com\/de\/#\/schema\/logo\/image\/"}}]}},"_links":{"self":[{"href":"https:\/\/www.ordesamonteperdido.com\/de\/wp-json\/wp\/v2\/pages\/904"}],"collection":[{"href":"https:\/\/www.ordesamonteperdido.com\/de\/wp-json\/wp\/v2\/pages"}],"about":[{"href":"https:\/\/www.ordesamonteperdido.com\/de\/wp-json\/wp\/v2\/types\/page"}],"author":[{"embeddable":true,"href":"https:\/\/www.ordesamonteperdido.com\/de\/wp-json\/wp\/v2\/users\/2"}],"replies":[{"embeddable":true,"href":"https:\/\/www.ordesamonteperdido.com\/de\/wp-json\/wp\/v2\/comments?post=904"}],"version-history":[{"count":0,"href":"https:\/\/www.ordesamonteperdido.com\/de\/wp-json\/wp\/v2\/pages\/904\/revisions"}],"wp:featuredmedia":[{"embeddable":true,"href":"https:\/\/www.ordesamonteperdido.com\/de\/wp-json\/wp\/v2\/media\/2290"}],"wp:attachment":[{"href":"https:\/\/www.ordesamonteperdido.com\/de\/wp-json\/wp\/v2\/media?parent=904"}],"curies":[{"name":"wp","href":"https:\/\/api.w.org\/{rel}","templated":true}]}}