{"id":909,"date":"2023-05-04T12:19:39","date_gmt":"2023-05-04T10:19:39","guid":{"rendered":"https:\/\/www.ordesamonteperdido.com\/de\/?page_id=909"},"modified":"2024-08-30T14:32:07","modified_gmt":"2024-08-30T12:32:07","slug":"informationsburos","status":"publish","type":"page","link":"https:\/\/www.ordesamonteperdido.com\/de\/informationsburos\/","title":{"rendered":"Informationsstellen, Tourismus und Telefonnummern von Ordesa und Monte Perdido"},"content":{"rendered":"<div id=\"toc_container\" class=\"toc_white no_bullets\"><p class=\"toc_title\">Index<\/p><ul class=\"toc_list\"><li><a href=\"#karte-der-informationsstellen-in-ordesa-und-monte-perdido\"><span class=\"toc_number toc_depth_1\">1<\/span> Karte der Informationsstellen in Ordesa und Monte Perdido<\/a><\/li><li><a href=\"#tourismusburos-des-nationalparks-ordesa-und-monte-perdido\"><span class=\"toc_number toc_depth_1\">2<\/span> Tourismusb\u00fcros des Nationalparks Ordesa und Monte Perdido<\/a><ul><li><a href=\"#informationsburo-valle-de-ordesa\"><span class=\"toc_number toc_depth_2\">2.1<\/span> Informationsb\u00fcro Valle de Ordesa<\/a><ul><li><a href=\"#tourismusburo-torla\"><span class=\"toc_number toc_depth_3\">2.1.1<\/span> Tourismusb\u00fcro Torla<\/a><\/li><li><a href=\"#informationspunkt-pradera-de-ordesa\"><span class=\"toc_number toc_depth_3\">2.1.2<\/span> Informationspunkt Pradera de Ordesa<\/a><\/li><\/ul><\/li><li><a href=\"#informationsburo-canon-del-anisclo\"><span class=\"toc_number toc_depth_2\">2.2<\/span> Informationsb\u00fcro Ca\u00f1\u00f3n del Anisclo<\/a><ul><li><a href=\"#tourismusburo-ainsa\"><span class=\"toc_number toc_depth_3\">2.2.1<\/span> Tourismusb\u00fcro A\u00ednsa<\/a><\/li><li><a href=\"#informationspunkt-in-escalona\"><span class=\"toc_number toc_depth_3\">2.2.2<\/span> Informationspunkt in Escalona<\/a><ul><li><a href=\"#wie-gelangt-man-zum-informationspunkt-escalona\"><span class=\"toc_number toc_depth_4\">2.2.2.1<\/span> Wie gelangt man zum Informationspunkt Escalona?<\/a><\/li><\/ul><\/li><li><a href=\"#informationspunkt-fanlo\"><span class=\"toc_number toc_depth_3\">2.2.3<\/span> Informationspunkt Fanlo<\/a><\/li><li><a href=\"#informationspunkt-san-urbez\"><span class=\"toc_number toc_depth_3\">2.2.4<\/span> Informationspunkt San Urbez<\/a><ul><li><a href=\"#wie-gelangt-man-zum-informationszentrum-san-urbez\"><span class=\"toc_number toc_depth_4\">2.2.4.1<\/span> Wie gelangt man zum Informationszentrum San Urbez?<\/a><\/li><\/ul><\/li><\/ul><\/li><li><a href=\"#informationsburo-gargantas-de-escuain\"><span class=\"toc_number toc_depth_2\">2.3<\/span> Informationsb\u00fcro Gargantas de Escua\u00edn<\/a><ul><li><a href=\"#informationspunkt-escuain\"><span class=\"toc_number toc_depth_3\">2.3.1<\/span> Informationspunkt Escua\u00edn<\/a><\/li><li><a href=\"#besucherzentrum-tella\"><span class=\"toc_number toc_depth_3\">2.3.2<\/span> Besucherzentrum Tella<\/a><\/li><\/ul><\/li><li><a href=\"#informationsburo-valle-de-pineta\"><span class=\"toc_number toc_depth_2\">2.4<\/span> Informationsb\u00fcro Valle de Pineta<\/a><ul><li><a href=\"#tourismusburo-bielsa\"><span class=\"toc_number toc_depth_3\">2.4.1<\/span> Tourismusb\u00fcro Bielsa<\/a><\/li><li><a href=\"#informationspunkt-pineta\"><span class=\"toc_number toc_depth_3\">2.4.2<\/span> Informationspunkt Pineta<\/a><\/li><\/ul><\/li><\/ul><\/li><li><a href=\"#weitere-informationspunkte-und-nutzliche-telefonnummern-fur-reisende\"><span class=\"toc_number toc_depth_1\">3<\/span> Weitere Informationspunkte und n\u00fctzliche Telefonnummern f\u00fcr Reisende<\/a><\/li><\/ul><\/div>\n\n<p>Willkommen in der <strong>majest\u00e4tischen<\/strong> Region von <strong>Ordesa und Monte Perdido<\/strong>, einem Naturparadies im Herzen der Pyren\u00e4en. Dieses gesch\u00fctzte Gebiet, das zum <strong>Nationalpark<\/strong> und zum <strong>UNESCO-Weltkulturerbe<\/strong> erkl\u00e4rt wurde, bietet den Besuchern eine einzigartige und unvergessliche Erfahrung mit spektakul\u00e4ren Landschaften und einer gro\u00dfen Vielfalt an Flora und Fauna.<\/p>\n<h2><span id=\"karte-der-informationsstellen-in-ordesa-und-monte-perdido\">Karte der Informationsstellen in Ordesa und Monte Perdido<\/span><\/h2>\n<p>Um Ihren Besuch noch bereichernder zu gestalten, ist es wichtig, \u00fcber die richtigen und aktuellen Informationen zu verf\u00fcgen. Daher stehen Ihnen in der Region <strong>Informations- und Tourismusb\u00fcros<\/strong> zur Verf\u00fcgung, wo Sie Karten, Brosch\u00fcren, Expertentipps und ma\u00dfgeschneiderte Empfehlungen finden k\u00f6nnen.<\/p>\n<p><a href=\"https:\/\/www.ordesamonteperdido.com\/de\/wp-content\/uploads\/informationsstellen-tourismus-telefonnummern-ordesa-monte-perdido.jpg\" target=\"_blank\" rel=\"noopener\"><img decoding=\"async\" class=\"aligncenter wp-image-2302 size-full\" src=\"https:\/\/www.ordesamonteperdido.com\/de\/wp-content\/uploads\/informationsstellen-tourismus-telefonnummern-ordesa-monte-perdido.jpg\" alt=\"Informations-, Tourismus- und Telefonb\u00fcros des Nationalparks Ordesa und Monte Perdido\" width=\"1134\" height=\"758\" srcset=\"https:\/\/www.ordesamonteperdido.com\/de\/wp-content\/uploads\/informationsstellen-tourismus-telefonnummern-ordesa-monte-perdido.jpg 1134w, https:\/\/www.ordesamonteperdido.com\/de\/wp-content\/uploads\/informationsstellen-tourismus-telefonnummern-ordesa-monte-perdido-336x225.jpg 336w, https:\/\/www.ordesamonteperdido.com\/de\/wp-content\/uploads\/informationsstellen-tourismus-telefonnummern-ordesa-monte-perdido-1024x684.jpg 1024w, https:\/\/www.ordesamonteperdido.com\/de\/wp-content\/uploads\/informationsstellen-tourismus-telefonnummern-ordesa-monte-perdido-768x513.jpg 768w\" sizes=\"(max-width: 1134px) 100vw, 1134px\" \/><\/a><\/p>\n<h2><span id=\"tourismusburos-des-nationalparks-ordesa-und-monte-perdido\">Tourismusb\u00fcros des Nationalparks Ordesa und Monte Perdido<\/span><\/h2>\n<h3><span id=\"informationsburo-valle-de-ordesa\">Informationsb\u00fcro Valle de Ordesa<\/span><\/h3>\n<section class=\"lstborder\">\n<h4><span id=\"tourismusburo-torla\">Tourismusb\u00fcro Torla<\/span><\/h4>\n<ul>\n<li><strong>Adresse<\/strong>: Avda. Ordesa s\/n. 22376. Torla.<\/li>\n<li><strong>\u00d6ffnungszeiten<\/strong>: Montag bis Sonntag von 09:00 bis 14:00 Uhr und von 16:15 bis 19:00 Uhr. Im Sommer, von Juli bis zum 15. September, von 09:00 bis 13:30 Uhr und ab 16:00 Uhr.<\/li>\n<li><strong>Kontakttelefon<\/strong>: 974 48 64 72.<\/li>\n<\/ul>\n<\/section>\n<section class=\"lstborder\">\n<h4><span id=\"informationspunkt-pradera-de-ordesa\">Informationspunkt Pradera de Ordesa<\/span><\/h4>\n<ul>\n<li><strong>Adresse<\/strong>: Pradera de Ordesa.<\/li>\n<li><strong>\u00d6ffnungszeiten<\/strong>: Vom 29. Juni bis zum 15. September von 09:00 bis 14:00 Uhr und von 16:15 bis 19:00 Uhr.<\/li>\n<\/ul>\n<\/section>\n<hr \/>\n<h3><span id=\"informationsburo-canon-del-anisclo\">Informationsb\u00fcro Ca\u00f1\u00f3n del Anisclo<\/span><\/h3>\n<section class=\"lstborder\">\n<h4><span id=\"tourismusburo-ainsa\">Tourismusb\u00fcro A\u00ednsa<\/span><\/h4>\n<ul>\n<li><strong>Adresse<\/strong>: Avda. Ordesa, 5, A\u00ednsa, Huesca, 22330.<\/li>\n<li><strong>\u00d6ffnungszeiten<\/strong>: Ganzj\u00e4hrig ge\u00f6ffnet. Montag bis Samstag von 10:00 bis 14:00 Uhr.<\/li>\n<li><strong>Kontakttelefon<\/strong>: 974 50 07 67<\/li>\n<\/ul>\n<\/section>\n<section class=\"lstborder\">\n<h4><span id=\"informationspunkt-in-escalona\">Informationspunkt in Escalona<\/span><\/h4>\n<ul>\n<li><strong>Adresse<\/strong>: Am Eingang des Dorfes, links neben dem Postamt und der Bushaltestelle. Geb\u00e4ude Portal de A\u00f1isclo Nr. 9. Escalona.<\/li>\n<li><strong>\u00d6ffnungszeiten an Werktagen<\/strong>: T\u00e4glich von 9:00 bis 14:00 Uhr ge\u00f6ffnet.<\/li>\n<li><strong>\u00d6ffnungszeiten an Wochenenden und Feiertagen<\/strong>: 9:00 bis 14:00 Uhr und von 16:15 bis 19:00 Uhr.<\/li>\n<li><strong>Kontakttelefon<\/strong>: 974 50 51 31.<\/li>\n<\/ul>\n<\/section>\n<h5><span id=\"wie-gelangt-man-zum-informationspunkt-escalona\">Wie gelangt man zum Informationspunkt Escalona?<\/span><\/h5>\n<p><iframe style=\"border: 0;\" src=\"https:\/\/www.google.com\/maps\/embed?pb=!1m18!1m12!1m3!1d1470.8396623038986!2d0.14273065700323395!3d42.498369642765!2m3!1f0!2f0!3f0!3m2!1i1024!2i768!4f13.1!3m3!1m2!1s0x12a7fcce96c0286d%3A0x5a7718c263f136e1!2s22363%20Escalona%2C%20Huesca!5e0!3m2!1ses!2ses!4v1683291119904!5m2!1ses!2ses\" width=\"100%\" height=\"450\" allowfullscreen=\"allowfullscreen\"><\/iframe><\/p>\n<section class=\"lstborder\">\n<h4><span id=\"informationspunkt-fanlo\">Informationspunkt Fanlo<\/span><\/h4>\n<ul>\n<li><strong>Adresse: <\/strong>Calle la Iglesia, s\/n. 22375 Fanlo.<\/li>\n<li><strong>Telefon<\/strong>: 974 94 81 50.<\/li>\n<li><strong>\u00d6ffnungszeiten Mittwoch bis Sonntag<\/strong>: 9:00 bis 14:00 Uhr und von 16:15 bis 19:00 Uhr. (Ge\u00f6ffnet vom 28. Juni bis 03. September.)<\/li>\n<li><strong>Kontakttelefon<\/strong>: 974 94 81 50.<\/li>\n<\/ul>\n<\/section>\n<section class=\"lstborder\">\n<h4><span id=\"informationspunkt-san-urbez\">Informationspunkt San Urbez<\/span><\/h4>\n<ul>\n<li><strong>Adresse: <\/strong>Parkplatz San Urbez (Ca\u00f1\u00f3n de A\u00f1isclo).<\/li>\n<li><strong>Telefon<\/strong>: 974 94 81 50.<\/li>\n<li><strong>\u00d6ffnungszeiten<\/strong>: von 09:00 bis 14:00 Uhr.<\/li>\n<li><strong>Sommer\u00f6ffnungszeiten<\/strong>: von 08:00 bis 18:00 Uhr (vom 01. Juni bis 30. September).<\/li>\n<\/ul>\n<\/section>\n<p>Das Informationszentrum San Urbez befindet sich auf dem Parkplatz San Urbez am Eingang der A\u00f1isclo-Schlucht. Von diesem Punkt aus starten einige der herausragendsten Wanderwege des Parks, was es zu einem wichtigen Anlaufpunkt f\u00fcr Besucher macht, die die Gegend erkunden m\u00f6chten.<\/p>\n<p>Touristen k\u00f6nnen n\u00fctzliche Informationen f\u00fcr ihren Besuch im Park erhalten. Dort stehen aktualisierte Karten der Region sowie Informationen \u00fcber verf\u00fcgbare Dienstleistungen und die verschiedenen erkundbaren Routen und Wanderwege zur Verf\u00fcgung. Es besteht auch die M\u00f6glichkeit, individuelle Beratung zu Aktivit\u00e4ten und Sehensw\u00fcrdigkeiten zu erhalten, wodurch das Informationszentrum zu einem unverzichtbaren Anlaufpunkt f\u00fcr Parkbesucher wird.<\/p>\n<h5><span id=\"wie-gelangt-man-zum-informationszentrum-san-urbez\">Wie gelangt man zum Informationszentrum San Urbez?<\/span><\/h5>\n<p><iframe style=\"border: 0;\" src=\"https:\/\/www.google.com\/maps\/embed?pb=!1m18!1m12!1m3!1d1469.4167127758385!2d0.04898585696578195!3d42.55882979276376!2m3!1f0!2f0!3f0!3m2!1i1024!2i768!4f13.1!3m3!1m2!1s0x12a8009a37a25565%3A0x68d8f5e9cacd995e!2sAparcamiento%20de%20San%20Urbez!5e0!3m2!1ses!2ses!4v1683290893749!5m2!1ses!2ses\" width=\"100%\" height=\"450\" allowfullscreen=\"allowfullscreen\"><\/iframe><\/p>\n<hr \/>\n<h3><span id=\"informationsburo-gargantas-de-escuain\">Informationsb\u00fcro Gargantas de Escua\u00edn<\/span><\/h3>\n<section class=\"lstborder\">\n<h4><span id=\"informationspunkt-escuain\">Informationspunkt Escua\u00edn<\/span><\/h4>\n<ul>\n<li><strong>Adresse<\/strong>: Calle \u00danica s\/n. 22362 Escua\u00edn.<\/li>\n<li><strong>\u00d6ffnungszeiten<\/strong>: T\u00e4glich von 9:00 bis 14:30 Uhr und von 15:00 bis 19:00 Uhr. Ab dem 14. Oktober geschlossen<strong>.<\/strong><\/li>\n<\/ul>\n<\/section>\n<section class=\"lstborder\">\n<h4><span id=\"besucherzentrum-tella\">Besucherzentrum Tella<\/span><\/h4>\n<ul>\n<li><strong>Adresse<\/strong>: Calle La Iglesia s\/n. 22364 Tella.<\/li>\n<li><strong>\u00d6ffnungszeiten<\/strong>: Samstags und sonntags von 9:00 bis 14:00 Uhr und von 15:15 bis 18:00 Uhr.<\/li>\n<li><strong>Kontakttelefon<\/strong>: 974 34 66 77.<\/li>\n<\/ul>\n<\/section>\n<hr \/>\n<h3><span id=\"informationsburo-valle-de-pineta\">Informationsb\u00fcro Valle de Pineta<\/span><\/h3>\n<section class=\"lstborder\">\n<h4><span id=\"tourismusburo-bielsa\">Tourismusb\u00fcro Bielsa<\/span><\/h4>\n<ul>\n<li><strong>Adresse<\/strong>: Plaza Mayor, s\/n, 22350 Bielsa, Huesca.<\/li>\n<li><strong>\u00d6ffnungszeiten<\/strong>: Montag bis Freitag von 09:00 bis 14:00 Uhr, am Wochenende von 09:00 bis 14:00 Uhr und von 15:00 bis 18:00 Uhr.<\/li>\n<li><strong>Kontakttelefon<\/strong>: 974 5010 43.<\/li>\n<\/ul>\n<\/section>\n<section class=\"lstborder\">\n<h4><span id=\"informationspunkt-pineta\">Informationspunkt Pineta<\/span><\/h4>\n<ul>\n<li><strong>Adresse<\/strong>: Am Ende der Zufahrtsstra\u00dfe zum Pineta-Tal, rechts vom Fluss Cinca, in der N\u00e4he des Parador Nacional und des Parkplatzes.<\/li>\n<li><strong>\u00d6ffnungszeiten<\/strong>: Ge\u00f6ffnet w\u00e4hrend der Osterwoche und von Anfang Juni bis Mitte Oktober. Die \u00d6ffnungszeiten sind von 09:00 bis 14:00 Uhr und von 16:00 bis 19:00 Uhr.<\/li>\n<\/ul>\n<\/section>\n<hr \/>\n<h2><span id=\"weitere-informationspunkte-und-nutzliche-telefonnummern-fur-reisende\">Weitere Informationspunkte und n\u00fctzliche Telefonnummern f\u00fcr Reisende<\/span><\/h2>\n<p>Bei Notf\u00e4llen oder f\u00fcr weitere Fragen z\u00f6gern Sie nicht, die folgenden <strong>Telefonnummern<\/strong> f\u00fcr den Kundenservice zu kontaktieren:<\/p>\n<section class=\"lstborder\">\n<ul>\n<li><strong>Tourismusb\u00fcro Ordesa und Monte Perdido:<\/strong> 974 50 51 31.<\/li>\n<li><strong>Guardia Civil &#8211; Bergdienst:<\/strong> 974 36 13 54.<\/li>\n<li><strong>Besucherzentrum:<\/strong> 974 48 64 72.<\/li>\n<\/ul>\n<\/section>\n<p>Wir hoffen, dass Sie Ihr Abenteuer in <strong><a href=\"https:\/\/www.ordesamonteperdido.com\/de\/\">Ordesa und Monte Perdido<\/a><\/strong> in vollen Z\u00fcgen genie\u00dfen und dass Ihnen diese Ressourcen von gro\u00dfer Hilfe sind. Wir w\u00fcnschen Ihnen viel Freude beim Wandern und Erkunden!<\/p>\n","protected":false},"excerpt":{"rendered":"<p>Willkommen in der majest\u00e4tischen Region von Ordesa und Monte Perdido, einem Naturparadies im Herzen der Pyren\u00e4en. Dieses gesch\u00fctzte Gebiet, das zum Nationalpark und zum UNESCO-Weltkulturerbe erkl\u00e4rt wurde, bietet den Besuchern eine einzigartige und unvergessliche&#46;&#46;&#46;<\/p>\n","protected":false},"author":2,"featured_media":2305,"parent":0,"menu_order":0,"comment_status":"closed","ping_status":"closed","template":"","meta":{"footnotes":""},"yoast_head":"<!-- This site is optimized with the Yoast SEO plugin v20.1 - https:\/\/yoast.com\/wordpress\/plugins\/seo\/ -->\n<title>Informationsstellen, Tourismus und Telefonnummern von Ordesa und Monte Perdido<\/title>\n<meta name=\"description\" content=\"Willkommen in der majest\u00e4tischen Region von Ordesa und Monte Perdido, einem Naturparadies im Herzen der Pyren\u00e4en. Dieses gesch\u00fctzte Gebiet, das zum\" \/>\n<meta name=\"robots\" content=\"index, follow, max-snippet:-1, max-image-preview:large, max-video-preview:-1\" \/>\n<link rel=\"canonical\" href=\"https:\/\/www.ordesamonteperdido.com\/de\/informationsburos\/\" \/>\n<meta property=\"og:locale\" content=\"de_DE\" \/>\n<meta property=\"og:type\" content=\"article\" \/>\n<meta property=\"og:title\" content=\"Informationsstellen, Tourismus und Telefonnummern von Ordesa und Monte Perdido\" \/>\n<meta property=\"og:description\" content=\"Willkommen in der majest\u00e4tischen Region von Ordesa und Monte Perdido, einem Naturparadies im Herzen der Pyren\u00e4en. Dieses gesch\u00fctzte Gebiet, das zum\" \/>\n<meta property=\"og:url\" content=\"https:\/\/www.ordesamonteperdido.com\/de\/informationsburos\/\" \/>\n<meta property=\"og:site_name\" content=\"Ordesa und Monte Perdido\" \/>\n<meta property=\"article:modified_time\" content=\"2024-08-30T12:32:07+00:00\" \/>\n<meta property=\"og:image\" content=\"https:\/\/www.ordesamonteperdido.com\/de\/wp-content\/uploads\/informationsstellen-tourismus-und-telefonnummern-ordesa-monte-perdido.jpg\" \/>\n\t<meta property=\"og:image:width\" content=\"1200\" \/>\n\t<meta property=\"og:image:height\" content=\"621\" \/>\n\t<meta property=\"og:image:type\" content=\"image\/jpeg\" \/>\n<meta name=\"twitter:card\" content=\"summary_large_image\" \/>\n<meta name=\"twitter:label1\" content=\"Tiempo de lectura\" \/>\n\t<meta name=\"twitter:data1\" content=\"4 minutos\" \/>\n<script type=\"application\/ld+json\" class=\"yoast-schema-graph\">{\"@context\":\"https:\/\/schema.org\",\"@graph\":[{\"@type\":\"WebPage\",\"@id\":\"https:\/\/www.ordesamonteperdido.com\/de\/informationsburos\/\",\"url\":\"https:\/\/www.ordesamonteperdido.com\/de\/informationsburos\/\",\"name\":\"Informationsstellen, Tourismus und Telefonnummern von Ordesa und Monte Perdido\",\"isPartOf\":{\"@id\":\"https:\/\/www.ordesamonteperdido.com\/de\/#website\"},\"datePublished\":\"2023-05-04T10:19:39+00:00\",\"dateModified\":\"2024-08-30T12:32:07+00:00\",\"description\":\"Willkommen in der majest\u00e4tischen Region von Ordesa und Monte Perdido, einem Naturparadies im Herzen der Pyren\u00e4en. Dieses gesch\u00fctzte Gebiet, das zum\",\"breadcrumb\":{\"@id\":\"https:\/\/www.ordesamonteperdido.com\/de\/informationsburos\/#breadcrumb\"},\"inLanguage\":\"de\",\"potentialAction\":[{\"@type\":\"ReadAction\",\"target\":[\"https:\/\/www.ordesamonteperdido.com\/de\/informationsburos\/\"]}]},{\"@type\":\"BreadcrumbList\",\"@id\":\"https:\/\/www.ordesamonteperdido.com\/de\/informationsburos\/#breadcrumb\",\"itemListElement\":[{\"@type\":\"ListItem\",\"position\":1,\"name\":\"Portada\",\"item\":\"https:\/\/www.ordesamonteperdido.com\/de\/\"},{\"@type\":\"ListItem\",\"position\":2,\"name\":\"Informationsstellen, Tourismus und Telefonnummern von Ordesa und Monte Perdido\"}]},{\"@type\":\"WebSite\",\"@id\":\"https:\/\/www.ordesamonteperdido.com\/de\/#website\",\"url\":\"https:\/\/www.ordesamonteperdido.com\/de\/\",\"name\":\"Ordesa und Monte Perdido\",\"description\":\"Tourismus, Unterk\u00fcnfte, Wanderwege und F\u00fchrungen.\",\"publisher\":{\"@id\":\"https:\/\/www.ordesamonteperdido.com\/de\/#organization\"},\"potentialAction\":[{\"@type\":\"SearchAction\",\"target\":{\"@type\":\"EntryPoint\",\"urlTemplate\":\"https:\/\/www.ordesamonteperdido.com\/de\/?s={search_term_string}\"},\"query-input\":\"required name=search_term_string\"}],\"inLanguage\":\"de\"},{\"@type\":\"Organization\",\"@id\":\"https:\/\/www.ordesamonteperdido.com\/de\/#organization\",\"name\":\"Ordesa und Monte Perdido\",\"url\":\"https:\/\/www.ordesamonteperdido.com\/de\/\",\"logo\":{\"@type\":\"ImageObject\",\"inLanguage\":\"de\",\"@id\":\"https:\/\/www.ordesamonteperdido.com\/de\/#\/schema\/logo\/image\/\",\"url\":\"\",\"contentUrl\":\"\",\"caption\":\"Ordesa und Monte Perdido\"},\"image\":{\"@id\":\"https:\/\/www.ordesamonteperdido.com\/de\/#\/schema\/logo\/image\/\"}}]}<\/script>\n<!-- \/ Yoast SEO plugin. -->","yoast_head_json":{"title":"Informationsstellen, Tourismus und Telefonnummern von Ordesa und Monte Perdido","description":"Willkommen in der majest\u00e4tischen Region von Ordesa und Monte Perdido, einem Naturparadies im Herzen der Pyren\u00e4en. Dieses gesch\u00fctzte Gebiet, das zum","robots":{"index":"index","follow":"follow","max-snippet":"max-snippet:-1","max-image-preview":"max-image-preview:large","max-video-preview":"max-video-preview:-1"},"canonical":"https:\/\/www.ordesamonteperdido.com\/de\/informationsburos\/","og_locale":"de_DE","og_type":"article","og_title":"Informationsstellen, Tourismus und Telefonnummern von Ordesa und Monte Perdido","og_description":"Willkommen in der majest\u00e4tischen Region von Ordesa und Monte Perdido, einem Naturparadies im Herzen der Pyren\u00e4en. Dieses gesch\u00fctzte Gebiet, das zum","og_url":"https:\/\/www.ordesamonteperdido.com\/de\/informationsburos\/","og_site_name":"Ordesa und Monte Perdido","article_modified_time":"2024-08-30T12:32:07+00:00","og_image":[{"width":1200,"height":621,"url":"https:\/\/www.ordesamonteperdido.com\/de\/wp-content\/uploads\/informationsstellen-tourismus-und-telefonnummern-ordesa-monte-perdido.jpg","type":"image\/jpeg"}],"twitter_card":"summary_large_image","twitter_misc":{"Tiempo de lectura":"4 minutos"},"schema":{"@context":"https:\/\/schema.org","@graph":[{"@type":"WebPage","@id":"https:\/\/www.ordesamonteperdido.com\/de\/informationsburos\/","url":"https:\/\/www.ordesamonteperdido.com\/de\/informationsburos\/","name":"Informationsstellen, Tourismus und Telefonnummern von Ordesa und Monte Perdido","isPartOf":{"@id":"https:\/\/www.ordesamonteperdido.com\/de\/#website"},"datePublished":"2023-05-04T10:19:39+00:00","dateModified":"2024-08-30T12:32:07+00:00","description":"Willkommen in der majest\u00e4tischen Region von Ordesa und Monte Perdido, einem Naturparadies im Herzen der Pyren\u00e4en. Dieses gesch\u00fctzte Gebiet, das zum","breadcrumb":{"@id":"https:\/\/www.ordesamonteperdido.com\/de\/informationsburos\/#breadcrumb"},"inLanguage":"de","potentialAction":[{"@type":"ReadAction","target":["https:\/\/www.ordesamonteperdido.com\/de\/informationsburos\/"]}]},{"@type":"BreadcrumbList","@id":"https:\/\/www.ordesamonteperdido.com\/de\/informationsburos\/#breadcrumb","itemListElement":[{"@type":"ListItem","position":1,"name":"Portada","item":"https:\/\/www.ordesamonteperdido.com\/de\/"},{"@type":"ListItem","position":2,"name":"Informationsstellen, Tourismus und Telefonnummern von Ordesa und Monte Perdido"}]},{"@type":"WebSite","@id":"https:\/\/www.ordesamonteperdido.com\/de\/#website","url":"https:\/\/www.ordesamonteperdido.com\/de\/","name":"Ordesa und Monte Perdido","description":"Tourismus, Unterk\u00fcnfte, Wanderwege und F\u00fchrungen.","publisher":{"@id":"https:\/\/www.ordesamonteperdido.com\/de\/#organization"},"potentialAction":[{"@type":"SearchAction","target":{"@type":"EntryPoint","urlTemplate":"https:\/\/www.ordesamonteperdido.com\/de\/?s={search_term_string}"},"query-input":"required name=search_term_string"}],"inLanguage":"de"},{"@type":"Organization","@id":"https:\/\/www.ordesamonteperdido.com\/de\/#organization","name":"Ordesa und Monte Perdido","url":"https:\/\/www.ordesamonteperdido.com\/de\/","logo":{"@type":"ImageObject","inLanguage":"de","@id":"https:\/\/www.ordesamonteperdido.com\/de\/#\/schema\/logo\/image\/","url":"","contentUrl":"","caption":"Ordesa und Monte Perdido"},"image":{"@id":"https:\/\/www.ordesamonteperdido.com\/de\/#\/schema\/logo\/image\/"}}]}},"_links":{"self":[{"href":"https:\/\/www.ordesamonteperdido.com\/de\/wp-json\/wp\/v2\/pages\/909"}],"collection":[{"href":"https:\/\/www.ordesamonteperdido.com\/de\/wp-json\/wp\/v2\/pages"}],"about":[{"href":"https:\/\/www.ordesamonteperdido.com\/de\/wp-json\/wp\/v2\/types\/page"}],"author":[{"embeddable":true,"href":"https:\/\/www.ordesamonteperdido.com\/de\/wp-json\/wp\/v2\/users\/2"}],"replies":[{"embeddable":true,"href":"https:\/\/www.ordesamonteperdido.com\/de\/wp-json\/wp\/v2\/comments?post=909"}],"version-history":[{"count":0,"href":"https:\/\/www.ordesamonteperdido.com\/de\/wp-json\/wp\/v2\/pages\/909\/revisions"}],"wp:featuredmedia":[{"embeddable":true,"href":"https:\/\/www.ordesamonteperdido.com\/de\/wp-json\/wp\/v2\/media\/2305"}],"wp:attachment":[{"href":"https:\/\/www.ordesamonteperdido.com\/de\/wp-json\/wp\/v2\/media?parent=909"}],"curies":[{"name":"wp","href":"https:\/\/api.w.org\/{rel}","templated":true}]}}