{"id":941,"date":"2023-05-04T12:33:13","date_gmt":"2023-05-04T10:33:13","guid":{"rendered":"https:\/\/www.ordesamonteperdido.com\/de\/?page_id=941"},"modified":"2024-08-30T15:07:06","modified_gmt":"2024-08-30T13:07:06","slug":"webcam","status":"publish","type":"page","link":"https:\/\/www.ordesamonteperdido.com\/de\/webcam\/","title":{"rendered":"Webcam live: Nationalpark Ordesa und Monte Perdido"},"content":{"rendered":"<p>Willkommen zu unserem Fenster in Echtzeit zum majest\u00e4tischen <a href=\"https:\/\/www.ordesamonteperdido.com\/de\/nationalpark\/\">Nationalpark Ordesa und Monte Perdido<\/a>. Durch diese <strong>Webcam<\/strong> k\u00f6nnen Sie die beeindruckenden Ausblicke und einzigartigen Landschaften dieses ikonischen Naturparks erkunden und genie\u00dfen. Der Park liegt in den aragonesischen Pyren\u00e4en und beheimatet eine au\u00dfergew\u00f6hnliche Artenvielfalt sowie eine reiche Geologie, die sich in seinen imposanten Bergen, Gletschert\u00e4lern und Wasserf\u00e4llen widerspiegelt.<\/p>\n<h2>Echtzeit-Webcam des Nationalparks Ordesa und Monte Perdido<\/h2>\n<p><iframe title=\"YouTube video player\" src=\"https:\/\/www.youtube-nocookie.com\/embed\/yzuKTfRvWV4\" width=\"100%\" height=\"630\" frameborder=\"0\" allowfullscreen=\"allowfullscreen\"><\/iframe><\/p>\n<p>Tauchen Sie ein in die Sch\u00f6nheit dieses Naturschatzes vom Komfort Ihres Zuhauses aus oder planen Sie Ihr n\u00e4chstes Abenteuer. Beobachten Sie, wie sich die Farben und die Flora im Laufe der Jahreszeiten ver\u00e4ndern, und mit etwas Gl\u00fcck k\u00f6nnen Sie Tiere in ihrer nat\u00fcrlichen Umgebung entdecken. Vergessen Sie nicht, dieses einzigartige Erlebnis mit Ihren Freunden und Ihrer Familie zu teilen. Genie\u00dfen Sie die Live-Natur im Nationalpark Ordesa und Monte Perdido!<\/p>\n<h2>Videos von Besuchen im Ordesa-Park<\/h2>\n<p>Entdecken Sie die Sch\u00f6nheit dieses Nationalparks durch fesselnde Videos, die Sie zu seinen markantesten Landschaften mitnehmen werden.<br \/>\n<iframe title=\"YouTube video player\" src=\"https:\/\/www.youtube-nocookie.com\/embed\/Z5bAdXXNgE0\" width=\"100%\" height=\"630\" frameborder=\"0\" allowfullscreen=\"allowfullscreen\"><\/iframe><\/p>\n<p>Abenteuer am Monte Perdido: Tauchen Sie in die Aufregung des Kletterns und Erkundens dieses imposanten Massivs ein, mit Videos, die Sie Teil der Action f\u00fchlen lassen.<\/p>\n<p><iframe title=\"YouTube video player\" src=\"https:\/\/www.youtube-nocookie.com\/embed\/OhWt-XqFlio\" width=\"100%\" height=\"630\" frameborder=\"0\" allowfullscreen=\"allowfullscreen\"><\/iframe><\/p>\n<p><iframe title=\"YouTube video player\" src=\"https:\/\/www.youtube-nocookie.com\/embed\/Xbgx4Ge-NAk\" width=\"100%\" height=\"630\" frameborder=\"0\" allowfullscreen=\"allowfullscreen\"><\/iframe><\/p>\n","protected":false},"excerpt":{"rendered":"<p>Willkommen zu unserem Fenster in Echtzeit zum majest\u00e4tischen Nationalpark Ordesa und Monte Perdido. Durch diese Webcam k\u00f6nnen Sie die beeindruckenden Ausblicke und einzigartigen Landschaften dieses ikonischen Naturparks erkunden und genie\u00dfen. Der Park liegt in&#46;&#46;&#46;<\/p>\n","protected":false},"author":2,"featured_media":0,"parent":0,"menu_order":0,"comment_status":"closed","ping_status":"closed","template":"","meta":{"footnotes":""},"yoast_head":"<!-- This site is optimized with the Yoast SEO plugin v20.1 - https:\/\/yoast.com\/wordpress\/plugins\/seo\/ -->\n<title>Webcam live: Nationalpark Ordesa und Monte Perdido<\/title>\n<meta name=\"description\" content=\"Entdecke die Majest\u00e4t des Nationalparks Ordesa und Monte Perdido live \u00fcber die Webcam. Genie\u00dfe einzigartige Landschaften und beobachte die Artenvielfalt von zu Hause aus.\" \/>\n<meta name=\"robots\" content=\"index, follow, max-snippet:-1, max-image-preview:large, max-video-preview:-1\" \/>\n<link rel=\"canonical\" href=\"https:\/\/www.ordesamonteperdido.com\/de\/webcam\/\" \/>\n<meta property=\"og:locale\" content=\"de_DE\" \/>\n<meta property=\"og:type\" content=\"article\" \/>\n<meta property=\"og:title\" content=\"Webcam live: Nationalpark Ordesa und Monte Perdido\" \/>\n<meta property=\"og:description\" content=\"Entdecke die Majest\u00e4t des Nationalparks Ordesa und Monte Perdido live \u00fcber die Webcam. Genie\u00dfe einzigartige Landschaften und beobachte die Artenvielfalt von zu Hause aus.\" \/>\n<meta property=\"og:url\" content=\"https:\/\/www.ordesamonteperdido.com\/de\/webcam\/\" \/>\n<meta property=\"og:site_name\" content=\"Ordesa und Monte Perdido\" \/>\n<meta property=\"article:modified_time\" content=\"2024-08-30T13:07:06+00:00\" \/>\n<meta name=\"twitter:card\" content=\"summary_large_image\" \/>\n<meta name=\"twitter:label1\" content=\"Tiempo de lectura\" \/>\n\t<meta name=\"twitter:data1\" content=\"1 minuto\" \/>\n<script type=\"application\/ld+json\" class=\"yoast-schema-graph\">{\"@context\":\"https:\/\/schema.org\",\"@graph\":[{\"@type\":\"WebPage\",\"@id\":\"https:\/\/www.ordesamonteperdido.com\/de\/webcam\/\",\"url\":\"https:\/\/www.ordesamonteperdido.com\/de\/webcam\/\",\"name\":\"Webcam live: Nationalpark Ordesa und Monte Perdido\",\"isPartOf\":{\"@id\":\"https:\/\/www.ordesamonteperdido.com\/de\/#website\"},\"datePublished\":\"2023-05-04T10:33:13+00:00\",\"dateModified\":\"2024-08-30T13:07:06+00:00\",\"description\":\"Entdecke die Majest\u00e4t des Nationalparks Ordesa und Monte Perdido live \u00fcber die Webcam. Genie\u00dfe einzigartige Landschaften und beobachte die Artenvielfalt von zu Hause aus.\",\"breadcrumb\":{\"@id\":\"https:\/\/www.ordesamonteperdido.com\/de\/webcam\/#breadcrumb\"},\"inLanguage\":\"de\",\"potentialAction\":[{\"@type\":\"ReadAction\",\"target\":[\"https:\/\/www.ordesamonteperdido.com\/de\/webcam\/\"]}]},{\"@type\":\"BreadcrumbList\",\"@id\":\"https:\/\/www.ordesamonteperdido.com\/de\/webcam\/#breadcrumb\",\"itemListElement\":[{\"@type\":\"ListItem\",\"position\":1,\"name\":\"Portada\",\"item\":\"https:\/\/www.ordesamonteperdido.com\/de\/\"},{\"@type\":\"ListItem\",\"position\":2,\"name\":\"Webcam live: Nationalpark Ordesa und Monte Perdido\"}]},{\"@type\":\"WebSite\",\"@id\":\"https:\/\/www.ordesamonteperdido.com\/de\/#website\",\"url\":\"https:\/\/www.ordesamonteperdido.com\/de\/\",\"name\":\"Ordesa und Monte Perdido\",\"description\":\"Tourismus, Unterk\u00fcnfte, Wanderwege und F\u00fchrungen.\",\"publisher\":{\"@id\":\"https:\/\/www.ordesamonteperdido.com\/de\/#organization\"},\"potentialAction\":[{\"@type\":\"SearchAction\",\"target\":{\"@type\":\"EntryPoint\",\"urlTemplate\":\"https:\/\/www.ordesamonteperdido.com\/de\/?s={search_term_string}\"},\"query-input\":\"required name=search_term_string\"}],\"inLanguage\":\"de\"},{\"@type\":\"Organization\",\"@id\":\"https:\/\/www.ordesamonteperdido.com\/de\/#organization\",\"name\":\"Ordesa und Monte Perdido\",\"url\":\"https:\/\/www.ordesamonteperdido.com\/de\/\",\"logo\":{\"@type\":\"ImageObject\",\"inLanguage\":\"de\",\"@id\":\"https:\/\/www.ordesamonteperdido.com\/de\/#\/schema\/logo\/image\/\",\"url\":\"\",\"contentUrl\":\"\",\"caption\":\"Ordesa und Monte Perdido\"},\"image\":{\"@id\":\"https:\/\/www.ordesamonteperdido.com\/de\/#\/schema\/logo\/image\/\"}}]}<\/script>\n<!-- \/ Yoast SEO plugin. -->","yoast_head_json":{"title":"Webcam live: Nationalpark Ordesa und Monte Perdido","description":"Entdecke die Majest\u00e4t des Nationalparks Ordesa und Monte Perdido live \u00fcber die Webcam. Genie\u00dfe einzigartige Landschaften und beobachte die Artenvielfalt von zu Hause aus.","robots":{"index":"index","follow":"follow","max-snippet":"max-snippet:-1","max-image-preview":"max-image-preview:large","max-video-preview":"max-video-preview:-1"},"canonical":"https:\/\/www.ordesamonteperdido.com\/de\/webcam\/","og_locale":"de_DE","og_type":"article","og_title":"Webcam live: Nationalpark Ordesa und Monte Perdido","og_description":"Entdecke die Majest\u00e4t des Nationalparks Ordesa und Monte Perdido live \u00fcber die Webcam. Genie\u00dfe einzigartige Landschaften und beobachte die Artenvielfalt von zu Hause aus.","og_url":"https:\/\/www.ordesamonteperdido.com\/de\/webcam\/","og_site_name":"Ordesa und Monte Perdido","article_modified_time":"2024-08-30T13:07:06+00:00","twitter_card":"summary_large_image","twitter_misc":{"Tiempo de lectura":"1 minuto"},"schema":{"@context":"https:\/\/schema.org","@graph":[{"@type":"WebPage","@id":"https:\/\/www.ordesamonteperdido.com\/de\/webcam\/","url":"https:\/\/www.ordesamonteperdido.com\/de\/webcam\/","name":"Webcam live: Nationalpark Ordesa und Monte Perdido","isPartOf":{"@id":"https:\/\/www.ordesamonteperdido.com\/de\/#website"},"datePublished":"2023-05-04T10:33:13+00:00","dateModified":"2024-08-30T13:07:06+00:00","description":"Entdecke die Majest\u00e4t des Nationalparks Ordesa und Monte Perdido live \u00fcber die Webcam. Genie\u00dfe einzigartige Landschaften und beobachte die Artenvielfalt von zu Hause aus.","breadcrumb":{"@id":"https:\/\/www.ordesamonteperdido.com\/de\/webcam\/#breadcrumb"},"inLanguage":"de","potentialAction":[{"@type":"ReadAction","target":["https:\/\/www.ordesamonteperdido.com\/de\/webcam\/"]}]},{"@type":"BreadcrumbList","@id":"https:\/\/www.ordesamonteperdido.com\/de\/webcam\/#breadcrumb","itemListElement":[{"@type":"ListItem","position":1,"name":"Portada","item":"https:\/\/www.ordesamonteperdido.com\/de\/"},{"@type":"ListItem","position":2,"name":"Webcam live: Nationalpark Ordesa und Monte Perdido"}]},{"@type":"WebSite","@id":"https:\/\/www.ordesamonteperdido.com\/de\/#website","url":"https:\/\/www.ordesamonteperdido.com\/de\/","name":"Ordesa und Monte Perdido","description":"Tourismus, Unterk\u00fcnfte, Wanderwege und F\u00fchrungen.","publisher":{"@id":"https:\/\/www.ordesamonteperdido.com\/de\/#organization"},"potentialAction":[{"@type":"SearchAction","target":{"@type":"EntryPoint","urlTemplate":"https:\/\/www.ordesamonteperdido.com\/de\/?s={search_term_string}"},"query-input":"required name=search_term_string"}],"inLanguage":"de"},{"@type":"Organization","@id":"https:\/\/www.ordesamonteperdido.com\/de\/#organization","name":"Ordesa und Monte Perdido","url":"https:\/\/www.ordesamonteperdido.com\/de\/","logo":{"@type":"ImageObject","inLanguage":"de","@id":"https:\/\/www.ordesamonteperdido.com\/de\/#\/schema\/logo\/image\/","url":"","contentUrl":"","caption":"Ordesa und Monte Perdido"},"image":{"@id":"https:\/\/www.ordesamonteperdido.com\/de\/#\/schema\/logo\/image\/"}}]}},"_links":{"self":[{"href":"https:\/\/www.ordesamonteperdido.com\/de\/wp-json\/wp\/v2\/pages\/941"}],"collection":[{"href":"https:\/\/www.ordesamonteperdido.com\/de\/wp-json\/wp\/v2\/pages"}],"about":[{"href":"https:\/\/www.ordesamonteperdido.com\/de\/wp-json\/wp\/v2\/types\/page"}],"author":[{"embeddable":true,"href":"https:\/\/www.ordesamonteperdido.com\/de\/wp-json\/wp\/v2\/users\/2"}],"replies":[{"embeddable":true,"href":"https:\/\/www.ordesamonteperdido.com\/de\/wp-json\/wp\/v2\/comments?post=941"}],"version-history":[{"count":0,"href":"https:\/\/www.ordesamonteperdido.com\/de\/wp-json\/wp\/v2\/pages\/941\/revisions"}],"wp:attachment":[{"href":"https:\/\/www.ordesamonteperdido.com\/de\/wp-json\/wp\/v2\/media?parent=941"}],"curies":[{"name":"wp","href":"https:\/\/api.w.org\/{rel}","templated":true}]}}