{"id":952,"date":"2023-05-04T12:38:40","date_gmt":"2023-05-04T10:38:40","guid":{"rendered":"https:\/\/www.ordesamonteperdido.com\/de\/?page_id=952"},"modified":"2024-08-30T14:26:38","modified_gmt":"2024-08-30T12:26:38","slug":"taler","status":"publish","type":"page","link":"https:\/\/www.ordesamonteperdido.com\/de\/taler\/","title":{"rendered":"T\u00e4ler des Naturparks Ordesa und Monte Perdido"},"content":{"rendered":"<div id=\"toc_container\" class=\"toc_white no_bullets\"><p class=\"toc_title\">Index<\/p><ul class=\"toc_list\"><li><a href=\"#taler-des-nationalparks-ordesa-und-monte-perdido\"><span class=\"toc_number toc_depth_1\">1<\/span> T\u00e4ler des Nationalparks Ordesa und Monte Perdido<\/a><ul><li><a href=\"#ordesa-tal\"><span class=\"toc_number toc_depth_2\">1.1<\/span> Ordesa-Tal<\/a><\/li><li><a href=\"#schlucht-von-anisclo-canon-de-anisclo\"><span class=\"toc_number toc_depth_2\">1.2<\/span> Schlucht von A\u00f1isclo (Ca\u00f1\u00f3n de A\u00f1isclo)<\/a><\/li><li><a href=\"#pineta-tal\"><span class=\"toc_number toc_depth_2\">1.3<\/span> Pineta-Tal<\/a><\/li><li><a href=\"#schluchten-von-escuain-gargantas-de-escuain\"><span class=\"toc_number toc_depth_2\">1.4<\/span> Schluchten von Escua\u00edn (Gargantas de Escua\u00edn)<\/a><\/li><\/ul><\/li><li><a href=\"#weitere-touristische-attraktionen-im-park-ordesa-und-monte-perdido\"><span class=\"toc_number toc_depth_1\">2<\/span> Weitere touristische Attraktionen im Park Ordesa und Monte Perdido<\/a><ul><li><a href=\"#monte-perdido\"><span class=\"toc_number toc_depth_2\">2.1<\/span> Monte Perdido<\/a><\/li><li><a href=\"#bujaruelo-tal\"><span class=\"toc_number toc_depth_2\">2.2<\/span> Bujaruelo-Tal<\/a><\/li><li><a href=\"#faja-de-las-flores\"><span class=\"toc_number toc_depth_2\">2.3<\/span> Faja de las Flores<\/a><\/li><li><a href=\"#tres-sorores-massiv-macizo-de-tres-sorores\"><span class=\"toc_number toc_depth_2\">2.4<\/span> Tres Sorores-Massiv (Macizo de Tres Sorores)<\/a><\/li><\/ul><\/li><\/ul><\/div>\n\n<p>Der Nationalpark Ordesa und Monte Perdido wurde von der UNESCO als <strong>Weltkulturerbe<\/strong> anerkannt (<a href=\"https:\/\/whc.unesco.org\/es\/list\/773\" target=\"_blank\" rel=\"nofollow noopener\">Referenz anzeigen<\/a>). Der Park umfasst vier T\u00e4ler (<a href=\"https:\/\/www.ordesamonteperdido.com\/de\/ordesa-tal\/\"><strong>Ordesa<\/strong><\/a>, <a href=\"https:\/\/www.ordesamonteperdido.com\/de\/schlucht-von-anisclo\/\"><strong>A\u00f1isclo<\/strong><\/a>, <a href=\"https:\/\/www.ordesamonteperdido.com\/de\/gargantas-de-escuain\/\"><strong>Escua\u00edn<\/strong> <\/a>und <a href=\"https:\/\/www.ordesamonteperdido.com\/de\/tal-von-pineta\/\"><strong>Pineta<\/strong><\/a>), die sich um den <a href=\"https:\/\/www.ordesamonteperdido.com\/de\/monte-perdido\/\">Monte Perdido<\/a> erstrecken, den h\u00f6chsten Kalksteinberg Europas.<\/p>\n<p>Die Gegend gilt als das eigentliche Herz der Pyren\u00e4en und ist einer der ersten gesch\u00fctzten Naturparks Europas.<\/p>\n<h2><span id=\"taler-des-nationalparks-ordesa-und-monte-perdido\">T\u00e4ler des Nationalparks Ordesa und Monte Perdido<\/span><\/h2>\n<div class=\"display-posts-listing image-top\"><div class=\"listing-item\"><a class=\"image\" href=\"https:\/\/www.ordesamonteperdido.com\/de\/ordesa-tal\/\"><img decoding=\"async\" width=\"1024\" height=\"530\" src=\"https:\/\/www.ordesamonteperdido.com\/de\/wp-content\/uploads\/ordesa-tal-1024x530.jpg\" class=\"attachment-large size-large wp-post-image\" alt=\"Ordesa-Tal\" srcset=\"https:\/\/www.ordesamonteperdido.com\/de\/wp-content\/uploads\/ordesa-tal-1024x530.jpg 1024w, https:\/\/www.ordesamonteperdido.com\/de\/wp-content\/uploads\/ordesa-tal-336x174.jpg 336w, https:\/\/www.ordesamonteperdido.com\/de\/wp-content\/uploads\/ordesa-tal-768x397.jpg 768w, https:\/\/www.ordesamonteperdido.com\/de\/wp-content\/uploads\/ordesa-tal.jpg 1200w\" sizes=\"(max-width: 1024px) 100vw, 1024px\" \/><\/a> <h3><span id=\"ordesa-tal\"><a class=\"title\" href=\"https:\/\/www.ordesamonteperdido.com\/de\/ordesa-tal\/\">Ordesa-Tal<\/a><\/span><\/h3><\/div><div class=\"listing-item\"><a class=\"image\" href=\"https:\/\/www.ordesamonteperdido.com\/de\/schlucht-von-anisclo\/\"><img decoding=\"async\" width=\"1024\" height=\"685\" src=\"https:\/\/www.ordesamonteperdido.com\/de\/wp-content\/uploads\/canon-de-anisclo-1024x685.jpg\" class=\"attachment-large size-large wp-post-image\" alt=\"Ca\u00f1\u00f3n de A\u00f1isclo\" srcset=\"https:\/\/www.ordesamonteperdido.com\/de\/wp-content\/uploads\/canon-de-anisclo-1024x685.jpg 1024w, https:\/\/www.ordesamonteperdido.com\/de\/wp-content\/uploads\/canon-de-anisclo-336x225.jpg 336w, https:\/\/www.ordesamonteperdido.com\/de\/wp-content\/uploads\/canon-de-anisclo-768x514.jpg 768w, https:\/\/www.ordesamonteperdido.com\/de\/wp-content\/uploads\/canon-de-anisclo.jpg 1200w\" sizes=\"(max-width: 1024px) 100vw, 1024px\" \/><\/a> <h3><span id=\"schlucht-von-anisclo-canon-de-anisclo\"><a class=\"title\" href=\"https:\/\/www.ordesamonteperdido.com\/de\/schlucht-von-anisclo\/\">Schlucht von A\u00f1isclo (Ca\u00f1\u00f3n de A\u00f1isclo)<\/a><\/span><\/h3><\/div><div class=\"listing-item\"><a class=\"image\" href=\"https:\/\/www.ordesamonteperdido.com\/de\/tal-von-pineta\/\"><img decoding=\"async\" width=\"1024\" height=\"768\" src=\"https:\/\/www.ordesamonteperdido.com\/de\/wp-content\/uploads\/pineta-tal-ordesa-1024x768.jpg\" class=\"attachment-large size-large wp-post-image\" alt=\"Pineta-Tal, Ordesa, Spanien\" srcset=\"https:\/\/www.ordesamonteperdido.com\/de\/wp-content\/uploads\/pineta-tal-ordesa-1024x768.jpg 1024w, https:\/\/www.ordesamonteperdido.com\/de\/wp-content\/uploads\/pineta-tal-ordesa-336x252.jpg 336w, https:\/\/www.ordesamonteperdido.com\/de\/wp-content\/uploads\/pineta-tal-ordesa-768x576.jpg 768w, https:\/\/www.ordesamonteperdido.com\/de\/wp-content\/uploads\/pineta-tal-ordesa.jpg 1200w\" sizes=\"(max-width: 1024px) 100vw, 1024px\" \/><\/a> <h3><span id=\"pineta-tal\"><a class=\"title\" href=\"https:\/\/www.ordesamonteperdido.com\/de\/tal-von-pineta\/\">Pineta-Tal<\/a><\/span><\/h3><\/div><div class=\"listing-item\"><a class=\"image\" href=\"https:\/\/www.ordesamonteperdido.com\/de\/gargantas-de-escuain\/\"><img decoding=\"async\" width=\"1024\" height=\"530\" src=\"https:\/\/www.ordesamonteperdido.com\/de\/wp-content\/uploads\/gargantas-de-escuain-1024x530.jpg\" class=\"attachment-large size-large wp-post-image\" alt=\"Gargantas de Escua\u00edn en Ordesa y Monte Perdido\" srcset=\"https:\/\/www.ordesamonteperdido.com\/de\/wp-content\/uploads\/gargantas-de-escuain-1024x530.jpg 1024w, https:\/\/www.ordesamonteperdido.com\/de\/wp-content\/uploads\/gargantas-de-escuain-336x174.jpg 336w, https:\/\/www.ordesamonteperdido.com\/de\/wp-content\/uploads\/gargantas-de-escuain-768x397.jpg 768w, https:\/\/www.ordesamonteperdido.com\/de\/wp-content\/uploads\/gargantas-de-escuain.jpg 1200w\" sizes=\"(max-width: 1024px) 100vw, 1024px\" \/><\/a> <h3><span id=\"schluchten-von-escuain-gargantas-de-escuain\"><a class=\"title\" href=\"https:\/\/www.ordesamonteperdido.com\/de\/gargantas-de-escuain\/\">Schluchten von Escua\u00edn (Gargantas de Escua\u00edn)<\/a><\/span><\/h3><\/div><\/div>\n<p>Neben den genannten T\u00e4lern sollten auch andere allgemein interessante Gebiete besucht werden, die angemessen Zeit erfordern.<\/p>\n<h2><span id=\"weitere-touristische-attraktionen-im-park-ordesa-und-monte-perdido\">Weitere touristische Attraktionen im Park Ordesa und Monte Perdido<\/span><\/h2>\n<div class=\"display-posts-listing image-top\"><div class=\"listing-item\"><a class=\"image\" href=\"https:\/\/www.ordesamonteperdido.com\/de\/monte-perdido\/\"><img decoding=\"async\" width=\"1024\" height=\"530\" src=\"https:\/\/www.ordesamonteperdido.com\/de\/wp-content\/uploads\/monte-perdido-ordesa-huesca-1024x530.jpg\" class=\"attachment-large size-large wp-post-image\" alt=\"Monte Perdido, Ordesa, Huesca, Spanien\" srcset=\"https:\/\/www.ordesamonteperdido.com\/de\/wp-content\/uploads\/monte-perdido-ordesa-huesca-1024x530.jpg 1024w, https:\/\/www.ordesamonteperdido.com\/de\/wp-content\/uploads\/monte-perdido-ordesa-huesca-336x174.jpg 336w, https:\/\/www.ordesamonteperdido.com\/de\/wp-content\/uploads\/monte-perdido-ordesa-huesca-768x397.jpg 768w, https:\/\/www.ordesamonteperdido.com\/de\/wp-content\/uploads\/monte-perdido-ordesa-huesca.jpg 1200w\" sizes=\"(max-width: 1024px) 100vw, 1024px\" \/><\/a> <h3><span id=\"monte-perdido\"><a class=\"title\" href=\"https:\/\/www.ordesamonteperdido.com\/de\/monte-perdido\/\">Monte Perdido<\/a><\/span><\/h3><\/div><div class=\"listing-item\"><a class=\"image\" href=\"https:\/\/www.ordesamonteperdido.com\/de\/valle-de-bujaruelo\/\"><img decoding=\"async\" width=\"1024\" height=\"683\" src=\"https:\/\/www.ordesamonteperdido.com\/de\/wp-content\/uploads\/bujaruelo-tal-1024x683.jpg\" class=\"attachment-large size-large wp-post-image\" alt=\"Bujaruelo-Tal (Valle Bujaruelo)\" srcset=\"https:\/\/www.ordesamonteperdido.com\/de\/wp-content\/uploads\/bujaruelo-tal-1024x683.jpg 1024w, https:\/\/www.ordesamonteperdido.com\/de\/wp-content\/uploads\/bujaruelo-tal-336x224.jpg 336w, https:\/\/www.ordesamonteperdido.com\/de\/wp-content\/uploads\/bujaruelo-tal-768x512.jpg 768w, https:\/\/www.ordesamonteperdido.com\/de\/wp-content\/uploads\/bujaruelo-tal.jpg 1200w\" sizes=\"(max-width: 1024px) 100vw, 1024px\" \/><\/a> <h3><span id=\"bujaruelo-tal\"><a class=\"title\" href=\"https:\/\/www.ordesamonteperdido.com\/de\/valle-de-bujaruelo\/\">Bujaruelo-Tal<\/a><\/span><\/h3><\/div><div class=\"listing-item\"><a class=\"image\" href=\"https:\/\/www.ordesamonteperdido.com\/de\/faja-de-las-flores\/\"><img decoding=\"async\" width=\"1024\" height=\"530\" src=\"https:\/\/www.ordesamonteperdido.com\/de\/wp-content\/uploads\/faja-de-las-flores-1024x530.jpg\" class=\"attachment-large size-large wp-post-image\" alt=\"Ruta Faja de las Flores Ordesa\" srcset=\"https:\/\/www.ordesamonteperdido.com\/de\/wp-content\/uploads\/faja-de-las-flores-1024x530.jpg 1024w, https:\/\/www.ordesamonteperdido.com\/de\/wp-content\/uploads\/faja-de-las-flores-336x174.jpg 336w, https:\/\/www.ordesamonteperdido.com\/de\/wp-content\/uploads\/faja-de-las-flores-768x397.jpg 768w, https:\/\/www.ordesamonteperdido.com\/de\/wp-content\/uploads\/faja-de-las-flores.jpg 1200w\" sizes=\"(max-width: 1024px) 100vw, 1024px\" \/><\/a> <h3><span id=\"faja-de-las-flores\"><a class=\"title\" href=\"https:\/\/www.ordesamonteperdido.com\/de\/faja-de-las-flores\/\">Faja de las Flores<\/a><\/span><\/h3><\/div><div class=\"listing-item\"><a class=\"image\" href=\"https:\/\/www.ordesamonteperdido.com\/de\/tres-sorores-massiv\/\"><img decoding=\"async\" width=\"1024\" height=\"683\" src=\"https:\/\/www.ordesamonteperdido.com\/de\/wp-content\/uploads\/tres-sorores-massiv-1024x683.jpg\" class=\"attachment-large size-large wp-post-image\" alt=\"Tres Sorores-Massiv\" srcset=\"https:\/\/www.ordesamonteperdido.com\/de\/wp-content\/uploads\/tres-sorores-massiv-1024x683.jpg 1024w, https:\/\/www.ordesamonteperdido.com\/de\/wp-content\/uploads\/tres-sorores-massiv-336x224.jpg 336w, https:\/\/www.ordesamonteperdido.com\/de\/wp-content\/uploads\/tres-sorores-massiv-768x512.jpg 768w, https:\/\/www.ordesamonteperdido.com\/de\/wp-content\/uploads\/tres-sorores-massiv.jpg 1200w\" sizes=\"(max-width: 1024px) 100vw, 1024px\" \/><\/a> <h3><span id=\"tres-sorores-massiv-macizo-de-tres-sorores\"><a class=\"title\" href=\"https:\/\/www.ordesamonteperdido.com\/de\/tres-sorores-massiv\/\">Tres Sorores-Massiv (Macizo de Tres Sorores)<\/a><\/span><\/h3><\/div><\/div>\n","protected":false},"excerpt":{"rendered":"<p>Der Nationalpark Ordesa und Monte Perdido wurde von der UNESCO als Weltkulturerbe anerkannt (Referenz anzeigen). Der Park umfasst vier T\u00e4ler (Ordesa, A\u00f1isclo, Escua\u00edn und Pineta), die sich um den Monte Perdido erstrecken, den h\u00f6chsten&#46;&#46;&#46;<\/p>\n","protected":false},"author":2,"featured_media":0,"parent":0,"menu_order":0,"comment_status":"closed","ping_status":"closed","template":"","meta":{"footnotes":""},"yoast_head":"<!-- This site is optimized with the Yoast SEO plugin v20.1 - https:\/\/yoast.com\/wordpress\/plugins\/seo\/ -->\n<title>T\u00e4ler des Naturparks Ordesa und Monte Perdido<\/title>\n<meta name=\"description\" content=\"Der Nationalpark Ordesa und Monte Perdido wurde von der UNESCO als Weltkulturerbe anerkannt (Referenz anzeigen). Der Park umfasst vier T\u00e4ler (Ordesa,\" \/>\n<meta name=\"robots\" content=\"index, follow, max-snippet:-1, max-image-preview:large, max-video-preview:-1\" \/>\n<link rel=\"canonical\" href=\"https:\/\/www.ordesamonteperdido.com\/de\/taler\/\" \/>\n<meta property=\"og:locale\" content=\"de_DE\" \/>\n<meta property=\"og:type\" content=\"article\" \/>\n<meta property=\"og:title\" content=\"T\u00e4ler des Naturparks Ordesa und Monte Perdido\" \/>\n<meta property=\"og:description\" content=\"Der Nationalpark Ordesa und Monte Perdido wurde von der UNESCO als Weltkulturerbe anerkannt (Referenz anzeigen). Der Park umfasst vier T\u00e4ler (Ordesa,\" \/>\n<meta property=\"og:url\" content=\"https:\/\/www.ordesamonteperdido.com\/de\/taler\/\" \/>\n<meta property=\"og:site_name\" content=\"Ordesa und Monte Perdido\" \/>\n<meta property=\"article:modified_time\" content=\"2024-08-30T12:26:38+00:00\" \/>\n<meta name=\"twitter:card\" content=\"summary_large_image\" \/>\n<meta name=\"twitter:label1\" content=\"Tiempo de lectura\" \/>\n\t<meta name=\"twitter:data1\" content=\"1 minuto\" \/>\n<script type=\"application\/ld+json\" class=\"yoast-schema-graph\">{\"@context\":\"https:\/\/schema.org\",\"@graph\":[{\"@type\":\"WebPage\",\"@id\":\"https:\/\/www.ordesamonteperdido.com\/de\/taler\/\",\"url\":\"https:\/\/www.ordesamonteperdido.com\/de\/taler\/\",\"name\":\"T\u00e4ler des Naturparks Ordesa und Monte Perdido\",\"isPartOf\":{\"@id\":\"https:\/\/www.ordesamonteperdido.com\/de\/#website\"},\"datePublished\":\"2023-05-04T10:38:40+00:00\",\"dateModified\":\"2024-08-30T12:26:38+00:00\",\"description\":\"Der Nationalpark Ordesa und Monte Perdido wurde von der UNESCO als Weltkulturerbe anerkannt (Referenz anzeigen). Der Park umfasst vier T\u00e4ler (Ordesa,\",\"breadcrumb\":{\"@id\":\"https:\/\/www.ordesamonteperdido.com\/de\/taler\/#breadcrumb\"},\"inLanguage\":\"de\",\"potentialAction\":[{\"@type\":\"ReadAction\",\"target\":[\"https:\/\/www.ordesamonteperdido.com\/de\/taler\/\"]}]},{\"@type\":\"BreadcrumbList\",\"@id\":\"https:\/\/www.ordesamonteperdido.com\/de\/taler\/#breadcrumb\",\"itemListElement\":[{\"@type\":\"ListItem\",\"position\":1,\"name\":\"Portada\",\"item\":\"https:\/\/www.ordesamonteperdido.com\/de\/\"},{\"@type\":\"ListItem\",\"position\":2,\"name\":\"T\u00e4ler des Naturparks Ordesa und Monte Perdido\"}]},{\"@type\":\"WebSite\",\"@id\":\"https:\/\/www.ordesamonteperdido.com\/de\/#website\",\"url\":\"https:\/\/www.ordesamonteperdido.com\/de\/\",\"name\":\"Ordesa und Monte Perdido\",\"description\":\"Tourismus, Unterk\u00fcnfte, Wanderwege und F\u00fchrungen.\",\"publisher\":{\"@id\":\"https:\/\/www.ordesamonteperdido.com\/de\/#organization\"},\"potentialAction\":[{\"@type\":\"SearchAction\",\"target\":{\"@type\":\"EntryPoint\",\"urlTemplate\":\"https:\/\/www.ordesamonteperdido.com\/de\/?s={search_term_string}\"},\"query-input\":\"required name=search_term_string\"}],\"inLanguage\":\"de\"},{\"@type\":\"Organization\",\"@id\":\"https:\/\/www.ordesamonteperdido.com\/de\/#organization\",\"name\":\"Ordesa und Monte Perdido\",\"url\":\"https:\/\/www.ordesamonteperdido.com\/de\/\",\"logo\":{\"@type\":\"ImageObject\",\"inLanguage\":\"de\",\"@id\":\"https:\/\/www.ordesamonteperdido.com\/de\/#\/schema\/logo\/image\/\",\"url\":\"\",\"contentUrl\":\"\",\"caption\":\"Ordesa und Monte Perdido\"},\"image\":{\"@id\":\"https:\/\/www.ordesamonteperdido.com\/de\/#\/schema\/logo\/image\/\"}}]}<\/script>\n<!-- \/ Yoast SEO plugin. -->","yoast_head_json":{"title":"T\u00e4ler des Naturparks Ordesa und Monte Perdido","description":"Der Nationalpark Ordesa und Monte Perdido wurde von der UNESCO als Weltkulturerbe anerkannt (Referenz anzeigen). Der Park umfasst vier T\u00e4ler (Ordesa,","robots":{"index":"index","follow":"follow","max-snippet":"max-snippet:-1","max-image-preview":"max-image-preview:large","max-video-preview":"max-video-preview:-1"},"canonical":"https:\/\/www.ordesamonteperdido.com\/de\/taler\/","og_locale":"de_DE","og_type":"article","og_title":"T\u00e4ler des Naturparks Ordesa und Monte Perdido","og_description":"Der Nationalpark Ordesa und Monte Perdido wurde von der UNESCO als Weltkulturerbe anerkannt (Referenz anzeigen). Der Park umfasst vier T\u00e4ler (Ordesa,","og_url":"https:\/\/www.ordesamonteperdido.com\/de\/taler\/","og_site_name":"Ordesa und Monte Perdido","article_modified_time":"2024-08-30T12:26:38+00:00","twitter_card":"summary_large_image","twitter_misc":{"Tiempo de lectura":"1 minuto"},"schema":{"@context":"https:\/\/schema.org","@graph":[{"@type":"WebPage","@id":"https:\/\/www.ordesamonteperdido.com\/de\/taler\/","url":"https:\/\/www.ordesamonteperdido.com\/de\/taler\/","name":"T\u00e4ler des Naturparks Ordesa und Monte Perdido","isPartOf":{"@id":"https:\/\/www.ordesamonteperdido.com\/de\/#website"},"datePublished":"2023-05-04T10:38:40+00:00","dateModified":"2024-08-30T12:26:38+00:00","description":"Der Nationalpark Ordesa und Monte Perdido wurde von der UNESCO als Weltkulturerbe anerkannt (Referenz anzeigen). Der Park umfasst vier T\u00e4ler (Ordesa,","breadcrumb":{"@id":"https:\/\/www.ordesamonteperdido.com\/de\/taler\/#breadcrumb"},"inLanguage":"de","potentialAction":[{"@type":"ReadAction","target":["https:\/\/www.ordesamonteperdido.com\/de\/taler\/"]}]},{"@type":"BreadcrumbList","@id":"https:\/\/www.ordesamonteperdido.com\/de\/taler\/#breadcrumb","itemListElement":[{"@type":"ListItem","position":1,"name":"Portada","item":"https:\/\/www.ordesamonteperdido.com\/de\/"},{"@type":"ListItem","position":2,"name":"T\u00e4ler des Naturparks Ordesa und Monte Perdido"}]},{"@type":"WebSite","@id":"https:\/\/www.ordesamonteperdido.com\/de\/#website","url":"https:\/\/www.ordesamonteperdido.com\/de\/","name":"Ordesa und Monte Perdido","description":"Tourismus, Unterk\u00fcnfte, Wanderwege und F\u00fchrungen.","publisher":{"@id":"https:\/\/www.ordesamonteperdido.com\/de\/#organization"},"potentialAction":[{"@type":"SearchAction","target":{"@type":"EntryPoint","urlTemplate":"https:\/\/www.ordesamonteperdido.com\/de\/?s={search_term_string}"},"query-input":"required name=search_term_string"}],"inLanguage":"de"},{"@type":"Organization","@id":"https:\/\/www.ordesamonteperdido.com\/de\/#organization","name":"Ordesa und Monte Perdido","url":"https:\/\/www.ordesamonteperdido.com\/de\/","logo":{"@type":"ImageObject","inLanguage":"de","@id":"https:\/\/www.ordesamonteperdido.com\/de\/#\/schema\/logo\/image\/","url":"","contentUrl":"","caption":"Ordesa und Monte Perdido"},"image":{"@id":"https:\/\/www.ordesamonteperdido.com\/de\/#\/schema\/logo\/image\/"}}]}},"_links":{"self":[{"href":"https:\/\/www.ordesamonteperdido.com\/de\/wp-json\/wp\/v2\/pages\/952"}],"collection":[{"href":"https:\/\/www.ordesamonteperdido.com\/de\/wp-json\/wp\/v2\/pages"}],"about":[{"href":"https:\/\/www.ordesamonteperdido.com\/de\/wp-json\/wp\/v2\/types\/page"}],"author":[{"embeddable":true,"href":"https:\/\/www.ordesamonteperdido.com\/de\/wp-json\/wp\/v2\/users\/2"}],"replies":[{"embeddable":true,"href":"https:\/\/www.ordesamonteperdido.com\/de\/wp-json\/wp\/v2\/comments?post=952"}],"version-history":[{"count":0,"href":"https:\/\/www.ordesamonteperdido.com\/de\/wp-json\/wp\/v2\/pages\/952\/revisions"}],"wp:attachment":[{"href":"https:\/\/www.ordesamonteperdido.com\/de\/wp-json\/wp\/v2\/media?parent=952"}],"curies":[{"name":"wp","href":"https:\/\/api.w.org\/{rel}","templated":true}]}}