{"id":957,"date":"2023-05-04T12:48:11","date_gmt":"2023-05-04T10:48:11","guid":{"rendered":"https:\/\/www.ordesamonteperdido.com\/de\/?page_id=957"},"modified":"2024-08-31T09:41:45","modified_gmt":"2024-08-31T07:41:45","slug":"unterkunfte","status":"publish","type":"page","link":"https:\/\/www.ordesamonteperdido.com\/de\/unterkunfte\/","title":{"rendered":"Entdecken Sie die besten Unterk\u00fcnfte in Ordesa und Monte Perdido"},"content":{"rendered":"<p>Mit seiner atemberaubenden nat\u00fcrlichen Sch\u00f6nheit ist der <strong>Nationalpark Ordesa und Monte Perdido<\/strong> ein unvergessliches Reiseziel. Um Ihr Erlebnis zu vervollst\u00e4ndigen, pr\u00e4sentieren wir Ihnen eine Auswahl der <strong>besten Unterk\u00fcnfte<\/strong>, die Ihren Besuch mit Komfort, Qualit\u00e4t und Gastfreundschaft erg\u00e4nzen werden.<\/p>\n<p>Egal, ob Sie eine gem\u00fctliche Bergh\u00fctte, ein luxuri\u00f6ses Hotel mit allen Annehmlichkeiten, ein Bed &amp; Breakfast oder ein intim gelegenes Haus mit atemberaubender Aussicht bevorzugen, hier finden Sie den perfekten Ort, um sich nach einem Tag voller Erkundung der Majest\u00e4t von Ordesa auszuruhen.<\/p>\n<p>Mit unseren Empfehlungen wird Ihr Aufenthalt in Ordesa genauso <strong>unvergesslich<\/strong> wie seine Landschaften sein. Genie\u00dfen Sie die Reise!<\/p>\n<h2>Empfohlene Unterk\u00fcnfte in Ordesa und Monte Perdido<\/h2>\n<div class=\"display-posts-listing image-top\"><div class=\"listing-item\"><a class=\"image\" href=\"https:\/\/www.ordesamonteperdido.com\/de\/campingplatze\/\"><img decoding=\"async\" width=\"1024\" height=\"530\" src=\"https:\/\/www.ordesamonteperdido.com\/de\/wp-content\/uploads\/campingplatze-in-ordesa-1024x530.jpg\" class=\"attachment-large size-large wp-post-image\" alt=\"Die besten Campingpl\u00e4tze in Ordesa und Monte Perdido\" srcset=\"https:\/\/www.ordesamonteperdido.com\/de\/wp-content\/uploads\/campingplatze-in-ordesa-1024x530.jpg 1024w, https:\/\/www.ordesamonteperdido.com\/de\/wp-content\/uploads\/campingplatze-in-ordesa-336x174.jpg 336w, https:\/\/www.ordesamonteperdido.com\/de\/wp-content\/uploads\/campingplatze-in-ordesa-768x397.jpg 768w, https:\/\/www.ordesamonteperdido.com\/de\/wp-content\/uploads\/campingplatze-in-ordesa.jpg 1200w\" sizes=\"(max-width: 1024px) 100vw, 1024px\" \/><\/a> <h3><a class=\"title\" href=\"https:\/\/www.ordesamonteperdido.com\/de\/campingplatze\/\">Campingpl\u00e4tze in Ordesa<\/a><\/h3> <span class=\"excerpt\">Campen im Herzen der Pyren\u00e4en ist eine einzigartige und unvergessliche Erfahrung. Der Nationalpark Ordesa und Monte Perdido bietet eine atemberaubende&hellip; <span class=\"excerpt-more\">&#46;&#46;&#46;<\/span><\/span><\/div><div class=\"listing-item\"><a class=\"image\" href=\"https:\/\/www.ordesamonteperdido.com\/de\/bungalows\/\"><img decoding=\"async\" width=\"1024\" height=\"530\" src=\"https:\/\/www.ordesamonteperdido.com\/de\/wp-content\/uploads\/bungalows-in-ordesa-monte-perdido-1024x530.jpg\" class=\"attachment-large size-large wp-post-image\" alt=\"Die besten Bungalows in Ordesa und Monte Perdido\" srcset=\"https:\/\/www.ordesamonteperdido.com\/de\/wp-content\/uploads\/bungalows-in-ordesa-monte-perdido-1024x530.jpg 1024w, https:\/\/www.ordesamonteperdido.com\/de\/wp-content\/uploads\/bungalows-in-ordesa-monte-perdido-336x174.jpg 336w, https:\/\/www.ordesamonteperdido.com\/de\/wp-content\/uploads\/bungalows-in-ordesa-monte-perdido-768x397.jpg 768w, https:\/\/www.ordesamonteperdido.com\/de\/wp-content\/uploads\/bungalows-in-ordesa-monte-perdido.jpg 1200w\" sizes=\"(max-width: 1024px) 100vw, 1024px\" \/><\/a> <h3><a class=\"title\" href=\"https:\/\/www.ordesamonteperdido.com\/de\/bungalows\/\">Bungalows in Ordesa<\/a><\/h3> <span class=\"excerpt\">Die Bungalows in Ordesa bieten eine einzigartige Gelegenheit, die Sch\u00f6nheit und Ruhe des Nationalparks Ordesa und Monte Perdido zu genie\u00dfen.&hellip; <span class=\"excerpt-more\">&#46;&#46;&#46;<\/span><\/span><\/div><div class=\"listing-item\"><a class=\"image\" href=\"https:\/\/www.ordesamonteperdido.com\/de\/hotels\/\"><img decoding=\"async\" width=\"1024\" height=\"530\" src=\"https:\/\/www.ordesamonteperdido.com\/de\/wp-content\/uploads\/hotels-in-ordesa-und-monte-perdido-1024x530.jpg\" class=\"attachment-large size-large wp-post-image\" alt=\"Die besten Hotels in Ordesa und Monte Perdido\" srcset=\"https:\/\/www.ordesamonteperdido.com\/de\/wp-content\/uploads\/hotels-in-ordesa-und-monte-perdido-1024x530.jpg 1024w, https:\/\/www.ordesamonteperdido.com\/de\/wp-content\/uploads\/hotels-in-ordesa-und-monte-perdido-336x174.jpg 336w, https:\/\/www.ordesamonteperdido.com\/de\/wp-content\/uploads\/hotels-in-ordesa-und-monte-perdido-768x397.jpg 768w, https:\/\/www.ordesamonteperdido.com\/de\/wp-content\/uploads\/hotels-in-ordesa-und-monte-perdido.jpg 1200w\" sizes=\"(max-width: 1024px) 100vw, 1024px\" \/><\/a> <h3><a class=\"title\" href=\"https:\/\/www.ordesamonteperdido.com\/de\/hotels\/\">Hotels in Ordesa<\/a><\/h3> <span class=\"excerpt\">Ordesa und Monte Perdido, in der Provinz Huesca, sind ein Traumziel f\u00fcr Naturliebhaber und Outdoor-Enthusiasten. Wenn Sie einen Besuch in&hellip; <span class=\"excerpt-more\">&#46;&#46;&#46;<\/span><\/span><\/div><div class=\"listing-item\"><a class=\"image\" href=\"https:\/\/www.ordesamonteperdido.com\/de\/landhauser-ordesa\/\"><img decoding=\"async\" width=\"1024\" height=\"530\" src=\"https:\/\/www.ordesamonteperdido.com\/de\/wp-content\/uploads\/landhauser-in-ordesa-1024x530.jpg\" class=\"attachment-large size-large wp-post-image\" alt=\"Die besten Landh\u00e4user in Ordesa und Monte Perdido nach Preis und Service\" srcset=\"https:\/\/www.ordesamonteperdido.com\/de\/wp-content\/uploads\/landhauser-in-ordesa-1024x530.jpg 1024w, https:\/\/www.ordesamonteperdido.com\/de\/wp-content\/uploads\/landhauser-in-ordesa-336x174.jpg 336w, https:\/\/www.ordesamonteperdido.com\/de\/wp-content\/uploads\/landhauser-in-ordesa-768x397.jpg 768w, https:\/\/www.ordesamonteperdido.com\/de\/wp-content\/uploads\/landhauser-in-ordesa.jpg 1200w\" sizes=\"(max-width: 1024px) 100vw, 1024px\" \/><\/a> <h3><a class=\"title\" href=\"https:\/\/www.ordesamonteperdido.com\/de\/landhauser-ordesa\/\">Landh\u00e4user in Ordesa<\/a><\/h3> <span class=\"excerpt\">Ordesa, die Heimat des beeindruckenden Nationalparks von Ordesa und Monte Perdido, ist ein Reiseziel, das jedes Jahr Tausende von Besuchern&hellip; <span class=\"excerpt-more\">&#46;&#46;&#46;<\/span><\/span><\/div><div class=\"listing-item\"><a class=\"image\" href=\"https:\/\/www.ordesamonteperdido.com\/de\/herbergen\/\"><img decoding=\"async\" width=\"1024\" height=\"530\" src=\"https:\/\/www.ordesamonteperdido.com\/de\/wp-content\/uploads\/herbergen-in-ordesa-monte-perdido-1024x530.jpg\" class=\"attachment-large size-large wp-post-image\" alt=\"Die besten Herbergen und Schutzh\u00fctten in Ordesa und Monte Perdido\" srcset=\"https:\/\/www.ordesamonteperdido.com\/de\/wp-content\/uploads\/herbergen-in-ordesa-monte-perdido-1024x530.jpg 1024w, https:\/\/www.ordesamonteperdido.com\/de\/wp-content\/uploads\/herbergen-in-ordesa-monte-perdido-336x174.jpg 336w, https:\/\/www.ordesamonteperdido.com\/de\/wp-content\/uploads\/herbergen-in-ordesa-monte-perdido-768x397.jpg 768w, https:\/\/www.ordesamonteperdido.com\/de\/wp-content\/uploads\/herbergen-in-ordesa-monte-perdido.jpg 1200w\" sizes=\"(max-width: 1024px) 100vw, 1024px\" \/><\/a> <h3><a class=\"title\" href=\"https:\/\/www.ordesamonteperdido.com\/de\/herbergen\/\">Herbergen in Ordesa und Monte Perdido<\/a><\/h3> <span class=\"excerpt\">Der Nationalpark Ordesa und Monte Perdido ist ein Naturparadies in den spanischen Pyren\u00e4en, in Arag\u00f3n. Diese spektakul\u00e4re Umgebung bietet eine&hellip; <span class=\"excerpt-more\">&#46;&#46;&#46;<\/span><\/span><\/div><\/div>\n<p>Bereit f\u00fcr Ihr Abenteuer in Ordesa und Monte Perdido? <strong>Buchen Sie noch heute Ihre ideale Unterkunft!<\/strong><\/p>\n","protected":false},"excerpt":{"rendered":"<p>Mit seiner atemberaubenden nat\u00fcrlichen Sch\u00f6nheit ist der Nationalpark Ordesa und Monte Perdido ein unvergessliches Reiseziel. Um Ihr Erlebnis zu vervollst\u00e4ndigen, pr\u00e4sentieren wir Ihnen eine Auswahl der besten Unterk\u00fcnfte, die Ihren Besuch mit Komfort, Qualit\u00e4t&#46;&#46;&#46;<\/p>\n","protected":false},"author":2,"featured_media":0,"parent":0,"menu_order":0,"comment_status":"closed","ping_status":"closed","template":"","meta":{"footnotes":""},"yoast_head":"<!-- This site is optimized with the Yoast SEO plugin v20.1 - https:\/\/yoast.com\/wordpress\/plugins\/seo\/ -->\n<title>Beste Unterk\u00fcnfte in Ordesa und Monte Perdido: Preise und Angebote<\/title>\n<meta name=\"description\" content=\"Finden Sie die besten Unterk\u00fcnfte in Ordesa und Monte Perdido: Campingpl\u00e4tze, Bungalows, Hotels, Landh\u00e4user und Herbergen. Buchen Sie noch heute!&quot;\" \/>\n<meta name=\"robots\" content=\"index, follow, max-snippet:-1, max-image-preview:large, max-video-preview:-1\" \/>\n<link rel=\"canonical\" href=\"https:\/\/www.ordesamonteperdido.com\/de\/unterkunfte\/\" \/>\n<meta property=\"og:locale\" content=\"de_DE\" \/>\n<meta property=\"og:type\" content=\"article\" \/>\n<meta property=\"og:title\" content=\"Beste Unterk\u00fcnfte in Ordesa und Monte Perdido: Preise und Angebote\" \/>\n<meta property=\"og:description\" content=\"Finden Sie die besten Unterk\u00fcnfte in Ordesa und Monte Perdido: Campingpl\u00e4tze, Bungalows, Hotels, Landh\u00e4user und Herbergen. Buchen Sie noch heute!&quot;\" \/>\n<meta property=\"og:url\" content=\"https:\/\/www.ordesamonteperdido.com\/de\/unterkunfte\/\" \/>\n<meta property=\"og:site_name\" content=\"Ordesa und Monte Perdido\" \/>\n<meta property=\"article:modified_time\" content=\"2024-08-31T07:41:45+00:00\" \/>\n<meta name=\"twitter:card\" content=\"summary_large_image\" \/>\n<meta name=\"twitter:label1\" content=\"Tiempo de lectura\" \/>\n\t<meta name=\"twitter:data1\" content=\"1 minuto\" \/>\n<script type=\"application\/ld+json\" class=\"yoast-schema-graph\">{\"@context\":\"https:\/\/schema.org\",\"@graph\":[{\"@type\":\"WebPage\",\"@id\":\"https:\/\/www.ordesamonteperdido.com\/de\/unterkunfte\/\",\"url\":\"https:\/\/www.ordesamonteperdido.com\/de\/unterkunfte\/\",\"name\":\"Beste Unterk\u00fcnfte in Ordesa und Monte Perdido: Preise und Angebote\",\"isPartOf\":{\"@id\":\"https:\/\/www.ordesamonteperdido.com\/de\/#website\"},\"datePublished\":\"2023-05-04T10:48:11+00:00\",\"dateModified\":\"2024-08-31T07:41:45+00:00\",\"description\":\"Finden Sie die besten Unterk\u00fcnfte in Ordesa und Monte Perdido: Campingpl\u00e4tze, Bungalows, Hotels, Landh\u00e4user und Herbergen. Buchen Sie noch heute!\\\"\",\"breadcrumb\":{\"@id\":\"https:\/\/www.ordesamonteperdido.com\/de\/unterkunfte\/#breadcrumb\"},\"inLanguage\":\"de\",\"potentialAction\":[{\"@type\":\"ReadAction\",\"target\":[\"https:\/\/www.ordesamonteperdido.com\/de\/unterkunfte\/\"]}]},{\"@type\":\"BreadcrumbList\",\"@id\":\"https:\/\/www.ordesamonteperdido.com\/de\/unterkunfte\/#breadcrumb\",\"itemListElement\":[{\"@type\":\"ListItem\",\"position\":1,\"name\":\"Portada\",\"item\":\"https:\/\/www.ordesamonteperdido.com\/de\/\"},{\"@type\":\"ListItem\",\"position\":2,\"name\":\"Entdecken Sie die besten Unterk\u00fcnfte in Ordesa und Monte Perdido\"}]},{\"@type\":\"WebSite\",\"@id\":\"https:\/\/www.ordesamonteperdido.com\/de\/#website\",\"url\":\"https:\/\/www.ordesamonteperdido.com\/de\/\",\"name\":\"Ordesa und Monte Perdido\",\"description\":\"Tourismus, Unterk\u00fcnfte, Wanderwege und F\u00fchrungen.\",\"publisher\":{\"@id\":\"https:\/\/www.ordesamonteperdido.com\/de\/#organization\"},\"potentialAction\":[{\"@type\":\"SearchAction\",\"target\":{\"@type\":\"EntryPoint\",\"urlTemplate\":\"https:\/\/www.ordesamonteperdido.com\/de\/?s={search_term_string}\"},\"query-input\":\"required name=search_term_string\"}],\"inLanguage\":\"de\"},{\"@type\":\"Organization\",\"@id\":\"https:\/\/www.ordesamonteperdido.com\/de\/#organization\",\"name\":\"Ordesa und Monte Perdido\",\"url\":\"https:\/\/www.ordesamonteperdido.com\/de\/\",\"logo\":{\"@type\":\"ImageObject\",\"inLanguage\":\"de\",\"@id\":\"https:\/\/www.ordesamonteperdido.com\/de\/#\/schema\/logo\/image\/\",\"url\":\"\",\"contentUrl\":\"\",\"caption\":\"Ordesa und Monte Perdido\"},\"image\":{\"@id\":\"https:\/\/www.ordesamonteperdido.com\/de\/#\/schema\/logo\/image\/\"}}]}<\/script>\n<!-- \/ Yoast SEO plugin. -->","yoast_head_json":{"title":"Beste Unterk\u00fcnfte in Ordesa und Monte Perdido: Preise und Angebote","description":"Finden Sie die besten Unterk\u00fcnfte in Ordesa und Monte Perdido: Campingpl\u00e4tze, Bungalows, Hotels, Landh\u00e4user und Herbergen. Buchen Sie noch heute!\"","robots":{"index":"index","follow":"follow","max-snippet":"max-snippet:-1","max-image-preview":"max-image-preview:large","max-video-preview":"max-video-preview:-1"},"canonical":"https:\/\/www.ordesamonteperdido.com\/de\/unterkunfte\/","og_locale":"de_DE","og_type":"article","og_title":"Beste Unterk\u00fcnfte in Ordesa und Monte Perdido: Preise und Angebote","og_description":"Finden Sie die besten Unterk\u00fcnfte in Ordesa und Monte Perdido: Campingpl\u00e4tze, Bungalows, Hotels, Landh\u00e4user und Herbergen. Buchen Sie noch heute!\"","og_url":"https:\/\/www.ordesamonteperdido.com\/de\/unterkunfte\/","og_site_name":"Ordesa und Monte Perdido","article_modified_time":"2024-08-31T07:41:45+00:00","twitter_card":"summary_large_image","twitter_misc":{"Tiempo de lectura":"1 minuto"},"schema":{"@context":"https:\/\/schema.org","@graph":[{"@type":"WebPage","@id":"https:\/\/www.ordesamonteperdido.com\/de\/unterkunfte\/","url":"https:\/\/www.ordesamonteperdido.com\/de\/unterkunfte\/","name":"Beste Unterk\u00fcnfte in Ordesa und Monte Perdido: Preise und Angebote","isPartOf":{"@id":"https:\/\/www.ordesamonteperdido.com\/de\/#website"},"datePublished":"2023-05-04T10:48:11+00:00","dateModified":"2024-08-31T07:41:45+00:00","description":"Finden Sie die besten Unterk\u00fcnfte in Ordesa und Monte Perdido: Campingpl\u00e4tze, Bungalows, Hotels, Landh\u00e4user und Herbergen. Buchen Sie noch heute!\"","breadcrumb":{"@id":"https:\/\/www.ordesamonteperdido.com\/de\/unterkunfte\/#breadcrumb"},"inLanguage":"de","potentialAction":[{"@type":"ReadAction","target":["https:\/\/www.ordesamonteperdido.com\/de\/unterkunfte\/"]}]},{"@type":"BreadcrumbList","@id":"https:\/\/www.ordesamonteperdido.com\/de\/unterkunfte\/#breadcrumb","itemListElement":[{"@type":"ListItem","position":1,"name":"Portada","item":"https:\/\/www.ordesamonteperdido.com\/de\/"},{"@type":"ListItem","position":2,"name":"Entdecken Sie die besten Unterk\u00fcnfte in Ordesa und Monte Perdido"}]},{"@type":"WebSite","@id":"https:\/\/www.ordesamonteperdido.com\/de\/#website","url":"https:\/\/www.ordesamonteperdido.com\/de\/","name":"Ordesa und Monte Perdido","description":"Tourismus, Unterk\u00fcnfte, Wanderwege und F\u00fchrungen.","publisher":{"@id":"https:\/\/www.ordesamonteperdido.com\/de\/#organization"},"potentialAction":[{"@type":"SearchAction","target":{"@type":"EntryPoint","urlTemplate":"https:\/\/www.ordesamonteperdido.com\/de\/?s={search_term_string}"},"query-input":"required name=search_term_string"}],"inLanguage":"de"},{"@type":"Organization","@id":"https:\/\/www.ordesamonteperdido.com\/de\/#organization","name":"Ordesa und Monte Perdido","url":"https:\/\/www.ordesamonteperdido.com\/de\/","logo":{"@type":"ImageObject","inLanguage":"de","@id":"https:\/\/www.ordesamonteperdido.com\/de\/#\/schema\/logo\/image\/","url":"","contentUrl":"","caption":"Ordesa und Monte Perdido"},"image":{"@id":"https:\/\/www.ordesamonteperdido.com\/de\/#\/schema\/logo\/image\/"}}]}},"_links":{"self":[{"href":"https:\/\/www.ordesamonteperdido.com\/de\/wp-json\/wp\/v2\/pages\/957"}],"collection":[{"href":"https:\/\/www.ordesamonteperdido.com\/de\/wp-json\/wp\/v2\/pages"}],"about":[{"href":"https:\/\/www.ordesamonteperdido.com\/de\/wp-json\/wp\/v2\/types\/page"}],"author":[{"embeddable":true,"href":"https:\/\/www.ordesamonteperdido.com\/de\/wp-json\/wp\/v2\/users\/2"}],"replies":[{"embeddable":true,"href":"https:\/\/www.ordesamonteperdido.com\/de\/wp-json\/wp\/v2\/comments?post=957"}],"version-history":[{"count":0,"href":"https:\/\/www.ordesamonteperdido.com\/de\/wp-json\/wp\/v2\/pages\/957\/revisions"}],"wp:attachment":[{"href":"https:\/\/www.ordesamonteperdido.com\/de\/wp-json\/wp\/v2\/media?parent=957"}],"curies":[{"name":"wp","href":"https:\/\/api.w.org\/{rel}","templated":true}]}}