{"id":992,"date":"2023-05-04T15:39:30","date_gmt":"2023-05-04T13:39:30","guid":{"rendered":"https:\/\/www.ordesamonteperdido.com\/de\/?page_id=992"},"modified":"2024-08-31T09:26:29","modified_gmt":"2024-08-31T07:26:29","slug":"schlucht-von-anisclo","status":"publish","type":"page","link":"https:\/\/www.ordesamonteperdido.com\/de\/schlucht-von-anisclo\/","title":{"rendered":"Die beeindruckende Schlucht von A\u00f1isclo (Ca\u00f1\u00f3n de A\u00f1isclo)"},"content":{"rendered":"<div id=\"toc_container\" class=\"toc_white no_bullets\"><p class=\"toc_title\">Index<\/p><ul class=\"toc_list\"><li><a href=\"#ein-labyrinthartiger-ort-aus-felsen-wald-und-wasser\"><span class=\"toc_number toc_depth_1\">1<\/span> Ein labyrinthartiger Ort aus Felsen, Wald und Wasser<\/a><\/li><li><a href=\"#zugang-und-wanderwege\"><span class=\"toc_number toc_depth_1\">2<\/span> Zugang und Wanderwege<\/a><\/li><li><a href=\"#eine-landschaft-voller-kontraste\"><span class=\"toc_number toc_depth_1\">3<\/span> Eine Landschaft voller Kontraste<\/a><\/li><li><a href=\"#flora-und-fauna-der-schlucht-von-anisclo\"><span class=\"toc_number toc_depth_1\">4<\/span> Flora und Fauna der Schlucht von A\u00f1isclo<\/a><\/li><li><a href=\"#empfehlungen-fur-den-besuch\"><span class=\"toc_number toc_depth_1\">5<\/span> Empfehlungen f\u00fcr den Besuch<\/a><\/li><li><a href=\"#ein-ort-um-mit-der-natur-in-verbindung-zu-treten\"><span class=\"toc_number toc_depth_1\">6<\/span> Ein Ort, um mit der Natur in Verbindung zu treten<\/a><\/li><li><a href=\"#interessante-informationen-fur-besucher\"><span class=\"toc_number toc_depth_1\">7<\/span> Interessante Informationen f\u00fcr Besucher<\/a><\/li><\/ul><\/div>\n\n<h2><span id=\"ein-labyrinthartiger-ort-aus-felsen-wald-und-wasser\">Ein labyrinthartiger Ort aus Felsen, Wald und Wasser<\/span><\/h2>\n<p>Die <strong>Schlucht von A\u00f1isclo<\/strong>, auf Spanisch \u00ab<strong>Ca\u00f1\u00f3n de A\u00f1isclo<\/strong>\u00ab, mit ihren <strong>atemberaubenden Wasserf\u00e4llen<\/strong>, \u00fcppigen W\u00e4ldern und dem Gef\u00fchl, an einem einzigartigen Ort zu sein, ist seit 1982 Teil des Nationalparks Ordesa y Monte Perdido. Diese majest\u00e4tische und unvergleichliche Schlucht, die vom wilden Fluss Bell\u00f3s geformt wurde, pr\u00e4sentiert eine Landschaft von gro\u00dfer Sch\u00f6nheit und Einzigartigkeit.<\/p>\n<p><img decoding=\"async\" class=\"aligncenter size-full wp-image-1049\" src=\"https:\/\/www.ordesamonteperdido.com\/de\/wp-content\/uploads\/canon-de-anisclo.jpg\" alt=\"Ca\u00f1\u00f3n de A\u00f1isclo\" width=\"1200\" height=\"803\" srcset=\"https:\/\/www.ordesamonteperdido.com\/de\/wp-content\/uploads\/canon-de-anisclo.jpg 1200w, https:\/\/www.ordesamonteperdido.com\/de\/wp-content\/uploads\/canon-de-anisclo-336x225.jpg 336w, https:\/\/www.ordesamonteperdido.com\/de\/wp-content\/uploads\/canon-de-anisclo-1024x685.jpg 1024w, https:\/\/www.ordesamonteperdido.com\/de\/wp-content\/uploads\/canon-de-anisclo-768x514.jpg 768w\" sizes=\"(max-width: 1200px) 100vw, 1200px\" \/><\/p>\n<h2><span id=\"zugang-und-wanderwege\">Zugang und Wanderwege<\/span><\/h2>\n<p>Um zur Schlucht von A\u00f1isclo zu gelangen, f\u00e4hrt man von der Ortschaft Escalona ab und folgt der Stra\u00dfe zum Canyon bis zum Parkplatz von San \u00darbez (Ereta de Bi\u00e9s). Man passiert die enge Schlucht von Cambras, bevor man zur San Urbez-Br\u00fccke gelangt, die sich 30 Meter \u00fcber dem Fluss erhebt. In der N\u00e4he befindet sich die Kapelle von San \u00darbez, in der der Heilige und Hirte im 8. Jahrhundert lebte.<\/p>\n<p>Von der Umgebung von San \u00darbez aus k\u00f6nnen <strong>verschiedene Wanderwege<\/strong> unternommen werden, wie der Weg zur Br\u00fccke \u00fcber den Fluss Bell\u00f3s &#8211; Fluss Aso, Sercu\u00e9, La Ripareta und Fuen Blanca. Es k\u00f6nnen auch andere interessante Orte in der Umgebung besucht werden, wie die H\u00f6hle von Aso, der Aussichtspunkt von Buerba und die nahe gelegenen Ortschaften Puyarruego, Vi\u00f3, Ner\u00edn und Fanlo.<\/p>\n<h2><span id=\"eine-landschaft-voller-kontraste\">Eine Landschaft voller Kontraste<\/span><\/h2>\n<p>Die Schlucht von A\u00f1isclo bietet eine Landschaft voller Kontraste, von den immensen senkrechten W\u00e4nden, an denen die Schwarzkiefer die Gesetze der Natur herausfordert, bis hin zum dichten und vielf\u00e4ltigen Wald, der sich am Fu\u00df der Schlucht erstreckt. Der Fluss Bell\u00f3s spiegelt mit seinem dunklen oder gr\u00fcnen Wasser je nach Licht die Umgebung wider und schafft eine tempelartige Stille an diesem beeindruckenden Ort.<\/p>\n<p>In der oberen Schlucht verwandelt sich die Landschaft in ein Gletscherbecken, das zum Collado de A\u00f1isclo hinauff\u00fchrt. Von oben aus kann man die intensive Spaltung der riesigen Felsmassen und die Sch\u00f6nheit des gro\u00dfen Waldes in seiner Gesamtheit bewundern. Diese Landschaft, wild und unvergleichlich zugleich, scheint wie ein wundervoller Traum inmitten der Berge.<\/p>\n<h2><span id=\"flora-und-fauna-der-schlucht-von-anisclo\">Flora und Fauna der Schlucht von A\u00f1isclo<\/span><\/h2>\n<p>Die biologische Vielfalt der Schlucht von A\u00f1isclo ist auf die Vielfalt der \u00d6kosysteme in der Region zur\u00fcckzuf\u00fchren. Die Flora und Fauna der Schlucht sind sehr vielf\u00e4ltig und repr\u00e4sentativ f\u00fcr die Pyren\u00e4enregion. Man findet hier sowohl Buchen- und Tannenw\u00e4lder in den feuchteren Gebieten als auch Schwarzkiefernw\u00e4lder in h\u00f6heren Lagen, die eine einzigartige und vielf\u00e4ltige Landschaft schaffen.<\/p>\n<p>Was die Tierwelt betrifft, beherbergt die Schlucht eine gro\u00dfe Vielfalt an Arten, darunter auch einige emblematische wie den Bartgeier, den Steinadler und den G\u00e4nsegeier. Es ist auch m\u00f6glich, S\u00e4ugetiere wie das Reh, das Wildschwein und den Fuchs sowie eine Vielzahl von Vogel-, Reptilien- und Insektenarten zu finden, die in dieser gesch\u00fctzten Umgebung leben.<\/p>\n<h2><span id=\"empfehlungen-fur-den-besuch\">Empfehlungen f\u00fcr den Besuch<\/span><\/h2>\n<p>Bevor Sie in die Schlucht von A\u00f1isclo eintauchen, ist es wichtig, sich \u00fcber die Wetterbedingungen und die f\u00fcr Ihr Erfahrungsniveau geeigneten Wanderwege zu informieren. Dies k\u00f6nnen Sie im Informationszentrum von Escalona tun, wo Ihnen Informationen zu den Routen und anderen Sehensw\u00fcrdigkeiten in der Gegend zur Verf\u00fcgung gestellt werden.<br \/>\nDenken Sie daran, geeignetes Schuhwerk und bequeme Kleidung f\u00fcr die Aktivit\u00e4t mitzubringen, sowie ausreichend Wasser und Nahrungsmittel. Beachten Sie auch die Vorsichtsma\u00dfnahmen an bestimmten Stellen der Schlucht, insbesondere beim Blick auf den Fluss und in Bereichen mit starken Steigungen.<\/p>\n<p>Schlie\u00dflich beachten Sie, dass die Stra\u00dfe von Escalona nach San \u00darbez das ganze Jahr \u00fcber nur in eine Richtung befahrbar ist. Um aus der Schlucht herauszukommen, k\u00f6nnen Sie der Stra\u00dfe nach Buerba und Vi\u00f3 folgen, die nach Escalona zur\u00fcckf\u00fchrt, oder derjenigen nach Sarvis\u00e9 \u00fcber Fanlo, die beide in beide Richtungen befahrbar sind.<\/p>\n<h2><span id=\"ein-ort-um-mit-der-natur-in-verbindung-zu-treten\">Ein Ort, um mit der Natur in Verbindung zu treten<\/span><\/h2>\n<p>Die Schlucht von A\u00f1isclo ist ein idealer Ort f\u00fcr diejenigen, die mit der Natur in Verbindung treten und atemberaubende Landschaften genie\u00dfen m\u00f6chten. Ob Sie entlang der Wanderwege wandern, H\u00f6hlen und Aussichtspunkte erkunden oder einfach die Sch\u00f6nheit der Umgebung genie\u00dfen, dieser Teil der Pyren\u00e4en wird Ihnen ein unvergessliches Erlebnis in einer einzigartigen und unvergleichlichen Kulisse bieten.<\/p>\n<hr class=\"hr1\" \/>\n<h2><span id=\"interessante-informationen-fur-besucher\">Interessante Informationen f\u00fcr Besucher<\/span><\/h2>\n<div class=\"boxgrey\">\n<ul>\n<li><strong>\u00d6ffnungszeiten<\/strong>: ganzj\u00e4hrig<\/li>\n<li><strong>Eintrittspreis<\/strong>: kostenloser Zugang<\/li>\n<li><strong>Parkplatz<\/strong>: in der Hochsaison reguliert<\/li>\n<li>Telefon: 974 48 64 72 (Besucherzentrum Torla)<\/li>\n<li>E-Mail: ordesa@aragon.es<\/li>\n<\/ul>\n<\/div>\n","protected":false},"excerpt":{"rendered":"<p>Ein labyrinthartiger Ort aus Felsen, Wald und Wasser Die Schlucht von A\u00f1isclo, auf Spanisch \u00abCa\u00f1\u00f3n de A\u00f1isclo\u00ab, mit ihren atemberaubenden Wasserf\u00e4llen, \u00fcppigen W\u00e4ldern und dem Gef\u00fchl, an einem einzigartigen Ort zu sein, ist seit&#46;&#46;&#46;<\/p>\n","protected":false},"author":2,"featured_media":1049,"parent":0,"menu_order":0,"comment_status":"closed","ping_status":"closed","template":"","meta":{"footnotes":""},"yoast_head":"<!-- This site is optimized with the Yoast SEO plugin v20.1 - https:\/\/yoast.com\/wordpress\/plugins\/seo\/ -->\n<title>Die beeindruckende Schlucht von A\u00f1isclo (Ca\u00f1\u00f3n de A\u00f1isclo)<\/title>\n<meta name=\"description\" content=\"Ein labyrinthartiger Ort aus Felsen, Wald und Wasser Die Schlucht von A\u00f1isclo, auf Spanisch &quot;Ca\u00f1\u00f3n de A\u00f1isclo&quot;, mit ihren atemberaubenden Wasserf\u00e4llen,\" \/>\n<meta name=\"robots\" content=\"index, follow, max-snippet:-1, max-image-preview:large, max-video-preview:-1\" \/>\n<link rel=\"canonical\" href=\"https:\/\/www.ordesamonteperdido.com\/de\/schlucht-von-anisclo\/\" \/>\n<meta property=\"og:locale\" content=\"de_DE\" \/>\n<meta property=\"og:type\" content=\"article\" \/>\n<meta property=\"og:title\" content=\"Die beeindruckende Schlucht von A\u00f1isclo (Ca\u00f1\u00f3n de A\u00f1isclo)\" \/>\n<meta property=\"og:description\" content=\"Ein labyrinthartiger Ort aus Felsen, Wald und Wasser Die Schlucht von A\u00f1isclo, auf Spanisch &quot;Ca\u00f1\u00f3n de A\u00f1isclo&quot;, mit ihren atemberaubenden Wasserf\u00e4llen,\" \/>\n<meta property=\"og:url\" content=\"https:\/\/www.ordesamonteperdido.com\/de\/schlucht-von-anisclo\/\" \/>\n<meta property=\"og:site_name\" content=\"Ordesa und Monte Perdido\" \/>\n<meta property=\"article:modified_time\" content=\"2024-08-31T07:26:29+00:00\" \/>\n<meta property=\"og:image\" content=\"https:\/\/www.ordesamonteperdido.com\/de\/wp-content\/uploads\/canon-de-anisclo.jpg\" \/>\n\t<meta property=\"og:image:width\" content=\"1200\" \/>\n\t<meta property=\"og:image:height\" content=\"803\" \/>\n\t<meta property=\"og:image:type\" content=\"image\/jpeg\" \/>\n<meta name=\"twitter:card\" content=\"summary_large_image\" \/>\n<meta name=\"twitter:label1\" content=\"Tiempo de lectura\" \/>\n\t<meta name=\"twitter:data1\" content=\"4 minutos\" \/>\n<script type=\"application\/ld+json\" class=\"yoast-schema-graph\">{\"@context\":\"https:\/\/schema.org\",\"@graph\":[{\"@type\":\"WebPage\",\"@id\":\"https:\/\/www.ordesamonteperdido.com\/de\/schlucht-von-anisclo\/\",\"url\":\"https:\/\/www.ordesamonteperdido.com\/de\/schlucht-von-anisclo\/\",\"name\":\"Die beeindruckende Schlucht von A\u00f1isclo (Ca\u00f1\u00f3n de A\u00f1isclo)\",\"isPartOf\":{\"@id\":\"https:\/\/www.ordesamonteperdido.com\/de\/#website\"},\"datePublished\":\"2023-05-04T13:39:30+00:00\",\"dateModified\":\"2024-08-31T07:26:29+00:00\",\"description\":\"Ein labyrinthartiger Ort aus Felsen, Wald und Wasser Die Schlucht von A\u00f1isclo, auf Spanisch \\\"Ca\u00f1\u00f3n de A\u00f1isclo\\\", mit ihren atemberaubenden Wasserf\u00e4llen,\",\"breadcrumb\":{\"@id\":\"https:\/\/www.ordesamonteperdido.com\/de\/schlucht-von-anisclo\/#breadcrumb\"},\"inLanguage\":\"de\",\"potentialAction\":[{\"@type\":\"ReadAction\",\"target\":[\"https:\/\/www.ordesamonteperdido.com\/de\/schlucht-von-anisclo\/\"]}]},{\"@type\":\"BreadcrumbList\",\"@id\":\"https:\/\/www.ordesamonteperdido.com\/de\/schlucht-von-anisclo\/#breadcrumb\",\"itemListElement\":[{\"@type\":\"ListItem\",\"position\":1,\"name\":\"Portada\",\"item\":\"https:\/\/www.ordesamonteperdido.com\/de\/\"},{\"@type\":\"ListItem\",\"position\":2,\"name\":\"Die beeindruckende Schlucht von A\u00f1isclo (Ca\u00f1\u00f3n de A\u00f1isclo)\"}]},{\"@type\":\"WebSite\",\"@id\":\"https:\/\/www.ordesamonteperdido.com\/de\/#website\",\"url\":\"https:\/\/www.ordesamonteperdido.com\/de\/\",\"name\":\"Ordesa und Monte Perdido\",\"description\":\"Tourismus, Unterk\u00fcnfte, Wanderwege und F\u00fchrungen.\",\"publisher\":{\"@id\":\"https:\/\/www.ordesamonteperdido.com\/de\/#organization\"},\"potentialAction\":[{\"@type\":\"SearchAction\",\"target\":{\"@type\":\"EntryPoint\",\"urlTemplate\":\"https:\/\/www.ordesamonteperdido.com\/de\/?s={search_term_string}\"},\"query-input\":\"required name=search_term_string\"}],\"inLanguage\":\"de\"},{\"@type\":\"Organization\",\"@id\":\"https:\/\/www.ordesamonteperdido.com\/de\/#organization\",\"name\":\"Ordesa und Monte Perdido\",\"url\":\"https:\/\/www.ordesamonteperdido.com\/de\/\",\"logo\":{\"@type\":\"ImageObject\",\"inLanguage\":\"de\",\"@id\":\"https:\/\/www.ordesamonteperdido.com\/de\/#\/schema\/logo\/image\/\",\"url\":\"\",\"contentUrl\":\"\",\"caption\":\"Ordesa und Monte Perdido\"},\"image\":{\"@id\":\"https:\/\/www.ordesamonteperdido.com\/de\/#\/schema\/logo\/image\/\"}}]}<\/script>\n<!-- \/ Yoast SEO plugin. -->","yoast_head_json":{"title":"Die beeindruckende Schlucht von A\u00f1isclo (Ca\u00f1\u00f3n de A\u00f1isclo)","description":"Ein labyrinthartiger Ort aus Felsen, Wald und Wasser Die Schlucht von A\u00f1isclo, auf Spanisch \"Ca\u00f1\u00f3n de A\u00f1isclo\", mit ihren atemberaubenden Wasserf\u00e4llen,","robots":{"index":"index","follow":"follow","max-snippet":"max-snippet:-1","max-image-preview":"max-image-preview:large","max-video-preview":"max-video-preview:-1"},"canonical":"https:\/\/www.ordesamonteperdido.com\/de\/schlucht-von-anisclo\/","og_locale":"de_DE","og_type":"article","og_title":"Die beeindruckende Schlucht von A\u00f1isclo (Ca\u00f1\u00f3n de A\u00f1isclo)","og_description":"Ein labyrinthartiger Ort aus Felsen, Wald und Wasser Die Schlucht von A\u00f1isclo, auf Spanisch \"Ca\u00f1\u00f3n de A\u00f1isclo\", mit ihren atemberaubenden Wasserf\u00e4llen,","og_url":"https:\/\/www.ordesamonteperdido.com\/de\/schlucht-von-anisclo\/","og_site_name":"Ordesa und Monte Perdido","article_modified_time":"2024-08-31T07:26:29+00:00","og_image":[{"width":1200,"height":803,"url":"https:\/\/www.ordesamonteperdido.com\/de\/wp-content\/uploads\/canon-de-anisclo.jpg","type":"image\/jpeg"}],"twitter_card":"summary_large_image","twitter_misc":{"Tiempo de lectura":"4 minutos"},"schema":{"@context":"https:\/\/schema.org","@graph":[{"@type":"WebPage","@id":"https:\/\/www.ordesamonteperdido.com\/de\/schlucht-von-anisclo\/","url":"https:\/\/www.ordesamonteperdido.com\/de\/schlucht-von-anisclo\/","name":"Die beeindruckende Schlucht von A\u00f1isclo (Ca\u00f1\u00f3n de A\u00f1isclo)","isPartOf":{"@id":"https:\/\/www.ordesamonteperdido.com\/de\/#website"},"datePublished":"2023-05-04T13:39:30+00:00","dateModified":"2024-08-31T07:26:29+00:00","description":"Ein labyrinthartiger Ort aus Felsen, Wald und Wasser Die Schlucht von A\u00f1isclo, auf Spanisch \"Ca\u00f1\u00f3n de A\u00f1isclo\", mit ihren atemberaubenden Wasserf\u00e4llen,","breadcrumb":{"@id":"https:\/\/www.ordesamonteperdido.com\/de\/schlucht-von-anisclo\/#breadcrumb"},"inLanguage":"de","potentialAction":[{"@type":"ReadAction","target":["https:\/\/www.ordesamonteperdido.com\/de\/schlucht-von-anisclo\/"]}]},{"@type":"BreadcrumbList","@id":"https:\/\/www.ordesamonteperdido.com\/de\/schlucht-von-anisclo\/#breadcrumb","itemListElement":[{"@type":"ListItem","position":1,"name":"Portada","item":"https:\/\/www.ordesamonteperdido.com\/de\/"},{"@type":"ListItem","position":2,"name":"Die beeindruckende Schlucht von A\u00f1isclo (Ca\u00f1\u00f3n de A\u00f1isclo)"}]},{"@type":"WebSite","@id":"https:\/\/www.ordesamonteperdido.com\/de\/#website","url":"https:\/\/www.ordesamonteperdido.com\/de\/","name":"Ordesa und Monte Perdido","description":"Tourismus, Unterk\u00fcnfte, Wanderwege und F\u00fchrungen.","publisher":{"@id":"https:\/\/www.ordesamonteperdido.com\/de\/#organization"},"potentialAction":[{"@type":"SearchAction","target":{"@type":"EntryPoint","urlTemplate":"https:\/\/www.ordesamonteperdido.com\/de\/?s={search_term_string}"},"query-input":"required name=search_term_string"}],"inLanguage":"de"},{"@type":"Organization","@id":"https:\/\/www.ordesamonteperdido.com\/de\/#organization","name":"Ordesa und Monte Perdido","url":"https:\/\/www.ordesamonteperdido.com\/de\/","logo":{"@type":"ImageObject","inLanguage":"de","@id":"https:\/\/www.ordesamonteperdido.com\/de\/#\/schema\/logo\/image\/","url":"","contentUrl":"","caption":"Ordesa und Monte Perdido"},"image":{"@id":"https:\/\/www.ordesamonteperdido.com\/de\/#\/schema\/logo\/image\/"}}]}},"_links":{"self":[{"href":"https:\/\/www.ordesamonteperdido.com\/de\/wp-json\/wp\/v2\/pages\/992"}],"collection":[{"href":"https:\/\/www.ordesamonteperdido.com\/de\/wp-json\/wp\/v2\/pages"}],"about":[{"href":"https:\/\/www.ordesamonteperdido.com\/de\/wp-json\/wp\/v2\/types\/page"}],"author":[{"embeddable":true,"href":"https:\/\/www.ordesamonteperdido.com\/de\/wp-json\/wp\/v2\/users\/2"}],"replies":[{"embeddable":true,"href":"https:\/\/www.ordesamonteperdido.com\/de\/wp-json\/wp\/v2\/comments?post=992"}],"version-history":[{"count":0,"href":"https:\/\/www.ordesamonteperdido.com\/de\/wp-json\/wp\/v2\/pages\/992\/revisions"}],"wp:featuredmedia":[{"embeddable":true,"href":"https:\/\/www.ordesamonteperdido.com\/de\/wp-json\/wp\/v2\/media\/1049"}],"wp:attachment":[{"href":"https:\/\/www.ordesamonteperdido.com\/de\/wp-json\/wp\/v2\/media?parent=992"}],"curies":[{"name":"wp","href":"https:\/\/api.w.org\/{rel}","templated":true}]}}