{"id":994,"date":"2023-05-04T15:39:42","date_gmt":"2023-05-04T13:39:42","guid":{"rendered":"https:\/\/www.ordesamonteperdido.com\/de\/?page_id=994"},"modified":"2024-08-31T09:28:31","modified_gmt":"2024-08-31T07:28:31","slug":"tal-von-pineta","status":"publish","type":"page","link":"https:\/\/www.ordesamonteperdido.com\/de\/tal-von-pineta\/","title":{"rendered":"Das majest\u00e4tische Pineta-Tal im Nationalpark Ordesa y Monte Perdido"},"content":{"rendered":"<!--TOC-->\n<p><strong>Das Pineta-Tal<\/strong> ist eines von vier T\u00e4lern, die den <a href=\"https:\/\/www.ordesamonteperdido.com\/de\/nationalpark\/\"><strong>Nationalpark Ordesa y Monte Perdido<\/strong><\/a> bilden, und gilt als eines der beeindruckendsten im Pyren\u00e4engebirge. Von Bielsa bis zur Kapelle der Jungfrau von Pineta kannst du eine Landschaft von unbeschreiblicher Sch\u00f6nheit genie\u00dfen, in der dichte Pinien-, Tannen- und Buchenw\u00e4lder dich auf deiner Reise begleiten.<\/p>\n<p><img decoding=\"async\" class=\"aligncenter size-full wp-image-2431\" src=\"https:\/\/www.ordesamonteperdido.com\/de\/wp-content\/uploads\/pineta-tal-ordesa.jpg\" alt=\"Pineta-Tal, Ordesa, Spanien\" width=\"1200\" height=\"900\" srcset=\"https:\/\/www.ordesamonteperdido.com\/de\/wp-content\/uploads\/pineta-tal-ordesa.jpg 1200w, https:\/\/www.ordesamonteperdido.com\/de\/wp-content\/uploads\/pineta-tal-ordesa-336x252.jpg 336w, https:\/\/www.ordesamonteperdido.com\/de\/wp-content\/uploads\/pineta-tal-ordesa-1024x768.jpg 1024w, https:\/\/www.ordesamonteperdido.com\/de\/wp-content\/uploads\/pineta-tal-ordesa-768x576.jpg 768w\" sizes=\"(max-width: 1200px) 100vw, 1200px\" \/><\/p>\n<h2>Die Umgebung und Wanderwege<\/h2>\n<p>Das Tal ist der Ort, an dem der Fluss Cinca entspringt und bildet einen der spektakul\u00e4rsten Flussl\u00e4ufe in den Pyren\u00e4en von Aragonien. Die Umgebung ist von H\u00f6hen \u00fcber 2.000 Metern umgeben, was eine \u00fcberw\u00e4ltigende Enge vermittelt. Im Park findest du markante Berge wie den Monte Perdido (3.355 m), den Marbor\u00e9 oder den Tuca Roya.<\/p>\n<p>Im Valle de Pineta gibt es zahlreiche Wanderwege, die es dir erm\u00f6glichen, in diesen au\u00dfergew\u00f6hnlichen Naturraum einzutauchen. Zwei der klassischsten sind <strong>Los Llanos de la Larri<\/strong> und <strong>Balc\u00f3n de Pineta<\/strong>. Los Llanos de la Larri ist eine einfache Route ohne gro\u00dfe Steigung, ideal f\u00fcr Familienausfl\u00fcge. Der Balc\u00f3n de Pineta hingegen ist ein anspruchsvollerer Aufstieg, der dir eine spektakul\u00e4re Panoramablick auf das Tal bietet und es dir erm\u00f6glicht, zum Marbor\u00e9-See zu gelangen, von wo aus du auch eine wundersch\u00f6ne Aussicht auf den Gletscher genie\u00dfen kannst.<\/p>\n<h2>Geologie und Landschaft<\/h2>\n<p>Das Valle de Pineta ist ein wahres geologisches Schauspiel. Seine W\u00e4nde, Schichten und \u00fcberlappenden B\u00e4nder schaffen eine majest\u00e4tische und wundersch\u00f6ne Landschaft. Die saubere Atmosph\u00e4re und die K\u00fchle der Schatten, die Vegetation und der Fels werden dich in den Zauber der Pyren\u00e4en eintauchen lassen. Au\u00dferdem spielt das Wasser in Form von Wasserf\u00e4llen und dem Fluss Cinca eine wichtige Rolle in der Landschaft, belebt sie und bietet wundersch\u00f6ne Bilder.<\/p>\n<p>In diesem Tal findest du auch das <strong>Santuario de la Virgen de Pineta<\/strong>, eine bescheidene Kapelle, die zum Charme des Ortes geh\u00f6rt. Von Pineta aus kannst du das majest\u00e4tische Ensemble von Gipfeln und H\u00fcgeln bewundern, die diese einzigartige Umgebung ausmachen, sowie die unendlichen Nuancen von Farbe und Licht, die der Fels, die Vegetation und der Himmel bieten.<\/p>\n<hr class=\"hr1\" \/>\n<h2>Information und Besichtigungen<\/h2>\n<p>Um weitere Informationen \u00fcber Wanderwege und andere Sehensw\u00fcrdigkeiten im Valle de Pineta zu erhalten, kannst du die Informationsstellen in Bielsa und Pradera de Pineta besuchen. Die Informationsstelle in Pradera de Pineta befindet sich am Ende der Stra\u00dfe, die zum Tal f\u00fchrt, am rechten Ufer des Flusses Cinca. Hier kannst du dich \u00fcber geeignete Routen f\u00fcr dein Schwierigkeitsniveau informieren und Empfehlungen erhalten, um deinen Besuch in diesem wunderbaren Naturraum bestm\u00f6glich zu genie\u00dfen.<\/p>\n<p>Das Valle de Pineta ist ein absolutes Muss im Nationalpark Ordesa y Monte Perdido. Mit seinen majest\u00e4tischen Landschaften, Wanderwegen f\u00fcr alle Schwierigkeitsgrade und der geologischen und nat\u00fcrlichen Vielfalt bietet es dir die M\u00f6glichkeit, in die Sch\u00f6nheit der Pyren\u00e4en einzutauchen und ein unvergessliches Erlebnis zu erleben.<\/p>\n<div class=\"boxgrey\">\n<ul>\n<li><strong>\u00d6ffnungszeiten<\/strong>: ganzj\u00e4hrig ge\u00f6ffnet<\/li>\n<li><strong>Preis<\/strong>: kostenloser Eintritt<\/li>\n<li><strong>Parkplatz<\/strong>: in der Hochsaison geregelt<\/li>\n<li><strong>Telefon<\/strong>: 974 48 64 72 (Besucherzentrum Torla)<\/li>\n<li><strong>E-Mail<\/strong>: ordesa@aragon.es<\/li>\n<\/ul>\n<\/div>\n","protected":false},"excerpt":{"rendered":"<p>Das Pineta-Tal ist eines von vier T\u00e4lern, die den Nationalpark Ordesa y Monte Perdido bilden, und gilt als eines der beeindruckendsten im Pyren\u00e4engebirge. Von Bielsa bis zur Kapelle der Jungfrau von Pineta kannst du&#46;&#46;&#46;<\/p>\n","protected":false},"author":2,"featured_media":2431,"parent":0,"menu_order":0,"comment_status":"closed","ping_status":"closed","template":"","meta":{"footnotes":""},"yoast_head":"<!-- This site is optimized with the Yoast SEO plugin v20.1 - https:\/\/yoast.com\/wordpress\/plugins\/seo\/ -->\n<title>Das majest\u00e4tische Pineta-Tal im Nationalpark Ordesa y Monte Perdido<\/title>\n<meta name=\"description\" content=\"Das Pineta-Tal ist eines von vier T\u00e4lern, die den Nationalpark Ordesa y Monte Perdido bilden, und gilt als eines der beeindruckendsten im Pyren\u00e4engebirge.\" \/>\n<meta name=\"robots\" content=\"index, follow, max-snippet:-1, max-image-preview:large, max-video-preview:-1\" \/>\n<link rel=\"canonical\" href=\"https:\/\/www.ordesamonteperdido.com\/de\/tal-von-pineta\/\" \/>\n<meta property=\"og:locale\" content=\"de_DE\" \/>\n<meta property=\"og:type\" content=\"article\" \/>\n<meta property=\"og:title\" content=\"Das majest\u00e4tische Pineta-Tal im Nationalpark Ordesa y Monte Perdido\" \/>\n<meta property=\"og:description\" content=\"Das Pineta-Tal ist eines von vier T\u00e4lern, die den Nationalpark Ordesa y Monte Perdido bilden, und gilt als eines der beeindruckendsten im Pyren\u00e4engebirge.\" \/>\n<meta property=\"og:url\" content=\"https:\/\/www.ordesamonteperdido.com\/de\/tal-von-pineta\/\" \/>\n<meta property=\"og:site_name\" content=\"Ordesa und Monte Perdido\" \/>\n<meta property=\"article:modified_time\" content=\"2024-08-31T07:28:31+00:00\" \/>\n<meta property=\"og:image\" content=\"https:\/\/www.ordesamonteperdido.com\/de\/wp-content\/uploads\/pineta-tal-ordesa.jpg\" \/>\n\t<meta property=\"og:image:width\" content=\"1200\" \/>\n\t<meta property=\"og:image:height\" content=\"900\" \/>\n\t<meta property=\"og:image:type\" content=\"image\/jpeg\" \/>\n<meta name=\"twitter:card\" content=\"summary_large_image\" \/>\n<meta name=\"twitter:label1\" content=\"Tiempo de lectura\" \/>\n\t<meta name=\"twitter:data1\" content=\"3 minutos\" \/>\n<script type=\"application\/ld+json\" class=\"yoast-schema-graph\">{\"@context\":\"https:\/\/schema.org\",\"@graph\":[{\"@type\":\"WebPage\",\"@id\":\"https:\/\/www.ordesamonteperdido.com\/de\/tal-von-pineta\/\",\"url\":\"https:\/\/www.ordesamonteperdido.com\/de\/tal-von-pineta\/\",\"name\":\"Das majest\u00e4tische Pineta-Tal im Nationalpark Ordesa y Monte Perdido\",\"isPartOf\":{\"@id\":\"https:\/\/www.ordesamonteperdido.com\/de\/#website\"},\"datePublished\":\"2023-05-04T13:39:42+00:00\",\"dateModified\":\"2024-08-31T07:28:31+00:00\",\"description\":\"Das Pineta-Tal ist eines von vier T\u00e4lern, die den Nationalpark Ordesa y Monte Perdido bilden, und gilt als eines der beeindruckendsten im Pyren\u00e4engebirge.\",\"breadcrumb\":{\"@id\":\"https:\/\/www.ordesamonteperdido.com\/de\/tal-von-pineta\/#breadcrumb\"},\"inLanguage\":\"de\",\"potentialAction\":[{\"@type\":\"ReadAction\",\"target\":[\"https:\/\/www.ordesamonteperdido.com\/de\/tal-von-pineta\/\"]}]},{\"@type\":\"BreadcrumbList\",\"@id\":\"https:\/\/www.ordesamonteperdido.com\/de\/tal-von-pineta\/#breadcrumb\",\"itemListElement\":[{\"@type\":\"ListItem\",\"position\":1,\"name\":\"Portada\",\"item\":\"https:\/\/www.ordesamonteperdido.com\/de\/\"},{\"@type\":\"ListItem\",\"position\":2,\"name\":\"Das majest\u00e4tische Pineta-Tal im Nationalpark Ordesa y Monte Perdido\"}]},{\"@type\":\"WebSite\",\"@id\":\"https:\/\/www.ordesamonteperdido.com\/de\/#website\",\"url\":\"https:\/\/www.ordesamonteperdido.com\/de\/\",\"name\":\"Ordesa und Monte Perdido\",\"description\":\"Tourismus, Unterk\u00fcnfte, Wanderwege und F\u00fchrungen.\",\"publisher\":{\"@id\":\"https:\/\/www.ordesamonteperdido.com\/de\/#organization\"},\"potentialAction\":[{\"@type\":\"SearchAction\",\"target\":{\"@type\":\"EntryPoint\",\"urlTemplate\":\"https:\/\/www.ordesamonteperdido.com\/de\/?s={search_term_string}\"},\"query-input\":\"required name=search_term_string\"}],\"inLanguage\":\"de\"},{\"@type\":\"Organization\",\"@id\":\"https:\/\/www.ordesamonteperdido.com\/de\/#organization\",\"name\":\"Ordesa und Monte Perdido\",\"url\":\"https:\/\/www.ordesamonteperdido.com\/de\/\",\"logo\":{\"@type\":\"ImageObject\",\"inLanguage\":\"de\",\"@id\":\"https:\/\/www.ordesamonteperdido.com\/de\/#\/schema\/logo\/image\/\",\"url\":\"\",\"contentUrl\":\"\",\"caption\":\"Ordesa und Monte Perdido\"},\"image\":{\"@id\":\"https:\/\/www.ordesamonteperdido.com\/de\/#\/schema\/logo\/image\/\"}}]}<\/script>\n<!-- \/ Yoast SEO plugin. -->","yoast_head_json":{"title":"Das majest\u00e4tische Pineta-Tal im Nationalpark Ordesa y Monte Perdido","description":"Das Pineta-Tal ist eines von vier T\u00e4lern, die den Nationalpark Ordesa y Monte Perdido bilden, und gilt als eines der beeindruckendsten im Pyren\u00e4engebirge.","robots":{"index":"index","follow":"follow","max-snippet":"max-snippet:-1","max-image-preview":"max-image-preview:large","max-video-preview":"max-video-preview:-1"},"canonical":"https:\/\/www.ordesamonteperdido.com\/de\/tal-von-pineta\/","og_locale":"de_DE","og_type":"article","og_title":"Das majest\u00e4tische Pineta-Tal im Nationalpark Ordesa y Monte Perdido","og_description":"Das Pineta-Tal ist eines von vier T\u00e4lern, die den Nationalpark Ordesa y Monte Perdido bilden, und gilt als eines der beeindruckendsten im Pyren\u00e4engebirge.","og_url":"https:\/\/www.ordesamonteperdido.com\/de\/tal-von-pineta\/","og_site_name":"Ordesa und Monte Perdido","article_modified_time":"2024-08-31T07:28:31+00:00","og_image":[{"width":1200,"height":900,"url":"https:\/\/www.ordesamonteperdido.com\/de\/wp-content\/uploads\/pineta-tal-ordesa.jpg","type":"image\/jpeg"}],"twitter_card":"summary_large_image","twitter_misc":{"Tiempo de lectura":"3 minutos"},"schema":{"@context":"https:\/\/schema.org","@graph":[{"@type":"WebPage","@id":"https:\/\/www.ordesamonteperdido.com\/de\/tal-von-pineta\/","url":"https:\/\/www.ordesamonteperdido.com\/de\/tal-von-pineta\/","name":"Das majest\u00e4tische Pineta-Tal im Nationalpark Ordesa y Monte Perdido","isPartOf":{"@id":"https:\/\/www.ordesamonteperdido.com\/de\/#website"},"datePublished":"2023-05-04T13:39:42+00:00","dateModified":"2024-08-31T07:28:31+00:00","description":"Das Pineta-Tal ist eines von vier T\u00e4lern, die den Nationalpark Ordesa y Monte Perdido bilden, und gilt als eines der beeindruckendsten im Pyren\u00e4engebirge.","breadcrumb":{"@id":"https:\/\/www.ordesamonteperdido.com\/de\/tal-von-pineta\/#breadcrumb"},"inLanguage":"de","potentialAction":[{"@type":"ReadAction","target":["https:\/\/www.ordesamonteperdido.com\/de\/tal-von-pineta\/"]}]},{"@type":"BreadcrumbList","@id":"https:\/\/www.ordesamonteperdido.com\/de\/tal-von-pineta\/#breadcrumb","itemListElement":[{"@type":"ListItem","position":1,"name":"Portada","item":"https:\/\/www.ordesamonteperdido.com\/de\/"},{"@type":"ListItem","position":2,"name":"Das majest\u00e4tische Pineta-Tal im Nationalpark Ordesa y Monte Perdido"}]},{"@type":"WebSite","@id":"https:\/\/www.ordesamonteperdido.com\/de\/#website","url":"https:\/\/www.ordesamonteperdido.com\/de\/","name":"Ordesa und Monte Perdido","description":"Tourismus, Unterk\u00fcnfte, Wanderwege und F\u00fchrungen.","publisher":{"@id":"https:\/\/www.ordesamonteperdido.com\/de\/#organization"},"potentialAction":[{"@type":"SearchAction","target":{"@type":"EntryPoint","urlTemplate":"https:\/\/www.ordesamonteperdido.com\/de\/?s={search_term_string}"},"query-input":"required name=search_term_string"}],"inLanguage":"de"},{"@type":"Organization","@id":"https:\/\/www.ordesamonteperdido.com\/de\/#organization","name":"Ordesa und Monte Perdido","url":"https:\/\/www.ordesamonteperdido.com\/de\/","logo":{"@type":"ImageObject","inLanguage":"de","@id":"https:\/\/www.ordesamonteperdido.com\/de\/#\/schema\/logo\/image\/","url":"","contentUrl":"","caption":"Ordesa und Monte Perdido"},"image":{"@id":"https:\/\/www.ordesamonteperdido.com\/de\/#\/schema\/logo\/image\/"}}]}},"_links":{"self":[{"href":"https:\/\/www.ordesamonteperdido.com\/de\/wp-json\/wp\/v2\/pages\/994"}],"collection":[{"href":"https:\/\/www.ordesamonteperdido.com\/de\/wp-json\/wp\/v2\/pages"}],"about":[{"href":"https:\/\/www.ordesamonteperdido.com\/de\/wp-json\/wp\/v2\/types\/page"}],"author":[{"embeddable":true,"href":"https:\/\/www.ordesamonteperdido.com\/de\/wp-json\/wp\/v2\/users\/2"}],"replies":[{"embeddable":true,"href":"https:\/\/www.ordesamonteperdido.com\/de\/wp-json\/wp\/v2\/comments?post=994"}],"version-history":[{"count":0,"href":"https:\/\/www.ordesamonteperdido.com\/de\/wp-json\/wp\/v2\/pages\/994\/revisions"}],"wp:featuredmedia":[{"embeddable":true,"href":"https:\/\/www.ordesamonteperdido.com\/de\/wp-json\/wp\/v2\/media\/2431"}],"wp:attachment":[{"href":"https:\/\/www.ordesamonteperdido.com\/de\/wp-json\/wp\/v2\/media?parent=994"}],"curies":[{"name":"wp","href":"https:\/\/api.w.org\/{rel}","templated":true}]}}