{"id":952,"date":"2023-05-04T12:38:40","date_gmt":"2023-05-04T10:38:40","guid":{"rendered":"https:\/\/www.ordesamonteperdido.com\/en\/?page_id=952"},"modified":"2024-08-30T14:26:25","modified_gmt":"2024-08-30T12:26:25","slug":"valleys","status":"publish","type":"page","link":"https:\/\/www.ordesamonteperdido.com\/en\/valleys\/","title":{"rendered":"Valleys of Ordesa and Monte Perdido Natural Park"},"content":{"rendered":"<div id=\"toc_container\" class=\"toc_white no_bullets\"><p class=\"toc_title\">Content<\/p><ul class=\"toc_list\"><li><a href=\"#valleys-of-ordesa-and-monte-perdido-national-park\"><span class=\"toc_number toc_depth_1\">1<\/span> Valleys of Ordesa and Monte Perdido National Park<\/a><ul><li><a href=\"#ordesa-valley\"><span class=\"toc_number toc_depth_2\">1.1<\/span> Ordesa Valley<\/a><\/li><li><a href=\"#anisclo-canyon\"><span class=\"toc_number toc_depth_2\">1.2<\/span> A\u00f1isclo Canyon<\/a><\/li><li><a href=\"#pineta-valley\"><span class=\"toc_number toc_depth_2\">1.3<\/span> Pineta Valley<\/a><\/li><li><a href=\"#gargantas-de-escuain-escuain-gorges\"><span class=\"toc_number toc_depth_2\">1.4<\/span> Gargantas de Escua\u00edn (Escua\u00edn Gorges)<\/a><\/li><\/ul><\/li><li><a href=\"#other-tourist-points-of-interest-in-the-ordesa-and-monte-perdido-park\"><span class=\"toc_number toc_depth_1\">2<\/span> Other tourist points of interest in the Ordesa and Monte Perdido Park<\/a><ul><li><a href=\"#monte-perdido\"><span class=\"toc_number toc_depth_2\">2.1<\/span> Monte Perdido<\/a><\/li><li><a href=\"#bujaruelo-valley\"><span class=\"toc_number toc_depth_2\">2.2<\/span> Bujaruelo Valley<\/a><\/li><li><a href=\"#faja-de-las-flores\"><span class=\"toc_number toc_depth_2\">2.3<\/span> Faja de las Flores<\/a><\/li><li><a href=\"#tres-sorores-massif-macizo-de-tres-sorores\"><span class=\"toc_number toc_depth_2\">2.4<\/span> Tres Sorores Massif (Macizo de Tres Sorores)<\/a><\/li><\/ul><\/li><\/ul><\/div>\n\n<p>The Ordesa and Monte Perdido National Park has been recognized as a <strong>World Heritage Site by UNESCO<\/strong> (<a href=\"https:\/\/whc.unesco.org\/es\/list\/773\" target=\"_blank\" rel=\"nofollow noopener\">see reference<\/a>) The park encompasses four valleys (<a href=\"https:\/\/www.ordesamonteperdido.com\/en\/ordesa-valley\/\"><strong>Ordesa<\/strong><\/a>, <a href=\"https:\/\/www.ordesamonteperdido.com\/en\/anisclo-canyon\/\"><strong>A\u00f1isclo<\/strong><\/a>, <a href=\"https:\/\/www.ordesamonteperdido.com\/en\/escuain-gorges\/\"><strong>Escua\u00edn<\/strong><\/a> and <a href=\"https:\/\/www.ordesamonteperdido.com\/en\/pineta-valley\/\"><strong>Pineta<\/strong><\/a>) that spread around <a href=\"https:\/\/www.ordesamonteperdido.com\/en\/monte-perdido\/\">Monte Perdido<\/a>, the highest limestone mountain in Europe.<\/p>\n<p>The area is considered the true heart of the Pyrenees and is one of the first protected natural parks in Europe.<\/p>\n<h2><span id=\"valleys-of-ordesa-and-monte-perdido-national-park\">Valleys of Ordesa and Monte Perdido National Park<\/span><\/h2>\n<div class=\"display-posts-listing image-top\"><div class=\"listing-item\"><a class=\"image\" href=\"https:\/\/www.ordesamonteperdido.com\/en\/ordesa-valley\/\"><img decoding=\"async\" width=\"1024\" height=\"530\" src=\"https:\/\/www.ordesamonteperdido.com\/en\/wp-content\/uploads\/ordesa-valley-1024x530.jpg\" class=\"attachment-large size-large wp-post-image\" alt=\"Ordesa Valley (Valle de Ordesa), Huesca, Spain\" srcset=\"https:\/\/www.ordesamonteperdido.com\/en\/wp-content\/uploads\/ordesa-valley-1024x530.jpg 1024w, https:\/\/www.ordesamonteperdido.com\/en\/wp-content\/uploads\/ordesa-valley-336x174.jpg 336w, https:\/\/www.ordesamonteperdido.com\/en\/wp-content\/uploads\/ordesa-valley-768x397.jpg 768w, https:\/\/www.ordesamonteperdido.com\/en\/wp-content\/uploads\/ordesa-valley.jpg 1200w\" sizes=\"(max-width: 1024px) 100vw, 1024px\" \/><\/a> <h3><span id=\"ordesa-valley\"><a class=\"title\" href=\"https:\/\/www.ordesamonteperdido.com\/en\/ordesa-valley\/\">Ordesa Valley<\/a><\/span><\/h3><\/div><div class=\"listing-item\"><a class=\"image\" href=\"https:\/\/www.ordesamonteperdido.com\/en\/anisclo-canyon\/\"><img decoding=\"async\" width=\"1024\" height=\"685\" src=\"https:\/\/www.ordesamonteperdido.com\/en\/wp-content\/uploads\/anisclo-canyon-1024x685.jpg\" class=\"attachment-large size-large wp-post-image\" alt=\"A\u00f1isclo Canyon (Ca\u00f1\u00f3n de A\u00f1isclo)\" srcset=\"https:\/\/www.ordesamonteperdido.com\/en\/wp-content\/uploads\/anisclo-canyon-1024x685.jpg 1024w, https:\/\/www.ordesamonteperdido.com\/en\/wp-content\/uploads\/anisclo-canyon-336x225.jpg 336w, https:\/\/www.ordesamonteperdido.com\/en\/wp-content\/uploads\/anisclo-canyon-768x514.jpg 768w, https:\/\/www.ordesamonteperdido.com\/en\/wp-content\/uploads\/anisclo-canyon.jpg 1200w\" sizes=\"(max-width: 1024px) 100vw, 1024px\" \/><\/a> <h3><span id=\"anisclo-canyon\"><a class=\"title\" href=\"https:\/\/www.ordesamonteperdido.com\/en\/anisclo-canyon\/\">A\u00f1isclo Canyon<\/a><\/span><\/h3><\/div><div class=\"listing-item\"><a class=\"image\" href=\"https:\/\/www.ordesamonteperdido.com\/en\/pineta-valley\/\"><img decoding=\"async\" width=\"1024\" height=\"768\" src=\"https:\/\/www.ordesamonteperdido.com\/en\/wp-content\/uploads\/pineta-valley-ordesa-1024x768.jpg\" class=\"attachment-large size-large wp-post-image\" alt=\"Pineta Valley, Ordesa, Spain\" srcset=\"https:\/\/www.ordesamonteperdido.com\/en\/wp-content\/uploads\/pineta-valley-ordesa-1024x768.jpg 1024w, https:\/\/www.ordesamonteperdido.com\/en\/wp-content\/uploads\/pineta-valley-ordesa-336x252.jpg 336w, https:\/\/www.ordesamonteperdido.com\/en\/wp-content\/uploads\/pineta-valley-ordesa-768x576.jpg 768w, https:\/\/www.ordesamonteperdido.com\/en\/wp-content\/uploads\/pineta-valley-ordesa.jpg 1200w\" sizes=\"(max-width: 1024px) 100vw, 1024px\" \/><\/a> <h3><span id=\"pineta-valley\"><a class=\"title\" href=\"https:\/\/www.ordesamonteperdido.com\/en\/pineta-valley\/\">Pineta Valley<\/a><\/span><\/h3><\/div><div class=\"listing-item\"><a class=\"image\" href=\"https:\/\/www.ordesamonteperdido.com\/en\/escuain-gorges\/\"><img decoding=\"async\" width=\"1024\" height=\"530\" src=\"https:\/\/www.ordesamonteperdido.com\/en\/wp-content\/uploads\/gargantas-de-escuain-1024x530.jpg\" class=\"attachment-large size-large wp-post-image\" alt=\"Gargantas de Escua\u00edn in Ordesa and Monte Perdido, Spain (Escua\u00edn Gorges)\" srcset=\"https:\/\/www.ordesamonteperdido.com\/en\/wp-content\/uploads\/gargantas-de-escuain-1024x530.jpg 1024w, https:\/\/www.ordesamonteperdido.com\/en\/wp-content\/uploads\/gargantas-de-escuain-336x174.jpg 336w, https:\/\/www.ordesamonteperdido.com\/en\/wp-content\/uploads\/gargantas-de-escuain-768x397.jpg 768w, https:\/\/www.ordesamonteperdido.com\/en\/wp-content\/uploads\/gargantas-de-escuain.jpg 1200w\" sizes=\"(max-width: 1024px) 100vw, 1024px\" \/><\/a> <h3><span id=\"gargantas-de-escuain-escuain-gorges\"><a class=\"title\" href=\"https:\/\/www.ordesamonteperdido.com\/en\/escuain-gorges\/\">Gargantas de Escua\u00edn (Escua\u00edn Gorges)<\/a><\/span><\/h3><\/div><\/div>\n<p>In addition to the mentioned valleys, there are also other areas of general interest that should be visited in due course.<\/p>\n<h2><span id=\"other-tourist-points-of-interest-in-the-ordesa-and-monte-perdido-park\">Other tourist points of interest in the Ordesa and Monte Perdido Park<\/span><\/h2>\n<div class=\"display-posts-listing image-top\"><div class=\"listing-item\"><a class=\"image\" href=\"https:\/\/www.ordesamonteperdido.com\/en\/monte-perdido\/\"><img decoding=\"async\" width=\"1024\" height=\"530\" src=\"https:\/\/www.ordesamonteperdido.com\/en\/wp-content\/uploads\/monte-perdido-ordesa-huesca-1024x530.jpg\" class=\"attachment-large size-large wp-post-image\" alt=\"Monte Perdido, Ordesa, Huesca in Spain\" srcset=\"https:\/\/www.ordesamonteperdido.com\/en\/wp-content\/uploads\/monte-perdido-ordesa-huesca-1024x530.jpg 1024w, https:\/\/www.ordesamonteperdido.com\/en\/wp-content\/uploads\/monte-perdido-ordesa-huesca-336x174.jpg 336w, https:\/\/www.ordesamonteperdido.com\/en\/wp-content\/uploads\/monte-perdido-ordesa-huesca-768x397.jpg 768w, https:\/\/www.ordesamonteperdido.com\/en\/wp-content\/uploads\/monte-perdido-ordesa-huesca.jpg 1200w\" sizes=\"(max-width: 1024px) 100vw, 1024px\" \/><\/a> <h3><span id=\"monte-perdido\"><a class=\"title\" href=\"https:\/\/www.ordesamonteperdido.com\/en\/monte-perdido\/\">Monte Perdido<\/a><\/span><\/h3><\/div><div class=\"listing-item\"><a class=\"image\" href=\"https:\/\/www.ordesamonteperdido.com\/en\/bujaruelo-valley\/\"><img decoding=\"async\" width=\"1024\" height=\"683\" src=\"https:\/\/www.ordesamonteperdido.com\/en\/wp-content\/uploads\/bujaruelo-valley-1024x683.jpg\" class=\"attachment-large size-large wp-post-image\" alt=\"Bujuaruelo Valley (Valle de Bujaruelo) in Spain\" srcset=\"https:\/\/www.ordesamonteperdido.com\/en\/wp-content\/uploads\/bujaruelo-valley-1024x683.jpg 1024w, https:\/\/www.ordesamonteperdido.com\/en\/wp-content\/uploads\/bujaruelo-valley-336x224.jpg 336w, https:\/\/www.ordesamonteperdido.com\/en\/wp-content\/uploads\/bujaruelo-valley-768x512.jpg 768w, https:\/\/www.ordesamonteperdido.com\/en\/wp-content\/uploads\/bujaruelo-valley.jpg 1200w\" sizes=\"(max-width: 1024px) 100vw, 1024px\" \/><\/a> <h3><span id=\"bujaruelo-valley\"><a class=\"title\" href=\"https:\/\/www.ordesamonteperdido.com\/en\/bujaruelo-valley\/\">Bujaruelo Valley<\/a><\/span><\/h3><\/div><div class=\"listing-item\"><a class=\"image\" href=\"https:\/\/www.ordesamonteperdido.com\/en\/faja-de-las-flores\/\"><img decoding=\"async\" width=\"1024\" height=\"530\" src=\"https:\/\/www.ordesamonteperdido.com\/en\/wp-content\/uploads\/faja-de-las-flores-1024x530.jpg\" class=\"attachment-large size-large wp-post-image\" alt=\"Faja de las Flores Route Ordesa, Spain\" srcset=\"https:\/\/www.ordesamonteperdido.com\/en\/wp-content\/uploads\/faja-de-las-flores-1024x530.jpg 1024w, https:\/\/www.ordesamonteperdido.com\/en\/wp-content\/uploads\/faja-de-las-flores-336x174.jpg 336w, https:\/\/www.ordesamonteperdido.com\/en\/wp-content\/uploads\/faja-de-las-flores-768x397.jpg 768w, https:\/\/www.ordesamonteperdido.com\/en\/wp-content\/uploads\/faja-de-las-flores.jpg 1200w\" sizes=\"(max-width: 1024px) 100vw, 1024px\" \/><\/a> <h3><span id=\"faja-de-las-flores\"><a class=\"title\" href=\"https:\/\/www.ordesamonteperdido.com\/en\/faja-de-las-flores\/\">Faja de las Flores<\/a><\/span><\/h3><\/div><div class=\"listing-item\"><a class=\"image\" href=\"https:\/\/www.ordesamonteperdido.com\/en\/tres-sorores-massif\/\"><img decoding=\"async\" width=\"1024\" height=\"683\" src=\"https:\/\/www.ordesamonteperdido.com\/en\/wp-content\/uploads\/macizo-de-tres-sorores-1024x683.jpg\" class=\"attachment-large size-large wp-post-image\" alt=\"Three Sisters Massif (Macizo de Tres Sorores)\" srcset=\"https:\/\/www.ordesamonteperdido.com\/en\/wp-content\/uploads\/macizo-de-tres-sorores-1024x683.jpg 1024w, https:\/\/www.ordesamonteperdido.com\/en\/wp-content\/uploads\/macizo-de-tres-sorores-336x224.jpg 336w, https:\/\/www.ordesamonteperdido.com\/en\/wp-content\/uploads\/macizo-de-tres-sorores-768x512.jpg 768w, https:\/\/www.ordesamonteperdido.com\/en\/wp-content\/uploads\/macizo-de-tres-sorores.jpg 1200w\" sizes=\"(max-width: 1024px) 100vw, 1024px\" \/><\/a> <h3><span id=\"tres-sorores-massif-macizo-de-tres-sorores\"><a class=\"title\" href=\"https:\/\/www.ordesamonteperdido.com\/en\/tres-sorores-massif\/\">Tres Sorores Massif (Macizo de Tres Sorores)<\/a><\/span><\/h3><\/div><\/div>\n","protected":false},"excerpt":{"rendered":"<p>The Ordesa and Monte Perdido National Park has been recognized as a World Heritage Site by UNESCO (see reference) The park encompasses four valleys (Ordesa, A\u00f1isclo, Escua\u00edn and Pineta) that spread around Monte Perdido,&#46;&#46;&#46;<\/p>\n","protected":false},"author":2,"featured_media":0,"parent":0,"menu_order":0,"comment_status":"closed","ping_status":"closed","template":"","meta":{"footnotes":""},"yoast_head":"<!-- This site is optimized with the Yoast SEO plugin v20.1 - https:\/\/yoast.com\/wordpress\/plugins\/seo\/ -->\n<title>Valleys of Ordesa and Monte Perdido Natural Park<\/title>\n<meta name=\"description\" content=\"The Ordesa and Monte Perdido National Park has been recognized as a World Heritage Site by UNESCO (see reference) The park encompasses four valleys\" \/>\n<meta name=\"robots\" content=\"index, follow, max-snippet:-1, max-image-preview:large, max-video-preview:-1\" \/>\n<link rel=\"canonical\" href=\"https:\/\/www.ordesamonteperdido.com\/en\/valleys\/\" \/>\n<meta property=\"og:locale\" content=\"en_US\" \/>\n<meta property=\"og:type\" content=\"article\" \/>\n<meta property=\"og:title\" content=\"Valleys of Ordesa and Monte Perdido Natural Park\" \/>\n<meta property=\"og:description\" content=\"The Ordesa and Monte Perdido National Park has been recognized as a World Heritage Site by UNESCO (see reference) The park encompasses four valleys\" \/>\n<meta property=\"og:url\" content=\"https:\/\/www.ordesamonteperdido.com\/en\/valleys\/\" \/>\n<meta property=\"og:site_name\" content=\"Ordesa and Monte Perdido\" \/>\n<meta property=\"article:modified_time\" content=\"2024-08-30T12:26:25+00:00\" \/>\n<meta name=\"twitter:card\" content=\"summary_large_image\" \/>\n<meta name=\"twitter:label1\" content=\"Tiempo de lectura\" \/>\n\t<meta name=\"twitter:data1\" content=\"1 minuto\" \/>\n<script type=\"application\/ld+json\" class=\"yoast-schema-graph\">{\"@context\":\"https:\/\/schema.org\",\"@graph\":[{\"@type\":\"WebPage\",\"@id\":\"https:\/\/www.ordesamonteperdido.com\/en\/valleys\/\",\"url\":\"https:\/\/www.ordesamonteperdido.com\/en\/valleys\/\",\"name\":\"Valleys of Ordesa and Monte Perdido Natural Park\",\"isPartOf\":{\"@id\":\"https:\/\/www.ordesamonteperdido.com\/en\/#website\"},\"datePublished\":\"2023-05-04T10:38:40+00:00\",\"dateModified\":\"2024-08-30T12:26:25+00:00\",\"description\":\"The Ordesa and Monte Perdido National Park has been recognized as a World Heritage Site by UNESCO (see reference) The park encompasses four valleys\",\"breadcrumb\":{\"@id\":\"https:\/\/www.ordesamonteperdido.com\/en\/valleys\/#breadcrumb\"},\"inLanguage\":\"en\",\"potentialAction\":[{\"@type\":\"ReadAction\",\"target\":[\"https:\/\/www.ordesamonteperdido.com\/en\/valleys\/\"]}]},{\"@type\":\"BreadcrumbList\",\"@id\":\"https:\/\/www.ordesamonteperdido.com\/en\/valleys\/#breadcrumb\",\"itemListElement\":[{\"@type\":\"ListItem\",\"position\":1,\"name\":\"Portada\",\"item\":\"https:\/\/www.ordesamonteperdido.com\/en\/\"},{\"@type\":\"ListItem\",\"position\":2,\"name\":\"Valleys of Ordesa and Monte Perdido Natural Park\"}]},{\"@type\":\"WebSite\",\"@id\":\"https:\/\/www.ordesamonteperdido.com\/en\/#website\",\"url\":\"https:\/\/www.ordesamonteperdido.com\/en\/\",\"name\":\"Ordesa and Monte Perdido\",\"description\":\"Tourism, accommodation, routes and guides\",\"publisher\":{\"@id\":\"https:\/\/www.ordesamonteperdido.com\/en\/#organization\"},\"potentialAction\":[{\"@type\":\"SearchAction\",\"target\":{\"@type\":\"EntryPoint\",\"urlTemplate\":\"https:\/\/www.ordesamonteperdido.com\/en\/?s={search_term_string}\"},\"query-input\":\"required name=search_term_string\"}],\"inLanguage\":\"en\"},{\"@type\":\"Organization\",\"@id\":\"https:\/\/www.ordesamonteperdido.com\/en\/#organization\",\"name\":\"Ordesa and Monte Perdido National Park\",\"url\":\"https:\/\/www.ordesamonteperdido.com\/en\/\",\"logo\":{\"@type\":\"ImageObject\",\"inLanguage\":\"en\",\"@id\":\"https:\/\/www.ordesamonteperdido.com\/en\/#\/schema\/logo\/image\/\",\"url\":\"https:\/\/www.ordesamonteperdido.com\/en\/wp-content\/uploads\/ordesa-and-monteperdido-logo.png\",\"contentUrl\":\"https:\/\/www.ordesamonteperdido.com\/en\/wp-content\/uploads\/ordesa-and-monteperdido-logo.png\",\"width\":567,\"height\":69,\"caption\":\"Ordesa and Monte Perdido National Park\"},\"image\":{\"@id\":\"https:\/\/www.ordesamonteperdido.com\/en\/#\/schema\/logo\/image\/\"}}]}<\/script>\n<!-- \/ Yoast SEO plugin. -->","yoast_head_json":{"title":"Valleys of Ordesa and Monte Perdido Natural Park","description":"The Ordesa and Monte Perdido National Park has been recognized as a World Heritage Site by UNESCO (see reference) The park encompasses four valleys","robots":{"index":"index","follow":"follow","max-snippet":"max-snippet:-1","max-image-preview":"max-image-preview:large","max-video-preview":"max-video-preview:-1"},"canonical":"https:\/\/www.ordesamonteperdido.com\/en\/valleys\/","og_locale":"en_US","og_type":"article","og_title":"Valleys of Ordesa and Monte Perdido Natural Park","og_description":"The Ordesa and Monte Perdido National Park has been recognized as a World Heritage Site by UNESCO (see reference) The park encompasses four valleys","og_url":"https:\/\/www.ordesamonteperdido.com\/en\/valleys\/","og_site_name":"Ordesa and Monte Perdido","article_modified_time":"2024-08-30T12:26:25+00:00","twitter_card":"summary_large_image","twitter_misc":{"Tiempo de lectura":"1 minuto"},"schema":{"@context":"https:\/\/schema.org","@graph":[{"@type":"WebPage","@id":"https:\/\/www.ordesamonteperdido.com\/en\/valleys\/","url":"https:\/\/www.ordesamonteperdido.com\/en\/valleys\/","name":"Valleys of Ordesa and Monte Perdido Natural Park","isPartOf":{"@id":"https:\/\/www.ordesamonteperdido.com\/en\/#website"},"datePublished":"2023-05-04T10:38:40+00:00","dateModified":"2024-08-30T12:26:25+00:00","description":"The Ordesa and Monte Perdido National Park has been recognized as a World Heritage Site by UNESCO (see reference) The park encompasses four valleys","breadcrumb":{"@id":"https:\/\/www.ordesamonteperdido.com\/en\/valleys\/#breadcrumb"},"inLanguage":"en","potentialAction":[{"@type":"ReadAction","target":["https:\/\/www.ordesamonteperdido.com\/en\/valleys\/"]}]},{"@type":"BreadcrumbList","@id":"https:\/\/www.ordesamonteperdido.com\/en\/valleys\/#breadcrumb","itemListElement":[{"@type":"ListItem","position":1,"name":"Portada","item":"https:\/\/www.ordesamonteperdido.com\/en\/"},{"@type":"ListItem","position":2,"name":"Valleys of Ordesa and Monte Perdido Natural Park"}]},{"@type":"WebSite","@id":"https:\/\/www.ordesamonteperdido.com\/en\/#website","url":"https:\/\/www.ordesamonteperdido.com\/en\/","name":"Ordesa and Monte Perdido","description":"Tourism, accommodation, routes and guides","publisher":{"@id":"https:\/\/www.ordesamonteperdido.com\/en\/#organization"},"potentialAction":[{"@type":"SearchAction","target":{"@type":"EntryPoint","urlTemplate":"https:\/\/www.ordesamonteperdido.com\/en\/?s={search_term_string}"},"query-input":"required name=search_term_string"}],"inLanguage":"en"},{"@type":"Organization","@id":"https:\/\/www.ordesamonteperdido.com\/en\/#organization","name":"Ordesa and Monte Perdido National Park","url":"https:\/\/www.ordesamonteperdido.com\/en\/","logo":{"@type":"ImageObject","inLanguage":"en","@id":"https:\/\/www.ordesamonteperdido.com\/en\/#\/schema\/logo\/image\/","url":"https:\/\/www.ordesamonteperdido.com\/en\/wp-content\/uploads\/ordesa-and-monteperdido-logo.png","contentUrl":"https:\/\/www.ordesamonteperdido.com\/en\/wp-content\/uploads\/ordesa-and-monteperdido-logo.png","width":567,"height":69,"caption":"Ordesa and Monte Perdido National Park"},"image":{"@id":"https:\/\/www.ordesamonteperdido.com\/en\/#\/schema\/logo\/image\/"}}]}},"_links":{"self":[{"href":"https:\/\/www.ordesamonteperdido.com\/en\/wp-json\/wp\/v2\/pages\/952"}],"collection":[{"href":"https:\/\/www.ordesamonteperdido.com\/en\/wp-json\/wp\/v2\/pages"}],"about":[{"href":"https:\/\/www.ordesamonteperdido.com\/en\/wp-json\/wp\/v2\/types\/page"}],"author":[{"embeddable":true,"href":"https:\/\/www.ordesamonteperdido.com\/en\/wp-json\/wp\/v2\/users\/2"}],"replies":[{"embeddable":true,"href":"https:\/\/www.ordesamonteperdido.com\/en\/wp-json\/wp\/v2\/comments?post=952"}],"version-history":[{"count":0,"href":"https:\/\/www.ordesamonteperdido.com\/en\/wp-json\/wp\/v2\/pages\/952\/revisions"}],"wp:attachment":[{"href":"https:\/\/www.ordesamonteperdido.com\/en\/wp-json\/wp\/v2\/media?parent=952"}],"curies":[{"name":"wp","href":"https:\/\/api.w.org\/{rel}","templated":true}]}}