{"id":957,"date":"2023-05-04T12:48:11","date_gmt":"2023-05-04T10:48:11","guid":{"rendered":"https:\/\/www.ordesamonteperdido.com\/en\/?page_id=957"},"modified":"2024-08-31T09:43:45","modified_gmt":"2024-08-31T07:43:45","slug":"accommodations","status":"publish","type":"page","link":"https:\/\/www.ordesamonteperdido.com\/en\/accommodations\/","title":{"rendered":"Discover the Best Accommodations in Ordesa and Monte Perdido"},"content":{"rendered":"<p>With its breathtaking natural beauty, the <strong>Ordesa and Monte Perdido National Park<\/strong> is an unforgettable destination. To complete your experience, we present a selection of the <strong>best accommodations<\/strong> that will complement your visit with comfort, quality, and hospitality.<\/p>\n<p>Whether you prefer a cozy mountain cabin, a luxurious hotel with all the amenities, a charming bed &#038; breakfast, or renting an intimate house with stunning views, here you will find the perfect place to rest after a day exploring the majesty of Ordesa.<\/p>\n<p>With our recommendations, your stay in Ordesa will be as <strong>unforgettable<\/strong> as its landscapes. Enjoy the journey!<\/p>\n<h2>Recommended Accommodations in Ordesa and Monte Perdido<\/h2>\n<div class=\"display-posts-listing image-top\"><div class=\"listing-item\"><a class=\"image\" href=\"https:\/\/www.ordesamonteperdido.com\/en\/campsites\/\"><img decoding=\"async\" width=\"1024\" height=\"530\" src=\"https:\/\/www.ordesamonteperdido.com\/en\/wp-content\/uploads\/campsites-ordesa-1024x530.jpg\" class=\"attachment-large size-large wp-post-image\" alt=\"The best Campsites in Ordesa and Monte Perdido, Spain\" srcset=\"https:\/\/www.ordesamonteperdido.com\/en\/wp-content\/uploads\/campsites-ordesa-1024x530.jpg 1024w, https:\/\/www.ordesamonteperdido.com\/en\/wp-content\/uploads\/campsites-ordesa-336x174.jpg 336w, https:\/\/www.ordesamonteperdido.com\/en\/wp-content\/uploads\/campsites-ordesa-768x397.jpg 768w, https:\/\/www.ordesamonteperdido.com\/en\/wp-content\/uploads\/campsites-ordesa.jpg 1200w\" sizes=\"(max-width: 1024px) 100vw, 1024px\" \/><\/a> <h3><a class=\"title\" href=\"https:\/\/www.ordesamonteperdido.com\/en\/campsites\/\">Best Campsites in Ordesa<\/a><\/h3> <span class=\"excerpt\">Camping in the heart of the Pyrenees is a unique and unforgettable experience. The Ordesa and Monte Perdido National Park&hellip; <span class=\"excerpt-more\">&#46;&#46;&#46;<\/span><\/span><\/div><div class=\"listing-item\"><a class=\"image\" href=\"https:\/\/www.ordesamonteperdido.com\/en\/bungalows\/\"><img decoding=\"async\" width=\"1024\" height=\"530\" src=\"https:\/\/www.ordesamonteperdido.com\/en\/wp-content\/uploads\/bungalows-ordesa-monte-perdido-1024x530.jpg\" class=\"attachment-large size-large wp-post-image\" alt=\"Best Bungalows in Ordesa and Monte Perdido\" srcset=\"https:\/\/www.ordesamonteperdido.com\/en\/wp-content\/uploads\/bungalows-ordesa-monte-perdido-1024x530.jpg 1024w, https:\/\/www.ordesamonteperdido.com\/en\/wp-content\/uploads\/bungalows-ordesa-monte-perdido-336x174.jpg 336w, https:\/\/www.ordesamonteperdido.com\/en\/wp-content\/uploads\/bungalows-ordesa-monte-perdido-768x397.jpg 768w, https:\/\/www.ordesamonteperdido.com\/en\/wp-content\/uploads\/bungalows-ordesa-monte-perdido.jpg 1200w\" sizes=\"(max-width: 1024px) 100vw, 1024px\" \/><\/a> <h3><a class=\"title\" href=\"https:\/\/www.ordesamonteperdido.com\/en\/bungalows\/\">Best Bungalows in Ordesa<\/a><\/h3> <span class=\"excerpt\">Bungalows in Ordesa offer a unique opportunity to enjoy the beauty and tranquility of the Ordesa and Monte Perdido National&hellip; <span class=\"excerpt-more\">&#46;&#46;&#46;<\/span><\/span><\/div><div class=\"listing-item\"><a class=\"image\" href=\"https:\/\/www.ordesamonteperdido.com\/en\/hotels\/\"><img decoding=\"async\" width=\"1024\" height=\"530\" src=\"https:\/\/www.ordesamonteperdido.com\/en\/wp-content\/uploads\/the-best-hotels-in-ordesa-and-monte-perdido-1024x530.jpg\" class=\"attachment-large size-large wp-post-image\" alt=\"The Best Hotels in Ordesa and Monte Perdido\" srcset=\"https:\/\/www.ordesamonteperdido.com\/en\/wp-content\/uploads\/the-best-hotels-in-ordesa-and-monte-perdido-1024x530.jpg 1024w, https:\/\/www.ordesamonteperdido.com\/en\/wp-content\/uploads\/the-best-hotels-in-ordesa-and-monte-perdido-336x174.jpg 336w, https:\/\/www.ordesamonteperdido.com\/en\/wp-content\/uploads\/the-best-hotels-in-ordesa-and-monte-perdido-768x397.jpg 768w, https:\/\/www.ordesamonteperdido.com\/en\/wp-content\/uploads\/the-best-hotels-in-ordesa-and-monte-perdido.jpg 1200w\" sizes=\"(max-width: 1024px) 100vw, 1024px\" \/><\/a> <h3><a class=\"title\" href=\"https:\/\/www.ordesamonteperdido.com\/en\/hotels\/\">The Best Hotels in Ordesa<\/a><\/h3> <span class=\"excerpt\">Ordesa y Monte Perdido, in the province of Huesca, is a dream destination for nature and outdoor enthusiasts. If you're&hellip; <span class=\"excerpt-more\">&#46;&#46;&#46;<\/span><\/span><\/div><div class=\"listing-item\"><a class=\"image\" href=\"https:\/\/www.ordesamonteperdido.com\/en\/rural-houses\/\"><img decoding=\"async\" width=\"1024\" height=\"530\" src=\"https:\/\/www.ordesamonteperdido.com\/en\/wp-content\/uploads\/ordesa-rural-houses-1024x530.jpg\" class=\"attachment-large size-large wp-post-image\" alt=\"The Best Rural Houses in Ordesa and Monte Perdido based on price and service\" srcset=\"https:\/\/www.ordesamonteperdido.com\/en\/wp-content\/uploads\/ordesa-rural-houses-1024x530.jpg 1024w, https:\/\/www.ordesamonteperdido.com\/en\/wp-content\/uploads\/ordesa-rural-houses-336x174.jpg 336w, https:\/\/www.ordesamonteperdido.com\/en\/wp-content\/uploads\/ordesa-rural-houses-768x397.jpg 768w, https:\/\/www.ordesamonteperdido.com\/en\/wp-content\/uploads\/ordesa-rural-houses.jpg 1200w\" sizes=\"(max-width: 1024px) 100vw, 1024px\" \/><\/a> <h3><a class=\"title\" href=\"https:\/\/www.ordesamonteperdido.com\/en\/rural-houses\/\">Rural Houses in Ordesa<\/a><\/h3> <span class=\"excerpt\">Ordesa, home to the stunning Ordesa and Monte Perdido National Park, is a destination that attracts thousands of visitors every&hellip; <span class=\"excerpt-more\">&#46;&#46;&#46;<\/span><\/span><\/div><div class=\"listing-item\"><a class=\"image\" href=\"https:\/\/www.ordesamonteperdido.com\/en\/hostels\/\"><img decoding=\"async\" width=\"1024\" height=\"530\" src=\"https:\/\/www.ordesamonteperdido.com\/en\/wp-content\/uploads\/hostels-and-refuges-in-ordesa-monte-perdido-1024x530.jpg\" class=\"attachment-large size-large wp-post-image\" alt=\"Best Hostels and Refuges in Ordesa and Monte Perdido\" srcset=\"https:\/\/www.ordesamonteperdido.com\/en\/wp-content\/uploads\/hostels-and-refuges-in-ordesa-monte-perdido-1024x530.jpg 1024w, https:\/\/www.ordesamonteperdido.com\/en\/wp-content\/uploads\/hostels-and-refuges-in-ordesa-monte-perdido-336x174.jpg 336w, https:\/\/www.ordesamonteperdido.com\/en\/wp-content\/uploads\/hostels-and-refuges-in-ordesa-monte-perdido-768x397.jpg 768w, https:\/\/www.ordesamonteperdido.com\/en\/wp-content\/uploads\/hostels-and-refuges-in-ordesa-monte-perdido.jpg 1200w\" sizes=\"(max-width: 1024px) 100vw, 1024px\" \/><\/a> <h3><a class=\"title\" href=\"https:\/\/www.ordesamonteperdido.com\/en\/hostels\/\">Best Hostels and Refuges in Ordesa and Monte Perdido<\/a><\/h3> <span class=\"excerpt\">El Parque Nacional de Ordesa y Monte Perdido es un para\u00edso natural situado en el Pirineo Aragon\u00e9s, Espa\u00f1a. Este espectacular&hellip; <span class=\"excerpt-more\">&#46;&#46;&#46;<\/span><\/span><\/div><\/div>\n<p>Ready for your adventure in Ordesa and Monte Perdido? <strong>Book your ideal accommodation today!<\/strong><\/p>\n","protected":false},"excerpt":{"rendered":"<p>With its breathtaking natural beauty, the Ordesa and Monte Perdido National Park is an unforgettable destination. To complete your experience, we present a selection of the best accommodations that will complement your visit with&#46;&#46;&#46;<\/p>\n","protected":false},"author":2,"featured_media":0,"parent":0,"menu_order":0,"comment_status":"closed","ping_status":"closed","template":"","meta":{"footnotes":""},"yoast_head":"<!-- This site is optimized with the Yoast SEO plugin v20.1 - https:\/\/yoast.com\/wordpress\/plugins\/seo\/ -->\n<title>Best Accommodations in Ordesa and Monte Perdido: Prices and Offers<\/title>\n<meta name=\"description\" content=\"Find the best accommodations in Ordesa and Monte Perdido: campsites, bungalows, hotels, rural houses, and hostels. Book your stay today!\" \/>\n<meta name=\"robots\" content=\"index, follow, max-snippet:-1, max-image-preview:large, max-video-preview:-1\" \/>\n<link rel=\"canonical\" href=\"https:\/\/www.ordesamonteperdido.com\/en\/accommodations\/\" \/>\n<meta property=\"og:locale\" content=\"en_US\" \/>\n<meta property=\"og:type\" content=\"article\" \/>\n<meta property=\"og:title\" content=\"Best Accommodations in Ordesa and Monte Perdido: Prices and Offers\" \/>\n<meta property=\"og:description\" content=\"Find the best accommodations in Ordesa and Monte Perdido: campsites, bungalows, hotels, rural houses, and hostels. Book your stay today!\" \/>\n<meta property=\"og:url\" content=\"https:\/\/www.ordesamonteperdido.com\/en\/accommodations\/\" \/>\n<meta property=\"og:site_name\" content=\"Ordesa and Monte Perdido\" \/>\n<meta property=\"article:modified_time\" content=\"2024-08-31T07:43:45+00:00\" \/>\n<meta name=\"twitter:card\" content=\"summary_large_image\" \/>\n<meta name=\"twitter:label1\" content=\"Tiempo de lectura\" \/>\n\t<meta name=\"twitter:data1\" content=\"1 minuto\" \/>\n<script type=\"application\/ld+json\" class=\"yoast-schema-graph\">{\"@context\":\"https:\/\/schema.org\",\"@graph\":[{\"@type\":\"WebPage\",\"@id\":\"https:\/\/www.ordesamonteperdido.com\/en\/accommodations\/\",\"url\":\"https:\/\/www.ordesamonteperdido.com\/en\/accommodations\/\",\"name\":\"Best Accommodations in Ordesa and Monte Perdido: Prices and Offers\",\"isPartOf\":{\"@id\":\"https:\/\/www.ordesamonteperdido.com\/en\/#website\"},\"datePublished\":\"2023-05-04T10:48:11+00:00\",\"dateModified\":\"2024-08-31T07:43:45+00:00\",\"description\":\"Find the best accommodations in Ordesa and Monte Perdido: campsites, bungalows, hotels, rural houses, and hostels. Book your stay today!\",\"breadcrumb\":{\"@id\":\"https:\/\/www.ordesamonteperdido.com\/en\/accommodations\/#breadcrumb\"},\"inLanguage\":\"en\",\"potentialAction\":[{\"@type\":\"ReadAction\",\"target\":[\"https:\/\/www.ordesamonteperdido.com\/en\/accommodations\/\"]}]},{\"@type\":\"BreadcrumbList\",\"@id\":\"https:\/\/www.ordesamonteperdido.com\/en\/accommodations\/#breadcrumb\",\"itemListElement\":[{\"@type\":\"ListItem\",\"position\":1,\"name\":\"Portada\",\"item\":\"https:\/\/www.ordesamonteperdido.com\/en\/\"},{\"@type\":\"ListItem\",\"position\":2,\"name\":\"Discover the Best Accommodations in Ordesa and Monte Perdido\"}]},{\"@type\":\"WebSite\",\"@id\":\"https:\/\/www.ordesamonteperdido.com\/en\/#website\",\"url\":\"https:\/\/www.ordesamonteperdido.com\/en\/\",\"name\":\"Ordesa and Monte Perdido\",\"description\":\"Tourism, accommodation, routes and guides\",\"publisher\":{\"@id\":\"https:\/\/www.ordesamonteperdido.com\/en\/#organization\"},\"potentialAction\":[{\"@type\":\"SearchAction\",\"target\":{\"@type\":\"EntryPoint\",\"urlTemplate\":\"https:\/\/www.ordesamonteperdido.com\/en\/?s={search_term_string}\"},\"query-input\":\"required name=search_term_string\"}],\"inLanguage\":\"en\"},{\"@type\":\"Organization\",\"@id\":\"https:\/\/www.ordesamonteperdido.com\/en\/#organization\",\"name\":\"Ordesa and Monte Perdido National Park\",\"url\":\"https:\/\/www.ordesamonteperdido.com\/en\/\",\"logo\":{\"@type\":\"ImageObject\",\"inLanguage\":\"en\",\"@id\":\"https:\/\/www.ordesamonteperdido.com\/en\/#\/schema\/logo\/image\/\",\"url\":\"https:\/\/www.ordesamonteperdido.com\/en\/wp-content\/uploads\/ordesa-and-monteperdido-logo.png\",\"contentUrl\":\"https:\/\/www.ordesamonteperdido.com\/en\/wp-content\/uploads\/ordesa-and-monteperdido-logo.png\",\"width\":567,\"height\":69,\"caption\":\"Ordesa and Monte Perdido National Park\"},\"image\":{\"@id\":\"https:\/\/www.ordesamonteperdido.com\/en\/#\/schema\/logo\/image\/\"}}]}<\/script>\n<!-- \/ Yoast SEO plugin. -->","yoast_head_json":{"title":"Best Accommodations in Ordesa and Monte Perdido: Prices and Offers","description":"Find the best accommodations in Ordesa and Monte Perdido: campsites, bungalows, hotels, rural houses, and hostels. Book your stay today!","robots":{"index":"index","follow":"follow","max-snippet":"max-snippet:-1","max-image-preview":"max-image-preview:large","max-video-preview":"max-video-preview:-1"},"canonical":"https:\/\/www.ordesamonteperdido.com\/en\/accommodations\/","og_locale":"en_US","og_type":"article","og_title":"Best Accommodations in Ordesa and Monte Perdido: Prices and Offers","og_description":"Find the best accommodations in Ordesa and Monte Perdido: campsites, bungalows, hotels, rural houses, and hostels. Book your stay today!","og_url":"https:\/\/www.ordesamonteperdido.com\/en\/accommodations\/","og_site_name":"Ordesa and Monte Perdido","article_modified_time":"2024-08-31T07:43:45+00:00","twitter_card":"summary_large_image","twitter_misc":{"Tiempo de lectura":"1 minuto"},"schema":{"@context":"https:\/\/schema.org","@graph":[{"@type":"WebPage","@id":"https:\/\/www.ordesamonteperdido.com\/en\/accommodations\/","url":"https:\/\/www.ordesamonteperdido.com\/en\/accommodations\/","name":"Best Accommodations in Ordesa and Monte Perdido: Prices and Offers","isPartOf":{"@id":"https:\/\/www.ordesamonteperdido.com\/en\/#website"},"datePublished":"2023-05-04T10:48:11+00:00","dateModified":"2024-08-31T07:43:45+00:00","description":"Find the best accommodations in Ordesa and Monte Perdido: campsites, bungalows, hotels, rural houses, and hostels. Book your stay today!","breadcrumb":{"@id":"https:\/\/www.ordesamonteperdido.com\/en\/accommodations\/#breadcrumb"},"inLanguage":"en","potentialAction":[{"@type":"ReadAction","target":["https:\/\/www.ordesamonteperdido.com\/en\/accommodations\/"]}]},{"@type":"BreadcrumbList","@id":"https:\/\/www.ordesamonteperdido.com\/en\/accommodations\/#breadcrumb","itemListElement":[{"@type":"ListItem","position":1,"name":"Portada","item":"https:\/\/www.ordesamonteperdido.com\/en\/"},{"@type":"ListItem","position":2,"name":"Discover the Best Accommodations in Ordesa and Monte Perdido"}]},{"@type":"WebSite","@id":"https:\/\/www.ordesamonteperdido.com\/en\/#website","url":"https:\/\/www.ordesamonteperdido.com\/en\/","name":"Ordesa and Monte Perdido","description":"Tourism, accommodation, routes and guides","publisher":{"@id":"https:\/\/www.ordesamonteperdido.com\/en\/#organization"},"potentialAction":[{"@type":"SearchAction","target":{"@type":"EntryPoint","urlTemplate":"https:\/\/www.ordesamonteperdido.com\/en\/?s={search_term_string}"},"query-input":"required name=search_term_string"}],"inLanguage":"en"},{"@type":"Organization","@id":"https:\/\/www.ordesamonteperdido.com\/en\/#organization","name":"Ordesa and Monte Perdido National Park","url":"https:\/\/www.ordesamonteperdido.com\/en\/","logo":{"@type":"ImageObject","inLanguage":"en","@id":"https:\/\/www.ordesamonteperdido.com\/en\/#\/schema\/logo\/image\/","url":"https:\/\/www.ordesamonteperdido.com\/en\/wp-content\/uploads\/ordesa-and-monteperdido-logo.png","contentUrl":"https:\/\/www.ordesamonteperdido.com\/en\/wp-content\/uploads\/ordesa-and-monteperdido-logo.png","width":567,"height":69,"caption":"Ordesa and Monte Perdido National Park"},"image":{"@id":"https:\/\/www.ordesamonteperdido.com\/en\/#\/schema\/logo\/image\/"}}]}},"_links":{"self":[{"href":"https:\/\/www.ordesamonteperdido.com\/en\/wp-json\/wp\/v2\/pages\/957"}],"collection":[{"href":"https:\/\/www.ordesamonteperdido.com\/en\/wp-json\/wp\/v2\/pages"}],"about":[{"href":"https:\/\/www.ordesamonteperdido.com\/en\/wp-json\/wp\/v2\/types\/page"}],"author":[{"embeddable":true,"href":"https:\/\/www.ordesamonteperdido.com\/en\/wp-json\/wp\/v2\/users\/2"}],"replies":[{"embeddable":true,"href":"https:\/\/www.ordesamonteperdido.com\/en\/wp-json\/wp\/v2\/comments?post=957"}],"version-history":[{"count":0,"href":"https:\/\/www.ordesamonteperdido.com\/en\/wp-json\/wp\/v2\/pages\/957\/revisions"}],"wp:attachment":[{"href":"https:\/\/www.ordesamonteperdido.com\/en\/wp-json\/wp\/v2\/media?parent=957"}],"curies":[{"name":"wp","href":"https:\/\/api.w.org\/{rel}","templated":true}]}}