{"id":15,"date":"2019-01-14T16:04:32","date_gmt":"2019-01-14T15:04:32","guid":{"rendered":"https:\/\/www.ordesamonteperdido.com\/fr\/?page_id=15"},"modified":"2023-05-19T12:14:20","modified_gmt":"2023-05-19T10:14:20","slug":"contact","status":"publish","type":"page","link":"https:\/\/www.ordesamonteperdido.com\/fr\/contact\/","title":{"rendered":"Contact"},"content":{"rendered":"<p>Merci beaucoup pour votre int\u00e9r\u00eat pour notre portail. Si vous souhaitez nous envoyer une proposition pour vous annoncer sur notre site, \u00e9tablir une collaboration ou communiquer avec l&#8217;\u00e9quipe, veuillez remplir le formulaire ci-dessous et cliquer sur le bouton \"Envoyer\".<\/p>\n<p>Les informations seront transmises au d\u00e9partement concern\u00e9 qui vous contactera dans les plus brefs d\u00e9lais.<\/p>\n\n<div class=\"wpcf7 no-js\" id=\"wpcf7-f891-o1\" lang=\"es-ES\" dir=\"ltr\">\n<div class=\"screen-reader-response\"><p role=\"status\" aria-live=\"polite\" aria-atomic=\"true\"><\/p> <ul><\/ul><\/div>\n<form action=\"\/fr\/wp-json\/wp\/v2\/pages\/15#wpcf7-f891-o1\" method=\"post\" class=\"wpcf7-form init\" aria-label=\"Formulario de contacto\" novalidate=\"novalidate\" data-status=\"init\">\n<div style=\"display: none;\">\n<input type=\"hidden\" name=\"_wpcf7\" value=\"891\" \/>\n<input type=\"hidden\" name=\"_wpcf7_version\" value=\"5.7.3\" \/>\n<input type=\"hidden\" name=\"_wpcf7_locale\" value=\"es_ES\" \/>\n<input type=\"hidden\" name=\"_wpcf7_unit_tag\" value=\"wpcf7-f891-o1\" \/>\n<input type=\"hidden\" name=\"_wpcf7_container_post\" value=\"0\" \/>\n<input type=\"hidden\" name=\"_wpcf7_posted_data_hash\" value=\"\" \/>\n<\/div>\n<p><label> Nom (obligatoire)<br \/>\n<span class=\"wpcf7-form-control-wrap\" data-name=\"your-name\"><input size=\"40\" class=\"wpcf7-form-control wpcf7-text wpcf7-validates-as-required\" aria-required=\"true\" aria-invalid=\"false\" value=\"\" type=\"text\" name=\"your-name\" \/><\/span> <\/label>\n<\/p>\n<p><label> Adresse e-mail (obligatoire)<br \/>\n<span class=\"wpcf7-form-control-wrap\" data-name=\"your-email\"><input size=\"40\" class=\"wpcf7-form-control wpcf7-text wpcf7-email wpcf7-validates-as-required wpcf7-validates-as-email\" aria-required=\"true\" aria-invalid=\"false\" value=\"\" type=\"email\" name=\"your-email\" \/><\/span> <\/label>\n<\/p>\n<p><label> Sujet<br \/>\n<span class=\"wpcf7-form-control-wrap\" data-name=\"your-subject\"><input size=\"40\" class=\"wpcf7-form-control wpcf7-text\" aria-invalid=\"false\" value=\"\" type=\"text\" name=\"your-subject\" \/><\/span> <\/label>\n<\/p>\n<p><label> Message<br \/>\n<span class=\"wpcf7-form-control-wrap\" data-name=\"your-message\"><textarea cols=\"40\" rows=\"10\" class=\"wpcf7-form-control wpcf7-textarea\" aria-invalid=\"false\" name=\"your-message\"><\/textarea><\/span> <\/label>\n<\/p>\n<p><input class=\"wpcf7-form-control has-spinner wpcf7-submit\" type=\"submit\" value=\"Envoyer\" \/>\n<\/p>\n<p><span class=\"wpcf7-form-control-wrap\" data-name=\"acceptance-414\"><span class=\"wpcf7-form-control wpcf7-acceptance\"><span class=\"wpcf7-list-item\"><label><input type=\"checkbox\" name=\"acceptance-414\" value=\"1\" aria-invalid=\"false\" \/><span class=\"wpcf7-list-item-label\">J'accepte la <a href=\"https:\/\/www.ordesamonteperdido.com\/fr\/cookies\/\" target=\"_blank\" rel=\"noopener nofollow\">politique de confidentialit\u00e9<\/a>.<\/span><\/label><\/span><\/span><\/span>\n<\/p><p style=\"display: none !important;\"><label>&#916;<textarea name=\"_wpcf7_ak_hp_textarea\" cols=\"45\" rows=\"8\" maxlength=\"100\"><\/textarea><\/label><input type=\"hidden\" id=\"ak_js_1\" name=\"_wpcf7_ak_js\" value=\"80\"\/><script>document.getElementById( \"ak_js_1\" ).setAttribute( \"value\", ( new Date() ).getTime() );<\/script><\/p><div class=\"wpcf7-response-output\" aria-hidden=\"true\"><\/div>\n<\/form>\n<\/div>\n\n","protected":false},"excerpt":{"rendered":"<p>Merci beaucoup pour votre int\u00e9r\u00eat pour notre portail. Si vous souhaitez nous envoyer une proposition pour vous annoncer sur notre site, \u00e9tablir une collaboration ou communiquer avec l&#8217;\u00e9quipe, veuillez remplir le formulaire ci-dessous et&#46;&#46;&#46;<\/p>\n","protected":false},"author":2,"featured_media":0,"parent":0,"menu_order":0,"comment_status":"closed","ping_status":"closed","template":"","meta":[],"yoast_head":"<!-- This site is optimized with the Yoast SEO plugin v20.1 - https:\/\/yoast.com\/wordpress\/plugins\/seo\/ -->\n<title>Contact<\/title>\n<meta name=\"description\" content=\"Merci beaucoup pour votre int\u00e9r\u00eat pour notre portail. Si vous souhaitez nous envoyer une proposition pour vous annoncer sur notre site, \u00e9tablir une\" \/>\n<meta name=\"robots\" content=\"noindex, follow\" \/>\n<meta property=\"og:locale\" content=\"fr_FR\" \/>\n<meta property=\"og:type\" content=\"article\" \/>\n<meta property=\"og:title\" content=\"Contact\" \/>\n<meta property=\"og:description\" content=\"Merci beaucoup pour votre int\u00e9r\u00eat pour notre portail. Si vous souhaitez nous envoyer une proposition pour vous annoncer sur notre site, \u00e9tablir une\" \/>\n<meta property=\"og:url\" content=\"https:\/\/www.ordesamonteperdido.com\/fr\/contact\/\" \/>\n<meta property=\"og:site_name\" content=\"Ordesa et Monte Perdu\" \/>\n<meta property=\"article:modified_time\" content=\"2023-05-19T10:14:20+00:00\" \/>\n<meta name=\"twitter:card\" content=\"summary_large_image\" \/>\n<meta name=\"twitter:label1\" content=\"Tiempo de lectura\" \/>\n\t<meta name=\"twitter:data1\" content=\"1 minuto\" \/>\n<script type=\"application\/ld+json\" class=\"yoast-schema-graph\">{\"@context\":\"https:\/\/schema.org\",\"@graph\":[{\"@type\":\"WebPage\",\"@id\":\"https:\/\/www.ordesamonteperdido.com\/fr\/contact\/\",\"url\":\"https:\/\/www.ordesamonteperdido.com\/fr\/contact\/\",\"name\":\"Contact\",\"isPartOf\":{\"@id\":\"https:\/\/www.ordesamonteperdido.com\/fr\/#website\"},\"datePublished\":\"2019-01-14T15:04:32+00:00\",\"dateModified\":\"2023-05-19T10:14:20+00:00\",\"description\":\"Merci beaucoup pour votre int\u00e9r\u00eat pour notre portail. Si vous souhaitez nous envoyer une proposition pour vous annoncer sur notre site, \u00e9tablir une\",\"breadcrumb\":{\"@id\":\"https:\/\/www.ordesamonteperdido.com\/fr\/contact\/#breadcrumb\"},\"inLanguage\":\"fr\",\"potentialAction\":[{\"@type\":\"ReadAction\",\"target\":[\"https:\/\/www.ordesamonteperdido.com\/fr\/contact\/\"]}]},{\"@type\":\"BreadcrumbList\",\"@id\":\"https:\/\/www.ordesamonteperdido.com\/fr\/contact\/#breadcrumb\",\"itemListElement\":[{\"@type\":\"ListItem\",\"position\":1,\"name\":\"Portada\",\"item\":\"https:\/\/www.ordesamonteperdido.com\/fr\/\"},{\"@type\":\"ListItem\",\"position\":2,\"name\":\"Contact\"}]},{\"@type\":\"WebSite\",\"@id\":\"https:\/\/www.ordesamonteperdido.com\/fr\/#website\",\"url\":\"https:\/\/www.ordesamonteperdido.com\/fr\/\",\"name\":\"Ordesa et Monte Perdu\",\"description\":\"Tourisme, h\u00e9bergement, itin\u00e9raires et guides.\",\"publisher\":{\"@id\":\"https:\/\/www.ordesamonteperdido.com\/fr\/#organization\"},\"potentialAction\":[{\"@type\":\"SearchAction\",\"target\":{\"@type\":\"EntryPoint\",\"urlTemplate\":\"https:\/\/www.ordesamonteperdido.com\/fr\/?s={search_term_string}\"},\"query-input\":\"required name=search_term_string\"}],\"inLanguage\":\"fr\"},{\"@type\":\"Organization\",\"@id\":\"https:\/\/www.ordesamonteperdido.com\/fr\/#organization\",\"name\":\"Ordesa et Monte Perdu\",\"url\":\"https:\/\/www.ordesamonteperdido.com\/fr\/\",\"logo\":{\"@type\":\"ImageObject\",\"inLanguage\":\"fr\",\"@id\":\"https:\/\/www.ordesamonteperdido.com\/fr\/#\/schema\/logo\/image\/\",\"url\":\"https:\/\/www.ordesamonteperdido.com\/fr\/wp-content\/uploads\/ordesamonteperdido-logo.png\",\"contentUrl\":\"https:\/\/www.ordesamonteperdido.com\/fr\/wp-content\/uploads\/ordesamonteperdido-logo.png\",\"width\":567,\"height\":69,\"caption\":\"Ordesa et Monte Perdu\"},\"image\":{\"@id\":\"https:\/\/www.ordesamonteperdido.com\/fr\/#\/schema\/logo\/image\/\"}}]}<\/script>\n<!-- \/ Yoast SEO plugin. -->","yoast_head_json":{"title":"Contact","description":"Merci beaucoup pour votre int\u00e9r\u00eat pour notre portail. Si vous souhaitez nous envoyer une proposition pour vous annoncer sur notre site, \u00e9tablir une","robots":{"index":"noindex","follow":"follow"},"og_locale":"fr_FR","og_type":"article","og_title":"Contact","og_description":"Merci beaucoup pour votre int\u00e9r\u00eat pour notre portail. Si vous souhaitez nous envoyer une proposition pour vous annoncer sur notre site, \u00e9tablir une","og_url":"https:\/\/www.ordesamonteperdido.com\/fr\/contact\/","og_site_name":"Ordesa et Monte Perdu","article_modified_time":"2023-05-19T10:14:20+00:00","twitter_card":"summary_large_image","twitter_misc":{"Tiempo de lectura":"1 minuto"},"schema":{"@context":"https:\/\/schema.org","@graph":[{"@type":"WebPage","@id":"https:\/\/www.ordesamonteperdido.com\/fr\/contact\/","url":"https:\/\/www.ordesamonteperdido.com\/fr\/contact\/","name":"Contact","isPartOf":{"@id":"https:\/\/www.ordesamonteperdido.com\/fr\/#website"},"datePublished":"2019-01-14T15:04:32+00:00","dateModified":"2023-05-19T10:14:20+00:00","description":"Merci beaucoup pour votre int\u00e9r\u00eat pour notre portail. Si vous souhaitez nous envoyer une proposition pour vous annoncer sur notre site, \u00e9tablir une","breadcrumb":{"@id":"https:\/\/www.ordesamonteperdido.com\/fr\/contact\/#breadcrumb"},"inLanguage":"fr","potentialAction":[{"@type":"ReadAction","target":["https:\/\/www.ordesamonteperdido.com\/fr\/contact\/"]}]},{"@type":"BreadcrumbList","@id":"https:\/\/www.ordesamonteperdido.com\/fr\/contact\/#breadcrumb","itemListElement":[{"@type":"ListItem","position":1,"name":"Portada","item":"https:\/\/www.ordesamonteperdido.com\/fr\/"},{"@type":"ListItem","position":2,"name":"Contact"}]},{"@type":"WebSite","@id":"https:\/\/www.ordesamonteperdido.com\/fr\/#website","url":"https:\/\/www.ordesamonteperdido.com\/fr\/","name":"Ordesa et Monte Perdu","description":"Tourisme, h\u00e9bergement, itin\u00e9raires et guides.","publisher":{"@id":"https:\/\/www.ordesamonteperdido.com\/fr\/#organization"},"potentialAction":[{"@type":"SearchAction","target":{"@type":"EntryPoint","urlTemplate":"https:\/\/www.ordesamonteperdido.com\/fr\/?s={search_term_string}"},"query-input":"required name=search_term_string"}],"inLanguage":"fr"},{"@type":"Organization","@id":"https:\/\/www.ordesamonteperdido.com\/fr\/#organization","name":"Ordesa et Monte Perdu","url":"https:\/\/www.ordesamonteperdido.com\/fr\/","logo":{"@type":"ImageObject","inLanguage":"fr","@id":"https:\/\/www.ordesamonteperdido.com\/fr\/#\/schema\/logo\/image\/","url":"https:\/\/www.ordesamonteperdido.com\/fr\/wp-content\/uploads\/ordesamonteperdido-logo.png","contentUrl":"https:\/\/www.ordesamonteperdido.com\/fr\/wp-content\/uploads\/ordesamonteperdido-logo.png","width":567,"height":69,"caption":"Ordesa et Monte Perdu"},"image":{"@id":"https:\/\/www.ordesamonteperdido.com\/fr\/#\/schema\/logo\/image\/"}}]}},"_links":{"self":[{"href":"https:\/\/www.ordesamonteperdido.com\/fr\/wp-json\/wp\/v2\/pages\/15"}],"collection":[{"href":"https:\/\/www.ordesamonteperdido.com\/fr\/wp-json\/wp\/v2\/pages"}],"about":[{"href":"https:\/\/www.ordesamonteperdido.com\/fr\/wp-json\/wp\/v2\/types\/page"}],"author":[{"embeddable":true,"href":"https:\/\/www.ordesamonteperdido.com\/fr\/wp-json\/wp\/v2\/users\/2"}],"replies":[{"embeddable":true,"href":"https:\/\/www.ordesamonteperdido.com\/fr\/wp-json\/wp\/v2\/comments?post=15"}],"version-history":[{"count":0,"href":"https:\/\/www.ordesamonteperdido.com\/fr\/wp-json\/wp\/v2\/pages\/15\/revisions"}],"wp:attachment":[{"href":"https:\/\/www.ordesamonteperdido.com\/fr\/wp-json\/wp\/v2\/media?parent=15"}],"curies":[{"name":"wp","href":"https:\/\/api.w.org\/{rel}","templated":true}]}}