{"id":2518,"date":"2024-03-05T13:46:06","date_gmt":"2024-03-05T12:46:06","guid":{"rendered":"https:\/\/www.ordesamonteperdido.com\/fr\/?page_id=2518"},"modified":"2024-08-30T15:22:06","modified_gmt":"2024-08-30T13:22:06","slug":"via-ferrata-sorrosal","status":"publish","type":"page","link":"https:\/\/www.ordesamonteperdido.com\/fr\/via-ferrata-sorrosal\/","title":{"rendered":"Via ferrata du Sorrosal \u00e0 Broto, Torla et Ordesa"},"content":{"rendered":"<div id=\"toc_container\" class=\"toc_white no_bullets\"><p class=\"toc_title\">Sommaire<\/p><ul class=\"toc_list\"><li><a href=\"#parcours-de-la-via-ferrata-du-sorrosal-k3-a-broto\"><span class=\"toc_number toc_depth_1\">1<\/span> Parcours de la via ferrata du Sorrosal K3 \u00e0 Broto<\/a><ul><li><a href=\"#debut-du-parcours-par-la-cascade-du-sorrosal\"><span class=\"toc_number toc_depth_2\">1.1<\/span> D\u00e9but du parcours par la Cascade du Sorrosal<\/a><\/li><li><a href=\"#premiere-partie\"><span class=\"toc_number toc_depth_2\">1.2<\/span> Premi\u00e8re partie<\/a><\/li><li><a href=\"#echelles-de-la-via-ferrata-del-sorrosal\"><span class=\"toc_number toc_depth_2\">1.3<\/span> \u00c9chelles de la via ferrata del Sorrosal<\/a><\/li><li><a href=\"#canon-de-sorrosal\"><span class=\"toc_number toc_depth_2\">1.4<\/span> Ca\u00f1\u00f3n de Sorrosal<\/a><\/li><li><a href=\"#descanso-y-chapuzon\"><span class=\"toc_number toc_depth_2\">1.5<\/span> Descanso y Chapuz\u00f3n<\/a><\/li><li><a href=\"#fuera-del-canon\"><span class=\"toc_number toc_depth_2\">1.6<\/span> Fuera del Ca\u00f1\u00f3n<\/a><\/li><li><a href=\"#fin-de-la-ruta\"><span class=\"toc_number toc_depth_2\">1.7<\/span> Fin de la Ruta<\/a><\/li><li><a href=\"#regreso-al-inicio\"><span class=\"toc_number toc_depth_2\">1.8<\/span> Regreso al Inicio<\/a><\/li><\/ul><\/li><li><a href=\"#dificultad-de-la-via-ferrata-sorrosal\"><span class=\"toc_number toc_depth_1\">2<\/span> Dificultad de la v\u00eda ferrata Sorrosal<\/a><ul><li><a href=\"#requisitos-para-el-recorrido-de-la-via-ferrata-del-sorrosal-en-broto\"><span class=\"toc_number toc_depth_2\">2.1<\/span> Requisitos para el recorrido de la v\u00eda ferrata del Sorrosal en Broto<\/a><\/li><\/ul><\/li><li><a href=\"#materiel-necessaire\"><span class=\"toc_number toc_depth_1\">3<\/span> Mat\u00e9riel n\u00e9cessaire<\/a><\/li><li><a href=\"#prix-de-la-via-ferrata-du-sorrosal\"><span class=\"toc_number toc_depth_1\">4<\/span> Prix de la via ferrata du Sorrosal<\/a><\/li><\/ul><\/div>\n\n<p>La <strong>v\u00eda ferrata de Sorrosal<\/strong> se situe au seuil du <a href=\"https:\/\/www.ordesamonteperdido.com\/fr\/\">Parc National d&#8217;Ordesa et du Mont Perdu<\/a>, \u00e0 <a href=\"https:\/\/www.ordesamonteperdido.com\/fr\/broto\/\">Broto<\/a>, dans la province de Huesca, en Espagne. Elle est facilement accessible \u00e0 pied depuis le centre du village.<\/p>\n<p>Elle s&#8217;\u00e9tend le long du canyon cr\u00e9\u00e9 par la rivi\u00e8re Sorrosal juste avant sa confluence avec la rivi\u00e8re Ara, sur des formations rocheuses de type \"Flysch\", se distinguant comme l&#8217;une des <a href=\"https:\/\/www.ordesamonteperdido.com\/fr\/via-ferrata\/\">routes de ferrata<\/a> les plus impressionnantes d&#8217;Espagne.<\/p>\n<p>Elle pr\u00e9sente un niveau de difficult\u00e9 K3, ce qui signifie qu&#8217;il n&#8217;est pas n\u00e9cessaire d&#8217;avoir une exp\u00e9rience pr\u00e9alable pour la r\u00e9aliser, bien qu&#8217;il soit crucial de ne pas souffrir de vertige. Elle est recommand\u00e9e pour un large \u00e9ventail de personnes.<\/p>\n<p>Il est essentiel de s&#8217;habiller correctement avec des v\u00eatements et des chaussures de montagne appropri\u00e9s ou similaires pour pratiquer cette activit\u00e9.<\/p>\n<h2><span id=\"parcours-de-la-via-ferrata-du-sorrosal-k3-a-broto\">Parcours de la via ferrata du Sorrosal K3 \u00e0 Broto<\/span><\/h2>\n<p>Sur la via ferrata du Sorrosal, de cat\u00e9gorie K3 et situ\u00e9e \u00e0 Broto, le parcours commence en traversant l&#8217;impressionnant amphith\u00e9\u00e2tre naturel form\u00e9 par le cours de la rivi\u00e8re. Au cours de cette \u00e9tape initiale, les participants ont l&#8217;occasion d&#8217;admirer deux impressionnantes cascades, chacune avec une chute libre de 40 m\u00e8tres. Le parcours alterne entre des sections verticales et horizontales, qui, bien qu&#8217;elles ne pr\u00e9sentent pas de grands d\u00e9fis, n\u00e9cessitent une attention constante pour \u00e9viter de glisser dans la boue ou d&#8217;\u00eatre heurt\u00e9 par des pierres d\u00e9tach\u00e9es.<\/p>\n<div style=\"text-align: center;\"><script>function loadScript(url, callback){var script=document.createElement('script'); script.type='text\/javascript'; if (script.readyState){script.onreadystatechange=function(){if (script.readyState=='loaded' || script.readyState=='complete'){script.onreadystatechange=null; callback();}};}else{script.onload=function(){callback();};}script.src=url; document.getElementsByTagName('head')[0].appendChild(script);}loadScript('https:\/\/www.civitatis.com\/f\/js\/vendor\/iframeResizer.min.js', function(){iFrameResize({checkOrigin:false,initCallback:function(iframe){setTimeout(function(){var resizeEvent = window.document.createEvent('UIEvents'); resizeEvent.initUIEvent('resize', true, false, window, 0); iframe.dispatchEvent(resizeEvent);});}})})<\/script><iframe class=\"civitatis-iframe\" style=\"max-width: 100%;\" src=\"https:\/\/www.civitatis.com\/widget-activities\/?affiliated=104483&amp;display=cosy&amp;cant=6&amp;lang=es&amp;currency=EUR&amp;activities=123312&amp;transfer=0&amp;cmp=Widget_FR_Ordesa_Sorrosal&amp;width=100%&amp;hideButton=1&amp;centerContent=1&amp;typeSelection=manual&amp;color=3f892a&amp;typography=Montserrat&amp;removeBackground=1&amp;showShadow=1&amp;roundedButtons=1\" width=\"100%\" frameborder=\"0\" data-maxwidth=\"100%\"><\/iframe><\/div>\n<h3><span id=\"debut-du-parcours-par-la-cascade-du-sorrosal\">D\u00e9but du parcours par la Cascade du Sorrosal<\/span><\/h3>\n<p>Le d\u00e9but du parcours se trouve sur le parking pr\u00e8s du centre de sant\u00e9 de Broto, d&#8217;o\u00f9 nous entreprendrons une marche d&#8217;environ 5 minutes sur un sentier qui nous m\u00e8nera directement vers les cascades du Sorrosal.<\/p>\n<p><a href=\"https:\/\/www.civitatis.com\/fr\/torla-ordesa\/via-ferrata-sorrosal\/?aid=104483&amp;cmp=FR_ordesa_sorrosal\" target=\"_blank\" rel=\"noopener noreferrer nofollow\"><img class=\"aligncenter wp-image-2525 size-large\" src=\"https:\/\/www.ordesamonteperdido.com\/fr\/wp-content\/uploads\/via-ferrata-del-sorrosal-1024x617.jpg\" alt=\"V\u00eda ferrata del Sorrosal\" width=\"1024\" height=\"617\" srcset=\"https:\/\/www.ordesamonteperdido.com\/fr\/wp-content\/uploads\/via-ferrata-del-sorrosal-1024x617.jpg 1024w, https:\/\/www.ordesamonteperdido.com\/fr\/wp-content\/uploads\/via-ferrata-del-sorrosal-336x202.jpg 336w, https:\/\/www.ordesamonteperdido.com\/fr\/wp-content\/uploads\/via-ferrata-del-sorrosal-768x463.jpg 768w, https:\/\/www.ordesamonteperdido.com\/fr\/wp-content\/uploads\/via-ferrata-del-sorrosal-1536x925.jpg 1536w, https:\/\/www.ordesamonteperdido.com\/fr\/wp-content\/uploads\/via-ferrata-del-sorrosal.jpg 1600w\" sizes=\"(max-width: 1024px) 100vw, 1024px\" \/><\/a><\/p>\n<h3><span id=\"premiere-partie\">Premi\u00e8re partie<\/span><\/h3>\n<p>Apr\u00e8s environ 25 \u00e0 30 minutes de marche, vous atteindrez un point de repos pr\u00e8s d&#8217;un pin solitaire. \u00c0 cet endroit, vous pourrez profiter de la vue sur une piscine naturelle, qui sert de bassin de r\u00e9ception pour l&#8217;eau provenant de la premi\u00e8re cascade.<\/p>\n<h3><span id=\"echelles-de-la-via-ferrata-del-sorrosal\">\u00c9chelles de la via ferrata del Sorrosal<\/span><\/h3>\n<p>Apr\u00e8s le repos, le parcours entre dans sa section la plus verticale, compos\u00e9e de cinq tron\u00e7ons cons\u00e9cutifs d&#8217;\u00e9chelles m\u00e9talliques. Ce segment conduit directement \u00e0 une \"grotte\" ou tunnel, un passage artificiel creus\u00e9 dans la roche qui \u00e9tait historiquement utilis\u00e9 pour d\u00e9tourner l&#8217;eau vers le village voisin d&#8217;Oto. Pendant l&#8217;\u00e9t\u00e9, il n&#8217;est pas rare de voir de l&#8217;eau couler \u00e0 travers ce tron\u00e7on, offrant aux aventuriers la possibilit\u00e9 d&#8217;avancer en utilisant la technique de l&#8217;opposition, en veillant \u00e0 ne pas glisser (\"capuzar\") ou, alternativement, en retirant les chaussures pour se rafra\u00eechir les pieds dans l&#8217;eau. Cette partie s&#8217;\u00e9tend sur environ 30 m\u00e8tres.<\/p>\n<p><a href=\"https:\/\/www.civitatis.com\/fr\/torla-ordesa\/via-ferrata-sorrosal\/?aid=104483&amp;cmp=FR_ordesa_sorrosal\" target=\"_blank\" rel=\"noopener noreferrer nofollow\"><img class=\"aligncenter wp-image-2301 size-full\" src=\"https:\/\/www.ordesamonteperdido.com\/wp-content\/uploads\/escaleras-de-ferrata-Sorrosal.jpg\" alt=\"Escaleras de ferrata Sorrosal\" width=\"775\" height=\"581\" \/><\/a><\/p>\n<p>Una vez que se emerge de la cueva o mina, es crucial volver a asegurarse al cable de seguridad antes de proceder. Este punto marca la entrada a la secci\u00f3n m\u00e1s pintoresca de la v\u00eda ferrata, prometiendo vistas y experiencias a\u00fan m\u00e1s memorables.<\/p>\n<h3><span id=\"canon-de-sorrosal\">Ca\u00f1\u00f3n de Sorrosal<\/span><\/h3>\n<p>El tramo del r\u00edo Sorrosal discurre por un angosto ca\u00f1\u00f3n adornado con una serie de cascadas y charcas, creando un encantador flujo de agua. Cruzaremos un puente tibetano para continuar nuestra aventura.<\/p>\n<h3><span id=\"descanso-y-chapuzon\">Descanso y Chapuz\u00f3n<\/span><\/h3>\n<p>Al concluir nuestra traves\u00eda por el ca\u00f1\u00f3n, aproximadamente despu\u00e9s de 20 minutos, encontraremos un lugar id\u00f3neo para descansar, perfecto para un almuerzo al aire libre o incluso para disfrutar de un refrescante ba\u00f1o en las pozas situadas aguas arriba.<\/p>\n<h3><span id=\"fuera-del-canon\">Fuera del Ca\u00f1\u00f3n<\/span><\/h3>\n<p>Una vez reanudada la marcha despu\u00e9s del descanso, el camino nos lleva fuera del ca\u00f1\u00f3n, por un terreno m\u00e1s abierto y soleado. Avanzaremos superando varios tramos cortos hasta adentrarnos en un hermoso bosque de robles y pinos, por donde el sendero contin\u00faa hasta alcanzar la \u00faltima secci\u00f3n de la ferrata. Aqu\u00ed, una franja erosionada en el flych nos ofrece vistas espectaculares del valle de Broto, el r\u00edo Ara, y el inicio de nuestra ruta.<\/p>\n<h3><span id=\"fin-de-la-ruta\">Fin de la Ruta<\/span><\/h3>\n<p>Al cabo de unas dos horas, aproximadamente, concluiremos nuestra experiencia en la v\u00eda ferrata de Sorrosal.<\/p>\n<h3><span id=\"regreso-al-inicio\">Regreso al Inicio<\/span><\/h3>\n<p>Desde el final de la v\u00eda, seguiremos el camino hasta conectar con el PR (Peque\u00f1o Recorrido) que enlaza los pueblos de Fragen y Broto. Tomaremos el desv\u00edo a la derecha para regresar al punto de partida, completando as\u00ed una ruta circular.<\/p>\n<p>La v\u00eda ferrata de Sorrosal es, indudablemente, una actividad imperdible para quienes visiten el Pirineo de Huesca y la zona de Ordesa. Para una experiencia \u00f3ptima, se recomienda realizarla con la compa\u00f1\u00eda de un gu\u00eda.<\/p>\n<h2><span id=\"dificultad-de-la-via-ferrata-sorrosal\">Dificultad de la v\u00eda ferrata Sorrosal<\/span><\/h2>\n<p>La clasificaci\u00f3n de dificultad para la v\u00eda ferrata Sorrosal se establece en <strong>K3<\/strong>, seg\u00fan la escala de escalada que va de K1 (m\u00e1s f\u00e1cil) a K6 (m\u00e1s dif\u00edcil), situ\u00e1ndola en un nivel intermedio. Aunque no se requiere experiencia previa en ferratas para enfrentarse a ella, es fundamental no padecer de v\u00e9rtigo. Esta ruta est\u00e1 recomendada para un amplio espectro de participantes. El factor que puede contribuir a mayores dificultades a los participantes de esta ruta puede aparecer en el desaf\u00edo mental que suponen ciertos tramos, como la escalera.<\/p>\n<h3><span id=\"requisitos-para-el-recorrido-de-la-via-ferrata-del-sorrosal-en-broto\">Requisitos para el recorrido de la v\u00eda ferrata del Sorrosal en Broto<\/span><\/h3>\n<ul>\n<li>No recomendado para personas que hayan cumplido 70 a\u00f1os.<\/li>\n<li>No adecuado para ni\u00f1os menores de 12 a\u00f1os.<\/li>\n<li>Inadecuado para aquellos que sufren de mal de altura.<\/li>\n<li>No es conveniente para individuos con fobia a las alturas.<\/li>\n<\/ul>\n<h2><span id=\"materiel-necessaire\">Mat\u00e9riel n\u00e9cessaire<\/span><\/h2>\n<p>Lors de la <a href=\"https:\/\/www.civitatis.com\/fr\/torla-ordesa\/via-ferrata-sorrosal\/?aid=104483&amp;cmp=FR_ordesa_sorrosal\" target=\"_blank\" rel=\"noopener noreferrer nofollow\"><strong>r\u00e9servation de l&#8217;excursion<\/strong><\/a> pour parcourir la via ferrata du Sorrosal, un harnais \u00e9quip\u00e9 d&#8217;un absorbeur d&#8217;\u00e9nergie et de mousquetons sp\u00e9cifiques pour les via ferratas est fourni, garantissant la s\u00e9curit\u00e9 en cas de chute. Un casque, des gants et une assurance sont \u00e9galement fournis. Il est recommand\u00e9 d&#8217;apporter de l&#8217;eau et une collation.<\/p>\n<p>En plus de ce qui a \u00e9t\u00e9 indiqu\u00e9, il est \u00e9galement recommand\u00e9 de porter des chaussures adapt\u00e9es aux sentiers de randonn\u00e9e en montagne, telles que des bottes avec semelles en caoutchouc et bonne adh\u00e9rence, qui \u00e9vitent les glissades et offrent une protection contre les chocs et les entorses sur des terrains irr\u00e9guliers.<\/p>\n<h2><span id=\"prix-de-la-via-ferrata-du-sorrosal\">Prix de la via ferrata du Sorrosal<\/span><\/h2>\n<p>Le prix de la via ferrata du Sorrosal est d&#8217;environ 50\u20ac. Ce prix inclut l&#8217;acc\u00e8s et l&#8217;utilisation de tout l&#8217;\u00e9quipement n\u00e9cessaire pour l&#8217;activit\u00e9. Vous pouvez <a href=\"https:\/\/www.civitatis.com\/fr\/torla-ordesa\/via-ferrata-sorrosal\/?aid=104483&amp;cmp=FR_ordesa_sorrosal\" target=\"_blank\" rel=\"noopener noreferrer nofollow\"><strong>consulter les co\u00fbts et les d\u00e9tails ici<\/strong><\/a>.<\/p>\n<div style=\"text-align: center;\"><script>function loadScript(url, callback){var script=document.createElement('script'); script.type='text\/javascript'; if (script.readyState){script.onreadystatechange=function(){if (script.readyState=='loaded' || script.readyState=='complete'){script.onreadystatechange=null; callback();}};}else{script.onload=function(){callback();};}script.src=url; document.getElementsByTagName('head')[0].appendChild(script);}loadScript('https:\/\/www.civitatis.com\/f\/js\/vendor\/iframeResizer.min.js', function(){iFrameResize({checkOrigin:false,initCallback:function(iframe){setTimeout(function(){var resizeEvent = window.document.createEvent('UIEvents'); resizeEvent.initUIEvent('resize', true, false, window, 0); iframe.dispatchEvent(resizeEvent);});}})})<\/script><iframe class=\"civitatis-iframe\" style=\"max-width: 100%;\" src=\"https:\/\/www.civitatis.com\/widget-activities\/?affiliated=104483&amp;display=cosy&amp;cant=6&amp;lang=es&amp;currency=EUR&amp;activities=123312&amp;transfer=0&amp;cmp=Widget_ES_Ordesa_Sorrosal&amp;width=100%&amp;hideButton=0&amp;centerContent=1&amp;typeSelection=manual&amp;color=3f892a&amp;typography=Montserrat&amp;removeBackground=1&amp;showShadow=1&amp;roundedButtons=1\" width=\"100%\" frameborder=\"0\" data-maxwidth=\"100%\"><\/iframe><\/div>\n","protected":false},"excerpt":{"rendered":"<p>La v\u00eda ferrata de Sorrosal se situe au seuil du Parc National d&#8217;Ordesa et du Mont Perdu, \u00e0 Broto, dans la province de Huesca, en Espagne. Elle est facilement accessible \u00e0 pied depuis le&#46;&#46;&#46;<\/p>\n","protected":false},"author":2,"featured_media":2525,"parent":0,"menu_order":0,"comment_status":"closed","ping_status":"closed","template":"","meta":[],"yoast_head":"<!-- This site is optimized with the Yoast SEO plugin v20.1 - https:\/\/yoast.com\/wordpress\/plugins\/seo\/ -->\n<title>Via ferrata du Sorrosal \u00e0 Broto, Torla et Ordesa : Difficult\u00e9, prix et d\u00e9tails<\/title>\n<meta name=\"description\" content=\"La via ferrata du Sorrosal \u00e0 Broto est une exp\u00e9rience unique : avec la cascade du Sorrosal, d&#039;une difficult\u00e9 de niveau K3 et offrant des vues uniques. D\u00e9tails, prix et comment la r\u00e9aliser.\" \/>\n<meta name=\"robots\" content=\"index, follow, max-snippet:-1, max-image-preview:large, max-video-preview:-1\" \/>\n<link rel=\"canonical\" href=\"https:\/\/www.ordesamonteperdido.com\/fr\/via-ferrata-sorrosal\/\" \/>\n<meta property=\"og:locale\" content=\"fr_FR\" \/>\n<meta property=\"og:type\" content=\"article\" \/>\n<meta property=\"og:title\" content=\"Via ferrata du Sorrosal \u00e0 Broto, Torla et Ordesa : Difficult\u00e9, prix et d\u00e9tails\" \/>\n<meta property=\"og:description\" content=\"La via ferrata du Sorrosal \u00e0 Broto est une exp\u00e9rience unique : avec la cascade du Sorrosal, d&#039;une difficult\u00e9 de niveau K3 et offrant des vues uniques. D\u00e9tails, prix et comment la r\u00e9aliser.\" \/>\n<meta property=\"og:url\" content=\"https:\/\/www.ordesamonteperdido.com\/fr\/via-ferrata-sorrosal\/\" \/>\n<meta property=\"og:site_name\" content=\"Ordesa et Monte Perdu\" \/>\n<meta property=\"article:modified_time\" content=\"2024-08-30T13:22:06+00:00\" \/>\n<meta property=\"og:image\" content=\"https:\/\/www.ordesamonteperdido.com\/fr\/wp-content\/uploads\/via-ferrata-del-sorrosal.jpg\" \/>\n\t<meta property=\"og:image:width\" content=\"1600\" \/>\n\t<meta property=\"og:image:height\" content=\"964\" \/>\n\t<meta property=\"og:image:type\" content=\"image\/jpeg\" \/>\n<meta name=\"twitter:card\" content=\"summary_large_image\" \/>\n<meta name=\"twitter:label1\" content=\"Tiempo de lectura\" \/>\n\t<meta name=\"twitter:data1\" content=\"6 minutos\" \/>\n<script type=\"application\/ld+json\" class=\"yoast-schema-graph\">{\"@context\":\"https:\/\/schema.org\",\"@graph\":[{\"@type\":\"WebPage\",\"@id\":\"https:\/\/www.ordesamonteperdido.com\/fr\/via-ferrata-sorrosal\/\",\"url\":\"https:\/\/www.ordesamonteperdido.com\/fr\/via-ferrata-sorrosal\/\",\"name\":\"Via ferrata du Sorrosal \u00e0 Broto, Torla et Ordesa : Difficult\u00e9, prix et d\u00e9tails\",\"isPartOf\":{\"@id\":\"https:\/\/www.ordesamonteperdido.com\/fr\/#website\"},\"datePublished\":\"2024-03-05T12:46:06+00:00\",\"dateModified\":\"2024-08-30T13:22:06+00:00\",\"description\":\"La via ferrata du Sorrosal \u00e0 Broto est une exp\u00e9rience unique : avec la cascade du Sorrosal, d'une difficult\u00e9 de niveau K3 et offrant des vues uniques. D\u00e9tails, prix et comment la r\u00e9aliser.\",\"breadcrumb\":{\"@id\":\"https:\/\/www.ordesamonteperdido.com\/fr\/via-ferrata-sorrosal\/#breadcrumb\"},\"inLanguage\":\"fr\",\"potentialAction\":[{\"@type\":\"ReadAction\",\"target\":[\"https:\/\/www.ordesamonteperdido.com\/fr\/via-ferrata-sorrosal\/\"]}]},{\"@type\":\"BreadcrumbList\",\"@id\":\"https:\/\/www.ordesamonteperdido.com\/fr\/via-ferrata-sorrosal\/#breadcrumb\",\"itemListElement\":[{\"@type\":\"ListItem\",\"position\":1,\"name\":\"Portada\",\"item\":\"https:\/\/www.ordesamonteperdido.com\/fr\/\"},{\"@type\":\"ListItem\",\"position\":2,\"name\":\"Via ferrata du Sorrosal \u00e0 Broto, Torla et Ordesa\"}]},{\"@type\":\"WebSite\",\"@id\":\"https:\/\/www.ordesamonteperdido.com\/fr\/#website\",\"url\":\"https:\/\/www.ordesamonteperdido.com\/fr\/\",\"name\":\"Ordesa et Monte Perdu\",\"description\":\"Tourisme, h\u00e9bergement, itin\u00e9raires et guides.\",\"publisher\":{\"@id\":\"https:\/\/www.ordesamonteperdido.com\/fr\/#organization\"},\"potentialAction\":[{\"@type\":\"SearchAction\",\"target\":{\"@type\":\"EntryPoint\",\"urlTemplate\":\"https:\/\/www.ordesamonteperdido.com\/fr\/?s={search_term_string}\"},\"query-input\":\"required name=search_term_string\"}],\"inLanguage\":\"fr\"},{\"@type\":\"Organization\",\"@id\":\"https:\/\/www.ordesamonteperdido.com\/fr\/#organization\",\"name\":\"Ordesa et Monte Perdu\",\"url\":\"https:\/\/www.ordesamonteperdido.com\/fr\/\",\"logo\":{\"@type\":\"ImageObject\",\"inLanguage\":\"fr\",\"@id\":\"https:\/\/www.ordesamonteperdido.com\/fr\/#\/schema\/logo\/image\/\",\"url\":\"https:\/\/www.ordesamonteperdido.com\/fr\/wp-content\/uploads\/ordesamonteperdido-logo.png\",\"contentUrl\":\"https:\/\/www.ordesamonteperdido.com\/fr\/wp-content\/uploads\/ordesamonteperdido-logo.png\",\"width\":567,\"height\":69,\"caption\":\"Ordesa et Monte Perdu\"},\"image\":{\"@id\":\"https:\/\/www.ordesamonteperdido.com\/fr\/#\/schema\/logo\/image\/\"}}]}<\/script>\n<!-- \/ Yoast SEO plugin. -->","yoast_head_json":{"title":"Via ferrata du Sorrosal \u00e0 Broto, Torla et Ordesa : Difficult\u00e9, prix et d\u00e9tails","description":"La via ferrata du Sorrosal \u00e0 Broto est une exp\u00e9rience unique : avec la cascade du Sorrosal, d'une difficult\u00e9 de niveau K3 et offrant des vues uniques. D\u00e9tails, prix et comment la r\u00e9aliser.","robots":{"index":"index","follow":"follow","max-snippet":"max-snippet:-1","max-image-preview":"max-image-preview:large","max-video-preview":"max-video-preview:-1"},"canonical":"https:\/\/www.ordesamonteperdido.com\/fr\/via-ferrata-sorrosal\/","og_locale":"fr_FR","og_type":"article","og_title":"Via ferrata du Sorrosal \u00e0 Broto, Torla et Ordesa : Difficult\u00e9, prix et d\u00e9tails","og_description":"La via ferrata du Sorrosal \u00e0 Broto est une exp\u00e9rience unique : avec la cascade du Sorrosal, d'une difficult\u00e9 de niveau K3 et offrant des vues uniques. D\u00e9tails, prix et comment la r\u00e9aliser.","og_url":"https:\/\/www.ordesamonteperdido.com\/fr\/via-ferrata-sorrosal\/","og_site_name":"Ordesa et Monte Perdu","article_modified_time":"2024-08-30T13:22:06+00:00","og_image":[{"width":1600,"height":964,"url":"https:\/\/www.ordesamonteperdido.com\/fr\/wp-content\/uploads\/via-ferrata-del-sorrosal.jpg","type":"image\/jpeg"}],"twitter_card":"summary_large_image","twitter_misc":{"Tiempo de lectura":"6 minutos"},"schema":{"@context":"https:\/\/schema.org","@graph":[{"@type":"WebPage","@id":"https:\/\/www.ordesamonteperdido.com\/fr\/via-ferrata-sorrosal\/","url":"https:\/\/www.ordesamonteperdido.com\/fr\/via-ferrata-sorrosal\/","name":"Via ferrata du Sorrosal \u00e0 Broto, Torla et Ordesa : Difficult\u00e9, prix et d\u00e9tails","isPartOf":{"@id":"https:\/\/www.ordesamonteperdido.com\/fr\/#website"},"datePublished":"2024-03-05T12:46:06+00:00","dateModified":"2024-08-30T13:22:06+00:00","description":"La via ferrata du Sorrosal \u00e0 Broto est une exp\u00e9rience unique : avec la cascade du Sorrosal, d'une difficult\u00e9 de niveau K3 et offrant des vues uniques. D\u00e9tails, prix et comment la r\u00e9aliser.","breadcrumb":{"@id":"https:\/\/www.ordesamonteperdido.com\/fr\/via-ferrata-sorrosal\/#breadcrumb"},"inLanguage":"fr","potentialAction":[{"@type":"ReadAction","target":["https:\/\/www.ordesamonteperdido.com\/fr\/via-ferrata-sorrosal\/"]}]},{"@type":"BreadcrumbList","@id":"https:\/\/www.ordesamonteperdido.com\/fr\/via-ferrata-sorrosal\/#breadcrumb","itemListElement":[{"@type":"ListItem","position":1,"name":"Portada","item":"https:\/\/www.ordesamonteperdido.com\/fr\/"},{"@type":"ListItem","position":2,"name":"Via ferrata du Sorrosal \u00e0 Broto, Torla et Ordesa"}]},{"@type":"WebSite","@id":"https:\/\/www.ordesamonteperdido.com\/fr\/#website","url":"https:\/\/www.ordesamonteperdido.com\/fr\/","name":"Ordesa et Monte Perdu","description":"Tourisme, h\u00e9bergement, itin\u00e9raires et guides.","publisher":{"@id":"https:\/\/www.ordesamonteperdido.com\/fr\/#organization"},"potentialAction":[{"@type":"SearchAction","target":{"@type":"EntryPoint","urlTemplate":"https:\/\/www.ordesamonteperdido.com\/fr\/?s={search_term_string}"},"query-input":"required name=search_term_string"}],"inLanguage":"fr"},{"@type":"Organization","@id":"https:\/\/www.ordesamonteperdido.com\/fr\/#organization","name":"Ordesa et Monte Perdu","url":"https:\/\/www.ordesamonteperdido.com\/fr\/","logo":{"@type":"ImageObject","inLanguage":"fr","@id":"https:\/\/www.ordesamonteperdido.com\/fr\/#\/schema\/logo\/image\/","url":"https:\/\/www.ordesamonteperdido.com\/fr\/wp-content\/uploads\/ordesamonteperdido-logo.png","contentUrl":"https:\/\/www.ordesamonteperdido.com\/fr\/wp-content\/uploads\/ordesamonteperdido-logo.png","width":567,"height":69,"caption":"Ordesa et Monte Perdu"},"image":{"@id":"https:\/\/www.ordesamonteperdido.com\/fr\/#\/schema\/logo\/image\/"}}]}},"_links":{"self":[{"href":"https:\/\/www.ordesamonteperdido.com\/fr\/wp-json\/wp\/v2\/pages\/2518"}],"collection":[{"href":"https:\/\/www.ordesamonteperdido.com\/fr\/wp-json\/wp\/v2\/pages"}],"about":[{"href":"https:\/\/www.ordesamonteperdido.com\/fr\/wp-json\/wp\/v2\/types\/page"}],"author":[{"embeddable":true,"href":"https:\/\/www.ordesamonteperdido.com\/fr\/wp-json\/wp\/v2\/users\/2"}],"replies":[{"embeddable":true,"href":"https:\/\/www.ordesamonteperdido.com\/fr\/wp-json\/wp\/v2\/comments?post=2518"}],"version-history":[{"count":0,"href":"https:\/\/www.ordesamonteperdido.com\/fr\/wp-json\/wp\/v2\/pages\/2518\/revisions"}],"wp:featuredmedia":[{"embeddable":true,"href":"https:\/\/www.ordesamonteperdido.com\/fr\/wp-json\/wp\/v2\/media\/2525"}],"wp:attachment":[{"href":"https:\/\/www.ordesamonteperdido.com\/fr\/wp-json\/wp\/v2\/media?parent=2518"}],"curies":[{"name":"wp","href":"https:\/\/api.w.org\/{rel}","templated":true}]}}