{"id":904,"date":"2023-05-04T12:17:53","date_gmt":"2023-05-04T10:17:53","guid":{"rendered":"https:\/\/www.ordesamonteperdido.com\/fr\/?page_id=904"},"modified":"2024-08-30T14:29:47","modified_gmt":"2024-08-30T12:29:47","slug":"carte","status":"publish","type":"page","link":"https:\/\/www.ordesamonteperdido.com\/fr\/carte\/","title":{"rendered":"Carte du Parc national d&#8217;Ordesa et du Mont Perdu"},"content":{"rendered":"<div id=\"toc_container\" class=\"toc_white no_bullets\"><p class=\"toc_title\">Sommaire<\/p><ul class=\"toc_list\"><li><a href=\"#carte-de-localisation-d8217ordesa-et-du-mont-perdu\"><span class=\"toc_number toc_depth_1\">1<\/span> Carte de localisation d&#8217;Ordesa et du Mont Perdu<\/a><ul><li><a href=\"#emplacement-geographique\"><span class=\"toc_number toc_depth_2\">1.1<\/span> Emplacement g\u00e9ographique<\/a><\/li><li><a href=\"#provinces-et-municipalites-avoisinantes\"><span class=\"toc_number toc_depth_2\">1.2<\/span> Provinces et municipalit\u00e9s avoisinantes<\/a><\/li><\/ul><\/li><li><a href=\"#comment-se-rendre-au-parc-national-d8217ordesa-et-du-mont-perdu\"><span class=\"toc_number toc_depth_1\">2<\/span> Comment se rendre au Parc National d&#8217;Ordesa et du Mont Perdu<\/a><ul><li><a href=\"#transport-en-voiture\"><span class=\"toc_number toc_depth_2\">2.1<\/span> Transport en voiture<\/a><ul><li><a href=\"#itineraires-et-routes-principales\"><span class=\"toc_number toc_depth_3\">2.1.1<\/span> Itin\u00e9raires et routes principales<\/a><\/li><li><a href=\"#stationnement\"><span class=\"toc_number toc_depth_3\">2.1.2<\/span> Stationnement<\/a><\/li><li><a href=\"#tarifs-de-stationnement\"><span class=\"toc_number toc_depth_3\">2.1.3<\/span> Tarifs de stationnement<\/a><\/li><\/ul><\/li><li><a href=\"#transport-en-commun\"><span class=\"toc_number toc_depth_2\">2.2<\/span> Transport en commun<\/a><ul><li><a href=\"#bus\"><span class=\"toc_number toc_depth_3\">2.2.1<\/span> Bus<\/a><\/li><li><a href=\"#train\"><span class=\"toc_number toc_depth_3\">2.2.2<\/span> Train<\/a><\/li><\/ul><\/li><li><a href=\"#autres-options-de-transport\"><span class=\"toc_number toc_depth_2\">2.3<\/span> Autres options de transport<\/a><\/li><\/ul><\/li><li><a href=\"#zones-et-points-d8217interet-dans-le-parc\"><span class=\"toc_number toc_depth_1\">3<\/span> Zones et points d&#8217;int\u00e9r\u00eat dans le parc<\/a><ul><li><a href=\"#vallee-dordesa\"><span class=\"toc_number toc_depth_2\">3.1<\/span> Vall\u00e9e d'Ordesa<\/a><\/li><li><a href=\"#canyon-danisclo\"><span class=\"toc_number toc_depth_2\">3.2<\/span> Canyon d'A\u00f1isclo<\/a><\/li><li><a href=\"#vallee-de-pineta\"><span class=\"toc_number toc_depth_2\">3.3<\/span> Vall\u00e9e de Pineta<\/a><\/li><li><a href=\"#gorges-descuain\"><span class=\"toc_number toc_depth_2\">3.4<\/span> Gorges d'Escua\u00edn<\/a><\/li><li><a href=\"#mont-perdu\"><span class=\"toc_number toc_depth_2\">3.5<\/span> Mont Perdu<\/a><\/li><li><a href=\"#vallee-de-bujaruelo\"><span class=\"toc_number toc_depth_2\">3.6<\/span> Vall\u00e9e de Bujaruelo<\/a><\/li><\/ul><\/li><\/ul><\/div>\n\n<p>Le <a href=\"https:\/\/www.ordesamonteperdido.com\/fr\/parc-national\/\">Parc National d&#8217;Ordesa et du Mont Perdu<\/a> est l&#8217;une des zones prot\u00e9g\u00e9es les plus embl\u00e9matiques d&#8217;Espagne, reconnue pour son paysage spectaculaire, sa biodiversit\u00e9 et sa richesse g\u00e9ologique. <a href=\"https:\/\/www.ordesamonteperdido.com\/fr\/wp-content\/uploads\/carte-du-parc-national-ordesa-et-mont-perdu.jpg\" target=\"_blank\" rel=\"noopener\"><strong>Nous fournissons la carte<\/strong><\/a> et un guide d\u00e9taill\u00e9 pour explorer et profiter de cette merveilleuse destination, aidant les visiteurs \u00e0 planifier leur voyage, \u00e0 trouver des informations sur sa <strong>localisation<\/strong>, et \u00e0 conna\u00eetre les diff\u00e9rentes <strong>options de transport disponibles pour acc\u00e9der au parc<\/strong>.<\/p>\n<h2><span id=\"carte-de-localisation-d8217ordesa-et-du-mont-perdu\">Carte de localisation d&#8217;Ordesa et du Mont Perdu<\/span><\/h2>\n<p><a href=\"https:\/\/www.ordesamonteperdido.com\/fr\/wp-content\/uploads\/carte-du-parc-national-ordesa-et-mont-perdu.jpg\" target=\"_blank\" rel=\"noopener\"><img class=\"aligncenter wp-image-2276 size-full\" src=\"https:\/\/www.ordesamonteperdido.com\/fr\/wp-content\/uploads\/carte-du-parc-national-ordesa-et-mont-perdu.jpg\" alt=\"Carte du Parc national d'Ordesa et du Mont Perdu\" width=\"1134\" height=\"758\" srcset=\"https:\/\/www.ordesamonteperdido.com\/fr\/wp-content\/uploads\/carte-du-parc-national-ordesa-et-mont-perdu.jpg 1134w, https:\/\/www.ordesamonteperdido.com\/fr\/wp-content\/uploads\/carte-du-parc-national-ordesa-et-mont-perdu-336x225.jpg 336w, https:\/\/www.ordesamonteperdido.com\/fr\/wp-content\/uploads\/carte-du-parc-national-ordesa-et-mont-perdu-1024x684.jpg 1024w, https:\/\/www.ordesamonteperdido.com\/fr\/wp-content\/uploads\/carte-du-parc-national-ordesa-et-mont-perdu-768x513.jpg 768w\" sizes=\"(max-width: 1134px) 100vw, 1134px\" \/><\/a><\/p>\n<h3><span id=\"emplacement-geographique\">Emplacement g\u00e9ographique<\/span><\/h3>\n<p>Le Parc National d&#8217;Ordesa et du Mont Perdu se trouve dans la <strong>cha\u00eene des Pyr\u00e9n\u00e9es<\/strong>, dans la <strong>province de Huesca<\/strong>, dans la <strong>communaut\u00e9 autonome d&#8217;Aragon<\/strong>, en <strong>Espagne<\/strong>. Le parc s&#8217;\u00e9tend sur une superficie d&#8217;environ 156 km\u00b2 et est situ\u00e9 sur le versant sud des Pyr\u00e9n\u00e9es, abritant le massif calcaire du Mont Perdu, qui atteint une altitude de 3 355 m\u00e8tres.<\/p>\n<h3><span id=\"provinces-et-municipalites-avoisinantes\">Provinces et municipalit\u00e9s avoisinantes<\/span><\/h3>\n<p>Le parc est entour\u00e9 de diverses localit\u00e9s aragonaises telles que Torla-Ordesa, Broto, Tella-Sin et Bielsa. Ces villages offrent des h\u00e9bergements, des services et des points d&#8217;information touristique pour les visiteurs souhaitant explorer le Parc National d&#8217;Ordesa et du Mont Perdu.<\/p>\n<h2><span id=\"comment-se-rendre-au-parc-national-d8217ordesa-et-du-mont-perdu\">Comment se rendre au Parc National d&#8217;Ordesa et du Mont Perdu<\/span><\/h2>\n<p>Il existe diff\u00e9rents moyens et modes de transport pour visiter le Parc d&#8217;Ordesa et du Mont Perdu, avec une bonne accessibilit\u00e9 jusqu&#8217;\u00e0 son entr\u00e9e. Vous pouvez vous d\u00e9placer en voiture, en transport en commun, en train, ou m\u00eame en empruntant les sentiers de randonn\u00e9e \u00e0 pied ou en v\u00e9lo. Ci-dessous, nous exposons les diff\u00e9rentes fa\u00e7ons d&#8217;acc\u00e9der \u00e0 l&#8217;un des meilleurs parcs nationaux espagnols.<\/p>\n<h3><span id=\"transport-en-voiture\">Transport en voiture<\/span><\/h3>\n<h4><span id=\"itineraires-et-routes-principales\">Itin\u00e9raires et routes principales<\/span><\/h4>\n<p>Pour vous rendre au parc en voiture <strong>depuis la ville de Huesca<\/strong>, vous devez prendre la route N-260 vers le nord, en passant par Sabi\u00f1\u00e1nigo et Biescas. Ensuite, prenez la route A-135 en direction de Torla-Ordesa, o\u00f9 se trouve l&#8217;entr\u00e9e principale du parc.<\/p>\n<h4><span id=\"stationnement\">Stationnement<\/span><\/h4>\n<p>Les voitures, les autocars, les motos et les v\u00e9los disposent d&#8217;un parking situ\u00e9 \u00e0 Torla, d&#8217;une capacit\u00e9 de 386 voitures et 17 autocars.<br \/>\n<img class=\"aligncenter size-full wp-image-2278\" src=\"https:\/\/www.ordesamonteperdido.com\/fr\/wp-content\/uploads\/carte-parking-parc-national-ordesa.jpg\" alt=\"Carte parking Parc National d'Ordesa\" width=\"1200\" height=\"800\" srcset=\"https:\/\/www.ordesamonteperdido.com\/fr\/wp-content\/uploads\/carte-parking-parc-national-ordesa.jpg 1200w, https:\/\/www.ordesamonteperdido.com\/fr\/wp-content\/uploads\/carte-parking-parc-national-ordesa-336x224.jpg 336w, https:\/\/www.ordesamonteperdido.com\/fr\/wp-content\/uploads\/carte-parking-parc-national-ordesa-1024x683.jpg 1024w, https:\/\/www.ordesamonteperdido.com\/fr\/wp-content\/uploads\/carte-parking-parc-national-ordesa-768x512.jpg 768w\" sizes=\"(max-width: 1200px) 100vw, 1200px\" \/><\/p>\n<h4><span id=\"tarifs-de-stationnement\">Tarifs de stationnement<\/span><\/h4>\n<ul>\n<li>Gratuit de 20h00 \u00e0 09h00.<\/li>\n<li>Voitures et motos: 0,6 \u20ac\/heure. \u00c0 partir de 24 heures de stationnement, une r\u00e9duction de 20 % sera appliqu\u00e9e sur le total.<\/li>\n<li>Autocars: 1,50 \u20ac\/heure. \u00c0 partir de 24 heures de stationnement, une r\u00e9duction de 20 % sera appliqu\u00e9e sur le total.<\/li>\n<li>Pendant la p\u00e9riode de non-fonctionnement du service de bus, le parking est gratuit 24 heures sur 24.<\/li>\n<\/ul>\n<h3><span id=\"transport-en-commun\">Transport en commun<\/span><\/h3>\n<h4><span id=\"bus\">Bus<\/span><\/h4>\n<p>Pendant la haute saison, il existe un service de <strong>bus reliant les localit\u00e9s voisines<\/strong> de Torla-Ordesa et Broto au parc. Ce service est une excellente option pour ceux qui pr\u00e9f\u00e8rent \u00e9viter d&#8217;utiliser la voiture et profiter d&#8217;une exp\u00e9rience plus durable.<\/p>\n<h4><span id=\"train\">Train<\/span><\/h4>\n<p>Bien qu&#8217;il n&#8217;y ait pas de gare directement dans le parc, la ligne de <strong>train de Zaragoza \u00e0 Canfranc<\/strong> fait des arr\u00eats \u00e0 Huesca et Sabi\u00f1\u00e1nigo, d&#8217;o\u00f9 vous pouvez prendre un bus ou louer une voiture pour vous rendre au parc.<\/p>\n<h3><span id=\"autres-options-de-transport\">Autres options de transport<\/span><\/h3>\n<p>Il est \u00e9galement possible de se rendre au Parc National d&#8217;Ordesa et du Mont Perdu <strong>en v\u00e9lo ou \u00e0 pied<\/strong>, en suivant des itin\u00e9raires de randonn\u00e9e et de cyclisme \u00e0 travers les paysages spectaculaires des Pyr\u00e9n\u00e9es. Cependant, il est important de noter que certains de ces itin\u00e9raires peuvent \u00eatre exigeants et n\u00e9cessiter un bon niveau de condition physique et une exp\u00e9rience en montagne.<\/p>\n<h2><span id=\"zones-et-points-d8217interet-dans-le-parc\">Zones et points d&#8217;int\u00e9r\u00eat dans le parc<\/span><\/h2>\n<div class=\"display-posts-listing image-top\"><div class=\"listing-item\"><a class=\"image\" href=\"https:\/\/www.ordesamonteperdido.com\/fr\/vallee-d-ordesa\/\"><img width=\"1024\" height=\"530\" src=\"https:\/\/www.ordesamonteperdido.com\/fr\/wp-content\/uploads\/vallee-d-ordesa-1024x530.jpg\" class=\"attachment-large size-large wp-post-image\" alt=\"Vall\u00e9e d&#039;ordesa\" loading=\"lazy\" srcset=\"https:\/\/www.ordesamonteperdido.com\/fr\/wp-content\/uploads\/vallee-d-ordesa-1024x530.jpg 1024w, https:\/\/www.ordesamonteperdido.com\/fr\/wp-content\/uploads\/vallee-d-ordesa-336x174.jpg 336w, https:\/\/www.ordesamonteperdido.com\/fr\/wp-content\/uploads\/vallee-d-ordesa-768x397.jpg 768w, https:\/\/www.ordesamonteperdido.com\/fr\/wp-content\/uploads\/vallee-d-ordesa.jpg 1200w\" sizes=\"(max-width: 1024px) 100vw, 1024px\" \/><\/a> <h3><span id=\"vallee-dordesa\"><a class=\"title\" href=\"https:\/\/www.ordesamonteperdido.com\/fr\/vallee-d-ordesa\/\">Vall\u00e9e d'Ordesa<\/a><\/span><\/h3><\/div><div class=\"listing-item\"><a class=\"image\" href=\"https:\/\/www.ordesamonteperdido.com\/fr\/canyon-d-anisclo\/\"><img width=\"1024\" height=\"685\" src=\"https:\/\/www.ordesamonteperdido.com\/fr\/wp-content\/uploads\/canyon-d-anisclo-1024x685.jpg\" class=\"attachment-large size-large wp-post-image\" alt=\"Canyon d&#039;A\u00f1isclo\" loading=\"lazy\" srcset=\"https:\/\/www.ordesamonteperdido.com\/fr\/wp-content\/uploads\/canyon-d-anisclo-1024x685.jpg 1024w, https:\/\/www.ordesamonteperdido.com\/fr\/wp-content\/uploads\/canyon-d-anisclo-336x225.jpg 336w, https:\/\/www.ordesamonteperdido.com\/fr\/wp-content\/uploads\/canyon-d-anisclo-768x514.jpg 768w, https:\/\/www.ordesamonteperdido.com\/fr\/wp-content\/uploads\/canyon-d-anisclo.jpg 1200w\" sizes=\"(max-width: 1024px) 100vw, 1024px\" \/><\/a> <h3><span id=\"canyon-danisclo\"><a class=\"title\" href=\"https:\/\/www.ordesamonteperdido.com\/fr\/canyon-d-anisclo\/\">Canyon d'A\u00f1isclo<\/a><\/span><\/h3><\/div><div class=\"listing-item\"><a class=\"image\" href=\"https:\/\/www.ordesamonteperdido.com\/fr\/vallee-de-pineta\/\"><img width=\"1024\" height=\"768\" src=\"https:\/\/www.ordesamonteperdido.com\/fr\/wp-content\/uploads\/vallee-de-pineta-ordesa-1024x768.jpg\" class=\"attachment-large size-large wp-post-image\" alt=\"Vall\u00e9e de Pineta, Ordesa, Espagne\" loading=\"lazy\" srcset=\"https:\/\/www.ordesamonteperdido.com\/fr\/wp-content\/uploads\/vallee-de-pineta-ordesa-1024x768.jpg 1024w, https:\/\/www.ordesamonteperdido.com\/fr\/wp-content\/uploads\/vallee-de-pineta-ordesa-336x252.jpg 336w, https:\/\/www.ordesamonteperdido.com\/fr\/wp-content\/uploads\/vallee-de-pineta-ordesa-768x576.jpg 768w, https:\/\/www.ordesamonteperdido.com\/fr\/wp-content\/uploads\/vallee-de-pineta-ordesa.jpg 1200w\" sizes=\"(max-width: 1024px) 100vw, 1024px\" \/><\/a> <h3><span id=\"vallee-de-pineta\"><a class=\"title\" href=\"https:\/\/www.ordesamonteperdido.com\/fr\/vallee-de-pineta\/\">Vall\u00e9e de Pineta<\/a><\/span><\/h3><\/div><div class=\"listing-item\"><a class=\"image\" href=\"https:\/\/www.ordesamonteperdido.com\/fr\/gorges-d-escuain\/\"><img width=\"1024\" height=\"530\" src=\"https:\/\/www.ordesamonteperdido.com\/fr\/wp-content\/uploads\/gorges-d-escuain-1024x530.jpg\" class=\"attachment-large size-large wp-post-image\" alt=\"Gorges d&#039;Escua\u00edn \u00e0 Ordesa et Monte Perdido, Espagne\" loading=\"lazy\" srcset=\"https:\/\/www.ordesamonteperdido.com\/fr\/wp-content\/uploads\/gorges-d-escuain-1024x530.jpg 1024w, https:\/\/www.ordesamonteperdido.com\/fr\/wp-content\/uploads\/gorges-d-escuain-336x174.jpg 336w, https:\/\/www.ordesamonteperdido.com\/fr\/wp-content\/uploads\/gorges-d-escuain-768x397.jpg 768w, https:\/\/www.ordesamonteperdido.com\/fr\/wp-content\/uploads\/gorges-d-escuain.jpg 1200w\" sizes=\"(max-width: 1024px) 100vw, 1024px\" \/><\/a> <h3><span id=\"gorges-descuain\"><a class=\"title\" href=\"https:\/\/www.ordesamonteperdido.com\/fr\/gorges-d-escuain\/\">Gorges d'Escua\u00edn<\/a><\/span><\/h3><\/div><div class=\"listing-item\"><a class=\"image\" href=\"https:\/\/www.ordesamonteperdido.com\/fr\/mont-perdu\/\"><img width=\"1024\" height=\"530\" src=\"https:\/\/www.ordesamonteperdido.com\/fr\/wp-content\/uploads\/mont-perdu-ordesa-huesca-1024x530.jpg\" class=\"attachment-large size-large wp-post-image\" alt=\"Mont Perdu, Ordesa, Huesca\" loading=\"lazy\" srcset=\"https:\/\/www.ordesamonteperdido.com\/fr\/wp-content\/uploads\/mont-perdu-ordesa-huesca-1024x530.jpg 1024w, https:\/\/www.ordesamonteperdido.com\/fr\/wp-content\/uploads\/mont-perdu-ordesa-huesca-336x174.jpg 336w, https:\/\/www.ordesamonteperdido.com\/fr\/wp-content\/uploads\/mont-perdu-ordesa-huesca-768x397.jpg 768w, https:\/\/www.ordesamonteperdido.com\/fr\/wp-content\/uploads\/mont-perdu-ordesa-huesca.jpg 1200w\" sizes=\"(max-width: 1024px) 100vw, 1024px\" \/><\/a> <h3><span id=\"mont-perdu\"><a class=\"title\" href=\"https:\/\/www.ordesamonteperdido.com\/fr\/mont-perdu\/\">Mont Perdu<\/a><\/span><\/h3><\/div><div class=\"listing-item\"><a class=\"image\" href=\"https:\/\/www.ordesamonteperdido.com\/fr\/vallee-de-bujaruelo\/\"><img width=\"1024\" height=\"683\" src=\"https:\/\/www.ordesamonteperdido.com\/fr\/wp-content\/uploads\/vallee-de-bujaruelo-1024x683.jpg\" class=\"attachment-large size-large wp-post-image\" alt=\"Vall\u00e9e de Bujaruelo\" loading=\"lazy\" srcset=\"https:\/\/www.ordesamonteperdido.com\/fr\/wp-content\/uploads\/vallee-de-bujaruelo-1024x683.jpg 1024w, https:\/\/www.ordesamonteperdido.com\/fr\/wp-content\/uploads\/vallee-de-bujaruelo-336x224.jpg 336w, https:\/\/www.ordesamonteperdido.com\/fr\/wp-content\/uploads\/vallee-de-bujaruelo-768x512.jpg 768w, https:\/\/www.ordesamonteperdido.com\/fr\/wp-content\/uploads\/vallee-de-bujaruelo.jpg 1200w\" sizes=\"(max-width: 1024px) 100vw, 1024px\" \/><\/a> <h3><span id=\"vallee-de-bujaruelo\"><a class=\"title\" href=\"https:\/\/www.ordesamonteperdido.com\/fr\/vallee-de-bujaruelo\/\">Vall\u00e9e de Bujaruelo<\/a><\/span><\/h3><\/div><\/div>\n","protected":false},"excerpt":{"rendered":"<p>Le Parc National d&#8217;Ordesa et du Mont Perdu est l&#8217;une des zones prot\u00e9g\u00e9es les plus embl\u00e9matiques d&#8217;Espagne, reconnue pour son paysage spectaculaire, sa biodiversit\u00e9 et sa richesse g\u00e9ologique. Nous fournissons la carte et un&#46;&#46;&#46;<\/p>\n","protected":false},"author":2,"featured_media":2276,"parent":0,"menu_order":0,"comment_status":"closed","ping_status":"closed","template":"","meta":[],"yoast_head":"<!-- This site is optimized with the Yoast SEO plugin v20.1 - https:\/\/yoast.com\/wordpress\/plugins\/seo\/ -->\n<title>Carte du Parc national d&#039;Ordesa et du Mont Perdu<\/title>\n<meta name=\"description\" content=\"Le Parc National d&#039;Ordesa et du Mont Perdu est l&#039;une des zones prot\u00e9g\u00e9es les plus embl\u00e9matiques d&#039;Espagne, reconnue pour son paysage spectaculaire, sa\" \/>\n<meta name=\"robots\" content=\"index, follow, max-snippet:-1, max-image-preview:large, max-video-preview:-1\" \/>\n<link rel=\"canonical\" href=\"https:\/\/www.ordesamonteperdido.com\/fr\/carte\/\" \/>\n<meta property=\"og:locale\" content=\"fr_FR\" \/>\n<meta property=\"og:type\" content=\"article\" \/>\n<meta property=\"og:title\" content=\"Carte du Parc national d&#039;Ordesa et du Mont Perdu\" \/>\n<meta property=\"og:description\" content=\"Le Parc National d&#039;Ordesa et du Mont Perdu est l&#039;une des zones prot\u00e9g\u00e9es les plus embl\u00e9matiques d&#039;Espagne, reconnue pour son paysage spectaculaire, sa\" \/>\n<meta property=\"og:url\" content=\"https:\/\/www.ordesamonteperdido.com\/fr\/carte\/\" \/>\n<meta property=\"og:site_name\" content=\"Ordesa et Monte Perdu\" \/>\n<meta property=\"article:modified_time\" content=\"2024-08-30T12:29:47+00:00\" \/>\n<meta property=\"og:image\" content=\"https:\/\/www.ordesamonteperdido.com\/fr\/wp-content\/uploads\/carte-du-parc-national-ordesa-et-mont-perdu.jpg\" \/>\n\t<meta property=\"og:image:width\" content=\"1134\" \/>\n\t<meta property=\"og:image:height\" content=\"758\" \/>\n\t<meta property=\"og:image:type\" content=\"image\/jpeg\" \/>\n<meta name=\"twitter:card\" content=\"summary_large_image\" \/>\n<meta name=\"twitter:label1\" content=\"Tiempo de lectura\" \/>\n\t<meta name=\"twitter:data1\" content=\"4 minutos\" \/>\n<script type=\"application\/ld+json\" class=\"yoast-schema-graph\">{\"@context\":\"https:\/\/schema.org\",\"@graph\":[{\"@type\":\"WebPage\",\"@id\":\"https:\/\/www.ordesamonteperdido.com\/fr\/carte\/\",\"url\":\"https:\/\/www.ordesamonteperdido.com\/fr\/carte\/\",\"name\":\"Carte du Parc national d'Ordesa et du Mont Perdu\",\"isPartOf\":{\"@id\":\"https:\/\/www.ordesamonteperdido.com\/fr\/#website\"},\"datePublished\":\"2023-05-04T10:17:53+00:00\",\"dateModified\":\"2024-08-30T12:29:47+00:00\",\"description\":\"Le Parc National d'Ordesa et du Mont Perdu est l'une des zones prot\u00e9g\u00e9es les plus embl\u00e9matiques d'Espagne, reconnue pour son paysage spectaculaire, sa\",\"breadcrumb\":{\"@id\":\"https:\/\/www.ordesamonteperdido.com\/fr\/carte\/#breadcrumb\"},\"inLanguage\":\"fr\",\"potentialAction\":[{\"@type\":\"ReadAction\",\"target\":[\"https:\/\/www.ordesamonteperdido.com\/fr\/carte\/\"]}]},{\"@type\":\"BreadcrumbList\",\"@id\":\"https:\/\/www.ordesamonteperdido.com\/fr\/carte\/#breadcrumb\",\"itemListElement\":[{\"@type\":\"ListItem\",\"position\":1,\"name\":\"Portada\",\"item\":\"https:\/\/www.ordesamonteperdido.com\/fr\/\"},{\"@type\":\"ListItem\",\"position\":2,\"name\":\"Carte du Parc national d&#8217;Ordesa et du Mont Perdu\"}]},{\"@type\":\"WebSite\",\"@id\":\"https:\/\/www.ordesamonteperdido.com\/fr\/#website\",\"url\":\"https:\/\/www.ordesamonteperdido.com\/fr\/\",\"name\":\"Ordesa et Monte Perdu\",\"description\":\"Tourisme, h\u00e9bergement, itin\u00e9raires et guides.\",\"publisher\":{\"@id\":\"https:\/\/www.ordesamonteperdido.com\/fr\/#organization\"},\"potentialAction\":[{\"@type\":\"SearchAction\",\"target\":{\"@type\":\"EntryPoint\",\"urlTemplate\":\"https:\/\/www.ordesamonteperdido.com\/fr\/?s={search_term_string}\"},\"query-input\":\"required name=search_term_string\"}],\"inLanguage\":\"fr\"},{\"@type\":\"Organization\",\"@id\":\"https:\/\/www.ordesamonteperdido.com\/fr\/#organization\",\"name\":\"Ordesa et Monte Perdu\",\"url\":\"https:\/\/www.ordesamonteperdido.com\/fr\/\",\"logo\":{\"@type\":\"ImageObject\",\"inLanguage\":\"fr\",\"@id\":\"https:\/\/www.ordesamonteperdido.com\/fr\/#\/schema\/logo\/image\/\",\"url\":\"https:\/\/www.ordesamonteperdido.com\/fr\/wp-content\/uploads\/ordesamonteperdido-logo.png\",\"contentUrl\":\"https:\/\/www.ordesamonteperdido.com\/fr\/wp-content\/uploads\/ordesamonteperdido-logo.png\",\"width\":567,\"height\":69,\"caption\":\"Ordesa et Monte Perdu\"},\"image\":{\"@id\":\"https:\/\/www.ordesamonteperdido.com\/fr\/#\/schema\/logo\/image\/\"}}]}<\/script>\n<!-- \/ Yoast SEO plugin. -->","yoast_head_json":{"title":"Carte du Parc national d'Ordesa et du Mont Perdu","description":"Le Parc National d'Ordesa et du Mont Perdu est l'une des zones prot\u00e9g\u00e9es les plus embl\u00e9matiques d'Espagne, reconnue pour son paysage spectaculaire, sa","robots":{"index":"index","follow":"follow","max-snippet":"max-snippet:-1","max-image-preview":"max-image-preview:large","max-video-preview":"max-video-preview:-1"},"canonical":"https:\/\/www.ordesamonteperdido.com\/fr\/carte\/","og_locale":"fr_FR","og_type":"article","og_title":"Carte du Parc national d'Ordesa et du Mont Perdu","og_description":"Le Parc National d'Ordesa et du Mont Perdu est l'une des zones prot\u00e9g\u00e9es les plus embl\u00e9matiques d'Espagne, reconnue pour son paysage spectaculaire, sa","og_url":"https:\/\/www.ordesamonteperdido.com\/fr\/carte\/","og_site_name":"Ordesa et Monte Perdu","article_modified_time":"2024-08-30T12:29:47+00:00","og_image":[{"width":1134,"height":758,"url":"https:\/\/www.ordesamonteperdido.com\/fr\/wp-content\/uploads\/carte-du-parc-national-ordesa-et-mont-perdu.jpg","type":"image\/jpeg"}],"twitter_card":"summary_large_image","twitter_misc":{"Tiempo de lectura":"4 minutos"},"schema":{"@context":"https:\/\/schema.org","@graph":[{"@type":"WebPage","@id":"https:\/\/www.ordesamonteperdido.com\/fr\/carte\/","url":"https:\/\/www.ordesamonteperdido.com\/fr\/carte\/","name":"Carte du Parc national d'Ordesa et du Mont Perdu","isPartOf":{"@id":"https:\/\/www.ordesamonteperdido.com\/fr\/#website"},"datePublished":"2023-05-04T10:17:53+00:00","dateModified":"2024-08-30T12:29:47+00:00","description":"Le Parc National d'Ordesa et du Mont Perdu est l'une des zones prot\u00e9g\u00e9es les plus embl\u00e9matiques d'Espagne, reconnue pour son paysage spectaculaire, sa","breadcrumb":{"@id":"https:\/\/www.ordesamonteperdido.com\/fr\/carte\/#breadcrumb"},"inLanguage":"fr","potentialAction":[{"@type":"ReadAction","target":["https:\/\/www.ordesamonteperdido.com\/fr\/carte\/"]}]},{"@type":"BreadcrumbList","@id":"https:\/\/www.ordesamonteperdido.com\/fr\/carte\/#breadcrumb","itemListElement":[{"@type":"ListItem","position":1,"name":"Portada","item":"https:\/\/www.ordesamonteperdido.com\/fr\/"},{"@type":"ListItem","position":2,"name":"Carte du Parc national d&#8217;Ordesa et du Mont Perdu"}]},{"@type":"WebSite","@id":"https:\/\/www.ordesamonteperdido.com\/fr\/#website","url":"https:\/\/www.ordesamonteperdido.com\/fr\/","name":"Ordesa et Monte Perdu","description":"Tourisme, h\u00e9bergement, itin\u00e9raires et guides.","publisher":{"@id":"https:\/\/www.ordesamonteperdido.com\/fr\/#organization"},"potentialAction":[{"@type":"SearchAction","target":{"@type":"EntryPoint","urlTemplate":"https:\/\/www.ordesamonteperdido.com\/fr\/?s={search_term_string}"},"query-input":"required name=search_term_string"}],"inLanguage":"fr"},{"@type":"Organization","@id":"https:\/\/www.ordesamonteperdido.com\/fr\/#organization","name":"Ordesa et Monte Perdu","url":"https:\/\/www.ordesamonteperdido.com\/fr\/","logo":{"@type":"ImageObject","inLanguage":"fr","@id":"https:\/\/www.ordesamonteperdido.com\/fr\/#\/schema\/logo\/image\/","url":"https:\/\/www.ordesamonteperdido.com\/fr\/wp-content\/uploads\/ordesamonteperdido-logo.png","contentUrl":"https:\/\/www.ordesamonteperdido.com\/fr\/wp-content\/uploads\/ordesamonteperdido-logo.png","width":567,"height":69,"caption":"Ordesa et Monte Perdu"},"image":{"@id":"https:\/\/www.ordesamonteperdido.com\/fr\/#\/schema\/logo\/image\/"}}]}},"_links":{"self":[{"href":"https:\/\/www.ordesamonteperdido.com\/fr\/wp-json\/wp\/v2\/pages\/904"}],"collection":[{"href":"https:\/\/www.ordesamonteperdido.com\/fr\/wp-json\/wp\/v2\/pages"}],"about":[{"href":"https:\/\/www.ordesamonteperdido.com\/fr\/wp-json\/wp\/v2\/types\/page"}],"author":[{"embeddable":true,"href":"https:\/\/www.ordesamonteperdido.com\/fr\/wp-json\/wp\/v2\/users\/2"}],"replies":[{"embeddable":true,"href":"https:\/\/www.ordesamonteperdido.com\/fr\/wp-json\/wp\/v2\/comments?post=904"}],"version-history":[{"count":0,"href":"https:\/\/www.ordesamonteperdido.com\/fr\/wp-json\/wp\/v2\/pages\/904\/revisions"}],"wp:featuredmedia":[{"embeddable":true,"href":"https:\/\/www.ordesamonteperdido.com\/fr\/wp-json\/wp\/v2\/media\/2276"}],"wp:attachment":[{"href":"https:\/\/www.ordesamonteperdido.com\/fr\/wp-json\/wp\/v2\/media?parent=904"}],"curies":[{"name":"wp","href":"https:\/\/api.w.org\/{rel}","templated":true}]}}