{"id":909,"date":"2023-05-04T12:19:39","date_gmt":"2023-05-04T10:19:39","guid":{"rendered":"https:\/\/www.ordesamonteperdido.com\/fr\/?page_id=909"},"modified":"2024-08-30T14:32:19","modified_gmt":"2024-08-30T12:32:19","slug":"bureaux-dinformation","status":"publish","type":"page","link":"https:\/\/www.ordesamonteperdido.com\/fr\/bureaux-dinformation\/","title":{"rendered":"Bureaux d&#8217;information, tourisme et num\u00e9ros de t\u00e9l\u00e9phone d&#8217;Ordesa y Monte Perdido"},"content":{"rendered":"<p><div id=\"toc_container\" class=\"toc_white no_bullets\"><p class=\"toc_title\">Sommaire<\/p><ul class=\"toc_list\"><li><a href=\"#carte-des-bureaux-d8217information-a-ordesa-y-monte-perdido\"><span class=\"toc_number toc_depth_1\">1<\/span> Carte des bureaux d&#8217;information \u00e0 Ordesa y Monte Perdido<\/a><\/li><li><a href=\"#bureaux-de-tourisme-du-parc-national-d8217ordesa-y-monte-perdido\"><span class=\"toc_number toc_depth_1\">2<\/span> Bureaux de tourisme du Parc national d&#8217;Ordesa y Monte Perdido<\/a><ul><li><a href=\"#office-d8217information-de-la-vallee-d8217ordesa\"><span class=\"toc_number toc_depth_2\">2.1<\/span> Office d&#8217;information de la vall\u00e9e d&#8217;Ordesa<\/a><ul><li><a href=\"#office-de-tourisme-de-torla\"><span class=\"toc_number toc_depth_3\">2.1.1<\/span> Office de tourisme de Torla<\/a><\/li><li><a href=\"#point-d8217information-pradera-de-ordesa\"><span class=\"toc_number toc_depth_3\">2.1.2<\/span> Point d&#8217;information Pradera de Ordesa<\/a><\/li><\/ul><\/li><li><a href=\"#bureau-d8217information-du-canyon-d8217anisclo\"><span class=\"toc_number toc_depth_2\">2.2<\/span> Bureau d&#8217;information du Canyon d&#8217;Anisclo<\/a><ul><li><a href=\"#office-de-tourisme-d8217ainsa\"><span class=\"toc_number toc_depth_3\">2.2.1<\/span> Office de tourisme d&#8217;A\u00ednsa<\/a><\/li><li><a href=\"#point-d8217information-a-escalona\"><span class=\"toc_number toc_depth_3\">2.2.2<\/span> Point d&#8217;information \u00e0 Escalona<\/a><ul><li><a href=\"#comment-se-rendre-au-point-d8217information-d8217escalona\"><span class=\"toc_number toc_depth_4\">2.2.2.1<\/span> Comment se rendre au point d&#8217;information d&#8217;Escalona<\/a><\/li><\/ul><\/li><li><a href=\"#point-d8217information-de-fanlo\"><span class=\"toc_number toc_depth_3\">2.2.3<\/span> Point d&#8217;information de Fanlo<\/a><\/li><li><a href=\"#point-d8217information-de-san-urbez\"><span class=\"toc_number toc_depth_3\">2.2.4<\/span> Point d&#8217;information de San Urbez<\/a><ul><li><a href=\"#comment-se-rendre-au-point-d8217information-de-san-urbez\"><span class=\"toc_number toc_depth_4\">2.2.4.1<\/span> Comment se rendre au point d&#8217;information de San Urbez<\/a><\/li><\/ul><\/li><\/ul><\/li><li><a href=\"#bureau-d8217information-des-gorges-d8217escuain\"><span class=\"toc_number toc_depth_2\">2.3<\/span> Bureau d&#8217;information des Gorges d&#8217;Escua\u00edn<\/a><ul><li><a href=\"#point-d8217information-d8217escuain\"><span class=\"toc_number toc_depth_3\">2.3.1<\/span> Point d&#8217;information d&#8217;Escua\u00edn<\/a><\/li><li><a href=\"#centre-d8217accueil-de-tella\"><span class=\"toc_number toc_depth_3\">2.3.2<\/span> Centre d&#8217;accueil de Tella<\/a><\/li><\/ul><\/li><li><a href=\"#bureau-d8217information-de-la-vallee-de-pineta\"><span class=\"toc_number toc_depth_2\">2.4<\/span> Bureau d&#8217;information de la Vall\u00e9e de Pineta<\/a><ul><li><a href=\"#office-de-tourisme-de-bielsa\"><span class=\"toc_number toc_depth_3\">2.4.1<\/span> Office de tourisme de Bielsa<\/a><\/li><li><a href=\"#point-d8217information-de-pineta\"><span class=\"toc_number toc_depth_3\">2.4.2<\/span> Point d&#8217;information de Pineta<\/a><\/li><\/ul><\/li><\/ul><\/li><li><a href=\"#autres-points-d8217information-et-numeros-utiles-pour-les-voyageurs\"><span class=\"toc_number toc_depth_1\">3<\/span> Autres points d&#8217;information et num\u00e9ros utiles pour les voyageurs<\/a><\/li><\/ul><\/div>\n<br \/>\nBienvenue dans la r\u00e9gion <strong>majestueuse<\/strong> d&#8217;Ordesa y Monte Perdido, un paradis naturel situ\u00e9 au c\u0153ur des Pyr\u00e9n\u00e9es. Cette zone prot\u00e9g\u00e9e, d\u00e9clar\u00e9e <strong>Parc national<\/strong> et <strong>Patrimoine mondial de l&#8217;UNESCO<\/strong>, offre aux visiteurs une exp\u00e9rience unique et inoubliable, avec des paysages spectaculaires et une grande diversit\u00e9 de flore et de faune.<\/p>\n<h2><span id=\"carte-des-bureaux-d8217information-a-ordesa-y-monte-perdido\">Carte des bureaux d&#8217;information \u00e0 Ordesa y Monte Perdido<\/span><\/h2>\n<p>Pour rendre votre visite encore plus enrichissante, il est essentiel de disposer des informations appropri\u00e9es et \u00e0 jour. C&#8217;est pourquoi nous mettons \u00e0 votre disposition les <strong>Bureaux d&#8217;Information et de Tourisme<\/strong> de la r\u00e9gion, o\u00f9 vous pourrez trouver des cartes, des brochures, des conseils d&#8217;experts et des recommandations personnalis\u00e9es.<\/p>\n<p><img src=\"https:\/\/www.ordesamonteperdido.com\/fr\/wp-content\/uploads\/bureaux-information-tourisme-et-numeros-telephone-ordesa-monte-perdido.jpg\" alt=\"Bureaux d&#039;information, tourisme et num\u00e9ros de t\u00e9l\u00e9phone d&#039;Ordesa y Monte Perdido\" width=\"1134\" height=\"758\" class=\"aligncenter size-full wp-image-2282\" srcset=\"https:\/\/www.ordesamonteperdido.com\/fr\/wp-content\/uploads\/bureaux-information-tourisme-et-numeros-telephone-ordesa-monte-perdido.jpg 1134w, https:\/\/www.ordesamonteperdido.com\/fr\/wp-content\/uploads\/bureaux-information-tourisme-et-numeros-telephone-ordesa-monte-perdido-336x225.jpg 336w, https:\/\/www.ordesamonteperdido.com\/fr\/wp-content\/uploads\/bureaux-information-tourisme-et-numeros-telephone-ordesa-monte-perdido-1024x684.jpg 1024w, https:\/\/www.ordesamonteperdido.com\/fr\/wp-content\/uploads\/bureaux-information-tourisme-et-numeros-telephone-ordesa-monte-perdido-768x513.jpg 768w\" sizes=\"(max-width: 1134px) 100vw, 1134px\" \/><\/p>\n<h2><span id=\"bureaux-de-tourisme-du-parc-national-d8217ordesa-y-monte-perdido\">Bureaux de tourisme du Parc national d&#8217;Ordesa y Monte Perdido<\/span><\/h2>\n<h3><span id=\"office-d8217information-de-la-vallee-d8217ordesa\">Office d&#8217;information de la vall\u00e9e d&#8217;Ordesa<\/span><\/h3>\n<section class=\"lstborder\">\n<h4><span id=\"office-de-tourisme-de-torla\">Office de tourisme de Torla<\/span><\/h4>\n<ul>\n<li><strong>Adresse<\/strong>: Avda. Ordesa s\/n. 22376. Torla.<\/li>\n<li><strong>Horaires<\/strong>: De 09h00 \u00e0 14h00 et de 16h15 \u00e0 19h00 tous les jours. En \u00e9t\u00e9, du 1er juillet au 15 septembre, de 09h00 \u00e0 13h30 et \u00e0 partir de 16h00.<\/li>\n<li><strong>T\u00e9l\u00e9phone de contact<\/strong>: 974 48 64 72.<\/li>\n<\/ul>\n<\/section>\n<section class=\"lstborder\">\n<h4><span id=\"point-d8217information-pradera-de-ordesa\">Point d&#8217;information Pradera de Ordesa<\/span><\/h4>\n<ul>\n<li><strong>Adresse<\/strong>: Pradera de Ordesa.<\/li>\n<li><strong>Horaires<\/strong>: Du 29 juin au 15 septembre, de 09h00 \u00e0 14h00 et de 16h15 \u00e0 19h00.<\/li>\n<\/ul>\n<\/section>\n<hr \/>\n<h3><span id=\"bureau-d8217information-du-canyon-d8217anisclo\">Bureau d&#8217;information du Canyon d&#8217;Anisclo<\/span><\/h3>\n<section class=\"lstborder\">\n<h4><span id=\"office-de-tourisme-d8217ainsa\">Office de tourisme d&#8217;A\u00ednsa<\/span><\/h4>\n<ul>\n<li><strong>Adresse<\/strong>: Avda. Ordesa, 5, A\u00ednsa, Huesca, 22330.<\/li>\n<li><strong>Horaires<\/strong>: Ouvert toute l&#8217;ann\u00e9e. Du lundi au samedi de 10h00 \u00e0 14h00.<\/li>\n<li><strong>T\u00e9l\u00e9phone de contact<\/strong>: 974 50 07 67<\/li>\n<\/ul>\n<\/section>\n<section class=\"lstborder\">\n<h4><span id=\"point-d8217information-a-escalona\">Point d&#8217;information \u00e0 Escalona<\/span><\/h4>\n<ul>\n<li><strong>Adresse<\/strong>: \u00e0 l&#8217;entr\u00e9e du village en venant d&#8217;A\u00ednsa, \u00e0 gauche \u00e0 c\u00f4t\u00e9 du bureau de poste et de l&#8217;arr\u00eat de bus. B\u00e2timent Portal de A\u00f1isclo n\u00ba 9, Escalona.<\/li>\n<li><strong>Horaires en semaine<\/strong>: ouvert tous les jours de 9h00 \u00e0 14h00.<\/li>\n<li><strong>Horaires les week-ends et jours f\u00e9ri\u00e9s<\/strong>: de 9h00 \u00e0 14h00 et de 16h15 \u00e0 19h00.<\/li>\n<li><strong>T\u00e9l\u00e9phone de contact<\/strong>: 974 50 51 31.<\/li>\n<\/ul>\n<\/section>\n<h5><span id=\"comment-se-rendre-au-point-d8217information-d8217escalona\">Comment se rendre au point d&#8217;information d&#8217;Escalona<\/span><\/h5>\n<p><iframe style=\"border: 0;\" src=\"https:\/\/www.google.com\/maps\/embed?pb=!1m18!1m12!1m3!1d1470.8396623038986!2d0.14273065700323395!3d42.498369642765!2m3!1f0!2f0!3f0!3m2!1i1024!2i768!4f13.1!3m3!1m2!1s0x12a7fcce96c0286d%3A0x5a7718c263f136e1!2s22363%20Escalona%2C%20Huesca!5e0!3m2!1ses!2ses!4v1683291119904!5m2!1ses!2ses\" width=\"100%\" height=\"450\" allowfullscreen=\"allowfullscreen\"><\/iframe><\/p>\n<section class=\"lstborder\">\n<h4><span id=\"point-d8217information-de-fanlo\">Point d&#8217;information de Fanlo<\/span><\/h4>\n<ul>\n<li><strong>Adresse<\/strong>: Calle la Iglesia, s\/n. 22375 Fanlo.<\/li>\n<li><strong>T\u00e9l\u00e9phone<\/strong>: 974 94 81 50.<\/li>\n<li><strong>Horaires du mercredi au dimanche<\/strong>: de 9h00 \u00e0 14h00 et de 16h15 \u00e0 19h00 (ouvert du 28 juin au 03 septembre).<\/li>\n<li><strong>T\u00e9l\u00e9phone de contact<\/strong>: 974 94 81 50.<\/li>\n<\/ul>\n<\/section>\n<section class=\"lstborder\">\n<h4><span id=\"point-d8217information-de-san-urbez\">Point d&#8217;information de San Urbez<\/span><\/h4>\n<ul>\n<li><strong>Adresse<\/strong>: Parking San Urbez (Ca\u00f1\u00f3n de A\u00f1isclo).<\/li>\n<li><strong>T\u00e9l\u00e9phone<\/strong>: 974 94 81 50.<\/li>\n<li><strong>Horaires d&#8217;ouverture<\/strong>: de 9h00 \u00e0 14h00.<\/li>\n<li><strong>Horaires d&#8217;\u00e9t\u00e9<\/strong>: de 8h00 \u00e0 18h00 (du 01 juin au 30 septembre).<\/li>\n<\/ul>\n<\/section>\n<p>Le Point d&#8217;information de San Urbez est situ\u00e9 sur le parking de San Urbez, \u00e0 l&#8217;entr\u00e9e du Ca\u00f1\u00f3n de A\u00f1isclo. \u00c0 partir de ce point, partent certaines des randonn\u00e9es les plus populaires du parc, ce qui en fait un lieu cl\u00e9 pour les visiteurs souhaitant explorer la r\u00e9gion.<br \/>\nLes touristes peuvent obtenir des informations utiles pour leur visite du parc. Des cartes actualis\u00e9es de la r\u00e9gion sont disponibles, ainsi que des d\u00e9tails sur les services disponibles et les diff\u00e9rents itin\u00e9raires et sentiers \u00e0 explorer. Il est \u00e9galement possible de recevoir des conseils personnalis\u00e9s sur les activit\u00e9s et les sites d&#8217;int\u00e9r\u00eat, ce qui fait du Point d&#8217;information un arr\u00eat essentiel pour les visiteurs du parc.<\/p>\n<h5><span id=\"comment-se-rendre-au-point-d8217information-de-san-urbez\">Comment se rendre au point d&#8217;information de San Urbez<\/span><\/h5>\n<p><iframe style=\"border: 0;\" src=\"https:\/\/www.google.com\/maps\/embed?pb=!1m18!1m12!1m3!1d1469.4167127758385!2d0.04898585696578195!3d42.55882979276376!2m3!1f0!2f0!3f0!3m2!1i1024!2i768!4f13.1!3m3!1m2!1s0x12a8009a37a25565%3A0x68d8f5e9cacd995e!2sAparcamiento%20de%20San%20Urbez!5e0!3m2!1ses!2ses!4v1683290893749!5m2!1ses!2ses\" width=\"100%\" height=\"450\" allowfullscreen=\"allowfullscreen\"><\/iframe><\/p>\n<hr \/>\n<h3><span id=\"bureau-d8217information-des-gorges-d8217escuain\">Bureau d&#8217;information des Gorges d&#8217;Escua\u00edn<\/span><\/h3>\n<section class=\"lstborder\">\n<h4><span id=\"point-d8217information-d8217escuain\">Point d&#8217;information d&#8217;Escua\u00edn<\/span><\/h4>\n<ul>\n<li><strong>Adresse<\/strong>: Calle \u00danica s\/n. 22362 Escua\u00edn.<\/li>\n<li><strong>Horaires<\/strong>: Tous les jours de 9h00 \u00e0 14h30 et de 15h00 \u00e0 19h00. Ferm\u00e9 \u00e0 partir du 14 octobre.<\/li>\n<\/ul>\n<\/section>\n<section class=\"lstborder\">\n<h4><span id=\"centre-d8217accueil-de-tella\">Centre d&#8217;accueil de Tella<\/span><\/h4>\n<ul>\n<li><strong>Adresse<\/strong>: Calle La Iglesia s\/n. 22364 Tella.<\/li>\n<li><strong>Horaires<\/strong>: Les week-ends de 9h00 \u00e0 14h00 et de 15h15 \u00e0 18h00.<\/li>\n<li><strong>T\u00e9l\u00e9phone de contact<\/strong>: 974 34 66 77.<\/li>\n<\/ul>\n<\/section>\n<hr \/>\n<h3><span id=\"bureau-d8217information-de-la-vallee-de-pineta\">Bureau d&#8217;information de la Vall\u00e9e de Pineta<\/span><\/h3>\n<section class=\"lstborder\">\n<h4><span id=\"office-de-tourisme-de-bielsa\">Office de tourisme de Bielsa<\/span><\/h4>\n<ul>\n<li><strong>Adresse<\/strong>: Plaza Mayor, s\/n, 22350 Bielsa, Huesca.<\/li>\n<li><strong>Horaires<\/strong>: Du lundi au vendredi de 09h00 \u00e0 14h00, les week-ends de 09h00 \u00e0 14h00 et de 15h00 \u00e0 18h00.<\/li>\n<li><strong>T\u00e9l\u00e9phone de contact<\/strong>: 974 5010 43.<\/li>\n<\/ul>\n<\/section>\n<section class=\"lstborder\">\n<h4><span id=\"point-d8217information-de-pineta\">Point d&#8217;information de Pineta<\/span><\/h4>\n<ul>\n<li><strong>Adresse<\/strong>: Au bout de la route d&#8217;acc\u00e8s \u00e0 la vall\u00e9e de Pineta, sur la rive droite de la rivi\u00e8re Cinca pr\u00e8s du Parador Nacional et du parking.<\/li>\n<li><strong>Horaires<\/strong>: Ouvert pendant la Semaine Sainte et du d\u00e9but juin \u00e0 mi-octobre. Les horaires sont de 09h00 \u00e0 14h00 et de 16h00 \u00e0 19h00.<\/li>\n<\/ul>\n<\/section>\n<hr \/>\n<h2><span id=\"autres-points-d8217information-et-numeros-utiles-pour-les-voyageurs\">Autres points d&#8217;information et num\u00e9ros utiles pour les voyageurs<\/span><\/h2>\n<p>En cas d&#8217;urgence ou pour toute demande d&#8217;information suppl\u00e9mentaire, n&#8217;h\u00e9sitez pas \u00e0 contacter les num\u00e9ros suivants pour obtenir une assistance publique:<\/p>\n<section class=\"lstborder\">\n<ul>\n<li><strong>Office de tourisme d&#8217;Ordesa et du Mont Perdu<\/strong>: 974 50 51 31.<\/li>\n<li><strong>Garde civile &#8211; Service de montagne<\/strong>: 974 36 13 54.<\/li>\n<li><strong>Centre des visiteurs<\/strong>: <span>974 48 64 72.<\/span><\/li>\n<\/ul>\n<\/section>\n<p>Nous esp\u00e9rons que vous profiterez pleinement de votre aventure \u00e0 <strong><a href=\"https:\/\/www.ordesamonteperdido.com\/fr\/\">Ordesa et au Mont Perdu<\/a><\/strong> et que ces ressources vous seront d&#8217;une grande aide. Bonnes randonn\u00e9es et explorations!<\/p>\n","protected":false},"excerpt":{"rendered":"<p>Bienvenue dans la r\u00e9gion majestueuse d&#8217;Ordesa y Monte Perdido, un paradis naturel situ\u00e9 au c\u0153ur des Pyr\u00e9n\u00e9es. Cette zone prot\u00e9g\u00e9e, d\u00e9clar\u00e9e Parc national et Patrimoine mondial de l&#8217;UNESCO, offre aux visiteurs une exp\u00e9rience unique&#46;&#46;&#46;<\/p>\n","protected":false},"author":2,"featured_media":2285,"parent":0,"menu_order":0,"comment_status":"closed","ping_status":"closed","template":"","meta":[],"yoast_head":"<!-- This site is optimized with the Yoast SEO plugin v20.1 - https:\/\/yoast.com\/wordpress\/plugins\/seo\/ -->\n<title>Bureaux d&#039;information, de tourisme et num\u00e9ros de t\u00e9l\u00e9phone d&#039;Ordesa et du Mont Perdu<\/title>\n<meta name=\"description\" content=\"Bienvenue dans la r\u00e9gion majestueuse d&#039;Ordesa y Monte Perdido, un paradis naturel situ\u00e9 au c\u0153ur des Pyr\u00e9n\u00e9es. Cette zone prot\u00e9g\u00e9e, d\u00e9clar\u00e9e Parc national\" \/>\n<meta name=\"robots\" content=\"index, follow, max-snippet:-1, max-image-preview:large, max-video-preview:-1\" \/>\n<link rel=\"canonical\" href=\"https:\/\/www.ordesamonteperdido.com\/fr\/bureaux-dinformation\/\" \/>\n<meta property=\"og:locale\" content=\"fr_FR\" \/>\n<meta property=\"og:type\" content=\"article\" \/>\n<meta property=\"og:title\" content=\"Bureaux d&#039;information, de tourisme et num\u00e9ros de t\u00e9l\u00e9phone d&#039;Ordesa et du Mont Perdu\" \/>\n<meta property=\"og:description\" content=\"Bienvenue dans la r\u00e9gion majestueuse d&#039;Ordesa y Monte Perdido, un paradis naturel situ\u00e9 au c\u0153ur des Pyr\u00e9n\u00e9es. Cette zone prot\u00e9g\u00e9e, d\u00e9clar\u00e9e Parc national\" \/>\n<meta property=\"og:url\" content=\"https:\/\/www.ordesamonteperdido.com\/fr\/bureaux-dinformation\/\" \/>\n<meta property=\"og:site_name\" content=\"Ordesa et Monte Perdu\" \/>\n<meta property=\"article:modified_time\" content=\"2024-08-30T12:32:19+00:00\" \/>\n<meta property=\"og:image\" content=\"https:\/\/www.ordesamonteperdido.com\/fr\/wp-content\/uploads\/bureaux-information-touristique-ordesa.jpg\" \/>\n\t<meta property=\"og:image:width\" content=\"1200\" \/>\n\t<meta property=\"og:image:height\" content=\"621\" \/>\n\t<meta property=\"og:image:type\" content=\"image\/jpeg\" \/>\n<meta name=\"twitter:card\" content=\"summary_large_image\" \/>\n<meta name=\"twitter:label1\" content=\"Tiempo de lectura\" \/>\n\t<meta name=\"twitter:data1\" content=\"4 minutos\" \/>\n<script type=\"application\/ld+json\" class=\"yoast-schema-graph\">{\"@context\":\"https:\/\/schema.org\",\"@graph\":[{\"@type\":\"WebPage\",\"@id\":\"https:\/\/www.ordesamonteperdido.com\/fr\/bureaux-dinformation\/\",\"url\":\"https:\/\/www.ordesamonteperdido.com\/fr\/bureaux-dinformation\/\",\"name\":\"Bureaux d'information, de tourisme et num\u00e9ros de t\u00e9l\u00e9phone d'Ordesa et du Mont Perdu\",\"isPartOf\":{\"@id\":\"https:\/\/www.ordesamonteperdido.com\/fr\/#website\"},\"datePublished\":\"2023-05-04T10:19:39+00:00\",\"dateModified\":\"2024-08-30T12:32:19+00:00\",\"description\":\"Bienvenue dans la r\u00e9gion majestueuse d'Ordesa y Monte Perdido, un paradis naturel situ\u00e9 au c\u0153ur des Pyr\u00e9n\u00e9es. Cette zone prot\u00e9g\u00e9e, d\u00e9clar\u00e9e Parc national\",\"breadcrumb\":{\"@id\":\"https:\/\/www.ordesamonteperdido.com\/fr\/bureaux-dinformation\/#breadcrumb\"},\"inLanguage\":\"fr\",\"potentialAction\":[{\"@type\":\"ReadAction\",\"target\":[\"https:\/\/www.ordesamonteperdido.com\/fr\/bureaux-dinformation\/\"]}]},{\"@type\":\"BreadcrumbList\",\"@id\":\"https:\/\/www.ordesamonteperdido.com\/fr\/bureaux-dinformation\/#breadcrumb\",\"itemListElement\":[{\"@type\":\"ListItem\",\"position\":1,\"name\":\"Portada\",\"item\":\"https:\/\/www.ordesamonteperdido.com\/fr\/\"},{\"@type\":\"ListItem\",\"position\":2,\"name\":\"Bureaux d&#8217;information, tourisme et num\u00e9ros de t\u00e9l\u00e9phone d&#8217;Ordesa y Monte Perdido\"}]},{\"@type\":\"WebSite\",\"@id\":\"https:\/\/www.ordesamonteperdido.com\/fr\/#website\",\"url\":\"https:\/\/www.ordesamonteperdido.com\/fr\/\",\"name\":\"Ordesa et Monte Perdu\",\"description\":\"Tourisme, h\u00e9bergement, itin\u00e9raires et guides.\",\"publisher\":{\"@id\":\"https:\/\/www.ordesamonteperdido.com\/fr\/#organization\"},\"potentialAction\":[{\"@type\":\"SearchAction\",\"target\":{\"@type\":\"EntryPoint\",\"urlTemplate\":\"https:\/\/www.ordesamonteperdido.com\/fr\/?s={search_term_string}\"},\"query-input\":\"required name=search_term_string\"}],\"inLanguage\":\"fr\"},{\"@type\":\"Organization\",\"@id\":\"https:\/\/www.ordesamonteperdido.com\/fr\/#organization\",\"name\":\"Ordesa et Monte Perdu\",\"url\":\"https:\/\/www.ordesamonteperdido.com\/fr\/\",\"logo\":{\"@type\":\"ImageObject\",\"inLanguage\":\"fr\",\"@id\":\"https:\/\/www.ordesamonteperdido.com\/fr\/#\/schema\/logo\/image\/\",\"url\":\"https:\/\/www.ordesamonteperdido.com\/fr\/wp-content\/uploads\/ordesamonteperdido-logo.png\",\"contentUrl\":\"https:\/\/www.ordesamonteperdido.com\/fr\/wp-content\/uploads\/ordesamonteperdido-logo.png\",\"width\":567,\"height\":69,\"caption\":\"Ordesa et Monte Perdu\"},\"image\":{\"@id\":\"https:\/\/www.ordesamonteperdido.com\/fr\/#\/schema\/logo\/image\/\"}}]}<\/script>\n<!-- \/ Yoast SEO plugin. -->","yoast_head_json":{"title":"Bureaux d'information, de tourisme et num\u00e9ros de t\u00e9l\u00e9phone d'Ordesa et du Mont Perdu","description":"Bienvenue dans la r\u00e9gion majestueuse d'Ordesa y Monte Perdido, un paradis naturel situ\u00e9 au c\u0153ur des Pyr\u00e9n\u00e9es. Cette zone prot\u00e9g\u00e9e, d\u00e9clar\u00e9e Parc national","robots":{"index":"index","follow":"follow","max-snippet":"max-snippet:-1","max-image-preview":"max-image-preview:large","max-video-preview":"max-video-preview:-1"},"canonical":"https:\/\/www.ordesamonteperdido.com\/fr\/bureaux-dinformation\/","og_locale":"fr_FR","og_type":"article","og_title":"Bureaux d'information, de tourisme et num\u00e9ros de t\u00e9l\u00e9phone d'Ordesa et du Mont Perdu","og_description":"Bienvenue dans la r\u00e9gion majestueuse d'Ordesa y Monte Perdido, un paradis naturel situ\u00e9 au c\u0153ur des Pyr\u00e9n\u00e9es. Cette zone prot\u00e9g\u00e9e, d\u00e9clar\u00e9e Parc national","og_url":"https:\/\/www.ordesamonteperdido.com\/fr\/bureaux-dinformation\/","og_site_name":"Ordesa et Monte Perdu","article_modified_time":"2024-08-30T12:32:19+00:00","og_image":[{"width":1200,"height":621,"url":"https:\/\/www.ordesamonteperdido.com\/fr\/wp-content\/uploads\/bureaux-information-touristique-ordesa.jpg","type":"image\/jpeg"}],"twitter_card":"summary_large_image","twitter_misc":{"Tiempo de lectura":"4 minutos"},"schema":{"@context":"https:\/\/schema.org","@graph":[{"@type":"WebPage","@id":"https:\/\/www.ordesamonteperdido.com\/fr\/bureaux-dinformation\/","url":"https:\/\/www.ordesamonteperdido.com\/fr\/bureaux-dinformation\/","name":"Bureaux d'information, de tourisme et num\u00e9ros de t\u00e9l\u00e9phone d'Ordesa et du Mont Perdu","isPartOf":{"@id":"https:\/\/www.ordesamonteperdido.com\/fr\/#website"},"datePublished":"2023-05-04T10:19:39+00:00","dateModified":"2024-08-30T12:32:19+00:00","description":"Bienvenue dans la r\u00e9gion majestueuse d'Ordesa y Monte Perdido, un paradis naturel situ\u00e9 au c\u0153ur des Pyr\u00e9n\u00e9es. Cette zone prot\u00e9g\u00e9e, d\u00e9clar\u00e9e Parc national","breadcrumb":{"@id":"https:\/\/www.ordesamonteperdido.com\/fr\/bureaux-dinformation\/#breadcrumb"},"inLanguage":"fr","potentialAction":[{"@type":"ReadAction","target":["https:\/\/www.ordesamonteperdido.com\/fr\/bureaux-dinformation\/"]}]},{"@type":"BreadcrumbList","@id":"https:\/\/www.ordesamonteperdido.com\/fr\/bureaux-dinformation\/#breadcrumb","itemListElement":[{"@type":"ListItem","position":1,"name":"Portada","item":"https:\/\/www.ordesamonteperdido.com\/fr\/"},{"@type":"ListItem","position":2,"name":"Bureaux d&#8217;information, tourisme et num\u00e9ros de t\u00e9l\u00e9phone d&#8217;Ordesa y Monte Perdido"}]},{"@type":"WebSite","@id":"https:\/\/www.ordesamonteperdido.com\/fr\/#website","url":"https:\/\/www.ordesamonteperdido.com\/fr\/","name":"Ordesa et Monte Perdu","description":"Tourisme, h\u00e9bergement, itin\u00e9raires et guides.","publisher":{"@id":"https:\/\/www.ordesamonteperdido.com\/fr\/#organization"},"potentialAction":[{"@type":"SearchAction","target":{"@type":"EntryPoint","urlTemplate":"https:\/\/www.ordesamonteperdido.com\/fr\/?s={search_term_string}"},"query-input":"required name=search_term_string"}],"inLanguage":"fr"},{"@type":"Organization","@id":"https:\/\/www.ordesamonteperdido.com\/fr\/#organization","name":"Ordesa et Monte Perdu","url":"https:\/\/www.ordesamonteperdido.com\/fr\/","logo":{"@type":"ImageObject","inLanguage":"fr","@id":"https:\/\/www.ordesamonteperdido.com\/fr\/#\/schema\/logo\/image\/","url":"https:\/\/www.ordesamonteperdido.com\/fr\/wp-content\/uploads\/ordesamonteperdido-logo.png","contentUrl":"https:\/\/www.ordesamonteperdido.com\/fr\/wp-content\/uploads\/ordesamonteperdido-logo.png","width":567,"height":69,"caption":"Ordesa et Monte Perdu"},"image":{"@id":"https:\/\/www.ordesamonteperdido.com\/fr\/#\/schema\/logo\/image\/"}}]}},"_links":{"self":[{"href":"https:\/\/www.ordesamonteperdido.com\/fr\/wp-json\/wp\/v2\/pages\/909"}],"collection":[{"href":"https:\/\/www.ordesamonteperdido.com\/fr\/wp-json\/wp\/v2\/pages"}],"about":[{"href":"https:\/\/www.ordesamonteperdido.com\/fr\/wp-json\/wp\/v2\/types\/page"}],"author":[{"embeddable":true,"href":"https:\/\/www.ordesamonteperdido.com\/fr\/wp-json\/wp\/v2\/users\/2"}],"replies":[{"embeddable":true,"href":"https:\/\/www.ordesamonteperdido.com\/fr\/wp-json\/wp\/v2\/comments?post=909"}],"version-history":[{"count":0,"href":"https:\/\/www.ordesamonteperdido.com\/fr\/wp-json\/wp\/v2\/pages\/909\/revisions"}],"wp:featuredmedia":[{"embeddable":true,"href":"https:\/\/www.ordesamonteperdido.com\/fr\/wp-json\/wp\/v2\/media\/2285"}],"wp:attachment":[{"href":"https:\/\/www.ordesamonteperdido.com\/fr\/wp-json\/wp\/v2\/media?parent=909"}],"curies":[{"name":"wp","href":"https:\/\/api.w.org\/{rel}","templated":true}]}}