{"id":915,"date":"2023-05-04T12:22:24","date_gmt":"2023-05-04T10:22:24","guid":{"rendered":"https:\/\/www.ordesamonteperdido.com\/fr\/?page_id=915"},"modified":"2024-08-30T14:54:37","modified_gmt":"2024-08-30T12:54:37","slug":"reglementation","status":"publish","type":"page","link":"https:\/\/www.ordesamonteperdido.com\/fr\/reglementation\/","title":{"rendered":"Normes du Parc national d&#8217;Ordesa et du Mont Perdu"},"content":{"rendered":"<p><strong>Le Parc national d&#8217;Ordesa et du Mont Perdu<\/strong> est l&#8217;un des espaces naturels les plus importants d&#8217;Espagne. Pour garantir sa conservation et sa pr\u00e9servation, il est n\u00e9cessaire que tous les visiteurs respectent les r\u00e8gles \u00e9tablies:<\/p>\n<h2>R\u00e8gles de visite du Parc national<\/h2>\n<p>Au sein du Parc national, les r\u00e8gles suivantes indiquent ce qui est interdit:<\/p>\n<ul>\n<li>Faire du feu.<\/li>\n<li>Camping sauvage:\n<ul>\n<li>Seul le \"bivouac\" est autoris\u00e9 \u00e0 partir des altitudes suivantes:\n<ul>\n<li>2 500 m dans le secteur d&#8217;Ordesa.<\/li>\n<li>2 550 m dans le secteur de Pineta (au-dessus du Balc\u00f3n de Pineta).<\/li>\n<li>1 800 m dans le secteur d&#8217;Escua\u00edn (La Ralla).<\/li>\n<li>1 650 m dans le secteur d&#8217;A\u00f1isclo (Fuenblanca).<\/li>\n<li>Le s\u00e9jour dans un m\u00eame secteur ne doit pas d\u00e9passer trois nuits, et les tentes et autres mat\u00e9riels utilis\u00e9s ne peuvent \u00eatre install\u00e9s que depuis 1 heure avant le coucher du soleil jusqu&#8217;\u00e0 1 heure apr\u00e8s le lever du soleil.<\/li>\n<\/ul>\n<\/li>\n<\/ul>\n<\/li>\n<li>Perturber la tranquillit\u00e9 de la nature.<\/li>\n<li>La chasse et la p\u00eache.<\/li>\n<li>Abandonner tout type de d\u00e9chets ou d&#8217;ordures.<\/li>\n<li>Laisser des chiens en libert\u00e9.<\/li>\n<li>La collecte d&#8217;animaux, de plantes, de min\u00e9raux ou de roches.<\/li>\n<li>La circulation routi\u00e8re \u00e0 certains horaires et p\u00e9riodes de l&#8217;ann\u00e9e.<\/li>\n<li>L&#8217;utilisation de v\u00e9los sur des sentiers et des chemins restreints.<\/li>\n<li>La baignade dans les rivi\u00e8res et les ibones (lacs de montagne d&#8217;origine glaciaire).<\/li>\n<li>La descente de canyons.<\/li>\n<li>La d\u00e9friche et la destruction de la roche m\u00e8re.<\/li>\n<li>Les travaux de recherche, d&#8217;exploration ou d&#8217;exploitation mini\u00e8re.<\/li>\n<li>Le d\u00e9tournement, la r\u00e9tention ou la capture des eaux de surface ou souterraines.<\/li>\n<li>L&#8217;ajout de d\u00e9tergents, de savons, de javel ou d&#8217;autres substances ou mat\u00e9riaux dans les eaux.<\/li>\n<li>L&#8217;abattage, l&#8217;arrachage, la mutilation, la destruction ou les dommages caus\u00e9s aux v\u00e9g\u00e9taux, ainsi que la cueillette ou la r\u00e9colte de leurs parties, propagules ou restes.<\/li>\n<li>L&#8217;attraction, la poursuite, la g\u00eane, les dommages, la capture ou la mort d&#8217;animaux, ainsi que la cueillette ou la r\u00e9colte de leurs propagules, restes ou d\u00e9chets li\u00e9s \u00e0 leur activit\u00e9.<\/li>\n<li>La lib\u00e9ration, le semis, la transplantation ou toute autre propagation d&#8217;esp\u00e8ces animales ou v\u00e9g\u00e9tales, qu&#8217;elles soient domestiques ou sauvages.<\/li>\n<li>L&#8217;utilisation du feu \u00e0 des fins autres que l&#8217;utilisation d&#8217;appareils de camping-gaz pour cuisiner et produire de la lumi\u00e8re li\u00e9s au camping nocturne.<\/li>\n<li>L&#8217;abandon, le d\u00e9p\u00f4t ou le jet de papiers, de bo\u00eetes, de bouteilles, de plastiques, de m\u00e9gots ou de d\u00e9chets de toute nature en dehors des endroits pr\u00e9vus \u00e0 cet effet.<\/li>\n<li>L&#8217;occupation de terrains du Parc national d&#8217;Ordesa et du Mont Perdu pour le stationnement de v\u00e9hicules, de caravanes, de remorques en dehors des parkings express\u00e9ment autoris\u00e9s, ainsi que l&#8217;installation d&#8217;abris, de parasols, de hamacs, de si\u00e8ges, de chaises, de tables et de tout autre dispositif mobile sur l&#8217;ensemble du territoire du Parc.<\/li>\n<li>La pratique d&#8217;activit\u00e9s sportives non autoris\u00e9es dans le Plan Directeur d&#8217;Utilisation et de Gestion, ou celles autoris\u00e9es sans autorisation lorsque leur obligation est \u00e9tablie, ainsi que l&#8217;organisation de comp\u00e9titions sportives.<\/li>\n<li>L&#8217;installation d&#8217;antennes, d&#8217;\u00e9crans, de dispositifs saillants ou de tout autre \u00e9l\u00e9ment portant atteinte \u00e0 l&#8217;harmonie du paysage.<\/li>\n<li>Le lancer ou la pr\u00e9cipitation de pierres ou d&#8217;autres objets, ainsi que l&#8217;utilisation d&#8217;\u00e9l\u00e9ments pouvant rester en suspension dans l&#8217;air (ballons, cerfs-volants, parapentes, deltaplanes, mod\u00e8les r\u00e9duits volants, h\u00e9lices volantes, etc.).<\/li>\n<li>Le survol de tout type d&#8217;a\u00e9ronefs \u00e0 moins de 1000 m\u00e8tres au-dessus de la verticale du terrain.<\/li>\n<li>La d\u00e9t\u00e9rioration ou la destruction de l&#8217;infrastructure propre au Parc.<\/li>\n<li>La r\u00e9alisation d&#8217;inscriptions, de signaux, de symboles ou de dessins sur le sol, les pierres, les rochers, les arbres ou les biens meubles ou immeubles du Parc.<\/li>\n<li>L&#8217;utilisation de m\u00e9gaphones, de cornes de brume ou de sifflets, ainsi que l&#8217;utilisation d&#8217;appareils de radio ou de reproduction sonore d&#8217;un volume g\u00eanant.<\/li>\n<li>L&#8217;installation de panneaux publicitaires ou toute autre forme de publicit\u00e9.<\/li>\n<li>L&#8217;exploitation de toutes les ressources naturelles du Parc, en particulier la p\u00eache et la chasse.<\/li>\n<li>Transporter hors des v\u00e9hicules tout ou partie d&#8217;armes de toute nature, d&#8217;engins ou de moyens servant \u00e0 attirer, poursuivre, effrayer, endommager, tuer ou capturer des animaux.<\/li>\n<\/ul>\n<p>Il est important de se rappeler que ces r\u00e8gles sont <strong>destin\u00e9es \u00e0 prot\u00e9ger<\/strong> le <strong><a href=\"https:\/\/www.ordesamonteperdido.com\/fr\/parc-national\/\" target=\"_blank\" rel=\"nofollow noopener\">Parc national d&#8217;Ordesa et du Mont Perdu<\/a><\/strong> et, par cons\u00e9quent, il est de la responsabilit\u00e9 de tous les visiteurs de les respecter. Profitez de la nature de mani\u00e8re responsable!<br \/>\nVous pouvez consulter le <a href=\"https:\/\/www.miteco.gob.es\/es\/red-parques-nacionales\/nuestros-parques\/ordesa\/prug-ordesa_tcm30-65577.pdf\" target=\"_blank\" rel=\"nofollow noopener\">Bulletin Officiel d&#8217;Aragon<\/a> avec le Plan Directeur d&#8217;Utilisation et de Gestion du Parc.<\/p>\n","protected":false},"excerpt":{"rendered":"<p>Le Parc national d&#8217;Ordesa et du Mont Perdu est l&#8217;un des espaces naturels les plus importants d&#8217;Espagne. Pour garantir sa conservation et sa pr\u00e9servation, il est n\u00e9cessaire que tous les visiteurs respectent les r\u00e8gles&#46;&#46;&#46;<\/p>\n","protected":false},"author":2,"featured_media":0,"parent":0,"menu_order":0,"comment_status":"closed","ping_status":"closed","template":"","meta":[],"yoast_head":"<!-- This site is optimized with the Yoast SEO plugin v20.1 - https:\/\/yoast.com\/wordpress\/plugins\/seo\/ -->\n<title>Normes du Parc national d&#039;Ordesa et du Mont Perdu<\/title>\n<meta name=\"description\" content=\"Le Parc national d&#039;Ordesa et du Mont Perdu est l&#039;un des espaces naturels les plus importants d&#039;Espagne. Pour garantir sa conservation et sa pr\u00e9servation,\" \/>\n<meta name=\"robots\" content=\"index, follow, max-snippet:-1, max-image-preview:large, max-video-preview:-1\" \/>\n<link rel=\"canonical\" href=\"https:\/\/www.ordesamonteperdido.com\/fr\/reglementation\/\" \/>\n<meta property=\"og:locale\" content=\"fr_FR\" \/>\n<meta property=\"og:type\" content=\"article\" \/>\n<meta property=\"og:title\" content=\"Normes du Parc national d&#039;Ordesa et du Mont Perdu\" \/>\n<meta property=\"og:description\" content=\"Le Parc national d&#039;Ordesa et du Mont Perdu est l&#039;un des espaces naturels les plus importants d&#039;Espagne. Pour garantir sa conservation et sa pr\u00e9servation,\" \/>\n<meta property=\"og:url\" content=\"https:\/\/www.ordesamonteperdido.com\/fr\/reglementation\/\" \/>\n<meta property=\"og:site_name\" content=\"Ordesa et Monte Perdu\" \/>\n<meta property=\"article:modified_time\" content=\"2024-08-30T12:54:37+00:00\" \/>\n<meta name=\"twitter:card\" content=\"summary_large_image\" \/>\n<meta name=\"twitter:label1\" content=\"Tiempo de lectura\" \/>\n\t<meta name=\"twitter:data1\" content=\"4 minutos\" \/>\n<script type=\"application\/ld+json\" class=\"yoast-schema-graph\">{\"@context\":\"https:\/\/schema.org\",\"@graph\":[{\"@type\":\"WebPage\",\"@id\":\"https:\/\/www.ordesamonteperdido.com\/fr\/reglementation\/\",\"url\":\"https:\/\/www.ordesamonteperdido.com\/fr\/reglementation\/\",\"name\":\"Normes du Parc national d'Ordesa et du Mont Perdu\",\"isPartOf\":{\"@id\":\"https:\/\/www.ordesamonteperdido.com\/fr\/#website\"},\"datePublished\":\"2023-05-04T10:22:24+00:00\",\"dateModified\":\"2024-08-30T12:54:37+00:00\",\"description\":\"Le Parc national d'Ordesa et du Mont Perdu est l'un des espaces naturels les plus importants d'Espagne. Pour garantir sa conservation et sa pr\u00e9servation,\",\"breadcrumb\":{\"@id\":\"https:\/\/www.ordesamonteperdido.com\/fr\/reglementation\/#breadcrumb\"},\"inLanguage\":\"fr\",\"potentialAction\":[{\"@type\":\"ReadAction\",\"target\":[\"https:\/\/www.ordesamonteperdido.com\/fr\/reglementation\/\"]}]},{\"@type\":\"BreadcrumbList\",\"@id\":\"https:\/\/www.ordesamonteperdido.com\/fr\/reglementation\/#breadcrumb\",\"itemListElement\":[{\"@type\":\"ListItem\",\"position\":1,\"name\":\"Portada\",\"item\":\"https:\/\/www.ordesamonteperdido.com\/fr\/\"},{\"@type\":\"ListItem\",\"position\":2,\"name\":\"Normes du Parc national d&#8217;Ordesa et du Mont Perdu\"}]},{\"@type\":\"WebSite\",\"@id\":\"https:\/\/www.ordesamonteperdido.com\/fr\/#website\",\"url\":\"https:\/\/www.ordesamonteperdido.com\/fr\/\",\"name\":\"Ordesa et Monte Perdu\",\"description\":\"Tourisme, h\u00e9bergement, itin\u00e9raires et guides.\",\"publisher\":{\"@id\":\"https:\/\/www.ordesamonteperdido.com\/fr\/#organization\"},\"potentialAction\":[{\"@type\":\"SearchAction\",\"target\":{\"@type\":\"EntryPoint\",\"urlTemplate\":\"https:\/\/www.ordesamonteperdido.com\/fr\/?s={search_term_string}\"},\"query-input\":\"required name=search_term_string\"}],\"inLanguage\":\"fr\"},{\"@type\":\"Organization\",\"@id\":\"https:\/\/www.ordesamonteperdido.com\/fr\/#organization\",\"name\":\"Ordesa et Monte Perdu\",\"url\":\"https:\/\/www.ordesamonteperdido.com\/fr\/\",\"logo\":{\"@type\":\"ImageObject\",\"inLanguage\":\"fr\",\"@id\":\"https:\/\/www.ordesamonteperdido.com\/fr\/#\/schema\/logo\/image\/\",\"url\":\"https:\/\/www.ordesamonteperdido.com\/fr\/wp-content\/uploads\/ordesamonteperdido-logo.png\",\"contentUrl\":\"https:\/\/www.ordesamonteperdido.com\/fr\/wp-content\/uploads\/ordesamonteperdido-logo.png\",\"width\":567,\"height\":69,\"caption\":\"Ordesa et Monte Perdu\"},\"image\":{\"@id\":\"https:\/\/www.ordesamonteperdido.com\/fr\/#\/schema\/logo\/image\/\"}}]}<\/script>\n<!-- \/ Yoast SEO plugin. -->","yoast_head_json":{"title":"Normes du Parc national d'Ordesa et du Mont Perdu","description":"Le Parc national d'Ordesa et du Mont Perdu est l'un des espaces naturels les plus importants d'Espagne. Pour garantir sa conservation et sa pr\u00e9servation,","robots":{"index":"index","follow":"follow","max-snippet":"max-snippet:-1","max-image-preview":"max-image-preview:large","max-video-preview":"max-video-preview:-1"},"canonical":"https:\/\/www.ordesamonteperdido.com\/fr\/reglementation\/","og_locale":"fr_FR","og_type":"article","og_title":"Normes du Parc national d'Ordesa et du Mont Perdu","og_description":"Le Parc national d'Ordesa et du Mont Perdu est l'un des espaces naturels les plus importants d'Espagne. Pour garantir sa conservation et sa pr\u00e9servation,","og_url":"https:\/\/www.ordesamonteperdido.com\/fr\/reglementation\/","og_site_name":"Ordesa et Monte Perdu","article_modified_time":"2024-08-30T12:54:37+00:00","twitter_card":"summary_large_image","twitter_misc":{"Tiempo de lectura":"4 minutos"},"schema":{"@context":"https:\/\/schema.org","@graph":[{"@type":"WebPage","@id":"https:\/\/www.ordesamonteperdido.com\/fr\/reglementation\/","url":"https:\/\/www.ordesamonteperdido.com\/fr\/reglementation\/","name":"Normes du Parc national d'Ordesa et du Mont Perdu","isPartOf":{"@id":"https:\/\/www.ordesamonteperdido.com\/fr\/#website"},"datePublished":"2023-05-04T10:22:24+00:00","dateModified":"2024-08-30T12:54:37+00:00","description":"Le Parc national d'Ordesa et du Mont Perdu est l'un des espaces naturels les plus importants d'Espagne. Pour garantir sa conservation et sa pr\u00e9servation,","breadcrumb":{"@id":"https:\/\/www.ordesamonteperdido.com\/fr\/reglementation\/#breadcrumb"},"inLanguage":"fr","potentialAction":[{"@type":"ReadAction","target":["https:\/\/www.ordesamonteperdido.com\/fr\/reglementation\/"]}]},{"@type":"BreadcrumbList","@id":"https:\/\/www.ordesamonteperdido.com\/fr\/reglementation\/#breadcrumb","itemListElement":[{"@type":"ListItem","position":1,"name":"Portada","item":"https:\/\/www.ordesamonteperdido.com\/fr\/"},{"@type":"ListItem","position":2,"name":"Normes du Parc national d&#8217;Ordesa et du Mont Perdu"}]},{"@type":"WebSite","@id":"https:\/\/www.ordesamonteperdido.com\/fr\/#website","url":"https:\/\/www.ordesamonteperdido.com\/fr\/","name":"Ordesa et Monte Perdu","description":"Tourisme, h\u00e9bergement, itin\u00e9raires et guides.","publisher":{"@id":"https:\/\/www.ordesamonteperdido.com\/fr\/#organization"},"potentialAction":[{"@type":"SearchAction","target":{"@type":"EntryPoint","urlTemplate":"https:\/\/www.ordesamonteperdido.com\/fr\/?s={search_term_string}"},"query-input":"required name=search_term_string"}],"inLanguage":"fr"},{"@type":"Organization","@id":"https:\/\/www.ordesamonteperdido.com\/fr\/#organization","name":"Ordesa et Monte Perdu","url":"https:\/\/www.ordesamonteperdido.com\/fr\/","logo":{"@type":"ImageObject","inLanguage":"fr","@id":"https:\/\/www.ordesamonteperdido.com\/fr\/#\/schema\/logo\/image\/","url":"https:\/\/www.ordesamonteperdido.com\/fr\/wp-content\/uploads\/ordesamonteperdido-logo.png","contentUrl":"https:\/\/www.ordesamonteperdido.com\/fr\/wp-content\/uploads\/ordesamonteperdido-logo.png","width":567,"height":69,"caption":"Ordesa et Monte Perdu"},"image":{"@id":"https:\/\/www.ordesamonteperdido.com\/fr\/#\/schema\/logo\/image\/"}}]}},"_links":{"self":[{"href":"https:\/\/www.ordesamonteperdido.com\/fr\/wp-json\/wp\/v2\/pages\/915"}],"collection":[{"href":"https:\/\/www.ordesamonteperdido.com\/fr\/wp-json\/wp\/v2\/pages"}],"about":[{"href":"https:\/\/www.ordesamonteperdido.com\/fr\/wp-json\/wp\/v2\/types\/page"}],"author":[{"embeddable":true,"href":"https:\/\/www.ordesamonteperdido.com\/fr\/wp-json\/wp\/v2\/users\/2"}],"replies":[{"embeddable":true,"href":"https:\/\/www.ordesamonteperdido.com\/fr\/wp-json\/wp\/v2\/comments?post=915"}],"version-history":[{"count":0,"href":"https:\/\/www.ordesamonteperdido.com\/fr\/wp-json\/wp\/v2\/pages\/915\/revisions"}],"wp:attachment":[{"href":"https:\/\/www.ordesamonteperdido.com\/fr\/wp-json\/wp\/v2\/media?parent=915"}],"curies":[{"name":"wp","href":"https:\/\/api.w.org\/{rel}","templated":true}]}}