{"id":957,"date":"2023-05-04T12:48:11","date_gmt":"2023-05-04T10:48:11","guid":{"rendered":"https:\/\/www.ordesamonteperdido.com\/fr\/?page_id=957"},"modified":"2024-08-31T09:41:50","modified_gmt":"2024-08-31T07:41:50","slug":"hebergements","status":"publish","type":"page","link":"https:\/\/www.ordesamonteperdido.com\/fr\/hebergements\/","title":{"rendered":"D\u00e9couvrez les meilleurs h\u00e9bergements \u00e0 Ordesa et Monte Perdido"},"content":{"rendered":"<p>Avec sa beaut\u00e9 naturelle impressionnante, le <strong>Parc national d&#8217;Ordesa et Monte Perdido<\/strong> est une destination inoubliable. Pour compl\u00e9ter votre exp\u00e9rience, nous vous pr\u00e9sentons une s\u00e9lection des <strong>meilleurs h\u00e9bergements<\/strong> qui agr\u00e9menteront votre visite avec confort, qualit\u00e9 et hospitalit\u00e9.<\/p>\n<p>Que vous pr\u00e9f\u00e9riez un chalet confortable en montagne, un h\u00f4tel de luxe avec toutes les commodit\u00e9s, une chambre d&#8217;h\u00f4tes ou la location d&#8217;une maison intime avec une vue imprenable, vous trouverez ici l&#8217;endroit parfait pour vous reposer apr\u00e8s une journ\u00e9e \u00e0 explorer la majest\u00e9 d&#8217;Ordesa.<\/p>\n<p>Avec nos recommandations, votre s\u00e9jour \u00e0 Ordesa sera aussi <strong>inoubliable<\/strong> que ses paysages. Profitez du voyage!<\/p>\n<h2>H\u00e9bergements recommand\u00e9s \u00e0 Ordesa et Monte Perdido<\/h2>\n<div class=\"display-posts-listing image-top\"><div class=\"listing-item\"><a class=\"image\" href=\"https:\/\/www.ordesamonteperdido.com\/fr\/campings\/\"><img width=\"1024\" height=\"530\" src=\"https:\/\/www.ordesamonteperdido.com\/fr\/wp-content\/uploads\/campings-ordesa-1024x530.jpg\" class=\"attachment-large size-large wp-post-image\" alt=\"Les Meilleurs Campings \u00e0 Ordesa et Monte Perdido\" loading=\"lazy\" srcset=\"https:\/\/www.ordesamonteperdido.com\/fr\/wp-content\/uploads\/campings-ordesa-1024x530.jpg 1024w, https:\/\/www.ordesamonteperdido.com\/fr\/wp-content\/uploads\/campings-ordesa-336x174.jpg 336w, https:\/\/www.ordesamonteperdido.com\/fr\/wp-content\/uploads\/campings-ordesa-768x397.jpg 768w, https:\/\/www.ordesamonteperdido.com\/fr\/wp-content\/uploads\/campings-ordesa.jpg 1200w\" sizes=\"(max-width: 1024px) 100vw, 1024px\" \/><\/a> <h3><a class=\"title\" href=\"https:\/\/www.ordesamonteperdido.com\/fr\/campings\/\">Campings \u00e0 Ordesa<\/a><\/h3> <span class=\"excerpt\">Camper au c\u0153ur des Pyr\u00e9n\u00e9es est une exp\u00e9rience unique et inoubliable. Le Parc National d'Ordesa et Monte Perdido offre un&hellip; <span class=\"excerpt-more\">&#46;&#46;&#46;<\/span><\/span><\/div><div class=\"listing-item\"><a class=\"image\" href=\"https:\/\/www.ordesamonteperdido.com\/fr\/bungalows\/\"><img width=\"1024\" height=\"530\" src=\"https:\/\/www.ordesamonteperdido.com\/fr\/wp-content\/uploads\/bungalows-ordesa-monte-perdido-1024x530.jpg\" class=\"attachment-large size-large wp-post-image\" alt=\"Meilleurs bungalows \u00e0 Ordesa et au Mont Perdu\" loading=\"lazy\" srcset=\"https:\/\/www.ordesamonteperdido.com\/fr\/wp-content\/uploads\/bungalows-ordesa-monte-perdido-1024x530.jpg 1024w, https:\/\/www.ordesamonteperdido.com\/fr\/wp-content\/uploads\/bungalows-ordesa-monte-perdido-336x174.jpg 336w, https:\/\/www.ordesamonteperdido.com\/fr\/wp-content\/uploads\/bungalows-ordesa-monte-perdido-768x397.jpg 768w, https:\/\/www.ordesamonteperdido.com\/fr\/wp-content\/uploads\/bungalows-ordesa-monte-perdido.jpg 1200w\" sizes=\"(max-width: 1024px) 100vw, 1024px\" \/><\/a> <h3><a class=\"title\" href=\"https:\/\/www.ordesamonteperdido.com\/fr\/bungalows\/\">Bungalows \u00e0 Ordesa<\/a><\/h3> <span class=\"excerpt\">Les bungalows \u00e0 Ordesa offrent une opportunit\u00e9 unique de profiter de la beaut\u00e9 et de la tranquillit\u00e9 du Parc national&hellip; <span class=\"excerpt-more\">&#46;&#46;&#46;<\/span><\/span><\/div><div class=\"listing-item\"><a class=\"image\" href=\"https:\/\/www.ordesamonteperdido.com\/fr\/hotels\/\"><img width=\"1024\" height=\"530\" src=\"https:\/\/www.ordesamonteperdido.com\/fr\/wp-content\/uploads\/hotels-ordesa-monte-perdido-1024x530.jpg\" class=\"attachment-large size-large wp-post-image\" alt=\"Les meilleurs h\u00f4tels \u00e0 Ordesa et Monte Perdido\" loading=\"lazy\" srcset=\"https:\/\/www.ordesamonteperdido.com\/fr\/wp-content\/uploads\/hotels-ordesa-monte-perdido-1024x530.jpg 1024w, https:\/\/www.ordesamonteperdido.com\/fr\/wp-content\/uploads\/hotels-ordesa-monte-perdido-336x174.jpg 336w, https:\/\/www.ordesamonteperdido.com\/fr\/wp-content\/uploads\/hotels-ordesa-monte-perdido-768x397.jpg 768w, https:\/\/www.ordesamonteperdido.com\/fr\/wp-content\/uploads\/hotels-ordesa-monte-perdido.jpg 1200w\" sizes=\"(max-width: 1024px) 100vw, 1024px\" \/><\/a> <h3><a class=\"title\" href=\"https:\/\/www.ordesamonteperdido.com\/fr\/hotels\/\">H\u00f4tels \u00e0 Ordesa<\/a><\/h3> <span class=\"excerpt\">Ordesa et Monte Perdido, dans la province de Huesca, Espagne, est une destination de r\u00eave pour les amoureux de la&hellip; <span class=\"excerpt-more\">&#46;&#46;&#46;<\/span><\/span><\/div><div class=\"listing-item\"><a class=\"image\" href=\"https:\/\/www.ordesamonteperdido.com\/fr\/gites-ruraux\/\"><img width=\"1024\" height=\"530\" src=\"https:\/\/www.ordesamonteperdido.com\/fr\/wp-content\/uploads\/gites-ruraux-ordesa-1024x530.jpg\" class=\"attachment-large size-large wp-post-image\" alt=\"Les meilleurs g\u00eetes ruraux \u00e0 Ordesa et Monte Perdido en termes de prix et de service\" loading=\"lazy\" srcset=\"https:\/\/www.ordesamonteperdido.com\/fr\/wp-content\/uploads\/gites-ruraux-ordesa-1024x530.jpg 1024w, https:\/\/www.ordesamonteperdido.com\/fr\/wp-content\/uploads\/gites-ruraux-ordesa-336x174.jpg 336w, https:\/\/www.ordesamonteperdido.com\/fr\/wp-content\/uploads\/gites-ruraux-ordesa-768x397.jpg 768w, https:\/\/www.ordesamonteperdido.com\/fr\/wp-content\/uploads\/gites-ruraux-ordesa.jpg 1200w\" sizes=\"(max-width: 1024px) 100vw, 1024px\" \/><\/a> <h3><a class=\"title\" href=\"https:\/\/www.ordesamonteperdido.com\/fr\/gites-ruraux\/\">G\u00eetes ruraux \u00e0 Ordesa<\/a><\/h3> <span class=\"excerpt\">Ordesa, foyer de l'impressionnant Parc National d'Ordesa et Monte Perdido, est une destination qui attire des milliers de visiteurs chaque&hellip; <span class=\"excerpt-more\">&#46;&#46;&#46;<\/span><\/span><\/div><div class=\"listing-item\"><a class=\"image\" href=\"https:\/\/www.ordesamonteperdido.com\/fr\/auberges\/\"><img width=\"1024\" height=\"530\" src=\"https:\/\/www.ordesamonteperdido.com\/fr\/wp-content\/uploads\/auberges-ordesa-monte-perdido-1024x530.jpg\" class=\"attachment-large size-large wp-post-image\" alt=\"Les meilleurs auberges et refuges \u00e0 Ordesa et Monte Perdido\" loading=\"lazy\" srcset=\"https:\/\/www.ordesamonteperdido.com\/fr\/wp-content\/uploads\/auberges-ordesa-monte-perdido-1024x530.jpg 1024w, https:\/\/www.ordesamonteperdido.com\/fr\/wp-content\/uploads\/auberges-ordesa-monte-perdido-336x174.jpg 336w, https:\/\/www.ordesamonteperdido.com\/fr\/wp-content\/uploads\/auberges-ordesa-monte-perdido-768x397.jpg 768w, https:\/\/www.ordesamonteperdido.com\/fr\/wp-content\/uploads\/auberges-ordesa-monte-perdido.jpg 1200w\" sizes=\"(max-width: 1024px) 100vw, 1024px\" \/><\/a> <h3><a class=\"title\" href=\"https:\/\/www.ordesamonteperdido.com\/fr\/auberges\/\">Auberges \u00e0 Ordesa et Monte Perdido<\/a><\/h3> <span class=\"excerpt\">Le Parc national d'Ordesa et Monte Perdido est un paradis naturel situ\u00e9 dans les Pyr\u00e9n\u00e9es aragonaises, en Espagne. Cet environnement&hellip; <span class=\"excerpt-more\">&#46;&#46;&#46;<\/span><\/span><\/div><\/div>\n<p>Pr\u00eat pour votre aventure \u00e0 Ordesa et Monte Perdido? <strong>R\u00e9servez votre h\u00e9bergement id\u00e9al d\u00e8s aujourd&#8217;hui!<\/strong><\/p>\n","protected":false},"excerpt":{"rendered":"<p>Avec sa beaut\u00e9 naturelle impressionnante, le Parc national d&#8217;Ordesa et Monte Perdido est une destination inoubliable. Pour compl\u00e9ter votre exp\u00e9rience, nous vous pr\u00e9sentons une s\u00e9lection des meilleurs h\u00e9bergements qui agr\u00e9menteront votre visite avec confort,&#46;&#46;&#46;<\/p>\n","protected":false},"author":2,"featured_media":0,"parent":0,"menu_order":0,"comment_status":"closed","ping_status":"closed","template":"","meta":[],"yoast_head":"<!-- This site is optimized with the Yoast SEO plugin v20.1 - https:\/\/yoast.com\/wordpress\/plugins\/seo\/ -->\n<title>Meilleurs h\u00e9bergements \u00e0 Ordesa et Monte Perdido: Prix et offres<\/title>\n<meta name=\"description\" content=\"Trouvez les meilleurs h\u00e9bergements \u00e0 Ordesa et Monte Perdido: campings, bungalows, h\u00f4tels, maisons rurales et auberges. R\u00e9servez d\u00e8s aujourd&#039;hui!\" \/>\n<meta name=\"robots\" content=\"index, follow, max-snippet:-1, max-image-preview:large, max-video-preview:-1\" \/>\n<link rel=\"canonical\" href=\"https:\/\/www.ordesamonteperdido.com\/fr\/hebergements\/\" \/>\n<meta property=\"og:locale\" content=\"fr_FR\" \/>\n<meta property=\"og:type\" content=\"article\" \/>\n<meta property=\"og:title\" content=\"Meilleurs h\u00e9bergements \u00e0 Ordesa et Monte Perdido: Prix et offres\" \/>\n<meta property=\"og:description\" content=\"Trouvez les meilleurs h\u00e9bergements \u00e0 Ordesa et Monte Perdido: campings, bungalows, h\u00f4tels, maisons rurales et auberges. R\u00e9servez d\u00e8s aujourd&#039;hui!\" \/>\n<meta property=\"og:url\" content=\"https:\/\/www.ordesamonteperdido.com\/fr\/hebergements\/\" \/>\n<meta property=\"og:site_name\" content=\"Ordesa et Monte Perdu\" \/>\n<meta property=\"article:modified_time\" content=\"2024-08-31T07:41:50+00:00\" \/>\n<meta name=\"twitter:card\" content=\"summary_large_image\" \/>\n<meta name=\"twitter:label1\" content=\"Tiempo de lectura\" \/>\n\t<meta name=\"twitter:data1\" content=\"1 minuto\" \/>\n<script type=\"application\/ld+json\" class=\"yoast-schema-graph\">{\"@context\":\"https:\/\/schema.org\",\"@graph\":[{\"@type\":\"WebPage\",\"@id\":\"https:\/\/www.ordesamonteperdido.com\/fr\/hebergements\/\",\"url\":\"https:\/\/www.ordesamonteperdido.com\/fr\/hebergements\/\",\"name\":\"Meilleurs h\u00e9bergements \u00e0 Ordesa et Monte Perdido: Prix et offres\",\"isPartOf\":{\"@id\":\"https:\/\/www.ordesamonteperdido.com\/fr\/#website\"},\"datePublished\":\"2023-05-04T10:48:11+00:00\",\"dateModified\":\"2024-08-31T07:41:50+00:00\",\"description\":\"Trouvez les meilleurs h\u00e9bergements \u00e0 Ordesa et Monte Perdido: campings, bungalows, h\u00f4tels, maisons rurales et auberges. R\u00e9servez d\u00e8s aujourd'hui!\",\"breadcrumb\":{\"@id\":\"https:\/\/www.ordesamonteperdido.com\/fr\/hebergements\/#breadcrumb\"},\"inLanguage\":\"fr\",\"potentialAction\":[{\"@type\":\"ReadAction\",\"target\":[\"https:\/\/www.ordesamonteperdido.com\/fr\/hebergements\/\"]}]},{\"@type\":\"BreadcrumbList\",\"@id\":\"https:\/\/www.ordesamonteperdido.com\/fr\/hebergements\/#breadcrumb\",\"itemListElement\":[{\"@type\":\"ListItem\",\"position\":1,\"name\":\"Portada\",\"item\":\"https:\/\/www.ordesamonteperdido.com\/fr\/\"},{\"@type\":\"ListItem\",\"position\":2,\"name\":\"D\u00e9couvrez les meilleurs h\u00e9bergements \u00e0 Ordesa et Monte Perdido\"}]},{\"@type\":\"WebSite\",\"@id\":\"https:\/\/www.ordesamonteperdido.com\/fr\/#website\",\"url\":\"https:\/\/www.ordesamonteperdido.com\/fr\/\",\"name\":\"Ordesa et Monte Perdu\",\"description\":\"Tourisme, h\u00e9bergement, itin\u00e9raires et guides.\",\"publisher\":{\"@id\":\"https:\/\/www.ordesamonteperdido.com\/fr\/#organization\"},\"potentialAction\":[{\"@type\":\"SearchAction\",\"target\":{\"@type\":\"EntryPoint\",\"urlTemplate\":\"https:\/\/www.ordesamonteperdido.com\/fr\/?s={search_term_string}\"},\"query-input\":\"required name=search_term_string\"}],\"inLanguage\":\"fr\"},{\"@type\":\"Organization\",\"@id\":\"https:\/\/www.ordesamonteperdido.com\/fr\/#organization\",\"name\":\"Ordesa et Monte Perdu\",\"url\":\"https:\/\/www.ordesamonteperdido.com\/fr\/\",\"logo\":{\"@type\":\"ImageObject\",\"inLanguage\":\"fr\",\"@id\":\"https:\/\/www.ordesamonteperdido.com\/fr\/#\/schema\/logo\/image\/\",\"url\":\"https:\/\/www.ordesamonteperdido.com\/fr\/wp-content\/uploads\/ordesamonteperdido-logo.png\",\"contentUrl\":\"https:\/\/www.ordesamonteperdido.com\/fr\/wp-content\/uploads\/ordesamonteperdido-logo.png\",\"width\":567,\"height\":69,\"caption\":\"Ordesa et Monte Perdu\"},\"image\":{\"@id\":\"https:\/\/www.ordesamonteperdido.com\/fr\/#\/schema\/logo\/image\/\"}}]}<\/script>\n<!-- \/ Yoast SEO plugin. -->","yoast_head_json":{"title":"Meilleurs h\u00e9bergements \u00e0 Ordesa et Monte Perdido: Prix et offres","description":"Trouvez les meilleurs h\u00e9bergements \u00e0 Ordesa et Monte Perdido: campings, bungalows, h\u00f4tels, maisons rurales et auberges. R\u00e9servez d\u00e8s aujourd'hui!","robots":{"index":"index","follow":"follow","max-snippet":"max-snippet:-1","max-image-preview":"max-image-preview:large","max-video-preview":"max-video-preview:-1"},"canonical":"https:\/\/www.ordesamonteperdido.com\/fr\/hebergements\/","og_locale":"fr_FR","og_type":"article","og_title":"Meilleurs h\u00e9bergements \u00e0 Ordesa et Monte Perdido: Prix et offres","og_description":"Trouvez les meilleurs h\u00e9bergements \u00e0 Ordesa et Monte Perdido: campings, bungalows, h\u00f4tels, maisons rurales et auberges. R\u00e9servez d\u00e8s aujourd'hui!","og_url":"https:\/\/www.ordesamonteperdido.com\/fr\/hebergements\/","og_site_name":"Ordesa et Monte Perdu","article_modified_time":"2024-08-31T07:41:50+00:00","twitter_card":"summary_large_image","twitter_misc":{"Tiempo de lectura":"1 minuto"},"schema":{"@context":"https:\/\/schema.org","@graph":[{"@type":"WebPage","@id":"https:\/\/www.ordesamonteperdido.com\/fr\/hebergements\/","url":"https:\/\/www.ordesamonteperdido.com\/fr\/hebergements\/","name":"Meilleurs h\u00e9bergements \u00e0 Ordesa et Monte Perdido: Prix et offres","isPartOf":{"@id":"https:\/\/www.ordesamonteperdido.com\/fr\/#website"},"datePublished":"2023-05-04T10:48:11+00:00","dateModified":"2024-08-31T07:41:50+00:00","description":"Trouvez les meilleurs h\u00e9bergements \u00e0 Ordesa et Monte Perdido: campings, bungalows, h\u00f4tels, maisons rurales et auberges. R\u00e9servez d\u00e8s aujourd'hui!","breadcrumb":{"@id":"https:\/\/www.ordesamonteperdido.com\/fr\/hebergements\/#breadcrumb"},"inLanguage":"fr","potentialAction":[{"@type":"ReadAction","target":["https:\/\/www.ordesamonteperdido.com\/fr\/hebergements\/"]}]},{"@type":"BreadcrumbList","@id":"https:\/\/www.ordesamonteperdido.com\/fr\/hebergements\/#breadcrumb","itemListElement":[{"@type":"ListItem","position":1,"name":"Portada","item":"https:\/\/www.ordesamonteperdido.com\/fr\/"},{"@type":"ListItem","position":2,"name":"D\u00e9couvrez les meilleurs h\u00e9bergements \u00e0 Ordesa et Monte Perdido"}]},{"@type":"WebSite","@id":"https:\/\/www.ordesamonteperdido.com\/fr\/#website","url":"https:\/\/www.ordesamonteperdido.com\/fr\/","name":"Ordesa et Monte Perdu","description":"Tourisme, h\u00e9bergement, itin\u00e9raires et guides.","publisher":{"@id":"https:\/\/www.ordesamonteperdido.com\/fr\/#organization"},"potentialAction":[{"@type":"SearchAction","target":{"@type":"EntryPoint","urlTemplate":"https:\/\/www.ordesamonteperdido.com\/fr\/?s={search_term_string}"},"query-input":"required name=search_term_string"}],"inLanguage":"fr"},{"@type":"Organization","@id":"https:\/\/www.ordesamonteperdido.com\/fr\/#organization","name":"Ordesa et Monte Perdu","url":"https:\/\/www.ordesamonteperdido.com\/fr\/","logo":{"@type":"ImageObject","inLanguage":"fr","@id":"https:\/\/www.ordesamonteperdido.com\/fr\/#\/schema\/logo\/image\/","url":"https:\/\/www.ordesamonteperdido.com\/fr\/wp-content\/uploads\/ordesamonteperdido-logo.png","contentUrl":"https:\/\/www.ordesamonteperdido.com\/fr\/wp-content\/uploads\/ordesamonteperdido-logo.png","width":567,"height":69,"caption":"Ordesa et Monte Perdu"},"image":{"@id":"https:\/\/www.ordesamonteperdido.com\/fr\/#\/schema\/logo\/image\/"}}]}},"_links":{"self":[{"href":"https:\/\/www.ordesamonteperdido.com\/fr\/wp-json\/wp\/v2\/pages\/957"}],"collection":[{"href":"https:\/\/www.ordesamonteperdido.com\/fr\/wp-json\/wp\/v2\/pages"}],"about":[{"href":"https:\/\/www.ordesamonteperdido.com\/fr\/wp-json\/wp\/v2\/types\/page"}],"author":[{"embeddable":true,"href":"https:\/\/www.ordesamonteperdido.com\/fr\/wp-json\/wp\/v2\/users\/2"}],"replies":[{"embeddable":true,"href":"https:\/\/www.ordesamonteperdido.com\/fr\/wp-json\/wp\/v2\/comments?post=957"}],"version-history":[{"count":0,"href":"https:\/\/www.ordesamonteperdido.com\/fr\/wp-json\/wp\/v2\/pages\/957\/revisions"}],"wp:attachment":[{"href":"https:\/\/www.ordesamonteperdido.com\/fr\/wp-json\/wp\/v2\/media?parent=957"}],"curies":[{"name":"wp","href":"https:\/\/api.w.org\/{rel}","templated":true}]}}