{"id":11,"date":"2019-01-14T16:03:41","date_gmt":"2019-01-14T15:03:41","guid":{"rendered":"https:\/\/www.ordesamonteperdido.com\/it\/?page_id=11"},"modified":"2023-05-23T12:59:26","modified_gmt":"2023-05-23T10:59:26","slug":"avviso-legale","status":"publish","type":"page","link":"https:\/\/www.ordesamonteperdido.com\/it\/avviso-legale\/","title":{"rendered":"Avviso Legale"},"content":{"rendered":"<p>La finalit\u00e0 di questo sito web \u00e8 quella di generare contenuti informativi a disposizione degli utenti al fine di creare un canale di informazione, opinioni e collaborazione.<\/p>\n<p><strong>Questo sito ospita annunci pubblicitari di Google Adsense:<\/strong><br \/>\nGoogle, in qualit\u00e0 di fornitore associato, utilizza i cookie per pubblicare annunci su questo sito web. Gli utenti possono disabilitare l&#8217;utilizzo del cookie DART tramite l&#8217;annuncio di Google e accedendo alla <a href=\"http:\/\/www.google.it\/privacy_cookies.html\" rel=\"noopener nofollow\">politica sulla privacy della rete di contenuti<\/a>. Google utilizza aziende pubblicitarie associate per pubblicare annunci quando si visita il nostro sito web. Queste aziende potrebbero utilizzare le informazioni ottenute dalle visite a questo e altri siti web (escludendo nome, indirizzo, indirizzo email o numero di telefono) per fornire annunci su prodotti e servizi di interesse. Se desideri ulteriori informazioni su questa pratica e conoscere le opzioni per impedire a queste aziende di utilizzare tali informazioni, <a href=\"http:\/\/www.google.it\/privacy_cookies.html\" rel=\"noopener nofollow\">clicca qui<\/a>.<\/p>\n<p><strong>Collegamenti a Terze Parti<\/strong><br \/>\nordesamonteperdido.it non garantisce la liceit\u00e0, l&#8217;affidabilit\u00e0 e l&#8217;utilit\u00e0 dei servizi forniti da terze parti tramite questa pagina o su cui ordesamonteperdido.it agisce unicamente come canale pubblicitario o fornitore di servizi di intermediazione e non sar\u00e0 responsabile per danni di qualsiasi natura causati dai servizi forniti da terze parti tramite questa pagina.<\/p>\n<p><strong>Esclusione di responsabilit\u00e0<\/strong><br \/>\nordesamonteperdido.it non garantisce la liceit\u00e0, l&#8217;affidabilit\u00e0, l&#8217;utilit\u00e0, la veridicit\u00e0 o l&#8217;accuratezza dei servizi o delle informazioni diffuse attraverso il Sito Web.<\/p>\n<p>Di conseguenza, ordesamonteperdido.it non garantisce n\u00e9 si assume responsabilit\u00e0 per: (i) la continuit\u00e0 dei contenuti del Sito Web; (ii) l&#8217;assenza di errori in tali contenuti o la correzione di eventuali difetti che potrebbero verificarsi; (iii) l&#8217;assenza di virus e\/o altri componenti dannosi nel Sito Web o nel server che lo fornisce; (iv) l&#8217;inviolabilit\u00e0 del Sito Web e\/o l&#8217;impenetrabilit\u00e0 delle misure di sicurezza adottate al suo interno; (v) l&#8217;inefficacia o le prestazioni dei contenuti del Sito Web; (vi) i danni o le perdite causate a s\u00e9 stessi o a terzi da chiunque violi le condizioni, le norme e le istruzioni stabilite da ordesamonteperdido.it sul Sito Web o attraverso la violazione dei sistemi di sicurezza del Sito Web.<\/p>\n<p>Tuttavia, ordesamonteperdido.it dichiara di aver adottato tutte le misure necessarie, nel limite delle sue possibilit\u00e0 e dello stato della tecnologia, per garantire il funzionamento del Sito Web e prevenire l&#8217;esistenza e la trasmissione di virus e altri componenti dannosi agli Utenti.<\/p>\n<p><strong>Durata e Modifica<\/strong><br \/>\nordesamonteperdido.it potr\u00e0 modificare i termini e le condizioni qui stabilite, total o parzialmente, pubblicando ogni modifica nella stessa forma in cui compaiono queste condizioni generali o attraverso qualsiasi tipo di comunicazione rivolta agli Utenti. ordesamonteperdido.it potr\u00e0 interrompere, sospendere o interrompere in qualsiasi momento e senza preavviso l&#8217;accesso ai contenuti del sito, senza che l&#8217;Utente abbia la possibilit\u00e0 di richiedere alcun risarcimento.<\/p>\n","protected":false},"excerpt":{"rendered":"<p>La finalit\u00e0 di questo sito web \u00e8 quella di generare contenuti informativi a disposizione degli utenti al fine di creare un canale di informazione, opinioni e collaborazione. Questo sito ospita annunci pubblicitari di Google&#46;&#46;&#46;<\/p>\n","protected":false},"author":2,"featured_media":0,"parent":0,"menu_order":0,"comment_status":"closed","ping_status":"closed","template":"","meta":[],"yoast_head":"<!-- This site is optimized with the Yoast SEO plugin v20.1 - https:\/\/yoast.com\/wordpress\/plugins\/seo\/ -->\n<title>Avviso Legale<\/title>\n<meta name=\"description\" content=\"La finalit\u00e0 di questo sito web \u00e8 quella di generare contenuti informativi a disposizione degli utenti al fine di creare un canale di informazione,\" \/>\n<meta name=\"robots\" content=\"noindex, follow\" \/>\n<meta property=\"og:locale\" content=\"it_IT\" \/>\n<meta property=\"og:type\" content=\"article\" \/>\n<meta property=\"og:title\" content=\"Avviso Legale\" \/>\n<meta property=\"og:description\" content=\"La finalit\u00e0 di questo sito web \u00e8 quella di generare contenuti informativi a disposizione degli utenti al fine di creare un canale di informazione,\" \/>\n<meta property=\"og:url\" content=\"https:\/\/www.ordesamonteperdido.com\/it\/avviso-legale\/\" \/>\n<meta property=\"og:site_name\" content=\"Ordesa e Monte Perdido\" \/>\n<meta property=\"article:modified_time\" content=\"2023-05-23T10:59:26+00:00\" \/>\n<meta name=\"twitter:card\" content=\"summary_large_image\" \/>\n<meta name=\"twitter:label1\" content=\"Tiempo de lectura\" \/>\n\t<meta name=\"twitter:data1\" content=\"3 minutos\" \/>\n<script type=\"application\/ld+json\" class=\"yoast-schema-graph\">{\"@context\":\"https:\/\/schema.org\",\"@graph\":[{\"@type\":\"WebPage\",\"@id\":\"https:\/\/www.ordesamonteperdido.com\/it\/avviso-legale\/\",\"url\":\"https:\/\/www.ordesamonteperdido.com\/it\/avviso-legale\/\",\"name\":\"Avviso Legale\",\"isPartOf\":{\"@id\":\"https:\/\/www.ordesamonteperdido.com\/it\/#website\"},\"datePublished\":\"2019-01-14T15:03:41+00:00\",\"dateModified\":\"2023-05-23T10:59:26+00:00\",\"description\":\"La finalit\u00e0 di questo sito web \u00e8 quella di generare contenuti informativi a disposizione degli utenti al fine di creare un canale di informazione,\",\"breadcrumb\":{\"@id\":\"https:\/\/www.ordesamonteperdido.com\/it\/avviso-legale\/#breadcrumb\"},\"inLanguage\":\"it\",\"potentialAction\":[{\"@type\":\"ReadAction\",\"target\":[\"https:\/\/www.ordesamonteperdido.com\/it\/avviso-legale\/\"]}]},{\"@type\":\"BreadcrumbList\",\"@id\":\"https:\/\/www.ordesamonteperdido.com\/it\/avviso-legale\/#breadcrumb\",\"itemListElement\":[{\"@type\":\"ListItem\",\"position\":1,\"name\":\"Portada\",\"item\":\"https:\/\/www.ordesamonteperdido.com\/it\/\"},{\"@type\":\"ListItem\",\"position\":2,\"name\":\"Avviso Legale\"}]},{\"@type\":\"WebSite\",\"@id\":\"https:\/\/www.ordesamonteperdido.com\/it\/#website\",\"url\":\"https:\/\/www.ordesamonteperdido.com\/it\/\",\"name\":\"Ordesa e Monte Perdido\",\"description\":\"Turismo, alloggio, percorsi e guide\",\"publisher\":{\"@id\":\"https:\/\/www.ordesamonteperdido.com\/it\/#organization\"},\"potentialAction\":[{\"@type\":\"SearchAction\",\"target\":{\"@type\":\"EntryPoint\",\"urlTemplate\":\"https:\/\/www.ordesamonteperdido.com\/it\/?s={search_term_string}\"},\"query-input\":\"required name=search_term_string\"}],\"inLanguage\":\"it\"},{\"@type\":\"Organization\",\"@id\":\"https:\/\/www.ordesamonteperdido.com\/it\/#organization\",\"name\":\"Ordesa e Monte Perdido\",\"url\":\"https:\/\/www.ordesamonteperdido.com\/it\/\",\"logo\":{\"@type\":\"ImageObject\",\"inLanguage\":\"it\",\"@id\":\"https:\/\/www.ordesamonteperdido.com\/it\/#\/schema\/logo\/image\/\",\"url\":\"https:\/\/www.ordesamonteperdido.com\/it\/wp-content\/uploads\/ordesa-monteperdido-logo.png\",\"contentUrl\":\"https:\/\/www.ordesamonteperdido.com\/it\/wp-content\/uploads\/ordesa-monteperdido-logo.png\",\"width\":567,\"height\":69,\"caption\":\"Ordesa e Monte Perdido\"},\"image\":{\"@id\":\"https:\/\/www.ordesamonteperdido.com\/it\/#\/schema\/logo\/image\/\"}}]}<\/script>\n<!-- \/ Yoast SEO plugin. -->","yoast_head_json":{"title":"Avviso Legale","description":"La finalit\u00e0 di questo sito web \u00e8 quella di generare contenuti informativi a disposizione degli utenti al fine di creare un canale di informazione,","robots":{"index":"noindex","follow":"follow"},"og_locale":"it_IT","og_type":"article","og_title":"Avviso Legale","og_description":"La finalit\u00e0 di questo sito web \u00e8 quella di generare contenuti informativi a disposizione degli utenti al fine di creare un canale di informazione,","og_url":"https:\/\/www.ordesamonteperdido.com\/it\/avviso-legale\/","og_site_name":"Ordesa e Monte Perdido","article_modified_time":"2023-05-23T10:59:26+00:00","twitter_card":"summary_large_image","twitter_misc":{"Tiempo de lectura":"3 minutos"},"schema":{"@context":"https:\/\/schema.org","@graph":[{"@type":"WebPage","@id":"https:\/\/www.ordesamonteperdido.com\/it\/avviso-legale\/","url":"https:\/\/www.ordesamonteperdido.com\/it\/avviso-legale\/","name":"Avviso Legale","isPartOf":{"@id":"https:\/\/www.ordesamonteperdido.com\/it\/#website"},"datePublished":"2019-01-14T15:03:41+00:00","dateModified":"2023-05-23T10:59:26+00:00","description":"La finalit\u00e0 di questo sito web \u00e8 quella di generare contenuti informativi a disposizione degli utenti al fine di creare un canale di informazione,","breadcrumb":{"@id":"https:\/\/www.ordesamonteperdido.com\/it\/avviso-legale\/#breadcrumb"},"inLanguage":"it","potentialAction":[{"@type":"ReadAction","target":["https:\/\/www.ordesamonteperdido.com\/it\/avviso-legale\/"]}]},{"@type":"BreadcrumbList","@id":"https:\/\/www.ordesamonteperdido.com\/it\/avviso-legale\/#breadcrumb","itemListElement":[{"@type":"ListItem","position":1,"name":"Portada","item":"https:\/\/www.ordesamonteperdido.com\/it\/"},{"@type":"ListItem","position":2,"name":"Avviso Legale"}]},{"@type":"WebSite","@id":"https:\/\/www.ordesamonteperdido.com\/it\/#website","url":"https:\/\/www.ordesamonteperdido.com\/it\/","name":"Ordesa e Monte Perdido","description":"Turismo, alloggio, percorsi e guide","publisher":{"@id":"https:\/\/www.ordesamonteperdido.com\/it\/#organization"},"potentialAction":[{"@type":"SearchAction","target":{"@type":"EntryPoint","urlTemplate":"https:\/\/www.ordesamonteperdido.com\/it\/?s={search_term_string}"},"query-input":"required name=search_term_string"}],"inLanguage":"it"},{"@type":"Organization","@id":"https:\/\/www.ordesamonteperdido.com\/it\/#organization","name":"Ordesa e Monte Perdido","url":"https:\/\/www.ordesamonteperdido.com\/it\/","logo":{"@type":"ImageObject","inLanguage":"it","@id":"https:\/\/www.ordesamonteperdido.com\/it\/#\/schema\/logo\/image\/","url":"https:\/\/www.ordesamonteperdido.com\/it\/wp-content\/uploads\/ordesa-monteperdido-logo.png","contentUrl":"https:\/\/www.ordesamonteperdido.com\/it\/wp-content\/uploads\/ordesa-monteperdido-logo.png","width":567,"height":69,"caption":"Ordesa e Monte Perdido"},"image":{"@id":"https:\/\/www.ordesamonteperdido.com\/it\/#\/schema\/logo\/image\/"}}]}},"_links":{"self":[{"href":"https:\/\/www.ordesamonteperdido.com\/it\/wp-json\/wp\/v2\/pages\/11"}],"collection":[{"href":"https:\/\/www.ordesamonteperdido.com\/it\/wp-json\/wp\/v2\/pages"}],"about":[{"href":"https:\/\/www.ordesamonteperdido.com\/it\/wp-json\/wp\/v2\/types\/page"}],"author":[{"embeddable":true,"href":"https:\/\/www.ordesamonteperdido.com\/it\/wp-json\/wp\/v2\/users\/2"}],"replies":[{"embeddable":true,"href":"https:\/\/www.ordesamonteperdido.com\/it\/wp-json\/wp\/v2\/comments?post=11"}],"version-history":[{"count":0,"href":"https:\/\/www.ordesamonteperdido.com\/it\/wp-json\/wp\/v2\/pages\/11\/revisions"}],"wp:attachment":[{"href":"https:\/\/www.ordesamonteperdido.com\/it\/wp-json\/wp\/v2\/media?parent=11"}],"curies":[{"name":"wp","href":"https:\/\/api.w.org\/{rel}","templated":true}]}}