{"id":2534,"date":"2024-03-05T16:41:03","date_gmt":"2024-03-05T15:41:03","guid":{"rendered":"https:\/\/www.ordesamonteperdido.com\/it\/?page_id=2534"},"modified":"2024-08-31T10:09:11","modified_gmt":"2024-08-31T08:09:11","slug":"vergine-di-rodellar","status":"publish","type":"page","link":"https:\/\/www.ordesamonteperdido.com\/it\/vie-ferrate\/vergine-di-rodellar\/","title":{"rendered":"Via ferrata dello Spigolo della Vergine di Rodellar"},"content":{"rendered":"<p>La <strong>Via Ferrata dello Spigolo della Vergine di Rodellar<\/strong> si trova a Rodellar, all&#8217;interno del canyon del Masc\u00fan. Questo percorso segue lo spigolo che porta alla Cappella della Vergine di Rodellar, offrendo paesaggi spettacolari e un&#8217;atmosfera aerea lungo il percorso. Anche se non \u00e8 molto difficile, fornisce la giusta dose di avventura che cerchiamo.<\/p>\n<p>Con un livello di difficolt\u00e0 K2 (medio), questa ferrata \u00e8 attrezzata con staffe metalliche e alcune catene, consentendo di godere di viste mozzafiato sulle pareti del canyon del Masc\u00fan. Questo canyon \u00e8 conosciuto principalmente dagli scalatori e dagli appassionati di canyoning. Il suo carattere aereo ci offre l&#8217;opportunit\u00e0 di contemplare punti famosi come il \"Delfino\", un buco nelle pareti a forma di delfino.<\/p>\n<p><img class=\"aligncenter wp-image-2537 size-full\" src=\"https:\/\/www.ordesamonteperdido.com\/it\/wp-content\/uploads\/via-ferrata-espolon-virgen-rodellar.jpg\" alt=\"Via ferrata dello Spigolo della Vergine di Rodellar\" width=\"800\" height=\"600\" srcset=\"https:\/\/www.ordesamonteperdido.com\/it\/wp-content\/uploads\/via-ferrata-espolon-virgen-rodellar.jpg 800w, https:\/\/www.ordesamonteperdido.com\/it\/wp-content\/uploads\/via-ferrata-espolon-virgen-rodellar-336x252.jpg 336w, https:\/\/www.ordesamonteperdido.com\/it\/wp-content\/uploads\/via-ferrata-espolon-virgen-rodellar-768x576.jpg 768w\" sizes=\"(max-width: 800px) 100vw, 800px\" \/><\/p>\n<p>Il ritorno dalla ferrata avviene lungo un sentiero, anche se c&#8217;\u00e8 l&#8217;opzione di concludere con una discesa lungo un canyon asciutto, con 3 calate di 6, 5 e 12 metri che ci riportano al letto del Masc\u00fan. Consultare questa opzione \u00e8 consigliabile.<\/p>\n<p>Il modo migliore per godersi questa Via Ferrata \u00e8 combinarla nello stesso giorno con il canyon del Basender, un&#8217;attivit\u00e0 perfetta quando la stagione dei canyon acquatici \u00e8 terminata.<\/p>\n<h2>Difficolt\u00e0<\/h2>\n<p>La Via Ferrata dello Spigolo della Vergine di Rodellar, situata nel Parco Naturale Sierra e Canyon de Guara, Rodellar, presenta una difficolt\u00e0 media. La durata stimata dell&#8217;attivit\u00e0 \u00e8 di 1 ora e 30 minuti all&#8217;interno della ferrata, con un&#8217;avvicinamento di 40 minuti e un ritorno di 40 minuti.<\/p>\n<p>Questa attivit\u00e0 \u00e8 disponibile tutto l&#8217;anno, con orari sia al mattino che al pomeriggio. Il punto di ritrovo \u00e8 il paese di Rodellar. Il rapporto \u00e8 di 6 persone per guida, anche se eccezionalmente pu\u00f2 essere di fino a 8 persone per guida.<\/p>\n","protected":false},"excerpt":{"rendered":"<p>La Via Ferrata dello Spigolo della Vergine di Rodellar si trova a Rodellar, all&#8217;interno del canyon del Masc\u00fan. Questo percorso segue lo spigolo che porta alla Cappella della Vergine di Rodellar, offrendo paesaggi spettacolari&#46;&#46;&#46;<\/p>\n","protected":false},"author":2,"featured_media":2537,"parent":2518,"menu_order":0,"comment_status":"closed","ping_status":"closed","template":"","meta":[],"yoast_head":"<!-- This site is optimized with the Yoast SEO plugin v20.1 - https:\/\/yoast.com\/wordpress\/plugins\/seo\/ -->\n<title>Via ferrata dello Spigolo della Vergine di Rodellar<\/title>\n<meta name=\"description\" content=\"Scala la via ferrata dello Spigolo della Vergine di Rodellar di livello K2, con viste mozzafiato e discesa lungo il canyon asciutto.\" \/>\n<meta name=\"robots\" content=\"index, follow, max-snippet:-1, max-image-preview:large, max-video-preview:-1\" \/>\n<link rel=\"canonical\" href=\"https:\/\/www.ordesamonteperdido.com\/it\/vie-ferrate\/vergine-di-rodellar\/\" \/>\n<meta property=\"og:locale\" content=\"it_IT\" \/>\n<meta property=\"og:type\" content=\"article\" \/>\n<meta property=\"og:title\" content=\"Via ferrata dello Spigolo della Vergine di Rodellar\" \/>\n<meta property=\"og:description\" content=\"Scala la via ferrata dello Spigolo della Vergine di Rodellar di livello K2, con viste mozzafiato e discesa lungo il canyon asciutto.\" \/>\n<meta property=\"og:url\" content=\"https:\/\/www.ordesamonteperdido.com\/it\/vie-ferrate\/vergine-di-rodellar\/\" \/>\n<meta property=\"og:site_name\" content=\"Ordesa e Monte Perdido\" \/>\n<meta property=\"article:modified_time\" content=\"2024-08-31T08:09:11+00:00\" \/>\n<meta property=\"og:image\" content=\"https:\/\/www.ordesamonteperdido.com\/it\/wp-content\/uploads\/via-ferrata-espolon-virgen-rodellar.jpg\" \/>\n\t<meta property=\"og:image:width\" content=\"800\" \/>\n\t<meta property=\"og:image:height\" content=\"600\" \/>\n\t<meta property=\"og:image:type\" content=\"image\/jpeg\" \/>\n<meta name=\"twitter:card\" content=\"summary_large_image\" \/>\n<meta name=\"twitter:label1\" content=\"Tiempo de lectura\" \/>\n\t<meta name=\"twitter:data1\" content=\"2 minutos\" \/>\n<script type=\"application\/ld+json\" class=\"yoast-schema-graph\">{\"@context\":\"https:\/\/schema.org\",\"@graph\":[{\"@type\":\"WebPage\",\"@id\":\"https:\/\/www.ordesamonteperdido.com\/it\/vie-ferrate\/vergine-di-rodellar\/\",\"url\":\"https:\/\/www.ordesamonteperdido.com\/it\/vie-ferrate\/vergine-di-rodellar\/\",\"name\":\"Via ferrata dello Spigolo della Vergine di Rodellar\",\"isPartOf\":{\"@id\":\"https:\/\/www.ordesamonteperdido.com\/it\/#website\"},\"datePublished\":\"2024-03-05T15:41:03+00:00\",\"dateModified\":\"2024-08-31T08:09:11+00:00\",\"description\":\"Scala la via ferrata dello Spigolo della Vergine di Rodellar di livello K2, con viste mozzafiato e discesa lungo il canyon asciutto.\",\"breadcrumb\":{\"@id\":\"https:\/\/www.ordesamonteperdido.com\/it\/vie-ferrate\/vergine-di-rodellar\/#breadcrumb\"},\"inLanguage\":\"it\",\"potentialAction\":[{\"@type\":\"ReadAction\",\"target\":[\"https:\/\/www.ordesamonteperdido.com\/it\/vie-ferrate\/vergine-di-rodellar\/\"]}]},{\"@type\":\"BreadcrumbList\",\"@id\":\"https:\/\/www.ordesamonteperdido.com\/it\/vie-ferrate\/vergine-di-rodellar\/#breadcrumb\",\"itemListElement\":[{\"@type\":\"ListItem\",\"position\":1,\"name\":\"Portada\",\"item\":\"https:\/\/www.ordesamonteperdido.com\/it\/\"},{\"@type\":\"ListItem\",\"position\":2,\"name\":\"Vie Ferrate di Ordesa, Monte Perdido e Torla\",\"item\":\"https:\/\/www.ordesamonteperdido.com\/it\/vie-ferrate\/\"},{\"@type\":\"ListItem\",\"position\":3,\"name\":\"Via ferrata dello Spigolo della Vergine di Rodellar\"}]},{\"@type\":\"WebSite\",\"@id\":\"https:\/\/www.ordesamonteperdido.com\/it\/#website\",\"url\":\"https:\/\/www.ordesamonteperdido.com\/it\/\",\"name\":\"Ordesa e Monte Perdido\",\"description\":\"Turismo, alloggio, percorsi e guide\",\"publisher\":{\"@id\":\"https:\/\/www.ordesamonteperdido.com\/it\/#organization\"},\"potentialAction\":[{\"@type\":\"SearchAction\",\"target\":{\"@type\":\"EntryPoint\",\"urlTemplate\":\"https:\/\/www.ordesamonteperdido.com\/it\/?s={search_term_string}\"},\"query-input\":\"required name=search_term_string\"}],\"inLanguage\":\"it\"},{\"@type\":\"Organization\",\"@id\":\"https:\/\/www.ordesamonteperdido.com\/it\/#organization\",\"name\":\"Ordesa e Monte Perdido\",\"url\":\"https:\/\/www.ordesamonteperdido.com\/it\/\",\"logo\":{\"@type\":\"ImageObject\",\"inLanguage\":\"it\",\"@id\":\"https:\/\/www.ordesamonteperdido.com\/it\/#\/schema\/logo\/image\/\",\"url\":\"https:\/\/www.ordesamonteperdido.com\/it\/wp-content\/uploads\/ordesa-monteperdido-logo.png\",\"contentUrl\":\"https:\/\/www.ordesamonteperdido.com\/it\/wp-content\/uploads\/ordesa-monteperdido-logo.png\",\"width\":567,\"height\":69,\"caption\":\"Ordesa e Monte Perdido\"},\"image\":{\"@id\":\"https:\/\/www.ordesamonteperdido.com\/it\/#\/schema\/logo\/image\/\"}}]}<\/script>\n<!-- \/ Yoast SEO plugin. -->","yoast_head_json":{"title":"Via ferrata dello Spigolo della Vergine di Rodellar","description":"Scala la via ferrata dello Spigolo della Vergine di Rodellar di livello K2, con viste mozzafiato e discesa lungo il canyon asciutto.","robots":{"index":"index","follow":"follow","max-snippet":"max-snippet:-1","max-image-preview":"max-image-preview:large","max-video-preview":"max-video-preview:-1"},"canonical":"https:\/\/www.ordesamonteperdido.com\/it\/vie-ferrate\/vergine-di-rodellar\/","og_locale":"it_IT","og_type":"article","og_title":"Via ferrata dello Spigolo della Vergine di Rodellar","og_description":"Scala la via ferrata dello Spigolo della Vergine di Rodellar di livello K2, con viste mozzafiato e discesa lungo il canyon asciutto.","og_url":"https:\/\/www.ordesamonteperdido.com\/it\/vie-ferrate\/vergine-di-rodellar\/","og_site_name":"Ordesa e Monte Perdido","article_modified_time":"2024-08-31T08:09:11+00:00","og_image":[{"width":800,"height":600,"url":"https:\/\/www.ordesamonteperdido.com\/it\/wp-content\/uploads\/via-ferrata-espolon-virgen-rodellar.jpg","type":"image\/jpeg"}],"twitter_card":"summary_large_image","twitter_misc":{"Tiempo de lectura":"2 minutos"},"schema":{"@context":"https:\/\/schema.org","@graph":[{"@type":"WebPage","@id":"https:\/\/www.ordesamonteperdido.com\/it\/vie-ferrate\/vergine-di-rodellar\/","url":"https:\/\/www.ordesamonteperdido.com\/it\/vie-ferrate\/vergine-di-rodellar\/","name":"Via ferrata dello Spigolo della Vergine di Rodellar","isPartOf":{"@id":"https:\/\/www.ordesamonteperdido.com\/it\/#website"},"datePublished":"2024-03-05T15:41:03+00:00","dateModified":"2024-08-31T08:09:11+00:00","description":"Scala la via ferrata dello Spigolo della Vergine di Rodellar di livello K2, con viste mozzafiato e discesa lungo il canyon asciutto.","breadcrumb":{"@id":"https:\/\/www.ordesamonteperdido.com\/it\/vie-ferrate\/vergine-di-rodellar\/#breadcrumb"},"inLanguage":"it","potentialAction":[{"@type":"ReadAction","target":["https:\/\/www.ordesamonteperdido.com\/it\/vie-ferrate\/vergine-di-rodellar\/"]}]},{"@type":"BreadcrumbList","@id":"https:\/\/www.ordesamonteperdido.com\/it\/vie-ferrate\/vergine-di-rodellar\/#breadcrumb","itemListElement":[{"@type":"ListItem","position":1,"name":"Portada","item":"https:\/\/www.ordesamonteperdido.com\/it\/"},{"@type":"ListItem","position":2,"name":"Vie Ferrate di Ordesa, Monte Perdido e Torla","item":"https:\/\/www.ordesamonteperdido.com\/it\/vie-ferrate\/"},{"@type":"ListItem","position":3,"name":"Via ferrata dello Spigolo della Vergine di Rodellar"}]},{"@type":"WebSite","@id":"https:\/\/www.ordesamonteperdido.com\/it\/#website","url":"https:\/\/www.ordesamonteperdido.com\/it\/","name":"Ordesa e Monte Perdido","description":"Turismo, alloggio, percorsi e guide","publisher":{"@id":"https:\/\/www.ordesamonteperdido.com\/it\/#organization"},"potentialAction":[{"@type":"SearchAction","target":{"@type":"EntryPoint","urlTemplate":"https:\/\/www.ordesamonteperdido.com\/it\/?s={search_term_string}"},"query-input":"required name=search_term_string"}],"inLanguage":"it"},{"@type":"Organization","@id":"https:\/\/www.ordesamonteperdido.com\/it\/#organization","name":"Ordesa e Monte Perdido","url":"https:\/\/www.ordesamonteperdido.com\/it\/","logo":{"@type":"ImageObject","inLanguage":"it","@id":"https:\/\/www.ordesamonteperdido.com\/it\/#\/schema\/logo\/image\/","url":"https:\/\/www.ordesamonteperdido.com\/it\/wp-content\/uploads\/ordesa-monteperdido-logo.png","contentUrl":"https:\/\/www.ordesamonteperdido.com\/it\/wp-content\/uploads\/ordesa-monteperdido-logo.png","width":567,"height":69,"caption":"Ordesa e Monte Perdido"},"image":{"@id":"https:\/\/www.ordesamonteperdido.com\/it\/#\/schema\/logo\/image\/"}}]}},"_links":{"self":[{"href":"https:\/\/www.ordesamonteperdido.com\/it\/wp-json\/wp\/v2\/pages\/2534"}],"collection":[{"href":"https:\/\/www.ordesamonteperdido.com\/it\/wp-json\/wp\/v2\/pages"}],"about":[{"href":"https:\/\/www.ordesamonteperdido.com\/it\/wp-json\/wp\/v2\/types\/page"}],"author":[{"embeddable":true,"href":"https:\/\/www.ordesamonteperdido.com\/it\/wp-json\/wp\/v2\/users\/2"}],"replies":[{"embeddable":true,"href":"https:\/\/www.ordesamonteperdido.com\/it\/wp-json\/wp\/v2\/comments?post=2534"}],"version-history":[{"count":0,"href":"https:\/\/www.ordesamonteperdido.com\/it\/wp-json\/wp\/v2\/pages\/2534\/revisions"}],"up":[{"embeddable":true,"href":"https:\/\/www.ordesamonteperdido.com\/it\/wp-json\/wp\/v2\/pages\/2518"}],"wp:featuredmedia":[{"embeddable":true,"href":"https:\/\/www.ordesamonteperdido.com\/it\/wp-json\/wp\/v2\/media\/2537"}],"wp:attachment":[{"href":"https:\/\/www.ordesamonteperdido.com\/it\/wp-json\/wp\/v2\/media?parent=2534"}],"curies":[{"name":"wp","href":"https:\/\/api.w.org\/{rel}","templated":true}]}}