{"id":909,"date":"2023-05-04T12:19:39","date_gmt":"2023-05-04T10:19:39","guid":{"rendered":"https:\/\/www.ordesamonteperdido.com\/it\/?page_id=909"},"modified":"2024-08-30T14:32:31","modified_gmt":"2024-08-30T12:32:31","slug":"uffici-di-informazione","status":"publish","type":"page","link":"https:\/\/www.ordesamonteperdido.com\/it\/uffici-di-informazione\/","title":{"rendered":"Uffici informazioni, turismo e numeri di telefono di Ordesa e Monte Perdido"},"content":{"rendered":"<div id=\"toc_container\" class=\"toc_white no_bullets\"><p class=\"toc_title\">Indice<\/p><ul class=\"toc_list\"><li><a href=\"#mappa-degli-uffici-informazioni-a-ordesa-e-monte-perdido\"><span class=\"toc_number toc_depth_1\">1<\/span> Mappa degli uffici informazioni a Ordesa e Monte Perdido<\/a><\/li><li><a href=\"#uffici-del-turismo-del-parco-nazionale-di-ordesa-y-monte-perdido\"><span class=\"toc_number toc_depth_1\">2<\/span> Uffici del Turismo del Parco Nazionale di Ordesa y Monte Perdido<\/a><ul><li><a href=\"#ufficio-informazioni-valle-di-ordesa\"><span class=\"toc_number toc_depth_2\">2.1<\/span> Ufficio informazioni Valle di Ordesa<\/a><ul><li><a href=\"#ufficio-del-turismo-di-torla\"><span class=\"toc_number toc_depth_3\">2.1.1<\/span> Ufficio del Turismo di Torla<\/a><\/li><li><a href=\"#punto-di-informazione-pradera-di-ordesa\"><span class=\"toc_number toc_depth_3\">2.1.2<\/span> Punto di informazione Pradera di Ordesa<\/a><\/li><\/ul><\/li><li><a href=\"#ufficio-informazioni-canon-del-anisclo\"><span class=\"toc_number toc_depth_2\">2.2<\/span> Ufficio informazioni Ca\u00f1\u00f3n del Anisclo<\/a><ul><li><a href=\"#ufficio-del-turismo-di-ainsa\"><span class=\"toc_number toc_depth_3\">2.2.1<\/span> Ufficio del Turismo di A\u00ednsa<\/a><\/li><li><a href=\"#punto-di-informazione-a-escalona\"><span class=\"toc_number toc_depth_3\">2.2.2<\/span> Punto di informazione a Escalona<\/a><ul><li><a href=\"#come-arrivare-al-punto-di-informazione-di-escalona\"><span class=\"toc_number toc_depth_4\">2.2.2.1<\/span> Come arrivare al punto di informazione di Escalona<\/a><\/li><\/ul><\/li><li><a href=\"#punto-di-informazione-di-fanlo\"><span class=\"toc_number toc_depth_3\">2.2.3<\/span> Punto di informazione di Fanlo<\/a><\/li><li><a href=\"#punto-di-informazione-di-san-urbez\"><span class=\"toc_number toc_depth_3\">2.2.4<\/span> Punto di informazione di San Urbez<\/a><ul><li><a href=\"#come-arrivare-al-punto-di-informazione-di-san-urbez\"><span class=\"toc_number toc_depth_4\">2.2.4.1<\/span> Come arrivare al punto di informazione di San Urbez<\/a><\/li><\/ul><\/li><\/ul><\/li><li><a href=\"#ufficio-informazioni-gargantas-de-escuain\"><span class=\"toc_number toc_depth_2\">2.3<\/span> Ufficio informazioni Gargantas de Escua\u00edn<\/a><ul><li><a href=\"#punto-di-informazione-di-escuain\"><span class=\"toc_number toc_depth_3\">2.3.1<\/span> Punto di informazione di Escua\u00edn<\/a><\/li><li><a href=\"#centro-visitatori-di-tella\"><span class=\"toc_number toc_depth_3\">2.3.2<\/span> Centro visitatori di Tella<\/a><\/li><\/ul><\/li><li><a href=\"#ufficio-informazioni-valle-di-pineta\"><span class=\"toc_number toc_depth_2\">2.4<\/span> Ufficio informazioni Valle di Pineta<\/a><ul><li><a href=\"#ufficio-del-turismo-di-bielsa\"><span class=\"toc_number toc_depth_3\">2.4.1<\/span> Ufficio del Turismo di Bielsa<\/a><\/li><li><a href=\"#punto-di-informazione-di-pineta\"><span class=\"toc_number toc_depth_3\">2.4.2<\/span> Punto di informazione di Pineta<\/a><\/li><\/ul><\/li><\/ul><\/li><li><a href=\"#altri-punti-di-informazione-e-numeri-utili-per-i-viaggiatori\"><span class=\"toc_number toc_depth_1\">3<\/span> Altri punti di informazione e numeri utili per i viaggiatori<\/a><\/li><\/ul><\/div>\n\n<p>Benvenuti nella <strong>maestosa<\/strong> regione di <strong>Ordesa e Monte Perdido<\/strong>, un paradiso naturale situato nel cuore dei Pirenei. Quest&#8217;area protetta, dichiarata <strong>Parco Nazionale<\/strong> e <strong>Patrimonio Mondiale dell&#8217;UNESCO<\/strong>, offre ai visitatori un&#8217;esperienza unica e indimenticabile, con paesaggi spettacolari e una grande diversit\u00e0 di flora e fauna.<\/p>\n<h2><span id=\"mappa-degli-uffici-informazioni-a-ordesa-e-monte-perdido\">Mappa degli uffici informazioni a Ordesa e Monte Perdido<\/span><\/h2>\n<p>Per rendere la vostra visita ancora pi\u00f9 arricchente, \u00e8 fondamentale disporre delle informazioni adeguate e aggiornate. Per questo mettiamo a vostra disposizione gli <strong>Uffici Informazioni e Turismo<\/strong> nella regione, dove potrete trovare mappe, brochure, consigli da esperti e raccomandazioni personalizzate.<\/p>\n<p><a href=\"https:\/\/www.ordesamonteperdido.com\/it\/wp-content\/uploads\/uffici-informazioni-turistiche-di-ordesa-e-monte-perdido.jpg\" target=\"_blank\" rel=\"noopener\"><img class=\"aligncenter wp-image-2279 size-full\" src=\"https:\/\/www.ordesamonteperdido.com\/it\/wp-content\/uploads\/uffici-informazioni-turistiche-di-ordesa-e-monte-perdido.jpg\" alt=\"Uffici informazioni turistiche di Ordesa e Monte Perdido\" width=\"1134\" height=\"758\" srcset=\"https:\/\/www.ordesamonteperdido.com\/it\/wp-content\/uploads\/uffici-informazioni-turistiche-di-ordesa-e-monte-perdido.jpg 1134w, https:\/\/www.ordesamonteperdido.com\/it\/wp-content\/uploads\/uffici-informazioni-turistiche-di-ordesa-e-monte-perdido-336x225.jpg 336w, https:\/\/www.ordesamonteperdido.com\/it\/wp-content\/uploads\/uffici-informazioni-turistiche-di-ordesa-e-monte-perdido-1024x684.jpg 1024w, https:\/\/www.ordesamonteperdido.com\/it\/wp-content\/uploads\/uffici-informazioni-turistiche-di-ordesa-e-monte-perdido-768x513.jpg 768w\" sizes=\"(max-width: 1134px) 100vw, 1134px\" \/><\/a><\/p>\n<h2><span id=\"uffici-del-turismo-del-parco-nazionale-di-ordesa-y-monte-perdido\">Uffici del Turismo del Parco Nazionale di Ordesa y Monte Perdido<\/span><\/h2>\n<h3><span id=\"ufficio-informazioni-valle-di-ordesa\">Ufficio informazioni Valle di Ordesa<\/span><\/h3>\n<section class=\"lstborder\">\n<h4><span id=\"ufficio-del-turismo-di-torla\">Ufficio del Turismo di Torla<\/span><\/h4>\n<ul>\n<li><strong>Indirizzo<\/strong>: Avda. Ordesa s\/n. 22376. Torla.<\/li>\n<li><strong>Orario<\/strong>: Dalle 09:00 alle 14:00 e dalle 16:15 alle 19:00 tutti i giorni. In estate, da luglio al 15 settembre, dalle 09:00 alle 13:30 e dalle 16:00 in poi.<\/li>\n<li><strong>Numero di telefono<\/strong>: 974 48 64 72.<\/li>\n<\/ul>\n<\/section>\n<section class=\"lstborder\">\n<h4><span id=\"punto-di-informazione-pradera-di-ordesa\">Punto di informazione Pradera di Ordesa<\/span><\/h4>\n<ul>\n<li><strong>Indirizzo<\/strong>: Pradera di Ordesa.<\/li>\n<li><strong>Orario<\/strong>: Dal 29 giugno al 15 settembre, dalle 09:00 alle 14:00 e dalle 16:15 alle 19:00.<\/li>\n<\/ul>\n<\/section>\n<hr \/>\n<h3><span id=\"ufficio-informazioni-canon-del-anisclo\">Ufficio informazioni Ca\u00f1\u00f3n del Anisclo<\/span><\/h3>\n<section class=\"lstborder\">\n<h4><span id=\"ufficio-del-turismo-di-ainsa\">Ufficio del Turismo di A\u00ednsa<\/span><\/h4>\n<ul>\n<li><strong>Indirizzo<\/strong>: Avda. Ordesa, 5, A\u00ednsa, Huesca, 22330.<\/li>\n<li><strong>Orario<\/strong>: Aperto tutto l&#8217;anno. Da luned\u00ec a sabato, dalle 10:00 alle 14:00.<\/li>\n<li><strong>Numero di telefono<\/strong>: 974 50 07 67<\/li>\n<\/ul>\n<\/section>\n<section class=\"lstborder\">\n<h4><span id=\"punto-di-informazione-a-escalona\">Punto di informazione a Escalona<\/span><\/h4>\n<ul>\n<li><strong>Indirizzo<\/strong>: all&#8217;ingresso del paese, provenendo da A\u00ednsa, a sinistra accanto all&#8217;ufficio postale e alla fermata dell&#8217;autobus. Edificio portal de A\u00f1isclo n\u00ba 9. Escalona.<\/li>\n<li><strong>Orario nei giorni lavorativi<\/strong>: aperto tutti i giorni dalle 9:00 alle 14:00.<\/li>\n<li><strong>Orario nei weekend e festivi<\/strong>: dalle 9:00 alle 14:00 e dalle 16:15 alle 19:00.<\/li>\n<li><strong>Numero di telefono<\/strong>: 974 50 51 31.<\/li>\n<\/ul>\n<\/section>\n<h5><span id=\"come-arrivare-al-punto-di-informazione-di-escalona\">Come arrivare al punto di informazione di Escalona<\/span><\/h5>\n<p><iframe style=\"border: 0;\" src=\"https:\/\/www.google.com\/maps\/embed?pb=!1m18!1m12!1m3!1d1470.8396623038986!2d0.14273065700323395!3d42.498369642765!2m3!1f0!2f0!3f0!3m2!1i1024!2i768!4f13.1!3m3!1m2!1s0x12a7fcce96c0286d%3A0x5a7718c263f136e1!2s22363%20Escalona%2C%20Huesca!5e0!3m2!1ses!2ses!4v1683291119904!5m2!1ses!2ses\" width=\"100%\" height=\"450\" allowfullscreen=\"allowfullscreen\"><\/iframe><\/p>\n<section class=\"lstborder\">\n<h4><span id=\"punto-di-informazione-di-fanlo\">Punto di informazione di Fanlo<\/span><\/h4>\n<ul>\n<li><strong>Indirizzo<\/strong>: Calle la Iglesia, s\/n. 22375 Fanlo.<\/li>\n<li><strong>Telefono<\/strong>: 974 94 81 50.<\/li>\n<li><strong>Orario mercoled\u00ec a domenica<\/strong>: dalle 9:00 alle 14:00 e dalle 16:15 alle 19:00 (Aperto dal 28 giugno al 3 settembre).<\/li>\n<li><strong>Numero di telefono<\/strong>: 974 94 81 50.<\/li>\n<\/ul>\n<\/section>\n<section class=\"lstborder\">\n<h4><span id=\"punto-di-informazione-di-san-urbez\">Punto di informazione di San Urbez<\/span><\/h4>\n<ul>\n<li><strong>Indirizzo<\/strong>: Parcheggio San Urbez (Ca\u00f1\u00f3n de A\u00f1isclo).<\/li>\n<li><strong>Telefono<\/strong>: 974 94 81 50.<\/li>\n<li><strong>Orario di apertura<\/strong>: dalle 09:00 alle 14:00.<\/li>\n<li><strong>Orario estivo<\/strong>: dalle 08:00 alle 18:00 (dal 1 giugno al 30 settembre).<\/li>\n<\/ul>\n<\/section>\n<p>Il Punto di Informazione di San Urbez si trova nel parcheggio di San Urbez, situato all&#8217;ingresso del Ca\u00f1\u00f3n de A\u00f1isclo. Da questo punto partono alcuni dei sentieri escursionistici pi\u00f9 rinomati del Parco, rendendolo un luogo chiave per i visitatori che desiderano esplorare la zona.<\/p>\n<p>I turisti possono ottenere informazioni utili per la loro visita al Parco. Sono disponibili mappe aggiornate dell&#8217;area, nonch\u00e9 dettagli sui servizi disponibili e sui diversi percorsi e sentieri che \u00e8 possibile esplorare. \u00c8 anche possibile ricevere consigli personalizzati su attivit\u00e0 e luoghi di interesse, rendendo il Punto di Informazione una tappa essenziale per i visitatori del Parco.<\/p>\n<h5><span id=\"come-arrivare-al-punto-di-informazione-di-san-urbez\">Come arrivare al punto di informazione di San Urbez<\/span><\/h5>\n<p><iframe style=\"border: 0;\" src=\"https:\/\/www.google.com\/maps\/embed?pb=!1m18!1m12!1m3!1d1469.4167127758385!2d0.04898585696578195!3d42.55882979276376!2m3!1f0!2f0!3f0!3m2!1i1024!2i768!4f13.1!3m3!1m2!1s0x12a8009a37a25565%3A0x68d8f5e9cacd995e!2sAparcamiento%20de%20San%20Urbez!5e0!3m2!1ses!2ses!4v1683290893749!5m2!1ses!2ses\" width=\"100%\" height=\"450\" allowfullscreen=\"allowfullscreen\"><\/iframe><\/p>\n<hr \/>\n<h3><span id=\"ufficio-informazioni-gargantas-de-escuain\">Ufficio informazioni Gargantas de Escua\u00edn<\/span><\/h3>\n<section class=\"lstborder\">\n<h4><span id=\"punto-di-informazione-di-escuain\">Punto di informazione di Escua\u00edn<\/span><\/h4>\n<ul>\n<li><strong>Indirizzo<\/strong>: Calle \u00danica s\/n. 22362 Escua\u00edn.<\/li>\n<li><strong>Orario<\/strong>: Tutti i giorni dalle 9:00 alle 14:30 e dalle 15:00 alle 19:00. Chiuso a partire dal 14 ottobre<strong>.<br \/>\n<\/strong><\/li>\n<\/ul>\n<\/section>\n<section class=\"lstborder\">\n<h4><span id=\"centro-visitatori-di-tella\">Centro visitatori di Tella<\/span><\/h4>\n<ul>\n<li><strong>Indirizzo<\/strong>: Calle La Iglesia s\/n. 22364 Tella.<\/li>\n<li><strong>Orario<\/strong>: Fine settimana dalle 9:00 alle 14:00 e dalle 15:15 alle 18:00.<\/li>\n<li><strong>Numero di telefono<\/strong>: 974 34 66 77.<\/li>\n<\/ul>\n<\/section>\n<hr \/>\n<h3><span id=\"ufficio-informazioni-valle-di-pineta\">Ufficio informazioni Valle di Pineta<\/span><\/h3>\n<section class=\"lstborder\">\n<h4><span id=\"ufficio-del-turismo-di-bielsa\">Ufficio del Turismo di Bielsa<\/span><\/h4>\n<ul>\n<li><strong>Indirizzo<\/strong>: Plaza Mayor, s\/n, 22350 Bielsa, Huesca.<\/li>\n<li><strong>Orario<\/strong>: Luned\u00ec al venerd\u00ec dalle 09:00 alle 14:00, nei weekend dalle 09:00 alle 14:00 e dalle 15:00 alle 18:00.<\/li>\n<li><strong>Numero di telefono<\/strong>: 974 5010 43.<\/li>\n<\/ul>\n<\/section>\n<section class=\"lstborder\">\n<h4><span id=\"punto-di-informazione-di-pineta\">Punto di informazione di Pineta<\/span><\/h4>\n<ul>\n<li><strong>Indirizzo<\/strong>: alla fine della strada di accesso alla valle di Pineta, sulla sponda destra del fiume Cinca, vicino al Parador Nacional e al parcheggio.<\/li>\n<li><strong>Orario<\/strong>: Aperto durante la settimana santa e da inizio giugno a met\u00e0 ottobre. L&#8217;orario \u00e8 dalle 09:00 alle 14:00 e dalle 16:00 alle 19:00.<\/li>\n<\/ul>\n<\/section>\n<hr \/>\n<h2><span id=\"altri-punti-di-informazione-e-numeri-utili-per-i-viaggiatori\">Altri punti di informazione e numeri utili per i viaggiatori<\/span><\/h2>\n<p>In caso di emergenza o per eventuali ulteriori domande, non esitate a contattare i seguenti <strong>numeri di telefono<\/strong> per l&#8217;assistenza al pubblico:<\/p>\n<section class=\"lstborder\">\n<ul>\n<li><strong>Ufficio del Turismo di Ordesa y Monte Perdido:<\/strong> 974 50 51 31.<\/li>\n<li><strong>Guardia Civil &#8211; Servizio di Montagna:<\/strong> 974 36 13 54.<\/li>\n<li><strong>Centro visitatori:<\/strong> <span class=\"mw31Ze\" aria-label=\"Chiamare il numero di telefono 974 48 64 72\">974 48 64 72.<\/span><\/li>\n<\/ul>\n<\/section>\n<p>Speriamo che tu possa goderti appieno la tua avventura a <strong><a href=\"https:\/\/www.ordesamonteperdido.com\/it\/\">Ordesa y Monte Perdido<\/a><\/strong> e che queste risorse siano di grande aiuto. Buon viaggio e felici esplorazioni!<\/p>\n","protected":false},"excerpt":{"rendered":"<p>Benvenuti nella maestosa regione di Ordesa e Monte Perdido, un paradiso naturale situato nel cuore dei Pirenei. Quest&#8217;area protetta, dichiarata Parco Nazionale e Patrimonio Mondiale dell&#8217;UNESCO, offre ai visitatori un&#8217;esperienza unica e indimenticabile, con&#46;&#46;&#46;<\/p>\n","protected":false},"author":2,"featured_media":2278,"parent":0,"menu_order":0,"comment_status":"closed","ping_status":"closed","template":"","meta":[],"yoast_head":"<!-- This site is optimized with the Yoast SEO plugin v20.1 - https:\/\/yoast.com\/wordpress\/plugins\/seo\/ -->\n<title>Uffici di Informazione, Turismo e Numeri di Telefono di Ordesa y Monte Perdido<\/title>\n<meta name=\"description\" content=\"Benvenuti nella maestosa regione di Ordesa e Monte Perdido, un paradiso naturale situato nel cuore dei Pirenei. Quest&#039;area protetta, dichiarata Parco\" \/>\n<meta name=\"robots\" content=\"index, follow, max-snippet:-1, max-image-preview:large, max-video-preview:-1\" \/>\n<link rel=\"canonical\" href=\"https:\/\/www.ordesamonteperdido.com\/it\/uffici-di-informazione\/\" \/>\n<meta property=\"og:locale\" content=\"it_IT\" \/>\n<meta property=\"og:type\" content=\"article\" \/>\n<meta property=\"og:title\" content=\"Uffici di Informazione, Turismo e Numeri di Telefono di Ordesa y Monte Perdido\" \/>\n<meta property=\"og:description\" content=\"Benvenuti nella maestosa regione di Ordesa e Monte Perdido, un paradiso naturale situato nel cuore dei Pirenei. Quest&#039;area protetta, dichiarata Parco\" \/>\n<meta property=\"og:url\" content=\"https:\/\/www.ordesamonteperdido.com\/it\/uffici-di-informazione\/\" \/>\n<meta property=\"og:site_name\" content=\"Ordesa e Monte Perdido\" \/>\n<meta property=\"article:modified_time\" content=\"2024-08-30T12:32:31+00:00\" \/>\n<meta property=\"og:image\" content=\"https:\/\/www.ordesamonteperdido.com\/it\/wp-content\/uploads\/ufficio-informazioni-turistiche-di-ordesa.jpg\" \/>\n\t<meta property=\"og:image:width\" content=\"1200\" \/>\n\t<meta property=\"og:image:height\" content=\"621\" \/>\n\t<meta property=\"og:image:type\" content=\"image\/jpeg\" \/>\n<meta name=\"twitter:card\" content=\"summary_large_image\" \/>\n<meta name=\"twitter:label1\" content=\"Tiempo de lectura\" \/>\n\t<meta name=\"twitter:data1\" content=\"4 minutos\" \/>\n<script type=\"application\/ld+json\" class=\"yoast-schema-graph\">{\"@context\":\"https:\/\/schema.org\",\"@graph\":[{\"@type\":\"WebPage\",\"@id\":\"https:\/\/www.ordesamonteperdido.com\/it\/uffici-di-informazione\/\",\"url\":\"https:\/\/www.ordesamonteperdido.com\/it\/uffici-di-informazione\/\",\"name\":\"Uffici di Informazione, Turismo e Numeri di Telefono di Ordesa y Monte Perdido\",\"isPartOf\":{\"@id\":\"https:\/\/www.ordesamonteperdido.com\/it\/#website\"},\"datePublished\":\"2023-05-04T10:19:39+00:00\",\"dateModified\":\"2024-08-30T12:32:31+00:00\",\"description\":\"Benvenuti nella maestosa regione di Ordesa e Monte Perdido, un paradiso naturale situato nel cuore dei Pirenei. Quest'area protetta, dichiarata Parco\",\"breadcrumb\":{\"@id\":\"https:\/\/www.ordesamonteperdido.com\/it\/uffici-di-informazione\/#breadcrumb\"},\"inLanguage\":\"it\",\"potentialAction\":[{\"@type\":\"ReadAction\",\"target\":[\"https:\/\/www.ordesamonteperdido.com\/it\/uffici-di-informazione\/\"]}]},{\"@type\":\"BreadcrumbList\",\"@id\":\"https:\/\/www.ordesamonteperdido.com\/it\/uffici-di-informazione\/#breadcrumb\",\"itemListElement\":[{\"@type\":\"ListItem\",\"position\":1,\"name\":\"Portada\",\"item\":\"https:\/\/www.ordesamonteperdido.com\/it\/\"},{\"@type\":\"ListItem\",\"position\":2,\"name\":\"Uffici informazioni, turismo e numeri di telefono di Ordesa e Monte Perdido\"}]},{\"@type\":\"WebSite\",\"@id\":\"https:\/\/www.ordesamonteperdido.com\/it\/#website\",\"url\":\"https:\/\/www.ordesamonteperdido.com\/it\/\",\"name\":\"Ordesa e Monte Perdido\",\"description\":\"Turismo, alloggio, percorsi e guide\",\"publisher\":{\"@id\":\"https:\/\/www.ordesamonteperdido.com\/it\/#organization\"},\"potentialAction\":[{\"@type\":\"SearchAction\",\"target\":{\"@type\":\"EntryPoint\",\"urlTemplate\":\"https:\/\/www.ordesamonteperdido.com\/it\/?s={search_term_string}\"},\"query-input\":\"required name=search_term_string\"}],\"inLanguage\":\"it\"},{\"@type\":\"Organization\",\"@id\":\"https:\/\/www.ordesamonteperdido.com\/it\/#organization\",\"name\":\"Ordesa e Monte Perdido\",\"url\":\"https:\/\/www.ordesamonteperdido.com\/it\/\",\"logo\":{\"@type\":\"ImageObject\",\"inLanguage\":\"it\",\"@id\":\"https:\/\/www.ordesamonteperdido.com\/it\/#\/schema\/logo\/image\/\",\"url\":\"https:\/\/www.ordesamonteperdido.com\/it\/wp-content\/uploads\/ordesa-monteperdido-logo.png\",\"contentUrl\":\"https:\/\/www.ordesamonteperdido.com\/it\/wp-content\/uploads\/ordesa-monteperdido-logo.png\",\"width\":567,\"height\":69,\"caption\":\"Ordesa e Monte Perdido\"},\"image\":{\"@id\":\"https:\/\/www.ordesamonteperdido.com\/it\/#\/schema\/logo\/image\/\"}}]}<\/script>\n<!-- \/ Yoast SEO plugin. -->","yoast_head_json":{"title":"Uffici di Informazione, Turismo e Numeri di Telefono di Ordesa y Monte Perdido","description":"Benvenuti nella maestosa regione di Ordesa e Monte Perdido, un paradiso naturale situato nel cuore dei Pirenei. Quest'area protetta, dichiarata Parco","robots":{"index":"index","follow":"follow","max-snippet":"max-snippet:-1","max-image-preview":"max-image-preview:large","max-video-preview":"max-video-preview:-1"},"canonical":"https:\/\/www.ordesamonteperdido.com\/it\/uffici-di-informazione\/","og_locale":"it_IT","og_type":"article","og_title":"Uffici di Informazione, Turismo e Numeri di Telefono di Ordesa y Monte Perdido","og_description":"Benvenuti nella maestosa regione di Ordesa e Monte Perdido, un paradiso naturale situato nel cuore dei Pirenei. Quest'area protetta, dichiarata Parco","og_url":"https:\/\/www.ordesamonteperdido.com\/it\/uffici-di-informazione\/","og_site_name":"Ordesa e Monte Perdido","article_modified_time":"2024-08-30T12:32:31+00:00","og_image":[{"width":1200,"height":621,"url":"https:\/\/www.ordesamonteperdido.com\/it\/wp-content\/uploads\/ufficio-informazioni-turistiche-di-ordesa.jpg","type":"image\/jpeg"}],"twitter_card":"summary_large_image","twitter_misc":{"Tiempo de lectura":"4 minutos"},"schema":{"@context":"https:\/\/schema.org","@graph":[{"@type":"WebPage","@id":"https:\/\/www.ordesamonteperdido.com\/it\/uffici-di-informazione\/","url":"https:\/\/www.ordesamonteperdido.com\/it\/uffici-di-informazione\/","name":"Uffici di Informazione, Turismo e Numeri di Telefono di Ordesa y Monte Perdido","isPartOf":{"@id":"https:\/\/www.ordesamonteperdido.com\/it\/#website"},"datePublished":"2023-05-04T10:19:39+00:00","dateModified":"2024-08-30T12:32:31+00:00","description":"Benvenuti nella maestosa regione di Ordesa e Monte Perdido, un paradiso naturale situato nel cuore dei Pirenei. Quest'area protetta, dichiarata Parco","breadcrumb":{"@id":"https:\/\/www.ordesamonteperdido.com\/it\/uffici-di-informazione\/#breadcrumb"},"inLanguage":"it","potentialAction":[{"@type":"ReadAction","target":["https:\/\/www.ordesamonteperdido.com\/it\/uffici-di-informazione\/"]}]},{"@type":"BreadcrumbList","@id":"https:\/\/www.ordesamonteperdido.com\/it\/uffici-di-informazione\/#breadcrumb","itemListElement":[{"@type":"ListItem","position":1,"name":"Portada","item":"https:\/\/www.ordesamonteperdido.com\/it\/"},{"@type":"ListItem","position":2,"name":"Uffici informazioni, turismo e numeri di telefono di Ordesa e Monte Perdido"}]},{"@type":"WebSite","@id":"https:\/\/www.ordesamonteperdido.com\/it\/#website","url":"https:\/\/www.ordesamonteperdido.com\/it\/","name":"Ordesa e Monte Perdido","description":"Turismo, alloggio, percorsi e guide","publisher":{"@id":"https:\/\/www.ordesamonteperdido.com\/it\/#organization"},"potentialAction":[{"@type":"SearchAction","target":{"@type":"EntryPoint","urlTemplate":"https:\/\/www.ordesamonteperdido.com\/it\/?s={search_term_string}"},"query-input":"required name=search_term_string"}],"inLanguage":"it"},{"@type":"Organization","@id":"https:\/\/www.ordesamonteperdido.com\/it\/#organization","name":"Ordesa e Monte Perdido","url":"https:\/\/www.ordesamonteperdido.com\/it\/","logo":{"@type":"ImageObject","inLanguage":"it","@id":"https:\/\/www.ordesamonteperdido.com\/it\/#\/schema\/logo\/image\/","url":"https:\/\/www.ordesamonteperdido.com\/it\/wp-content\/uploads\/ordesa-monteperdido-logo.png","contentUrl":"https:\/\/www.ordesamonteperdido.com\/it\/wp-content\/uploads\/ordesa-monteperdido-logo.png","width":567,"height":69,"caption":"Ordesa e Monte Perdido"},"image":{"@id":"https:\/\/www.ordesamonteperdido.com\/it\/#\/schema\/logo\/image\/"}}]}},"_links":{"self":[{"href":"https:\/\/www.ordesamonteperdido.com\/it\/wp-json\/wp\/v2\/pages\/909"}],"collection":[{"href":"https:\/\/www.ordesamonteperdido.com\/it\/wp-json\/wp\/v2\/pages"}],"about":[{"href":"https:\/\/www.ordesamonteperdido.com\/it\/wp-json\/wp\/v2\/types\/page"}],"author":[{"embeddable":true,"href":"https:\/\/www.ordesamonteperdido.com\/it\/wp-json\/wp\/v2\/users\/2"}],"replies":[{"embeddable":true,"href":"https:\/\/www.ordesamonteperdido.com\/it\/wp-json\/wp\/v2\/comments?post=909"}],"version-history":[{"count":0,"href":"https:\/\/www.ordesamonteperdido.com\/it\/wp-json\/wp\/v2\/pages\/909\/revisions"}],"wp:featuredmedia":[{"embeddable":true,"href":"https:\/\/www.ordesamonteperdido.com\/it\/wp-json\/wp\/v2\/media\/2278"}],"wp:attachment":[{"href":"https:\/\/www.ordesamonteperdido.com\/it\/wp-json\/wp\/v2\/media?parent=909"}],"curies":[{"name":"wp","href":"https:\/\/api.w.org\/{rel}","templated":true}]}}