{"id":949,"date":"2023-05-04T12:37:40","date_gmt":"2023-05-04T10:37:40","guid":{"rendered":"https:\/\/www.ordesamonteperdido.com\/it\/?page_id=949"},"modified":"2024-08-30T15:09:30","modified_gmt":"2024-08-30T13:09:30","slug":"attivita","status":"publish","type":"page","link":"https:\/\/www.ordesamonteperdido.com\/it\/attivita\/","title":{"rendered":"Attivit\u00e0 a Ordesa e Monte Perdido"},"content":{"rendered":"<p>Benvenuti alle nostre attivit\u00e0 a Ordesa e Monte Perdido! Se stai cercando avventura e desideri goderti la natura in tutto il suo splendore, qui troverai tutte le attivit\u00e0 consigliate per il <a href=\"https:\/\/www.ordesamonteperdido.com\/it\/parco-nazionale\/\">Parco Nazionale di Ordesa e Monte Perdido<\/a>. Sono disponibili una vasta gamma di attivit\u00e0 e <a href=\"https:\/\/www.ordesamonteperdido.com\/it\/percorsi\/\">percorsi escursionistici adatti a tutti i livelli<\/a> e gusti, che vanno dal trekking all&#8217;arrampicata, passando per il canyoning e il rafting. I nostri guide ti accompagneranno durante ogni visita per garantire che tu possa goderti una vacanza indimenticabile. Unisciti a noi e vivi un&#8217;esperienza unica in questo luogo naturale unico al mondo!<\/p>\n<div class=\"display-posts-listing image-top\"><div class=\"listing-item\"><a class=\"image\" href=\"https:\/\/www.ordesamonteperdido.com\/it\/percorsi\/\"><img width=\"1024\" height=\"684\" src=\"https:\/\/www.ordesamonteperdido.com\/it\/wp-content\/uploads\/mappa-del-parco-nazionale-di-ordesa-e-monte-perdido-1024x684.jpg\" class=\"attachment-large size-large wp-post-image\" alt=\"Mappa del Parco Nazionale di Ordesa e Monte Perdido\" loading=\"lazy\" srcset=\"https:\/\/www.ordesamonteperdido.com\/it\/wp-content\/uploads\/mappa-del-parco-nazionale-di-ordesa-e-monte-perdido-1024x684.jpg 1024w, https:\/\/www.ordesamonteperdido.com\/it\/wp-content\/uploads\/mappa-del-parco-nazionale-di-ordesa-e-monte-perdido-336x225.jpg 336w, https:\/\/www.ordesamonteperdido.com\/it\/wp-content\/uploads\/mappa-del-parco-nazionale-di-ordesa-e-monte-perdido-768x513.jpg 768w, https:\/\/www.ordesamonteperdido.com\/it\/wp-content\/uploads\/mappa-del-parco-nazionale-di-ordesa-e-monte-perdido.jpg 1134w\" sizes=\"(max-width: 1024px) 100vw, 1024px\" \/><\/a> <h3><a class=\"title\" href=\"https:\/\/www.ordesamonteperdido.com\/it\/percorsi\/\">Percorsi di Ordesa e Monte Perdido<\/a><\/h3><\/div><div class=\"listing-item\"><a class=\"image\" href=\"https:\/\/www.ordesamonteperdido.com\/it\/percorsi-osservazione-uccelli\/\"><img width=\"1024\" height=\"530\" src=\"https:\/\/www.ordesamonteperdido.com\/it\/wp-content\/uploads\/percorsi-osservazione-uccelli-1024x530.jpg\" class=\"attachment-large size-large wp-post-image\" alt=\"Percorsi di Osservazione degli Uccelli in Ordesa e Monte Perdido\" loading=\"lazy\" srcset=\"https:\/\/www.ordesamonteperdido.com\/it\/wp-content\/uploads\/percorsi-osservazione-uccelli-1024x530.jpg 1024w, https:\/\/www.ordesamonteperdido.com\/it\/wp-content\/uploads\/percorsi-osservazione-uccelli-336x174.jpg 336w, https:\/\/www.ordesamonteperdido.com\/it\/wp-content\/uploads\/percorsi-osservazione-uccelli-768x397.jpg 768w, https:\/\/www.ordesamonteperdido.com\/it\/wp-content\/uploads\/percorsi-osservazione-uccelli.jpg 1200w\" sizes=\"(max-width: 1024px) 100vw, 1024px\" \/><\/a> <h3><a class=\"title\" href=\"https:\/\/www.ordesamonteperdido.com\/it\/percorsi-osservazione-uccelli\/\">Observazione degli Uccelli<\/a><\/h3><\/div><div class=\"listing-item\"><a class=\"image\" href=\"https:\/\/www.ordesamonteperdido.com\/it\/punti-per-fotografare-gli-uccelli\/\"><img width=\"1024\" height=\"617\" src=\"https:\/\/www.ordesamonteperdido.com\/it\/wp-content\/uploads\/percorsi-di-osservazione-degli-uccelli-1024x617.jpg\" class=\"attachment-large size-large wp-post-image\" alt=\"Punti di osservazione degli uccelli nel Parco Nazionale di Ordesa e Monte Perdido\" loading=\"lazy\" srcset=\"https:\/\/www.ordesamonteperdido.com\/it\/wp-content\/uploads\/percorsi-di-osservazione-degli-uccelli-1024x617.jpg 1024w, https:\/\/www.ordesamonteperdido.com\/it\/wp-content\/uploads\/percorsi-di-osservazione-degli-uccelli-336x202.jpg 336w, https:\/\/www.ordesamonteperdido.com\/it\/wp-content\/uploads\/percorsi-di-osservazione-degli-uccelli-768x463.jpg 768w, https:\/\/www.ordesamonteperdido.com\/it\/wp-content\/uploads\/percorsi-di-osservazione-degli-uccelli-1536x925.jpg 1536w, https:\/\/www.ordesamonteperdido.com\/it\/wp-content\/uploads\/percorsi-di-osservazione-degli-uccelli.jpg 1760w\" sizes=\"(max-width: 1024px) 100vw, 1024px\" \/><\/a> <h3><a class=\"title\" href=\"https:\/\/www.ordesamonteperdido.com\/it\/punti-per-fotografare-gli-uccelli\/\">Punti di Osservazione e Fotografia degli Uccelli<\/a><\/h3><\/div><div class=\"listing-item\"><a class=\"image\" href=\"https:\/\/www.ordesamonteperdido.com\/it\/percorso-per-osservare-il-gipeto-gypaetus-barbatus-dallosservatorio-della-valle\/\"><img width=\"1024\" height=\"530\" src=\"https:\/\/www.ordesamonteperdido.com\/it\/wp-content\/uploads\/gipeto-gypaetus-barbatus-1024x530.jpg\" class=\"attachment-large size-large wp-post-image\" alt=\"Gipeto (Gypaetus barbatus)\" loading=\"lazy\" srcset=\"https:\/\/www.ordesamonteperdido.com\/it\/wp-content\/uploads\/gipeto-gypaetus-barbatus-1024x530.jpg 1024w, https:\/\/www.ordesamonteperdido.com\/it\/wp-content\/uploads\/gipeto-gypaetus-barbatus-336x174.jpg 336w, https:\/\/www.ordesamonteperdido.com\/it\/wp-content\/uploads\/gipeto-gypaetus-barbatus-768x397.jpg 768w, https:\/\/www.ordesamonteperdido.com\/it\/wp-content\/uploads\/gipeto-gypaetus-barbatus.jpg 1200w\" sizes=\"(max-width: 1024px) 100vw, 1024px\" \/><\/a> <h3><a class=\"title\" href=\"https:\/\/www.ordesamonteperdido.com\/it\/percorso-per-osservare-il-gipeto-gypaetus-barbatus-dallosservatorio-della-valle\/\">Rotta del Gipeto<\/a><\/h3><\/div><\/div>\n","protected":false},"excerpt":{"rendered":"<p>Benvenuti alle nostre attivit\u00e0 a Ordesa e Monte Perdido! Se stai cercando avventura e desideri goderti la natura in tutto il suo splendore, qui troverai tutte le attivit\u00e0 consigliate per il Parco Nazionale di&#46;&#46;&#46;<\/p>\n","protected":false},"author":2,"featured_media":0,"parent":0,"menu_order":0,"comment_status":"closed","ping_status":"closed","template":"","meta":[],"yoast_head":"<!-- This site is optimized with the Yoast SEO plugin v20.1 - https:\/\/yoast.com\/wordpress\/plugins\/seo\/ -->\n<title>Attivit\u00e0 a Ordesa e Monte Perdido<\/title>\n<meta name=\"description\" content=\"Le attivit\u00e0 pi\u00f9 consigliate per il Parco Nazionale di Ordesa e Monte Perdido sono: percorsi escursionistici adatti a tutti i livelli, arrampicata, canyoning e osservazione degli uccelli nel parco.\" \/>\n<meta name=\"robots\" content=\"index, follow, max-snippet:-1, max-image-preview:large, max-video-preview:-1\" \/>\n<link rel=\"canonical\" href=\"https:\/\/www.ordesamonteperdido.com\/it\/attivita\/\" \/>\n<meta property=\"og:locale\" content=\"it_IT\" \/>\n<meta property=\"og:type\" content=\"article\" \/>\n<meta property=\"og:title\" content=\"Attivit\u00e0 a Ordesa e Monte Perdido\" \/>\n<meta property=\"og:description\" content=\"Le attivit\u00e0 pi\u00f9 consigliate per il Parco Nazionale di Ordesa e Monte Perdido sono: percorsi escursionistici adatti a tutti i livelli, arrampicata, canyoning e osservazione degli uccelli nel parco.\" \/>\n<meta property=\"og:url\" content=\"https:\/\/www.ordesamonteperdido.com\/it\/attivita\/\" \/>\n<meta property=\"og:site_name\" content=\"Ordesa e Monte Perdido\" \/>\n<meta property=\"article:modified_time\" content=\"2024-08-30T13:09:30+00:00\" \/>\n<meta name=\"twitter:card\" content=\"summary_large_image\" \/>\n<meta name=\"twitter:label1\" content=\"Tiempo de lectura\" \/>\n\t<meta name=\"twitter:data1\" content=\"1 minuto\" \/>\n<script type=\"application\/ld+json\" class=\"yoast-schema-graph\">{\"@context\":\"https:\/\/schema.org\",\"@graph\":[{\"@type\":\"WebPage\",\"@id\":\"https:\/\/www.ordesamonteperdido.com\/it\/attivita\/\",\"url\":\"https:\/\/www.ordesamonteperdido.com\/it\/attivita\/\",\"name\":\"Attivit\u00e0 a Ordesa e Monte Perdido\",\"isPartOf\":{\"@id\":\"https:\/\/www.ordesamonteperdido.com\/it\/#website\"},\"datePublished\":\"2023-05-04T10:37:40+00:00\",\"dateModified\":\"2024-08-30T13:09:30+00:00\",\"description\":\"Le attivit\u00e0 pi\u00f9 consigliate per il Parco Nazionale di Ordesa e Monte Perdido sono: percorsi escursionistici adatti a tutti i livelli, arrampicata, canyoning e osservazione degli uccelli nel parco.\",\"breadcrumb\":{\"@id\":\"https:\/\/www.ordesamonteperdido.com\/it\/attivita\/#breadcrumb\"},\"inLanguage\":\"it\",\"potentialAction\":[{\"@type\":\"ReadAction\",\"target\":[\"https:\/\/www.ordesamonteperdido.com\/it\/attivita\/\"]}]},{\"@type\":\"BreadcrumbList\",\"@id\":\"https:\/\/www.ordesamonteperdido.com\/it\/attivita\/#breadcrumb\",\"itemListElement\":[{\"@type\":\"ListItem\",\"position\":1,\"name\":\"Portada\",\"item\":\"https:\/\/www.ordesamonteperdido.com\/it\/\"},{\"@type\":\"ListItem\",\"position\":2,\"name\":\"Attivit\u00e0 a Ordesa e Monte Perdido\"}]},{\"@type\":\"WebSite\",\"@id\":\"https:\/\/www.ordesamonteperdido.com\/it\/#website\",\"url\":\"https:\/\/www.ordesamonteperdido.com\/it\/\",\"name\":\"Ordesa e Monte Perdido\",\"description\":\"Turismo, alloggio, percorsi e guide\",\"publisher\":{\"@id\":\"https:\/\/www.ordesamonteperdido.com\/it\/#organization\"},\"potentialAction\":[{\"@type\":\"SearchAction\",\"target\":{\"@type\":\"EntryPoint\",\"urlTemplate\":\"https:\/\/www.ordesamonteperdido.com\/it\/?s={search_term_string}\"},\"query-input\":\"required name=search_term_string\"}],\"inLanguage\":\"it\"},{\"@type\":\"Organization\",\"@id\":\"https:\/\/www.ordesamonteperdido.com\/it\/#organization\",\"name\":\"Ordesa e Monte Perdido\",\"url\":\"https:\/\/www.ordesamonteperdido.com\/it\/\",\"logo\":{\"@type\":\"ImageObject\",\"inLanguage\":\"it\",\"@id\":\"https:\/\/www.ordesamonteperdido.com\/it\/#\/schema\/logo\/image\/\",\"url\":\"https:\/\/www.ordesamonteperdido.com\/it\/wp-content\/uploads\/ordesa-monteperdido-logo.png\",\"contentUrl\":\"https:\/\/www.ordesamonteperdido.com\/it\/wp-content\/uploads\/ordesa-monteperdido-logo.png\",\"width\":567,\"height\":69,\"caption\":\"Ordesa e Monte Perdido\"},\"image\":{\"@id\":\"https:\/\/www.ordesamonteperdido.com\/it\/#\/schema\/logo\/image\/\"}}]}<\/script>\n<!-- \/ Yoast SEO plugin. -->","yoast_head_json":{"title":"Attivit\u00e0 a Ordesa e Monte Perdido","description":"Le attivit\u00e0 pi\u00f9 consigliate per il Parco Nazionale di Ordesa e Monte Perdido sono: percorsi escursionistici adatti a tutti i livelli, arrampicata, canyoning e osservazione degli uccelli nel parco.","robots":{"index":"index","follow":"follow","max-snippet":"max-snippet:-1","max-image-preview":"max-image-preview:large","max-video-preview":"max-video-preview:-1"},"canonical":"https:\/\/www.ordesamonteperdido.com\/it\/attivita\/","og_locale":"it_IT","og_type":"article","og_title":"Attivit\u00e0 a Ordesa e Monte Perdido","og_description":"Le attivit\u00e0 pi\u00f9 consigliate per il Parco Nazionale di Ordesa e Monte Perdido sono: percorsi escursionistici adatti a tutti i livelli, arrampicata, canyoning e osservazione degli uccelli nel parco.","og_url":"https:\/\/www.ordesamonteperdido.com\/it\/attivita\/","og_site_name":"Ordesa e Monte Perdido","article_modified_time":"2024-08-30T13:09:30+00:00","twitter_card":"summary_large_image","twitter_misc":{"Tiempo de lectura":"1 minuto"},"schema":{"@context":"https:\/\/schema.org","@graph":[{"@type":"WebPage","@id":"https:\/\/www.ordesamonteperdido.com\/it\/attivita\/","url":"https:\/\/www.ordesamonteperdido.com\/it\/attivita\/","name":"Attivit\u00e0 a Ordesa e Monte Perdido","isPartOf":{"@id":"https:\/\/www.ordesamonteperdido.com\/it\/#website"},"datePublished":"2023-05-04T10:37:40+00:00","dateModified":"2024-08-30T13:09:30+00:00","description":"Le attivit\u00e0 pi\u00f9 consigliate per il Parco Nazionale di Ordesa e Monte Perdido sono: percorsi escursionistici adatti a tutti i livelli, arrampicata, canyoning e osservazione degli uccelli nel parco.","breadcrumb":{"@id":"https:\/\/www.ordesamonteperdido.com\/it\/attivita\/#breadcrumb"},"inLanguage":"it","potentialAction":[{"@type":"ReadAction","target":["https:\/\/www.ordesamonteperdido.com\/it\/attivita\/"]}]},{"@type":"BreadcrumbList","@id":"https:\/\/www.ordesamonteperdido.com\/it\/attivita\/#breadcrumb","itemListElement":[{"@type":"ListItem","position":1,"name":"Portada","item":"https:\/\/www.ordesamonteperdido.com\/it\/"},{"@type":"ListItem","position":2,"name":"Attivit\u00e0 a Ordesa e Monte Perdido"}]},{"@type":"WebSite","@id":"https:\/\/www.ordesamonteperdido.com\/it\/#website","url":"https:\/\/www.ordesamonteperdido.com\/it\/","name":"Ordesa e Monte Perdido","description":"Turismo, alloggio, percorsi e guide","publisher":{"@id":"https:\/\/www.ordesamonteperdido.com\/it\/#organization"},"potentialAction":[{"@type":"SearchAction","target":{"@type":"EntryPoint","urlTemplate":"https:\/\/www.ordesamonteperdido.com\/it\/?s={search_term_string}"},"query-input":"required name=search_term_string"}],"inLanguage":"it"},{"@type":"Organization","@id":"https:\/\/www.ordesamonteperdido.com\/it\/#organization","name":"Ordesa e Monte Perdido","url":"https:\/\/www.ordesamonteperdido.com\/it\/","logo":{"@type":"ImageObject","inLanguage":"it","@id":"https:\/\/www.ordesamonteperdido.com\/it\/#\/schema\/logo\/image\/","url":"https:\/\/www.ordesamonteperdido.com\/it\/wp-content\/uploads\/ordesa-monteperdido-logo.png","contentUrl":"https:\/\/www.ordesamonteperdido.com\/it\/wp-content\/uploads\/ordesa-monteperdido-logo.png","width":567,"height":69,"caption":"Ordesa e Monte Perdido"},"image":{"@id":"https:\/\/www.ordesamonteperdido.com\/it\/#\/schema\/logo\/image\/"}}]}},"_links":{"self":[{"href":"https:\/\/www.ordesamonteperdido.com\/it\/wp-json\/wp\/v2\/pages\/949"}],"collection":[{"href":"https:\/\/www.ordesamonteperdido.com\/it\/wp-json\/wp\/v2\/pages"}],"about":[{"href":"https:\/\/www.ordesamonteperdido.com\/it\/wp-json\/wp\/v2\/types\/page"}],"author":[{"embeddable":true,"href":"https:\/\/www.ordesamonteperdido.com\/it\/wp-json\/wp\/v2\/users\/2"}],"replies":[{"embeddable":true,"href":"https:\/\/www.ordesamonteperdido.com\/it\/wp-json\/wp\/v2\/comments?post=949"}],"version-history":[{"count":0,"href":"https:\/\/www.ordesamonteperdido.com\/it\/wp-json\/wp\/v2\/pages\/949\/revisions"}],"wp:attachment":[{"href":"https:\/\/www.ordesamonteperdido.com\/it\/wp-json\/wp\/v2\/media?parent=949"}],"curies":[{"name":"wp","href":"https:\/\/api.w.org\/{rel}","templated":true}]}}