{"id":952,"date":"2023-05-04T12:38:40","date_gmt":"2023-05-04T10:38:40","guid":{"rendered":"https:\/\/www.ordesamonteperdido.com\/it\/?page_id=952"},"modified":"2024-08-30T14:27:03","modified_gmt":"2024-08-30T12:27:03","slug":"valli","status":"publish","type":"page","link":"https:\/\/www.ordesamonteperdido.com\/it\/valli\/","title":{"rendered":"Valli del Parco Naturale di Ordesa e Monte Perdido"},"content":{"rendered":"<div id=\"toc_container\" class=\"toc_white no_bullets\"><p class=\"toc_title\">Indice<\/p><ul class=\"toc_list\"><li><a href=\"#valli-del-parco-nazionale-di-ordesa-e-monte-perdido\"><span class=\"toc_number toc_depth_1\">1<\/span> Valli del Parco Nazionale di Ordesa e Monte Perdido.<\/a><ul><li><a href=\"#valle-di-ordesa\"><span class=\"toc_number toc_depth_2\">1.1<\/span> Valle di Ordesa<\/a><\/li><li><a href=\"#canyon-di-anisclo\"><span class=\"toc_number toc_depth_2\">1.2<\/span> Canyon di A\u00f1isclo<\/a><\/li><li><a href=\"#valle-di-pineta\"><span class=\"toc_number toc_depth_2\">1.3<\/span> Valle di Pineta<\/a><\/li><li><a href=\"#gole-di-escuain-gargantas-de-escuain\"><span class=\"toc_number toc_depth_2\">1.4<\/span> Gole di Escua\u00edn (Gargantas de Escua\u00edn)<\/a><\/li><\/ul><\/li><li><a href=\"#altri-punti-di-interesse-turistico-nel-parco-di-ordesa-e-monte-perdido\"><span class=\"toc_number toc_depth_1\">2<\/span> Altri punti di interesse turistico nel Parco di Ordesa e Monte Perdido<\/a><ul><li><a href=\"#monte-perdido\"><span class=\"toc_number toc_depth_2\">2.1<\/span> Monte Perdido<\/a><\/li><li><a href=\"#valle-di-bujaruelo\"><span class=\"toc_number toc_depth_2\">2.2<\/span> Valle di Bujaruelo<\/a><\/li><li><a href=\"#faja-de-las-flores\"><span class=\"toc_number toc_depth_2\">2.3<\/span> Faja de las Flores<\/a><\/li><li><a href=\"#massiccio-delle-tres-sorores\"><span class=\"toc_number toc_depth_2\">2.4<\/span> Massiccio delle Tres Sorores<\/a><\/li><\/ul><\/li><\/ul><\/div>\n\n<p>Il Parco Nazionale di Ordesa e Monte Perdido \u00e8 stato riconosciuto come <strong>Patrimonio dell&#8217;Umanit\u00e0 dall&#8217;UNESCO<\/strong> (<a href=\"https:\/\/whc.unesco.org\/es\/list\/773\" target=\"_blank\" rel=\"nofollow noopener\">vedi riferimento<\/a>). Il parco comprende quattro valli (<a href=\"https:\/\/www.ordesamonteperdido.com\/it\/valli-di-ordesa\/\"><strong>Ordesa<\/strong><\/a>, <a href=\"https:\/\/www.ordesamonteperdido.com\/it\/canyon-di-anisclo\/\"><strong>A\u00f1isclo<\/strong><\/a>, <a href=\"https:\/\/www.ordesamonteperdido.com\/it\/gargantas-de-escuain\/\"><strong>Escua\u00edn<\/strong> <\/a>e <a href=\"https:\/\/www.ordesamonteperdido.com\/it\/valle-di-pineta\/\"><strong>Pineta<\/strong><\/a>) che si estendono attorno al <a href=\"https:\/\/www.ordesamonteperdido.com\/it\/monte-perdido\/\">Monte Perdido<\/a>, la montagna di roccia calcarea pi\u00f9 alta d&#8217;Europa.<\/p>\n<p>L&#8217;area \u00e8 considerata il vero cuore delle Pirenei ed \u00e8 uno dei primi parchi naturali protetti in Europa.<\/p>\n<h2><span id=\"valli-del-parco-nazionale-di-ordesa-e-monte-perdido\">Valli del Parco Nazionale di Ordesa e Monte Perdido.<\/span><\/h2>\n<div class=\"display-posts-listing image-top\"><div class=\"listing-item\"><a class=\"image\" href=\"https:\/\/www.ordesamonteperdido.com\/it\/valli-di-ordesa\/\"><img width=\"1024\" height=\"530\" src=\"https:\/\/www.ordesamonteperdido.com\/it\/wp-content\/uploads\/valle-di-ordesa-1024x530.jpg\" class=\"attachment-large size-large wp-post-image\" alt=\"Valle di Ordesa\" loading=\"lazy\" srcset=\"https:\/\/www.ordesamonteperdido.com\/it\/wp-content\/uploads\/valle-di-ordesa-1024x530.jpg 1024w, https:\/\/www.ordesamonteperdido.com\/it\/wp-content\/uploads\/valle-di-ordesa-336x174.jpg 336w, https:\/\/www.ordesamonteperdido.com\/it\/wp-content\/uploads\/valle-di-ordesa-768x397.jpg 768w, https:\/\/www.ordesamonteperdido.com\/it\/wp-content\/uploads\/valle-di-ordesa.jpg 1200w\" sizes=\"(max-width: 1024px) 100vw, 1024px\" \/><\/a> <h3><span id=\"valle-di-ordesa\"><a class=\"title\" href=\"https:\/\/www.ordesamonteperdido.com\/it\/valli-di-ordesa\/\">Valle di Ordesa<\/a><\/span><\/h3><\/div><div class=\"listing-item\"><a class=\"image\" href=\"https:\/\/www.ordesamonteperdido.com\/it\/canyon-di-anisclo\/\"><img width=\"1024\" height=\"685\" src=\"https:\/\/www.ordesamonteperdido.com\/it\/wp-content\/uploads\/canyon-di-anisclo-1024x685.jpg\" class=\"attachment-large size-large wp-post-image\" alt=\"Il Canyon di A\u00f1isclo\" loading=\"lazy\" srcset=\"https:\/\/www.ordesamonteperdido.com\/it\/wp-content\/uploads\/canyon-di-anisclo-1024x685.jpg 1024w, https:\/\/www.ordesamonteperdido.com\/it\/wp-content\/uploads\/canyon-di-anisclo-336x225.jpg 336w, https:\/\/www.ordesamonteperdido.com\/it\/wp-content\/uploads\/canyon-di-anisclo-768x514.jpg 768w, https:\/\/www.ordesamonteperdido.com\/it\/wp-content\/uploads\/canyon-di-anisclo.jpg 1200w\" sizes=\"(max-width: 1024px) 100vw, 1024px\" \/><\/a> <h3><span id=\"canyon-di-anisclo\"><a class=\"title\" href=\"https:\/\/www.ordesamonteperdido.com\/it\/canyon-di-anisclo\/\">Canyon di A\u00f1isclo<\/a><\/span><\/h3><\/div><div class=\"listing-item\"><a class=\"image\" href=\"https:\/\/www.ordesamonteperdido.com\/it\/valle-di-pineta\/\"><img width=\"1024\" height=\"768\" src=\"https:\/\/www.ordesamonteperdido.com\/it\/wp-content\/uploads\/valle-di-pineta-ordesa-spagna-1024x768.jpg\" class=\"attachment-large size-large wp-post-image\" alt=\"Valle di Pineta, Ordesa, Spagna\" loading=\"lazy\" srcset=\"https:\/\/www.ordesamonteperdido.com\/it\/wp-content\/uploads\/valle-di-pineta-ordesa-spagna-1024x768.jpg 1024w, https:\/\/www.ordesamonteperdido.com\/it\/wp-content\/uploads\/valle-di-pineta-ordesa-spagna-336x252.jpg 336w, https:\/\/www.ordesamonteperdido.com\/it\/wp-content\/uploads\/valle-di-pineta-ordesa-spagna-768x576.jpg 768w, https:\/\/www.ordesamonteperdido.com\/it\/wp-content\/uploads\/valle-di-pineta-ordesa-spagna.jpg 1200w\" sizes=\"(max-width: 1024px) 100vw, 1024px\" \/><\/a> <h3><span id=\"valle-di-pineta\"><a class=\"title\" href=\"https:\/\/www.ordesamonteperdido.com\/it\/valle-di-pineta\/\">Valle di Pineta<\/a><\/span><\/h3><\/div><div class=\"listing-item\"><a class=\"image\" href=\"https:\/\/www.ordesamonteperdido.com\/it\/gargantas-de-escuain\/\"><img width=\"1024\" height=\"530\" src=\"https:\/\/www.ordesamonteperdido.com\/it\/wp-content\/uploads\/gole-di-escuain-1024x530.jpg\" class=\"attachment-large size-large wp-post-image\" alt=\"Esplorando le meraviglie delle Gole di Escua\u00edn in Ordesa e Monte Perdido, Spagna\" loading=\"lazy\" srcset=\"https:\/\/www.ordesamonteperdido.com\/it\/wp-content\/uploads\/gole-di-escuain-1024x530.jpg 1024w, https:\/\/www.ordesamonteperdido.com\/it\/wp-content\/uploads\/gole-di-escuain-336x174.jpg 336w, https:\/\/www.ordesamonteperdido.com\/it\/wp-content\/uploads\/gole-di-escuain-768x397.jpg 768w, https:\/\/www.ordesamonteperdido.com\/it\/wp-content\/uploads\/gole-di-escuain.jpg 1200w\" sizes=\"(max-width: 1024px) 100vw, 1024px\" \/><\/a> <h3><span id=\"gole-di-escuain-gargantas-de-escuain\"><a class=\"title\" href=\"https:\/\/www.ordesamonteperdido.com\/it\/gargantas-de-escuain\/\">Gole di Escua\u00edn (Gargantas de Escua\u00edn)<\/a><\/span><\/h3><\/div><\/div>\n<p>Oltre alle valli menzionate, \u00e8 anche importante sottolineare altri settori di interesse generale che devono essere visitati con il tempo adeguato.<\/p>\n<h2><span id=\"altri-punti-di-interesse-turistico-nel-parco-di-ordesa-e-monte-perdido\">Altri punti di interesse turistico nel Parco di Ordesa e Monte Perdido<\/span><\/h2>\n<div class=\"display-posts-listing image-top\"><div class=\"listing-item\"><a class=\"image\" href=\"https:\/\/www.ordesamonteperdido.com\/it\/monte-perdido\/\"><img width=\"1024\" height=\"530\" src=\"https:\/\/www.ordesamonteperdido.com\/it\/wp-content\/uploads\/monte-perdido-ordesa-huesca-1024x530.jpg\" class=\"attachment-large size-large wp-post-image\" alt=\"Monte Perdido, Ordesa, Huesca, Spagna\" loading=\"lazy\" srcset=\"https:\/\/www.ordesamonteperdido.com\/it\/wp-content\/uploads\/monte-perdido-ordesa-huesca-1024x530.jpg 1024w, https:\/\/www.ordesamonteperdido.com\/it\/wp-content\/uploads\/monte-perdido-ordesa-huesca-336x174.jpg 336w, https:\/\/www.ordesamonteperdido.com\/it\/wp-content\/uploads\/monte-perdido-ordesa-huesca-768x397.jpg 768w, https:\/\/www.ordesamonteperdido.com\/it\/wp-content\/uploads\/monte-perdido-ordesa-huesca.jpg 1200w\" sizes=\"(max-width: 1024px) 100vw, 1024px\" \/><\/a> <h3><span id=\"monte-perdido\"><a class=\"title\" href=\"https:\/\/www.ordesamonteperdido.com\/it\/monte-perdido\/\">Monte Perdido<\/a><\/span><\/h3><\/div><div class=\"listing-item\"><a class=\"image\" href=\"https:\/\/www.ordesamonteperdido.com\/it\/valle-di-bujaruelo\/\"><img width=\"1024\" height=\"683\" src=\"https:\/\/www.ordesamonteperdido.com\/it\/wp-content\/uploads\/valle-di-bujaruelo-1024x683.jpg\" class=\"attachment-large size-large wp-post-image\" alt=\"Valle di Bujaruelo\" loading=\"lazy\" srcset=\"https:\/\/www.ordesamonteperdido.com\/it\/wp-content\/uploads\/valle-di-bujaruelo-1024x683.jpg 1024w, https:\/\/www.ordesamonteperdido.com\/it\/wp-content\/uploads\/valle-di-bujaruelo-336x224.jpg 336w, https:\/\/www.ordesamonteperdido.com\/it\/wp-content\/uploads\/valle-di-bujaruelo-768x512.jpg 768w, https:\/\/www.ordesamonteperdido.com\/it\/wp-content\/uploads\/valle-di-bujaruelo.jpg 1200w\" sizes=\"(max-width: 1024px) 100vw, 1024px\" \/><\/a> <h3><span id=\"valle-di-bujaruelo\"><a class=\"title\" href=\"https:\/\/www.ordesamonteperdido.com\/it\/valle-di-bujaruelo\/\">Valle di Bujaruelo<\/a><\/span><\/h3><\/div><div class=\"listing-item\"><a class=\"image\" href=\"https:\/\/www.ordesamonteperdido.com\/it\/faja-de-las-flores\/\"><img width=\"1024\" height=\"530\" src=\"https:\/\/www.ordesamonteperdido.com\/it\/wp-content\/uploads\/faja-de-las-flores-1024x530.jpg\" class=\"attachment-large size-large wp-post-image\" alt=\"Percorso Faja de las Flores Ordesa\" loading=\"lazy\" srcset=\"https:\/\/www.ordesamonteperdido.com\/it\/wp-content\/uploads\/faja-de-las-flores-1024x530.jpg 1024w, https:\/\/www.ordesamonteperdido.com\/it\/wp-content\/uploads\/faja-de-las-flores-336x174.jpg 336w, https:\/\/www.ordesamonteperdido.com\/it\/wp-content\/uploads\/faja-de-las-flores-768x397.jpg 768w, https:\/\/www.ordesamonteperdido.com\/it\/wp-content\/uploads\/faja-de-las-flores.jpg 1200w\" sizes=\"(max-width: 1024px) 100vw, 1024px\" \/><\/a> <h3><span id=\"faja-de-las-flores\"><a class=\"title\" href=\"https:\/\/www.ordesamonteperdido.com\/it\/faja-de-las-flores\/\">Faja de las Flores<\/a><\/span><\/h3><\/div><div class=\"listing-item\"><a class=\"image\" href=\"https:\/\/www.ordesamonteperdido.com\/it\/massiccio-delle-tres-sorores\/\"><img width=\"1024\" height=\"683\" src=\"https:\/\/www.ordesamonteperdido.com\/it\/wp-content\/uploads\/massiccio-delle-tre-sorores-1024x683.jpg\" class=\"attachment-large size-large wp-post-image\" alt=\"Massiccio delle Tres Sorores\" loading=\"lazy\" srcset=\"https:\/\/www.ordesamonteperdido.com\/it\/wp-content\/uploads\/massiccio-delle-tre-sorores-1024x683.jpg 1024w, https:\/\/www.ordesamonteperdido.com\/it\/wp-content\/uploads\/massiccio-delle-tre-sorores-336x224.jpg 336w, https:\/\/www.ordesamonteperdido.com\/it\/wp-content\/uploads\/massiccio-delle-tre-sorores-768x512.jpg 768w, https:\/\/www.ordesamonteperdido.com\/it\/wp-content\/uploads\/massiccio-delle-tre-sorores.jpg 1200w\" sizes=\"(max-width: 1024px) 100vw, 1024px\" \/><\/a> <h3><span id=\"massiccio-delle-tres-sorores\"><a class=\"title\" href=\"https:\/\/www.ordesamonteperdido.com\/it\/massiccio-delle-tres-sorores\/\">Massiccio delle Tres Sorores<\/a><\/span><\/h3><\/div><\/div>\n","protected":false},"excerpt":{"rendered":"<p>Il Parco Nazionale di Ordesa e Monte Perdido \u00e8 stato riconosciuto come Patrimonio dell&#8217;Umanit\u00e0 dall&#8217;UNESCO (vedi riferimento). Il parco comprende quattro valli (Ordesa, A\u00f1isclo, Escua\u00edn e Pineta) che si estendono attorno al Monte Perdido,&#46;&#46;&#46;<\/p>\n","protected":false},"author":2,"featured_media":0,"parent":0,"menu_order":0,"comment_status":"closed","ping_status":"closed","template":"","meta":[],"yoast_head":"<!-- This site is optimized with the Yoast SEO plugin v20.1 - https:\/\/yoast.com\/wordpress\/plugins\/seo\/ -->\n<title>Valli del Parco Naturale di Ordesa e Monte Perdido<\/title>\n<meta name=\"description\" content=\"Il Parco Nazionale di Ordesa e Monte Perdido \u00e8 stato riconosciuto come Patrimonio dell&#039;Umanit\u00e0 dall&#039;UNESCO (vedi riferimento). Il parco comprende quattro\" \/>\n<meta name=\"robots\" content=\"index, follow, max-snippet:-1, max-image-preview:large, max-video-preview:-1\" \/>\n<link rel=\"canonical\" href=\"https:\/\/www.ordesamonteperdido.com\/it\/valli\/\" \/>\n<meta property=\"og:locale\" content=\"it_IT\" \/>\n<meta property=\"og:type\" content=\"article\" \/>\n<meta property=\"og:title\" content=\"Valli del Parco Naturale di Ordesa e Monte Perdido\" \/>\n<meta property=\"og:description\" content=\"Il Parco Nazionale di Ordesa e Monte Perdido \u00e8 stato riconosciuto come Patrimonio dell&#039;Umanit\u00e0 dall&#039;UNESCO (vedi riferimento). Il parco comprende quattro\" \/>\n<meta property=\"og:url\" content=\"https:\/\/www.ordesamonteperdido.com\/it\/valli\/\" \/>\n<meta property=\"og:site_name\" content=\"Ordesa e Monte Perdido\" \/>\n<meta property=\"article:modified_time\" content=\"2024-08-30T12:27:03+00:00\" \/>\n<meta name=\"twitter:card\" content=\"summary_large_image\" \/>\n<meta name=\"twitter:label1\" content=\"Tiempo de lectura\" \/>\n\t<meta name=\"twitter:data1\" content=\"1 minuto\" \/>\n<script type=\"application\/ld+json\" class=\"yoast-schema-graph\">{\"@context\":\"https:\/\/schema.org\",\"@graph\":[{\"@type\":\"WebPage\",\"@id\":\"https:\/\/www.ordesamonteperdido.com\/it\/valli\/\",\"url\":\"https:\/\/www.ordesamonteperdido.com\/it\/valli\/\",\"name\":\"Valli del Parco Naturale di Ordesa e Monte Perdido\",\"isPartOf\":{\"@id\":\"https:\/\/www.ordesamonteperdido.com\/it\/#website\"},\"datePublished\":\"2023-05-04T10:38:40+00:00\",\"dateModified\":\"2024-08-30T12:27:03+00:00\",\"description\":\"Il Parco Nazionale di Ordesa e Monte Perdido \u00e8 stato riconosciuto come Patrimonio dell'Umanit\u00e0 dall'UNESCO (vedi riferimento). Il parco comprende quattro\",\"breadcrumb\":{\"@id\":\"https:\/\/www.ordesamonteperdido.com\/it\/valli\/#breadcrumb\"},\"inLanguage\":\"it\",\"potentialAction\":[{\"@type\":\"ReadAction\",\"target\":[\"https:\/\/www.ordesamonteperdido.com\/it\/valli\/\"]}]},{\"@type\":\"BreadcrumbList\",\"@id\":\"https:\/\/www.ordesamonteperdido.com\/it\/valli\/#breadcrumb\",\"itemListElement\":[{\"@type\":\"ListItem\",\"position\":1,\"name\":\"Portada\",\"item\":\"https:\/\/www.ordesamonteperdido.com\/it\/\"},{\"@type\":\"ListItem\",\"position\":2,\"name\":\"Valli del Parco Naturale di Ordesa e Monte Perdido\"}]},{\"@type\":\"WebSite\",\"@id\":\"https:\/\/www.ordesamonteperdido.com\/it\/#website\",\"url\":\"https:\/\/www.ordesamonteperdido.com\/it\/\",\"name\":\"Ordesa e Monte Perdido\",\"description\":\"Turismo, alloggio, percorsi e guide\",\"publisher\":{\"@id\":\"https:\/\/www.ordesamonteperdido.com\/it\/#organization\"},\"potentialAction\":[{\"@type\":\"SearchAction\",\"target\":{\"@type\":\"EntryPoint\",\"urlTemplate\":\"https:\/\/www.ordesamonteperdido.com\/it\/?s={search_term_string}\"},\"query-input\":\"required name=search_term_string\"}],\"inLanguage\":\"it\"},{\"@type\":\"Organization\",\"@id\":\"https:\/\/www.ordesamonteperdido.com\/it\/#organization\",\"name\":\"Ordesa e Monte Perdido\",\"url\":\"https:\/\/www.ordesamonteperdido.com\/it\/\",\"logo\":{\"@type\":\"ImageObject\",\"inLanguage\":\"it\",\"@id\":\"https:\/\/www.ordesamonteperdido.com\/it\/#\/schema\/logo\/image\/\",\"url\":\"https:\/\/www.ordesamonteperdido.com\/it\/wp-content\/uploads\/ordesa-monteperdido-logo.png\",\"contentUrl\":\"https:\/\/www.ordesamonteperdido.com\/it\/wp-content\/uploads\/ordesa-monteperdido-logo.png\",\"width\":567,\"height\":69,\"caption\":\"Ordesa e Monte Perdido\"},\"image\":{\"@id\":\"https:\/\/www.ordesamonteperdido.com\/it\/#\/schema\/logo\/image\/\"}}]}<\/script>\n<!-- \/ Yoast SEO plugin. -->","yoast_head_json":{"title":"Valli del Parco Naturale di Ordesa e Monte Perdido","description":"Il Parco Nazionale di Ordesa e Monte Perdido \u00e8 stato riconosciuto come Patrimonio dell'Umanit\u00e0 dall'UNESCO (vedi riferimento). Il parco comprende quattro","robots":{"index":"index","follow":"follow","max-snippet":"max-snippet:-1","max-image-preview":"max-image-preview:large","max-video-preview":"max-video-preview:-1"},"canonical":"https:\/\/www.ordesamonteperdido.com\/it\/valli\/","og_locale":"it_IT","og_type":"article","og_title":"Valli del Parco Naturale di Ordesa e Monte Perdido","og_description":"Il Parco Nazionale di Ordesa e Monte Perdido \u00e8 stato riconosciuto come Patrimonio dell'Umanit\u00e0 dall'UNESCO (vedi riferimento). Il parco comprende quattro","og_url":"https:\/\/www.ordesamonteperdido.com\/it\/valli\/","og_site_name":"Ordesa e Monte Perdido","article_modified_time":"2024-08-30T12:27:03+00:00","twitter_card":"summary_large_image","twitter_misc":{"Tiempo de lectura":"1 minuto"},"schema":{"@context":"https:\/\/schema.org","@graph":[{"@type":"WebPage","@id":"https:\/\/www.ordesamonteperdido.com\/it\/valli\/","url":"https:\/\/www.ordesamonteperdido.com\/it\/valli\/","name":"Valli del Parco Naturale di Ordesa e Monte Perdido","isPartOf":{"@id":"https:\/\/www.ordesamonteperdido.com\/it\/#website"},"datePublished":"2023-05-04T10:38:40+00:00","dateModified":"2024-08-30T12:27:03+00:00","description":"Il Parco Nazionale di Ordesa e Monte Perdido \u00e8 stato riconosciuto come Patrimonio dell'Umanit\u00e0 dall'UNESCO (vedi riferimento). Il parco comprende quattro","breadcrumb":{"@id":"https:\/\/www.ordesamonteperdido.com\/it\/valli\/#breadcrumb"},"inLanguage":"it","potentialAction":[{"@type":"ReadAction","target":["https:\/\/www.ordesamonteperdido.com\/it\/valli\/"]}]},{"@type":"BreadcrumbList","@id":"https:\/\/www.ordesamonteperdido.com\/it\/valli\/#breadcrumb","itemListElement":[{"@type":"ListItem","position":1,"name":"Portada","item":"https:\/\/www.ordesamonteperdido.com\/it\/"},{"@type":"ListItem","position":2,"name":"Valli del Parco Naturale di Ordesa e Monte Perdido"}]},{"@type":"WebSite","@id":"https:\/\/www.ordesamonteperdido.com\/it\/#website","url":"https:\/\/www.ordesamonteperdido.com\/it\/","name":"Ordesa e Monte Perdido","description":"Turismo, alloggio, percorsi e guide","publisher":{"@id":"https:\/\/www.ordesamonteperdido.com\/it\/#organization"},"potentialAction":[{"@type":"SearchAction","target":{"@type":"EntryPoint","urlTemplate":"https:\/\/www.ordesamonteperdido.com\/it\/?s={search_term_string}"},"query-input":"required name=search_term_string"}],"inLanguage":"it"},{"@type":"Organization","@id":"https:\/\/www.ordesamonteperdido.com\/it\/#organization","name":"Ordesa e Monte Perdido","url":"https:\/\/www.ordesamonteperdido.com\/it\/","logo":{"@type":"ImageObject","inLanguage":"it","@id":"https:\/\/www.ordesamonteperdido.com\/it\/#\/schema\/logo\/image\/","url":"https:\/\/www.ordesamonteperdido.com\/it\/wp-content\/uploads\/ordesa-monteperdido-logo.png","contentUrl":"https:\/\/www.ordesamonteperdido.com\/it\/wp-content\/uploads\/ordesa-monteperdido-logo.png","width":567,"height":69,"caption":"Ordesa e Monte Perdido"},"image":{"@id":"https:\/\/www.ordesamonteperdido.com\/it\/#\/schema\/logo\/image\/"}}]}},"_links":{"self":[{"href":"https:\/\/www.ordesamonteperdido.com\/it\/wp-json\/wp\/v2\/pages\/952"}],"collection":[{"href":"https:\/\/www.ordesamonteperdido.com\/it\/wp-json\/wp\/v2\/pages"}],"about":[{"href":"https:\/\/www.ordesamonteperdido.com\/it\/wp-json\/wp\/v2\/types\/page"}],"author":[{"embeddable":true,"href":"https:\/\/www.ordesamonteperdido.com\/it\/wp-json\/wp\/v2\/users\/2"}],"replies":[{"embeddable":true,"href":"https:\/\/www.ordesamonteperdido.com\/it\/wp-json\/wp\/v2\/comments?post=952"}],"version-history":[{"count":0,"href":"https:\/\/www.ordesamonteperdido.com\/it\/wp-json\/wp\/v2\/pages\/952\/revisions"}],"wp:attachment":[{"href":"https:\/\/www.ordesamonteperdido.com\/it\/wp-json\/wp\/v2\/media?parent=952"}],"curies":[{"name":"wp","href":"https:\/\/api.w.org\/{rel}","templated":true}]}}