{"id":990,"date":"2023-05-04T15:39:12","date_gmt":"2023-05-04T13:39:12","guid":{"rendered":"https:\/\/www.ordesamonteperdido.com\/it\/?page_id=990"},"modified":"2024-08-31T09:24:40","modified_gmt":"2024-08-31T07:24:40","slug":"valli-di-ordesa","status":"publish","type":"page","link":"https:\/\/www.ordesamonteperdido.com\/it\/valli-di-ordesa\/","title":{"rendered":"Valli di Ordesa"},"content":{"rendered":"<div id=\"toc_container\" class=\"toc_white no_bullets\"><p class=\"toc_title\">Indice<\/p><ul class=\"toc_list\"><li><a href=\"#scopri-la-bellezza-della-valle-di-ordesa-cuore-dei-pirenei\"><span class=\"toc_number toc_depth_1\">1<\/span> Scopri la bellezza della Valle di Ordesa, cuore dei Pirenei<\/a><ul><li><a href=\"#storia-ed-espansione-del-parco-nazionale\"><span class=\"toc_number toc_depth_2\">1.1<\/span> Storia ed espansione del Parco Nazionale<\/a><\/li><li><a href=\"#sentieri-escursionistici-nella-valle-di-ordesa\"><span class=\"toc_number toc_depth_2\">1.2<\/span> Sentieri escursionistici nella valle di Ordesa<\/a><ul><li><a href=\"#la-coda-di-cavallo\"><span class=\"toc_number toc_depth_3\">1.2.1<\/span> La Coda di Cavallo<\/a><\/li><li><a href=\"#da-torla-alla-pradera-de-ordesa-attraverso-turieto-bajo\"><span class=\"toc_number toc_depth_3\">1.2.2<\/span> Da Torla alla Pradera de Ordesa attraverso Turieto Bajo<\/a><\/li><\/ul><\/li><li><a href=\"#informazioni-e-accessi-alla-valle\"><span class=\"toc_number toc_depth_2\">1.3<\/span> Informazioni e accessi alla valle<\/a><\/li><li><a href=\"#la-bellezza-naturale-e-geologica-della-valle\"><span class=\"toc_number toc_depth_2\">1.4<\/span> La bellezza naturale e geologica della valle<\/a><\/li><li><a href=\"#un-mosaico-di-paesaggi-e-biodiversita\"><span class=\"toc_number toc_depth_2\">1.5<\/span> Un mosaico di paesaggi e biodiversit\u00e0<\/a><\/li><li><a href=\"#un-sogno-che-invita-a-tornare\"><span class=\"toc_number toc_depth_2\">1.6<\/span> Un sogno che invita a tornare<\/a><\/li><\/ul><\/li><li><a href=\"#informazioni-utili-per-le-visite\"><span class=\"toc_number toc_depth_1\">2<\/span> Informazioni utili per le visite<\/a><ul><li><a href=\"#percorsi-nella-valle-di-ordesa\"><span class=\"toc_number toc_depth_2\">2.1<\/span> Percorsi nella valle di Ordesa<\/a><\/li><li><a href=\"#alloggi\"><span class=\"toc_number toc_depth_2\">2.2<\/span> Alloggi<\/a><\/li><\/ul><\/li><\/ul><\/div>\n\n<h2><span id=\"scopri-la-bellezza-della-valle-di-ordesa-cuore-dei-pirenei\">Scopri la bellezza della Valle di Ordesa, cuore dei Pirenei<\/span><\/h2>\n<p>La <strong>Valle di Ordesa<\/strong>, situata nel cuore dei Pirenei, \u00e8 una delle zone pi\u00f9 emblematiche e visitate del <a href=\"https:\/\/www.ordesamonteperdido.com\/it\/parco-nazionale\/\">Parco Nazionale di Ordesa e Monte Perdido<\/a>, nonch\u00e9 una delle prime aree protette d&#8217;Europa. Riconosciuto come Patrimonio dell&#8217;Umanit\u00e0, questo meraviglioso paesaggio custodisce una biodiversit\u00e0 di valore incalcolabile.<\/p>\n<p><img class=\"aligncenter size-full wp-image-2381\" src=\"https:\/\/www.ordesamonteperdido.com\/it\/wp-content\/uploads\/valle-di-ordesa.jpg\" alt=\"Valli di Ordesa\" width=\"1200\" height=\"621\" srcset=\"https:\/\/www.ordesamonteperdido.com\/it\/wp-content\/uploads\/valle-di-ordesa.jpg 1200w, https:\/\/www.ordesamonteperdido.com\/it\/wp-content\/uploads\/valle-di-ordesa-336x174.jpg 336w, https:\/\/www.ordesamonteperdido.com\/it\/wp-content\/uploads\/valle-di-ordesa-1024x530.jpg 1024w, https:\/\/www.ordesamonteperdido.com\/it\/wp-content\/uploads\/valle-di-ordesa-768x397.jpg 768w\" sizes=\"(max-width: 1200px) 100vw, 1200px\" \/><\/p>\n<h3><span id=\"storia-ed-espansione-del-parco-nazionale\">Storia ed espansione del Parco Nazionale<\/span><\/h3>\n<p>La valle \u00e8 stata dichiarata Parco Nazionale il 16 agosto 1918, proteggendo cos\u00ec 2.066 ettari di un paesaggio pieno di vita nella leggendaria Sobrarbe aragonese. Nel 1982, il Parco si \u00e8 espanso per includere il canyon di A\u00f1isclo, la gola di Escua\u00edn, il circo di Pineta e il massiccio di Monte Perdido, coprendo un totale di 15.608 ettari.<\/p>\n<h3><span id=\"sentieri-escursionistici-nella-valle-di-ordesa\">Sentieri escursionistici nella valle di Ordesa<\/span><\/h3>\n<p>Ci sono numerosi sentieri escursionistici che attraversano questo eccezionale spazio naturale. Due dei pi\u00f9 classici sono:<\/p>\n<h4><span id=\"la-coda-di-cavallo\">La Coda di Cavallo<\/span><\/h4>\n<p>L&#8217;escursione alla <strong>Coda di Cavallo<\/strong>, una spettacolare cascata situata in fondo alla valle di Ordesa, \u00e8 un classico che combina prati verdi, boschi fitti, fiumi che saltellano e uno sfondo selvaggio. Il percorso \u00e8 adatto a tutti e si impiegano circa due ore per raggiungere la cascata dalla prateria di Ordesa.<\/p>\n<p><img class=\"aligncenter size-full wp-image-1037\" src=\"https:\/\/www.ordesamonteperdido.com\/it\/wp-content\/uploads\/cola-de-caballo-ordesa-huesca.jpg\" alt=\"La Coda di Cavallo in Ordesa, Huesca\" width=\"1200\" height=\"659\" srcset=\"https:\/\/www.ordesamonteperdido.com\/it\/wp-content\/uploads\/cola-de-caballo-ordesa-huesca.jpg 1200w, https:\/\/www.ordesamonteperdido.com\/it\/wp-content\/uploads\/cola-de-caballo-ordesa-huesca-336x185.jpg 336w, https:\/\/www.ordesamonteperdido.com\/it\/wp-content\/uploads\/cola-de-caballo-ordesa-huesca-1024x562.jpg 1024w, https:\/\/www.ordesamonteperdido.com\/it\/wp-content\/uploads\/cola-de-caballo-ordesa-huesca-768x422.jpg 768w\" sizes=\"(max-width: 1200px) 100vw, 1200px\" \/><\/p>\n<h4><span id=\"da-torla-alla-pradera-de-ordesa-attraverso-turieto-bajo\">Da Torla alla Pradera de Ordesa attraverso Turieto Bajo<\/span><\/h4>\n<p>Un altro bell&#8217;itinerario \u00e8 l&#8217;antica strada che collega Torla a Ordesa, che permette di godere della bellezza naturale della valle ancora prima di raggiungere la sua prateria. Il percorso \u00e8 semplice e ombreggiato, e richiede circa tre ore per essere completato.<\/p>\n<p><img class=\"aligncenter size-full wp-image-2382\" src=\"https:\/\/www.ordesamonteperdido.com\/it\/wp-content\/uploads\/torla-alla-pradera-de-ordesa-attraverso-turieto-bajo.jpg\" alt=\"Torla alla Pradera de Ordesa attraverso Turieto Bajo\" width=\"1200\" height=\"800\" srcset=\"https:\/\/www.ordesamonteperdido.com\/it\/wp-content\/uploads\/torla-alla-pradera-de-ordesa-attraverso-turieto-bajo.jpg 1200w, https:\/\/www.ordesamonteperdido.com\/it\/wp-content\/uploads\/torla-alla-pradera-de-ordesa-attraverso-turieto-bajo-336x224.jpg 336w, https:\/\/www.ordesamonteperdido.com\/it\/wp-content\/uploads\/torla-alla-pradera-de-ordesa-attraverso-turieto-bajo-1024x683.jpg 1024w, https:\/\/www.ordesamonteperdido.com\/it\/wp-content\/uploads\/torla-alla-pradera-de-ordesa-attraverso-turieto-bajo-768x512.jpg 768w\" sizes=\"(max-width: 1200px) 100vw, 1200px\" \/><\/p>\n<h3><span id=\"informazioni-e-accessi-alla-valle\">Informazioni e accessi alla valle<\/span><\/h3>\n<p>Nel Centro Visitatori di Torla e presso il Punto Informazioni della Pradera de Ordesa, potrai ottenere informazioni su questi e altri sentieri escursionistici adatti al tuo livello di difficolt\u00e0. La Pradera de Ordesa dispone di un parcheggio regolamentato al quale non \u00e8 possibile accedere in estate n\u00e9 durante la Settimana Santa. Durante tali periodi, \u00e8 possibile lasciare l&#8217;auto a Torla e prendere un autobus fino alla Pradera de Ordesa.<\/p>\n<h3><span id=\"la-bellezza-naturale-e-geologica-della-valle\">La bellezza naturale e geologica della valle<\/span><\/h3>\n<p>La valle di Ordesa \u00e8 una <strong>straordinaria testimonianza<\/strong> dell&#8217;attivit\u00e0 erosiva e della modellazione glaciale, con circhi e falesie che riflettono la sua natura calcarea. Inoltre, la diversit\u00e0 della sua flora e fauna, come le foreste di faggi e pini silvestri, e la presenza del fiume Arazas con le sue cascate e salti d&#8217;acqua, rendono questo luogo un vero paradiso per gli amanti della natura.<\/p>\n<h3><span id=\"un-mosaico-di-paesaggi-e-biodiversita\">Un mosaico di paesaggi e biodiversit\u00e0<\/span><\/h3>\n<p>La valle di Ordesa si presenta come un <strong>variegato mosaico<\/strong> di paesaggi e ambienti, dove spiccano il rilievo, i colori, i materiali e la vegetazione. Qui convivono armoniosamente uccelli, mammiferi come il camoscio, rocce, fiori come il rododendro e fiumi come l&#8217;Arazas. Pi\u00f9 in alto nella valle, la natura diventa pi\u00f9 austera, con deserti di pietra e silenzio, dove il camoscio regna negli spazi liberi.<\/p>\n<h3><span id=\"un-sogno-che-invita-a-tornare\">Un sogno che invita a tornare<\/span><\/h3>\n<p>Visitare la valle di Ordesa significa lasciarsi sorprendere dalle imponenti sculture naturali delle sue pareti e falesie, come il Tozal del Mallo, che ci ricordano la forza e la bellezza del mondo geologico. La maestosit\u00e0 di questo paesaggio ci invita a sognare di tornare e a godere dell&#8217;illusione di non partire.<\/p>\n<p>La valle di Ordesa \u00e8 un <strong>tesoro naturale<\/strong> che ci offre un&#8217;esperienza indimenticabile nel cuore dei Pirenei. I suoi paesaggi, i suoi sentieri escursionistici e la sua biodiversit\u00e0 rendono questo luogo una meta imprescindibile per tutti coloro che desiderano immergersi nella natura e scoprirne le meraviglie.<\/p>\n<hr class=\"hr1\" \/>\n<h2><span id=\"informazioni-utili-per-le-visite\">Informazioni utili per le visite<\/span><\/h2>\n<div class=\"boxgrey\">\n<ul>\n<li><strong>Apertura<\/strong>: tutto l&#8217;anno<\/li>\n<li><strong>Prezzo<\/strong>: accesso gratuito<\/li>\n<li><strong>Parcheggio<\/strong>: regolamentato durante la stagione alta<\/li>\n<li><strong>Telefono<\/strong>: 974 48 64 72 (Centro visitatori di Torla)<\/li>\n<li><strong>Email<\/strong>: ordesa@aragon.es<\/li>\n<\/ul>\n<\/div>\n<div class=\"boxgrey\">\n<h3><span id=\"percorsi-nella-valle-di-ordesa\">Percorsi nella valle di Ordesa<\/span><\/h3>\n<ul>\n<li><a href=\"https:\/\/www.ordesamonteperdido.com\/it\/percorsi\/\">I migliori percorsi escursionistici nella zona di Ordesa<\/a>.<\/li>\n<\/ul>\n<\/div>\n<div class=\"boxgrey\">\n<h3><span id=\"alloggi\">Alloggi<\/span><\/h3>\n<ul>\n<li><a href=\"https:\/\/www.ordesamonteperdido.com\/it\/alloggio\/\">I migliori alloggi a Ordesa e Monte Perdido<\/a>.<\/li>\n<\/ul>\n<\/div>\n","protected":false},"excerpt":{"rendered":"<p>Scopri la bellezza della Valle di Ordesa, cuore dei Pirenei La Valle di Ordesa, situata nel cuore dei Pirenei, \u00e8 una delle zone pi\u00f9 emblematiche e visitate del Parco Nazionale di Ordesa e Monte&#46;&#46;&#46;<\/p>\n","protected":false},"author":2,"featured_media":2381,"parent":0,"menu_order":0,"comment_status":"closed","ping_status":"closed","template":"","meta":[],"yoast_head":"<!-- This site is optimized with the Yoast SEO plugin v20.1 - https:\/\/yoast.com\/wordpress\/plugins\/seo\/ -->\n<title>Valli di Ordesa<\/title>\n<meta name=\"description\" content=\"Scopri la bellezza della Valle di Ordesa, cuore dei Pirenei La Valle di Ordesa, situata nel cuore dei Pirenei, \u00e8 una delle zone pi\u00f9 emblematiche e\" \/>\n<meta name=\"robots\" content=\"index, follow, max-snippet:-1, max-image-preview:large, max-video-preview:-1\" \/>\n<link rel=\"canonical\" href=\"https:\/\/www.ordesamonteperdido.com\/it\/valli-di-ordesa\/\" \/>\n<meta property=\"og:locale\" content=\"it_IT\" \/>\n<meta property=\"og:type\" content=\"article\" \/>\n<meta property=\"og:title\" content=\"Valli di Ordesa\" \/>\n<meta property=\"og:description\" content=\"Scopri la bellezza della Valle di Ordesa, cuore dei Pirenei La Valle di Ordesa, situata nel cuore dei Pirenei, \u00e8 una delle zone pi\u00f9 emblematiche e\" \/>\n<meta property=\"og:url\" content=\"https:\/\/www.ordesamonteperdido.com\/it\/valli-di-ordesa\/\" \/>\n<meta property=\"og:site_name\" content=\"Ordesa e Monte Perdido\" \/>\n<meta property=\"article:modified_time\" content=\"2024-08-31T07:24:40+00:00\" \/>\n<meta property=\"og:image\" content=\"https:\/\/www.ordesamonteperdido.com\/it\/wp-content\/uploads\/valle-di-ordesa.jpg\" \/>\n\t<meta property=\"og:image:width\" content=\"1200\" \/>\n\t<meta property=\"og:image:height\" content=\"621\" \/>\n\t<meta property=\"og:image:type\" content=\"image\/jpeg\" \/>\n<meta name=\"twitter:card\" content=\"summary_large_image\" \/>\n<meta name=\"twitter:label1\" content=\"Tiempo de lectura\" \/>\n\t<meta name=\"twitter:data1\" content=\"4 minutos\" \/>\n<script type=\"application\/ld+json\" class=\"yoast-schema-graph\">{\"@context\":\"https:\/\/schema.org\",\"@graph\":[{\"@type\":\"WebPage\",\"@id\":\"https:\/\/www.ordesamonteperdido.com\/it\/valli-di-ordesa\/\",\"url\":\"https:\/\/www.ordesamonteperdido.com\/it\/valli-di-ordesa\/\",\"name\":\"Valli di Ordesa\",\"isPartOf\":{\"@id\":\"https:\/\/www.ordesamonteperdido.com\/it\/#website\"},\"datePublished\":\"2023-05-04T13:39:12+00:00\",\"dateModified\":\"2024-08-31T07:24:40+00:00\",\"description\":\"Scopri la bellezza della Valle di Ordesa, cuore dei Pirenei La Valle di Ordesa, situata nel cuore dei Pirenei, \u00e8 una delle zone pi\u00f9 emblematiche e\",\"breadcrumb\":{\"@id\":\"https:\/\/www.ordesamonteperdido.com\/it\/valli-di-ordesa\/#breadcrumb\"},\"inLanguage\":\"it\",\"potentialAction\":[{\"@type\":\"ReadAction\",\"target\":[\"https:\/\/www.ordesamonteperdido.com\/it\/valli-di-ordesa\/\"]}]},{\"@type\":\"BreadcrumbList\",\"@id\":\"https:\/\/www.ordesamonteperdido.com\/it\/valli-di-ordesa\/#breadcrumb\",\"itemListElement\":[{\"@type\":\"ListItem\",\"position\":1,\"name\":\"Portada\",\"item\":\"https:\/\/www.ordesamonteperdido.com\/it\/\"},{\"@type\":\"ListItem\",\"position\":2,\"name\":\"Valli di Ordesa\"}]},{\"@type\":\"WebSite\",\"@id\":\"https:\/\/www.ordesamonteperdido.com\/it\/#website\",\"url\":\"https:\/\/www.ordesamonteperdido.com\/it\/\",\"name\":\"Ordesa e Monte Perdido\",\"description\":\"Turismo, alloggio, percorsi e guide\",\"publisher\":{\"@id\":\"https:\/\/www.ordesamonteperdido.com\/it\/#organization\"},\"potentialAction\":[{\"@type\":\"SearchAction\",\"target\":{\"@type\":\"EntryPoint\",\"urlTemplate\":\"https:\/\/www.ordesamonteperdido.com\/it\/?s={search_term_string}\"},\"query-input\":\"required name=search_term_string\"}],\"inLanguage\":\"it\"},{\"@type\":\"Organization\",\"@id\":\"https:\/\/www.ordesamonteperdido.com\/it\/#organization\",\"name\":\"Ordesa e Monte Perdido\",\"url\":\"https:\/\/www.ordesamonteperdido.com\/it\/\",\"logo\":{\"@type\":\"ImageObject\",\"inLanguage\":\"it\",\"@id\":\"https:\/\/www.ordesamonteperdido.com\/it\/#\/schema\/logo\/image\/\",\"url\":\"https:\/\/www.ordesamonteperdido.com\/it\/wp-content\/uploads\/ordesa-monteperdido-logo.png\",\"contentUrl\":\"https:\/\/www.ordesamonteperdido.com\/it\/wp-content\/uploads\/ordesa-monteperdido-logo.png\",\"width\":567,\"height\":69,\"caption\":\"Ordesa e Monte Perdido\"},\"image\":{\"@id\":\"https:\/\/www.ordesamonteperdido.com\/it\/#\/schema\/logo\/image\/\"}}]}<\/script>\n<!-- \/ Yoast SEO plugin. -->","yoast_head_json":{"title":"Valli di Ordesa","description":"Scopri la bellezza della Valle di Ordesa, cuore dei Pirenei La Valle di Ordesa, situata nel cuore dei Pirenei, \u00e8 una delle zone pi\u00f9 emblematiche e","robots":{"index":"index","follow":"follow","max-snippet":"max-snippet:-1","max-image-preview":"max-image-preview:large","max-video-preview":"max-video-preview:-1"},"canonical":"https:\/\/www.ordesamonteperdido.com\/it\/valli-di-ordesa\/","og_locale":"it_IT","og_type":"article","og_title":"Valli di Ordesa","og_description":"Scopri la bellezza della Valle di Ordesa, cuore dei Pirenei La Valle di Ordesa, situata nel cuore dei Pirenei, \u00e8 una delle zone pi\u00f9 emblematiche e","og_url":"https:\/\/www.ordesamonteperdido.com\/it\/valli-di-ordesa\/","og_site_name":"Ordesa e Monte Perdido","article_modified_time":"2024-08-31T07:24:40+00:00","og_image":[{"width":1200,"height":621,"url":"https:\/\/www.ordesamonteperdido.com\/it\/wp-content\/uploads\/valle-di-ordesa.jpg","type":"image\/jpeg"}],"twitter_card":"summary_large_image","twitter_misc":{"Tiempo de lectura":"4 minutos"},"schema":{"@context":"https:\/\/schema.org","@graph":[{"@type":"WebPage","@id":"https:\/\/www.ordesamonteperdido.com\/it\/valli-di-ordesa\/","url":"https:\/\/www.ordesamonteperdido.com\/it\/valli-di-ordesa\/","name":"Valli di Ordesa","isPartOf":{"@id":"https:\/\/www.ordesamonteperdido.com\/it\/#website"},"datePublished":"2023-05-04T13:39:12+00:00","dateModified":"2024-08-31T07:24:40+00:00","description":"Scopri la bellezza della Valle di Ordesa, cuore dei Pirenei La Valle di Ordesa, situata nel cuore dei Pirenei, \u00e8 una delle zone pi\u00f9 emblematiche e","breadcrumb":{"@id":"https:\/\/www.ordesamonteperdido.com\/it\/valli-di-ordesa\/#breadcrumb"},"inLanguage":"it","potentialAction":[{"@type":"ReadAction","target":["https:\/\/www.ordesamonteperdido.com\/it\/valli-di-ordesa\/"]}]},{"@type":"BreadcrumbList","@id":"https:\/\/www.ordesamonteperdido.com\/it\/valli-di-ordesa\/#breadcrumb","itemListElement":[{"@type":"ListItem","position":1,"name":"Portada","item":"https:\/\/www.ordesamonteperdido.com\/it\/"},{"@type":"ListItem","position":2,"name":"Valli di Ordesa"}]},{"@type":"WebSite","@id":"https:\/\/www.ordesamonteperdido.com\/it\/#website","url":"https:\/\/www.ordesamonteperdido.com\/it\/","name":"Ordesa e Monte Perdido","description":"Turismo, alloggio, percorsi e guide","publisher":{"@id":"https:\/\/www.ordesamonteperdido.com\/it\/#organization"},"potentialAction":[{"@type":"SearchAction","target":{"@type":"EntryPoint","urlTemplate":"https:\/\/www.ordesamonteperdido.com\/it\/?s={search_term_string}"},"query-input":"required name=search_term_string"}],"inLanguage":"it"},{"@type":"Organization","@id":"https:\/\/www.ordesamonteperdido.com\/it\/#organization","name":"Ordesa e Monte Perdido","url":"https:\/\/www.ordesamonteperdido.com\/it\/","logo":{"@type":"ImageObject","inLanguage":"it","@id":"https:\/\/www.ordesamonteperdido.com\/it\/#\/schema\/logo\/image\/","url":"https:\/\/www.ordesamonteperdido.com\/it\/wp-content\/uploads\/ordesa-monteperdido-logo.png","contentUrl":"https:\/\/www.ordesamonteperdido.com\/it\/wp-content\/uploads\/ordesa-monteperdido-logo.png","width":567,"height":69,"caption":"Ordesa e Monte Perdido"},"image":{"@id":"https:\/\/www.ordesamonteperdido.com\/it\/#\/schema\/logo\/image\/"}}]}},"_links":{"self":[{"href":"https:\/\/www.ordesamonteperdido.com\/it\/wp-json\/wp\/v2\/pages\/990"}],"collection":[{"href":"https:\/\/www.ordesamonteperdido.com\/it\/wp-json\/wp\/v2\/pages"}],"about":[{"href":"https:\/\/www.ordesamonteperdido.com\/it\/wp-json\/wp\/v2\/types\/page"}],"author":[{"embeddable":true,"href":"https:\/\/www.ordesamonteperdido.com\/it\/wp-json\/wp\/v2\/users\/2"}],"replies":[{"embeddable":true,"href":"https:\/\/www.ordesamonteperdido.com\/it\/wp-json\/wp\/v2\/comments?post=990"}],"version-history":[{"count":0,"href":"https:\/\/www.ordesamonteperdido.com\/it\/wp-json\/wp\/v2\/pages\/990\/revisions"}],"wp:featuredmedia":[{"embeddable":true,"href":"https:\/\/www.ordesamonteperdido.com\/it\/wp-json\/wp\/v2\/media\/2381"}],"wp:attachment":[{"href":"https:\/\/www.ordesamonteperdido.com\/it\/wp-json\/wp\/v2\/media?parent=990"}],"curies":[{"name":"wp","href":"https:\/\/api.w.org\/{rel}","templated":true}]}}