{"id":992,"date":"2023-05-04T15:39:30","date_gmt":"2023-05-04T13:39:30","guid":{"rendered":"https:\/\/www.ordesamonteperdido.com\/it\/?page_id=992"},"modified":"2024-08-31T09:26:51","modified_gmt":"2024-08-31T07:26:51","slug":"canyon-di-anisclo","status":"publish","type":"page","link":"https:\/\/www.ordesamonteperdido.com\/it\/canyon-di-anisclo\/","title":{"rendered":"Il Canyon di A\u00f1isclo, impressionante e mozzafiato"},"content":{"rendered":"<div id=\"toc_container\" class=\"toc_white no_bullets\"><p class=\"toc_title\">Indice<\/p><ul class=\"toc_list\"><li><a href=\"#un-angolo-labirintico-di-roccia-bosco-e-acqua\"><span class=\"toc_number toc_depth_1\">1<\/span> Un angolo labirintico di roccia, bosco e acqua<\/a><\/li><li><a href=\"#accesso-e-percorsi-escursionistici\"><span class=\"toc_number toc_depth_1\">2<\/span> Accesso e percorsi escursionistici<\/a><\/li><li><a href=\"#un-paesaggio-di-contrasti\"><span class=\"toc_number toc_depth_1\">3<\/span> Un paesaggio di contrasti<\/a><\/li><li><a href=\"#flora-e-fauna-del-canyon-di-anisclo\"><span class=\"toc_number toc_depth_1\">4<\/span> Flora e fauna del Canyon di A\u00f1isclo<\/a><\/li><li><a href=\"#consigli-per-la-visita\"><span class=\"toc_number toc_depth_1\">5<\/span> Consigli per la visita<\/a><\/li><li><a href=\"#un-luogo-per-riconnettersi-con-la-natura\"><span class=\"toc_number toc_depth_1\">6<\/span> Un luogo per riconnettersi con la natura<\/a><\/li><li><a href=\"#informazioni-utili-per-le-visite\"><span class=\"toc_number toc_depth_1\">7<\/span> Informazioni utili per le visite<\/a><\/li><\/ul><\/div>\n\n<h2><span id=\"un-angolo-labirintico-di-roccia-bosco-e-acqua\">Un angolo labirintico di roccia, bosco e acqua<\/span><\/h2>\n<p>Il <strong>Canyon di A\u00f1isclo<\/strong>, con le sue <strong>cascate vertiginose<\/strong>, fitta foresta e la sensazione di trovarsi in un luogo unico, fa parte del <a href=\"https:\/\/www.ordesamonteperdido.com\/it\/parco-nazionale\/\">Parco Nazionale di Ordesa e Monte Perdido<\/a> dal 1982. Questo maestoso e incomparabile canyon, scolpito dal violento fiume Bell\u00f3s, presenta un paesaggio di grande bellezza e singolarit\u00e0.<\/p>\n<p><img src=\"https:\/\/www.ordesamonteperdido.com\/it\/wp-content\/uploads\/canyon-di-anisclo.jpg\" alt=\"Il Canyon di A\u00f1isclo\" width=\"1200\" height=\"803\" class=\"aligncenter size-full wp-image-2389\" srcset=\"https:\/\/www.ordesamonteperdido.com\/it\/wp-content\/uploads\/canyon-di-anisclo.jpg 1200w, https:\/\/www.ordesamonteperdido.com\/it\/wp-content\/uploads\/canyon-di-anisclo-336x225.jpg 336w, https:\/\/www.ordesamonteperdido.com\/it\/wp-content\/uploads\/canyon-di-anisclo-1024x685.jpg 1024w, https:\/\/www.ordesamonteperdido.com\/it\/wp-content\/uploads\/canyon-di-anisclo-768x514.jpg 768w\" sizes=\"(max-width: 1200px) 100vw, 1200px\" \/><\/p>\n<h2><span id=\"accesso-e-percorsi-escursionistici\">Accesso e percorsi escursionistici<\/span><\/h2>\n<p>Per raggiungere il Canyon di A\u00f1isclo, da Escalona si prende la deviazione verso il canyon e si segue la strada fino al parcheggio di San \u00darbez (Ereta de Bi\u00e9s). Attraverserai l&#8217;angusto canyon delle Cambras prima di arrivare al ponte di San Urbez, che si erge per 30 metri sul fiume. Nelle vicinanze si trova l&#8217;eremo di San \u00darbez, dove visse il santo e pastore nel VIII secolo.<br \/>\nDall&#8217;area di San \u00darbez, \u00e8 possibile percorrere diverse <strong>piste escursionistiche<\/strong>, come il Ponte del R\u00edo Bell\u00f3s &#8211; R\u00edo Aso, Sercu\u00e9, La Ripareta e Fuen Blanca. \u00c8 inoltre possibile visitare altri luoghi di interesse nella zona, come la grotta del mulino di Aso, il belvedere di Buerba e i paesi vicini di Puyarruego, Vi\u00f3, Ner\u00edn e Fanlo.<\/p>\n<h2><span id=\"un-paesaggio-di-contrasti\">Un paesaggio di contrasti<\/span><\/h2>\n<p>Il Canyon di A\u00f1isclo offre un paesaggio ricco di contrasti, dalle immense pareti verticali in cui il pino nero sfida le leggi della natura, fino alla fitta e diversificata foresta che si estende alla base del canyon. Il fiume Bell\u00f3s, con le sue acque scure o verdi a seconda della luce, riflette l&#8217;ambiente circostante e crea un silenzio da tempio in questo luogo impressionante.<br \/>\nNella parte alta del canyon, il paesaggio cambia e si trasforma in una conca glaciale che si eleva verso il Collado di A\u00f1isclo. Dall&#8217;alto, si pu\u00f2 ammirare la <strong>intensa fratturazione<\/strong> delle enormi masse rocciose e la bellezza della grande foresta nel suo insieme. Questo paesaggio, selvaggio e unico, sembra un meraviglioso sogno tra le montagne.<\/p>\n<h2><span id=\"flora-e-fauna-del-canyon-di-anisclo\">Flora e fauna del Canyon di A\u00f1isclo<\/span><\/h2>\n<p>La ricchezza biologica del Canyon di A\u00f1isclo \u00e8 dovuta alla variet\u00e0 di ecosistemi presenti nell&#8217;area. La flora e la fauna del canyon sono molto diverse e rappresentative della regione dei Pirenei. Si possono trovare foreste di faggi e abeti nelle zone pi\u00f9 umide, oltre a pinete di pino nero sulle alture, che creano un paesaggio unico e diversificato.<\/p>\n<p>Per quanto riguarda la fauna, il canyon ospita una grande variet\u00e0 di specie, alcune delle quali emblematiche come il grifone, l&#8217;aquila reale e il avvoltoio comune. \u00c8 anche possibile trovare mammiferi come il capriolo, il cinghiale e la volpe, oltre a numerosi uccelli, rettili e insetti che abitano in questo ambiente protetto.<\/p>\n<h2><span id=\"consigli-per-la-visita\">Consigli per la visita<\/span><\/h2>\n<p>Prima di addentrarti nel Canyon di A\u00f1isclo, \u00e8 importante informarsi sulle condizioni meteorologiche e sui percorsi escursionistici adatti al tuo livello di esperienza. Puoi farlo presso il Punto di Informazione di Escalona, dove ti forniranno informazioni sui percorsi e su altri luoghi di interesse nella zona.<br \/>\nRicorda di indossare scarpe adeguate e abbigliamento comodo per l&#8217;attivit\u00e0, oltre a portare acqua a sufficienza e cibo. \u00c8 anche importante fare attenzione in certi punti del canyon, specialmente quando ti affacci sul fiume e nelle zone con forti dislivelli.<\/p>\n<p>Infine, tieni presente che la strada da Escalona a San \u00darbez \u00e8 a senso unico durante tutto l&#8217;anno. Per uscire dal canyon, puoi seguire la strada verso Buerba e Vi\u00f3, che ti riporter\u00e0 a Escalona, o seguire quella che va verso Sarvis\u00e9 attraverso Fanlo, entrambe a doppio senso di circolazione.<\/p>\n<h2><span id=\"un-luogo-per-riconnettersi-con-la-natura\">Un luogo per riconnettersi con la natura<\/span><\/h2>\n<p>Il Canyon di A\u00f1isclo \u00e8 una meta ideale per coloro che cercano di <strong>riconnettersi con la natura<\/strong> e godere di panorami mozzafiato. Che tu stia camminando lungo i sentieri, esplorando le grotte e i punti panoramici o semplicemente contemplando la bellezza dell&#8217;ambiente, questo angolo dei Pirenei ti regaler\u00e0 un&#8217;esperienza indimenticabile in un contesto unico e incomparabile.<\/p>\n<hr class=\"hr1\" \/>\n<h2><span id=\"informazioni-utili-per-le-visite\">Informazioni utili per le visite<\/span><\/h2>\n<div class=\"boxgrey\">\n<ul>\n<li><strong>Apertura<\/strong>: tutto l&#8217;anno<\/li>\n<li><strong>Prezzo<\/strong>: accesso gratuito<\/li>\n<li><strong>Parcheggio<\/strong>: regolamentato durante la stagione alta<\/li>\n<li><strong>Telefono<\/strong>: 974 48 64 72 (Centro visitatori Torla)<\/li>\n<li><strong>Email<\/strong>: ordesa@aragon.es<\/li>\n<\/ul>\n<\/div>\n","protected":false},"excerpt":{"rendered":"<p>Un angolo labirintico di roccia, bosco e acqua Il Canyon di A\u00f1isclo, con le sue cascate vertiginose, fitta foresta e la sensazione di trovarsi in un luogo unico, fa parte del Parco Nazionale di&#46;&#46;&#46;<\/p>\n","protected":false},"author":2,"featured_media":2389,"parent":0,"menu_order":0,"comment_status":"closed","ping_status":"closed","template":"","meta":[],"yoast_head":"<!-- This site is optimized with the Yoast SEO plugin v20.1 - https:\/\/yoast.com\/wordpress\/plugins\/seo\/ -->\n<title>Il Canyon di A\u00f1isclo, impressionante e mozzafiato<\/title>\n<meta name=\"description\" content=\"Un angolo labirintico di roccia, bosco e acqua Il Canyon di A\u00f1isclo, con le sue cascate vertiginose, fitta foresta e la sensazione di trovarsi in un luogo\" \/>\n<meta name=\"robots\" content=\"index, follow, max-snippet:-1, max-image-preview:large, max-video-preview:-1\" \/>\n<link rel=\"canonical\" href=\"https:\/\/www.ordesamonteperdido.com\/it\/canyon-di-anisclo\/\" \/>\n<meta property=\"og:locale\" content=\"it_IT\" \/>\n<meta property=\"og:type\" content=\"article\" \/>\n<meta property=\"og:title\" content=\"Il Canyon di A\u00f1isclo, impressionante e mozzafiato\" \/>\n<meta property=\"og:description\" content=\"Un angolo labirintico di roccia, bosco e acqua Il Canyon di A\u00f1isclo, con le sue cascate vertiginose, fitta foresta e la sensazione di trovarsi in un luogo\" \/>\n<meta property=\"og:url\" content=\"https:\/\/www.ordesamonteperdido.com\/it\/canyon-di-anisclo\/\" \/>\n<meta property=\"og:site_name\" content=\"Ordesa e Monte Perdido\" \/>\n<meta property=\"article:modified_time\" content=\"2024-08-31T07:26:51+00:00\" \/>\n<meta property=\"og:image\" content=\"https:\/\/www.ordesamonteperdido.com\/it\/wp-content\/uploads\/canyon-di-anisclo.jpg\" \/>\n\t<meta property=\"og:image:width\" content=\"1200\" \/>\n\t<meta property=\"og:image:height\" content=\"803\" \/>\n\t<meta property=\"og:image:type\" content=\"image\/jpeg\" \/>\n<meta name=\"twitter:card\" content=\"summary_large_image\" \/>\n<meta name=\"twitter:label1\" content=\"Tiempo de lectura\" \/>\n\t<meta name=\"twitter:data1\" content=\"4 minutos\" \/>\n<script type=\"application\/ld+json\" class=\"yoast-schema-graph\">{\"@context\":\"https:\/\/schema.org\",\"@graph\":[{\"@type\":\"WebPage\",\"@id\":\"https:\/\/www.ordesamonteperdido.com\/it\/canyon-di-anisclo\/\",\"url\":\"https:\/\/www.ordesamonteperdido.com\/it\/canyon-di-anisclo\/\",\"name\":\"Il Canyon di A\u00f1isclo, impressionante e mozzafiato\",\"isPartOf\":{\"@id\":\"https:\/\/www.ordesamonteperdido.com\/it\/#website\"},\"datePublished\":\"2023-05-04T13:39:30+00:00\",\"dateModified\":\"2024-08-31T07:26:51+00:00\",\"description\":\"Un angolo labirintico di roccia, bosco e acqua Il Canyon di A\u00f1isclo, con le sue cascate vertiginose, fitta foresta e la sensazione di trovarsi in un luogo\",\"breadcrumb\":{\"@id\":\"https:\/\/www.ordesamonteperdido.com\/it\/canyon-di-anisclo\/#breadcrumb\"},\"inLanguage\":\"it\",\"potentialAction\":[{\"@type\":\"ReadAction\",\"target\":[\"https:\/\/www.ordesamonteperdido.com\/it\/canyon-di-anisclo\/\"]}]},{\"@type\":\"BreadcrumbList\",\"@id\":\"https:\/\/www.ordesamonteperdido.com\/it\/canyon-di-anisclo\/#breadcrumb\",\"itemListElement\":[{\"@type\":\"ListItem\",\"position\":1,\"name\":\"Portada\",\"item\":\"https:\/\/www.ordesamonteperdido.com\/it\/\"},{\"@type\":\"ListItem\",\"position\":2,\"name\":\"Il Canyon di A\u00f1isclo, impressionante e mozzafiato\"}]},{\"@type\":\"WebSite\",\"@id\":\"https:\/\/www.ordesamonteperdido.com\/it\/#website\",\"url\":\"https:\/\/www.ordesamonteperdido.com\/it\/\",\"name\":\"Ordesa e Monte Perdido\",\"description\":\"Turismo, alloggio, percorsi e guide\",\"publisher\":{\"@id\":\"https:\/\/www.ordesamonteperdido.com\/it\/#organization\"},\"potentialAction\":[{\"@type\":\"SearchAction\",\"target\":{\"@type\":\"EntryPoint\",\"urlTemplate\":\"https:\/\/www.ordesamonteperdido.com\/it\/?s={search_term_string}\"},\"query-input\":\"required name=search_term_string\"}],\"inLanguage\":\"it\"},{\"@type\":\"Organization\",\"@id\":\"https:\/\/www.ordesamonteperdido.com\/it\/#organization\",\"name\":\"Ordesa e Monte Perdido\",\"url\":\"https:\/\/www.ordesamonteperdido.com\/it\/\",\"logo\":{\"@type\":\"ImageObject\",\"inLanguage\":\"it\",\"@id\":\"https:\/\/www.ordesamonteperdido.com\/it\/#\/schema\/logo\/image\/\",\"url\":\"https:\/\/www.ordesamonteperdido.com\/it\/wp-content\/uploads\/ordesa-monteperdido-logo.png\",\"contentUrl\":\"https:\/\/www.ordesamonteperdido.com\/it\/wp-content\/uploads\/ordesa-monteperdido-logo.png\",\"width\":567,\"height\":69,\"caption\":\"Ordesa e Monte Perdido\"},\"image\":{\"@id\":\"https:\/\/www.ordesamonteperdido.com\/it\/#\/schema\/logo\/image\/\"}}]}<\/script>\n<!-- \/ Yoast SEO plugin. -->","yoast_head_json":{"title":"Il Canyon di A\u00f1isclo, impressionante e mozzafiato","description":"Un angolo labirintico di roccia, bosco e acqua Il Canyon di A\u00f1isclo, con le sue cascate vertiginose, fitta foresta e la sensazione di trovarsi in un luogo","robots":{"index":"index","follow":"follow","max-snippet":"max-snippet:-1","max-image-preview":"max-image-preview:large","max-video-preview":"max-video-preview:-1"},"canonical":"https:\/\/www.ordesamonteperdido.com\/it\/canyon-di-anisclo\/","og_locale":"it_IT","og_type":"article","og_title":"Il Canyon di A\u00f1isclo, impressionante e mozzafiato","og_description":"Un angolo labirintico di roccia, bosco e acqua Il Canyon di A\u00f1isclo, con le sue cascate vertiginose, fitta foresta e la sensazione di trovarsi in un luogo","og_url":"https:\/\/www.ordesamonteperdido.com\/it\/canyon-di-anisclo\/","og_site_name":"Ordesa e Monte Perdido","article_modified_time":"2024-08-31T07:26:51+00:00","og_image":[{"width":1200,"height":803,"url":"https:\/\/www.ordesamonteperdido.com\/it\/wp-content\/uploads\/canyon-di-anisclo.jpg","type":"image\/jpeg"}],"twitter_card":"summary_large_image","twitter_misc":{"Tiempo de lectura":"4 minutos"},"schema":{"@context":"https:\/\/schema.org","@graph":[{"@type":"WebPage","@id":"https:\/\/www.ordesamonteperdido.com\/it\/canyon-di-anisclo\/","url":"https:\/\/www.ordesamonteperdido.com\/it\/canyon-di-anisclo\/","name":"Il Canyon di A\u00f1isclo, impressionante e mozzafiato","isPartOf":{"@id":"https:\/\/www.ordesamonteperdido.com\/it\/#website"},"datePublished":"2023-05-04T13:39:30+00:00","dateModified":"2024-08-31T07:26:51+00:00","description":"Un angolo labirintico di roccia, bosco e acqua Il Canyon di A\u00f1isclo, con le sue cascate vertiginose, fitta foresta e la sensazione di trovarsi in un luogo","breadcrumb":{"@id":"https:\/\/www.ordesamonteperdido.com\/it\/canyon-di-anisclo\/#breadcrumb"},"inLanguage":"it","potentialAction":[{"@type":"ReadAction","target":["https:\/\/www.ordesamonteperdido.com\/it\/canyon-di-anisclo\/"]}]},{"@type":"BreadcrumbList","@id":"https:\/\/www.ordesamonteperdido.com\/it\/canyon-di-anisclo\/#breadcrumb","itemListElement":[{"@type":"ListItem","position":1,"name":"Portada","item":"https:\/\/www.ordesamonteperdido.com\/it\/"},{"@type":"ListItem","position":2,"name":"Il Canyon di A\u00f1isclo, impressionante e mozzafiato"}]},{"@type":"WebSite","@id":"https:\/\/www.ordesamonteperdido.com\/it\/#website","url":"https:\/\/www.ordesamonteperdido.com\/it\/","name":"Ordesa e Monte Perdido","description":"Turismo, alloggio, percorsi e guide","publisher":{"@id":"https:\/\/www.ordesamonteperdido.com\/it\/#organization"},"potentialAction":[{"@type":"SearchAction","target":{"@type":"EntryPoint","urlTemplate":"https:\/\/www.ordesamonteperdido.com\/it\/?s={search_term_string}"},"query-input":"required name=search_term_string"}],"inLanguage":"it"},{"@type":"Organization","@id":"https:\/\/www.ordesamonteperdido.com\/it\/#organization","name":"Ordesa e Monte Perdido","url":"https:\/\/www.ordesamonteperdido.com\/it\/","logo":{"@type":"ImageObject","inLanguage":"it","@id":"https:\/\/www.ordesamonteperdido.com\/it\/#\/schema\/logo\/image\/","url":"https:\/\/www.ordesamonteperdido.com\/it\/wp-content\/uploads\/ordesa-monteperdido-logo.png","contentUrl":"https:\/\/www.ordesamonteperdido.com\/it\/wp-content\/uploads\/ordesa-monteperdido-logo.png","width":567,"height":69,"caption":"Ordesa e Monte Perdido"},"image":{"@id":"https:\/\/www.ordesamonteperdido.com\/it\/#\/schema\/logo\/image\/"}}]}},"_links":{"self":[{"href":"https:\/\/www.ordesamonteperdido.com\/it\/wp-json\/wp\/v2\/pages\/992"}],"collection":[{"href":"https:\/\/www.ordesamonteperdido.com\/it\/wp-json\/wp\/v2\/pages"}],"about":[{"href":"https:\/\/www.ordesamonteperdido.com\/it\/wp-json\/wp\/v2\/types\/page"}],"author":[{"embeddable":true,"href":"https:\/\/www.ordesamonteperdido.com\/it\/wp-json\/wp\/v2\/users\/2"}],"replies":[{"embeddable":true,"href":"https:\/\/www.ordesamonteperdido.com\/it\/wp-json\/wp\/v2\/comments?post=992"}],"version-history":[{"count":0,"href":"https:\/\/www.ordesamonteperdido.com\/it\/wp-json\/wp\/v2\/pages\/992\/revisions"}],"wp:featuredmedia":[{"embeddable":true,"href":"https:\/\/www.ordesamonteperdido.com\/it\/wp-json\/wp\/v2\/media\/2389"}],"wp:attachment":[{"href":"https:\/\/www.ordesamonteperdido.com\/it\/wp-json\/wp\/v2\/media?parent=992"}],"curies":[{"name":"wp","href":"https:\/\/api.w.org\/{rel}","templated":true}]}}