{"id":994,"date":"2023-05-04T15:39:42","date_gmt":"2023-05-04T13:39:42","guid":{"rendered":"https:\/\/www.ordesamonteperdido.com\/it\/?page_id=994"},"modified":"2024-08-31T09:29:05","modified_gmt":"2024-08-31T07:29:05","slug":"valle-di-pineta","status":"publish","type":"page","link":"https:\/\/www.ordesamonteperdido.com\/it\/valle-di-pineta\/","title":{"rendered":"Il maestoso Valle di Pineta nel Parco Nazionale di Ordesa y Monte Perdido"},"content":{"rendered":"<!--TOC-->\n<p><strong>Il Valle di Pineta<\/strong> \u00e8 una delle quattro valli che compongono il <a href=\"https:\/\/www.ordesamonteperdido.com\/it\/parco-nazionale\/\"><strong>Parco Nazionale di Ordesa y Monte Perdido<\/strong><\/a> ed \u00e8 considerato uno dei pi\u00f9 impressionanti dei Pirenei spagnoli. Da Bielsa fino all&#8217;eremo della Vergine di Pineta, potrai godere di un paesaggio di bellezza indescrivibile, dove fitte foreste di pini, abeti e faggi ti accompagnano nel tuo percorso.<\/p>\n<p><img class=\"aligncenter size-full wp-image-2393\" src=\"https:\/\/www.ordesamonteperdido.com\/it\/wp-content\/uploads\/valle-di-pineta-ordesa-spagna.jpg\" alt=\"Valle di Pineta, Ordesa, Spagna\" width=\"1200\" height=\"900\" srcset=\"https:\/\/www.ordesamonteperdido.com\/it\/wp-content\/uploads\/valle-di-pineta-ordesa-spagna.jpg 1200w, https:\/\/www.ordesamonteperdido.com\/it\/wp-content\/uploads\/valle-di-pineta-ordesa-spagna-336x252.jpg 336w, https:\/\/www.ordesamonteperdido.com\/it\/wp-content\/uploads\/valle-di-pineta-ordesa-spagna-1024x768.jpg 1024w, https:\/\/www.ordesamonteperdido.com\/it\/wp-content\/uploads\/valle-di-pineta-ordesa-spagna-768x576.jpg 768w\" sizes=\"(max-width: 1200px) 100vw, 1200px\" \/><\/p>\n<h2>L&#8217;ambiente e i percorsi escursionistici<\/h2>\n<p>La valle \u00e8 il luogo di nascita del fiume Cinca e forma uno dei corsi d&#8217;acqua pi\u00f9 spettacolari dei Pirenei aragonesi. L&#8217;ambiente \u00e8 circondato da alture superiori a 2.000 metri, creando una sensazione di strettoia impressionante. All&#8217;interno del parco, troverai montagne emblematiche come il Monte Perdido (3.355 m), il Marbor\u00e9 o la Tuca Roya.<\/p>\n<p>Nella Valle di Pineta, ci sono numerosi percorsi escursionistici che ti permetteranno di immergerti in questo eccezionale spazio naturale. Due dei pi\u00f9 classici sono <strong>Los Llanos de la Larri<\/strong> e <strong>Balc\u00f3n de Pineta<\/strong>. Los Llanos de la Larri \u00e8 un percorso semplice e senza grandi dislivelli, ideale da fare in famiglia. D&#8217;altra parte, il Balc\u00f3n de Pineta \u00e8 una salita pi\u00f9 impegnativa che ti offrir\u00e0 una panoramica spettacolare sulla valle e ti permetter\u00e0 di raggiungere il lago di Marbor\u00e9, da cui potrai godere anche di una splendida vista sul ghiacciaio.<\/p>\n<h2>Geologia e paesaggio<\/h2>\n<p>La Valle di Pineta \u00e8 uno spettacolo geologico vero e proprio. Le sue pareti, strati e fasce sovrapposte creano un paesaggio maestoso e di grande bellezza. L&#8217;atmosfera pulita e la freschezza delle ombre, la vegetazione e la roccia ti immergeranno nella magia dei Pirenei. Inoltre, l&#8217;acqua, sotto forma di cascate e del fiume Cinca, gioca un ruolo importante nel paesaggio, animandolo e offrendo splendide vedute.<\/p>\n<p>In questa valle potrai anche trovare il <strong>Santuario della Vergine di Pineta<\/strong>, una modesta cappella che fa parte del fascino del luogo. Da Pineta, potrai apprezzare l&#8217;imponente insieme di cime e ondulazioni che compongono questo ambiente unico, cos\u00ec come le inesauribili sfumature di toni e luci offerte dalla roccia, dalla vegetazione e dal cielo.<\/p>\n<hr class=\"hr1\" \/>\n<h2>Informazioni e visite<\/h2>\n<p>Per ottenere ulteriori informazioni sui percorsi escursionistici e altri punti di interesse nella Valle di Pineta, puoi visitare i punti informativi di Bielsa e Pradera de Pineta. Il punto informativo di Pradera de Pineta si trova alla fine della strada di accesso alla valle, sulla sponda destra del fiume Cinca. Qui potrai ottenere informazioni sui percorsi adatti al tuo livello di difficolt\u00e0 e ricevere consigli per goderti al massimo la visita a questo meraviglioso spazio naturale.<\/p>\n<p>La Valle di Pineta \u00e8 una destinazione imperdibile nel Parco Nazionale di Ordesa y Monte Perdido. Con i suoi maestosi paesaggi, percorsi escursionistici per tutti i livelli e la ricchezza geologica e naturale che offre, \u00e8 un luogo che ti permetter\u00e0 di immergerti nella bellezza dei Pirenei e vivere un&#8217;esperienza indimenticabile.<\/p>\n<div class=\"boxgrey\">\n<ul>\n<li><strong>Apertura<\/strong>: tutto l&#8217;anno<\/li>\n<li><strong>Prezzo<\/strong>: accesso gratuito<\/li>\n<li><strong>Parcheggio<\/strong>: regolamentato durante la stagione alta<\/li>\n<li><strong>Telefono<\/strong>: 974 48 64 72 (Centro visitatori Torla)<\/li>\n<li><strong>Email<\/strong>: ordesa@aragon.es<\/li>\n<\/ul>\n<\/div>\n","protected":false},"excerpt":{"rendered":"<p>Il Valle di Pineta \u00e8 una delle quattro valli che compongono il Parco Nazionale di Ordesa y Monte Perdido ed \u00e8 considerato uno dei pi\u00f9 impressionanti dei Pirenei spagnoli. Da Bielsa fino all&#8217;eremo della&#46;&#46;&#46;<\/p>\n","protected":false},"author":2,"featured_media":2393,"parent":0,"menu_order":0,"comment_status":"closed","ping_status":"closed","template":"","meta":[],"yoast_head":"<!-- This site is optimized with the Yoast SEO plugin v20.1 - https:\/\/yoast.com\/wordpress\/plugins\/seo\/ -->\n<title>Il maestoso Valle di Pineta nel Parco Nazionale di Ordesa y Monte Perdido<\/title>\n<meta name=\"description\" content=\"Il Valle di Pineta \u00e8 una delle quattro valli che compongono il Parco Nazionale di Ordesa y Monte Perdido ed \u00e8 considerato uno dei pi\u00f9 impressionanti dei\" \/>\n<meta name=\"robots\" content=\"index, follow, max-snippet:-1, max-image-preview:large, max-video-preview:-1\" \/>\n<link rel=\"canonical\" href=\"https:\/\/www.ordesamonteperdido.com\/it\/valle-di-pineta\/\" \/>\n<meta property=\"og:locale\" content=\"it_IT\" \/>\n<meta property=\"og:type\" content=\"article\" \/>\n<meta property=\"og:title\" content=\"Il maestoso Valle di Pineta nel Parco Nazionale di Ordesa y Monte Perdido\" \/>\n<meta property=\"og:description\" content=\"Il Valle di Pineta \u00e8 una delle quattro valli che compongono il Parco Nazionale di Ordesa y Monte Perdido ed \u00e8 considerato uno dei pi\u00f9 impressionanti dei\" \/>\n<meta property=\"og:url\" content=\"https:\/\/www.ordesamonteperdido.com\/it\/valle-di-pineta\/\" \/>\n<meta property=\"og:site_name\" content=\"Ordesa e Monte Perdido\" \/>\n<meta property=\"article:modified_time\" content=\"2024-08-31T07:29:05+00:00\" \/>\n<meta property=\"og:image\" content=\"https:\/\/www.ordesamonteperdido.com\/it\/wp-content\/uploads\/valle-di-pineta-ordesa-spagna.jpg\" \/>\n\t<meta property=\"og:image:width\" content=\"1200\" \/>\n\t<meta property=\"og:image:height\" content=\"900\" \/>\n\t<meta property=\"og:image:type\" content=\"image\/jpeg\" \/>\n<meta name=\"twitter:card\" content=\"summary_large_image\" \/>\n<meta name=\"twitter:label1\" content=\"Tiempo de lectura\" \/>\n\t<meta name=\"twitter:data1\" content=\"3 minutos\" \/>\n<script type=\"application\/ld+json\" class=\"yoast-schema-graph\">{\"@context\":\"https:\/\/schema.org\",\"@graph\":[{\"@type\":\"WebPage\",\"@id\":\"https:\/\/www.ordesamonteperdido.com\/it\/valle-di-pineta\/\",\"url\":\"https:\/\/www.ordesamonteperdido.com\/it\/valle-di-pineta\/\",\"name\":\"Il maestoso Valle di Pineta nel Parco Nazionale di Ordesa y Monte Perdido\",\"isPartOf\":{\"@id\":\"https:\/\/www.ordesamonteperdido.com\/it\/#website\"},\"datePublished\":\"2023-05-04T13:39:42+00:00\",\"dateModified\":\"2024-08-31T07:29:05+00:00\",\"description\":\"Il Valle di Pineta \u00e8 una delle quattro valli che compongono il Parco Nazionale di Ordesa y Monte Perdido ed \u00e8 considerato uno dei pi\u00f9 impressionanti dei\",\"breadcrumb\":{\"@id\":\"https:\/\/www.ordesamonteperdido.com\/it\/valle-di-pineta\/#breadcrumb\"},\"inLanguage\":\"it\",\"potentialAction\":[{\"@type\":\"ReadAction\",\"target\":[\"https:\/\/www.ordesamonteperdido.com\/it\/valle-di-pineta\/\"]}]},{\"@type\":\"BreadcrumbList\",\"@id\":\"https:\/\/www.ordesamonteperdido.com\/it\/valle-di-pineta\/#breadcrumb\",\"itemListElement\":[{\"@type\":\"ListItem\",\"position\":1,\"name\":\"Portada\",\"item\":\"https:\/\/www.ordesamonteperdido.com\/it\/\"},{\"@type\":\"ListItem\",\"position\":2,\"name\":\"Il maestoso Valle di Pineta nel Parco Nazionale di Ordesa y Monte Perdido\"}]},{\"@type\":\"WebSite\",\"@id\":\"https:\/\/www.ordesamonteperdido.com\/it\/#website\",\"url\":\"https:\/\/www.ordesamonteperdido.com\/it\/\",\"name\":\"Ordesa e Monte Perdido\",\"description\":\"Turismo, alloggio, percorsi e guide\",\"publisher\":{\"@id\":\"https:\/\/www.ordesamonteperdido.com\/it\/#organization\"},\"potentialAction\":[{\"@type\":\"SearchAction\",\"target\":{\"@type\":\"EntryPoint\",\"urlTemplate\":\"https:\/\/www.ordesamonteperdido.com\/it\/?s={search_term_string}\"},\"query-input\":\"required name=search_term_string\"}],\"inLanguage\":\"it\"},{\"@type\":\"Organization\",\"@id\":\"https:\/\/www.ordesamonteperdido.com\/it\/#organization\",\"name\":\"Ordesa e Monte Perdido\",\"url\":\"https:\/\/www.ordesamonteperdido.com\/it\/\",\"logo\":{\"@type\":\"ImageObject\",\"inLanguage\":\"it\",\"@id\":\"https:\/\/www.ordesamonteperdido.com\/it\/#\/schema\/logo\/image\/\",\"url\":\"https:\/\/www.ordesamonteperdido.com\/it\/wp-content\/uploads\/ordesa-monteperdido-logo.png\",\"contentUrl\":\"https:\/\/www.ordesamonteperdido.com\/it\/wp-content\/uploads\/ordesa-monteperdido-logo.png\",\"width\":567,\"height\":69,\"caption\":\"Ordesa e Monte Perdido\"},\"image\":{\"@id\":\"https:\/\/www.ordesamonteperdido.com\/it\/#\/schema\/logo\/image\/\"}}]}<\/script>\n<!-- \/ Yoast SEO plugin. -->","yoast_head_json":{"title":"Il maestoso Valle di Pineta nel Parco Nazionale di Ordesa y Monte Perdido","description":"Il Valle di Pineta \u00e8 una delle quattro valli che compongono il Parco Nazionale di Ordesa y Monte Perdido ed \u00e8 considerato uno dei pi\u00f9 impressionanti dei","robots":{"index":"index","follow":"follow","max-snippet":"max-snippet:-1","max-image-preview":"max-image-preview:large","max-video-preview":"max-video-preview:-1"},"canonical":"https:\/\/www.ordesamonteperdido.com\/it\/valle-di-pineta\/","og_locale":"it_IT","og_type":"article","og_title":"Il maestoso Valle di Pineta nel Parco Nazionale di Ordesa y Monte Perdido","og_description":"Il Valle di Pineta \u00e8 una delle quattro valli che compongono il Parco Nazionale di Ordesa y Monte Perdido ed \u00e8 considerato uno dei pi\u00f9 impressionanti dei","og_url":"https:\/\/www.ordesamonteperdido.com\/it\/valle-di-pineta\/","og_site_name":"Ordesa e Monte Perdido","article_modified_time":"2024-08-31T07:29:05+00:00","og_image":[{"width":1200,"height":900,"url":"https:\/\/www.ordesamonteperdido.com\/it\/wp-content\/uploads\/valle-di-pineta-ordesa-spagna.jpg","type":"image\/jpeg"}],"twitter_card":"summary_large_image","twitter_misc":{"Tiempo de lectura":"3 minutos"},"schema":{"@context":"https:\/\/schema.org","@graph":[{"@type":"WebPage","@id":"https:\/\/www.ordesamonteperdido.com\/it\/valle-di-pineta\/","url":"https:\/\/www.ordesamonteperdido.com\/it\/valle-di-pineta\/","name":"Il maestoso Valle di Pineta nel Parco Nazionale di Ordesa y Monte Perdido","isPartOf":{"@id":"https:\/\/www.ordesamonteperdido.com\/it\/#website"},"datePublished":"2023-05-04T13:39:42+00:00","dateModified":"2024-08-31T07:29:05+00:00","description":"Il Valle di Pineta \u00e8 una delle quattro valli che compongono il Parco Nazionale di Ordesa y Monte Perdido ed \u00e8 considerato uno dei pi\u00f9 impressionanti dei","breadcrumb":{"@id":"https:\/\/www.ordesamonteperdido.com\/it\/valle-di-pineta\/#breadcrumb"},"inLanguage":"it","potentialAction":[{"@type":"ReadAction","target":["https:\/\/www.ordesamonteperdido.com\/it\/valle-di-pineta\/"]}]},{"@type":"BreadcrumbList","@id":"https:\/\/www.ordesamonteperdido.com\/it\/valle-di-pineta\/#breadcrumb","itemListElement":[{"@type":"ListItem","position":1,"name":"Portada","item":"https:\/\/www.ordesamonteperdido.com\/it\/"},{"@type":"ListItem","position":2,"name":"Il maestoso Valle di Pineta nel Parco Nazionale di Ordesa y Monte Perdido"}]},{"@type":"WebSite","@id":"https:\/\/www.ordesamonteperdido.com\/it\/#website","url":"https:\/\/www.ordesamonteperdido.com\/it\/","name":"Ordesa e Monte Perdido","description":"Turismo, alloggio, percorsi e guide","publisher":{"@id":"https:\/\/www.ordesamonteperdido.com\/it\/#organization"},"potentialAction":[{"@type":"SearchAction","target":{"@type":"EntryPoint","urlTemplate":"https:\/\/www.ordesamonteperdido.com\/it\/?s={search_term_string}"},"query-input":"required name=search_term_string"}],"inLanguage":"it"},{"@type":"Organization","@id":"https:\/\/www.ordesamonteperdido.com\/it\/#organization","name":"Ordesa e Monte Perdido","url":"https:\/\/www.ordesamonteperdido.com\/it\/","logo":{"@type":"ImageObject","inLanguage":"it","@id":"https:\/\/www.ordesamonteperdido.com\/it\/#\/schema\/logo\/image\/","url":"https:\/\/www.ordesamonteperdido.com\/it\/wp-content\/uploads\/ordesa-monteperdido-logo.png","contentUrl":"https:\/\/www.ordesamonteperdido.com\/it\/wp-content\/uploads\/ordesa-monteperdido-logo.png","width":567,"height":69,"caption":"Ordesa e Monte Perdido"},"image":{"@id":"https:\/\/www.ordesamonteperdido.com\/it\/#\/schema\/logo\/image\/"}}]}},"_links":{"self":[{"href":"https:\/\/www.ordesamonteperdido.com\/it\/wp-json\/wp\/v2\/pages\/994"}],"collection":[{"href":"https:\/\/www.ordesamonteperdido.com\/it\/wp-json\/wp\/v2\/pages"}],"about":[{"href":"https:\/\/www.ordesamonteperdido.com\/it\/wp-json\/wp\/v2\/types\/page"}],"author":[{"embeddable":true,"href":"https:\/\/www.ordesamonteperdido.com\/it\/wp-json\/wp\/v2\/users\/2"}],"replies":[{"embeddable":true,"href":"https:\/\/www.ordesamonteperdido.com\/it\/wp-json\/wp\/v2\/comments?post=994"}],"version-history":[{"count":0,"href":"https:\/\/www.ordesamonteperdido.com\/it\/wp-json\/wp\/v2\/pages\/994\/revisions"}],"wp:featuredmedia":[{"embeddable":true,"href":"https:\/\/www.ordesamonteperdido.com\/it\/wp-json\/wp\/v2\/media\/2393"}],"wp:attachment":[{"href":"https:\/\/www.ordesamonteperdido.com\/it\/wp-json\/wp\/v2\/media?parent=994"}],"curies":[{"name":"wp","href":"https:\/\/api.w.org\/{rel}","templated":true}]}}