{"id":999,"date":"2023-05-04T15:43:25","date_gmt":"2023-05-04T13:43:25","guid":{"rendered":"https:\/\/www.ordesamonteperdido.com\/it\/?page_id=999"},"modified":"2024-08-31T09:37:19","modified_gmt":"2024-08-31T07:37:19","slug":"monte-perdido","status":"publish","type":"page","link":"https:\/\/www.ordesamonteperdido.com\/it\/monte-perdido\/","title":{"rendered":"Monte Perdido: Il massiccio calcareo pi\u00f9 alto d&#8217;Europa in Huesca e Ordesa"},"content":{"rendered":"<div id=\"toc_container\" class=\"toc_white no_bullets\"><p class=\"toc_title\">Indice<\/p><ul class=\"toc_list\"><li><a href=\"#ubicazione-e-descrizione\"><span class=\"toc_number toc_depth_1\">1<\/span> Ubicazione e descrizione<\/a><\/li><li><a href=\"#valli-e-ghiacciai\"><span class=\"toc_number toc_depth_1\">2<\/span> Valli e ghiacciai<\/a><\/li><li><a href=\"#flora-e-vegetazione\"><span class=\"toc_number toc_depth_1\">3<\/span> Flora e vegetazione<\/a><\/li><li><a href=\"#patrimonio-dell8217umanita\"><span class=\"toc_number toc_depth_1\">4<\/span> Patrimonio dell&#8217;umanit\u00e0<\/a><\/li><li><a href=\"#esplorazioni-e-alpinismo\"><span class=\"toc_number toc_depth_1\">5<\/span> Esplorazioni e alpinismo<\/a><\/li><li><a href=\"#geologia-e-paesaggi-unici\"><span class=\"toc_number toc_depth_1\">6<\/span> Geologia e paesaggi unici<\/a><\/li><li><a href=\"#il-ghiacciaio-del-monte-perdido-un-gigante-in-retrocessione\"><span class=\"toc_number toc_depth_1\">7<\/span> Il Ghiacciaio del Monte Perdido: un gigante in retrocessione<\/a><\/li><\/ul><\/div>\n\n<h2><span id=\"ubicazione-e-descrizione\">Ubicazione e descrizione<\/span><\/h2>\n<p>Il <strong>Monte Perdido<\/strong>, noto anche come <em>Las Tres Sorores<\/em> o <em>As Tres Serols<\/em>, si trova sul versante sud del Pirineo centrale, a nord della provincia di Huesca, nel <a href=\"https:\/\/www.ordesamonteperdido.com\/it\/parco-nazionale\/\">Parco Nazionale di Ordesa e Monte Perdido<\/a>, nella comunit\u00e0 autonoma di Aragona, Spagna. La sua vetta pi\u00f9 alta raggiunge i 3.355 metri sul livello del mare, diventando il massiccio calcareo pi\u00f9 alto d&#8217;Europa.<\/p>\n<p><img class=\"aligncenter size-full wp-image-1121\" src=\"https:\/\/www.ordesamonteperdido.com\/it\/wp-content\/uploads\/monte-perdido-ordesa-huesca.jpg\" alt=\"Monte Perdido, Ordesa, Huesca, Spagna\" width=\"1200\" height=\"621\" srcset=\"https:\/\/www.ordesamonteperdido.com\/it\/wp-content\/uploads\/monte-perdido-ordesa-huesca.jpg 1200w, https:\/\/www.ordesamonteperdido.com\/it\/wp-content\/uploads\/monte-perdido-ordesa-huesca-336x174.jpg 336w, https:\/\/www.ordesamonteperdido.com\/it\/wp-content\/uploads\/monte-perdido-ordesa-huesca-1024x530.jpg 1024w, https:\/\/www.ordesamonteperdido.com\/it\/wp-content\/uploads\/monte-perdido-ordesa-huesca-768x397.jpg 768w\" sizes=\"(max-width: 1200px) 100vw, 1200px\" \/><\/p>\n<h2><span id=\"valli-e-ghiacciai\">Valli e ghiacciai<\/span><\/h2>\n<p>Il massiccio del Monte Perdido fa parte del Parco Nazionale di Ordesa e Monte Perdido, che include quattro valli di grande bellezza: Ordesa, A\u00f1isclo, Escua\u00edn e Pineta. Sulla faccia nord del Monte Perdido si trova uno dei pochi ghiacciai ancora presenti nei Pirenei, sebbene in costante ritiro.<\/p>\n<h2><span id=\"flora-e-vegetazione\">Flora e vegetazione<\/span><\/h2>\n<p>La flora sul Monte Perdido \u00e8 molto particolare a causa della sua altitudine e delle condizioni geologiche. Delle circa 3.500 specie di piante vascolari presenti nei Pirenei, appena 150 sono in grado di superare i 3.000 metri di altitudine e, tra queste, 95 sono state individuate nei 34 \"tremila\" del Massiccio di Monte Perdido e nelle zone circostanti.<\/p>\n<h2><span id=\"patrimonio-dell8217umanita\">Patrimonio dell&#8217;umanit\u00e0<\/span><\/h2>\n<p>Dal 1997, il sito \"Pirenei &#8211; Monte Perdido\" \u00e8 considerato Patrimonio dell&#8217;Umanit\u00e0 dall&#8217;UNESCO. L&#8217;area protetta si estende sia in Spagna che in Francia e rappresenta un modo di vita agricolo che un tempo era diffuso nelle regioni montane d&#8217;Europa, ma che sopravvive solo in questa parte dei Pirenei.<\/p>\n<h2><span id=\"esplorazioni-e-alpinismo\">Esplorazioni e alpinismo<\/span><\/h2>\n<p>Ramond de Carboni\u00e8res fu uno dei primi ad esplorare i Pirenei e il Monte Perdido. Tra gli alpinisti, il Monte Perdido gode di grande popolarit\u00e0 perch\u00e9 \u00e8 una vetta di oltre 3.000 metri relativamente facile da scalare. L&#8217;itinerario normale di salita avviene attraverso il rifugio di G\u00f3riz (2.160 m) e il canale \"la escupidera\".<\/p>\n<h2><span id=\"geologia-e-paesaggi-unici\">Geologia e paesaggi unici<\/span><\/h2>\n<p>Il Monte Perdido \u00e8 un luogo di originalit\u00e0 geologica e di spettacolare morfologia, con curiosit\u00e0 come la Brecha de Rold\u00e1n, pianure carsiche e grotte ghiacciate come la grotta di Casteret. \u00c8 un ambiente ideale per conoscere e sentire la forza e la bellezza della natura nel suo stato pi\u00f9 puro.<\/p>\n<h2><span id=\"il-ghiacciaio-del-monte-perdido-un-gigante-in-retrocessione\">Il Ghiacciaio del Monte Perdido: un gigante in retrocessione<\/span><\/h2>\n<p>Il <strong>Ghiacciaio del Monte Perdido<\/strong> \u00e8 il quarto ghiacciaio pi\u00f9 esteso dei Pirenei, dopo i ghiacciai dell&#8217;Aneto, Maladeta e Ossoue. Si tratta di un piccolo ghiacciaio di montagna sospeso su una grande pendice tra i 2.700 e i 3.250 metri di altitudine sulla faccia nord del Monte Perdido. Come gli altri ghiacciai dei Pirenei, anche questo ghiacciaio \u00e8 in retrocessione da due secoli. Nel corso del XX secolo, la parte inferiore del ghiacciaio si \u00e8 sollevata in altezza e negli anni &#8217;30 si \u00e8 gi\u00e0 osservata la diminuzione della cascata di ghiaccio che univa la parte superiore e inferiore del ghiacciaio. Nel 1973, la cascata di ghiaccio si \u00e8 completamente sciolta, separando le due masse di ghiaccio.<\/p>\n","protected":false},"excerpt":{"rendered":"<p>Ubicazione e descrizione Il Monte Perdido, noto anche come Las Tres Sorores o As Tres Serols, si trova sul versante sud del Pirineo centrale, a nord della provincia di Huesca, nel Parco Nazionale di&#46;&#46;&#46;<\/p>\n","protected":false},"author":2,"featured_media":1121,"parent":0,"menu_order":0,"comment_status":"closed","ping_status":"closed","template":"","meta":[],"yoast_head":"<!-- This site is optimized with the Yoast SEO plugin v20.1 - https:\/\/yoast.com\/wordpress\/plugins\/seo\/ -->\n<title>Monte Perdido: Il massiccio calcareo pi\u00f9 alto d&#039;Europa in Huesca e Ordesa<\/title>\n<meta name=\"description\" content=\"Il Monte Perdido di Huesca e Ordesa nei Pirenei, il suo ghiacciaio, la posizione geografica, le caratteristiche e la sfida che affronta a causa del ritiro dei ghiacciai.\" \/>\n<meta name=\"robots\" content=\"index, follow, max-snippet:-1, max-image-preview:large, max-video-preview:-1\" \/>\n<link rel=\"canonical\" href=\"https:\/\/www.ordesamonteperdido.com\/it\/monte-perdido\/\" \/>\n<meta property=\"og:locale\" content=\"it_IT\" \/>\n<meta property=\"og:type\" content=\"article\" \/>\n<meta property=\"og:title\" content=\"Monte Perdido: Il massiccio calcareo pi\u00f9 alto d&#039;Europa in Huesca e Ordesa\" \/>\n<meta property=\"og:description\" content=\"Il Monte Perdido di Huesca e Ordesa nei Pirenei, il suo ghiacciaio, la posizione geografica, le caratteristiche e la sfida che affronta a causa del ritiro dei ghiacciai.\" \/>\n<meta property=\"og:url\" content=\"https:\/\/www.ordesamonteperdido.com\/it\/monte-perdido\/\" \/>\n<meta property=\"og:site_name\" content=\"Ordesa e Monte Perdido\" \/>\n<meta property=\"article:modified_time\" content=\"2024-08-31T07:37:19+00:00\" \/>\n<meta property=\"og:image\" content=\"https:\/\/www.ordesamonteperdido.com\/it\/wp-content\/uploads\/monte-perdido-ordesa-huesca.jpg\" \/>\n\t<meta property=\"og:image:width\" content=\"1200\" \/>\n\t<meta property=\"og:image:height\" content=\"621\" \/>\n\t<meta property=\"og:image:type\" content=\"image\/jpeg\" \/>\n<meta name=\"twitter:card\" content=\"summary_large_image\" \/>\n<meta name=\"twitter:label1\" content=\"Tiempo de lectura\" \/>\n\t<meta name=\"twitter:data1\" content=\"3 minutos\" \/>\n<script type=\"application\/ld+json\" class=\"yoast-schema-graph\">{\"@context\":\"https:\/\/schema.org\",\"@graph\":[{\"@type\":\"WebPage\",\"@id\":\"https:\/\/www.ordesamonteperdido.com\/it\/monte-perdido\/\",\"url\":\"https:\/\/www.ordesamonteperdido.com\/it\/monte-perdido\/\",\"name\":\"Monte Perdido: Il massiccio calcareo pi\u00f9 alto d'Europa in Huesca e Ordesa\",\"isPartOf\":{\"@id\":\"https:\/\/www.ordesamonteperdido.com\/it\/#website\"},\"datePublished\":\"2023-05-04T13:43:25+00:00\",\"dateModified\":\"2024-08-31T07:37:19+00:00\",\"description\":\"Il Monte Perdido di Huesca e Ordesa nei Pirenei, il suo ghiacciaio, la posizione geografica, le caratteristiche e la sfida che affronta a causa del ritiro dei ghiacciai.\",\"breadcrumb\":{\"@id\":\"https:\/\/www.ordesamonteperdido.com\/it\/monte-perdido\/#breadcrumb\"},\"inLanguage\":\"it\",\"potentialAction\":[{\"@type\":\"ReadAction\",\"target\":[\"https:\/\/www.ordesamonteperdido.com\/it\/monte-perdido\/\"]}]},{\"@type\":\"BreadcrumbList\",\"@id\":\"https:\/\/www.ordesamonteperdido.com\/it\/monte-perdido\/#breadcrumb\",\"itemListElement\":[{\"@type\":\"ListItem\",\"position\":1,\"name\":\"Portada\",\"item\":\"https:\/\/www.ordesamonteperdido.com\/it\/\"},{\"@type\":\"ListItem\",\"position\":2,\"name\":\"Monte Perdido: Il massiccio calcareo pi\u00f9 alto d&#8217;Europa in Huesca e Ordesa\"}]},{\"@type\":\"WebSite\",\"@id\":\"https:\/\/www.ordesamonteperdido.com\/it\/#website\",\"url\":\"https:\/\/www.ordesamonteperdido.com\/it\/\",\"name\":\"Ordesa e Monte Perdido\",\"description\":\"Turismo, alloggio, percorsi e guide\",\"publisher\":{\"@id\":\"https:\/\/www.ordesamonteperdido.com\/it\/#organization\"},\"potentialAction\":[{\"@type\":\"SearchAction\",\"target\":{\"@type\":\"EntryPoint\",\"urlTemplate\":\"https:\/\/www.ordesamonteperdido.com\/it\/?s={search_term_string}\"},\"query-input\":\"required name=search_term_string\"}],\"inLanguage\":\"it\"},{\"@type\":\"Organization\",\"@id\":\"https:\/\/www.ordesamonteperdido.com\/it\/#organization\",\"name\":\"Ordesa e Monte Perdido\",\"url\":\"https:\/\/www.ordesamonteperdido.com\/it\/\",\"logo\":{\"@type\":\"ImageObject\",\"inLanguage\":\"it\",\"@id\":\"https:\/\/www.ordesamonteperdido.com\/it\/#\/schema\/logo\/image\/\",\"url\":\"https:\/\/www.ordesamonteperdido.com\/it\/wp-content\/uploads\/ordesa-monteperdido-logo.png\",\"contentUrl\":\"https:\/\/www.ordesamonteperdido.com\/it\/wp-content\/uploads\/ordesa-monteperdido-logo.png\",\"width\":567,\"height\":69,\"caption\":\"Ordesa e Monte Perdido\"},\"image\":{\"@id\":\"https:\/\/www.ordesamonteperdido.com\/it\/#\/schema\/logo\/image\/\"}}]}<\/script>\n<!-- \/ Yoast SEO plugin. -->","yoast_head_json":{"title":"Monte Perdido: Il massiccio calcareo pi\u00f9 alto d'Europa in Huesca e Ordesa","description":"Il Monte Perdido di Huesca e Ordesa nei Pirenei, il suo ghiacciaio, la posizione geografica, le caratteristiche e la sfida che affronta a causa del ritiro dei ghiacciai.","robots":{"index":"index","follow":"follow","max-snippet":"max-snippet:-1","max-image-preview":"max-image-preview:large","max-video-preview":"max-video-preview:-1"},"canonical":"https:\/\/www.ordesamonteperdido.com\/it\/monte-perdido\/","og_locale":"it_IT","og_type":"article","og_title":"Monte Perdido: Il massiccio calcareo pi\u00f9 alto d'Europa in Huesca e Ordesa","og_description":"Il Monte Perdido di Huesca e Ordesa nei Pirenei, il suo ghiacciaio, la posizione geografica, le caratteristiche e la sfida che affronta a causa del ritiro dei ghiacciai.","og_url":"https:\/\/www.ordesamonteperdido.com\/it\/monte-perdido\/","og_site_name":"Ordesa e Monte Perdido","article_modified_time":"2024-08-31T07:37:19+00:00","og_image":[{"width":1200,"height":621,"url":"https:\/\/www.ordesamonteperdido.com\/it\/wp-content\/uploads\/monte-perdido-ordesa-huesca.jpg","type":"image\/jpeg"}],"twitter_card":"summary_large_image","twitter_misc":{"Tiempo de lectura":"3 minutos"},"schema":{"@context":"https:\/\/schema.org","@graph":[{"@type":"WebPage","@id":"https:\/\/www.ordesamonteperdido.com\/it\/monte-perdido\/","url":"https:\/\/www.ordesamonteperdido.com\/it\/monte-perdido\/","name":"Monte Perdido: Il massiccio calcareo pi\u00f9 alto d'Europa in Huesca e Ordesa","isPartOf":{"@id":"https:\/\/www.ordesamonteperdido.com\/it\/#website"},"datePublished":"2023-05-04T13:43:25+00:00","dateModified":"2024-08-31T07:37:19+00:00","description":"Il Monte Perdido di Huesca e Ordesa nei Pirenei, il suo ghiacciaio, la posizione geografica, le caratteristiche e la sfida che affronta a causa del ritiro dei ghiacciai.","breadcrumb":{"@id":"https:\/\/www.ordesamonteperdido.com\/it\/monte-perdido\/#breadcrumb"},"inLanguage":"it","potentialAction":[{"@type":"ReadAction","target":["https:\/\/www.ordesamonteperdido.com\/it\/monte-perdido\/"]}]},{"@type":"BreadcrumbList","@id":"https:\/\/www.ordesamonteperdido.com\/it\/monte-perdido\/#breadcrumb","itemListElement":[{"@type":"ListItem","position":1,"name":"Portada","item":"https:\/\/www.ordesamonteperdido.com\/it\/"},{"@type":"ListItem","position":2,"name":"Monte Perdido: Il massiccio calcareo pi\u00f9 alto d&#8217;Europa in Huesca e Ordesa"}]},{"@type":"WebSite","@id":"https:\/\/www.ordesamonteperdido.com\/it\/#website","url":"https:\/\/www.ordesamonteperdido.com\/it\/","name":"Ordesa e Monte Perdido","description":"Turismo, alloggio, percorsi e guide","publisher":{"@id":"https:\/\/www.ordesamonteperdido.com\/it\/#organization"},"potentialAction":[{"@type":"SearchAction","target":{"@type":"EntryPoint","urlTemplate":"https:\/\/www.ordesamonteperdido.com\/it\/?s={search_term_string}"},"query-input":"required name=search_term_string"}],"inLanguage":"it"},{"@type":"Organization","@id":"https:\/\/www.ordesamonteperdido.com\/it\/#organization","name":"Ordesa e Monte Perdido","url":"https:\/\/www.ordesamonteperdido.com\/it\/","logo":{"@type":"ImageObject","inLanguage":"it","@id":"https:\/\/www.ordesamonteperdido.com\/it\/#\/schema\/logo\/image\/","url":"https:\/\/www.ordesamonteperdido.com\/it\/wp-content\/uploads\/ordesa-monteperdido-logo.png","contentUrl":"https:\/\/www.ordesamonteperdido.com\/it\/wp-content\/uploads\/ordesa-monteperdido-logo.png","width":567,"height":69,"caption":"Ordesa e Monte Perdido"},"image":{"@id":"https:\/\/www.ordesamonteperdido.com\/it\/#\/schema\/logo\/image\/"}}]}},"_links":{"self":[{"href":"https:\/\/www.ordesamonteperdido.com\/it\/wp-json\/wp\/v2\/pages\/999"}],"collection":[{"href":"https:\/\/www.ordesamonteperdido.com\/it\/wp-json\/wp\/v2\/pages"}],"about":[{"href":"https:\/\/www.ordesamonteperdido.com\/it\/wp-json\/wp\/v2\/types\/page"}],"author":[{"embeddable":true,"href":"https:\/\/www.ordesamonteperdido.com\/it\/wp-json\/wp\/v2\/users\/2"}],"replies":[{"embeddable":true,"href":"https:\/\/www.ordesamonteperdido.com\/it\/wp-json\/wp\/v2\/comments?post=999"}],"version-history":[{"count":0,"href":"https:\/\/www.ordesamonteperdido.com\/it\/wp-json\/wp\/v2\/pages\/999\/revisions"}],"wp:featuredmedia":[{"embeddable":true,"href":"https:\/\/www.ordesamonteperdido.com\/it\/wp-json\/wp\/v2\/media\/1121"}],"wp:attachment":[{"href":"https:\/\/www.ordesamonteperdido.com\/it\/wp-json\/wp\/v2\/media?parent=999"}],"curies":[{"name":"wp","href":"https:\/\/api.w.org\/{rel}","templated":true}]}}