{"id":1567,"date":"2024-08-29T08:00:22","date_gmt":"2024-08-29T06:00:22","guid":{"rendered":"https:\/\/www.ordesamonteperdido.com\/pt\/?page_id=1567"},"modified":"2024-08-31T10:43:55","modified_gmt":"2024-08-31T08:43:55","slug":"rotas-de-observacao-de-aves","status":"publish","type":"page","link":"https:\/\/www.ordesamonteperdido.com\/pt\/rotas-de-observacao-de-aves\/","title":{"rendered":"Rotas de Observa\u00e7\u00e3o de Aves em Ordesa y Monte Perdido"},"content":{"rendered":"<div id=\"toc_container\" class=\"toc_white no_bullets\"><p class=\"toc_title\">Conte&uacute;do<\/p><ul class=\"toc_list\"><li><a href=\"#melhor-epoca-para-observacao-de-aves-em-ordesa-y-monte-perdido\"><span class=\"toc_number toc_depth_1\">1<\/span> Melhor \u00e9poca para observa\u00e7\u00e3o de aves em Ordesa y Monte Perdido<\/a><\/li><li><a href=\"#principais-rotas-para-a-observacao-de-aves\"><span class=\"toc_number toc_depth_1\">2<\/span> Principais rotas para a observa\u00e7\u00e3o de aves<\/a><ul><li><a href=\"#rota-do-vale-de-ordesa-valle-de-ordesa\"><span class=\"toc_number toc_depth_2\">2.1<\/span> Rota do Vale de Ordesa (Valle de Ordesa)<\/a><\/li><li><a href=\"#rota-do-canion-de-anisclo-canon-de-anisclo\"><span class=\"toc_number toc_depth_2\">2.2<\/span> Rota do C\u00e2nion de A\u00f1isclo (Ca\u00f1\u00f3n de A\u00f1isclo)<\/a><\/li><li><a href=\"#rota-da-garganta-de-escuain-garganta-de-escuain\"><span class=\"toc_number toc_depth_2\">2.3<\/span> Rota da Garganta de Escua\u00edn (Garganta de Escua\u00edn)<\/a><\/li><li><a href=\"#rota-da-pradera-de-pineta-pradera-de-pineta\"><span class=\"toc_number toc_depth_2\">2.4<\/span> Rota da Pradera de Pineta (Pradera de Pineta)<\/a><\/li><\/ul><\/li><li><a href=\"#melhores-rotas-para-a-observacao-de-aves\"><span class=\"toc_number toc_depth_1\">3<\/span> Melhores rotas para a observa\u00e7\u00e3o de aves<\/a><ul><li><a href=\"#abrigos-para-observacao-e-fotografia-de-aves\"><span class=\"toc_number toc_depth_2\">3.1<\/span> Abrigos para Observa\u00e7\u00e3o e Fotografia de Aves<\/a><\/li><li><a href=\"#rota-do-abutre-barbudo-gypaetus-barbatus\"><span class=\"toc_number toc_depth_2\">3.2<\/span> Rota do Abutre-Barbudo (Gypaetus barbatus)<\/a><\/li><\/ul><\/li><li><a href=\"#equipamento-e-preparacao-para-observacao-de-aves\"><span class=\"toc_number toc_depth_1\">4<\/span> Equipamento e Prepara\u00e7\u00e3o para Observa\u00e7\u00e3o de Aves<\/a><\/li><li><a href=\"#outras-atividades-e-atracoes-no-parque-nacional-de-ordesa-y-monte-perdido\"><span class=\"toc_number toc_depth_1\">5<\/span> Outras Atividades e Atra\u00e7\u00f5es no Parque Nacional de Ordesa y Monte Perdido<\/a><\/li><li><a href=\"#e-facil-a-observacao-de-aves-no-parque-nacional\"><span class=\"toc_number toc_depth_1\">6<\/span> \u00c9 f\u00e1cil a observa\u00e7\u00e3o de aves no Parque Nacional?<\/a><\/li><\/ul><\/div>\n\n<p><strong>O Parque Nacional de Ordesa y Monte Perdido<\/strong> \u00e9 um lugar excepcional em Huesca, Espanha, que abriga uma grande diversidade de flora e fauna. Entre seus tesouros naturais, destaca-se a presen\u00e7a de numerosas esp\u00e9cies de aves, fazendo deste parque um destino perfeito para entusiastas da observa\u00e7\u00e3o de aves e amantes da natureza. Neste artigo, exploraremos as melhores rotas para desfrutar desta atividade e aprender mais sobre as esp\u00e9cies que habitam o parque.<\/p>\n<p><a href=\"https:\/\/www.ordesamonteperdido.com\/pt\/wp-content\/uploads\/rotas-de-observacao-de-aves-em-ordesa-y-monte-perdido.jpg\"><img decoding=\"async\" class=\"aligncenter wp-image-4329 size-full\" src=\"https:\/\/www.ordesamonteperdido.com\/pt\/wp-content\/uploads\/rotas-de-observacao-de-aves-em-ordesa-y-monte-perdido.jpg\" alt=\"Rotas de Observa\u00e7\u00e3o de Aves em Ordesa y Monte Perdido\" width=\"1200\" height=\"621\" srcset=\"https:\/\/www.ordesamonteperdido.com\/pt\/wp-content\/uploads\/rotas-de-observacao-de-aves-em-ordesa-y-monte-perdido.jpg 1200w, https:\/\/www.ordesamonteperdido.com\/pt\/wp-content\/uploads\/rotas-de-observacao-de-aves-em-ordesa-y-monte-perdido-336x174.jpg 336w, https:\/\/www.ordesamonteperdido.com\/pt\/wp-content\/uploads\/rotas-de-observacao-de-aves-em-ordesa-y-monte-perdido-1024x530.jpg 1024w, https:\/\/www.ordesamonteperdido.com\/pt\/wp-content\/uploads\/rotas-de-observacao-de-aves-em-ordesa-y-monte-perdido-768x397.jpg 768w\" sizes=\"(max-width: 1200px) 100vw, 1200px\" \/><\/a><\/p>\n<h2><span id=\"melhor-epoca-para-observacao-de-aves-em-ordesa-y-monte-perdido\">Melhor \u00e9poca para observa\u00e7\u00e3o de aves em Ordesa y Monte Perdido<\/span><\/h2>\n<p>A observa\u00e7\u00e3o de aves pode ser feita ao longo do ano, mas <strong>primavera e outono<\/strong> s\u00e3o as esta\u00e7\u00f5es mais recomendadas, pois oferecem melhores oportunidades para testemunhar migra\u00e7\u00f5es e reprodu\u00e7\u00e3o de aves. O clima mais ameno durante essas esta\u00e7\u00f5es facilita as atividades ao ar livre e aumenta as chances de avistar esp\u00e9cies como o Quebra-ossos, o Abutre-preto, o Abutre-do-Egito, o Milhafre-real, o Milhafre-preto, o Abutre-fouveiro e a \u00c1guia-real.<\/p>\n<h2><span id=\"principais-rotas-para-a-observacao-de-aves\">Principais rotas para a observa\u00e7\u00e3o de aves<\/span><\/h2>\n<p><a href=\"https:\/\/www.ordesamonteperdido.com\/pt\/wp-content\/uploads\/mapa-de-pontos-de-observacao-de-aves.jpg\"><img decoding=\"async\" class=\"aligncenter wp-image-4330 size-full\" src=\"https:\/\/www.ordesamonteperdido.com\/pt\/wp-content\/uploads\/mapa-de-pontos-de-observacao-de-aves.jpg\" alt=\"Pontos de Observa\u00e7\u00e3o de Aves\" width=\"1760\" height=\"1060\" srcset=\"https:\/\/www.ordesamonteperdido.com\/pt\/wp-content\/uploads\/mapa-de-pontos-de-observacao-de-aves.jpg 1760w, https:\/\/www.ordesamonteperdido.com\/pt\/wp-content\/uploads\/mapa-de-pontos-de-observacao-de-aves-336x202.jpg 336w, https:\/\/www.ordesamonteperdido.com\/pt\/wp-content\/uploads\/mapa-de-pontos-de-observacao-de-aves-1024x617.jpg 1024w, https:\/\/www.ordesamonteperdido.com\/pt\/wp-content\/uploads\/mapa-de-pontos-de-observacao-de-aves-768x463.jpg 768w, https:\/\/www.ordesamonteperdido.com\/pt\/wp-content\/uploads\/mapa-de-pontos-de-observacao-de-aves-1536x925.jpg 1536w\" sizes=\"(max-width: 1760px) 100vw, 1760px\" \/><\/a><\/p>\n<h3><span id=\"rota-do-vale-de-ordesa-valle-de-ordesa\">Rota do Vale de Ordesa (Valle de Ordesa)<\/span><\/h3>\n<p>A rota do Vale de Ordesa, em espanhol \"Valle de Ordesa\" \u00e9 uma das mais populares e acess\u00edveis para a observa\u00e7\u00e3o de aves no parque. Ao longo desta trilha, voc\u00ea pode desfrutar de paisagens deslumbrantes e avistar esp\u00e9cies como o Quebra-ossos, o Dom-fafe e o Treparriscos.<\/p>\n<h3><span id=\"rota-do-canion-de-anisclo-canon-de-anisclo\">Rota do C\u00e2nion de A\u00f1isclo (Ca\u00f1\u00f3n de A\u00f1isclo)<\/span><\/h3>\n<p>O C\u00e2nion de A\u00f1isclo, em espanhol \"Ca\u00f1\u00f3n de A\u00f1isclo\" \u00e9 outra excelente op\u00e7\u00e3o para observadores de aves. Esta trilha permite apreciar a beleza do c\u00e2nion e seus arredores, enquanto avista esp\u00e9cies como a \u00c1guia-real, o Abutre-do-Egito e o Peneireiro-vulgar.<\/p>\n<h3><span id=\"rota-da-garganta-de-escuain-garganta-de-escuain\">Rota da Garganta de Escua\u00edn (Garganta de Escua\u00edn)<\/span><\/h3>\n<p>A Rota da Garganta de Escua\u00edn, em espanhol \"Garganta de Escua\u00edn\" oferece um ambiente \u00fanico para a observa\u00e7\u00e3o de aves. Ao longo desta rota, voc\u00ea pode observar esp\u00e9cies como o Abutre-fouveiro, o Rabirruivo-preto e o Acentor-alpino. Al\u00e9m disso, voc\u00ea tamb\u00e9m pode se dirigir ao observat\u00f3rio de La Valle para melhores vistas de diferentes aves de rapina. Siga a <strong><a href=\"https:\/\/www.ordesamonteperdido.com\/pt\/rota-para-ver-abutres-barbudos-observatorio-da-valle\/\">rota para ver o Quebra-ossos<\/a><\/strong> e desfrute de um momento inesquec\u00edvel.<\/p>\n<h3><span id=\"rota-da-pradera-de-pineta-pradera-de-pineta\">Rota da Pradera de Pineta (Pradera de Pineta)<\/span><\/h3>\n<p>A Rota da Pradera de Pineta, em espanhol \"Pradera de Pineta\" \u00e9 outra rota proeminente para a observa\u00e7\u00e3o de aves no Parque Nacional de Ordesa y Monte Perdido. Aqui voc\u00ea pode encontrar esp\u00e9cies como o Acentor-alpino, o Rabirruivo-de-testa-branca e o Melro-das-rochas.<\/p>\n<h2><span id=\"melhores-rotas-para-a-observacao-de-aves\">Melhores rotas para a observa\u00e7\u00e3o de aves<\/span><\/h2>\n<p>Al\u00e9m das rotas mencionadas, onde \u00e9 poss\u00edvel ver diferentes tipos de fauna voadora, tamb\u00e9m recomendamos as seguintes rotas para que voc\u00ea desfrute de momentos inesquec\u00edveis na natureza:<\/p>\n<div class=\"display-posts-listing image-top\"><div class=\"listing-item\"><a class=\"image\" href=\"https:\/\/www.ordesamonteperdido.com\/pt\/abrigos-para-observacao-e-fotografia-de-aves\/\"><img decoding=\"async\" width=\"1024\" height=\"617\" src=\"https:\/\/www.ordesamonteperdido.com\/pt\/wp-content\/uploads\/mapa-de-pontos-de-observacao-de-aves-1024x617.jpg\" class=\"attachment-large size-large wp-post-image\" alt=\"Pontos de Observa\u00e7\u00e3o de Aves\" srcset=\"https:\/\/www.ordesamonteperdido.com\/pt\/wp-content\/uploads\/mapa-de-pontos-de-observacao-de-aves-1024x617.jpg 1024w, https:\/\/www.ordesamonteperdido.com\/pt\/wp-content\/uploads\/mapa-de-pontos-de-observacao-de-aves-336x202.jpg 336w, https:\/\/www.ordesamonteperdido.com\/pt\/wp-content\/uploads\/mapa-de-pontos-de-observacao-de-aves-768x463.jpg 768w, https:\/\/www.ordesamonteperdido.com\/pt\/wp-content\/uploads\/mapa-de-pontos-de-observacao-de-aves-1536x925.jpg 1536w, https:\/\/www.ordesamonteperdido.com\/pt\/wp-content\/uploads\/mapa-de-pontos-de-observacao-de-aves.jpg 1760w\" sizes=\"(max-width: 1024px) 100vw, 1024px\" \/><\/a> <h3><span id=\"abrigos-para-observacao-e-fotografia-de-aves\"><a class=\"title\" href=\"https:\/\/www.ordesamonteperdido.com\/pt\/abrigos-para-observacao-e-fotografia-de-aves\/\">Abrigos para Observa\u00e7\u00e3o e Fotografia de Aves<\/a><\/span><\/h3><\/div><div class=\"listing-item\"><a class=\"image\" href=\"https:\/\/www.ordesamonteperdido.com\/pt\/rota-para-ver-abutres-barbudos-observatorio-da-valle\/\"><img decoding=\"async\" width=\"1024\" height=\"530\" src=\"https:\/\/www.ordesamonteperdido.com\/pt\/wp-content\/uploads\/abutre-barbudo-gypaetus-barbatus-1024x530.jpg\" class=\"attachment-large size-large wp-post-image\" alt=\"Abutre-Barbudo (Gypaetus barbatus)\" srcset=\"https:\/\/www.ordesamonteperdido.com\/pt\/wp-content\/uploads\/abutre-barbudo-gypaetus-barbatus-1024x530.jpg 1024w, https:\/\/www.ordesamonteperdido.com\/pt\/wp-content\/uploads\/abutre-barbudo-gypaetus-barbatus-336x174.jpg 336w, https:\/\/www.ordesamonteperdido.com\/pt\/wp-content\/uploads\/abutre-barbudo-gypaetus-barbatus-768x397.jpg 768w, https:\/\/www.ordesamonteperdido.com\/pt\/wp-content\/uploads\/abutre-barbudo-gypaetus-barbatus.jpg 1200w\" sizes=\"(max-width: 1024px) 100vw, 1024px\" \/><\/a> <h3><span id=\"rota-do-abutre-barbudo-gypaetus-barbatus\"><a class=\"title\" href=\"https:\/\/www.ordesamonteperdido.com\/pt\/rota-para-ver-abutres-barbudos-observatorio-da-valle\/\">Rota do Abutre-Barbudo (Gypaetus barbatus)<\/a><\/span><\/h3><\/div><\/div>\n<h2><span id=\"equipamento-e-preparacao-para-observacao-de-aves\">Equipamento e Prepara\u00e7\u00e3o para Observa\u00e7\u00e3o de Aves<\/span><\/h2>\n<p>Para uma experi\u00eancia bem-sucedida de observa\u00e7\u00e3o de aves, \u00e9 importante ter o equipamento adequado, como <strong>bin\u00f3culos e telesc\u00f3pios de alta qualidade<\/strong>. Guias de campo e aplicativos m\u00f3veis tamb\u00e9m podem ser \u00fateis para identificar diferentes esp\u00e9cies.<\/p>\n<p>\u00c9 essencial usar <strong>roupas e cal\u00e7ados apropriados<\/strong> para caminhar nas trilhas do parque e se adaptar \u00e0s condi\u00e7\u00f5es clim\u00e1ticas. Al\u00e9m disso, \u00e9 crucial seguir um <strong>c\u00f3digo de conduta<\/strong> que respeite o meio ambiente e a vida selvagem, evitando se aproximar muito das aves, abstendo-se de aliment\u00e1-las e n\u00e3o deixando rastros da nossa visita.<\/p>\n<h2><span id=\"outras-atividades-e-atracoes-no-parque-nacional-de-ordesa-y-monte-perdido\">Outras Atividades e Atra\u00e7\u00f5es no Parque Nacional de Ordesa y Monte Perdido<\/span><\/h2>\n<p>Al\u00e9m da observa\u00e7\u00e3o de aves, o parque oferece uma grande variedade de atividades e atra\u00e7\u00f5es para desfrutar. Estas incluem trilhas de caminhada e montanhismo, <strong><a href=\"https:\/\/www.ordesamonteperdido.com\/pt\/abrigos-para-observacao-e-fotografia-de-aves\/\">fotografia de aves<\/a><\/strong>, paisagens e v\u00e1rias faunas selvagens, bem como visitas educativas guiadas. A \u00e1rea tamb\u00e9m oferece op\u00e7\u00f5es de hospedagem e servi\u00e7os para aqueles que desejam passar mais tempo explorando o parque.<\/p>\n<h2><span id=\"e-facil-a-observacao-de-aves-no-parque-nacional\">\u00c9 f\u00e1cil a observa\u00e7\u00e3o de aves no Parque Nacional?<\/span><\/h2>\n<p>O Parque Nacional de Ordesa y Monte Perdido oferece um ambiente excepcional para a observa\u00e7\u00e3o de aves e conex\u00e3o com a natureza. Com suas diversas rotas e esp\u00e9cies, \u00e9 uma escolha ideal para entusiastas das aves e turismo respons\u00e1vel. Seguindo as recomenda\u00e7\u00f5es e respeitando o meio ambiente, contribu\u00edmos para a <strong>conserva\u00e7\u00e3o da biodiversidade<\/strong> e para o desfrute deste patrim\u00f4nio natural pelas gera\u00e7\u00f5es futuras<\/p>\n","protected":false},"excerpt":{"rendered":"<p>O Parque Nacional de Ordesa y Monte Perdido \u00e9 um lugar excepcional em Huesca, Espanha, que abriga uma grande diversidade de flora e fauna. Entre seus tesouros naturais, destaca-se a presen\u00e7a de numerosas esp\u00e9cies&#46;&#46;&#46;<\/p>\n","protected":false},"author":2,"featured_media":4329,"parent":0,"menu_order":0,"comment_status":"closed","ping_status":"closed","template":"","meta":{"footnotes":""},"yoast_head":"<!-- This site is optimized with the Yoast SEO plugin v20.1 - https:\/\/yoast.com\/wordpress\/plugins\/seo\/ -->\n<title>Rotas de Observa\u00e7\u00e3o de Aves em Ordesa y Monte Perdido<\/title>\n<meta name=\"description\" content=\"Claro, ficarei feliz em fazer uma trilha e observar raptores e aves em Ordesa. Preparamos um guia detalhado com as melhores rotas para observa\u00e7\u00e3o de aves no Parque Nacional.\" \/>\n<meta name=\"robots\" content=\"index, follow, max-snippet:-1, max-image-preview:large, max-video-preview:-1\" \/>\n<link rel=\"canonical\" href=\"https:\/\/www.ordesamonteperdido.com\/pt\/rotas-de-observacao-de-aves\/\" \/>\n<meta property=\"og:locale\" content=\"pt_PT\" \/>\n<meta property=\"og:type\" content=\"article\" \/>\n<meta property=\"og:title\" content=\"Rotas de Observa\u00e7\u00e3o de Aves em Ordesa y Monte Perdido\" \/>\n<meta property=\"og:description\" content=\"Claro, ficarei feliz em fazer uma trilha e observar raptores e aves em Ordesa. Preparamos um guia detalhado com as melhores rotas para observa\u00e7\u00e3o de aves no Parque Nacional.\" \/>\n<meta property=\"og:url\" content=\"https:\/\/www.ordesamonteperdido.com\/pt\/rotas-de-observacao-de-aves\/\" \/>\n<meta property=\"og:site_name\" content=\"Ordesa y Monte Perdido\" \/>\n<meta property=\"article:modified_time\" content=\"2024-08-31T08:43:55+00:00\" \/>\n<meta property=\"og:image\" content=\"https:\/\/www.ordesamonteperdido.com\/pt\/wp-content\/uploads\/rotas-de-observacao-de-aves-em-ordesa-y-monte-perdido.jpg\" \/>\n\t<meta property=\"og:image:width\" content=\"1200\" \/>\n\t<meta property=\"og:image:height\" content=\"621\" \/>\n\t<meta property=\"og:image:type\" content=\"image\/jpeg\" \/>\n<meta name=\"twitter:card\" content=\"summary_large_image\" \/>\n<meta name=\"twitter:label1\" content=\"Tiempo de lectura\" \/>\n\t<meta name=\"twitter:data1\" content=\"4 minutos\" \/>\n<script type=\"application\/ld+json\" class=\"yoast-schema-graph\">{\"@context\":\"https:\/\/schema.org\",\"@graph\":[{\"@type\":\"WebPage\",\"@id\":\"https:\/\/www.ordesamonteperdido.com\/pt\/rotas-de-observacao-de-aves\/\",\"url\":\"https:\/\/www.ordesamonteperdido.com\/pt\/rotas-de-observacao-de-aves\/\",\"name\":\"Rotas de Observa\u00e7\u00e3o de Aves em Ordesa y Monte Perdido\",\"isPartOf\":{\"@id\":\"https:\/\/www.ordesamonteperdido.com\/pt\/#website\"},\"datePublished\":\"2024-08-29T06:00:22+00:00\",\"dateModified\":\"2024-08-31T08:43:55+00:00\",\"description\":\"Claro, ficarei feliz em fazer uma trilha e observar raptores e aves em Ordesa. Preparamos um guia detalhado com as melhores rotas para observa\u00e7\u00e3o de aves no Parque Nacional.\",\"breadcrumb\":{\"@id\":\"https:\/\/www.ordesamonteperdido.com\/pt\/rotas-de-observacao-de-aves\/#breadcrumb\"},\"inLanguage\":\"pt\",\"potentialAction\":[{\"@type\":\"ReadAction\",\"target\":[\"https:\/\/www.ordesamonteperdido.com\/pt\/rotas-de-observacao-de-aves\/\"]}]},{\"@type\":\"BreadcrumbList\",\"@id\":\"https:\/\/www.ordesamonteperdido.com\/pt\/rotas-de-observacao-de-aves\/#breadcrumb\",\"itemListElement\":[{\"@type\":\"ListItem\",\"position\":1,\"name\":\"In\u00edcio\",\"item\":\"https:\/\/www.ordesamonteperdido.com\/pt\/\"},{\"@type\":\"ListItem\",\"position\":2,\"name\":\"Rotas de Observa\u00e7\u00e3o de Aves em Ordesa y Monte Perdido\"}]},{\"@type\":\"WebSite\",\"@id\":\"https:\/\/www.ordesamonteperdido.com\/pt\/#website\",\"url\":\"https:\/\/www.ordesamonteperdido.com\/pt\/\",\"name\":\"Ordesa y Monte Perdido\",\"description\":\"Parque Nacional de Ordesa y Monte Perdido: turismo, alojamento, trilhas e guias\",\"publisher\":{\"@id\":\"https:\/\/www.ordesamonteperdido.com\/pt\/#organization\"},\"potentialAction\":[{\"@type\":\"SearchAction\",\"target\":{\"@type\":\"EntryPoint\",\"urlTemplate\":\"https:\/\/www.ordesamonteperdido.com\/pt\/?s={search_term_string}\"},\"query-input\":\"required name=search_term_string\"}],\"inLanguage\":\"pt\"},{\"@type\":\"Organization\",\"@id\":\"https:\/\/www.ordesamonteperdido.com\/pt\/#organization\",\"name\":\"Ordesa y Monte Perdido\",\"url\":\"https:\/\/www.ordesamonteperdido.com\/pt\/\",\"logo\":{\"@type\":\"ImageObject\",\"inLanguage\":\"pt\",\"@id\":\"https:\/\/www.ordesamonteperdido.com\/pt\/#\/schema\/logo\/image\/\",\"url\":\"https:\/\/www.ordesamonteperdido.com\/pt\/wp-content\/uploads\/ordesa-and-monteperdido-logo.png\",\"contentUrl\":\"https:\/\/www.ordesamonteperdido.com\/pt\/wp-content\/uploads\/ordesa-and-monteperdido-logo.png\",\"width\":567,\"height\":69,\"caption\":\"Ordesa y Monte Perdido\"},\"image\":{\"@id\":\"https:\/\/www.ordesamonteperdido.com\/pt\/#\/schema\/logo\/image\/\"}}]}<\/script>\n<!-- \/ Yoast SEO plugin. -->","yoast_head_json":{"title":"Rotas de Observa\u00e7\u00e3o de Aves em Ordesa y Monte Perdido","description":"Claro, ficarei feliz em fazer uma trilha e observar raptores e aves em Ordesa. Preparamos um guia detalhado com as melhores rotas para observa\u00e7\u00e3o de aves no Parque Nacional.","robots":{"index":"index","follow":"follow","max-snippet":"max-snippet:-1","max-image-preview":"max-image-preview:large","max-video-preview":"max-video-preview:-1"},"canonical":"https:\/\/www.ordesamonteperdido.com\/pt\/rotas-de-observacao-de-aves\/","og_locale":"pt_PT","og_type":"article","og_title":"Rotas de Observa\u00e7\u00e3o de Aves em Ordesa y Monte Perdido","og_description":"Claro, ficarei feliz em fazer uma trilha e observar raptores e aves em Ordesa. Preparamos um guia detalhado com as melhores rotas para observa\u00e7\u00e3o de aves no Parque Nacional.","og_url":"https:\/\/www.ordesamonteperdido.com\/pt\/rotas-de-observacao-de-aves\/","og_site_name":"Ordesa y Monte Perdido","article_modified_time":"2024-08-31T08:43:55+00:00","og_image":[{"width":1200,"height":621,"url":"https:\/\/www.ordesamonteperdido.com\/pt\/wp-content\/uploads\/rotas-de-observacao-de-aves-em-ordesa-y-monte-perdido.jpg","type":"image\/jpeg"}],"twitter_card":"summary_large_image","twitter_misc":{"Tiempo de lectura":"4 minutos"},"schema":{"@context":"https:\/\/schema.org","@graph":[{"@type":"WebPage","@id":"https:\/\/www.ordesamonteperdido.com\/pt\/rotas-de-observacao-de-aves\/","url":"https:\/\/www.ordesamonteperdido.com\/pt\/rotas-de-observacao-de-aves\/","name":"Rotas de Observa\u00e7\u00e3o de Aves em Ordesa y Monte Perdido","isPartOf":{"@id":"https:\/\/www.ordesamonteperdido.com\/pt\/#website"},"datePublished":"2024-08-29T06:00:22+00:00","dateModified":"2024-08-31T08:43:55+00:00","description":"Claro, ficarei feliz em fazer uma trilha e observar raptores e aves em Ordesa. Preparamos um guia detalhado com as melhores rotas para observa\u00e7\u00e3o de aves no Parque Nacional.","breadcrumb":{"@id":"https:\/\/www.ordesamonteperdido.com\/pt\/rotas-de-observacao-de-aves\/#breadcrumb"},"inLanguage":"pt","potentialAction":[{"@type":"ReadAction","target":["https:\/\/www.ordesamonteperdido.com\/pt\/rotas-de-observacao-de-aves\/"]}]},{"@type":"BreadcrumbList","@id":"https:\/\/www.ordesamonteperdido.com\/pt\/rotas-de-observacao-de-aves\/#breadcrumb","itemListElement":[{"@type":"ListItem","position":1,"name":"In\u00edcio","item":"https:\/\/www.ordesamonteperdido.com\/pt\/"},{"@type":"ListItem","position":2,"name":"Rotas de Observa\u00e7\u00e3o de Aves em Ordesa y Monte Perdido"}]},{"@type":"WebSite","@id":"https:\/\/www.ordesamonteperdido.com\/pt\/#website","url":"https:\/\/www.ordesamonteperdido.com\/pt\/","name":"Ordesa y Monte Perdido","description":"Parque Nacional de Ordesa y Monte Perdido: turismo, alojamento, trilhas e guias","publisher":{"@id":"https:\/\/www.ordesamonteperdido.com\/pt\/#organization"},"potentialAction":[{"@type":"SearchAction","target":{"@type":"EntryPoint","urlTemplate":"https:\/\/www.ordesamonteperdido.com\/pt\/?s={search_term_string}"},"query-input":"required name=search_term_string"}],"inLanguage":"pt"},{"@type":"Organization","@id":"https:\/\/www.ordesamonteperdido.com\/pt\/#organization","name":"Ordesa y Monte Perdido","url":"https:\/\/www.ordesamonteperdido.com\/pt\/","logo":{"@type":"ImageObject","inLanguage":"pt","@id":"https:\/\/www.ordesamonteperdido.com\/pt\/#\/schema\/logo\/image\/","url":"https:\/\/www.ordesamonteperdido.com\/pt\/wp-content\/uploads\/ordesa-and-monteperdido-logo.png","contentUrl":"https:\/\/www.ordesamonteperdido.com\/pt\/wp-content\/uploads\/ordesa-and-monteperdido-logo.png","width":567,"height":69,"caption":"Ordesa y Monte Perdido"},"image":{"@id":"https:\/\/www.ordesamonteperdido.com\/pt\/#\/schema\/logo\/image\/"}}]}},"_links":{"self":[{"href":"https:\/\/www.ordesamonteperdido.com\/pt\/wp-json\/wp\/v2\/pages\/1567"}],"collection":[{"href":"https:\/\/www.ordesamonteperdido.com\/pt\/wp-json\/wp\/v2\/pages"}],"about":[{"href":"https:\/\/www.ordesamonteperdido.com\/pt\/wp-json\/wp\/v2\/types\/page"}],"author":[{"embeddable":true,"href":"https:\/\/www.ordesamonteperdido.com\/pt\/wp-json\/wp\/v2\/users\/2"}],"replies":[{"embeddable":true,"href":"https:\/\/www.ordesamonteperdido.com\/pt\/wp-json\/wp\/v2\/comments?post=1567"}],"version-history":[{"count":0,"href":"https:\/\/www.ordesamonteperdido.com\/pt\/wp-json\/wp\/v2\/pages\/1567\/revisions"}],"wp:featuredmedia":[{"embeddable":true,"href":"https:\/\/www.ordesamonteperdido.com\/pt\/wp-json\/wp\/v2\/media\/4329"}],"wp:attachment":[{"href":"https:\/\/www.ordesamonteperdido.com\/pt\/wp-json\/wp\/v2\/media?parent=1567"}],"curies":[{"name":"wp","href":"https:\/\/api.w.org\/{rel}","templated":true}]}}