{"id":1609,"date":"2024-08-29T08:00:19","date_gmt":"2024-08-29T06:00:19","guid":{"rendered":"https:\/\/www.ordesamonteperdido.com\/pt\/?page_id=1609"},"modified":"2024-08-30T15:19:12","modified_gmt":"2024-08-30T13:19:12","slug":"rota-para-ver-abutres-barbudos-observatorio-da-valle","status":"publish","type":"page","link":"https:\/\/www.ordesamonteperdido.com\/pt\/rota-para-ver-abutres-barbudos-observatorio-da-valle\/","title":{"rendered":"Rota para ver o Abutre-Barbudo a partir do Observat\u00f3rio de la Valle (Observatorio de la Valle)"},"content":{"rendered":"<div id=\"toc_container\" class=\"toc_white no_bullets\"><p class=\"toc_title\">Conte&uacute;do<\/p><ul class=\"toc_list\"><li><a href=\"#mapa-da-rota-para-ver-o-abutre-barbudo\"><span class=\"toc_number toc_depth_1\">1<\/span> Mapa da Rota para Ver o Abutre-Barbudo<\/a><\/li><li><a href=\"#escuain-e-o-centro-de-informacoes\"><span class=\"toc_number toc_depth_1\">2<\/span> Escua\u00edn e o Centro de Informa\u00e7\u00f5es<\/a><\/li><li><a href=\"#trilha-para-chegar-ao-observatorio-de-aves-de-rapina\"><span class=\"toc_number toc_depth_1\">3<\/span> Trilha para chegar ao observat\u00f3rio de aves de rapina<\/a><\/li><li><a href=\"#observatorio-de-aves-de-rapina-para-ver-o-abutre-barbudo\"><span class=\"toc_number toc_depth_1\">4<\/span> Observat\u00f3rio de Aves de Rapina para ver o Abutre-Barbudo<\/a><\/li><li><a href=\"#mapa-da-rota-para-ver-o-abutre-barbudo-2\"><span class=\"toc_number toc_depth_1\">5<\/span> Mapa da Rota para Ver o Abutre-Barbudo<\/a><ul><li><a href=\"#abrigos-para-observacao-e-fotografia-de-aves\"><span class=\"toc_number toc_depth_2\">5.1<\/span> Abrigos para Observa\u00e7\u00e3o e Fotografia de Aves<\/a><\/li><li><a href=\"#observacao-de-aves\"><span class=\"toc_number toc_depth_2\">5.2<\/span> Observa\u00e7\u00e3o de Aves<\/a><\/li><\/ul><\/li><\/ul><\/div>\n\n<h2><span id=\"mapa-da-rota-para-ver-o-abutre-barbudo\">Mapa da Rota para Ver o Abutre-Barbudo<\/span><\/h2>\n<p><strong>A partir de A\u00ednsa<\/strong>, siga para o norte em dire\u00e7\u00e3o a Escalona e depois para Escua\u00edn e A\u00f1isclo. Ap\u00f3s deixar para tr\u00e1s a estrada para o Vale de A\u00f1isclo, come\u00e7amos uma subida em uma estrada estreita de aproximadamente 15 km. Os \u00faltimos sete km s\u00e3o particularmente <strong>espetaculares<\/strong>, passando por florestas e encostas \u00edngremes. Estacione no in\u00edcio da aldeia perto dos pain\u00e9is de informa\u00e7\u00e3o. N\u00e3o se esque\u00e7a de levar <strong>bin\u00f3culos e uma c\u00e2mera<\/strong> para capturar todos os detalhes.<\/p>\n<p><a href=\"https:\/\/www.ordesamonteperdido.com\/pt\/wp-content\/uploads\/abutre-barbudo-gypaetus-barbatus.jpg\"><img decoding=\"async\" class=\"aligncenter size-full wp-image-4340\" src=\"https:\/\/www.ordesamonteperdido.com\/pt\/wp-content\/uploads\/abutre-barbudo-gypaetus-barbatus.jpg\" alt=\"Abutre-Barbudo (Gypaetus barbatus)\" width=\"1200\" height=\"621\" srcset=\"https:\/\/www.ordesamonteperdido.com\/pt\/wp-content\/uploads\/abutre-barbudo-gypaetus-barbatus.jpg 1200w, https:\/\/www.ordesamonteperdido.com\/pt\/wp-content\/uploads\/abutre-barbudo-gypaetus-barbatus-336x174.jpg 336w, https:\/\/www.ordesamonteperdido.com\/pt\/wp-content\/uploads\/abutre-barbudo-gypaetus-barbatus-1024x530.jpg 1024w, https:\/\/www.ordesamonteperdido.com\/pt\/wp-content\/uploads\/abutre-barbudo-gypaetus-barbatus-768x397.jpg 768w\" sizes=\"(max-width: 1200px) 100vw, 1200px\" \/><\/a><\/p>\n<h2><span id=\"escuain-e-o-centro-de-informacoes\">Escua\u00edn e o Centro de Informa\u00e7\u00f5es<\/span><\/h2>\n<p>Escua\u00edn est\u00e1 localizado a uma altitude de 1200 m e possui cerca de 10 casas e a igreja de San Pedro. A partir daqui, h\u00e1 muitas rotas poss\u00edveis para explorar os arredores, incluindo o <strong>C\u00e2nion de Escua\u00edn<\/strong>, formado pelo Rio Yaga. Na pr\u00f3pria aldeia, voc\u00ea pode seguir a rota dos mirantes. Um dos edif\u00edcios abriga um centro de informa\u00e7\u00f5es onde voc\u00ea pode consultar op\u00e7\u00f5es de trilhas e assistir a imagens ao vivo de aves de rapina, como o <strong>Abutre-Barbudo<\/strong> (Gypaetus barbatus), atrav\u00e9s de uma webcam.<\/p>\n<h2><span id=\"trilha-para-chegar-ao-observatorio-de-aves-de-rapina\">Trilha para chegar ao observat\u00f3rio de aves de rapina<\/span><\/h2>\n<p>A partir da \u00e1rea de estacionamento em Escua\u00edn, seguimos por uma trilha florestal (fechada para carros) com uma subida constante por tr\u00eas quil\u00f4metros atrav\u00e9s de florestas de pinheiros e prados. Perto do km 3.5, pegamos um desvio em dire\u00e7\u00e3o ao <strong>Observat\u00f3rio de Aves de Rapina-Puente de los Mallos<\/strong>. Continuamos subindo por uma trilha por mais 1.5 km at\u00e9 chegar ao prado de La Valle, onde encontramos a entrada para o observat\u00f3rio.<\/p>\n<p>\u00c9 recomendado seguir as instru\u00e7\u00f5es para evitar perturbar as aves, embora geralmente elas estejam a uma dist\u00e2ncia segura. A rota pode continuar em dire\u00e7\u00e3o ao Puente de los Mallos e \u00e0 aldeia de Revilla, mas nesta ocasi\u00e3o, focamos na observa\u00e7\u00e3o das aves e retornamos pelo mesmo caminho.<\/p>\n<h2><span id=\"observatorio-de-aves-de-rapina-para-ver-o-abutre-barbudo\">Observat\u00f3rio de Aves de Rapina para ver o Abutre-Barbudo<\/span><\/h2>\n<p>O observat\u00f3rio \u00e9 uma estrutura de madeira com aberturas voltadas para o sudeste. Aqui, h\u00e1 um prado inclinado onde os animais pastam e onde os <strong>Abutres-Barbudos<\/strong> costumam pousar e decolar. Dentro, h\u00e1 pain\u00e9is informativos sobre as diferentes esp\u00e9cies de aves de rapina presentes na \u00e1rea.<\/p>\n<p>O Abutre-Barbudo \u00e9 a principal atra\u00e7\u00e3o, com cerca de seiscentos indiv\u00edduos na pen\u00ednsula. Do observat\u00f3rio, \u00e9 comum ver adultos e filhotes voando. Alguns deles t\u00eam etiquetas nas asas para identifica\u00e7\u00e3o individual. Os visitantes podem contribuir enviando dados de avistamento. \u00c9 recomendado dedicar algum tempo para observar calmamente o voo e as intera\u00e7\u00f5es das aves.<\/p>\n<h2><span id=\"mapa-da-rota-para-ver-o-abutre-barbudo-2\">Mapa da Rota para Ver o Abutre-Barbudo<\/span><\/h2>\n<p><iframe src=\"https:\/\/es.wikiloc.com\/wikiloc\/spatialArtifacts.do?event=view&amp;id=20379275&amp;measures=off&amp;title=off&amp;near=off&amp;images=off&amp;maptype=H\" width=\"100%\" height=\"400\" frameborder=\"0\" scrolling=\"no\"><\/iframe><\/p>\n<hr \/>\n<div class=\"display-posts-listing image-top\"><div class=\"listing-item\"><a class=\"image\" href=\"https:\/\/www.ordesamonteperdido.com\/pt\/abrigos-para-observacao-e-fotografia-de-aves\/\"><img decoding=\"async\" width=\"1024\" height=\"617\" src=\"https:\/\/www.ordesamonteperdido.com\/pt\/wp-content\/uploads\/mapa-de-pontos-de-observacao-de-aves-1024x617.jpg\" class=\"attachment-large size-large wp-post-image\" alt=\"Pontos de Observa\u00e7\u00e3o de Aves\" srcset=\"https:\/\/www.ordesamonteperdido.com\/pt\/wp-content\/uploads\/mapa-de-pontos-de-observacao-de-aves-1024x617.jpg 1024w, https:\/\/www.ordesamonteperdido.com\/pt\/wp-content\/uploads\/mapa-de-pontos-de-observacao-de-aves-336x202.jpg 336w, https:\/\/www.ordesamonteperdido.com\/pt\/wp-content\/uploads\/mapa-de-pontos-de-observacao-de-aves-768x463.jpg 768w, https:\/\/www.ordesamonteperdido.com\/pt\/wp-content\/uploads\/mapa-de-pontos-de-observacao-de-aves-1536x925.jpg 1536w, https:\/\/www.ordesamonteperdido.com\/pt\/wp-content\/uploads\/mapa-de-pontos-de-observacao-de-aves.jpg 1760w\" sizes=\"(max-width: 1024px) 100vw, 1024px\" \/><\/a> <h3><span id=\"abrigos-para-observacao-e-fotografia-de-aves\"><a class=\"title\" href=\"https:\/\/www.ordesamonteperdido.com\/pt\/abrigos-para-observacao-e-fotografia-de-aves\/\">Abrigos para Observa\u00e7\u00e3o e Fotografia de Aves<\/a><\/span><\/h3><\/div><div class=\"listing-item\"><a class=\"image\" href=\"https:\/\/www.ordesamonteperdido.com\/pt\/rotas-de-observacao-de-aves\/\"><img decoding=\"async\" width=\"1024\" height=\"530\" src=\"https:\/\/www.ordesamonteperdido.com\/pt\/wp-content\/uploads\/rotas-de-observacao-de-aves-em-ordesa-y-monte-perdido-1024x530.jpg\" class=\"attachment-large size-large wp-post-image\" alt=\"Rotas de Observa\u00e7\u00e3o de Aves em Ordesa y Monte Perdido\" srcset=\"https:\/\/www.ordesamonteperdido.com\/pt\/wp-content\/uploads\/rotas-de-observacao-de-aves-em-ordesa-y-monte-perdido-1024x530.jpg 1024w, https:\/\/www.ordesamonteperdido.com\/pt\/wp-content\/uploads\/rotas-de-observacao-de-aves-em-ordesa-y-monte-perdido-336x174.jpg 336w, https:\/\/www.ordesamonteperdido.com\/pt\/wp-content\/uploads\/rotas-de-observacao-de-aves-em-ordesa-y-monte-perdido-768x397.jpg 768w, https:\/\/www.ordesamonteperdido.com\/pt\/wp-content\/uploads\/rotas-de-observacao-de-aves-em-ordesa-y-monte-perdido.jpg 1200w\" sizes=\"(max-width: 1024px) 100vw, 1024px\" \/><\/a> <h3><span id=\"observacao-de-aves\"><a class=\"title\" href=\"https:\/\/www.ordesamonteperdido.com\/pt\/rotas-de-observacao-de-aves\/\">Observa\u00e7\u00e3o de Aves<\/a><\/span><\/h3><\/div><\/div>\n","protected":false},"excerpt":{"rendered":"<p>Mapa da Rota para Ver o Abutre-Barbudo A partir de A\u00ednsa, siga para o norte em dire\u00e7\u00e3o a Escalona e depois para Escua\u00edn e A\u00f1isclo. Ap\u00f3s deixar para tr\u00e1s a estrada para o Vale&#46;&#46;&#46;<\/p>\n","protected":false},"author":2,"featured_media":4340,"parent":0,"menu_order":0,"comment_status":"closed","ping_status":"closed","template":"","meta":{"footnotes":""},"yoast_head":"<!-- This site is optimized with the Yoast SEO plugin v20.1 - https:\/\/yoast.com\/wordpress\/plugins\/seo\/ -->\n<title>Rota para ver o Abutre-Barbudo a partir do Observat\u00f3rio de la Valle (Observatorio de la Valle)<\/title>\n<meta name=\"description\" content=\"Quer ver o Abutre-Barbudo de perto? Indicamos a rota pelo vale de Escua\u00edn e o observat\u00f3rio do Gypaetus barbatus em um ambiente espetacular.\" \/>\n<meta name=\"robots\" content=\"index, follow, max-snippet:-1, max-image-preview:large, max-video-preview:-1\" \/>\n<link rel=\"canonical\" href=\"https:\/\/www.ordesamonteperdido.com\/pt\/rota-para-ver-abutres-barbudos-observatorio-da-valle\/\" \/>\n<meta property=\"og:locale\" content=\"pt_PT\" \/>\n<meta property=\"og:type\" content=\"article\" \/>\n<meta property=\"og:title\" content=\"Rota para ver o Abutre-Barbudo a partir do Observat\u00f3rio de la Valle (Observatorio de la Valle)\" \/>\n<meta property=\"og:description\" content=\"Quer ver o Abutre-Barbudo de perto? Indicamos a rota pelo vale de Escua\u00edn e o observat\u00f3rio do Gypaetus barbatus em um ambiente espetacular.\" \/>\n<meta property=\"og:url\" content=\"https:\/\/www.ordesamonteperdido.com\/pt\/rota-para-ver-abutres-barbudos-observatorio-da-valle\/\" \/>\n<meta property=\"og:site_name\" content=\"Ordesa y Monte Perdido\" \/>\n<meta property=\"article:modified_time\" content=\"2024-08-30T13:19:12+00:00\" \/>\n<meta property=\"og:image\" content=\"https:\/\/www.ordesamonteperdido.com\/pt\/wp-content\/uploads\/abutre-barbudo-gypaetus-barbatus.jpg\" \/>\n\t<meta property=\"og:image:width\" content=\"1200\" \/>\n\t<meta property=\"og:image:height\" content=\"621\" \/>\n\t<meta property=\"og:image:type\" content=\"image\/jpeg\" \/>\n<meta name=\"twitter:card\" content=\"summary_large_image\" \/>\n<meta name=\"twitter:label1\" content=\"Tiempo de lectura\" \/>\n\t<meta name=\"twitter:data1\" content=\"3 minutos\" \/>\n<script type=\"application\/ld+json\" class=\"yoast-schema-graph\">{\"@context\":\"https:\/\/schema.org\",\"@graph\":[{\"@type\":\"WebPage\",\"@id\":\"https:\/\/www.ordesamonteperdido.com\/pt\/rota-para-ver-abutres-barbudos-observatorio-da-valle\/\",\"url\":\"https:\/\/www.ordesamonteperdido.com\/pt\/rota-para-ver-abutres-barbudos-observatorio-da-valle\/\",\"name\":\"Rota para ver o Abutre-Barbudo a partir do Observat\u00f3rio de la Valle (Observatorio de la Valle)\",\"isPartOf\":{\"@id\":\"https:\/\/www.ordesamonteperdido.com\/pt\/#website\"},\"datePublished\":\"2024-08-29T06:00:19+00:00\",\"dateModified\":\"2024-08-30T13:19:12+00:00\",\"description\":\"Quer ver o Abutre-Barbudo de perto? Indicamos a rota pelo vale de Escua\u00edn e o observat\u00f3rio do Gypaetus barbatus em um ambiente espetacular.\",\"breadcrumb\":{\"@id\":\"https:\/\/www.ordesamonteperdido.com\/pt\/rota-para-ver-abutres-barbudos-observatorio-da-valle\/#breadcrumb\"},\"inLanguage\":\"pt\",\"potentialAction\":[{\"@type\":\"ReadAction\",\"target\":[\"https:\/\/www.ordesamonteperdido.com\/pt\/rota-para-ver-abutres-barbudos-observatorio-da-valle\/\"]}]},{\"@type\":\"BreadcrumbList\",\"@id\":\"https:\/\/www.ordesamonteperdido.com\/pt\/rota-para-ver-abutres-barbudos-observatorio-da-valle\/#breadcrumb\",\"itemListElement\":[{\"@type\":\"ListItem\",\"position\":1,\"name\":\"In\u00edcio\",\"item\":\"https:\/\/www.ordesamonteperdido.com\/pt\/\"},{\"@type\":\"ListItem\",\"position\":2,\"name\":\"Rota para ver o Abutre-Barbudo a partir do Observat\u00f3rio de la Valle (Observatorio de la Valle)\"}]},{\"@type\":\"WebSite\",\"@id\":\"https:\/\/www.ordesamonteperdido.com\/pt\/#website\",\"url\":\"https:\/\/www.ordesamonteperdido.com\/pt\/\",\"name\":\"Ordesa y Monte Perdido\",\"description\":\"Parque Nacional de Ordesa y Monte Perdido: turismo, alojamento, trilhas e guias\",\"publisher\":{\"@id\":\"https:\/\/www.ordesamonteperdido.com\/pt\/#organization\"},\"potentialAction\":[{\"@type\":\"SearchAction\",\"target\":{\"@type\":\"EntryPoint\",\"urlTemplate\":\"https:\/\/www.ordesamonteperdido.com\/pt\/?s={search_term_string}\"},\"query-input\":\"required name=search_term_string\"}],\"inLanguage\":\"pt\"},{\"@type\":\"Organization\",\"@id\":\"https:\/\/www.ordesamonteperdido.com\/pt\/#organization\",\"name\":\"Ordesa y Monte Perdido\",\"url\":\"https:\/\/www.ordesamonteperdido.com\/pt\/\",\"logo\":{\"@type\":\"ImageObject\",\"inLanguage\":\"pt\",\"@id\":\"https:\/\/www.ordesamonteperdido.com\/pt\/#\/schema\/logo\/image\/\",\"url\":\"https:\/\/www.ordesamonteperdido.com\/pt\/wp-content\/uploads\/ordesa-and-monteperdido-logo.png\",\"contentUrl\":\"https:\/\/www.ordesamonteperdido.com\/pt\/wp-content\/uploads\/ordesa-and-monteperdido-logo.png\",\"width\":567,\"height\":69,\"caption\":\"Ordesa y Monte Perdido\"},\"image\":{\"@id\":\"https:\/\/www.ordesamonteperdido.com\/pt\/#\/schema\/logo\/image\/\"}}]}<\/script>\n<!-- \/ Yoast SEO plugin. -->","yoast_head_json":{"title":"Rota para ver o Abutre-Barbudo a partir do Observat\u00f3rio de la Valle (Observatorio de la Valle)","description":"Quer ver o Abutre-Barbudo de perto? Indicamos a rota pelo vale de Escua\u00edn e o observat\u00f3rio do Gypaetus barbatus em um ambiente espetacular.","robots":{"index":"index","follow":"follow","max-snippet":"max-snippet:-1","max-image-preview":"max-image-preview:large","max-video-preview":"max-video-preview:-1"},"canonical":"https:\/\/www.ordesamonteperdido.com\/pt\/rota-para-ver-abutres-barbudos-observatorio-da-valle\/","og_locale":"pt_PT","og_type":"article","og_title":"Rota para ver o Abutre-Barbudo a partir do Observat\u00f3rio de la Valle (Observatorio de la Valle)","og_description":"Quer ver o Abutre-Barbudo de perto? Indicamos a rota pelo vale de Escua\u00edn e o observat\u00f3rio do Gypaetus barbatus em um ambiente espetacular.","og_url":"https:\/\/www.ordesamonteperdido.com\/pt\/rota-para-ver-abutres-barbudos-observatorio-da-valle\/","og_site_name":"Ordesa y Monte Perdido","article_modified_time":"2024-08-30T13:19:12+00:00","og_image":[{"width":1200,"height":621,"url":"https:\/\/www.ordesamonteperdido.com\/pt\/wp-content\/uploads\/abutre-barbudo-gypaetus-barbatus.jpg","type":"image\/jpeg"}],"twitter_card":"summary_large_image","twitter_misc":{"Tiempo de lectura":"3 minutos"},"schema":{"@context":"https:\/\/schema.org","@graph":[{"@type":"WebPage","@id":"https:\/\/www.ordesamonteperdido.com\/pt\/rota-para-ver-abutres-barbudos-observatorio-da-valle\/","url":"https:\/\/www.ordesamonteperdido.com\/pt\/rota-para-ver-abutres-barbudos-observatorio-da-valle\/","name":"Rota para ver o Abutre-Barbudo a partir do Observat\u00f3rio de la Valle (Observatorio de la Valle)","isPartOf":{"@id":"https:\/\/www.ordesamonteperdido.com\/pt\/#website"},"datePublished":"2024-08-29T06:00:19+00:00","dateModified":"2024-08-30T13:19:12+00:00","description":"Quer ver o Abutre-Barbudo de perto? Indicamos a rota pelo vale de Escua\u00edn e o observat\u00f3rio do Gypaetus barbatus em um ambiente espetacular.","breadcrumb":{"@id":"https:\/\/www.ordesamonteperdido.com\/pt\/rota-para-ver-abutres-barbudos-observatorio-da-valle\/#breadcrumb"},"inLanguage":"pt","potentialAction":[{"@type":"ReadAction","target":["https:\/\/www.ordesamonteperdido.com\/pt\/rota-para-ver-abutres-barbudos-observatorio-da-valle\/"]}]},{"@type":"BreadcrumbList","@id":"https:\/\/www.ordesamonteperdido.com\/pt\/rota-para-ver-abutres-barbudos-observatorio-da-valle\/#breadcrumb","itemListElement":[{"@type":"ListItem","position":1,"name":"In\u00edcio","item":"https:\/\/www.ordesamonteperdido.com\/pt\/"},{"@type":"ListItem","position":2,"name":"Rota para ver o Abutre-Barbudo a partir do Observat\u00f3rio de la Valle (Observatorio de la Valle)"}]},{"@type":"WebSite","@id":"https:\/\/www.ordesamonteperdido.com\/pt\/#website","url":"https:\/\/www.ordesamonteperdido.com\/pt\/","name":"Ordesa y Monte Perdido","description":"Parque Nacional de Ordesa y Monte Perdido: turismo, alojamento, trilhas e guias","publisher":{"@id":"https:\/\/www.ordesamonteperdido.com\/pt\/#organization"},"potentialAction":[{"@type":"SearchAction","target":{"@type":"EntryPoint","urlTemplate":"https:\/\/www.ordesamonteperdido.com\/pt\/?s={search_term_string}"},"query-input":"required name=search_term_string"}],"inLanguage":"pt"},{"@type":"Organization","@id":"https:\/\/www.ordesamonteperdido.com\/pt\/#organization","name":"Ordesa y Monte Perdido","url":"https:\/\/www.ordesamonteperdido.com\/pt\/","logo":{"@type":"ImageObject","inLanguage":"pt","@id":"https:\/\/www.ordesamonteperdido.com\/pt\/#\/schema\/logo\/image\/","url":"https:\/\/www.ordesamonteperdido.com\/pt\/wp-content\/uploads\/ordesa-and-monteperdido-logo.png","contentUrl":"https:\/\/www.ordesamonteperdido.com\/pt\/wp-content\/uploads\/ordesa-and-monteperdido-logo.png","width":567,"height":69,"caption":"Ordesa y Monte Perdido"},"image":{"@id":"https:\/\/www.ordesamonteperdido.com\/pt\/#\/schema\/logo\/image\/"}}]}},"_links":{"self":[{"href":"https:\/\/www.ordesamonteperdido.com\/pt\/wp-json\/wp\/v2\/pages\/1609"}],"collection":[{"href":"https:\/\/www.ordesamonteperdido.com\/pt\/wp-json\/wp\/v2\/pages"}],"about":[{"href":"https:\/\/www.ordesamonteperdido.com\/pt\/wp-json\/wp\/v2\/types\/page"}],"author":[{"embeddable":true,"href":"https:\/\/www.ordesamonteperdido.com\/pt\/wp-json\/wp\/v2\/users\/2"}],"replies":[{"embeddable":true,"href":"https:\/\/www.ordesamonteperdido.com\/pt\/wp-json\/wp\/v2\/comments?post=1609"}],"version-history":[{"count":0,"href":"https:\/\/www.ordesamonteperdido.com\/pt\/wp-json\/wp\/v2\/pages\/1609\/revisions"}],"wp:featuredmedia":[{"embeddable":true,"href":"https:\/\/www.ordesamonteperdido.com\/pt\/wp-json\/wp\/v2\/media\/4340"}],"wp:attachment":[{"href":"https:\/\/www.ordesamonteperdido.com\/pt\/wp-json\/wp\/v2\/media?parent=1609"}],"curies":[{"name":"wp","href":"https:\/\/api.w.org\/{rel}","templated":true}]}}