{"id":904,"date":"2024-08-29T08:00:53","date_gmt":"2024-08-29T06:00:53","guid":{"rendered":"https:\/\/www.ordesamonteperdido.com\/pt\/?page_id=904"},"modified":"2024-08-30T14:30:27","modified_gmt":"2024-08-30T12:30:27","slug":"mapa","status":"publish","type":"page","link":"https:\/\/www.ordesamonteperdido.com\/pt\/mapa\/","title":{"rendered":"Mapa do Parque Nacional de Ordesa y Monte Perdido"},"content":{"rendered":"<div id=\"toc_container\" class=\"toc_white no_bullets\"><p class=\"toc_title\">Conte&uacute;do<\/p><ul class=\"toc_list\"><li><a href=\"#mapa-de-localizacao-de-ordesa-y-monte-perdido\"><span class=\"toc_number toc_depth_1\">1<\/span> Mapa de localiza\u00e7\u00e3o de Ordesa y Monte Perdido<\/a><ul><li><a href=\"#localizacao-geografica\"><span class=\"toc_number toc_depth_2\">1.1<\/span> Localiza\u00e7\u00e3o geogr\u00e1fica<\/a><\/li><li><a href=\"#provincias-e-municipios-proximos\"><span class=\"toc_number toc_depth_2\">1.2<\/span> Prov\u00edncias e munic\u00edpios pr\u00f3ximos<\/a><\/li><\/ul><\/li><li><a href=\"#como-chegar-ao-parque-nacional-de-ordesa-y-monte-perdido\"><span class=\"toc_number toc_depth_1\">2<\/span> Como chegar ao Parque Nacional de Ordesa y Monte Perdido<\/a><ul><li><a href=\"#transporte-de-carro\"><span class=\"toc_number toc_depth_2\">2.1<\/span> Transporte de carro<\/a><ul><li><a href=\"#rotas-e-estradas-principais\"><span class=\"toc_number toc_depth_3\">2.1.1<\/span> Rotas e estradas principais<\/a><\/li><li><a href=\"#estacionamento\"><span class=\"toc_number toc_depth_3\">2.1.2<\/span> Estacionamento<\/a><\/li><li><a href=\"#precos-do-estacionamento\"><span class=\"toc_number toc_depth_3\">2.1.3<\/span> Pre\u00e7os do Estacionamento<\/a><\/li><\/ul><\/li><li><a href=\"#transporte-publico\"><span class=\"toc_number toc_depth_2\">2.2<\/span> Transporte p\u00fablico<\/a><ul><li><a href=\"#onibus\"><span class=\"toc_number toc_depth_3\">2.2.1<\/span> \u00d4nibus<\/a><\/li><li><a href=\"#trem\"><span class=\"toc_number toc_depth_3\">2.2.2<\/span> Trem<\/a><\/li><\/ul><\/li><li><a href=\"#outras-opcoes-de-transporte\"><span class=\"toc_number toc_depth_2\">2.3<\/span> Outras op\u00e7\u00f5es de transporte<\/a><\/li><\/ul><\/li><li><a href=\"#zonas-e-pontos-de-interesse-no-parque\"><span class=\"toc_number toc_depth_1\">3<\/span> Zonas e pontos de interesse no parque<\/a><ul><li><a href=\"#vale-de-ordesa\"><span class=\"toc_number toc_depth_2\">3.1<\/span> Vale de Ordesa<\/a><\/li><li><a href=\"#monte-perdido\"><span class=\"toc_number toc_depth_2\">3.2<\/span> Monte Perdido<\/a><\/li><li><a href=\"#canion-de-anisclo\"><span class=\"toc_number toc_depth_2\">3.3<\/span> C\u00e2nion de A\u00f1isclo<\/a><\/li><li><a href=\"#vale-de-bujaruelo\"><span class=\"toc_number toc_depth_2\">3.4<\/span> Vale de Bujaruelo<\/a><\/li><li><a href=\"#vale-de-pineta\"><span class=\"toc_number toc_depth_2\">3.5<\/span> Vale de Pineta<\/a><\/li><li><a href=\"#gargantas-de-escuain-desfiladeiros-de-escuain\"><span class=\"toc_number toc_depth_2\">3.6<\/span> Gargantas de Escua\u00edn (Desfiladeiros de Escua\u00edn)<\/a><\/li><\/ul><\/li><\/ul><\/div>\n\n<p>O <a href=\"https:\/\/www.ordesamonteperdido.com\/parque-nacional\/\">Parque Nacional de Ordesa y Monte Perdido<\/a> \u00e9 uma das \u00e1reas protegidas mais emblem\u00e1ticas da Espanha, reconhecida por sua paisagem espetacular, biodiversidade e riqueza geol\u00f3gica. <a href=\"https:\/\/www.ordesamonteperdido.com\/pt\/wp-content\/uploads\/mapa-parque-nacional-de-ordesa-y-monte-perdido.jpg\" target=\"_blank\" rel=\"noopener\"><strong>Fornecemos o mapa<\/strong><\/a> e um guia detalhado para explorar e desfrutar deste maravilhoso destino, ajudando os visitantes a planejar sua viagem, encontrar informa\u00e7\u00f5es sobre sua <strong>localiza\u00e7\u00e3o<\/strong> e conhecer as diferentes <strong>op\u00e7\u00f5es de transporte dispon\u00edveis para acessar o parque<\/strong>.<\/p>\n<h2><span id=\"mapa-de-localizacao-de-ordesa-y-monte-perdido\">Mapa de localiza\u00e7\u00e3o de Ordesa y Monte Perdido<\/span><\/h2>\n<p><a href=\"https:\/\/www.ordesamonteperdido.com\/pt\/wp-content\/uploads\/mapa-parque-nacional-de-ordesa-y-monte-perdido.jpg\" target=\"_blank\" rel=\"noopener\"><img decoding=\"async\" class=\"aligncenter wp-image-1158 size-full\" src=\"https:\/\/www.ordesamonteperdido.com\/pt\/wp-content\/uploads\/mapa-parque-nacional-de-ordesa-y-monte-perdido.jpg\" alt=\"Mapa do Parque Nacional de Ordesa y Monte Perdido\" width=\"1134\" height=\"758\" \/><\/a><\/p>\n<h3><span id=\"localizacao-geografica\">Localiza\u00e7\u00e3o geogr\u00e1fica<\/span><\/h3>\n<p>O Parque Nacional de Ordesa y Monte Perdido est\u00e1 localizado na <strong>cordilheira dos Pirineus<\/strong>, na <strong>prov\u00edncia de Huesca<\/strong>, na <strong>comunidade aut\u00f4noma de Arag\u00e3o<\/strong>, <strong>Espanha<\/strong>. O parque abrange uma extens\u00e3o de aproximadamente 156 km\u00b2 e est\u00e1 situado na vertente sul dos Pirineus, abrigando o maci\u00e7o calc\u00e1rio de Monte Perdido, que alcan\u00e7a uma altitude de 3.355 metros.<\/p>\n<h3><span id=\"provincias-e-municipios-proximos\">Prov\u00edncias e munic\u00edpios pr\u00f3ximos<\/span><\/h3>\n<p>O parque est\u00e1 rodeado por v\u00e1rias localidades aragonesas, como Torla-Ordesa, Broto, Tella-Sin e Bielsa. Essas vilas oferecem alojamento, servi\u00e7os e pontos de informa\u00e7\u00e3o tur\u00edstica para os visitantes que desejam explorar o Parque Nacional de Ordesa y Monte Perdido.<\/p>\n<h2><span id=\"como-chegar-ao-parque-nacional-de-ordesa-y-monte-perdido\">Como chegar ao Parque Nacional de Ordesa y Monte Perdido<\/span><\/h2>\n<p>Existem diferentes meios e vias de transporte para visitar o Parque de Ordesa y Monte Perdido, com boa comunica\u00e7\u00e3o at\u00e9 a entrada do mesmo. \u00c9 poss\u00edvel viajar de carro, transporte p\u00fablico, trem e at\u00e9 chegar caminhando, cruzando as rotas de trekking ou indo de bicicleta. A seguir, apresentamos as diferentes formas de acessar um dos melhores parques nacionais espanh\u00f3is.<\/p>\n<h3><span id=\"transporte-de-carro\">Transporte de carro<\/span><\/h3>\n<h4><span id=\"rotas-e-estradas-principais\">Rotas e estradas principais<\/span><\/h4>\n<p>Para chegar ao parque de carro <strong>desde a cidade de Huesca<\/strong>, deve-se tomar a estrada N-260 em dire\u00e7\u00e3o ao norte, passando por Sabi\u00f1\u00e1nigo e Biescas. Em seguida, toma-se a estrada A-135 em dire\u00e7\u00e3o a Torla-Ordesa e \u00e0 entrada principal do parque.<\/p>\n<h4><span id=\"estacionamento\">Estacionamento<\/span><\/h4>\n<p>Autom\u00f3veis, \u00f4nibus, motos e bicicletas disp\u00f5em de um estacionamento situado em Torla, com capacidade para 386 autom\u00f3veis e 17 \u00f4nibus.<\/p>\n<p><img decoding=\"async\" class=\"alignnone wp-image-4235 size-full\" src=\"https:\/\/www.ordesamonteperdido.com\/pt\/wp-content\/uploads\/estacionamento-parque-nacional-de-ordesa-y-monte-perdido.jpg\" alt=\"Estacionamento do Parque Nacional de Ordesa y Monte Perdido\" width=\"1200\" height=\"800\" srcset=\"https:\/\/www.ordesamonteperdido.com\/pt\/wp-content\/uploads\/estacionamento-parque-nacional-de-ordesa-y-monte-perdido.jpg 1200w, https:\/\/www.ordesamonteperdido.com\/pt\/wp-content\/uploads\/estacionamento-parque-nacional-de-ordesa-y-monte-perdido-336x224.jpg 336w, https:\/\/www.ordesamonteperdido.com\/pt\/wp-content\/uploads\/estacionamento-parque-nacional-de-ordesa-y-monte-perdido-1024x683.jpg 1024w, https:\/\/www.ordesamonteperdido.com\/pt\/wp-content\/uploads\/estacionamento-parque-nacional-de-ordesa-y-monte-perdido-768x512.jpg 768w\" sizes=\"(max-width: 1200px) 100vw, 1200px\" \/><\/p>\n<h4><span id=\"precos-do-estacionamento\">Pre\u00e7os do Estacionamento<\/span><\/h4>\n<ul>\n<li>Hor\u00e1rio gratuito das 20:00 h \u00e0s 09:00 h.<\/li>\n<li>Autom\u00f3veis e motocicletas: 0,6 \u20ac\/hora. Ap\u00f3s 24 horas de estacionamento, ser\u00e1 aplicado um desconto de 20% do total.<\/li>\n<li>\u00d4nibus: 1,50 \u20ac\/hora. Ap\u00f3s 24 horas de estacionamento, ser\u00e1 aplicado um desconto de 20% do total.<\/li>\n<li>Durante o per\u00edodo em que o servi\u00e7o de \u00f4nibus n\u00e3o est\u00e1 em opera\u00e7\u00e3o, o estacionamento \u00e9 gratuito 24 horas por dia.<\/li>\n<\/ul>\n<h3><span id=\"transporte-publico\">Transporte p\u00fablico<\/span><\/h3>\n<h4><span id=\"onibus\">\u00d4nibus<\/span><\/h4>\n<p>Durante a alta temporada, existe um servi\u00e7o de <strong>\u00f4nibus que conecta as localidades pr\u00f3ximas<\/strong> de Torla-Ordesa e Broto com o parque. Este servi\u00e7o \u00e9 uma excelente op\u00e7\u00e3o para aqueles que preferem evitar o uso do carro e desfrutar de uma experi\u00eancia mais sustent\u00e1vel.<\/p>\n<h4><span id=\"trem\">Trem<\/span><\/h4>\n<p>Embora n\u00e3o haja uma esta\u00e7\u00e3o de trem diretamente no parque, a linha de <strong>trem de Zaragoza a Canfranc<\/strong> conta com paradas em Huesca e Sabi\u00f1\u00e1nigo, de onde se pode pegar um \u00f4nibus ou alugar um carro para chegar ao parque.<\/p>\n<h3><span id=\"outras-opcoes-de-transporte\">Outras op\u00e7\u00f5es de transporte<\/span><\/h3>\n<p>Tamb\u00e9m \u00e9 poss\u00edvel chegar ao Parque Nacional de Ordesa y Monte Perdido <strong>de bicicleta ou a p\u00e9<\/strong>, seguindo rotas de trekking e ciclismo que atravessam as espetaculares paisagens dos Pirineus. No entanto, deve-se ter em mente que algumas dessas rotas podem ser exigentes e requerer um bom n\u00edvel de prepara\u00e7\u00e3o f\u00edsica e experi\u00eancia em montanha.<\/p>\n<h2><span id=\"zonas-e-pontos-de-interesse-no-parque\">Zonas e pontos de interesse no parque<\/span><\/h2>\n<div class=\"display-posts-listing image-top\"><div class=\"listing-item\"><a class=\"image\" href=\"https:\/\/www.ordesamonteperdido.com\/pt\/vale-de-ordesa\/\"><img decoding=\"async\" width=\"1024\" height=\"530\" src=\"https:\/\/www.ordesamonteperdido.com\/pt\/wp-content\/uploads\/vale-de-ordesa-1024x530.jpg\" class=\"attachment-large size-large wp-post-image\" alt=\"Vale de Ordesa (Valle de Ordesa), Huesca, Espanha\" srcset=\"https:\/\/www.ordesamonteperdido.com\/pt\/wp-content\/uploads\/vale-de-ordesa-1024x530.jpg 1024w, https:\/\/www.ordesamonteperdido.com\/pt\/wp-content\/uploads\/vale-de-ordesa-336x174.jpg 336w, https:\/\/www.ordesamonteperdido.com\/pt\/wp-content\/uploads\/vale-de-ordesa-768x397.jpg 768w, https:\/\/www.ordesamonteperdido.com\/pt\/wp-content\/uploads\/vale-de-ordesa.jpg 1200w\" sizes=\"(max-width: 1024px) 100vw, 1024px\" \/><\/a> <h3><span id=\"vale-de-ordesa\"><a class=\"title\" href=\"https:\/\/www.ordesamonteperdido.com\/pt\/vale-de-ordesa\/\">Vale de Ordesa<\/a><\/span><\/h3><\/div><div class=\"listing-item\"><a class=\"image\" href=\"https:\/\/www.ordesamonteperdido.com\/pt\/monte-perdido\/\"><img decoding=\"async\" width=\"1024\" height=\"530\" src=\"https:\/\/www.ordesamonteperdido.com\/pt\/wp-content\/uploads\/monte-perdido-ordesa-huesca-1024x530.jpg\" class=\"attachment-large size-large wp-post-image\" alt=\"Monte Perdido, Ordesa, Huesca, Espanha\" srcset=\"https:\/\/www.ordesamonteperdido.com\/pt\/wp-content\/uploads\/monte-perdido-ordesa-huesca-1024x530.jpg 1024w, https:\/\/www.ordesamonteperdido.com\/pt\/wp-content\/uploads\/monte-perdido-ordesa-huesca-336x174.jpg 336w, https:\/\/www.ordesamonteperdido.com\/pt\/wp-content\/uploads\/monte-perdido-ordesa-huesca-768x397.jpg 768w, https:\/\/www.ordesamonteperdido.com\/pt\/wp-content\/uploads\/monte-perdido-ordesa-huesca.jpg 1200w\" sizes=\"(max-width: 1024px) 100vw, 1024px\" \/><\/a> <h3><span id=\"monte-perdido\"><a class=\"title\" href=\"https:\/\/www.ordesamonteperdido.com\/pt\/monte-perdido\/\">Monte Perdido<\/a><\/span><\/h3><\/div><div class=\"listing-item\"><a class=\"image\" href=\"https:\/\/www.ordesamonteperdido.com\/pt\/canion-de-anisclo\/\"><img decoding=\"async\" width=\"1024\" height=\"685\" src=\"https:\/\/www.ordesamonteperdido.com\/pt\/wp-content\/uploads\/canion-de-anisclo-1024x685.jpg\" class=\"attachment-large size-large wp-post-image\" alt=\"A\u00f1isclo Canyon (Ca\u00f1\u00f3n de A\u00f1isclo)\" srcset=\"https:\/\/www.ordesamonteperdido.com\/pt\/wp-content\/uploads\/canion-de-anisclo-1024x685.jpg 1024w, https:\/\/www.ordesamonteperdido.com\/pt\/wp-content\/uploads\/canion-de-anisclo-336x225.jpg 336w, https:\/\/www.ordesamonteperdido.com\/pt\/wp-content\/uploads\/canion-de-anisclo-768x514.jpg 768w, https:\/\/www.ordesamonteperdido.com\/pt\/wp-content\/uploads\/canion-de-anisclo.jpg 1200w\" sizes=\"(max-width: 1024px) 100vw, 1024px\" \/><\/a> <h3><span id=\"canion-de-anisclo\"><a class=\"title\" href=\"https:\/\/www.ordesamonteperdido.com\/pt\/canion-de-anisclo\/\">C\u00e2nion de A\u00f1isclo<\/a><\/span><\/h3><\/div><div class=\"listing-item\"><a class=\"image\" href=\"https:\/\/www.ordesamonteperdido.com\/pt\/vale-de-bujaruelo\/\"><img decoding=\"async\" width=\"1024\" height=\"683\" src=\"https:\/\/www.ordesamonteperdido.com\/pt\/wp-content\/uploads\/vale-de-bujaruelo-1024x683.jpg\" class=\"attachment-large size-large wp-post-image\" alt=\"Vale de Bujaruelo (Valle de Bujaruelo) na Espanha\" srcset=\"https:\/\/www.ordesamonteperdido.com\/pt\/wp-content\/uploads\/vale-de-bujaruelo-1024x683.jpg 1024w, https:\/\/www.ordesamonteperdido.com\/pt\/wp-content\/uploads\/vale-de-bujaruelo-336x224.jpg 336w, https:\/\/www.ordesamonteperdido.com\/pt\/wp-content\/uploads\/vale-de-bujaruelo-768x512.jpg 768w, https:\/\/www.ordesamonteperdido.com\/pt\/wp-content\/uploads\/vale-de-bujaruelo.jpg 1200w\" sizes=\"(max-width: 1024px) 100vw, 1024px\" \/><\/a> <h3><span id=\"vale-de-bujaruelo\"><a class=\"title\" href=\"https:\/\/www.ordesamonteperdido.com\/pt\/vale-de-bujaruelo\/\">Vale de Bujaruelo<\/a><\/span><\/h3><\/div><div class=\"listing-item\"><a class=\"image\" href=\"https:\/\/www.ordesamonteperdido.com\/pt\/vale-de-pineta\/\"><img decoding=\"async\" width=\"1024\" height=\"768\" src=\"https:\/\/www.ordesamonteperdido.com\/pt\/wp-content\/uploads\/vale-de-pineta-ordesa-1024x768.jpg\" class=\"attachment-large size-large wp-post-image\" alt=\"Vale de Pineta, Ordesa, Espanha\" srcset=\"https:\/\/www.ordesamonteperdido.com\/pt\/wp-content\/uploads\/vale-de-pineta-ordesa-1024x768.jpg 1024w, https:\/\/www.ordesamonteperdido.com\/pt\/wp-content\/uploads\/vale-de-pineta-ordesa-336x252.jpg 336w, https:\/\/www.ordesamonteperdido.com\/pt\/wp-content\/uploads\/vale-de-pineta-ordesa-768x576.jpg 768w, https:\/\/www.ordesamonteperdido.com\/pt\/wp-content\/uploads\/vale-de-pineta-ordesa.jpg 1200w\" sizes=\"(max-width: 1024px) 100vw, 1024px\" \/><\/a> <h3><span id=\"vale-de-pineta\"><a class=\"title\" href=\"https:\/\/www.ordesamonteperdido.com\/pt\/vale-de-pineta\/\">Vale de Pineta<\/a><\/span><\/h3><\/div><div class=\"listing-item\"><a class=\"image\" href=\"https:\/\/www.ordesamonteperdido.com\/pt\/gargantas-de-escuain\/\"><img decoding=\"async\" width=\"1024\" height=\"530\" src=\"https:\/\/www.ordesamonteperdido.com\/pt\/wp-content\/uploads\/gargantas-de-escuain-1024x530.jpg\" class=\"attachment-large size-large wp-post-image\" alt=\"Gargantas de Escua\u00edn en Ordesa y Monte Perdido, Espa\u00f1a (Escua\u00edn Gorges)\" srcset=\"https:\/\/www.ordesamonteperdido.com\/pt\/wp-content\/uploads\/gargantas-de-escuain-1024x530.jpg 1024w, https:\/\/www.ordesamonteperdido.com\/pt\/wp-content\/uploads\/gargantas-de-escuain-336x174.jpg 336w, https:\/\/www.ordesamonteperdido.com\/pt\/wp-content\/uploads\/gargantas-de-escuain-768x397.jpg 768w, https:\/\/www.ordesamonteperdido.com\/pt\/wp-content\/uploads\/gargantas-de-escuain.jpg 1200w\" sizes=\"(max-width: 1024px) 100vw, 1024px\" \/><\/a> <h3><span id=\"gargantas-de-escuain-desfiladeiros-de-escuain\"><a class=\"title\" href=\"https:\/\/www.ordesamonteperdido.com\/pt\/gargantas-de-escuain\/\">Gargantas de Escua\u00edn (Desfiladeiros de Escua\u00edn)<\/a><\/span><\/h3><\/div><\/div>\n","protected":false},"excerpt":{"rendered":"<p>O Parque Nacional de Ordesa y Monte Perdido \u00e9 uma das \u00e1reas protegidas mais emblem\u00e1ticas da Espanha, reconhecida por sua paisagem espetacular, biodiversidade e riqueza geol\u00f3gica. Fornecemos o mapa e um guia detalhado para&#46;&#46;&#46;<\/p>\n","protected":false},"author":2,"featured_media":4233,"parent":0,"menu_order":0,"comment_status":"closed","ping_status":"closed","template":"","meta":{"footnotes":""},"yoast_head":"<!-- This site is optimized with the Yoast SEO plugin v20.1 - https:\/\/yoast.com\/wordpress\/plugins\/seo\/ -->\n<title>Mapa do Parque Nacional de Ordesa y Monte Perdido<\/title>\n<meta name=\"description\" content=\"O Parque Nacional de Ordesa y Monte Perdido \u00e9 uma das \u00e1reas protegidas mais emblem\u00e1ticas da Espanha, reconhecida por sua paisagem espetacular,\" \/>\n<meta name=\"robots\" content=\"index, follow, max-snippet:-1, max-image-preview:large, max-video-preview:-1\" \/>\n<link rel=\"canonical\" href=\"https:\/\/www.ordesamonteperdido.com\/pt\/mapa\/\" \/>\n<meta property=\"og:locale\" content=\"pt_PT\" \/>\n<meta property=\"og:type\" content=\"article\" \/>\n<meta property=\"og:title\" content=\"Mapa do Parque Nacional de Ordesa y Monte Perdido\" \/>\n<meta property=\"og:description\" content=\"O Parque Nacional de Ordesa y Monte Perdido \u00e9 uma das \u00e1reas protegidas mais emblem\u00e1ticas da Espanha, reconhecida por sua paisagem espetacular,\" \/>\n<meta property=\"og:url\" content=\"https:\/\/www.ordesamonteperdido.com\/pt\/mapa\/\" \/>\n<meta property=\"og:site_name\" content=\"Ordesa y Monte Perdido\" \/>\n<meta property=\"article:modified_time\" content=\"2024-08-30T12:30:27+00:00\" \/>\n<meta property=\"og:image\" content=\"https:\/\/www.ordesamonteperdido.com\/pt\/wp-content\/uploads\/mapa-parque-nacional-de-ordesa-y-monte-perdido.jpg\" \/>\n\t<meta property=\"og:image:width\" content=\"1134\" \/>\n\t<meta property=\"og:image:height\" content=\"758\" \/>\n\t<meta property=\"og:image:type\" content=\"image\/jpeg\" \/>\n<meta name=\"twitter:card\" content=\"summary_large_image\" \/>\n<meta name=\"twitter:label1\" content=\"Tiempo de lectura\" \/>\n\t<meta name=\"twitter:data1\" content=\"3 minutos\" \/>\n<script type=\"application\/ld+json\" class=\"yoast-schema-graph\">{\"@context\":\"https:\/\/schema.org\",\"@graph\":[{\"@type\":\"WebPage\",\"@id\":\"https:\/\/www.ordesamonteperdido.com\/pt\/mapa\/\",\"url\":\"https:\/\/www.ordesamonteperdido.com\/pt\/mapa\/\",\"name\":\"Mapa do Parque Nacional de Ordesa y Monte Perdido\",\"isPartOf\":{\"@id\":\"https:\/\/www.ordesamonteperdido.com\/pt\/#website\"},\"datePublished\":\"2024-08-29T06:00:53+00:00\",\"dateModified\":\"2024-08-30T12:30:27+00:00\",\"description\":\"O Parque Nacional de Ordesa y Monte Perdido \u00e9 uma das \u00e1reas protegidas mais emblem\u00e1ticas da Espanha, reconhecida por sua paisagem espetacular,\",\"breadcrumb\":{\"@id\":\"https:\/\/www.ordesamonteperdido.com\/pt\/mapa\/#breadcrumb\"},\"inLanguage\":\"pt\",\"potentialAction\":[{\"@type\":\"ReadAction\",\"target\":[\"https:\/\/www.ordesamonteperdido.com\/pt\/mapa\/\"]}]},{\"@type\":\"BreadcrumbList\",\"@id\":\"https:\/\/www.ordesamonteperdido.com\/pt\/mapa\/#breadcrumb\",\"itemListElement\":[{\"@type\":\"ListItem\",\"position\":1,\"name\":\"In\u00edcio\",\"item\":\"https:\/\/www.ordesamonteperdido.com\/pt\/\"},{\"@type\":\"ListItem\",\"position\":2,\"name\":\"Mapa do Parque Nacional de Ordesa y Monte Perdido\"}]},{\"@type\":\"WebSite\",\"@id\":\"https:\/\/www.ordesamonteperdido.com\/pt\/#website\",\"url\":\"https:\/\/www.ordesamonteperdido.com\/pt\/\",\"name\":\"Ordesa y Monte Perdido\",\"description\":\"Parque Nacional de Ordesa y Monte Perdido: turismo, alojamento, trilhas e guias\",\"publisher\":{\"@id\":\"https:\/\/www.ordesamonteperdido.com\/pt\/#organization\"},\"potentialAction\":[{\"@type\":\"SearchAction\",\"target\":{\"@type\":\"EntryPoint\",\"urlTemplate\":\"https:\/\/www.ordesamonteperdido.com\/pt\/?s={search_term_string}\"},\"query-input\":\"required name=search_term_string\"}],\"inLanguage\":\"pt\"},{\"@type\":\"Organization\",\"@id\":\"https:\/\/www.ordesamonteperdido.com\/pt\/#organization\",\"name\":\"Ordesa y Monte Perdido\",\"url\":\"https:\/\/www.ordesamonteperdido.com\/pt\/\",\"logo\":{\"@type\":\"ImageObject\",\"inLanguage\":\"pt\",\"@id\":\"https:\/\/www.ordesamonteperdido.com\/pt\/#\/schema\/logo\/image\/\",\"url\":\"https:\/\/www.ordesamonteperdido.com\/pt\/wp-content\/uploads\/ordesa-and-monteperdido-logo.png\",\"contentUrl\":\"https:\/\/www.ordesamonteperdido.com\/pt\/wp-content\/uploads\/ordesa-and-monteperdido-logo.png\",\"width\":567,\"height\":69,\"caption\":\"Ordesa y Monte Perdido\"},\"image\":{\"@id\":\"https:\/\/www.ordesamonteperdido.com\/pt\/#\/schema\/logo\/image\/\"}}]}<\/script>\n<!-- \/ Yoast SEO plugin. -->","yoast_head_json":{"title":"Mapa do Parque Nacional de Ordesa y Monte Perdido","description":"O Parque Nacional de Ordesa y Monte Perdido \u00e9 uma das \u00e1reas protegidas mais emblem\u00e1ticas da Espanha, reconhecida por sua paisagem espetacular,","robots":{"index":"index","follow":"follow","max-snippet":"max-snippet:-1","max-image-preview":"max-image-preview:large","max-video-preview":"max-video-preview:-1"},"canonical":"https:\/\/www.ordesamonteperdido.com\/pt\/mapa\/","og_locale":"pt_PT","og_type":"article","og_title":"Mapa do Parque Nacional de Ordesa y Monte Perdido","og_description":"O Parque Nacional de Ordesa y Monte Perdido \u00e9 uma das \u00e1reas protegidas mais emblem\u00e1ticas da Espanha, reconhecida por sua paisagem espetacular,","og_url":"https:\/\/www.ordesamonteperdido.com\/pt\/mapa\/","og_site_name":"Ordesa y Monte Perdido","article_modified_time":"2024-08-30T12:30:27+00:00","og_image":[{"width":1134,"height":758,"url":"https:\/\/www.ordesamonteperdido.com\/pt\/wp-content\/uploads\/mapa-parque-nacional-de-ordesa-y-monte-perdido.jpg","type":"image\/jpeg"}],"twitter_card":"summary_large_image","twitter_misc":{"Tiempo de lectura":"3 minutos"},"schema":{"@context":"https:\/\/schema.org","@graph":[{"@type":"WebPage","@id":"https:\/\/www.ordesamonteperdido.com\/pt\/mapa\/","url":"https:\/\/www.ordesamonteperdido.com\/pt\/mapa\/","name":"Mapa do Parque Nacional de Ordesa y Monte Perdido","isPartOf":{"@id":"https:\/\/www.ordesamonteperdido.com\/pt\/#website"},"datePublished":"2024-08-29T06:00:53+00:00","dateModified":"2024-08-30T12:30:27+00:00","description":"O Parque Nacional de Ordesa y Monte Perdido \u00e9 uma das \u00e1reas protegidas mais emblem\u00e1ticas da Espanha, reconhecida por sua paisagem espetacular,","breadcrumb":{"@id":"https:\/\/www.ordesamonteperdido.com\/pt\/mapa\/#breadcrumb"},"inLanguage":"pt","potentialAction":[{"@type":"ReadAction","target":["https:\/\/www.ordesamonteperdido.com\/pt\/mapa\/"]}]},{"@type":"BreadcrumbList","@id":"https:\/\/www.ordesamonteperdido.com\/pt\/mapa\/#breadcrumb","itemListElement":[{"@type":"ListItem","position":1,"name":"In\u00edcio","item":"https:\/\/www.ordesamonteperdido.com\/pt\/"},{"@type":"ListItem","position":2,"name":"Mapa do Parque Nacional de Ordesa y Monte Perdido"}]},{"@type":"WebSite","@id":"https:\/\/www.ordesamonteperdido.com\/pt\/#website","url":"https:\/\/www.ordesamonteperdido.com\/pt\/","name":"Ordesa y Monte Perdido","description":"Parque Nacional de Ordesa y Monte Perdido: turismo, alojamento, trilhas e guias","publisher":{"@id":"https:\/\/www.ordesamonteperdido.com\/pt\/#organization"},"potentialAction":[{"@type":"SearchAction","target":{"@type":"EntryPoint","urlTemplate":"https:\/\/www.ordesamonteperdido.com\/pt\/?s={search_term_string}"},"query-input":"required name=search_term_string"}],"inLanguage":"pt"},{"@type":"Organization","@id":"https:\/\/www.ordesamonteperdido.com\/pt\/#organization","name":"Ordesa y Monte Perdido","url":"https:\/\/www.ordesamonteperdido.com\/pt\/","logo":{"@type":"ImageObject","inLanguage":"pt","@id":"https:\/\/www.ordesamonteperdido.com\/pt\/#\/schema\/logo\/image\/","url":"https:\/\/www.ordesamonteperdido.com\/pt\/wp-content\/uploads\/ordesa-and-monteperdido-logo.png","contentUrl":"https:\/\/www.ordesamonteperdido.com\/pt\/wp-content\/uploads\/ordesa-and-monteperdido-logo.png","width":567,"height":69,"caption":"Ordesa y Monte Perdido"},"image":{"@id":"https:\/\/www.ordesamonteperdido.com\/pt\/#\/schema\/logo\/image\/"}}]}},"_links":{"self":[{"href":"https:\/\/www.ordesamonteperdido.com\/pt\/wp-json\/wp\/v2\/pages\/904"}],"collection":[{"href":"https:\/\/www.ordesamonteperdido.com\/pt\/wp-json\/wp\/v2\/pages"}],"about":[{"href":"https:\/\/www.ordesamonteperdido.com\/pt\/wp-json\/wp\/v2\/types\/page"}],"author":[{"embeddable":true,"href":"https:\/\/www.ordesamonteperdido.com\/pt\/wp-json\/wp\/v2\/users\/2"}],"replies":[{"embeddable":true,"href":"https:\/\/www.ordesamonteperdido.com\/pt\/wp-json\/wp\/v2\/comments?post=904"}],"version-history":[{"count":0,"href":"https:\/\/www.ordesamonteperdido.com\/pt\/wp-json\/wp\/v2\/pages\/904\/revisions"}],"wp:featuredmedia":[{"embeddable":true,"href":"https:\/\/www.ordesamonteperdido.com\/pt\/wp-json\/wp\/v2\/media\/4233"}],"wp:attachment":[{"href":"https:\/\/www.ordesamonteperdido.com\/pt\/wp-json\/wp\/v2\/media?parent=904"}],"curies":[{"name":"wp","href":"https:\/\/api.w.org\/{rel}","templated":true}]}}