{"id":909,"date":"2024-08-29T08:00:39","date_gmt":"2024-08-29T06:00:39","guid":{"rendered":"https:\/\/www.ordesamonteperdido.com\/pt\/?page_id=909"},"modified":"2024-08-30T14:32:49","modified_gmt":"2024-08-30T12:32:49","slug":"postos-de-informacao-turistica","status":"publish","type":"page","link":"https:\/\/www.ordesamonteperdido.com\/pt\/postos-de-informacao-turistica\/","title":{"rendered":"Postos de Informa\u00e7\u00e3o, Turismo e Telefones de Ordesa e Monte Perdido"},"content":{"rendered":"<div id=\"toc_container\" class=\"toc_white no_bullets\"><p class=\"toc_title\">Conte&uacute;do<\/p><ul class=\"toc_list\"><li><a href=\"#mapa-dos-escritorios-de-informacao-em-ordesa-y-monte-perdido\"><span class=\"toc_number toc_depth_1\">1<\/span> Mapa dos Escrit\u00f3rios de Informa\u00e7\u00e3o em Ordesa y Monte Perdido<\/a><\/li><li><a href=\"#escritorios-de-turismo-do-parque-nacional-de-ordesa-y-monte-perdido\"><span class=\"toc_number toc_depth_1\">2<\/span> Escrit\u00f3rios de Turismo do Parque Nacional de Ordesa y Monte Perdido<\/a><ul><li><a href=\"#escritorio-de-informacao-do-vale-de-ordesa\"><span class=\"toc_number toc_depth_2\">2.1<\/span> Escrit\u00f3rio de Informa\u00e7\u00e3o do Vale de Ordesa<\/a><ul><li><a href=\"#escritorio-de-turismo-de-torla\"><span class=\"toc_number toc_depth_3\">2.1.1<\/span> Escrit\u00f3rio de Turismo de Torla<\/a><\/li><li><a href=\"#ponto-de-informacao-do-prado-de-ordesa\"><span class=\"toc_number toc_depth_3\">2.1.2<\/span> Ponto de Informa\u00e7\u00e3o do Prado de Ordesa<\/a><\/li><\/ul><\/li><li><a href=\"#escritorio-de-informacao-do-canion-de-anisclo\"><span class=\"toc_number toc_depth_2\">2.2<\/span> Escrit\u00f3rio de Informa\u00e7\u00e3o do C\u00e2nion de A\u00f1isclo<\/a><ul><li><a href=\"#escritorio-de-turismo-de-ainsa\"><span class=\"toc_number toc_depth_3\">2.2.1<\/span> Escrit\u00f3rio de Turismo de A\u00ednsa<\/a><\/li><li><a href=\"#ponto-de-informacao-em-escalona\"><span class=\"toc_number toc_depth_3\">2.2.2<\/span> Ponto de Informa\u00e7\u00e3o em Escalona<\/a><ul><li><a href=\"#como-chegar-ao-ponto-de-informacao-de-escalona\"><span class=\"toc_number toc_depth_4\">2.2.2.1<\/span> Como chegar ao Ponto de Informa\u00e7\u00e3o de Escalona<\/a><\/li><\/ul><\/li><li><a href=\"#ponto-de-informacao-de-fanlo\"><span class=\"toc_number toc_depth_3\">2.2.3<\/span> Ponto de Informa\u00e7\u00e3o de Fanlo<\/a><\/li><li><a href=\"#ponto-de-informacao-de-san-urbez\"><span class=\"toc_number toc_depth_3\">2.2.4<\/span> Ponto de Informa\u00e7\u00e3o de San Urbez<\/a><ul><li><a href=\"#como-chegar-ao-ponto-de-informacao-de-san-urbez\"><span class=\"toc_number toc_depth_4\">2.2.4.1<\/span> Como chegar ao Ponto de Informa\u00e7\u00e3o de San Urbez<\/a><\/li><\/ul><\/li><\/ul><\/li><li><a href=\"#escritorio-de-informacao-gargantas-de-escuain\"><span class=\"toc_number toc_depth_2\">2.3<\/span> Escrit\u00f3rio de Informa\u00e7\u00e3o Gargantas de Escua\u00edn<\/a><ul><li><a href=\"#ponto-de-informacao-de-escuain\"><span class=\"toc_number toc_depth_3\">2.3.1<\/span> Ponto de Informa\u00e7\u00e3o de Escua\u00edn<\/a><\/li><li><a href=\"#centro-de-visitantes-de-tella\"><span class=\"toc_number toc_depth_3\">2.3.2<\/span> Centro de Visitantes de Tella<\/a><\/li><\/ul><\/li><li><a href=\"#escritorio-de-informacao-vale-de-pineta\"><span class=\"toc_number toc_depth_2\">2.4<\/span> Escrit\u00f3rio de Informa\u00e7\u00e3o Vale de Pineta<\/a><ul><li><a href=\"#escritorio-de-turismo-de-bielsa\"><span class=\"toc_number toc_depth_3\">2.4.1<\/span> Escrit\u00f3rio de Turismo de Bielsa<\/a><\/li><li><a href=\"#ponto-de-informacao-de-pineta\"><span class=\"toc_number toc_depth_3\">2.4.2<\/span> Ponto de Informa\u00e7\u00e3o de Pineta<\/a><\/li><\/ul><\/li><\/ul><\/li><li><a href=\"#outros-pontos-de-informacao-e-telefones-de-interesse-para-o-viajante\"><span class=\"toc_number toc_depth_1\">3<\/span> Outros pontos de informa\u00e7\u00e3o e telefones de interesse para o viajante<\/a><\/li><\/ul><\/div>\n\n<p>Bem-vindo \u00e0 <strong>majestosa<\/strong> regi\u00e3o de <strong>Ordesa y Monte Perdido<\/strong>, um para\u00edso natural localizado no cora\u00e7\u00e3o dos Pirineus. Esta \u00e1rea protegida, declarada <strong>Parque Nacional<\/strong> e <strong>Patrim\u00f4nio Mundial da UNESCO<\/strong>, oferece aos visitantes uma experi\u00eancia \u00fanica e inesquec\u00edvel, com paisagens espetaculares e uma grande diversidade de flora e fauna.<\/p>\n<h2><span id=\"mapa-dos-escritorios-de-informacao-em-ordesa-y-monte-perdido\">Mapa dos Escrit\u00f3rios de Informa\u00e7\u00e3o em Ordesa y Monte Perdido<\/span><\/h2>\n<p>Para tornar sua visita uma experi\u00eancia ainda mais enriquecedora, \u00e9 essencial ter as informa\u00e7\u00f5es corretas e atualizadas. Para isso, fornecemos os <strong>Escrit\u00f3rios de Informa\u00e7\u00e3o e Turismo<\/strong> da regi\u00e3o, onde voc\u00ea pode encontrar mapas, folhetos, conselhos de especialistas e recomenda\u00e7\u00f5es personalizadas.<\/p>\n<p><a href=\"https:\/\/www.ordesamonteperdido.com\/pt\/wp-content\/uploads\/escritorios-informacao-turismo-ordesa-y-monte-perdido.jpg\" target=\"_blank\" rel=\"noopener\"><img decoding=\"async\" class=\"aligncenter wp-image-4242 size-full\" src=\"https:\/\/www.ordesamonteperdido.com\/pt\/wp-content\/uploads\/escritorios-informacao-turismo-ordesa-y-monte-perdido.jpg\" alt=\"Escrit\u00f3rios de informa\u00e7\u00e3o, turismo e telefone do Parque Nacional de Ordesa y Monte Perdido\" width=\"1134\" height=\"758\" srcset=\"https:\/\/www.ordesamonteperdido.com\/pt\/wp-content\/uploads\/escritorios-informacao-turismo-ordesa-y-monte-perdido.jpg 1134w, https:\/\/www.ordesamonteperdido.com\/pt\/wp-content\/uploads\/escritorios-informacao-turismo-ordesa-y-monte-perdido-336x225.jpg 336w, https:\/\/www.ordesamonteperdido.com\/pt\/wp-content\/uploads\/escritorios-informacao-turismo-ordesa-y-monte-perdido-1024x684.jpg 1024w, https:\/\/www.ordesamonteperdido.com\/pt\/wp-content\/uploads\/escritorios-informacao-turismo-ordesa-y-monte-perdido-768x513.jpg 768w\" sizes=\"(max-width: 1134px) 100vw, 1134px\" \/><\/a><\/p>\n<h2><span id=\"escritorios-de-turismo-do-parque-nacional-de-ordesa-y-monte-perdido\">Escrit\u00f3rios de Turismo do Parque Nacional de Ordesa y Monte Perdido<\/span><\/h2>\n<h3><span id=\"escritorio-de-informacao-do-vale-de-ordesa\">Escrit\u00f3rio de Informa\u00e7\u00e3o do Vale de Ordesa<\/span><\/h3>\n<section class=\"lstborder\">\n<h4><span id=\"escritorio-de-turismo-de-torla\">Escrit\u00f3rio de Turismo de Torla<\/span><\/h4>\n<ul>\n<li><strong>Endere\u00e7o<\/strong>: Avda. Ordesa s\/n. 22376. Torla.<\/li>\n<li><strong>Hor\u00e1rio de funcionamento<\/strong>: Das 09:00 \u00e0s 14:00 e das 16:15 \u00e0s 19:00 todos os dias. No ver\u00e3o, de julho a 15 de setembro, das 09:00 \u00e0s 13:30 e a partir das 16:00.<\/li>\n<li><strong>Telefone de contato<\/strong>: 974 48 64 72.<\/li>\n<\/ul>\n<\/section>\n<section class=\"lstborder\">\n<h4><span id=\"ponto-de-informacao-do-prado-de-ordesa\">Ponto de Informa\u00e7\u00e3o do Prado de Ordesa<\/span><\/h4>\n<ul>\n<li><strong>Endere\u00e7o: <\/strong>Prado de Ordesa.<\/li>\n<li><b>Hor\u00e1rio de funcionamento: <\/b>De 29 de junho a 15 de setembro, das 09:00 \u00e0s 14:00 e das 16:15 \u00e0s 19:00.<\/li>\n<\/ul>\n<\/section>\n<hr \/>\n<h3><span id=\"escritorio-de-informacao-do-canion-de-anisclo\">Escrit\u00f3rio de Informa\u00e7\u00e3o do C\u00e2nion de A\u00f1isclo<\/span><\/h3>\n<section class=\"lstborder\">\n<h4><span id=\"escritorio-de-turismo-de-ainsa\">Escrit\u00f3rio de Turismo de A\u00ednsa<\/span><\/h4>\n<ul>\n<li><strong>Endere\u00e7o<\/strong>: Avda. Ordesa, 5, A\u00ednsa, Huesca, 22330.<\/li>\n<li><strong>Hor\u00e1rio de funcionamento<\/strong>: Aberto o ano todo. De segunda a s\u00e1bado, das 10:00 \u00e0s 14:00.<\/li>\n<li><strong>Telefone de contato<\/strong>: 974 50 07 67<\/li>\n<\/ul>\n<\/section>\n<section class=\"lstborder\">\n<h4><span id=\"ponto-de-informacao-em-escalona\">Ponto de Informa\u00e7\u00e3o em Escalona<\/span><\/h4>\n<ul>\n<li><strong>Endere\u00e7o: <\/strong>na entrada da cidade vindo de A\u00ednsa, \u00e0 esquerda, ao lado do correio e da parada de \u00f4nibus. Portal de A\u00f1isclo N\u00ba 9. Escalona.<\/li>\n<li>Hor\u00e1rio dos dias \u00fateis: aberto todos os dias das 9:00 h \u00e0s 14:00 h.<\/li>\n<li>Fins de semana e feriados: 9:00 a 14:00 h e das 16:15 \u00e0s 19:00 h.<\/li>\n<li>Telefone de contato: 974 50 51 31.<\/li>\n<\/ul>\n<\/section>\n<h5><span id=\"como-chegar-ao-ponto-de-informacao-de-escalona\">Como chegar ao Ponto de Informa\u00e7\u00e3o de Escalona<\/span><\/h5>\n<p><iframe style=\"border: 0;\" src=\"https:\/\/www.google.com\/maps\/embed?pb=!1m14!1m8!1m3!1d2941.679307802184!2d0.144021!3d42.49837!3m2!1i1024!2i768!4f13.1!3m3!1m2!1s0x12a7fcce96c0286d%3A0x5a7718c263f136e1!2s22363%20Escalona%2C%20Osca!5e0!3m2!1spt-PT!2ses!4v1724932038264!5m2!1spt-PT!2ses\" width=\"100%\" height=\"450\" allowfullscreen=\"allowfullscreen\"><\/iframe><\/p>\n<section class=\"lstborder\">\n<h4><span id=\"ponto-de-informacao-de-fanlo\">Ponto de Informa\u00e7\u00e3o de Fanlo<\/span><\/h4>\n<ul>\n<li><strong>Endere\u00e7o: <\/strong>Calle la Iglesia, s\/n. 22375 Fanlo.<\/li>\n<li><strong>Telefone: <\/strong>974 94 81 50.<\/li>\n<li><strong>Hor\u00e1rio de funcionamento de quarta a domingo: <\/strong>9:00 \u00e0s 14:00 h e das 16:15 \u00e0s 19:00 h. (Aberto de 28 de junho a 3 de setembro.)<\/li>\n<li><strong>Telefone de contato: <\/strong>974 94 81 50.<\/li>\n<\/ul>\n<\/section>\n<section class=\"lstborder\">\n<h4><span id=\"ponto-de-informacao-de-san-urbez\">Ponto de Informa\u00e7\u00e3o de San Urbez<\/span><\/h4>\n<ul>\n<li><strong>Endere\u00e7o: <\/strong>Estacionamento de San Urbez (C\u00e2nion de A\u00f1isclo).<\/li>\n<li><strong>Telefone: <\/strong>974 94 81 50.<\/li>\n<li><strong>Hor\u00e1rio de funcionamento: <\/strong>das 09:00 \u00e0s 14:00 h.<\/li>\n<li><strong>Hor\u00e1rio de ver\u00e3o: <\/strong>08:00 \u00e0s 18:00 h. (de 1\u00ba de junho a 30 de setembro).<\/li>\n<\/ul>\n<\/section>\n<p>O Ponto de Informa\u00e7\u00e3o de San Urbez est\u00e1 localizado no estacionamento de San Urbez, na entrada do C\u00e2nion de A\u00f1isclo. A partir deste ponto, iniciam-se algumas das trilhas de caminhada mais destacadas do Parque, tornando-o um lugar chave para os visitantes que desejam explorar a \u00e1rea.<br \/>\nOs turistas podem obter informa\u00e7\u00f5es \u00fateis para sua visita ao Parque. L\u00e1, est\u00e3o dispon\u00edveis mapas atualizados da \u00e1rea, bem como detalhes sobre os servi\u00e7os dispon\u00edveis e as diferentes rotas e trilhas que podem ser exploradas. Tamb\u00e9m \u00e9 poss\u00edvel receber conselhos personalizados sobre atividades e locais de interesse, o que torna o Ponto de Informa\u00e7\u00e3o uma parada essencial para os visitantes do Parque.<\/p>\n<h5><span id=\"como-chegar-ao-ponto-de-informacao-de-san-urbez\">Como chegar ao Ponto de Informa\u00e7\u00e3o de San Urbez<\/span><\/h5>\n<p><iframe style=\"border: 0;\" src=\"https:\/\/www.google.com\/maps\/embed?pb=!1m14!1m8!1m3!1d2938.8334157913205!2d0.050276!3d42.55883!3m2!1i1024!2i768!4f13.1!3m3!1m2!1s0x12a8009a37a25565%3A0x68d8f5e9cacd995e!2sParking%20San%20Urbez!5e0!3m2!1spt-PT!2ses!4v1724932074278!5m2!1spt-PT!2ses\" width=\"100%\" height=\"450\" allowfullscreen=\"allowfullscreen\"><\/iframe><\/p>\n<hr \/>\n<h3><span id=\"escritorio-de-informacao-gargantas-de-escuain\">Escrit\u00f3rio de Informa\u00e7\u00e3o Gargantas de Escua\u00edn<\/span><\/h3>\n<section class=\"lstborder\">\n<h4><span id=\"ponto-de-informacao-de-escuain\">Ponto de Informa\u00e7\u00e3o de Escua\u00edn<\/span><\/h4>\n<ul>\n<li><strong>Endere\u00e7o:<\/strong> Calle \u00danica s\/n. 22362 Escua\u00edn.<\/li>\n<li><b>Hor\u00e1rio de funcionamento:<\/b> Todos os dias das 9:00 \u00e0s 14:30 h e das 15:00 \u00e0s 19:00 h. Fechado a partir de 14 de outubro<strong>.<\/strong><\/li>\n<\/ul>\n<\/section>\n<section class=\"lstborder\">\n<h4><span id=\"centro-de-visitantes-de-tella\">Centro de Visitantes de Tella<\/span><\/h4>\n<ul>\n<li><strong>Endere\u00e7o:<\/strong> Calle La Iglesia s\/n. 22364 Tella.<\/li>\n<li><strong>Hor\u00e1rio de funcionamento:<\/strong> Fins de semana das 9:00 \u00e0s 14:00 h e das 15:15 \u00e0s 18:00 h.<\/li>\n<li><strong>Telefone de contato:<\/strong> 974 34 66 77.<\/li>\n<\/ul>\n<\/section>\n<hr \/>\n<h3><span id=\"escritorio-de-informacao-vale-de-pineta\">Escrit\u00f3rio de Informa\u00e7\u00e3o Vale de Pineta<\/span><\/h3>\n<section class=\"lstborder\">\n<h4><span id=\"escritorio-de-turismo-de-bielsa\">Escrit\u00f3rio de Turismo de Bielsa<\/span><\/h4>\n<ul>\n<li><strong>Endere\u00e7o:<\/strong> Plaza Mayor, s\/n, 22350 Bielsa, Huesca.<\/li>\n<li><strong>Hor\u00e1rio de funcionamento:<\/strong> De segunda a sexta-feira das 09:00 \u00e0s 14:00, fins de semana das 09:00 \u00e0s 14:00 e das 15:00 \u00e0s 18:00.<\/li>\n<li><strong>Telefone de contato:<\/strong> 974 5010 43.<\/li>\n<\/ul>\n<\/section>\n<section class=\"lstborder\">\n<h4><span id=\"ponto-de-informacao-de-pineta\">Ponto de Informa\u00e7\u00e3o de Pineta<\/span><\/h4>\n<ul>\n<li><strong>Endere\u00e7o:<\/strong> no final da estrada de acesso ao vale de Pineta, na margem direita do rio Cinca, pr\u00f3ximo ao albergue nacional e ao estacionamento.<\/li>\n<li><strong>Hor\u00e1rio de funcionamento:<\/strong> Aberto na P\u00e1scoa e de in\u00edcio de junho a meados de outubro. O hor\u00e1rio \u00e9 das 09:00 \u00e0s 14:00 e das 16:00 \u00e0s 19:00.<\/li>\n<\/ul>\n<\/section>\n<hr \/>\n<h2><span id=\"outros-pontos-de-informacao-e-telefones-de-interesse-para-o-viajante\">Outros pontos de informa\u00e7\u00e3o e telefones de interesse para o viajante<\/span><\/h2>\n<p>Em caso de emerg\u00eancia ou qualquer d\u00favida adicional, n\u00e3o hesite em contatar os seguintes <strong>telefones de servi\u00e7os p\u00fablicos<\/strong>:<\/p>\n<section class=\"lstborder\">\n<ul>\n<li><strong>Escrit\u00f3rio de Turismo de Ordesa y Monte Perdido:<\/strong> 974 50 51 31.<\/li>\n<li><strong>Guarda Civil &#8211; Servi\u00e7o de Montanha:<\/strong> 974 36 13 54.<\/li>\n<li><strong>Centro de Visitantes:<\/strong> 974 48 64 72.<\/li>\n<\/ul>\n<\/section>\n<p>Esperamos que aproveite ao m\u00e1ximo sua aventura em <strong><a href=\"https:\/\/www.ordesamonteperdido.com\/pt\/\">Ordesa y Monte Perdido<\/a><\/strong> e que esses recursos sejam de grande ajuda. Boas trilhas e explora\u00e7\u00f5es!<\/p>\n","protected":false},"excerpt":{"rendered":"<p>Bem-vindo \u00e0 majestosa regi\u00e3o de Ordesa y Monte Perdido, um para\u00edso natural localizado no cora\u00e7\u00e3o dos Pirineus. Esta \u00e1rea protegida, declarada Parque Nacional e Patrim\u00f4nio Mundial da UNESCO, oferece aos visitantes uma experi\u00eancia \u00fanica&#46;&#46;&#46;<\/p>\n","protected":false},"author":2,"featured_media":4239,"parent":0,"menu_order":0,"comment_status":"closed","ping_status":"closed","template":"","meta":{"footnotes":""},"yoast_head":"<!-- This site is optimized with the Yoast SEO plugin v20.1 - https:\/\/yoast.com\/wordpress\/plugins\/seo\/ -->\n<title>Postos de Informa\u00e7\u00e3o, Turismo e Telefones de Ordesa e Monte Perdido<\/title>\n<meta name=\"description\" content=\"Bem-vindo \u00e0 majestosa regi\u00e3o de Ordesa y Monte Perdido, um para\u00edso natural localizado no cora\u00e7\u00e3o dos Pirineus. Esta \u00e1rea protegida, declarada Parque\" \/>\n<meta name=\"robots\" content=\"index, follow, max-snippet:-1, max-image-preview:large, max-video-preview:-1\" \/>\n<link rel=\"canonical\" href=\"https:\/\/www.ordesamonteperdido.com\/pt\/postos-de-informacao-turistica\/\" \/>\n<meta property=\"og:locale\" content=\"pt_PT\" \/>\n<meta property=\"og:type\" content=\"article\" \/>\n<meta property=\"og:title\" content=\"Postos de Informa\u00e7\u00e3o, Turismo e Telefones de Ordesa e Monte Perdido\" \/>\n<meta property=\"og:description\" content=\"Bem-vindo \u00e0 majestosa regi\u00e3o de Ordesa y Monte Perdido, um para\u00edso natural localizado no cora\u00e7\u00e3o dos Pirineus. Esta \u00e1rea protegida, declarada Parque\" \/>\n<meta property=\"og:url\" content=\"https:\/\/www.ordesamonteperdido.com\/pt\/postos-de-informacao-turistica\/\" \/>\n<meta property=\"og:site_name\" content=\"Ordesa y Monte Perdido\" \/>\n<meta property=\"article:modified_time\" content=\"2024-08-30T12:32:49+00:00\" \/>\n<meta property=\"og:image\" content=\"https:\/\/www.ordesamonteperdido.com\/pt\/wp-content\/uploads\/informacoes-turisticas-ordesa.jpg\" \/>\n\t<meta property=\"og:image:width\" content=\"1200\" \/>\n\t<meta property=\"og:image:height\" content=\"621\" \/>\n\t<meta property=\"og:image:type\" content=\"image\/jpeg\" \/>\n<meta name=\"twitter:card\" content=\"summary_large_image\" \/>\n<meta name=\"twitter:label1\" content=\"Tiempo de lectura\" \/>\n\t<meta name=\"twitter:data1\" content=\"4 minutos\" \/>\n<script type=\"application\/ld+json\" class=\"yoast-schema-graph\">{\"@context\":\"https:\/\/schema.org\",\"@graph\":[{\"@type\":\"WebPage\",\"@id\":\"https:\/\/www.ordesamonteperdido.com\/pt\/postos-de-informacao-turistica\/\",\"url\":\"https:\/\/www.ordesamonteperdido.com\/pt\/postos-de-informacao-turistica\/\",\"name\":\"Postos de Informa\u00e7\u00e3o, Turismo e Telefones de Ordesa e Monte Perdido\",\"isPartOf\":{\"@id\":\"https:\/\/www.ordesamonteperdido.com\/pt\/#website\"},\"datePublished\":\"2024-08-29T06:00:39+00:00\",\"dateModified\":\"2024-08-30T12:32:49+00:00\",\"description\":\"Bem-vindo \u00e0 majestosa regi\u00e3o de Ordesa y Monte Perdido, um para\u00edso natural localizado no cora\u00e7\u00e3o dos Pirineus. Esta \u00e1rea protegida, declarada Parque\",\"breadcrumb\":{\"@id\":\"https:\/\/www.ordesamonteperdido.com\/pt\/postos-de-informacao-turistica\/#breadcrumb\"},\"inLanguage\":\"pt\",\"potentialAction\":[{\"@type\":\"ReadAction\",\"target\":[\"https:\/\/www.ordesamonteperdido.com\/pt\/postos-de-informacao-turistica\/\"]}]},{\"@type\":\"BreadcrumbList\",\"@id\":\"https:\/\/www.ordesamonteperdido.com\/pt\/postos-de-informacao-turistica\/#breadcrumb\",\"itemListElement\":[{\"@type\":\"ListItem\",\"position\":1,\"name\":\"In\u00edcio\",\"item\":\"https:\/\/www.ordesamonteperdido.com\/pt\/\"},{\"@type\":\"ListItem\",\"position\":2,\"name\":\"Postos de Informa\u00e7\u00e3o, Turismo e Telefones de Ordesa e Monte Perdido\"}]},{\"@type\":\"WebSite\",\"@id\":\"https:\/\/www.ordesamonteperdido.com\/pt\/#website\",\"url\":\"https:\/\/www.ordesamonteperdido.com\/pt\/\",\"name\":\"Ordesa y Monte Perdido\",\"description\":\"Parque Nacional de Ordesa y Monte Perdido: turismo, alojamento, trilhas e guias\",\"publisher\":{\"@id\":\"https:\/\/www.ordesamonteperdido.com\/pt\/#organization\"},\"potentialAction\":[{\"@type\":\"SearchAction\",\"target\":{\"@type\":\"EntryPoint\",\"urlTemplate\":\"https:\/\/www.ordesamonteperdido.com\/pt\/?s={search_term_string}\"},\"query-input\":\"required name=search_term_string\"}],\"inLanguage\":\"pt\"},{\"@type\":\"Organization\",\"@id\":\"https:\/\/www.ordesamonteperdido.com\/pt\/#organization\",\"name\":\"Ordesa y Monte Perdido\",\"url\":\"https:\/\/www.ordesamonteperdido.com\/pt\/\",\"logo\":{\"@type\":\"ImageObject\",\"inLanguage\":\"pt\",\"@id\":\"https:\/\/www.ordesamonteperdido.com\/pt\/#\/schema\/logo\/image\/\",\"url\":\"https:\/\/www.ordesamonteperdido.com\/pt\/wp-content\/uploads\/ordesa-and-monteperdido-logo.png\",\"contentUrl\":\"https:\/\/www.ordesamonteperdido.com\/pt\/wp-content\/uploads\/ordesa-and-monteperdido-logo.png\",\"width\":567,\"height\":69,\"caption\":\"Ordesa y Monte Perdido\"},\"image\":{\"@id\":\"https:\/\/www.ordesamonteperdido.com\/pt\/#\/schema\/logo\/image\/\"}}]}<\/script>\n<!-- \/ Yoast SEO plugin. -->","yoast_head_json":{"title":"Postos de Informa\u00e7\u00e3o, Turismo e Telefones de Ordesa e Monte Perdido","description":"Bem-vindo \u00e0 majestosa regi\u00e3o de Ordesa y Monte Perdido, um para\u00edso natural localizado no cora\u00e7\u00e3o dos Pirineus. Esta \u00e1rea protegida, declarada Parque","robots":{"index":"index","follow":"follow","max-snippet":"max-snippet:-1","max-image-preview":"max-image-preview:large","max-video-preview":"max-video-preview:-1"},"canonical":"https:\/\/www.ordesamonteperdido.com\/pt\/postos-de-informacao-turistica\/","og_locale":"pt_PT","og_type":"article","og_title":"Postos de Informa\u00e7\u00e3o, Turismo e Telefones de Ordesa e Monte Perdido","og_description":"Bem-vindo \u00e0 majestosa regi\u00e3o de Ordesa y Monte Perdido, um para\u00edso natural localizado no cora\u00e7\u00e3o dos Pirineus. Esta \u00e1rea protegida, declarada Parque","og_url":"https:\/\/www.ordesamonteperdido.com\/pt\/postos-de-informacao-turistica\/","og_site_name":"Ordesa y Monte Perdido","article_modified_time":"2024-08-30T12:32:49+00:00","og_image":[{"width":1200,"height":621,"url":"https:\/\/www.ordesamonteperdido.com\/pt\/wp-content\/uploads\/informacoes-turisticas-ordesa.jpg","type":"image\/jpeg"}],"twitter_card":"summary_large_image","twitter_misc":{"Tiempo de lectura":"4 minutos"},"schema":{"@context":"https:\/\/schema.org","@graph":[{"@type":"WebPage","@id":"https:\/\/www.ordesamonteperdido.com\/pt\/postos-de-informacao-turistica\/","url":"https:\/\/www.ordesamonteperdido.com\/pt\/postos-de-informacao-turistica\/","name":"Postos de Informa\u00e7\u00e3o, Turismo e Telefones de Ordesa e Monte Perdido","isPartOf":{"@id":"https:\/\/www.ordesamonteperdido.com\/pt\/#website"},"datePublished":"2024-08-29T06:00:39+00:00","dateModified":"2024-08-30T12:32:49+00:00","description":"Bem-vindo \u00e0 majestosa regi\u00e3o de Ordesa y Monte Perdido, um para\u00edso natural localizado no cora\u00e7\u00e3o dos Pirineus. Esta \u00e1rea protegida, declarada Parque","breadcrumb":{"@id":"https:\/\/www.ordesamonteperdido.com\/pt\/postos-de-informacao-turistica\/#breadcrumb"},"inLanguage":"pt","potentialAction":[{"@type":"ReadAction","target":["https:\/\/www.ordesamonteperdido.com\/pt\/postos-de-informacao-turistica\/"]}]},{"@type":"BreadcrumbList","@id":"https:\/\/www.ordesamonteperdido.com\/pt\/postos-de-informacao-turistica\/#breadcrumb","itemListElement":[{"@type":"ListItem","position":1,"name":"In\u00edcio","item":"https:\/\/www.ordesamonteperdido.com\/pt\/"},{"@type":"ListItem","position":2,"name":"Postos de Informa\u00e7\u00e3o, Turismo e Telefones de Ordesa e Monte Perdido"}]},{"@type":"WebSite","@id":"https:\/\/www.ordesamonteperdido.com\/pt\/#website","url":"https:\/\/www.ordesamonteperdido.com\/pt\/","name":"Ordesa y Monte Perdido","description":"Parque Nacional de Ordesa y Monte Perdido: turismo, alojamento, trilhas e guias","publisher":{"@id":"https:\/\/www.ordesamonteperdido.com\/pt\/#organization"},"potentialAction":[{"@type":"SearchAction","target":{"@type":"EntryPoint","urlTemplate":"https:\/\/www.ordesamonteperdido.com\/pt\/?s={search_term_string}"},"query-input":"required name=search_term_string"}],"inLanguage":"pt"},{"@type":"Organization","@id":"https:\/\/www.ordesamonteperdido.com\/pt\/#organization","name":"Ordesa y Monte Perdido","url":"https:\/\/www.ordesamonteperdido.com\/pt\/","logo":{"@type":"ImageObject","inLanguage":"pt","@id":"https:\/\/www.ordesamonteperdido.com\/pt\/#\/schema\/logo\/image\/","url":"https:\/\/www.ordesamonteperdido.com\/pt\/wp-content\/uploads\/ordesa-and-monteperdido-logo.png","contentUrl":"https:\/\/www.ordesamonteperdido.com\/pt\/wp-content\/uploads\/ordesa-and-monteperdido-logo.png","width":567,"height":69,"caption":"Ordesa y Monte Perdido"},"image":{"@id":"https:\/\/www.ordesamonteperdido.com\/pt\/#\/schema\/logo\/image\/"}}]}},"_links":{"self":[{"href":"https:\/\/www.ordesamonteperdido.com\/pt\/wp-json\/wp\/v2\/pages\/909"}],"collection":[{"href":"https:\/\/www.ordesamonteperdido.com\/pt\/wp-json\/wp\/v2\/pages"}],"about":[{"href":"https:\/\/www.ordesamonteperdido.com\/pt\/wp-json\/wp\/v2\/types\/page"}],"author":[{"embeddable":true,"href":"https:\/\/www.ordesamonteperdido.com\/pt\/wp-json\/wp\/v2\/users\/2"}],"replies":[{"embeddable":true,"href":"https:\/\/www.ordesamonteperdido.com\/pt\/wp-json\/wp\/v2\/comments?post=909"}],"version-history":[{"count":0,"href":"https:\/\/www.ordesamonteperdido.com\/pt\/wp-json\/wp\/v2\/pages\/909\/revisions"}],"wp:featuredmedia":[{"embeddable":true,"href":"https:\/\/www.ordesamonteperdido.com\/pt\/wp-json\/wp\/v2\/media\/4239"}],"wp:attachment":[{"href":"https:\/\/www.ordesamonteperdido.com\/pt\/wp-json\/wp\/v2\/media?parent=909"}],"curies":[{"name":"wp","href":"https:\/\/api.w.org\/{rel}","templated":true}]}}