{"id":941,"date":"2024-08-29T08:00:13","date_gmt":"2024-08-29T06:00:13","guid":{"rendered":"https:\/\/www.ordesamonteperdido.com\/pt\/?page_id=941"},"modified":"2024-08-30T15:06:29","modified_gmt":"2024-08-30T13:06:29","slug":"webcam","status":"publish","type":"page","link":"https:\/\/www.ordesamonteperdido.com\/pt\/webcam\/","title":{"rendered":"Webcam ao Vivo: Parque Nacional de Ordesa y Monte Perdido"},"content":{"rendered":"<p>Bem-vindo \u00e0 nossa janela em tempo real para o majestoso <strong><a href=\"https:\/\/www.ordesamonteperdido.com\/pt\/parque-nacional\/\">Parque Nacional de Ordesa y Monte Perdido<\/a><\/strong>. Atrav\u00e9s desta <strong>webcam<\/strong>, voc\u00ea pode explorar e desfrutar das vistas deslumbrantes e paisagens \u00fanicas oferecidas por este ic\u00f4nico local natural. Aninhado nos Pirineus Aragoneses, o parque abriga uma biodiversidade excepcional e uma geologia rica, evidenciada por suas imponentes montanhas, vales glaciares e cascatas.<\/p>\n<h2>Webcam em tempo real do Parque Nacional de Ordesa y Monte Perdido<\/h2>\n<p>Mergulhe na beleza deste tesouro natural do conforto de sua casa ou planeje sua pr\u00f3xima aventura. Observe como as cores e a flora mudam ao longo das esta\u00e7\u00f5es e, se tiver sorte, poder\u00e1 avistar animais em seu habitat natural. N\u00e3o se esque\u00e7a de compartilhar essa experi\u00eancia \u00fanica com seus amigos e familiares. Desfrute da natureza ao vivo no Parque Nacional de Ordesa y Monte Perdido!<\/p>\n<h2>V\u00eddeos de Visitas ao Parque de Ordesa<\/h2>\n<p>Descubra a beleza deste parque nacional atrav\u00e9s de v\u00eddeos cativantes que o transportar\u00e3o para as suas paisagens mais ic\u00f4nicas.<br \/>\n<iframe title=\"YouTube video player\" src=\"https:\/\/www.youtube-nocookie.com\/embed\/Z5bAdXXNgE0\" width=\"100%\" height=\"630\" frameborder=\"0\" allowfullscreen=\"allowfullscreen\"><\/iframe><\/p>\n<p>Aventuras em Monte Perdido: Mergulhe na emo\u00e7\u00e3o de escalar e explorar este majestoso maci\u00e7o com v\u00eddeos que far\u00e3o voc\u00ea se sentir parte da a\u00e7\u00e3o.<\/p>\n<p><iframe title=\"YouTube video player\" src=\"https:\/\/www.youtube-nocookie.com\/embed\/OhWt-XqFlio\" width=\"100%\" height=\"630\" frameborder=\"0\" allowfullscreen=\"allowfullscreen\"><\/iframe><\/p>\n<p><iframe title=\"YouTube video player\" src=\"https:\/\/www.youtube-nocookie.com\/embed\/Xbgx4Ge-NAk\" width=\"100%\" height=\"630\" frameborder=\"0\" allowfullscreen=\"allowfullscreen\"><\/iframe><\/p>\n","protected":false},"excerpt":{"rendered":"<p>Bem-vindo \u00e0 nossa janela em tempo real para o majestoso Parque Nacional de Ordesa y Monte Perdido. Atrav\u00e9s desta webcam, voc\u00ea pode explorar e desfrutar das vistas deslumbrantes e paisagens \u00fanicas oferecidas por este&#46;&#46;&#46;<\/p>\n","protected":false},"author":2,"featured_media":0,"parent":0,"menu_order":0,"comment_status":"closed","ping_status":"closed","template":"","meta":{"footnotes":""},"yoast_head":"<!-- This site is optimized with the Yoast SEO plugin v20.1 - https:\/\/yoast.com\/wordpress\/plugins\/seo\/ -->\n<title>Webcam ao Vivo: Parque Nacional de Ordesa y Monte Perdido<\/title>\n<meta name=\"description\" content=\"Descubra a majestade do Parque Nacional de Ordesa y Monte Perdido ao vivo pela Webcam. Desfrute de paisagens \u00fanicas e observe sua biodiversidade desde casa.\" \/>\n<meta name=\"robots\" content=\"index, follow, max-snippet:-1, max-image-preview:large, max-video-preview:-1\" \/>\n<link rel=\"canonical\" href=\"https:\/\/www.ordesamonteperdido.com\/pt\/webcam\/\" \/>\n<meta property=\"og:locale\" content=\"pt_PT\" \/>\n<meta property=\"og:type\" content=\"article\" \/>\n<meta property=\"og:title\" content=\"Webcam ao Vivo: Parque Nacional de Ordesa y Monte Perdido\" \/>\n<meta property=\"og:description\" content=\"Descubra a majestade do Parque Nacional de Ordesa y Monte Perdido ao vivo pela Webcam. Desfrute de paisagens \u00fanicas e observe sua biodiversidade desde casa.\" \/>\n<meta property=\"og:url\" content=\"https:\/\/www.ordesamonteperdido.com\/pt\/webcam\/\" \/>\n<meta property=\"og:site_name\" content=\"Ordesa y Monte Perdido\" \/>\n<meta property=\"article:modified_time\" content=\"2024-08-30T13:06:29+00:00\" \/>\n<meta name=\"twitter:card\" content=\"summary_large_image\" \/>\n<meta name=\"twitter:label1\" content=\"Tiempo de lectura\" \/>\n\t<meta name=\"twitter:data1\" content=\"1 minuto\" \/>\n<script type=\"application\/ld+json\" class=\"yoast-schema-graph\">{\"@context\":\"https:\/\/schema.org\",\"@graph\":[{\"@type\":\"WebPage\",\"@id\":\"https:\/\/www.ordesamonteperdido.com\/pt\/webcam\/\",\"url\":\"https:\/\/www.ordesamonteperdido.com\/pt\/webcam\/\",\"name\":\"Webcam ao Vivo: Parque Nacional de Ordesa y Monte Perdido\",\"isPartOf\":{\"@id\":\"https:\/\/www.ordesamonteperdido.com\/pt\/#website\"},\"datePublished\":\"2024-08-29T06:00:13+00:00\",\"dateModified\":\"2024-08-30T13:06:29+00:00\",\"description\":\"Descubra a majestade do Parque Nacional de Ordesa y Monte Perdido ao vivo pela Webcam. Desfrute de paisagens \u00fanicas e observe sua biodiversidade desde casa.\",\"breadcrumb\":{\"@id\":\"https:\/\/www.ordesamonteperdido.com\/pt\/webcam\/#breadcrumb\"},\"inLanguage\":\"pt\",\"potentialAction\":[{\"@type\":\"ReadAction\",\"target\":[\"https:\/\/www.ordesamonteperdido.com\/pt\/webcam\/\"]}]},{\"@type\":\"BreadcrumbList\",\"@id\":\"https:\/\/www.ordesamonteperdido.com\/pt\/webcam\/#breadcrumb\",\"itemListElement\":[{\"@type\":\"ListItem\",\"position\":1,\"name\":\"In\u00edcio\",\"item\":\"https:\/\/www.ordesamonteperdido.com\/pt\/\"},{\"@type\":\"ListItem\",\"position\":2,\"name\":\"Webcam ao Vivo: Parque Nacional de Ordesa y Monte Perdido\"}]},{\"@type\":\"WebSite\",\"@id\":\"https:\/\/www.ordesamonteperdido.com\/pt\/#website\",\"url\":\"https:\/\/www.ordesamonteperdido.com\/pt\/\",\"name\":\"Ordesa y Monte Perdido\",\"description\":\"Parque Nacional de Ordesa y Monte Perdido: turismo, alojamento, trilhas e guias\",\"publisher\":{\"@id\":\"https:\/\/www.ordesamonteperdido.com\/pt\/#organization\"},\"potentialAction\":[{\"@type\":\"SearchAction\",\"target\":{\"@type\":\"EntryPoint\",\"urlTemplate\":\"https:\/\/www.ordesamonteperdido.com\/pt\/?s={search_term_string}\"},\"query-input\":\"required name=search_term_string\"}],\"inLanguage\":\"pt\"},{\"@type\":\"Organization\",\"@id\":\"https:\/\/www.ordesamonteperdido.com\/pt\/#organization\",\"name\":\"Ordesa y Monte Perdido\",\"url\":\"https:\/\/www.ordesamonteperdido.com\/pt\/\",\"logo\":{\"@type\":\"ImageObject\",\"inLanguage\":\"pt\",\"@id\":\"https:\/\/www.ordesamonteperdido.com\/pt\/#\/schema\/logo\/image\/\",\"url\":\"https:\/\/www.ordesamonteperdido.com\/pt\/wp-content\/uploads\/ordesa-and-monteperdido-logo.png\",\"contentUrl\":\"https:\/\/www.ordesamonteperdido.com\/pt\/wp-content\/uploads\/ordesa-and-monteperdido-logo.png\",\"width\":567,\"height\":69,\"caption\":\"Ordesa y Monte Perdido\"},\"image\":{\"@id\":\"https:\/\/www.ordesamonteperdido.com\/pt\/#\/schema\/logo\/image\/\"}}]}<\/script>\n<!-- \/ Yoast SEO plugin. -->","yoast_head_json":{"title":"Webcam ao Vivo: Parque Nacional de Ordesa y Monte Perdido","description":"Descubra a majestade do Parque Nacional de Ordesa y Monte Perdido ao vivo pela Webcam. Desfrute de paisagens \u00fanicas e observe sua biodiversidade desde casa.","robots":{"index":"index","follow":"follow","max-snippet":"max-snippet:-1","max-image-preview":"max-image-preview:large","max-video-preview":"max-video-preview:-1"},"canonical":"https:\/\/www.ordesamonteperdido.com\/pt\/webcam\/","og_locale":"pt_PT","og_type":"article","og_title":"Webcam ao Vivo: Parque Nacional de Ordesa y Monte Perdido","og_description":"Descubra a majestade do Parque Nacional de Ordesa y Monte Perdido ao vivo pela Webcam. Desfrute de paisagens \u00fanicas e observe sua biodiversidade desde casa.","og_url":"https:\/\/www.ordesamonteperdido.com\/pt\/webcam\/","og_site_name":"Ordesa y Monte Perdido","article_modified_time":"2024-08-30T13:06:29+00:00","twitter_card":"summary_large_image","twitter_misc":{"Tiempo de lectura":"1 minuto"},"schema":{"@context":"https:\/\/schema.org","@graph":[{"@type":"WebPage","@id":"https:\/\/www.ordesamonteperdido.com\/pt\/webcam\/","url":"https:\/\/www.ordesamonteperdido.com\/pt\/webcam\/","name":"Webcam ao Vivo: Parque Nacional de Ordesa y Monte Perdido","isPartOf":{"@id":"https:\/\/www.ordesamonteperdido.com\/pt\/#website"},"datePublished":"2024-08-29T06:00:13+00:00","dateModified":"2024-08-30T13:06:29+00:00","description":"Descubra a majestade do Parque Nacional de Ordesa y Monte Perdido ao vivo pela Webcam. Desfrute de paisagens \u00fanicas e observe sua biodiversidade desde casa.","breadcrumb":{"@id":"https:\/\/www.ordesamonteperdido.com\/pt\/webcam\/#breadcrumb"},"inLanguage":"pt","potentialAction":[{"@type":"ReadAction","target":["https:\/\/www.ordesamonteperdido.com\/pt\/webcam\/"]}]},{"@type":"BreadcrumbList","@id":"https:\/\/www.ordesamonteperdido.com\/pt\/webcam\/#breadcrumb","itemListElement":[{"@type":"ListItem","position":1,"name":"In\u00edcio","item":"https:\/\/www.ordesamonteperdido.com\/pt\/"},{"@type":"ListItem","position":2,"name":"Webcam ao Vivo: Parque Nacional de Ordesa y Monte Perdido"}]},{"@type":"WebSite","@id":"https:\/\/www.ordesamonteperdido.com\/pt\/#website","url":"https:\/\/www.ordesamonteperdido.com\/pt\/","name":"Ordesa y Monte Perdido","description":"Parque Nacional de Ordesa y Monte Perdido: turismo, alojamento, trilhas e guias","publisher":{"@id":"https:\/\/www.ordesamonteperdido.com\/pt\/#organization"},"potentialAction":[{"@type":"SearchAction","target":{"@type":"EntryPoint","urlTemplate":"https:\/\/www.ordesamonteperdido.com\/pt\/?s={search_term_string}"},"query-input":"required name=search_term_string"}],"inLanguage":"pt"},{"@type":"Organization","@id":"https:\/\/www.ordesamonteperdido.com\/pt\/#organization","name":"Ordesa y Monte Perdido","url":"https:\/\/www.ordesamonteperdido.com\/pt\/","logo":{"@type":"ImageObject","inLanguage":"pt","@id":"https:\/\/www.ordesamonteperdido.com\/pt\/#\/schema\/logo\/image\/","url":"https:\/\/www.ordesamonteperdido.com\/pt\/wp-content\/uploads\/ordesa-and-monteperdido-logo.png","contentUrl":"https:\/\/www.ordesamonteperdido.com\/pt\/wp-content\/uploads\/ordesa-and-monteperdido-logo.png","width":567,"height":69,"caption":"Ordesa y Monte Perdido"},"image":{"@id":"https:\/\/www.ordesamonteperdido.com\/pt\/#\/schema\/logo\/image\/"}}]}},"_links":{"self":[{"href":"https:\/\/www.ordesamonteperdido.com\/pt\/wp-json\/wp\/v2\/pages\/941"}],"collection":[{"href":"https:\/\/www.ordesamonteperdido.com\/pt\/wp-json\/wp\/v2\/pages"}],"about":[{"href":"https:\/\/www.ordesamonteperdido.com\/pt\/wp-json\/wp\/v2\/types\/page"}],"author":[{"embeddable":true,"href":"https:\/\/www.ordesamonteperdido.com\/pt\/wp-json\/wp\/v2\/users\/2"}],"replies":[{"embeddable":true,"href":"https:\/\/www.ordesamonteperdido.com\/pt\/wp-json\/wp\/v2\/comments?post=941"}],"version-history":[{"count":0,"href":"https:\/\/www.ordesamonteperdido.com\/pt\/wp-json\/wp\/v2\/pages\/941\/revisions"}],"wp:attachment":[{"href":"https:\/\/www.ordesamonteperdido.com\/pt\/wp-json\/wp\/v2\/media?parent=941"}],"curies":[{"name":"wp","href":"https:\/\/api.w.org\/{rel}","templated":true}]}}