{"id":957,"date":"2024-08-29T08:00:11","date_gmt":"2024-08-29T06:00:11","guid":{"rendered":"https:\/\/www.ordesamonteperdido.com\/pt\/?page_id=957"},"modified":"2024-08-31T09:42:49","modified_gmt":"2024-08-31T07:42:49","slug":"acomodacoes","status":"publish","type":"page","link":"https:\/\/www.ordesamonteperdido.com\/pt\/acomodacoes\/","title":{"rendered":"Descubra as Melhores Acomoda\u00e7\u00f5es em Ordesa y Monte Perdido"},"content":{"rendered":"<p>Com sua deslumbrante beleza natural, o <strong>Parque Nacional de Ordesa y Monte Perdido<\/strong> \u00e9 um destino inesquec\u00edvel. Para completar sua experi\u00eancia, apresentamos uma sele\u00e7\u00e3o das <strong>melhores acomoda\u00e7\u00f5es<\/strong> que complementar\u00e3o sua visita com conforto, qualidade e hospitalidade.<\/p>\n<p>Quer voc\u00ea prefira uma aconchegante cabana na montanha, um hotel luxuoso com todas as comodidades, um charmoso bed &amp; breakfast, ou alugar uma casa \u00edntima com vistas deslumbrantes, aqui voc\u00ea encontrar\u00e1 o lugar perfeito para descansar ap\u00f3s um dia explorando a majestade de Ordesa.<\/p>\n<p>Com nossas recomenda\u00e7\u00f5es, sua estadia em Ordesa ser\u00e1 t\u00e3o <strong>inesquec\u00edvel<\/strong> quanto suas paisagens. Aproveite a viagem!<\/p>\n<h2>Acomoda\u00e7\u00f5es Recomendadas em Ordesa y Monte Perdido<\/h2>\n<p><div class=\"display-posts-listing image-top\"><div class=\"listing-item\"><a class=\"image\" href=\"https:\/\/www.ordesamonteperdido.com\/pt\/campings\/\"><img decoding=\"async\" width=\"1024\" height=\"530\" src=\"https:\/\/www.ordesamonteperdido.com\/pt\/wp-content\/uploads\/campings-ordesa-1024x530.jpg\" class=\"attachment-large size-large wp-post-image\" alt=\"Os melhores campings em Ordesa y Monte Perdido, Espanha\" srcset=\"https:\/\/www.ordesamonteperdido.com\/pt\/wp-content\/uploads\/campings-ordesa-1024x530.jpg 1024w, https:\/\/www.ordesamonteperdido.com\/pt\/wp-content\/uploads\/campings-ordesa-336x174.jpg 336w, https:\/\/www.ordesamonteperdido.com\/pt\/wp-content\/uploads\/campings-ordesa-768x397.jpg 768w, https:\/\/www.ordesamonteperdido.com\/pt\/wp-content\/uploads\/campings-ordesa.jpg 1200w\" sizes=\"(max-width: 1024px) 100vw, 1024px\" \/><\/a> <h3><a class=\"title\" href=\"https:\/\/www.ordesamonteperdido.com\/pt\/campings\/\">Melhores Campings em Ordesa<\/a><\/h3> <span class=\"excerpt\">Acampar no cora\u00e7\u00e3o dos Piren\u00e9us \u00e9 uma experi\u00eancia \u00fanica e inesquec\u00edvel. O Parque Nacional de Ordesa y Monte Perdido oferece&hellip; <span class=\"excerpt-more\">&#46;&#46;&#46;<\/span><\/span><\/div><div class=\"listing-item\"><a class=\"image\" href=\"https:\/\/www.ordesamonteperdido.com\/pt\/bangalos\/\"><img decoding=\"async\" width=\"1024\" height=\"530\" src=\"https:\/\/www.ordesamonteperdido.com\/pt\/wp-content\/uploads\/bangalos-ordesa-monte-perdido-1024x530.jpg\" class=\"attachment-large size-large wp-post-image\" alt=\"Melhores Bangal\u00f4s em Ordesa y Monte Perdido\" srcset=\"https:\/\/www.ordesamonteperdido.com\/pt\/wp-content\/uploads\/bangalos-ordesa-monte-perdido-1024x530.jpg 1024w, https:\/\/www.ordesamonteperdido.com\/pt\/wp-content\/uploads\/bangalos-ordesa-monte-perdido-336x174.jpg 336w, https:\/\/www.ordesamonteperdido.com\/pt\/wp-content\/uploads\/bangalos-ordesa-monte-perdido-768x397.jpg 768w, https:\/\/www.ordesamonteperdido.com\/pt\/wp-content\/uploads\/bangalos-ordesa-monte-perdido.jpg 1200w\" sizes=\"(max-width: 1024px) 100vw, 1024px\" \/><\/a> <h3><a class=\"title\" href=\"https:\/\/www.ordesamonteperdido.com\/pt\/bangalos\/\">Melhores Bangal\u00f4s em Ordesa<\/a><\/h3> <span class=\"excerpt\">Bungalows em Ordesa oferecem uma oportunidade \u00fanica de desfrutar da beleza e tranquilidade do Parque Nacional de Ordesa y Monte&hellip; <span class=\"excerpt-more\">&#46;&#46;&#46;<\/span><\/span><\/div><div class=\"listing-item\"><a class=\"image\" href=\"https:\/\/www.ordesamonteperdido.com\/pt\/hoteis\/\"><img decoding=\"async\" width=\"1024\" height=\"530\" src=\"https:\/\/www.ordesamonteperdido.com\/pt\/wp-content\/uploads\/os-melhores-hoteis-em-ordesa-e-monte-perdido-1024x530.jpg\" class=\"attachment-large size-large wp-post-image\" alt=\"Os Melhores Hot\u00e9is em Ordesa y Monte Perdido\" srcset=\"https:\/\/www.ordesamonteperdido.com\/pt\/wp-content\/uploads\/os-melhores-hoteis-em-ordesa-e-monte-perdido-1024x530.jpg 1024w, https:\/\/www.ordesamonteperdido.com\/pt\/wp-content\/uploads\/os-melhores-hoteis-em-ordesa-e-monte-perdido-336x174.jpg 336w, https:\/\/www.ordesamonteperdido.com\/pt\/wp-content\/uploads\/os-melhores-hoteis-em-ordesa-e-monte-perdido-768x397.jpg 768w, https:\/\/www.ordesamonteperdido.com\/pt\/wp-content\/uploads\/os-melhores-hoteis-em-ordesa-e-monte-perdido.jpg 1200w\" sizes=\"(max-width: 1024px) 100vw, 1024px\" \/><\/a> <h3><a class=\"title\" href=\"https:\/\/www.ordesamonteperdido.com\/pt\/hoteis\/\">Os Melhores Hot\u00e9is em Ordesa<\/a><\/h3> <span class=\"excerpt\">Ordesa y Monte Perdido, na prov\u00edncia de Huesca, \u00e9 um destino dos sonhos para os entusiastas da natureza e atividades&hellip; <span class=\"excerpt-more\">&#46;&#46;&#46;<\/span><\/span><\/div><div class=\"listing-item\"><a class=\"image\" href=\"https:\/\/www.ordesamonteperdido.com\/pt\/casas-rurais\/\"><img decoding=\"async\" width=\"1024\" height=\"530\" src=\"https:\/\/www.ordesamonteperdido.com\/pt\/wp-content\/uploads\/casas-rurais-ordesa-1024x530.jpg\" class=\"attachment-large size-large wp-post-image\" alt=\"As Melhores Casas Rurais em Ordesa y Monte Perdido com base no pre\u00e7o e no servi\u00e7o\" srcset=\"https:\/\/www.ordesamonteperdido.com\/pt\/wp-content\/uploads\/casas-rurais-ordesa-1024x530.jpg 1024w, https:\/\/www.ordesamonteperdido.com\/pt\/wp-content\/uploads\/casas-rurais-ordesa-336x174.jpg 336w, https:\/\/www.ordesamonteperdido.com\/pt\/wp-content\/uploads\/casas-rurais-ordesa-768x397.jpg 768w, https:\/\/www.ordesamonteperdido.com\/pt\/wp-content\/uploads\/casas-rurais-ordesa.jpg 1200w\" sizes=\"(max-width: 1024px) 100vw, 1024px\" \/><\/a> <h3><a class=\"title\" href=\"https:\/\/www.ordesamonteperdido.com\/pt\/casas-rurais\/\">Casas Rurais em Ordesa<\/a><\/h3> <span class=\"excerpt\">Ordesa, lar do deslumbrante Parque Nacional de Ordesa y Monte Perdido, \u00e9 um destino que atrai milhares de visitantes todos&hellip; <span class=\"excerpt-more\">&#46;&#46;&#46;<\/span><\/span><\/div><div class=\"listing-item\"><a class=\"image\" href=\"https:\/\/www.ordesamonteperdido.com\/pt\/albergues\/\"><img decoding=\"async\" width=\"1024\" height=\"530\" src=\"https:\/\/www.ordesamonteperdido.com\/pt\/wp-content\/uploads\/albergues-e-refugios-em-ordesa-monte-perdido-1024x530.jpg\" class=\"attachment-large size-large wp-post-image\" alt=\"Melhores Albergues e Ref\u00fagios em Ordesa y Monte Perdido\" srcset=\"https:\/\/www.ordesamonteperdido.com\/pt\/wp-content\/uploads\/albergues-e-refugios-em-ordesa-monte-perdido-1024x530.jpg 1024w, https:\/\/www.ordesamonteperdido.com\/pt\/wp-content\/uploads\/albergues-e-refugios-em-ordesa-monte-perdido-336x174.jpg 336w, https:\/\/www.ordesamonteperdido.com\/pt\/wp-content\/uploads\/albergues-e-refugios-em-ordesa-monte-perdido-768x397.jpg 768w, https:\/\/www.ordesamonteperdido.com\/pt\/wp-content\/uploads\/albergues-e-refugios-em-ordesa-monte-perdido.jpg 1200w\" sizes=\"(max-width: 1024px) 100vw, 1024px\" \/><\/a> <h3><a class=\"title\" href=\"https:\/\/www.ordesamonteperdido.com\/pt\/albergues\/\">Melhores Albergues e Ref\u00fagios em Ordesa y Monte Perdido<\/a><\/h3> <span class=\"excerpt\">O Parque Nacional de Ordesa y Monte Perdido \u00e9 um para\u00edso natural situado nos Piren\u00e9us Aragoneses, Espanha. Este espetacular ambiente&hellip; <span class=\"excerpt-more\">&#46;&#46;&#46;<\/span><\/span><\/div><\/div><br \/>\nPronto para sua aventura em Ordesa y Monte Perdido? <strong>Reserve sua acomoda\u00e7\u00e3o ideal hoje!<\/strong><\/p>\n","protected":false},"excerpt":{"rendered":"<p>Com sua deslumbrante beleza natural, o Parque Nacional de Ordesa y Monte Perdido \u00e9 um destino inesquec\u00edvel. Para completar sua experi\u00eancia, apresentamos uma sele\u00e7\u00e3o das melhores acomoda\u00e7\u00f5es que complementar\u00e3o sua visita com conforto, qualidade&#46;&#46;&#46;<\/p>\n","protected":false},"author":2,"featured_media":0,"parent":0,"menu_order":0,"comment_status":"closed","ping_status":"closed","template":"","meta":{"footnotes":""},"yoast_head":"<!-- This site is optimized with the Yoast SEO plugin v20.1 - https:\/\/yoast.com\/wordpress\/plugins\/seo\/ -->\n<title>Melhores Acomoda\u00e7\u00f5es em Ordesa e Monte Perdido: Pre\u00e7os e Ofertas<\/title>\n<meta name=\"description\" content=\"Encontre as melhores acomoda\u00e7\u00f5es em Ordesa e Monte Perdido: acampamentos, bangal\u00f4s, hot\u00e9is, casas rurais e albergues. Reserve sua estadia hoje!\" \/>\n<meta name=\"robots\" content=\"index, follow, max-snippet:-1, max-image-preview:large, max-video-preview:-1\" \/>\n<link rel=\"canonical\" href=\"https:\/\/www.ordesamonteperdido.com\/pt\/acomodacoes\/\" \/>\n<meta property=\"og:locale\" content=\"pt_PT\" \/>\n<meta property=\"og:type\" content=\"article\" \/>\n<meta property=\"og:title\" content=\"Melhores Acomoda\u00e7\u00f5es em Ordesa e Monte Perdido: Pre\u00e7os e Ofertas\" \/>\n<meta property=\"og:description\" content=\"Encontre as melhores acomoda\u00e7\u00f5es em Ordesa e Monte Perdido: acampamentos, bangal\u00f4s, hot\u00e9is, casas rurais e albergues. Reserve sua estadia hoje!\" \/>\n<meta property=\"og:url\" content=\"https:\/\/www.ordesamonteperdido.com\/pt\/acomodacoes\/\" \/>\n<meta property=\"og:site_name\" content=\"Ordesa y Monte Perdido\" \/>\n<meta property=\"article:modified_time\" content=\"2024-08-31T07:42:49+00:00\" \/>\n<meta name=\"twitter:card\" content=\"summary_large_image\" \/>\n<meta name=\"twitter:label1\" content=\"Tiempo de lectura\" \/>\n\t<meta name=\"twitter:data1\" content=\"1 minuto\" \/>\n<script type=\"application\/ld+json\" class=\"yoast-schema-graph\">{\"@context\":\"https:\/\/schema.org\",\"@graph\":[{\"@type\":\"WebPage\",\"@id\":\"https:\/\/www.ordesamonteperdido.com\/pt\/acomodacoes\/\",\"url\":\"https:\/\/www.ordesamonteperdido.com\/pt\/acomodacoes\/\",\"name\":\"Melhores Acomoda\u00e7\u00f5es em Ordesa e Monte Perdido: Pre\u00e7os e Ofertas\",\"isPartOf\":{\"@id\":\"https:\/\/www.ordesamonteperdido.com\/pt\/#website\"},\"datePublished\":\"2024-08-29T06:00:11+00:00\",\"dateModified\":\"2024-08-31T07:42:49+00:00\",\"description\":\"Encontre as melhores acomoda\u00e7\u00f5es em Ordesa e Monte Perdido: acampamentos, bangal\u00f4s, hot\u00e9is, casas rurais e albergues. Reserve sua estadia hoje!\",\"breadcrumb\":{\"@id\":\"https:\/\/www.ordesamonteperdido.com\/pt\/acomodacoes\/#breadcrumb\"},\"inLanguage\":\"pt\",\"potentialAction\":[{\"@type\":\"ReadAction\",\"target\":[\"https:\/\/www.ordesamonteperdido.com\/pt\/acomodacoes\/\"]}]},{\"@type\":\"BreadcrumbList\",\"@id\":\"https:\/\/www.ordesamonteperdido.com\/pt\/acomodacoes\/#breadcrumb\",\"itemListElement\":[{\"@type\":\"ListItem\",\"position\":1,\"name\":\"In\u00edcio\",\"item\":\"https:\/\/www.ordesamonteperdido.com\/pt\/\"},{\"@type\":\"ListItem\",\"position\":2,\"name\":\"Descubra as Melhores Acomoda\u00e7\u00f5es em Ordesa y Monte Perdido\"}]},{\"@type\":\"WebSite\",\"@id\":\"https:\/\/www.ordesamonteperdido.com\/pt\/#website\",\"url\":\"https:\/\/www.ordesamonteperdido.com\/pt\/\",\"name\":\"Ordesa y Monte Perdido\",\"description\":\"Parque Nacional de Ordesa y Monte Perdido: turismo, alojamento, trilhas e guias\",\"publisher\":{\"@id\":\"https:\/\/www.ordesamonteperdido.com\/pt\/#organization\"},\"potentialAction\":[{\"@type\":\"SearchAction\",\"target\":{\"@type\":\"EntryPoint\",\"urlTemplate\":\"https:\/\/www.ordesamonteperdido.com\/pt\/?s={search_term_string}\"},\"query-input\":\"required name=search_term_string\"}],\"inLanguage\":\"pt\"},{\"@type\":\"Organization\",\"@id\":\"https:\/\/www.ordesamonteperdido.com\/pt\/#organization\",\"name\":\"Ordesa y Monte Perdido\",\"url\":\"https:\/\/www.ordesamonteperdido.com\/pt\/\",\"logo\":{\"@type\":\"ImageObject\",\"inLanguage\":\"pt\",\"@id\":\"https:\/\/www.ordesamonteperdido.com\/pt\/#\/schema\/logo\/image\/\",\"url\":\"https:\/\/www.ordesamonteperdido.com\/pt\/wp-content\/uploads\/ordesa-and-monteperdido-logo.png\",\"contentUrl\":\"https:\/\/www.ordesamonteperdido.com\/pt\/wp-content\/uploads\/ordesa-and-monteperdido-logo.png\",\"width\":567,\"height\":69,\"caption\":\"Ordesa y Monte Perdido\"},\"image\":{\"@id\":\"https:\/\/www.ordesamonteperdido.com\/pt\/#\/schema\/logo\/image\/\"}}]}<\/script>\n<!-- \/ Yoast SEO plugin. -->","yoast_head_json":{"title":"Melhores Acomoda\u00e7\u00f5es em Ordesa e Monte Perdido: Pre\u00e7os e Ofertas","description":"Encontre as melhores acomoda\u00e7\u00f5es em Ordesa e Monte Perdido: acampamentos, bangal\u00f4s, hot\u00e9is, casas rurais e albergues. Reserve sua estadia hoje!","robots":{"index":"index","follow":"follow","max-snippet":"max-snippet:-1","max-image-preview":"max-image-preview:large","max-video-preview":"max-video-preview:-1"},"canonical":"https:\/\/www.ordesamonteperdido.com\/pt\/acomodacoes\/","og_locale":"pt_PT","og_type":"article","og_title":"Melhores Acomoda\u00e7\u00f5es em Ordesa e Monte Perdido: Pre\u00e7os e Ofertas","og_description":"Encontre as melhores acomoda\u00e7\u00f5es em Ordesa e Monte Perdido: acampamentos, bangal\u00f4s, hot\u00e9is, casas rurais e albergues. Reserve sua estadia hoje!","og_url":"https:\/\/www.ordesamonteperdido.com\/pt\/acomodacoes\/","og_site_name":"Ordesa y Monte Perdido","article_modified_time":"2024-08-31T07:42:49+00:00","twitter_card":"summary_large_image","twitter_misc":{"Tiempo de lectura":"1 minuto"},"schema":{"@context":"https:\/\/schema.org","@graph":[{"@type":"WebPage","@id":"https:\/\/www.ordesamonteperdido.com\/pt\/acomodacoes\/","url":"https:\/\/www.ordesamonteperdido.com\/pt\/acomodacoes\/","name":"Melhores Acomoda\u00e7\u00f5es em Ordesa e Monte Perdido: Pre\u00e7os e Ofertas","isPartOf":{"@id":"https:\/\/www.ordesamonteperdido.com\/pt\/#website"},"datePublished":"2024-08-29T06:00:11+00:00","dateModified":"2024-08-31T07:42:49+00:00","description":"Encontre as melhores acomoda\u00e7\u00f5es em Ordesa e Monte Perdido: acampamentos, bangal\u00f4s, hot\u00e9is, casas rurais e albergues. Reserve sua estadia hoje!","breadcrumb":{"@id":"https:\/\/www.ordesamonteperdido.com\/pt\/acomodacoes\/#breadcrumb"},"inLanguage":"pt","potentialAction":[{"@type":"ReadAction","target":["https:\/\/www.ordesamonteperdido.com\/pt\/acomodacoes\/"]}]},{"@type":"BreadcrumbList","@id":"https:\/\/www.ordesamonteperdido.com\/pt\/acomodacoes\/#breadcrumb","itemListElement":[{"@type":"ListItem","position":1,"name":"In\u00edcio","item":"https:\/\/www.ordesamonteperdido.com\/pt\/"},{"@type":"ListItem","position":2,"name":"Descubra as Melhores Acomoda\u00e7\u00f5es em Ordesa y Monte Perdido"}]},{"@type":"WebSite","@id":"https:\/\/www.ordesamonteperdido.com\/pt\/#website","url":"https:\/\/www.ordesamonteperdido.com\/pt\/","name":"Ordesa y Monte Perdido","description":"Parque Nacional de Ordesa y Monte Perdido: turismo, alojamento, trilhas e guias","publisher":{"@id":"https:\/\/www.ordesamonteperdido.com\/pt\/#organization"},"potentialAction":[{"@type":"SearchAction","target":{"@type":"EntryPoint","urlTemplate":"https:\/\/www.ordesamonteperdido.com\/pt\/?s={search_term_string}"},"query-input":"required name=search_term_string"}],"inLanguage":"pt"},{"@type":"Organization","@id":"https:\/\/www.ordesamonteperdido.com\/pt\/#organization","name":"Ordesa y Monte Perdido","url":"https:\/\/www.ordesamonteperdido.com\/pt\/","logo":{"@type":"ImageObject","inLanguage":"pt","@id":"https:\/\/www.ordesamonteperdido.com\/pt\/#\/schema\/logo\/image\/","url":"https:\/\/www.ordesamonteperdido.com\/pt\/wp-content\/uploads\/ordesa-and-monteperdido-logo.png","contentUrl":"https:\/\/www.ordesamonteperdido.com\/pt\/wp-content\/uploads\/ordesa-and-monteperdido-logo.png","width":567,"height":69,"caption":"Ordesa y Monte Perdido"},"image":{"@id":"https:\/\/www.ordesamonteperdido.com\/pt\/#\/schema\/logo\/image\/"}}]}},"_links":{"self":[{"href":"https:\/\/www.ordesamonteperdido.com\/pt\/wp-json\/wp\/v2\/pages\/957"}],"collection":[{"href":"https:\/\/www.ordesamonteperdido.com\/pt\/wp-json\/wp\/v2\/pages"}],"about":[{"href":"https:\/\/www.ordesamonteperdido.com\/pt\/wp-json\/wp\/v2\/types\/page"}],"author":[{"embeddable":true,"href":"https:\/\/www.ordesamonteperdido.com\/pt\/wp-json\/wp\/v2\/users\/2"}],"replies":[{"embeddable":true,"href":"https:\/\/www.ordesamonteperdido.com\/pt\/wp-json\/wp\/v2\/comments?post=957"}],"version-history":[{"count":0,"href":"https:\/\/www.ordesamonteperdido.com\/pt\/wp-json\/wp\/v2\/pages\/957\/revisions"}],"wp:attachment":[{"href":"https:\/\/www.ordesamonteperdido.com\/pt\/wp-json\/wp\/v2\/media?parent=957"}],"curies":[{"name":"wp","href":"https:\/\/api.w.org\/{rel}","templated":true}]}}