{"id":999,"date":"2024-08-29T08:00:25","date_gmt":"2024-08-29T06:00:25","guid":{"rendered":"https:\/\/www.ordesamonteperdido.com\/pt\/?page_id=999"},"modified":"2024-08-31T09:36:28","modified_gmt":"2024-08-31T07:36:28","slug":"monte-perdido","status":"publish","type":"page","link":"https:\/\/www.ordesamonteperdido.com\/pt\/monte-perdido\/","title":{"rendered":"Monte Perdido: O Maior Maci\u00e7o de Calc\u00e1rio da Europa em Huesca e Ordesa, Espanha"},"content":{"rendered":"<div id=\"toc_container\" class=\"toc_white no_bullets\"><p class=\"toc_title\">Conte&uacute;do<\/p><ul class=\"toc_list\"><li><a href=\"#localizacao-e-descricao\"><span class=\"toc_number toc_depth_1\">1<\/span> Localiza\u00e7\u00e3o e Descri\u00e7\u00e3o<\/a><\/li><li><a href=\"#vales-e-geleiras\"><span class=\"toc_number toc_depth_1\">2<\/span> Vales e Geleiras<\/a><\/li><li><a href=\"#flora-e-vegetacao\"><span class=\"toc_number toc_depth_1\">3<\/span> Flora e Vegeta\u00e7\u00e3o<\/a><\/li><li><a href=\"#patrimonio-mundial\"><span class=\"toc_number toc_depth_1\">4<\/span> Patrim\u00f4nio Mundial<\/a><\/li><li><a href=\"#exploracoes-e-montanhismo\"><span class=\"toc_number toc_depth_1\">5<\/span> Explora\u00e7\u00f5es e Montanhismo<\/a><\/li><li><a href=\"#geologia-e-paisagens-unicas\"><span class=\"toc_number toc_depth_1\">6<\/span> Geologia e Paisagens \u00danicas<\/a><\/li><li><a href=\"#a-geleira-de-monte-perdido-um-gigante-em-retracao\"><span class=\"toc_number toc_depth_1\">7<\/span> A Geleira de Monte Perdido: Um Gigante em Retra\u00e7\u00e3o<\/a><\/li><\/ul><\/div>\n\n<h2><span id=\"localizacao-e-descricao\">Localiza\u00e7\u00e3o e Descri\u00e7\u00e3o<\/span><\/h2>\n<p>O <strong>Monte Perdido<\/strong>, tamb\u00e9m conhecido como <em>Las Tres Sorores<\/em> ou <em>As Tres Serols<\/em>, est\u00e1 localizado na vertente sul dos Pirineus centrais, ao norte da prov\u00edncia de Huesca, no <a href=\"https:\/\/www.ordesamonteperdido.com\/pt\/parque-nacional\/\">Parque Nacional de Ordesa y Monte Perdido<\/a>, na comunidade aut\u00f4noma de Arag\u00e3o, Espanha. Seu pico mais elevado atinge 3.355 metros acima do n\u00edvel do mar, tornando-se o maci\u00e7o calc\u00e1rio mais alto da Europa.<\/p>\n<p><a href=\"https:\/\/www.ordesamonteperdido.com\/pt\/wp-content\/uploads\/monte-perdido-ordesa-huesca.jpg\"><img decoding=\"async\" class=\"aligncenter wp-image-4372 size-full\" src=\"https:\/\/www.ordesamonteperdido.com\/pt\/wp-content\/uploads\/monte-perdido-ordesa-huesca.jpg\" alt=\"Monte Perdido, Ordesa, Huesca, Espanha\" width=\"1200\" height=\"621\" srcset=\"https:\/\/www.ordesamonteperdido.com\/pt\/wp-content\/uploads\/monte-perdido-ordesa-huesca.jpg 1200w, https:\/\/www.ordesamonteperdido.com\/pt\/wp-content\/uploads\/monte-perdido-ordesa-huesca-336x174.jpg 336w, https:\/\/www.ordesamonteperdido.com\/pt\/wp-content\/uploads\/monte-perdido-ordesa-huesca-1024x530.jpg 1024w, https:\/\/www.ordesamonteperdido.com\/pt\/wp-content\/uploads\/monte-perdido-ordesa-huesca-768x397.jpg 768w\" sizes=\"(max-width: 1200px) 100vw, 1200px\" \/><\/a><\/p>\n<h2><span id=\"vales-e-geleiras\">Vales e Geleiras<\/span><\/h2>\n<p>O maci\u00e7o do Monte Perdido faz parte do Parque Nacional de Ordesa y Monte Perdido, que inclui quatro vales de grande beleza: Ordesa, A\u00f1isclo, Escua\u00edn e Pineta. Na face norte do Monte Perdido, encontra-se uma das poucas geleiras restantes nos Pirineus, embora esteja em constante retra\u00e7\u00e3o.<\/p>\n<h2><span id=\"flora-e-vegetacao\">Flora e Vegeta\u00e7\u00e3o<\/span><\/h2>\n<p>A flora no Monte Perdido \u00e9 muito \u00fanica devido \u00e0 sua altitude e condi\u00e7\u00f5es geol\u00f3gicas. Das aproximadamente 3.500 esp\u00e9cies de plantas vasculares encontradas nos Pirineus, apenas cerca de 150 s\u00e3o capazes de ultrapassar a marca dos 3.000 metros, e dessas, 95 foram localizadas nos 34 \"tr\u00eas-miles\" do maci\u00e7o do Monte Perdido e seus arredores.<\/p>\n<h2><span id=\"patrimonio-mundial\">Patrim\u00f4nio Mundial<\/span><\/h2>\n<p>Desde 1997, o local \"Pyr\u00e9n\u00e9es &#8211; Mont Perdu\" foi reconhecido como Patrim\u00f4nio Mundial pela UNESCO. A \u00e1rea protegida abrange territ\u00f3rios tanto na Espanha quanto na Fran\u00e7a e reflete um modo de vida agr\u00edcola que outrora foi comum em regi\u00f5es de alta altitude da Europa, mas agora s\u00f3 sobrevive nesta parte dos Pirineus.<\/p>\n<h2><span id=\"exploracoes-e-montanhismo\">Explora\u00e7\u00f5es e Montanhismo<\/span><\/h2>\n<p>Ramond de Carboni\u00e8res foi um dos primeiros a estudar os Pirineus e o Monte Perdido. Entre os montanhistas, o Monte Perdido \u00e9 altamente popular porque \u00e9 um \"tr\u00eas-miles\" relativamente f\u00e1cil de enfrentar. A rota normal de ascens\u00e3o \u00e9 feita atrav\u00e9s do ref\u00fagio G\u00f3riz (2.160 m) e do corredor \"la escupidera\".<\/p>\n<h2><span id=\"geologia-e-paisagens-unicas\">Geologia e Paisagens \u00danicas<\/span><\/h2>\n<p>O Monte Perdido exibe caracter\u00edsticas geol\u00f3gicas excepcionais e paisagens deslumbrantes, incluindo pontos not\u00e1veis como a Brecha de Rold\u00e1n, planaltos c\u00e1rsticos e cavernas congeladas como a caverna de Casteret. \u00c9 um ambiente ideal para descobrir e experimentar o poder e a beleza da natureza em sua forma mais pura.<\/p>\n<h2><span id=\"a-geleira-de-monte-perdido-um-gigante-em-retracao\">A Geleira de Monte Perdido: Um Gigante em Retra\u00e7\u00e3o<\/span><\/h2>\n<p>A <strong>Geleira de Monte Perdido<\/strong> \u00e9 a quarta maior geleira dos Pirineus, depois das geleiras de Aneto, Maladeta e Ossoue. \u00c9 uma pequena geleira de montanha suspensa em uma encosta \u00edngreme entre 2.700 e 3.250 metros de altitude na face norte do Monte Perdido. Como o restante das geleiras dos Pirineus, esta geleira est\u00e1 em retra\u00e7\u00e3o h\u00e1 dois s\u00e9culos. Durante o s\u00e9culo XX, a parte inferior da geleira foi subindo em altitude, e na d\u00e9cada de 1930, j\u00e1 era percept\u00edvel a diminui\u00e7\u00e3o da cascata de gelo que conectava as por\u00e7\u00f5es superior e inferior da geleira. Em 1973, a cascata de gelo derreteu completamente, separando as duas massas de gelo.<\/p>\n","protected":false},"excerpt":{"rendered":"<p>Localiza\u00e7\u00e3o e Descri\u00e7\u00e3o O Monte Perdido, tamb\u00e9m conhecido como Las Tres Sorores ou As Tres Serols, est\u00e1 localizado na vertente sul dos Pirineus centrais, ao norte da prov\u00edncia de Huesca, no Parque Nacional de&#46;&#46;&#46;<\/p>\n","protected":false},"author":2,"featured_media":4372,"parent":0,"menu_order":0,"comment_status":"closed","ping_status":"closed","template":"","meta":{"footnotes":""},"yoast_head":"<!-- This site is optimized with the Yoast SEO plugin v20.1 - https:\/\/yoast.com\/wordpress\/plugins\/seo\/ -->\n<title>Monte Perdido: O Maior Maci\u00e7o de Calc\u00e1rio da Europa em Huesca e Ordesa, Espanha<\/title>\n<meta name=\"description\" content=\"Monte Perdido em Huesca e Ordesa nos Piren\u00e9us, seu glaciar, localiza\u00e7\u00e3o geogr\u00e1fica, caracter\u00edsticas e o desafio enfrentado devido ao recuo do glaciar.\" \/>\n<meta name=\"robots\" content=\"index, follow, max-snippet:-1, max-image-preview:large, max-video-preview:-1\" \/>\n<link rel=\"canonical\" href=\"https:\/\/www.ordesamonteperdido.com\/pt\/monte-perdido\/\" \/>\n<meta property=\"og:locale\" content=\"pt_PT\" \/>\n<meta property=\"og:type\" content=\"article\" \/>\n<meta property=\"og:title\" content=\"Monte Perdido: O Maior Maci\u00e7o de Calc\u00e1rio da Europa em Huesca e Ordesa, Espanha\" \/>\n<meta property=\"og:description\" content=\"Monte Perdido em Huesca e Ordesa nos Piren\u00e9us, seu glaciar, localiza\u00e7\u00e3o geogr\u00e1fica, caracter\u00edsticas e o desafio enfrentado devido ao recuo do glaciar.\" \/>\n<meta property=\"og:url\" content=\"https:\/\/www.ordesamonteperdido.com\/pt\/monte-perdido\/\" \/>\n<meta property=\"og:site_name\" content=\"Ordesa y Monte Perdido\" \/>\n<meta property=\"article:modified_time\" content=\"2024-08-31T07:36:28+00:00\" \/>\n<meta property=\"og:image\" content=\"https:\/\/www.ordesamonteperdido.com\/pt\/wp-content\/uploads\/monte-perdido-ordesa-huesca.jpg\" \/>\n\t<meta property=\"og:image:width\" content=\"1200\" \/>\n\t<meta property=\"og:image:height\" content=\"621\" \/>\n\t<meta property=\"og:image:type\" content=\"image\/jpeg\" \/>\n<meta name=\"twitter:card\" content=\"summary_large_image\" \/>\n<meta name=\"twitter:label1\" content=\"Tiempo de lectura\" \/>\n\t<meta name=\"twitter:data1\" content=\"3 minutos\" \/>\n<script type=\"application\/ld+json\" class=\"yoast-schema-graph\">{\"@context\":\"https:\/\/schema.org\",\"@graph\":[{\"@type\":\"WebPage\",\"@id\":\"https:\/\/www.ordesamonteperdido.com\/pt\/monte-perdido\/\",\"url\":\"https:\/\/www.ordesamonteperdido.com\/pt\/monte-perdido\/\",\"name\":\"Monte Perdido: O Maior Maci\u00e7o de Calc\u00e1rio da Europa em Huesca e Ordesa, Espanha\",\"isPartOf\":{\"@id\":\"https:\/\/www.ordesamonteperdido.com\/pt\/#website\"},\"datePublished\":\"2024-08-29T06:00:25+00:00\",\"dateModified\":\"2024-08-31T07:36:28+00:00\",\"description\":\"Monte Perdido em Huesca e Ordesa nos Piren\u00e9us, seu glaciar, localiza\u00e7\u00e3o geogr\u00e1fica, caracter\u00edsticas e o desafio enfrentado devido ao recuo do glaciar.\",\"breadcrumb\":{\"@id\":\"https:\/\/www.ordesamonteperdido.com\/pt\/monte-perdido\/#breadcrumb\"},\"inLanguage\":\"pt\",\"potentialAction\":[{\"@type\":\"ReadAction\",\"target\":[\"https:\/\/www.ordesamonteperdido.com\/pt\/monte-perdido\/\"]}]},{\"@type\":\"BreadcrumbList\",\"@id\":\"https:\/\/www.ordesamonteperdido.com\/pt\/monte-perdido\/#breadcrumb\",\"itemListElement\":[{\"@type\":\"ListItem\",\"position\":1,\"name\":\"In\u00edcio\",\"item\":\"https:\/\/www.ordesamonteperdido.com\/pt\/\"},{\"@type\":\"ListItem\",\"position\":2,\"name\":\"Monte Perdido: O Maior Maci\u00e7o de Calc\u00e1rio da Europa em Huesca e Ordesa, Espanha\"}]},{\"@type\":\"WebSite\",\"@id\":\"https:\/\/www.ordesamonteperdido.com\/pt\/#website\",\"url\":\"https:\/\/www.ordesamonteperdido.com\/pt\/\",\"name\":\"Ordesa y Monte Perdido\",\"description\":\"Parque Nacional de Ordesa y Monte Perdido: turismo, alojamento, trilhas e guias\",\"publisher\":{\"@id\":\"https:\/\/www.ordesamonteperdido.com\/pt\/#organization\"},\"potentialAction\":[{\"@type\":\"SearchAction\",\"target\":{\"@type\":\"EntryPoint\",\"urlTemplate\":\"https:\/\/www.ordesamonteperdido.com\/pt\/?s={search_term_string}\"},\"query-input\":\"required name=search_term_string\"}],\"inLanguage\":\"pt\"},{\"@type\":\"Organization\",\"@id\":\"https:\/\/www.ordesamonteperdido.com\/pt\/#organization\",\"name\":\"Ordesa y Monte Perdido\",\"url\":\"https:\/\/www.ordesamonteperdido.com\/pt\/\",\"logo\":{\"@type\":\"ImageObject\",\"inLanguage\":\"pt\",\"@id\":\"https:\/\/www.ordesamonteperdido.com\/pt\/#\/schema\/logo\/image\/\",\"url\":\"https:\/\/www.ordesamonteperdido.com\/pt\/wp-content\/uploads\/ordesa-and-monteperdido-logo.png\",\"contentUrl\":\"https:\/\/www.ordesamonteperdido.com\/pt\/wp-content\/uploads\/ordesa-and-monteperdido-logo.png\",\"width\":567,\"height\":69,\"caption\":\"Ordesa y Monte Perdido\"},\"image\":{\"@id\":\"https:\/\/www.ordesamonteperdido.com\/pt\/#\/schema\/logo\/image\/\"}}]}<\/script>\n<!-- \/ Yoast SEO plugin. -->","yoast_head_json":{"title":"Monte Perdido: O Maior Maci\u00e7o de Calc\u00e1rio da Europa em Huesca e Ordesa, Espanha","description":"Monte Perdido em Huesca e Ordesa nos Piren\u00e9us, seu glaciar, localiza\u00e7\u00e3o geogr\u00e1fica, caracter\u00edsticas e o desafio enfrentado devido ao recuo do glaciar.","robots":{"index":"index","follow":"follow","max-snippet":"max-snippet:-1","max-image-preview":"max-image-preview:large","max-video-preview":"max-video-preview:-1"},"canonical":"https:\/\/www.ordesamonteperdido.com\/pt\/monte-perdido\/","og_locale":"pt_PT","og_type":"article","og_title":"Monte Perdido: O Maior Maci\u00e7o de Calc\u00e1rio da Europa em Huesca e Ordesa, Espanha","og_description":"Monte Perdido em Huesca e Ordesa nos Piren\u00e9us, seu glaciar, localiza\u00e7\u00e3o geogr\u00e1fica, caracter\u00edsticas e o desafio enfrentado devido ao recuo do glaciar.","og_url":"https:\/\/www.ordesamonteperdido.com\/pt\/monte-perdido\/","og_site_name":"Ordesa y Monte Perdido","article_modified_time":"2024-08-31T07:36:28+00:00","og_image":[{"width":1200,"height":621,"url":"https:\/\/www.ordesamonteperdido.com\/pt\/wp-content\/uploads\/monte-perdido-ordesa-huesca.jpg","type":"image\/jpeg"}],"twitter_card":"summary_large_image","twitter_misc":{"Tiempo de lectura":"3 minutos"},"schema":{"@context":"https:\/\/schema.org","@graph":[{"@type":"WebPage","@id":"https:\/\/www.ordesamonteperdido.com\/pt\/monte-perdido\/","url":"https:\/\/www.ordesamonteperdido.com\/pt\/monte-perdido\/","name":"Monte Perdido: O Maior Maci\u00e7o de Calc\u00e1rio da Europa em Huesca e Ordesa, Espanha","isPartOf":{"@id":"https:\/\/www.ordesamonteperdido.com\/pt\/#website"},"datePublished":"2024-08-29T06:00:25+00:00","dateModified":"2024-08-31T07:36:28+00:00","description":"Monte Perdido em Huesca e Ordesa nos Piren\u00e9us, seu glaciar, localiza\u00e7\u00e3o geogr\u00e1fica, caracter\u00edsticas e o desafio enfrentado devido ao recuo do glaciar.","breadcrumb":{"@id":"https:\/\/www.ordesamonteperdido.com\/pt\/monte-perdido\/#breadcrumb"},"inLanguage":"pt","potentialAction":[{"@type":"ReadAction","target":["https:\/\/www.ordesamonteperdido.com\/pt\/monte-perdido\/"]}]},{"@type":"BreadcrumbList","@id":"https:\/\/www.ordesamonteperdido.com\/pt\/monte-perdido\/#breadcrumb","itemListElement":[{"@type":"ListItem","position":1,"name":"In\u00edcio","item":"https:\/\/www.ordesamonteperdido.com\/pt\/"},{"@type":"ListItem","position":2,"name":"Monte Perdido: O Maior Maci\u00e7o de Calc\u00e1rio da Europa em Huesca e Ordesa, Espanha"}]},{"@type":"WebSite","@id":"https:\/\/www.ordesamonteperdido.com\/pt\/#website","url":"https:\/\/www.ordesamonteperdido.com\/pt\/","name":"Ordesa y Monte Perdido","description":"Parque Nacional de Ordesa y Monte Perdido: turismo, alojamento, trilhas e guias","publisher":{"@id":"https:\/\/www.ordesamonteperdido.com\/pt\/#organization"},"potentialAction":[{"@type":"SearchAction","target":{"@type":"EntryPoint","urlTemplate":"https:\/\/www.ordesamonteperdido.com\/pt\/?s={search_term_string}"},"query-input":"required name=search_term_string"}],"inLanguage":"pt"},{"@type":"Organization","@id":"https:\/\/www.ordesamonteperdido.com\/pt\/#organization","name":"Ordesa y Monte Perdido","url":"https:\/\/www.ordesamonteperdido.com\/pt\/","logo":{"@type":"ImageObject","inLanguage":"pt","@id":"https:\/\/www.ordesamonteperdido.com\/pt\/#\/schema\/logo\/image\/","url":"https:\/\/www.ordesamonteperdido.com\/pt\/wp-content\/uploads\/ordesa-and-monteperdido-logo.png","contentUrl":"https:\/\/www.ordesamonteperdido.com\/pt\/wp-content\/uploads\/ordesa-and-monteperdido-logo.png","width":567,"height":69,"caption":"Ordesa y Monte Perdido"},"image":{"@id":"https:\/\/www.ordesamonteperdido.com\/pt\/#\/schema\/logo\/image\/"}}]}},"_links":{"self":[{"href":"https:\/\/www.ordesamonteperdido.com\/pt\/wp-json\/wp\/v2\/pages\/999"}],"collection":[{"href":"https:\/\/www.ordesamonteperdido.com\/pt\/wp-json\/wp\/v2\/pages"}],"about":[{"href":"https:\/\/www.ordesamonteperdido.com\/pt\/wp-json\/wp\/v2\/types\/page"}],"author":[{"embeddable":true,"href":"https:\/\/www.ordesamonteperdido.com\/pt\/wp-json\/wp\/v2\/users\/2"}],"replies":[{"embeddable":true,"href":"https:\/\/www.ordesamonteperdido.com\/pt\/wp-json\/wp\/v2\/comments?post=999"}],"version-history":[{"count":0,"href":"https:\/\/www.ordesamonteperdido.com\/pt\/wp-json\/wp\/v2\/pages\/999\/revisions"}],"wp:featuredmedia":[{"embeddable":true,"href":"https:\/\/www.ordesamonteperdido.com\/pt\/wp-json\/wp\/v2\/media\/4372"}],"wp:attachment":[{"href":"https:\/\/www.ordesamonteperdido.com\/pt\/wp-json\/wp\/v2\/media?parent=999"}],"curies":[{"name":"wp","href":"https:\/\/api.w.org\/{rel}","templated":true}]}}